{"id":26712,"date":"2024-09-16T19:40:33","date_gmt":"2024-09-16T17:40:33","guid":{"rendered":"http:\/\/gvshalph.pro-linuxpl.com\/ironskyprodukty\/produkt\/zestaw-studyjny-neewer-660-bi-color-led-dwie-lampy-40w-3200-5600k-statywy-wrota\/"},"modified":"2026-03-05T15:52:38","modified_gmt":"2026-03-05T14:52:38","slug":"zestaw-studyjny-neewer-660-bi-color-led-dwie-lampy-40w-3200-5600k-statywy-wrota","status":"publish","type":"product","link":"https:\/\/ironsky.pl\/sklep\/produkt\/zestaw-studyjny-neewer-660-bi-color-led-dwie-lampy-40w-3200-5600k-statywy-wrota\/","title":{"rendered":"Zestaw studyjny Neewer 660 Bi Color LED, dwie lampy 40W 3200-5600K + statywy + wrota"},"content":{"rendered":"<h3>Zestaw studyjny Neewer 660 Bi Color LED, dwie lampy 40W 3200-5600K + statywy + wrota<\/h3>\n<p>Zestaw studyjny Neewer 660 Bi Color LED to wysokiej jako\u015bci rozwi\u0105zanie o\u015bwietleniowe dla filmowc\u00f3w, fotograf\u00f3w oraz tw\u00f3rc\u00f3w tre\u015bci na YouTube czy streamer\u00f3w. Zawiera dwie lampy \u2013 ka\u017cda z nich wyposa\u017cona jest w 660 diod LED, oferuj\u0105c moc do 40W i maksymaln\u0105 jasno\u015b\u0107 3300 luks\u00f3w. Mo\u017cesz te\u017c regulowa\u0107 nat\u0119\u017cenie \u015bwiat\u0142a i jego temperatur\u0119 barwow\u0105. Co wi\u0119cej, dzi\u0119ki wysokiemu wska\u017anikowi CRI na poziomie 96+ zestaw zapewnia autentyczne odwzorowanie kolor\u00f3w, co jest kluczowe w profesjonalnej produkcji wizualnej.<\/p>\n<p><img decoding=\"async\" src=\"https:\/\/assets.innpro.pl\/5643\/6642\/5.jpg\" border=\"0\" alt=\"\"><\/p>\n<h3>Precyzyjna kontrola nad \u015bwiat\u0142em<\/h3>\n<p>Dostosuj o\u015bwietlenie do swoich potrzeb i uzyskaj fantastyczne efekty wizualne. Lampy pozwalaj\u0105 regulowa\u0107 temperatur\u0119 barwow\u0105 \u015bwiat\u0142a w zakresie od 3200K do 5600K oraz jego jasno\u015b\u0107 \u2013 od 0% do 100%. Nie musisz te\u017c obawia\u0107 si\u0119 uci\u0105\u017cliwego migotania. W zestawie znajdziesz tak\u017ce wysokiej klasy dyfuzory, kt\u00f3re \u015bwietnie sprawdz\u0105 si\u0119 na przyk\u0142ad w fotografii portretowej.<\/p>\n<p><img decoding=\"async\" src=\"https:\/\/assets.innpro.pl\/5643\/6642\/2.jpg\" border=\"0\" alt=\"\"><\/p>\n<h3>Wysoka jako\u015b\u0107 wykonania i wszechstronne zastosowanie<\/h3>\n<p>Lampy wykonane s\u0105 z wytrzyma\u0142ego aluminium, co zapewnia im nie tylko solidno\u015b\u0107, ale te\u017c efektywne rozpraszanie ciep\u0142a. Zapomnij o konieczno\u015bci stosowania g\u0142o\u015bnych wentylator\u00f3w! Co wi\u0119cej, metalowe wrota umo\u017cliwiaj\u0105 kszta\u0142towanie wi\u0105zki \u015bwiat\u0142a i kontrol\u0119 nad jego rozprzestrzenianiem, a uchwyt w kszta\u0142cie litery U pozwala obraca\u0107 panel \u015bwietlny o 360\u00b0, umo\u017cliwiaj\u0105c ustawienie po\u017c\u0105danego k\u0105ta o\u015bwietlenia. Uwaga: gdy wrota s\u0105 zamontowane, obr\u00f3t o 360\u00b0 nie jest mo\u017cliwy.<\/p>\n<p><img decoding=\"async\" src=\"https:\/\/assets.innpro.pl\/5643\/6642\/3.jpg\" border=\"0\" alt=\"\"><\/p>\n<h3>Zasilanie na dwa sposoby i czytelny wy\u015bwietlacz<\/h3>\n<p>Zestaw mo\u017cna zasila\u0107 za pomoc\u0105 do\u0142\u0105czonego do opakowania adaptera sieciowego lub, je\u015bli zale\u017cy Ci na wi\u0119kszej mobilno\u015bci, przy u\u017cyciu akumulator\u00f3w Li-ion NP-F550 lub NP-F970 (brak w zestawie). Na uwag\u0119 zas\u0142uguje tak\u017ce ekran LCD o wysokiej rozdzielczo\u015bci, kt\u00f3ry u\u0142atwia monitorowanie ustawie\u0144 jasno\u015bci, temperatury barwowej oraz poziomu na\u0142adowania.<\/p>\n<p><img decoding=\"async\" src=\"https:\/\/assets.innpro.pl\/5643\/6642\/6.jpg\" border=\"0\" alt=\"\"><\/p>\n<h3>Stabilne i regulowane statywy<\/h3>\n<p>Do\u0142\u0105czone do zestawu statywy s\u0105 wykonane ze stopu aluminium i mog\u0105 by\u0107 rozk\u0142adane na d\u0142ugo\u015b\u0107 od 66 cm do 190 cm. Dzi\u0119ki temu zyskujesz wi\u0119ksz\u0105 elastyczno\u015b\u0107 i mo\u017cesz swobodnie dostosowywa\u0107 o\u015bwietlenie do swoich potrzeb. Ponadto specjalne blokady umo\u017cliwiaj\u0105 szybk\u0105 i bezpieczn\u0105 regulacj\u0119 wysoko\u015bci, zapewniaj\u0105c stabilno\u015b\u0107 nawet przy pe\u0142nym roz\u0142o\u017ceniu.<\/p>\n<p><img decoding=\"async\" src=\"https:\/\/assets.innpro.pl\/5643\/6642\/8.jpg\" border=\"0\" alt=\"\"><\/p>\n<h3>W zestawie<\/h3>\n<ul>\n<li>2x lampa Bi Color LED<\/li>\n<li>2x dyfuzor<\/li>\n<li>2x adapter zasilania<\/li>\n<li>2x kabel zasilaj\u0105cy<\/li>\n<li>2x statyw<\/li>\n<\/ul>\n<div class=\"table-wrapper\">\n<p>&nbsp;<\/p>\n<h3><\/h3>\n<table>\n<tbody>\n<tr>\n<th>Producent<\/th>\n<td>Neewer<\/td>\n<\/tr>\n<tr>\n<th>Model<\/th>\n<td>B073XJN7XL<\/td>\n<\/tr>\n<tr>\n<th>Liczba diod LED<\/th>\n<td>660 (330 ciep\u0142e \u015bwiat\u0142o, 330 zimne \u015bwiat\u0142o)<\/td>\n<\/tr>\n<tr>\n<th>Moc<\/th>\n<td>Do 40 W<\/td>\n<\/tr>\n<tr>\n<th>Temperatura barwowa<\/th>\n<td>3200-5600K<\/td>\n<\/tr>\n<tr>\n<th>Maks. jasno\u015b\u0107<\/th>\n<td>3300 luks\u00f3w \/ 1 m<\/td>\n<\/tr>\n<tr>\n<th>\u0179r\u00f3d\u0142o zasilania<\/th>\n<td>Adapter zasilania (w zestawie) lub akumulator Li-ion NP-F550 \/ NP-F970 (brak w zestawie)<\/td>\n<\/tr>\n<tr>\n<th>Napi\u0119cie<\/th>\n<td>DC 12 V<\/td>\n<\/tr>\n<tr>\n<th>Napi\u0119cie wej\u015bciowe<\/th>\n<td>100-240 V<\/td>\n<\/tr>\n<tr>\n<th>Pr\u0105d wyj\u015bciowy akumulatora<\/th>\n<td>DC 14,8 V<\/td>\n<\/tr>\n<tr>\n<th>Wymiary panelu \u015bwietlnego<\/th>\n<td>23,2 x 20 x 4,8 cm<\/td>\n<\/tr>\n<\/tbody>\n<\/table>\n<\/div>\n","protected":false},"excerpt":{"rendered":"<p>Zestaw studyjny Neewer 660 Bi Color LED, dwie lampy 40W 3200-5600K + statywy + wrota Zestaw studyjny Neewer 660 Bi<\/p>\n","protected":false},"featured_media":26713,"comment_status":"closed","ping_status":"open","template":"","meta":{"_acf_changed":false},"product_brand":[],"product_cat":[1128,1144],"product_tag":[],"class_list":{"0":"post-26712","1":"product","2":"type-product","3":"status-publish","4":"has-post-thumbnail","6":"product_cat-foto-wideo","7":"product_cat-zestawy-foto-wideo","8":"pa_box-height-4919","9":"pa_box-length-4069","10":"pa_box-width-1590","11":"pa_gross-weight-4920","12":"pa_net-weight-3236","14":"first","15":"outofstock","16":"taxable","17":"shipping-taxable","18":"purchasable","19":"product-type-simple"},"acf":[],"yoast_head":"<!-- This site is optimized with the Yoast SEO plugin v27.2 - https:\/\/yoast.com\/product\/yoast-seo-wordpress\/ -->\n<title>Zestaw studyjny Neewer 660 Bi Color LED, dwie lampy 40W 3200-5600K + statywy + wrota - IRONSKY.PL Sklep z Dronami<\/title>\n<meta name=\"description\" content=\"Zestaw studyjny Neewer 660 Bi Color LED, dwie lampy 40W 3200-5600K + statywy + wrota - \u2705 sklep z dronami i fachowym doradztwem. \u2705 Tutaj kupisz produkty DJI, Yuneec, Parrot, Syma i wiele innych, a tak\u017ce kursy i licencje na operatora drona.\" \/>\n<meta name=\"robots\" content=\"index, follow, max-snippet:-1, max-image-preview:large, max-video-preview:-1\" \/>\n<link rel=\"canonical\" href=\"https:\/\/ironsky.pl\/sklep\/produkt\/zestaw-studyjny-neewer-660-bi-color-led-dwie-lampy-40w-3200-5600k-statywy-wrota\/\" \/>\n<meta property=\"og:locale\" content=\"pl_PL\" \/>\n<meta property=\"og:type\" content=\"article\" \/>\n<meta property=\"og:title\" content=\"Zestaw studyjny Neewer 660 Bi Color LED, dwie lampy 40W 3200-5600K + statywy + wrota - IRONSKY.PL Sklep z Dronami\" \/>\n<meta property=\"og:description\" content=\"Zestaw studyjny Neewer 660 Bi Color LED, dwie lampy 40W 3200-5600K + statywy + wrota - \u2705 sklep z dronami i fachowym doradztwem. \u2705 Tutaj kupisz produkty DJI, Yuneec, Parrot, Syma i wiele innych, a tak\u017ce kursy i licencje na operatora drona.\" \/>\n<meta property=\"og:url\" content=\"https:\/\/ironsky.pl\/sklep\/produkt\/zestaw-studyjny-neewer-660-bi-color-led-dwie-lampy-40w-3200-5600k-statywy-wrota\/\" \/>\n<meta property=\"og:site_name\" content=\"IRONSKY.PL Sklep z Dronami\" \/>\n<meta property=\"article:modified_time\" content=\"2026-03-05T14:52:38+00:00\" \/>\n<meta property=\"og:image\" content=\"https:\/\/ironsky.pl\/sklep\/wp-content\/uploads\/2024\/09\/42261_2.jpg\" \/>\n\t<meta property=\"og:image:width\" content=\"800\" \/>\n\t<meta property=\"og:image:height\" content=\"800\" \/>\n\t<meta property=\"og:image:type\" content=\"image\/jpeg\" \/>\n<meta name=\"twitter:card\" content=\"summary_large_image\" \/>\n<meta name=\"twitter:label1\" content=\"Szacowany czas czytania\" \/>\n\t<meta name=\"twitter:data1\" content=\"2 minuty\" \/>\n<script type=\"application\/ld+json\" class=\"yoast-schema-graph\">{\"@context\":\"https:\/\/schema.org\",\"@graph\":[{\"@type\":\"WebPage\",\"@id\":\"https:\/\/ironsky.pl\/sklep\/produkt\/zestaw-studyjny-neewer-660-bi-color-led-dwie-lampy-40w-3200-5600k-statywy-wrota\/\",\"url\":\"https:\/\/ironsky.pl\/sklep\/produkt\/zestaw-studyjny-neewer-660-bi-color-led-dwie-lampy-40w-3200-5600k-statywy-wrota\/\",\"name\":\"Zestaw studyjny Neewer 660 Bi Color LED, dwie lampy 40W 3200-5600K + statywy + wrota - IRONSKY.PL Sklep z Dronami\",\"isPartOf\":{\"@id\":\"https:\/\/ironsky.pl\/sklep\/#website\"},\"primaryImageOfPage\":{\"@id\":\"https:\/\/ironsky.pl\/sklep\/produkt\/zestaw-studyjny-neewer-660-bi-color-led-dwie-lampy-40w-3200-5600k-statywy-wrota\/#primaryimage\"},\"image\":{\"@id\":\"https:\/\/ironsky.pl\/sklep\/produkt\/zestaw-studyjny-neewer-660-bi-color-led-dwie-lampy-40w-3200-5600k-statywy-wrota\/#primaryimage\"},\"thumbnailUrl\":\"https:\/\/ironsky.pl\/sklep\/wp-content\/uploads\/2024\/09\/42261_2.jpg\",\"datePublished\":\"2024-09-16T17:40:33+00:00\",\"dateModified\":\"2026-03-05T14:52:38+00:00\",\"description\":\"Zestaw studyjny Neewer 660 Bi Color LED, dwie lampy 40W 3200-5600K + statywy + wrota - \u2705 sklep z dronami i fachowym doradztwem. \u2705 Tutaj kupisz produkty DJI, Yuneec, Parrot, Syma i wiele innych, a tak\u017ce kursy i licencje na operatora drona.\",\"breadcrumb\":{\"@id\":\"https:\/\/ironsky.pl\/sklep\/produkt\/zestaw-studyjny-neewer-660-bi-color-led-dwie-lampy-40w-3200-5600k-statywy-wrota\/#breadcrumb\"},\"inLanguage\":\"pl-PL\",\"potentialAction\":[{\"@type\":\"ReadAction\",\"target\":[\"https:\/\/ironsky.pl\/sklep\/produkt\/zestaw-studyjny-neewer-660-bi-color-led-dwie-lampy-40w-3200-5600k-statywy-wrota\/\"]}]},{\"@type\":\"ImageObject\",\"inLanguage\":\"pl-PL\",\"@id\":\"https:\/\/ironsky.pl\/sklep\/produkt\/zestaw-studyjny-neewer-660-bi-color-led-dwie-lampy-40w-3200-5600k-statywy-wrota\/#primaryimage\",\"url\":\"https:\/\/ironsky.pl\/sklep\/wp-content\/uploads\/2024\/09\/42261_2.jpg\",\"contentUrl\":\"https:\/\/ironsky.pl\/sklep\/wp-content\/uploads\/2024\/09\/42261_2.jpg\",\"width\":800,\"height\":800},{\"@type\":\"BreadcrumbList\",\"@id\":\"https:\/\/ironsky.pl\/sklep\/produkt\/zestaw-studyjny-neewer-660-bi-color-led-dwie-lampy-40w-3200-5600k-statywy-wrota\/#breadcrumb\",\"itemListElement\":[{\"@type\":\"ListItem\",\"position\":1,\"name\":\"Strona g\u0142\u00f3wna\",\"item\":\"https:\/\/ironsky.pl\/sklep\/\"},{\"@type\":\"ListItem\",\"position\":2,\"name\":\"Wszystkie produkty\",\"item\":\"https:\/\/ironsky.pl\/sklep\/sklep\/\"},{\"@type\":\"ListItem\",\"position\":3,\"name\":\"Zestaw studyjny Neewer 660 Bi Color LED, dwie lampy 40W 3200-5600K + statywy + wrota\"}]},{\"@type\":\"WebSite\",\"@id\":\"https:\/\/ironsky.pl\/sklep\/#website\",\"url\":\"https:\/\/ironsky.pl\/sklep\/\",\"name\":\"IRONSKY.PL Sklep z Dronami\",\"description\":\"IRONSKY.PL Sklep z Dronami\",\"potentialAction\":[{\"@type\":\"SearchAction\",\"target\":{\"@type\":\"EntryPoint\",\"urlTemplate\":\"https:\/\/ironsky.pl\/sklep\/?s={search_term_string}\"},\"query-input\":{\"@type\":\"PropertyValueSpecification\",\"valueRequired\":true,\"valueName\":\"search_term_string\"}}],\"inLanguage\":\"pl-PL\"}]}<\/script>\n<!-- \/ Yoast SEO plugin. -->","yoast_head_json":{"title":"Zestaw studyjny Neewer 660 Bi Color LED, dwie lampy 40W 3200-5600K + statywy + wrota - IRONSKY.PL Sklep z Dronami","description":"Zestaw studyjny Neewer 660 Bi Color LED, dwie lampy 40W 3200-5600K + statywy + wrota - \u2705 sklep z dronami i fachowym doradztwem. \u2705 Tutaj kupisz produkty DJI, Yuneec, Parrot, Syma i wiele innych, a tak\u017ce kursy i licencje na operatora drona.","robots":{"index":"index","follow":"follow","max-snippet":"max-snippet:-1","max-image-preview":"max-image-preview:large","max-video-preview":"max-video-preview:-1"},"canonical":"https:\/\/ironsky.pl\/sklep\/produkt\/zestaw-studyjny-neewer-660-bi-color-led-dwie-lampy-40w-3200-5600k-statywy-wrota\/","og_locale":"pl_PL","og_type":"article","og_title":"Zestaw studyjny Neewer 660 Bi Color LED, dwie lampy 40W 3200-5600K + statywy + wrota - IRONSKY.PL Sklep z Dronami","og_description":"Zestaw studyjny Neewer 660 Bi Color LED, dwie lampy 40W 3200-5600K + statywy + wrota - \u2705 sklep z dronami i fachowym doradztwem. \u2705 Tutaj kupisz produkty DJI, Yuneec, Parrot, Syma i wiele innych, a tak\u017ce kursy i licencje na operatora drona.","og_url":"https:\/\/ironsky.pl\/sklep\/produkt\/zestaw-studyjny-neewer-660-bi-color-led-dwie-lampy-40w-3200-5600k-statywy-wrota\/","og_site_name":"IRONSKY.PL Sklep z Dronami","article_modified_time":"2026-03-05T14:52:38+00:00","og_image":[{"width":800,"height":800,"url":"https:\/\/ironsky.pl\/sklep\/wp-content\/uploads\/2024\/09\/42261_2.jpg","type":"image\/jpeg"}],"twitter_card":"summary_large_image","twitter_misc":{"Szacowany czas czytania":"2 minuty"},"schema":{"@context":"https:\/\/schema.org","@graph":[{"@type":"WebPage","@id":"https:\/\/ironsky.pl\/sklep\/produkt\/zestaw-studyjny-neewer-660-bi-color-led-dwie-lampy-40w-3200-5600k-statywy-wrota\/","url":"https:\/\/ironsky.pl\/sklep\/produkt\/zestaw-studyjny-neewer-660-bi-color-led-dwie-lampy-40w-3200-5600k-statywy-wrota\/","name":"Zestaw studyjny Neewer 660 Bi Color LED, dwie lampy 40W 3200-5600K + statywy + wrota - IRONSKY.PL Sklep z Dronami","isPartOf":{"@id":"https:\/\/ironsky.pl\/sklep\/#website"},"primaryImageOfPage":{"@id":"https:\/\/ironsky.pl\/sklep\/produkt\/zestaw-studyjny-neewer-660-bi-color-led-dwie-lampy-40w-3200-5600k-statywy-wrota\/#primaryimage"},"image":{"@id":"https:\/\/ironsky.pl\/sklep\/produkt\/zestaw-studyjny-neewer-660-bi-color-led-dwie-lampy-40w-3200-5600k-statywy-wrota\/#primaryimage"},"thumbnailUrl":"https:\/\/ironsky.pl\/sklep\/wp-content\/uploads\/2024\/09\/42261_2.jpg","datePublished":"2024-09-16T17:40:33+00:00","dateModified":"2026-03-05T14:52:38+00:00","description":"Zestaw studyjny Neewer 660 Bi Color LED, dwie lampy 40W 3200-5600K + statywy + wrota - \u2705 sklep z dronami i fachowym doradztwem. \u2705 Tutaj kupisz produkty DJI, Yuneec, Parrot, Syma i wiele innych, a tak\u017ce kursy i licencje na operatora drona.","breadcrumb":{"@id":"https:\/\/ironsky.pl\/sklep\/produkt\/zestaw-studyjny-neewer-660-bi-color-led-dwie-lampy-40w-3200-5600k-statywy-wrota\/#breadcrumb"},"inLanguage":"pl-PL","potentialAction":[{"@type":"ReadAction","target":["https:\/\/ironsky.pl\/sklep\/produkt\/zestaw-studyjny-neewer-660-bi-color-led-dwie-lampy-40w-3200-5600k-statywy-wrota\/"]}]},{"@type":"ImageObject","inLanguage":"pl-PL","@id":"https:\/\/ironsky.pl\/sklep\/produkt\/zestaw-studyjny-neewer-660-bi-color-led-dwie-lampy-40w-3200-5600k-statywy-wrota\/#primaryimage","url":"https:\/\/ironsky.pl\/sklep\/wp-content\/uploads\/2024\/09\/42261_2.jpg","contentUrl":"https:\/\/ironsky.pl\/sklep\/wp-content\/uploads\/2024\/09\/42261_2.jpg","width":800,"height":800},{"@type":"BreadcrumbList","@id":"https:\/\/ironsky.pl\/sklep\/produkt\/zestaw-studyjny-neewer-660-bi-color-led-dwie-lampy-40w-3200-5600k-statywy-wrota\/#breadcrumb","itemListElement":[{"@type":"ListItem","position":1,"name":"Strona g\u0142\u00f3wna","item":"https:\/\/ironsky.pl\/sklep\/"},{"@type":"ListItem","position":2,"name":"Wszystkie produkty","item":"https:\/\/ironsky.pl\/sklep\/sklep\/"},{"@type":"ListItem","position":3,"name":"Zestaw studyjny Neewer 660 Bi Color LED, dwie lampy 40W 3200-5600K + statywy + wrota"}]},{"@type":"WebSite","@id":"https:\/\/ironsky.pl\/sklep\/#website","url":"https:\/\/ironsky.pl\/sklep\/","name":"IRONSKY.PL Sklep z Dronami","description":"IRONSKY.PL Sklep z Dronami","potentialAction":[{"@type":"SearchAction","target":{"@type":"EntryPoint","urlTemplate":"https:\/\/ironsky.pl\/sklep\/?s={search_term_string}"},"query-input":{"@type":"PropertyValueSpecification","valueRequired":true,"valueName":"search_term_string"}}],"inLanguage":"pl-PL"}]}},"_links":{"self":[{"href":"https:\/\/ironsky.pl\/sklep\/wp-json\/wp\/v2\/product\/26712","targetHints":{"allow":["GET"]}}],"collection":[{"href":"https:\/\/ironsky.pl\/sklep\/wp-json\/wp\/v2\/product"}],"about":[{"href":"https:\/\/ironsky.pl\/sklep\/wp-json\/wp\/v2\/types\/product"}],"replies":[{"embeddable":true,"href":"https:\/\/ironsky.pl\/sklep\/wp-json\/wp\/v2\/comments?post=26712"}],"wp:featuredmedia":[{"embeddable":true,"href":"https:\/\/ironsky.pl\/sklep\/wp-json\/wp\/v2\/media\/26713"}],"wp:attachment":[{"href":"https:\/\/ironsky.pl\/sklep\/wp-json\/wp\/v2\/media?parent=26712"}],"wp:term":[{"taxonomy":"product_brand","embeddable":true,"href":"https:\/\/ironsky.pl\/sklep\/wp-json\/wp\/v2\/product_brand?post=26712"},{"taxonomy":"product_cat","embeddable":true,"href":"https:\/\/ironsky.pl\/sklep\/wp-json\/wp\/v2\/product_cat?post=26712"},{"taxonomy":"product_tag","embeddable":true,"href":"https:\/\/ironsky.pl\/sklep\/wp-json\/wp\/v2\/product_tag?post=26712"}],"curies":[{"name":"wp","href":"https:\/\/api.w.org\/{rel}","templated":true}]}}