{"id":26709,"date":"2024-09-16T19:40:33","date_gmt":"2024-09-16T17:40:33","guid":{"rendered":"http:\/\/gvshalph.pro-linuxpl.com\/ironskyprodukty\/produkt\/lampa-magnetyczna-neewer-tl96rgb-led-rgb-2500-8500k\/"},"modified":"2026-03-05T15:52:38","modified_gmt":"2026-03-05T14:52:38","slug":"lampa-magnetyczna-neewer-tl96rgb-led-rgb-2500-8500k","status":"publish","type":"product","link":"https:\/\/ironsky.pl\/sklep\/produkt\/lampa-magnetyczna-neewer-tl96rgb-led-rgb-2500-8500k\/","title":{"rendered":"Lampa magnetyczna Neewer TL96RGB LED RGB 2500-8500K"},"content":{"rendered":"<h3>Lampa magnetyczna Neewer TL96RGB LED RGB 2500-8500K<\/h3>\n<p>Neewer TL96RGB LED RGB to przeno\u015bna lampa magnetyczna o wymiarach zaledwie 10,8 x 4 x 4,4 cm i wadze 134 g, co czyni j\u0105 idealnym wyborem dla mobilnych tw\u00f3rc\u00f3w contentu. Wyposa\u017cona w 96 diod LED \u2013 oferuje moc 6 W i jasno\u015b\u0107 do 800 luks\u00f3w. Pozwala mi\u0119dzy innymi regulowa\u0107 temperatur\u0119 barwow\u0105 w zakresie od 2500K do 8500K, a dzi\u0119ki wysokiemu wska\u017anikowi CRI 97+ zapewnia precyzyjne odwzorowanie kolor\u00f3w w ka\u017cdych warunkach.<\/p>\n<p><img decoding=\"async\" src=\"https:\/\/assets.innpro.pl\/5628\/6627\/8.jpg\" border=\"0\" alt=\"\"><\/p>\n<h3>Wszechstronne mo\u017cliwo\u015bci monta\u017cu<\/h3>\n<p>Lampa TL96RGB zosta\u0142a zaprojektowana z my\u015bl\u0105 o wielu r\u00f3\u017cnych zastosowaniach. Dzi\u0119ki magnetycznym bokom mo\u017cna j\u0105 \u0142atwo przymocowa\u0107 do metalowych powierzchni. Istnieje r\u00f3wnie\u017c mo\u017cliwo\u015b\u0107 monta\u017cu produktu na statywach lub innych urz\u0105dzeniach za pomoc\u0105 gwintowanych otwor\u00f3w 1\/4&#8243; na obu ko\u0144cach. Wszystko to sprawia, \u017ce lampa \u015bwietnie nadaje si\u0119 do r\u00f3\u017cnych zada\u0144 \u2013 z powodzeniem wykorzystasz j\u0105 mi\u0119dzy innymi podczas nagrywania wideo, prowadzenia transmisji na \u017cywo czy robienia sesji zdj\u0119ciowych.<\/p>\n<p><img decoding=\"async\" src=\"https:\/\/assets.innpro.pl\/5628\/6627\/1.jpg\" border=\"0\" alt=\"\"><\/p>\n<h3>Wiele mo\u017cliwo\u015bci regulacji o\u015bwietlenia<\/h3>\n<p>Neewer TL96RGB oferuje trzy tryby pracy do wyboru: dwubarwny CCT, kolorowy HSI oraz sceny FX. W trybie CCT u\u017cytkownik mo\u017ce p\u0142ynnie zmienia\u0107 temperatur\u0119 barwow\u0105, a tryb HSI umo\u017cliwia dostosowanie odcienia i nasycenia w pe\u0142nym zakresie RGB. Z kolei sceny FX obejmuj\u0105 20 r\u00f3\u017cnych efekt\u00f3w specjalnych, takich jak na przyk\u0142ad B\u0142yskawica, Impreza czy Fajerwerki \u2013 to idealny spos\u00f3b na wykreowanie niepowtarzalnej atmosfery i dodanie nieco kreatywno\u015bci do swoich zdj\u0119\u0107 i film\u00f3w! Jasno\u015b\u0107 \u015bwiat\u0142a mo\u017cna regulowa\u0107 w zakresie 0-100% we wszystkich trzech trybach.<\/p>\n<p><img decoding=\"async\" src=\"https:\/\/assets.innpro.pl\/5628\/6627\/4.jpg\" border=\"0\" alt=\"\"><\/p>\n<h3>Wbudowany akumulator, wygodne \u0142adowanie<\/h3>\n<p>Zintegrowany akumulator o pojemno\u015bci 2500mAh zapewnia do 2 godzin pracy lampy przy maksymalnej jasno\u015bci. Mo\u017cesz wi\u0119c korzysta\u0107 z niej tak d\u0142ugo, jak potrzebujesz! Jej \u0142adowanie przez wbudowany port USB-C potrwa tylko oko\u0142o 1,7 godziny. Dzi\u0119ki temu w mgnieniu oka wr\u00f3cisz do pracy.<\/p>\n<p><img decoding=\"async\" src=\"https:\/\/assets.innpro.pl\/5628\/6627\/3.jpg\" border=\"0\" alt=\"\"><\/p>\n<h3>W zestawie<\/h3>\n<ul>\n<li>Lampa<\/li>\n<li>Kabel USB<\/li>\n<li>Instrukcja obs\u0142ugi<\/li>\n<\/ul>\n<div class=\"table-wrapper\">\n<p>&nbsp;<\/p>\n<h3><\/h3>\n<table>\n<tbody>\n<tr>\n<th>Producent<\/th>\n<td>Neewer<\/td>\n<\/tr>\n<tr>\n<th>Model<\/th>\n<td>B0BG4BN1TZ<\/td>\n<\/tr>\n<tr>\n<th>Liczba diod LED<\/th>\n<td>96 (24x RGB, 36x ciep\u0142e \u015bwiat\u0142o, 36x zimne \u015bwiat\u0142o)<\/td>\n<\/tr>\n<tr>\n<th>Moc<\/th>\n<td>6 W<\/td>\n<\/tr>\n<tr>\n<th>Jasno\u015b\u0107<\/th>\n<td>Do 800 luks\u00f3w \/ 0,5 m<\/td>\n<\/tr>\n<tr>\n<th>CRI<\/th>\n<td>97+<\/td>\n<\/tr>\n<tr>\n<th>Temperatura barwowa<\/th>\n<td>2500-8500K<\/td>\n<\/tr>\n<tr>\n<th>Jasno\u015b\u0107<\/th>\n<td>0-100%<\/td>\n<\/tr>\n<tr>\n<th>Zakres RGB<\/th>\n<td>Pe\u0142ny zakres 0-360\u00b0<\/td>\n<\/tr>\n<tr>\n<th>Zakres nasycenia<\/th>\n<td>0-100<\/td>\n<\/tr>\n<tr>\n<th>Wy\u015bwietlacz<\/th>\n<td>OLED, czarne t\u0142o, bia\u0142y font<\/td>\n<\/tr>\n<tr>\n<th>Napi\u0119cie \u0142adowania<\/th>\n<td>5 V \/ 2 A<\/td>\n<\/tr>\n<tr>\n<th>Pojemno\u015b\u0107 akumulatora<\/th>\n<td>2500 mAh<\/td>\n<\/tr>\n<tr>\n<th>Czas \u0142adowania<\/th>\n<td>Ok. 1,7 h<\/td>\n<\/tr>\n<tr>\n<th>Czas pracy<\/th>\n<td>Ok. 2h przy jasno\u015bci 100%<\/td>\n<\/tr>\n<tr>\n<th>Port \u0142adowania<\/th>\n<td>USB-C<\/td>\n<\/tr>\n<tr>\n<th>Wymiary<\/th>\n<td>10,8 x 4 x 4,4 cm<\/td>\n<\/tr>\n<tr>\n<th>Waga<\/th>\n<td>134 g<\/td>\n<\/tr>\n<\/tbody>\n<\/table>\n<\/div>\n","protected":false},"excerpt":{"rendered":"<p>Lampa magnetyczna Neewer TL96RGB LED RGB 2500-8500K Neewer TL96RGB LED RGB to przeno\u015bna lampa magnetyczna o wymiarach zaledwie 10,8 x<\/p>\n","protected":false},"featured_media":26710,"comment_status":"closed","ping_status":"open","template":"","meta":{"_acf_changed":false},"product_brand":[],"product_cat":[1128,1151,1146],"product_tag":[],"class_list":{"0":"post-26709","1":"product","2":"type-product","3":"status-publish","4":"has-post-thumbnail","6":"product_cat-foto-wideo","7":"product_cat-lampy-studyjne","8":"product_cat-wyposazenie-studia","9":"pa_box-height-4917","10":"pa_box-length-4918","11":"pa_box-width-4916","12":"pa_gross-weight-1625","13":"pa_net-weight-2196","14":"pa_regulowane-natezenie-tak","15":"pa_ze-statywem-nie","17":"first","18":"outofstock","19":"taxable","20":"shipping-taxable","21":"purchasable","22":"product-type-simple"},"acf":[],"yoast_head":"<!-- This site is optimized with the Yoast SEO plugin v27.2 - https:\/\/yoast.com\/product\/yoast-seo-wordpress\/ -->\n<title>Lampa magnetyczna Neewer TL96RGB LED RGB 2500-8500K - IRONSKY.PL Sklep z Dronami<\/title>\n<meta name=\"description\" content=\"Lampa magnetyczna Neewer TL96RGB LED RGB 2500-8500K - \u2705 sklep z dronami i fachowym doradztwem. \u2705 Tutaj kupisz produkty DJI, Yuneec, Parrot, Syma i wiele innych, a tak\u017ce kursy i licencje na operatora drona.\" \/>\n<meta name=\"robots\" content=\"index, follow, max-snippet:-1, max-image-preview:large, max-video-preview:-1\" \/>\n<link rel=\"canonical\" href=\"https:\/\/ironsky.pl\/sklep\/produkt\/lampa-magnetyczna-neewer-tl96rgb-led-rgb-2500-8500k\/\" \/>\n<meta property=\"og:locale\" content=\"pl_PL\" \/>\n<meta property=\"og:type\" content=\"article\" \/>\n<meta property=\"og:title\" content=\"Lampa magnetyczna Neewer TL96RGB LED RGB 2500-8500K - IRONSKY.PL Sklep z Dronami\" \/>\n<meta property=\"og:description\" content=\"Lampa magnetyczna Neewer TL96RGB LED RGB 2500-8500K - \u2705 sklep z dronami i fachowym doradztwem. \u2705 Tutaj kupisz produkty DJI, Yuneec, Parrot, Syma i wiele innych, a tak\u017ce kursy i licencje na operatora drona.\" \/>\n<meta property=\"og:url\" content=\"https:\/\/ironsky.pl\/sklep\/produkt\/lampa-magnetyczna-neewer-tl96rgb-led-rgb-2500-8500k\/\" \/>\n<meta property=\"og:site_name\" content=\"IRONSKY.PL Sklep z Dronami\" \/>\n<meta property=\"article:modified_time\" content=\"2026-03-05T14:52:38+00:00\" \/>\n<meta property=\"og:image\" content=\"https:\/\/ironsky.pl\/sklep\/wp-content\/uploads\/2024\/09\/42260_1.jpg\" \/>\n\t<meta property=\"og:image:width\" content=\"800\" \/>\n\t<meta property=\"og:image:height\" content=\"799\" \/>\n\t<meta property=\"og:image:type\" content=\"image\/jpeg\" \/>\n<meta name=\"twitter:card\" content=\"summary_large_image\" \/>\n<meta name=\"twitter:label1\" content=\"Szacowany czas czytania\" \/>\n\t<meta name=\"twitter:data1\" content=\"2 minuty\" \/>\n<script type=\"application\/ld+json\" class=\"yoast-schema-graph\">{\"@context\":\"https:\/\/schema.org\",\"@graph\":[{\"@type\":\"WebPage\",\"@id\":\"https:\/\/ironsky.pl\/sklep\/produkt\/lampa-magnetyczna-neewer-tl96rgb-led-rgb-2500-8500k\/\",\"url\":\"https:\/\/ironsky.pl\/sklep\/produkt\/lampa-magnetyczna-neewer-tl96rgb-led-rgb-2500-8500k\/\",\"name\":\"Lampa magnetyczna Neewer TL96RGB LED RGB 2500-8500K - IRONSKY.PL Sklep z Dronami\",\"isPartOf\":{\"@id\":\"https:\/\/ironsky.pl\/sklep\/#website\"},\"primaryImageOfPage\":{\"@id\":\"https:\/\/ironsky.pl\/sklep\/produkt\/lampa-magnetyczna-neewer-tl96rgb-led-rgb-2500-8500k\/#primaryimage\"},\"image\":{\"@id\":\"https:\/\/ironsky.pl\/sklep\/produkt\/lampa-magnetyczna-neewer-tl96rgb-led-rgb-2500-8500k\/#primaryimage\"},\"thumbnailUrl\":\"https:\/\/ironsky.pl\/sklep\/wp-content\/uploads\/2024\/09\/42260_1.jpg\",\"datePublished\":\"2024-09-16T17:40:33+00:00\",\"dateModified\":\"2026-03-05T14:52:38+00:00\",\"description\":\"Lampa magnetyczna Neewer TL96RGB LED RGB 2500-8500K - \u2705 sklep z dronami i fachowym doradztwem. \u2705 Tutaj kupisz produkty DJI, Yuneec, Parrot, Syma i wiele innych, a tak\u017ce kursy i licencje na operatora drona.\",\"breadcrumb\":{\"@id\":\"https:\/\/ironsky.pl\/sklep\/produkt\/lampa-magnetyczna-neewer-tl96rgb-led-rgb-2500-8500k\/#breadcrumb\"},\"inLanguage\":\"pl-PL\",\"potentialAction\":[{\"@type\":\"ReadAction\",\"target\":[\"https:\/\/ironsky.pl\/sklep\/produkt\/lampa-magnetyczna-neewer-tl96rgb-led-rgb-2500-8500k\/\"]}]},{\"@type\":\"ImageObject\",\"inLanguage\":\"pl-PL\",\"@id\":\"https:\/\/ironsky.pl\/sklep\/produkt\/lampa-magnetyczna-neewer-tl96rgb-led-rgb-2500-8500k\/#primaryimage\",\"url\":\"https:\/\/ironsky.pl\/sklep\/wp-content\/uploads\/2024\/09\/42260_1.jpg\",\"contentUrl\":\"https:\/\/ironsky.pl\/sklep\/wp-content\/uploads\/2024\/09\/42260_1.jpg\",\"width\":800,\"height\":799},{\"@type\":\"BreadcrumbList\",\"@id\":\"https:\/\/ironsky.pl\/sklep\/produkt\/lampa-magnetyczna-neewer-tl96rgb-led-rgb-2500-8500k\/#breadcrumb\",\"itemListElement\":[{\"@type\":\"ListItem\",\"position\":1,\"name\":\"Strona g\u0142\u00f3wna\",\"item\":\"https:\/\/ironsky.pl\/sklep\/\"},{\"@type\":\"ListItem\",\"position\":2,\"name\":\"Wszystkie produkty\",\"item\":\"https:\/\/ironsky.pl\/sklep\/produkty\/\"},{\"@type\":\"ListItem\",\"position\":3,\"name\":\"Lampa magnetyczna Neewer TL96RGB LED RGB 2500-8500K\"}]},{\"@type\":\"WebSite\",\"@id\":\"https:\/\/ironsky.pl\/sklep\/#website\",\"url\":\"https:\/\/ironsky.pl\/sklep\/\",\"name\":\"IRONSKY.PL Sklep z Dronami\",\"description\":\"IRONSKY.PL Sklep z Dronami\",\"potentialAction\":[{\"@type\":\"SearchAction\",\"target\":{\"@type\":\"EntryPoint\",\"urlTemplate\":\"https:\/\/ironsky.pl\/sklep\/?s={search_term_string}\"},\"query-input\":{\"@type\":\"PropertyValueSpecification\",\"valueRequired\":true,\"valueName\":\"search_term_string\"}}],\"inLanguage\":\"pl-PL\"}]}<\/script>\n<!-- \/ Yoast SEO plugin. -->","yoast_head_json":{"title":"Lampa magnetyczna Neewer TL96RGB LED RGB 2500-8500K - IRONSKY.PL Sklep z Dronami","description":"Lampa magnetyczna Neewer TL96RGB LED RGB 2500-8500K - \u2705 sklep z dronami i fachowym doradztwem. \u2705 Tutaj kupisz produkty DJI, Yuneec, Parrot, Syma i wiele innych, a tak\u017ce kursy i licencje na operatora drona.","robots":{"index":"index","follow":"follow","max-snippet":"max-snippet:-1","max-image-preview":"max-image-preview:large","max-video-preview":"max-video-preview:-1"},"canonical":"https:\/\/ironsky.pl\/sklep\/produkt\/lampa-magnetyczna-neewer-tl96rgb-led-rgb-2500-8500k\/","og_locale":"pl_PL","og_type":"article","og_title":"Lampa magnetyczna Neewer TL96RGB LED RGB 2500-8500K - IRONSKY.PL Sklep z Dronami","og_description":"Lampa magnetyczna Neewer TL96RGB LED RGB 2500-8500K - \u2705 sklep z dronami i fachowym doradztwem. \u2705 Tutaj kupisz produkty DJI, Yuneec, Parrot, Syma i wiele innych, a tak\u017ce kursy i licencje na operatora drona.","og_url":"https:\/\/ironsky.pl\/sklep\/produkt\/lampa-magnetyczna-neewer-tl96rgb-led-rgb-2500-8500k\/","og_site_name":"IRONSKY.PL Sklep z Dronami","article_modified_time":"2026-03-05T14:52:38+00:00","og_image":[{"width":800,"height":799,"url":"https:\/\/ironsky.pl\/sklep\/wp-content\/uploads\/2024\/09\/42260_1.jpg","type":"image\/jpeg"}],"twitter_card":"summary_large_image","twitter_misc":{"Szacowany czas czytania":"2 minuty"},"schema":{"@context":"https:\/\/schema.org","@graph":[{"@type":"WebPage","@id":"https:\/\/ironsky.pl\/sklep\/produkt\/lampa-magnetyczna-neewer-tl96rgb-led-rgb-2500-8500k\/","url":"https:\/\/ironsky.pl\/sklep\/produkt\/lampa-magnetyczna-neewer-tl96rgb-led-rgb-2500-8500k\/","name":"Lampa magnetyczna Neewer TL96RGB LED RGB 2500-8500K - IRONSKY.PL Sklep z Dronami","isPartOf":{"@id":"https:\/\/ironsky.pl\/sklep\/#website"},"primaryImageOfPage":{"@id":"https:\/\/ironsky.pl\/sklep\/produkt\/lampa-magnetyczna-neewer-tl96rgb-led-rgb-2500-8500k\/#primaryimage"},"image":{"@id":"https:\/\/ironsky.pl\/sklep\/produkt\/lampa-magnetyczna-neewer-tl96rgb-led-rgb-2500-8500k\/#primaryimage"},"thumbnailUrl":"https:\/\/ironsky.pl\/sklep\/wp-content\/uploads\/2024\/09\/42260_1.jpg","datePublished":"2024-09-16T17:40:33+00:00","dateModified":"2026-03-05T14:52:38+00:00","description":"Lampa magnetyczna Neewer TL96RGB LED RGB 2500-8500K - \u2705 sklep z dronami i fachowym doradztwem. \u2705 Tutaj kupisz produkty DJI, Yuneec, Parrot, Syma i wiele innych, a tak\u017ce kursy i licencje na operatora drona.","breadcrumb":{"@id":"https:\/\/ironsky.pl\/sklep\/produkt\/lampa-magnetyczna-neewer-tl96rgb-led-rgb-2500-8500k\/#breadcrumb"},"inLanguage":"pl-PL","potentialAction":[{"@type":"ReadAction","target":["https:\/\/ironsky.pl\/sklep\/produkt\/lampa-magnetyczna-neewer-tl96rgb-led-rgb-2500-8500k\/"]}]},{"@type":"ImageObject","inLanguage":"pl-PL","@id":"https:\/\/ironsky.pl\/sklep\/produkt\/lampa-magnetyczna-neewer-tl96rgb-led-rgb-2500-8500k\/#primaryimage","url":"https:\/\/ironsky.pl\/sklep\/wp-content\/uploads\/2024\/09\/42260_1.jpg","contentUrl":"https:\/\/ironsky.pl\/sklep\/wp-content\/uploads\/2024\/09\/42260_1.jpg","width":800,"height":799},{"@type":"BreadcrumbList","@id":"https:\/\/ironsky.pl\/sklep\/produkt\/lampa-magnetyczna-neewer-tl96rgb-led-rgb-2500-8500k\/#breadcrumb","itemListElement":[{"@type":"ListItem","position":1,"name":"Strona g\u0142\u00f3wna","item":"https:\/\/ironsky.pl\/sklep\/"},{"@type":"ListItem","position":2,"name":"Wszystkie produkty","item":"https:\/\/ironsky.pl\/sklep\/produkty\/"},{"@type":"ListItem","position":3,"name":"Lampa magnetyczna Neewer TL96RGB LED RGB 2500-8500K"}]},{"@type":"WebSite","@id":"https:\/\/ironsky.pl\/sklep\/#website","url":"https:\/\/ironsky.pl\/sklep\/","name":"IRONSKY.PL Sklep z Dronami","description":"IRONSKY.PL Sklep z Dronami","potentialAction":[{"@type":"SearchAction","target":{"@type":"EntryPoint","urlTemplate":"https:\/\/ironsky.pl\/sklep\/?s={search_term_string}"},"query-input":{"@type":"PropertyValueSpecification","valueRequired":true,"valueName":"search_term_string"}}],"inLanguage":"pl-PL"}]}},"_links":{"self":[{"href":"https:\/\/ironsky.pl\/sklep\/wp-json\/wp\/v2\/product\/26709","targetHints":{"allow":["GET"]}}],"collection":[{"href":"https:\/\/ironsky.pl\/sklep\/wp-json\/wp\/v2\/product"}],"about":[{"href":"https:\/\/ironsky.pl\/sklep\/wp-json\/wp\/v2\/types\/product"}],"replies":[{"embeddable":true,"href":"https:\/\/ironsky.pl\/sklep\/wp-json\/wp\/v2\/comments?post=26709"}],"wp:featuredmedia":[{"embeddable":true,"href":"https:\/\/ironsky.pl\/sklep\/wp-json\/wp\/v2\/media\/26710"}],"wp:attachment":[{"href":"https:\/\/ironsky.pl\/sklep\/wp-json\/wp\/v2\/media?parent=26709"}],"wp:term":[{"taxonomy":"product_brand","embeddable":true,"href":"https:\/\/ironsky.pl\/sklep\/wp-json\/wp\/v2\/product_brand?post=26709"},{"taxonomy":"product_cat","embeddable":true,"href":"https:\/\/ironsky.pl\/sklep\/wp-json\/wp\/v2\/product_cat?post=26709"},{"taxonomy":"product_tag","embeddable":true,"href":"https:\/\/ironsky.pl\/sklep\/wp-json\/wp\/v2\/product_tag?post=26709"}],"curies":[{"name":"wp","href":"https:\/\/api.w.org\/{rel}","templated":true}]}}