{"id":26707,"date":"2024-09-16T19:40:33","date_gmt":"2024-09-16T17:40:33","guid":{"rendered":"http:\/\/gvshalph.pro-linuxpl.com\/ironskyprodukty\/produkt\/lampa-magnetyczna-neewer-led-rgb-3200-5600k\/"},"modified":"2026-03-05T15:52:38","modified_gmt":"2026-03-05T14:52:38","slug":"lampa-magnetyczna-neewer-led-rgb-3200-5600k","status":"publish","type":"product","link":"https:\/\/ironsky.pl\/sklep\/produkt\/lampa-magnetyczna-neewer-led-rgb-3200-5600k\/","title":{"rendered":"Lampa magnetyczna Neewer LED RGB 3200-5600K"},"content":{"rendered":"<h3>Lampa magnetyczna Neewer LED RGB 3200-5600K<\/h3>\n<p>Neewer LED RGB to praktyczna lampa magnetyczna, kt\u00f3ra przyda si\u0119 zw\u0142aszcza filmowcom i fotografom. Wyposa\u017cona w 150 diod LED \u2013 oferuje moc 10 W i jasno\u015b\u0107 do 800 luks\u00f3w. Mo\u017cesz te\u017c regulowa\u0107 nat\u0119\u017cenie, kolor i temperatur\u0119 barwow\u0105 generowanego przez ni\u0105 \u015bwiat\u0142a. Wysoki wska\u017anik CRI \u2265 98 gwarantuje wiern\u0105 reprodukcj\u0119 barw, a wydajny akumulator zapewnia czas pracy do 90 minut. W zestawie znajduje si\u0119 tak\u017ce etui i wodoodporna torba, kt\u00f3re chroni\u0105 lamp\u0119 w trudnych warunkach zewn\u0119trznych.<\/p>\n<p><img decoding=\"async\" src=\"https:\/\/assets.innpro.pl\/5626\/6625\/4.jpg\" border=\"0\" alt=\"\"><\/p>\n<h3>Elastyczno\u015b\u0107 monta\u017cu i mobilno\u015b\u0107<\/h3>\n<p>Lampa Neewer doskonale sprawdzi si\u0119 w r\u00f3\u017cnych zastosowaniach. Mo\u017cesz z \u0142atwo\u015bci\u0105 j\u0105 przenosi\u0107 i trzyma\u0107 w r\u0119ce, a je\u015bli zajdzie taka potrzeba, bez problemu przymocujesz j\u0105 do wybranej powierzchni dzi\u0119ki wbudowanemu magnesowi lub dw\u00f3m otworom na \u015bruby 1\/4\u201d. W sk\u0142ad zestawu wchodz\u0105 te\u017c 4 p\u0142ytki samoprzylepne, kt\u00f3re umo\u017cliwiaj\u0105 przytwierdzenie urz\u0105dzenia do powierzchni niemetalowych.<\/p>\n<p><img decoding=\"async\" src=\"https:\/\/assets.innpro.pl\/5626\/6625\/9.jpg\" border=\"0\" alt=\"\"><\/p>\n<h3>Dynamiczne sceny i precyzyjna regulacja<\/h3>\n<p>Lampa pozwala wybiera\u0107 spo\u015br\u00f3d 17 r\u00f3\u017cnorodnych scen \u015bwietlnych, takich jak na przyk\u0142ad B\u0142yskawica, P\u0142omie\u0144 \u015bwiecy, Impreza czy Fajerwerki. Dzi\u0119ki temu z \u0142atwo\u015bci\u0105 dodasz kreatywne efekty do swoich projekt\u00f3w wideo! Mo\u017cesz te\u017c swobodnie regulowa\u0107 jasno\u015b\u0107, kolor i temperatur\u0119 barwow\u0105 \u015bwiat\u0142a (w zakresie od 3200K do 5600K). Sesja zdj\u0119ciowa, transmisja na \u017cywo czy przyj\u0119cie urodzinowe \u2013 teraz bez problemu dostosujesz o\u015bwietlenie do sytuacji!<\/p>\n<p><img decoding=\"async\" src=\"https:\/\/assets.innpro.pl\/5626\/6625\/8.jpg\" border=\"0\" alt=\"\"><\/p>\n<h3>Zaawansowane sterowanie \u2013 aplikacja i panel dotykowy<\/h3>\n<p>Ciesz si\u0119 wygodnym zarz\u0105dzaniem ustawieniami \u015bwiat\u0142a. Lampa zosta\u0142a wyposa\u017cona w niewielki panel dotykowy, kt\u00f3ry oferuje szybk\u0105 i bezpo\u015bredni\u0105 kontrol\u0119 nad jej funkcjami. Dost\u0119pna jest r\u00f3wnie\u017c dedykowana aplikacja Neewer umo\u017cliwiaj\u0105ca zdalne sterowanie o\u015bwietleniem z odleg\u0142o\u015bci do 50 m. Za jej pomoc\u0105 mo\u017cesz na przyk\u0142ad wybra\u0107 odpowiedni\u0105 scen\u0119, dostosowa\u0107 parametry \u015bwiat\u0142a i zapisa\u0107 w\u0142asne ustawienia do p\u00f3\u017aniejszego u\u017cytku.<\/p>\n<p><img decoding=\"async\" src=\"https:\/\/assets.innpro.pl\/5626\/6625\/3.jpg\" border=\"0\" alt=\"\"><\/p>\n<h3>D\u0142ugi czas pracy, wygodne \u0142adowanie<\/h3>\n<p>Zintegrowany akumulator o pojemno\u015bci 6400mAh zapewnia do 90 minut pracy lampy przy maksymalnej jasno\u015bci. Nie obawiaj si\u0119, \u017ce zbyt szybko odm\u00f3wi Ci pos\u0142usze\u0144stwa! Produkt obs\u0142uguje \u0142adowanie przez port USB-C, mo\u017cesz wi\u0119c bez problemu podpi\u0105\u0107 go do \u0142adowarek sieciowych czy samochodowych.<\/p>\n<p><img decoding=\"async\" src=\"https:\/\/assets.innpro.pl\/5626\/6625\/2.jpg\" border=\"0\" alt=\"\"><\/p>\n<h3>W zestawie<\/h3>\n<ul>\n<li>Lampa<\/li>\n<li>Siatka \u015bwietlna<\/li>\n<li>Kabel USB-C<\/li>\n<li>Etui transportowe<\/li>\n<li>Torba wodoodporna<\/li>\n<li>Smycz<\/li>\n<li>2x silikonowa os\u0142ona naro\u017cnik\u00f3w<\/li>\n<li>4x samoprzylepna metalowa podk\u0142adka<\/li>\n<li>Instrukcja obs\u0142ugi<\/li>\n<\/ul>\n<div class=\"table-wrapper\">\n<p>&nbsp;<\/p>\n<h3><\/h3>\n<table>\n<tbody>\n<tr>\n<th>Producent<\/th>\n<td>Neewer<\/td>\n<\/tr>\n<tr>\n<th>Model<\/th>\n<td>B09P2QM985<\/td>\n<\/tr>\n<tr>\n<th>Moc<\/th>\n<td>10 W<\/td>\n<\/tr>\n<tr>\n<th>Liczba diod LED<\/th>\n<td>150<\/td>\n<\/tr>\n<tr>\n<th>Zakres \u015bciemniania<\/th>\n<td>0-100%<\/td>\n<\/tr>\n<tr>\n<th>Temperatura barwowa<\/th>\n<td>3200-5600K<\/td>\n<\/tr>\n<tr>\n<th>CRI<\/th>\n<td>\u2265 98<\/td>\n<\/tr>\n<tr>\n<th>Odcie\u0144<\/th>\n<td>0-360\u00b0<\/td>\n<\/tr>\n<tr>\n<th>Nasycenie<\/th>\n<td>0-100%<\/td>\n<\/tr>\n<tr>\n<th>Jasno\u015b\u0107<\/th>\n<td>800 luks \/ 0,5 m<\/td>\n<\/tr>\n<tr>\n<th>Liczba tryb\u00f3w (scen)<\/th>\n<td>17<\/td>\n<\/tr>\n<tr>\n<th>Liczba kana\u0142\u00f3w<\/th>\n<td>10 (CH.0-9)<\/td>\n<\/tr>\n<tr>\n<th>Pojemno\u015b\u0107 akumulatora<\/th>\n<td>6400 mAh<\/td>\n<\/tr>\n<tr>\n<th>Czas pracy<\/th>\n<td>Ok. 90 min (przy jasno\u015bci 100%)<\/td>\n<\/tr>\n<tr>\n<th>Wymiary<\/th>\n<td>250 x 39 x 39 mm<\/td>\n<\/tr>\n<\/tbody>\n<\/table>\n<\/div>\n","protected":false},"excerpt":{"rendered":"<p>Lampa magnetyczna Neewer LED RGB 3200-5600K Neewer LED RGB to praktyczna lampa magnetyczna, kt\u00f3ra przyda si\u0119 zw\u0142aszcza filmowcom i fotografom.<\/p>\n","protected":false},"featured_media":26708,"comment_status":"closed","ping_status":"open","template":"","meta":{"_acf_changed":false},"product_brand":[],"product_cat":[1128,1151,1146],"product_tag":[],"class_list":{"0":"post-26707","1":"product","2":"type-product","3":"status-publish","4":"has-post-thumbnail","6":"product_cat-foto-wideo","7":"product_cat-lampy-studyjne","8":"product_cat-wyposazenie-studia","9":"pa_box-height-1383","10":"pa_box-length-2324","11":"pa_box-width-1579","12":"pa_gross-weight-2067","13":"pa_net-weight-4915","14":"pa_regulowane-natezenie-tak","15":"pa_ze-statywem-nie","17":"first","18":"outofstock","19":"taxable","20":"shipping-taxable","21":"purchasable","22":"product-type-simple"},"acf":[],"yoast_head":"<!-- This site is optimized with the Yoast SEO plugin v27.2 - https:\/\/yoast.com\/product\/yoast-seo-wordpress\/ -->\n<title>Lampa magnetyczna Neewer LED RGB 3200-5600K - IRONSKY.PL Sklep z Dronami<\/title>\n<meta name=\"description\" content=\"Lampa magnetyczna Neewer LED RGB 3200-5600K - \u2705 sklep z dronami i fachowym doradztwem. \u2705 Tutaj kupisz produkty DJI, Yuneec, Parrot, Syma i wiele innych, a tak\u017ce kursy i licencje na operatora drona.\" \/>\n<meta name=\"robots\" content=\"index, follow, max-snippet:-1, max-image-preview:large, max-video-preview:-1\" \/>\n<link rel=\"canonical\" href=\"https:\/\/ironsky.pl\/sklep\/produkt\/lampa-magnetyczna-neewer-led-rgb-3200-5600k\/\" \/>\n<meta property=\"og:locale\" content=\"pl_PL\" \/>\n<meta property=\"og:type\" content=\"article\" \/>\n<meta property=\"og:title\" content=\"Lampa magnetyczna Neewer LED RGB 3200-5600K - IRONSKY.PL Sklep z Dronami\" \/>\n<meta property=\"og:description\" content=\"Lampa magnetyczna Neewer LED RGB 3200-5600K - \u2705 sklep z dronami i fachowym doradztwem. \u2705 Tutaj kupisz produkty DJI, Yuneec, Parrot, Syma i wiele innych, a tak\u017ce kursy i licencje na operatora drona.\" \/>\n<meta property=\"og:url\" content=\"https:\/\/ironsky.pl\/sklep\/produkt\/lampa-magnetyczna-neewer-led-rgb-3200-5600k\/\" \/>\n<meta property=\"og:site_name\" content=\"IRONSKY.PL Sklep z Dronami\" \/>\n<meta property=\"article:modified_time\" content=\"2026-03-05T14:52:38+00:00\" \/>\n<meta property=\"og:image\" content=\"https:\/\/ironsky.pl\/sklep\/wp-content\/uploads\/2024\/09\/42259_1.jpg\" \/>\n\t<meta property=\"og:image:width\" content=\"800\" \/>\n\t<meta property=\"og:image:height\" content=\"800\" \/>\n\t<meta property=\"og:image:type\" content=\"image\/jpeg\" \/>\n<meta name=\"twitter:card\" content=\"summary_large_image\" \/>\n<meta name=\"twitter:label1\" content=\"Szacowany czas czytania\" \/>\n\t<meta name=\"twitter:data1\" content=\"2 minuty\" \/>\n<script type=\"application\/ld+json\" class=\"yoast-schema-graph\">{\"@context\":\"https:\/\/schema.org\",\"@graph\":[{\"@type\":\"WebPage\",\"@id\":\"https:\/\/ironsky.pl\/sklep\/produkt\/lampa-magnetyczna-neewer-led-rgb-3200-5600k\/\",\"url\":\"https:\/\/ironsky.pl\/sklep\/produkt\/lampa-magnetyczna-neewer-led-rgb-3200-5600k\/\",\"name\":\"Lampa magnetyczna Neewer LED RGB 3200-5600K - IRONSKY.PL Sklep z Dronami\",\"isPartOf\":{\"@id\":\"https:\/\/ironsky.pl\/sklep\/#website\"},\"primaryImageOfPage\":{\"@id\":\"https:\/\/ironsky.pl\/sklep\/produkt\/lampa-magnetyczna-neewer-led-rgb-3200-5600k\/#primaryimage\"},\"image\":{\"@id\":\"https:\/\/ironsky.pl\/sklep\/produkt\/lampa-magnetyczna-neewer-led-rgb-3200-5600k\/#primaryimage\"},\"thumbnailUrl\":\"https:\/\/ironsky.pl\/sklep\/wp-content\/uploads\/2024\/09\/42259_1.jpg\",\"datePublished\":\"2024-09-16T17:40:33+00:00\",\"dateModified\":\"2026-03-05T14:52:38+00:00\",\"description\":\"Lampa magnetyczna Neewer LED RGB 3200-5600K - \u2705 sklep z dronami i fachowym doradztwem. \u2705 Tutaj kupisz produkty DJI, Yuneec, Parrot, Syma i wiele innych, a tak\u017ce kursy i licencje na operatora drona.\",\"breadcrumb\":{\"@id\":\"https:\/\/ironsky.pl\/sklep\/produkt\/lampa-magnetyczna-neewer-led-rgb-3200-5600k\/#breadcrumb\"},\"inLanguage\":\"pl-PL\",\"potentialAction\":[{\"@type\":\"ReadAction\",\"target\":[\"https:\/\/ironsky.pl\/sklep\/produkt\/lampa-magnetyczna-neewer-led-rgb-3200-5600k\/\"]}]},{\"@type\":\"ImageObject\",\"inLanguage\":\"pl-PL\",\"@id\":\"https:\/\/ironsky.pl\/sklep\/produkt\/lampa-magnetyczna-neewer-led-rgb-3200-5600k\/#primaryimage\",\"url\":\"https:\/\/ironsky.pl\/sklep\/wp-content\/uploads\/2024\/09\/42259_1.jpg\",\"contentUrl\":\"https:\/\/ironsky.pl\/sklep\/wp-content\/uploads\/2024\/09\/42259_1.jpg\",\"width\":800,\"height\":800},{\"@type\":\"BreadcrumbList\",\"@id\":\"https:\/\/ironsky.pl\/sklep\/produkt\/lampa-magnetyczna-neewer-led-rgb-3200-5600k\/#breadcrumb\",\"itemListElement\":[{\"@type\":\"ListItem\",\"position\":1,\"name\":\"Strona g\u0142\u00f3wna\",\"item\":\"https:\/\/ironsky.pl\/sklep\/\"},{\"@type\":\"ListItem\",\"position\":2,\"name\":\"Wszystkie produkty\",\"item\":\"https:\/\/ironsky.pl\/sklep\/produkty\/\"},{\"@type\":\"ListItem\",\"position\":3,\"name\":\"Lampa magnetyczna Neewer LED RGB 3200-5600K\"}]},{\"@type\":\"WebSite\",\"@id\":\"https:\/\/ironsky.pl\/sklep\/#website\",\"url\":\"https:\/\/ironsky.pl\/sklep\/\",\"name\":\"IRONSKY.PL Sklep z Dronami\",\"description\":\"IRONSKY.PL Sklep z Dronami\",\"potentialAction\":[{\"@type\":\"SearchAction\",\"target\":{\"@type\":\"EntryPoint\",\"urlTemplate\":\"https:\/\/ironsky.pl\/sklep\/?s={search_term_string}\"},\"query-input\":{\"@type\":\"PropertyValueSpecification\",\"valueRequired\":true,\"valueName\":\"search_term_string\"}}],\"inLanguage\":\"pl-PL\"}]}<\/script>\n<!-- \/ Yoast SEO plugin. -->","yoast_head_json":{"title":"Lampa magnetyczna Neewer LED RGB 3200-5600K - IRONSKY.PL Sklep z Dronami","description":"Lampa magnetyczna Neewer LED RGB 3200-5600K - \u2705 sklep z dronami i fachowym doradztwem. \u2705 Tutaj kupisz produkty DJI, Yuneec, Parrot, Syma i wiele innych, a tak\u017ce kursy i licencje na operatora drona.","robots":{"index":"index","follow":"follow","max-snippet":"max-snippet:-1","max-image-preview":"max-image-preview:large","max-video-preview":"max-video-preview:-1"},"canonical":"https:\/\/ironsky.pl\/sklep\/produkt\/lampa-magnetyczna-neewer-led-rgb-3200-5600k\/","og_locale":"pl_PL","og_type":"article","og_title":"Lampa magnetyczna Neewer LED RGB 3200-5600K - IRONSKY.PL Sklep z Dronami","og_description":"Lampa magnetyczna Neewer LED RGB 3200-5600K - \u2705 sklep z dronami i fachowym doradztwem. \u2705 Tutaj kupisz produkty DJI, Yuneec, Parrot, Syma i wiele innych, a tak\u017ce kursy i licencje na operatora drona.","og_url":"https:\/\/ironsky.pl\/sklep\/produkt\/lampa-magnetyczna-neewer-led-rgb-3200-5600k\/","og_site_name":"IRONSKY.PL Sklep z Dronami","article_modified_time":"2026-03-05T14:52:38+00:00","og_image":[{"width":800,"height":800,"url":"https:\/\/ironsky.pl\/sklep\/wp-content\/uploads\/2024\/09\/42259_1.jpg","type":"image\/jpeg"}],"twitter_card":"summary_large_image","twitter_misc":{"Szacowany czas czytania":"2 minuty"},"schema":{"@context":"https:\/\/schema.org","@graph":[{"@type":"WebPage","@id":"https:\/\/ironsky.pl\/sklep\/produkt\/lampa-magnetyczna-neewer-led-rgb-3200-5600k\/","url":"https:\/\/ironsky.pl\/sklep\/produkt\/lampa-magnetyczna-neewer-led-rgb-3200-5600k\/","name":"Lampa magnetyczna Neewer LED RGB 3200-5600K - IRONSKY.PL Sklep z Dronami","isPartOf":{"@id":"https:\/\/ironsky.pl\/sklep\/#website"},"primaryImageOfPage":{"@id":"https:\/\/ironsky.pl\/sklep\/produkt\/lampa-magnetyczna-neewer-led-rgb-3200-5600k\/#primaryimage"},"image":{"@id":"https:\/\/ironsky.pl\/sklep\/produkt\/lampa-magnetyczna-neewer-led-rgb-3200-5600k\/#primaryimage"},"thumbnailUrl":"https:\/\/ironsky.pl\/sklep\/wp-content\/uploads\/2024\/09\/42259_1.jpg","datePublished":"2024-09-16T17:40:33+00:00","dateModified":"2026-03-05T14:52:38+00:00","description":"Lampa magnetyczna Neewer LED RGB 3200-5600K - \u2705 sklep z dronami i fachowym doradztwem. \u2705 Tutaj kupisz produkty DJI, Yuneec, Parrot, Syma i wiele innych, a tak\u017ce kursy i licencje na operatora drona.","breadcrumb":{"@id":"https:\/\/ironsky.pl\/sklep\/produkt\/lampa-magnetyczna-neewer-led-rgb-3200-5600k\/#breadcrumb"},"inLanguage":"pl-PL","potentialAction":[{"@type":"ReadAction","target":["https:\/\/ironsky.pl\/sklep\/produkt\/lampa-magnetyczna-neewer-led-rgb-3200-5600k\/"]}]},{"@type":"ImageObject","inLanguage":"pl-PL","@id":"https:\/\/ironsky.pl\/sklep\/produkt\/lampa-magnetyczna-neewer-led-rgb-3200-5600k\/#primaryimage","url":"https:\/\/ironsky.pl\/sklep\/wp-content\/uploads\/2024\/09\/42259_1.jpg","contentUrl":"https:\/\/ironsky.pl\/sklep\/wp-content\/uploads\/2024\/09\/42259_1.jpg","width":800,"height":800},{"@type":"BreadcrumbList","@id":"https:\/\/ironsky.pl\/sklep\/produkt\/lampa-magnetyczna-neewer-led-rgb-3200-5600k\/#breadcrumb","itemListElement":[{"@type":"ListItem","position":1,"name":"Strona g\u0142\u00f3wna","item":"https:\/\/ironsky.pl\/sklep\/"},{"@type":"ListItem","position":2,"name":"Wszystkie produkty","item":"https:\/\/ironsky.pl\/sklep\/produkty\/"},{"@type":"ListItem","position":3,"name":"Lampa magnetyczna Neewer LED RGB 3200-5600K"}]},{"@type":"WebSite","@id":"https:\/\/ironsky.pl\/sklep\/#website","url":"https:\/\/ironsky.pl\/sklep\/","name":"IRONSKY.PL Sklep z Dronami","description":"IRONSKY.PL Sklep z Dronami","potentialAction":[{"@type":"SearchAction","target":{"@type":"EntryPoint","urlTemplate":"https:\/\/ironsky.pl\/sklep\/?s={search_term_string}"},"query-input":{"@type":"PropertyValueSpecification","valueRequired":true,"valueName":"search_term_string"}}],"inLanguage":"pl-PL"}]}},"_links":{"self":[{"href":"https:\/\/ironsky.pl\/sklep\/wp-json\/wp\/v2\/product\/26707","targetHints":{"allow":["GET"]}}],"collection":[{"href":"https:\/\/ironsky.pl\/sklep\/wp-json\/wp\/v2\/product"}],"about":[{"href":"https:\/\/ironsky.pl\/sklep\/wp-json\/wp\/v2\/types\/product"}],"replies":[{"embeddable":true,"href":"https:\/\/ironsky.pl\/sklep\/wp-json\/wp\/v2\/comments?post=26707"}],"wp:featuredmedia":[{"embeddable":true,"href":"https:\/\/ironsky.pl\/sklep\/wp-json\/wp\/v2\/media\/26708"}],"wp:attachment":[{"href":"https:\/\/ironsky.pl\/sklep\/wp-json\/wp\/v2\/media?parent=26707"}],"wp:term":[{"taxonomy":"product_brand","embeddable":true,"href":"https:\/\/ironsky.pl\/sklep\/wp-json\/wp\/v2\/product_brand?post=26707"},{"taxonomy":"product_cat","embeddable":true,"href":"https:\/\/ironsky.pl\/sklep\/wp-json\/wp\/v2\/product_cat?post=26707"},{"taxonomy":"product_tag","embeddable":true,"href":"https:\/\/ironsky.pl\/sklep\/wp-json\/wp\/v2\/product_tag?post=26707"}],"curies":[{"name":"wp","href":"https:\/\/api.w.org\/{rel}","templated":true}]}}