{"id":26557,"date":"2024-09-16T19:39:55","date_gmt":"2024-09-16T17:39:55","guid":{"rendered":"http:\/\/gvshalph.pro-linuxpl.com\/ironskyprodukty\/produkt\/reczny-filtr-kalejdoskopowy-freewell\/"},"modified":"2026-03-05T15:52:32","modified_gmt":"2026-03-05T14:52:32","slug":"reczny-filtr-kalejdoskopowy-freewell","status":"publish","type":"product","link":"https:\/\/ironsky.pl\/sklep\/produkt\/reczny-filtr-kalejdoskopowy-freewell\/","title":{"rendered":"R\u0119czny filtr kalejdoskopowy Freewell"},"content":{"rendered":"<h3>R\u0119czny filtr kalejdoskopowy Freewell<\/h3>\n<\/p>\n<p>R\u0119czny filtr kalejdoskopowy z serii Prism marki Freewell to narz\u0119dzie przeznaczone dla kreatywnych fotograf\u00f3w i filmowc\u00f3w, kt\u00f3rzy chc\u0105 doda\u0107 niepowtarzalnego charakteru i koloru swoim obrazom. Dzia\u0142a on najlepiej w zakresie ogniskowych od 35mm do 85mm oraz przy u\u017cyciu obiektyw\u00f3w o przys\u0142onach 2.8, 2 i 1.4. Pozwala na r\u0119czne sterowanie \u015bwiat\u0142em i g\u0142\u0119bi\u0105 ostro\u015bci, aby uzyska\u0107 wielokrotne za\u0142amania \u015bwiat\u0142a. Dzi\u0119ki temu otrzymujesz efekt kalejdoskopu, dziel\u0105cego obraz na wielobarwne i wielowymiarowe fragmenty, kt\u00f3ry dodaje dynamiczno\u015bci i artystycznego wymiaru Twoim zdj\u0119ciom i filmom.<\/p>\n<\/p>\n<p>\n<img decoding=\"async\" src=\"https:\/\/assets.innpro.pl\/5288\/6192\/1.jpg\" border=\"0\" \/>\n<\/p>\n<h3>W zestawie<\/h3>\n<p>R\u0119czny filtr kalejdoskopowy 150mm<\/p>\n<p>Etui na filtr<\/p>\n<p>\u015aciereczka do czyszczenia<\/p>\n<div class=\"table-wrapper\">\n<p>\u00a0<\/p>\n<h3><\/h3>\n<table>\n<tbody>\n<tr>\n<th>Producent<\/th>\n<td>Freewell<\/td>\n<\/tr>\n<tr>\n<th>Kod producenta<\/th>\n<td>FW-PR-HSK<\/td>\n<\/tr>\n<tr>\n<th>Typ<\/th>\n<td>Filtr kalejdoskopowy<\/td>\n<\/tr>\n<tr>\n<th>Seria<\/th>\n<td>Prism<\/td>\n<\/tr>\n<tr>\n<th>Kompatybilno\u015b\u0107<\/th>\n<td>Ogniskowe od 35mm do 85mm, obiektywy o przys\u0142onach 2.8, 2, 1.4<\/td>\n<\/tr>\n<tr>\n<th>Rozmiar<\/th>\n<td>150mm<\/td>\n<\/tr>\n<\/tbody>\n<\/table>\n<\/div>\n","protected":false},"excerpt":{"rendered":"<p>R\u0119czny filtr kalejdoskopowy Freewell R\u0119czny filtr kalejdoskopowy z serii Prism marki Freewell to narz\u0119dzie przeznaczone dla kreatywnych fotograf\u00f3w i filmowc\u00f3w,<\/p>\n","protected":false},"featured_media":26558,"comment_status":"closed","ping_status":"open","template":"","meta":{"_acf_changed":false},"product_brand":[],"product_cat":[1132,1133,1128],"product_tag":[],"class_list":{"0":"post-26557","1":"product","2":"type-product","3":"status-publish","4":"has-post-thumbnail","6":"product_cat-filtry-foto","7":"product_cat-do-lustrzanek","8":"product_cat-foto-wideo","9":"pa_box-height-2818","10":"pa_box-length-4774","11":"pa_box-width-1325","12":"pa_gross-weight-4818","13":"pa_kolejna-dostawa-19-09-2024","14":"pa_net-weight-3468","15":"pa_obiektyw-mm-4838","16":"pa_zestaw-nie","18":"first","19":"outofstock","20":"taxable","21":"shipping-taxable","22":"purchasable","23":"product-type-simple"},"acf":[],"yoast_head":"<!-- This site is optimized with the Yoast SEO plugin v27.2 - https:\/\/yoast.com\/product\/yoast-seo-wordpress\/ -->\n<title>R\u0119czny filtr kalejdoskopowy Freewell - IRONSKY.PL Sklep z Dronami<\/title>\n<meta name=\"description\" content=\"R\u0119czny filtr kalejdoskopowy Freewell - \u2705 sklep z dronami i fachowym doradztwem. \u2705 Tutaj kupisz produkty DJI, Yuneec, Parrot, Syma i wiele innych, a tak\u017ce kursy i licencje na operatora drona.\" \/>\n<meta name=\"robots\" content=\"index, follow, max-snippet:-1, max-image-preview:large, max-video-preview:-1\" \/>\n<link rel=\"canonical\" href=\"https:\/\/ironsky.pl\/sklep\/produkt\/reczny-filtr-kalejdoskopowy-freewell\/\" \/>\n<meta property=\"og:locale\" content=\"pl_PL\" \/>\n<meta property=\"og:type\" content=\"article\" \/>\n<meta property=\"og:title\" content=\"R\u0119czny filtr kalejdoskopowy Freewell - IRONSKY.PL Sklep z Dronami\" \/>\n<meta property=\"og:description\" content=\"R\u0119czny filtr kalejdoskopowy Freewell - \u2705 sklep z dronami i fachowym doradztwem. \u2705 Tutaj kupisz produkty DJI, Yuneec, Parrot, Syma i wiele innych, a tak\u017ce kursy i licencje na operatora drona.\" \/>\n<meta property=\"og:url\" content=\"https:\/\/ironsky.pl\/sklep\/produkt\/reczny-filtr-kalejdoskopowy-freewell\/\" \/>\n<meta property=\"og:site_name\" content=\"IRONSKY.PL Sklep z Dronami\" \/>\n<meta property=\"article:modified_time\" content=\"2026-03-05T14:52:32+00:00\" \/>\n<meta property=\"og:image\" content=\"https:\/\/ironsky.pl\/sklep\/wp-content\/uploads\/2024\/09\/41455_1.jpg\" \/>\n\t<meta property=\"og:image:width\" content=\"800\" \/>\n\t<meta property=\"og:image:height\" content=\"800\" \/>\n\t<meta property=\"og:image:type\" content=\"image\/jpeg\" \/>\n<meta name=\"twitter:card\" content=\"summary_large_image\" \/>\n<meta name=\"twitter:label1\" content=\"Szacowany czas czytania\" \/>\n\t<meta name=\"twitter:data1\" content=\"1 minuta\" \/>\n<script type=\"application\/ld+json\" class=\"yoast-schema-graph\">{\"@context\":\"https:\/\/schema.org\",\"@graph\":[{\"@type\":\"WebPage\",\"@id\":\"https:\/\/ironsky.pl\/sklep\/produkt\/reczny-filtr-kalejdoskopowy-freewell\/\",\"url\":\"https:\/\/ironsky.pl\/sklep\/produkt\/reczny-filtr-kalejdoskopowy-freewell\/\",\"name\":\"R\u0119czny filtr kalejdoskopowy Freewell - IRONSKY.PL Sklep z Dronami\",\"isPartOf\":{\"@id\":\"https:\/\/ironsky.pl\/sklep\/#website\"},\"primaryImageOfPage\":{\"@id\":\"https:\/\/ironsky.pl\/sklep\/produkt\/reczny-filtr-kalejdoskopowy-freewell\/#primaryimage\"},\"image\":{\"@id\":\"https:\/\/ironsky.pl\/sklep\/produkt\/reczny-filtr-kalejdoskopowy-freewell\/#primaryimage\"},\"thumbnailUrl\":\"https:\/\/ironsky.pl\/sklep\/wp-content\/uploads\/2024\/09\/41455_1.jpg\",\"datePublished\":\"2024-09-16T17:39:55+00:00\",\"dateModified\":\"2026-03-05T14:52:32+00:00\",\"description\":\"R\u0119czny filtr kalejdoskopowy Freewell - \u2705 sklep z dronami i fachowym doradztwem. \u2705 Tutaj kupisz produkty DJI, Yuneec, Parrot, Syma i wiele innych, a tak\u017ce kursy i licencje na operatora drona.\",\"breadcrumb\":{\"@id\":\"https:\/\/ironsky.pl\/sklep\/produkt\/reczny-filtr-kalejdoskopowy-freewell\/#breadcrumb\"},\"inLanguage\":\"pl-PL\",\"potentialAction\":[{\"@type\":\"ReadAction\",\"target\":[\"https:\/\/ironsky.pl\/sklep\/produkt\/reczny-filtr-kalejdoskopowy-freewell\/\"]}]},{\"@type\":\"ImageObject\",\"inLanguage\":\"pl-PL\",\"@id\":\"https:\/\/ironsky.pl\/sklep\/produkt\/reczny-filtr-kalejdoskopowy-freewell\/#primaryimage\",\"url\":\"https:\/\/ironsky.pl\/sklep\/wp-content\/uploads\/2024\/09\/41455_1.jpg\",\"contentUrl\":\"https:\/\/ironsky.pl\/sklep\/wp-content\/uploads\/2024\/09\/41455_1.jpg\",\"width\":800,\"height\":800},{\"@type\":\"BreadcrumbList\",\"@id\":\"https:\/\/ironsky.pl\/sklep\/produkt\/reczny-filtr-kalejdoskopowy-freewell\/#breadcrumb\",\"itemListElement\":[{\"@type\":\"ListItem\",\"position\":1,\"name\":\"Strona g\u0142\u00f3wna\",\"item\":\"https:\/\/ironsky.pl\/sklep\/\"},{\"@type\":\"ListItem\",\"position\":2,\"name\":\"Wszystkie produkty\",\"item\":\"https:\/\/ironsky.pl\/sklep\/produkty\/\"},{\"@type\":\"ListItem\",\"position\":3,\"name\":\"R\u0119czny filtr kalejdoskopowy Freewell\"}]},{\"@type\":\"WebSite\",\"@id\":\"https:\/\/ironsky.pl\/sklep\/#website\",\"url\":\"https:\/\/ironsky.pl\/sklep\/\",\"name\":\"IRONSKY.PL Sklep z Dronami\",\"description\":\"IRONSKY.PL Sklep z Dronami\",\"potentialAction\":[{\"@type\":\"SearchAction\",\"target\":{\"@type\":\"EntryPoint\",\"urlTemplate\":\"https:\/\/ironsky.pl\/sklep\/?s={search_term_string}\"},\"query-input\":{\"@type\":\"PropertyValueSpecification\",\"valueRequired\":true,\"valueName\":\"search_term_string\"}}],\"inLanguage\":\"pl-PL\"}]}<\/script>\n<!-- \/ Yoast SEO plugin. -->","yoast_head_json":{"title":"R\u0119czny filtr kalejdoskopowy Freewell - IRONSKY.PL Sklep z Dronami","description":"R\u0119czny filtr kalejdoskopowy Freewell - \u2705 sklep z dronami i fachowym doradztwem. \u2705 Tutaj kupisz produkty DJI, Yuneec, Parrot, Syma i wiele innych, a tak\u017ce kursy i licencje na operatora drona.","robots":{"index":"index","follow":"follow","max-snippet":"max-snippet:-1","max-image-preview":"max-image-preview:large","max-video-preview":"max-video-preview:-1"},"canonical":"https:\/\/ironsky.pl\/sklep\/produkt\/reczny-filtr-kalejdoskopowy-freewell\/","og_locale":"pl_PL","og_type":"article","og_title":"R\u0119czny filtr kalejdoskopowy Freewell - IRONSKY.PL Sklep z Dronami","og_description":"R\u0119czny filtr kalejdoskopowy Freewell - \u2705 sklep z dronami i fachowym doradztwem. \u2705 Tutaj kupisz produkty DJI, Yuneec, Parrot, Syma i wiele innych, a tak\u017ce kursy i licencje na operatora drona.","og_url":"https:\/\/ironsky.pl\/sklep\/produkt\/reczny-filtr-kalejdoskopowy-freewell\/","og_site_name":"IRONSKY.PL Sklep z Dronami","article_modified_time":"2026-03-05T14:52:32+00:00","og_image":[{"width":800,"height":800,"url":"https:\/\/ironsky.pl\/sklep\/wp-content\/uploads\/2024\/09\/41455_1.jpg","type":"image\/jpeg"}],"twitter_card":"summary_large_image","twitter_misc":{"Szacowany czas czytania":"1 minuta"},"schema":{"@context":"https:\/\/schema.org","@graph":[{"@type":"WebPage","@id":"https:\/\/ironsky.pl\/sklep\/produkt\/reczny-filtr-kalejdoskopowy-freewell\/","url":"https:\/\/ironsky.pl\/sklep\/produkt\/reczny-filtr-kalejdoskopowy-freewell\/","name":"R\u0119czny filtr kalejdoskopowy Freewell - IRONSKY.PL Sklep z Dronami","isPartOf":{"@id":"https:\/\/ironsky.pl\/sklep\/#website"},"primaryImageOfPage":{"@id":"https:\/\/ironsky.pl\/sklep\/produkt\/reczny-filtr-kalejdoskopowy-freewell\/#primaryimage"},"image":{"@id":"https:\/\/ironsky.pl\/sklep\/produkt\/reczny-filtr-kalejdoskopowy-freewell\/#primaryimage"},"thumbnailUrl":"https:\/\/ironsky.pl\/sklep\/wp-content\/uploads\/2024\/09\/41455_1.jpg","datePublished":"2024-09-16T17:39:55+00:00","dateModified":"2026-03-05T14:52:32+00:00","description":"R\u0119czny filtr kalejdoskopowy Freewell - \u2705 sklep z dronami i fachowym doradztwem. \u2705 Tutaj kupisz produkty DJI, Yuneec, Parrot, Syma i wiele innych, a tak\u017ce kursy i licencje na operatora drona.","breadcrumb":{"@id":"https:\/\/ironsky.pl\/sklep\/produkt\/reczny-filtr-kalejdoskopowy-freewell\/#breadcrumb"},"inLanguage":"pl-PL","potentialAction":[{"@type":"ReadAction","target":["https:\/\/ironsky.pl\/sklep\/produkt\/reczny-filtr-kalejdoskopowy-freewell\/"]}]},{"@type":"ImageObject","inLanguage":"pl-PL","@id":"https:\/\/ironsky.pl\/sklep\/produkt\/reczny-filtr-kalejdoskopowy-freewell\/#primaryimage","url":"https:\/\/ironsky.pl\/sklep\/wp-content\/uploads\/2024\/09\/41455_1.jpg","contentUrl":"https:\/\/ironsky.pl\/sklep\/wp-content\/uploads\/2024\/09\/41455_1.jpg","width":800,"height":800},{"@type":"BreadcrumbList","@id":"https:\/\/ironsky.pl\/sklep\/produkt\/reczny-filtr-kalejdoskopowy-freewell\/#breadcrumb","itemListElement":[{"@type":"ListItem","position":1,"name":"Strona g\u0142\u00f3wna","item":"https:\/\/ironsky.pl\/sklep\/"},{"@type":"ListItem","position":2,"name":"Wszystkie produkty","item":"https:\/\/ironsky.pl\/sklep\/produkty\/"},{"@type":"ListItem","position":3,"name":"R\u0119czny filtr kalejdoskopowy Freewell"}]},{"@type":"WebSite","@id":"https:\/\/ironsky.pl\/sklep\/#website","url":"https:\/\/ironsky.pl\/sklep\/","name":"IRONSKY.PL Sklep z Dronami","description":"IRONSKY.PL Sklep z Dronami","potentialAction":[{"@type":"SearchAction","target":{"@type":"EntryPoint","urlTemplate":"https:\/\/ironsky.pl\/sklep\/?s={search_term_string}"},"query-input":{"@type":"PropertyValueSpecification","valueRequired":true,"valueName":"search_term_string"}}],"inLanguage":"pl-PL"}]}},"_links":{"self":[{"href":"https:\/\/ironsky.pl\/sklep\/wp-json\/wp\/v2\/product\/26557","targetHints":{"allow":["GET"]}}],"collection":[{"href":"https:\/\/ironsky.pl\/sklep\/wp-json\/wp\/v2\/product"}],"about":[{"href":"https:\/\/ironsky.pl\/sklep\/wp-json\/wp\/v2\/types\/product"}],"replies":[{"embeddable":true,"href":"https:\/\/ironsky.pl\/sklep\/wp-json\/wp\/v2\/comments?post=26557"}],"wp:featuredmedia":[{"embeddable":true,"href":"https:\/\/ironsky.pl\/sklep\/wp-json\/wp\/v2\/media\/26558"}],"wp:attachment":[{"href":"https:\/\/ironsky.pl\/sklep\/wp-json\/wp\/v2\/media?parent=26557"}],"wp:term":[{"taxonomy":"product_brand","embeddable":true,"href":"https:\/\/ironsky.pl\/sklep\/wp-json\/wp\/v2\/product_brand?post=26557"},{"taxonomy":"product_cat","embeddable":true,"href":"https:\/\/ironsky.pl\/sklep\/wp-json\/wp\/v2\/product_cat?post=26557"},{"taxonomy":"product_tag","embeddable":true,"href":"https:\/\/ironsky.pl\/sklep\/wp-json\/wp\/v2\/product_tag?post=26557"}],"curies":[{"name":"wp","href":"https:\/\/api.w.org\/{rel}","templated":true}]}}