{"id":26525,"date":"2024-09-16T19:39:21","date_gmt":"2024-09-16T17:39:21","guid":{"rendered":"http:\/\/gvshalph.pro-linuxpl.com\/ironskyprodukty\/produkt\/filtr-nd64-freewell-seria-m2-67mm\/"},"modified":"2026-03-05T15:52:30","modified_gmt":"2026-03-05T14:52:30","slug":"filtr-nd64-freewell-seria-m2-67mm","status":"publish","type":"product","link":"https:\/\/ironsky.pl\/sklep\/produkt\/filtr-nd64-freewell-seria-m2-67mm\/","title":{"rendered":"Filtr ND64 Freewell Seria M2 67mm"},"content":{"rendered":"<h3>Filtr ND64 Freewell Seria M2 67 mm<\/h3>\n<\/p>\n<p>Tw\u00f3rz wyj\u0105tkowe uj\u0119cia w imponuj\u0105cej jako\u015bci. Filtr ND64 skutecznie zmniejsza ekspozycj\u0119, jednocze\u015bnie zachowuj\u0105c ostro\u015b\u0107 i nasycenie kolor\u00f3w. Co wi\u0119cej, os\u0142ona obiektywu z wygodnym uchwytem chroni go przed zanieczyszczeniami i uszkodzeniem, a magnetyczny adapter pozwala z \u0142atwo\u015bci\u0105 zamontowa\u0107 filtr. Ponadto dedykowane etui u\u0142atwia przechowywanie produktu.\u00a0<\/p>\n<\/p>\n<p>\n<img decoding=\"async\" src=\"https:\/\/assets.innpro.pl\/5185\/6085\/3.jpg\" border=\"0\" \/>\n<\/p>\n<h3>R\u00f3\u017cne scenariusze u\u017cytkowania<\/h3>\n<\/p>\n<p>Filtr ND okazuje si\u0119 by\u0107 niezb\u0119dnym narz\u0119dziem do robienia zdj\u0119\u0107 i nagrywania film\u00f3w. Pozwala skutecznie zredukowa\u0107 ekspozycj\u0119 przy jednoczesnym zachowaniu szczeg\u00f3\u0142\u00f3w i nasycenia kolor\u00f3w. Co wi\u0119cej, zmniejsza czas otwarcia migawki. Korzystaj\u0105c z zaawansowanych funkcji filtra ND, mo\u017cna rejestrowa\u0107 dok\u0142adne i bardziej realistyczne obrazy o bardziej naturalnych kolorach.<\/p>\n<\/p>\n<p>\n<img decoding=\"async\" src=\"https:\/\/assets.innpro.pl\/5185\/6085\/1.jpg\" border=\"0\" \/>\n<\/p>\n<h3>Dopracowana konstrukcja<\/h3>\n<\/p>\n<p>Filtr Freewell zosta\u0142 wykonany z niemieckiego szk\u0142a optycznego i powsta\u0142 w oparciu o proces powlekania wielowarstwowego, co zapewnia nie tylko doskona\u0142\u0105 ochron\u0119 przed zarysowaniami, ale tak\u017ce niezr\u00f3wnan\u0105 jako\u015b\u0107 obrazu. Jest wodoodporny, py\u0142oszczelny i olejoodporny, zapewniaj\u0105c niezawodno\u015b\u0107\u00a0 nawet w najbardziej wymagaj\u0105cych warunkach.<\/p>\n<\/p>\n<p>\n<img decoding=\"async\" src=\"https:\/\/assets.innpro.pl\/5185\/6085\/4.jpg\" border=\"0\" \/>\n<\/p>\n<h3>Szybki i prosty monta\u017c<\/h3>\n<\/p>\n<p>Pozw\u00f3l sobie na szybk\u0105 zmian\u0119 filtr\u00f3w i nie martw si\u0119, \u017ce umknie Ci doskona\u0142e uj\u0119cie. System magnetyczny pozwala na wymian\u0119 filtr\u00f3w w mgnieniu oka. Zapomnij o uci\u0105\u017cliwym dokr\u0119caniu i odkr\u0119caniu filtr\u00f3w. Wystarczy jedna sekunda, aby zastosowa\u0107 nowy filtr. Dzi\u0119ki zwi\u0119kszonej sile magnetycznej mocowanie jest niezawodne, co oznacza, \u017ce \u200b\u200bmo\u017cesz skoncentrowa\u0107 si\u0119 na tworzeniu wspania\u0142ych uj\u0119\u0107, bez obaw o stabilno\u015b\u0107.<\/p>\n<\/p>\n<p>\n<img decoding=\"async\" src=\"https:\/\/assets.innpro.pl\/5185\/6085\/2.jpg\" border=\"0\" \/>\n<\/p>\n<h3>W zestawie<\/h3>\n<ul class=\"list-disc pl-5\">\n<li>filtr ND64<\/li>\n<li>\n<p style=\"text-align:justify\">magnetyczny adapter<\/p>\n<\/li>\n<li>\n<p style=\"text-align:justify\">os\u0142ona na obiektyw z uchwytem<\/p>\n<\/li>\n<li>\n<p style=\"text-align:justify\">\u015bciereczka do czyszczenia<\/p>\n<\/li>\n<li>\n<p style=\"text-align:justify\">etui<\/p>\n<\/li>\n<\/ul>\n<div class=\"table-wrapper\">\n<p>\u00a0<\/p>\n<h3><\/h3>\n<table>\n<tbody>\n<tr>\n<th>Producent<\/th>\n<td>Freewell<\/td>\n<\/tr>\n<tr>\n<th>Model<\/th>\n<td>FW-67M2-ND63<\/td>\n<\/tr>\n<tr>\n<th>Seria<\/th>\n<td>M2<\/td>\n<\/tr>\n<tr>\n<th>\u015arednica<\/th>\n<td>67 mm<\/td>\n<\/tr>\n<tr>\n<th>Waga<\/th>\n<td>21 g (\u0142\u0105cznie z magnetyczn\u0105 ramk\u0105)<\/td>\n<\/tr>\n<\/tbody>\n<\/table>\n<\/div>\n","protected":false},"excerpt":{"rendered":"<p>Filtr ND64 Freewell Seria M2 67 mm Tw\u00f3rz wyj\u0105tkowe uj\u0119cia w imponuj\u0105cej jako\u015bci. Filtr ND64 skutecznie zmniejsza ekspozycj\u0119, jednocze\u015bnie zachowuj\u0105c<\/p>\n","protected":false},"featured_media":26526,"comment_status":"closed","ping_status":"open","template":"","meta":{"_acf_changed":false},"product_brand":[],"product_cat":[1132,1133,1128],"product_tag":[],"class_list":{"0":"post-26525","1":"product","2":"type-product","3":"status-publish","4":"has-post-thumbnail","6":"product_cat-filtry-foto","7":"product_cat-do-lustrzanek","8":"product_cat-foto-wideo","9":"pa_box-height-2378","10":"pa_box-length-1345","11":"pa_box-width-1831","12":"pa_gross-weight-3919","13":"pa_net-weight-2508","14":"pa_obiektyw-mm-1748","15":"pa_zestaw-nie","17":"first","18":"outofstock","19":"taxable","20":"shipping-taxable","21":"purchasable","22":"product-type-simple"},"acf":[],"yoast_head":"<!-- This site is optimized with the Yoast SEO plugin v27.2 - https:\/\/yoast.com\/product\/yoast-seo-wordpress\/ -->\n<title>Filtr ND64 Freewell Seria M2 67mm - IRONSKY.PL Sklep z Dronami<\/title>\n<meta name=\"description\" content=\"Filtr ND64 Freewell Seria M2 67mm - \u2705 sklep z dronami i fachowym doradztwem. \u2705 Tutaj kupisz produkty DJI, Yuneec, Parrot, Syma i wiele innych, a tak\u017ce kursy i licencje na operatora drona.\" \/>\n<meta name=\"robots\" content=\"index, follow, max-snippet:-1, max-image-preview:large, max-video-preview:-1\" \/>\n<link rel=\"canonical\" href=\"https:\/\/ironsky.pl\/sklep\/produkt\/filtr-nd64-freewell-seria-m2-67mm\/\" \/>\n<meta property=\"og:locale\" content=\"pl_PL\" \/>\n<meta property=\"og:type\" content=\"article\" \/>\n<meta property=\"og:title\" content=\"Filtr ND64 Freewell Seria M2 67mm - IRONSKY.PL Sklep z Dronami\" \/>\n<meta property=\"og:description\" content=\"Filtr ND64 Freewell Seria M2 67mm - \u2705 sklep z dronami i fachowym doradztwem. \u2705 Tutaj kupisz produkty DJI, Yuneec, Parrot, Syma i wiele innych, a tak\u017ce kursy i licencje na operatora drona.\" \/>\n<meta property=\"og:url\" content=\"https:\/\/ironsky.pl\/sklep\/produkt\/filtr-nd64-freewell-seria-m2-67mm\/\" \/>\n<meta property=\"og:site_name\" content=\"IRONSKY.PL Sklep z Dronami\" \/>\n<meta property=\"article:modified_time\" content=\"2026-03-05T14:52:30+00:00\" \/>\n<meta property=\"og:image\" content=\"https:\/\/ironsky.pl\/sklep\/wp-content\/uploads\/2024\/09\/41434_1.jpg\" \/>\n\t<meta property=\"og:image:width\" content=\"800\" \/>\n\t<meta property=\"og:image:height\" content=\"800\" \/>\n\t<meta property=\"og:image:type\" content=\"image\/jpeg\" \/>\n<meta name=\"twitter:card\" content=\"summary_large_image\" \/>\n<meta name=\"twitter:label1\" content=\"Szacowany czas czytania\" \/>\n\t<meta name=\"twitter:data1\" content=\"1 minuta\" \/>\n<script type=\"application\/ld+json\" class=\"yoast-schema-graph\">{\"@context\":\"https:\/\/schema.org\",\"@graph\":[{\"@type\":\"WebPage\",\"@id\":\"https:\/\/ironsky.pl\/sklep\/produkt\/filtr-nd64-freewell-seria-m2-67mm\/\",\"url\":\"https:\/\/ironsky.pl\/sklep\/produkt\/filtr-nd64-freewell-seria-m2-67mm\/\",\"name\":\"Filtr ND64 Freewell Seria M2 67mm - IRONSKY.PL Sklep z Dronami\",\"isPartOf\":{\"@id\":\"https:\/\/ironsky.pl\/sklep\/#website\"},\"primaryImageOfPage\":{\"@id\":\"https:\/\/ironsky.pl\/sklep\/produkt\/filtr-nd64-freewell-seria-m2-67mm\/#primaryimage\"},\"image\":{\"@id\":\"https:\/\/ironsky.pl\/sklep\/produkt\/filtr-nd64-freewell-seria-m2-67mm\/#primaryimage\"},\"thumbnailUrl\":\"https:\/\/ironsky.pl\/sklep\/wp-content\/uploads\/2024\/09\/41434_1.jpg\",\"datePublished\":\"2024-09-16T17:39:21+00:00\",\"dateModified\":\"2026-03-05T14:52:30+00:00\",\"description\":\"Filtr ND64 Freewell Seria M2 67mm - \u2705 sklep z dronami i fachowym doradztwem. \u2705 Tutaj kupisz produkty DJI, Yuneec, Parrot, Syma i wiele innych, a tak\u017ce kursy i licencje na operatora drona.\",\"breadcrumb\":{\"@id\":\"https:\/\/ironsky.pl\/sklep\/produkt\/filtr-nd64-freewell-seria-m2-67mm\/#breadcrumb\"},\"inLanguage\":\"pl-PL\",\"potentialAction\":[{\"@type\":\"ReadAction\",\"target\":[\"https:\/\/ironsky.pl\/sklep\/produkt\/filtr-nd64-freewell-seria-m2-67mm\/\"]}]},{\"@type\":\"ImageObject\",\"inLanguage\":\"pl-PL\",\"@id\":\"https:\/\/ironsky.pl\/sklep\/produkt\/filtr-nd64-freewell-seria-m2-67mm\/#primaryimage\",\"url\":\"https:\/\/ironsky.pl\/sklep\/wp-content\/uploads\/2024\/09\/41434_1.jpg\",\"contentUrl\":\"https:\/\/ironsky.pl\/sklep\/wp-content\/uploads\/2024\/09\/41434_1.jpg\",\"width\":800,\"height\":800},{\"@type\":\"BreadcrumbList\",\"@id\":\"https:\/\/ironsky.pl\/sklep\/produkt\/filtr-nd64-freewell-seria-m2-67mm\/#breadcrumb\",\"itemListElement\":[{\"@type\":\"ListItem\",\"position\":1,\"name\":\"Strona g\u0142\u00f3wna\",\"item\":\"https:\/\/ironsky.pl\/sklep\/\"},{\"@type\":\"ListItem\",\"position\":2,\"name\":\"Wszystkie produkty\",\"item\":\"https:\/\/ironsky.pl\/sklep\/produkty\/\"},{\"@type\":\"ListItem\",\"position\":3,\"name\":\"Filtr ND64 Freewell Seria M2 67mm\"}]},{\"@type\":\"WebSite\",\"@id\":\"https:\/\/ironsky.pl\/sklep\/#website\",\"url\":\"https:\/\/ironsky.pl\/sklep\/\",\"name\":\"IRONSKY.PL Sklep z Dronami\",\"description\":\"IRONSKY.PL Sklep z Dronami\",\"potentialAction\":[{\"@type\":\"SearchAction\",\"target\":{\"@type\":\"EntryPoint\",\"urlTemplate\":\"https:\/\/ironsky.pl\/sklep\/?s={search_term_string}\"},\"query-input\":{\"@type\":\"PropertyValueSpecification\",\"valueRequired\":true,\"valueName\":\"search_term_string\"}}],\"inLanguage\":\"pl-PL\"}]}<\/script>\n<!-- \/ Yoast SEO plugin. -->","yoast_head_json":{"title":"Filtr ND64 Freewell Seria M2 67mm - IRONSKY.PL Sklep z Dronami","description":"Filtr ND64 Freewell Seria M2 67mm - \u2705 sklep z dronami i fachowym doradztwem. \u2705 Tutaj kupisz produkty DJI, Yuneec, Parrot, Syma i wiele innych, a tak\u017ce kursy i licencje na operatora drona.","robots":{"index":"index","follow":"follow","max-snippet":"max-snippet:-1","max-image-preview":"max-image-preview:large","max-video-preview":"max-video-preview:-1"},"canonical":"https:\/\/ironsky.pl\/sklep\/produkt\/filtr-nd64-freewell-seria-m2-67mm\/","og_locale":"pl_PL","og_type":"article","og_title":"Filtr ND64 Freewell Seria M2 67mm - IRONSKY.PL Sklep z Dronami","og_description":"Filtr ND64 Freewell Seria M2 67mm - \u2705 sklep z dronami i fachowym doradztwem. \u2705 Tutaj kupisz produkty DJI, Yuneec, Parrot, Syma i wiele innych, a tak\u017ce kursy i licencje na operatora drona.","og_url":"https:\/\/ironsky.pl\/sklep\/produkt\/filtr-nd64-freewell-seria-m2-67mm\/","og_site_name":"IRONSKY.PL Sklep z Dronami","article_modified_time":"2026-03-05T14:52:30+00:00","og_image":[{"width":800,"height":800,"url":"https:\/\/ironsky.pl\/sklep\/wp-content\/uploads\/2024\/09\/41434_1.jpg","type":"image\/jpeg"}],"twitter_card":"summary_large_image","twitter_misc":{"Szacowany czas czytania":"1 minuta"},"schema":{"@context":"https:\/\/schema.org","@graph":[{"@type":"WebPage","@id":"https:\/\/ironsky.pl\/sklep\/produkt\/filtr-nd64-freewell-seria-m2-67mm\/","url":"https:\/\/ironsky.pl\/sklep\/produkt\/filtr-nd64-freewell-seria-m2-67mm\/","name":"Filtr ND64 Freewell Seria M2 67mm - IRONSKY.PL Sklep z Dronami","isPartOf":{"@id":"https:\/\/ironsky.pl\/sklep\/#website"},"primaryImageOfPage":{"@id":"https:\/\/ironsky.pl\/sklep\/produkt\/filtr-nd64-freewell-seria-m2-67mm\/#primaryimage"},"image":{"@id":"https:\/\/ironsky.pl\/sklep\/produkt\/filtr-nd64-freewell-seria-m2-67mm\/#primaryimage"},"thumbnailUrl":"https:\/\/ironsky.pl\/sklep\/wp-content\/uploads\/2024\/09\/41434_1.jpg","datePublished":"2024-09-16T17:39:21+00:00","dateModified":"2026-03-05T14:52:30+00:00","description":"Filtr ND64 Freewell Seria M2 67mm - \u2705 sklep z dronami i fachowym doradztwem. \u2705 Tutaj kupisz produkty DJI, Yuneec, Parrot, Syma i wiele innych, a tak\u017ce kursy i licencje na operatora drona.","breadcrumb":{"@id":"https:\/\/ironsky.pl\/sklep\/produkt\/filtr-nd64-freewell-seria-m2-67mm\/#breadcrumb"},"inLanguage":"pl-PL","potentialAction":[{"@type":"ReadAction","target":["https:\/\/ironsky.pl\/sklep\/produkt\/filtr-nd64-freewell-seria-m2-67mm\/"]}]},{"@type":"ImageObject","inLanguage":"pl-PL","@id":"https:\/\/ironsky.pl\/sklep\/produkt\/filtr-nd64-freewell-seria-m2-67mm\/#primaryimage","url":"https:\/\/ironsky.pl\/sklep\/wp-content\/uploads\/2024\/09\/41434_1.jpg","contentUrl":"https:\/\/ironsky.pl\/sklep\/wp-content\/uploads\/2024\/09\/41434_1.jpg","width":800,"height":800},{"@type":"BreadcrumbList","@id":"https:\/\/ironsky.pl\/sklep\/produkt\/filtr-nd64-freewell-seria-m2-67mm\/#breadcrumb","itemListElement":[{"@type":"ListItem","position":1,"name":"Strona g\u0142\u00f3wna","item":"https:\/\/ironsky.pl\/sklep\/"},{"@type":"ListItem","position":2,"name":"Wszystkie produkty","item":"https:\/\/ironsky.pl\/sklep\/produkty\/"},{"@type":"ListItem","position":3,"name":"Filtr ND64 Freewell Seria M2 67mm"}]},{"@type":"WebSite","@id":"https:\/\/ironsky.pl\/sklep\/#website","url":"https:\/\/ironsky.pl\/sklep\/","name":"IRONSKY.PL Sklep z Dronami","description":"IRONSKY.PL Sklep z Dronami","potentialAction":[{"@type":"SearchAction","target":{"@type":"EntryPoint","urlTemplate":"https:\/\/ironsky.pl\/sklep\/?s={search_term_string}"},"query-input":{"@type":"PropertyValueSpecification","valueRequired":true,"valueName":"search_term_string"}}],"inLanguage":"pl-PL"}]}},"_links":{"self":[{"href":"https:\/\/ironsky.pl\/sklep\/wp-json\/wp\/v2\/product\/26525","targetHints":{"allow":["GET"]}}],"collection":[{"href":"https:\/\/ironsky.pl\/sklep\/wp-json\/wp\/v2\/product"}],"about":[{"href":"https:\/\/ironsky.pl\/sklep\/wp-json\/wp\/v2\/types\/product"}],"replies":[{"embeddable":true,"href":"https:\/\/ironsky.pl\/sklep\/wp-json\/wp\/v2\/comments?post=26525"}],"wp:featuredmedia":[{"embeddable":true,"href":"https:\/\/ironsky.pl\/sklep\/wp-json\/wp\/v2\/media\/26526"}],"wp:attachment":[{"href":"https:\/\/ironsky.pl\/sklep\/wp-json\/wp\/v2\/media?parent=26525"}],"wp:term":[{"taxonomy":"product_brand","embeddable":true,"href":"https:\/\/ironsky.pl\/sklep\/wp-json\/wp\/v2\/product_brand?post=26525"},{"taxonomy":"product_cat","embeddable":true,"href":"https:\/\/ironsky.pl\/sklep\/wp-json\/wp\/v2\/product_cat?post=26525"},{"taxonomy":"product_tag","embeddable":true,"href":"https:\/\/ironsky.pl\/sklep\/wp-json\/wp\/v2\/product_tag?post=26525"}],"curies":[{"name":"wp","href":"https:\/\/api.w.org\/{rel}","templated":true}]}}