{"id":26507,"date":"2024-09-16T19:38:44","date_gmt":"2024-09-16T17:38:44","guid":{"rendered":"http:\/\/gvshalph.pro-linuxpl.com\/ironskyprodukty\/produkt\/filtr-polaryzacyjny-1-2-mist-polarpro-shortstache-do-obiektywow-49mm\/"},"modified":"2026-03-05T15:52:29","modified_gmt":"2026-03-05T14:52:29","slug":"filtr-polaryzacyjny-1-2-mist-polarpro-shortstache-do-obiektywow-49mm","status":"publish","type":"product","link":"https:\/\/ironsky.pl\/sklep\/produkt\/filtr-polaryzacyjny-1-2-mist-polarpro-shortstache-do-obiektywow-49mm\/","title":{"rendered":"Filtr polaryzacyjny 1\/2 Mist PolarPro ShortStache do obiektyw\u00f3w 49mm"},"content":{"rendered":"<h3>Filtr polaryzacyjny 1\/2 Mist PolarPro ShortStache do obiektyw\u00f3w 49mm<\/h3>\n<\/p>\n<p>Si\u0119gnij po filtr PolarPro ShortStache i odkryj nowe mo\u017cliwo\u015bci! Filtr polaryzacyjny 1\/2 Mist doskona\u0142e \u0142\u0105czy efekt Mist oraz polaryzacji, co gwarantuje subteln\u0105 dyfuzj\u0119, nadaj\u0105c Twoim zdj\u0119ciom niepowtarzalny, vintage&#8217;owy charakter. Wyposa\u017cony w szk\u0142o Chroma Polarizer zapewnia nieskazitelnie czysty obraz, zachowuj\u0105c naturalne barwy bez \u017cadnych przesuni\u0119\u0107. Dzi\u0119ki 16-warstwowej pow\u0142oce filtr gwarantuje r\u00f3wnie\u017c kompleksow\u0105 ochron\u0119 przed zarysowaniami, odblaskami i odciskami palc\u00f3w.<\/p>\n<\/p>\n<p>\n<img decoding=\"async\" src=\"https:\/\/assets.innpro.pl\/4939\/5778\/3.jpg\" border=\"0\" \/>\n<\/p>\n<h3>Stw\u00f3rz filmowy klimat<\/h3>\n<\/p>\n<p>Filtr polaracyjny 1\/2 Mist to klucz do uzyskania nietuzinkowego, filmowego efektu na Twoich zdj\u0119ciach i nagraniach wideo. Po\u0142\u0105czenie polaryzacji i efektu Mist delikatnie rozmywa \u015bwiat\u0142o, nadaj\u0105c obrazom niezwyk\u0142\u0105 g\u0142\u0119bi\u0119 i urok, kt\u00f3ra przypomina styl filmowych produkcji kinowych. Idealnie sprawdza si\u0119 zar\u00f3wno podczas filmowych sesji, jak i dynamicznych sesji fotograficznych, podkre\u015blaj\u0105c ich wyj\u0105tkowy charakter i atmosfer\u0119.<\/p>\n<\/p>\n<p>\n<img decoding=\"async\" src=\"https:\/\/assets.innpro.pl\/4939\/5778\/7.jpg\" border=\"0\" \/>\n<\/p>\n<h3>W zestawie<\/h3>\n<ul class=\"list-disc pl-5\">\n<li>filtr<\/li>\n<li>etui na filtr\u00a0<\/li>\n<li>\u015bciereczka z mikrofibry<\/li>\n<\/ul>\n<div class=\"table-wrapper\">\n<p>\u00a0<\/p>\n<h3><\/h3>\n<table>\n<tbody>\n<tr>\n<th>Producent<\/th>\n<td>PolarPro<\/td>\n<\/tr>\n<tr>\n<th>Model<\/th>\n<td>49-MISTPL-SS<\/td>\n<\/tr>\n<tr>\n<th>Rodzaj filtru<\/th>\n<td>\u00bd Mist + PL<\/td>\n<\/tr>\n<tr>\n<th>Rozmiar<\/th>\n<td>49 mm<\/td>\n<\/tr>\n<\/tbody>\n<\/table>\n<\/div>\n","protected":false},"excerpt":{"rendered":"<p>Filtr polaryzacyjny 1\/2 Mist PolarPro ShortStache do obiektyw\u00f3w 49mm Si\u0119gnij po filtr PolarPro ShortStache i odkryj nowe mo\u017cliwo\u015bci! Filtr polaryzacyjny<\/p>\n","protected":false},"featured_media":26508,"comment_status":"closed","ping_status":"open","template":"","meta":{"_acf_changed":false},"product_brand":[],"product_cat":[1132,1133,1128],"product_tag":[],"class_list":{"0":"post-26507","1":"product","2":"type-product","3":"status-publish","4":"has-post-thumbnail","6":"product_cat-filtry-foto","7":"product_cat-do-lustrzanek","8":"product_cat-foto-wideo","9":"pa_box-height-1745","10":"pa_box-length-1746","11":"pa_box-width-1744","12":"pa_gross-weight-1848","13":"pa_hs-code-1741","14":"pa_kompatybilnosc-filtry","15":"pa_net-weight-1575","16":"pa_obiektyw-mm-4651","17":"pa_zestaw-nie","19":"first","20":"outofstock","21":"taxable","22":"shipping-taxable","23":"purchasable","24":"product-type-simple"},"acf":[],"yoast_head":"<!-- This site is optimized with the Yoast SEO plugin v27.2 - https:\/\/yoast.com\/product\/yoast-seo-wordpress\/ -->\n<title>Filtr polaryzacyjny 1\/2 Mist PolarPro ShortStache do obiektyw\u00f3w 49mm - IRONSKY.PL Sklep z Dronami<\/title>\n<meta name=\"description\" content=\"Filtr polaryzacyjny 1\/2 Mist PolarPro ShortStache do obiektyw\u00f3w 49mm - \u2705 sklep z dronami i fachowym doradztwem. \u2705 Tutaj kupisz produkty DJI, Yuneec, Parrot, Syma i wiele innych, a tak\u017ce kursy i licencje na operatora drona.\" \/>\n<meta name=\"robots\" content=\"index, follow, max-snippet:-1, max-image-preview:large, max-video-preview:-1\" \/>\n<link rel=\"canonical\" href=\"https:\/\/ironsky.pl\/sklep\/produkt\/filtr-polaryzacyjny-1-2-mist-polarpro-shortstache-do-obiektywow-49mm\/\" \/>\n<meta property=\"og:locale\" content=\"pl_PL\" \/>\n<meta property=\"og:type\" content=\"article\" \/>\n<meta property=\"og:title\" content=\"Filtr polaryzacyjny 1\/2 Mist PolarPro ShortStache do obiektyw\u00f3w 49mm - IRONSKY.PL Sklep z Dronami\" \/>\n<meta property=\"og:description\" content=\"Filtr polaryzacyjny 1\/2 Mist PolarPro ShortStache do obiektyw\u00f3w 49mm - \u2705 sklep z dronami i fachowym doradztwem. \u2705 Tutaj kupisz produkty DJI, Yuneec, Parrot, Syma i wiele innych, a tak\u017ce kursy i licencje na operatora drona.\" \/>\n<meta property=\"og:url\" content=\"https:\/\/ironsky.pl\/sklep\/produkt\/filtr-polaryzacyjny-1-2-mist-polarpro-shortstache-do-obiektywow-49mm\/\" \/>\n<meta property=\"og:site_name\" content=\"IRONSKY.PL Sklep z Dronami\" \/>\n<meta property=\"article:modified_time\" content=\"2026-03-05T14:52:29+00:00\" \/>\n<meta property=\"og:image\" content=\"https:\/\/ironsky.pl\/sklep\/wp-content\/uploads\/2024\/09\/41427_1.jpg\" \/>\n\t<meta property=\"og:image:width\" content=\"800\" \/>\n\t<meta property=\"og:image:height\" content=\"800\" \/>\n\t<meta property=\"og:image:type\" content=\"image\/jpeg\" \/>\n<meta name=\"twitter:card\" content=\"summary_large_image\" \/>\n<meta name=\"twitter:label1\" content=\"Szacowany czas czytania\" \/>\n\t<meta name=\"twitter:data1\" content=\"1 minuta\" \/>\n<script type=\"application\/ld+json\" class=\"yoast-schema-graph\">{\"@context\":\"https:\/\/schema.org\",\"@graph\":[{\"@type\":\"WebPage\",\"@id\":\"https:\/\/ironsky.pl\/sklep\/produkt\/filtr-polaryzacyjny-1-2-mist-polarpro-shortstache-do-obiektywow-49mm\/\",\"url\":\"https:\/\/ironsky.pl\/sklep\/produkt\/filtr-polaryzacyjny-1-2-mist-polarpro-shortstache-do-obiektywow-49mm\/\",\"name\":\"Filtr polaryzacyjny 1\/2 Mist PolarPro ShortStache do obiektyw\u00f3w 49mm - IRONSKY.PL Sklep z Dronami\",\"isPartOf\":{\"@id\":\"https:\/\/ironsky.pl\/sklep\/#website\"},\"primaryImageOfPage\":{\"@id\":\"https:\/\/ironsky.pl\/sklep\/produkt\/filtr-polaryzacyjny-1-2-mist-polarpro-shortstache-do-obiektywow-49mm\/#primaryimage\"},\"image\":{\"@id\":\"https:\/\/ironsky.pl\/sklep\/produkt\/filtr-polaryzacyjny-1-2-mist-polarpro-shortstache-do-obiektywow-49mm\/#primaryimage\"},\"thumbnailUrl\":\"https:\/\/ironsky.pl\/sklep\/wp-content\/uploads\/2024\/09\/41427_1.jpg\",\"datePublished\":\"2024-09-16T17:38:44+00:00\",\"dateModified\":\"2026-03-05T14:52:29+00:00\",\"description\":\"Filtr polaryzacyjny 1\/2 Mist PolarPro ShortStache do obiektyw\u00f3w 49mm - \u2705 sklep z dronami i fachowym doradztwem. \u2705 Tutaj kupisz produkty DJI, Yuneec, Parrot, Syma i wiele innych, a tak\u017ce kursy i licencje na operatora drona.\",\"breadcrumb\":{\"@id\":\"https:\/\/ironsky.pl\/sklep\/produkt\/filtr-polaryzacyjny-1-2-mist-polarpro-shortstache-do-obiektywow-49mm\/#breadcrumb\"},\"inLanguage\":\"pl-PL\",\"potentialAction\":[{\"@type\":\"ReadAction\",\"target\":[\"https:\/\/ironsky.pl\/sklep\/produkt\/filtr-polaryzacyjny-1-2-mist-polarpro-shortstache-do-obiektywow-49mm\/\"]}]},{\"@type\":\"ImageObject\",\"inLanguage\":\"pl-PL\",\"@id\":\"https:\/\/ironsky.pl\/sklep\/produkt\/filtr-polaryzacyjny-1-2-mist-polarpro-shortstache-do-obiektywow-49mm\/#primaryimage\",\"url\":\"https:\/\/ironsky.pl\/sklep\/wp-content\/uploads\/2024\/09\/41427_1.jpg\",\"contentUrl\":\"https:\/\/ironsky.pl\/sklep\/wp-content\/uploads\/2024\/09\/41427_1.jpg\",\"width\":800,\"height\":800},{\"@type\":\"BreadcrumbList\",\"@id\":\"https:\/\/ironsky.pl\/sklep\/produkt\/filtr-polaryzacyjny-1-2-mist-polarpro-shortstache-do-obiektywow-49mm\/#breadcrumb\",\"itemListElement\":[{\"@type\":\"ListItem\",\"position\":1,\"name\":\"Strona g\u0142\u00f3wna\",\"item\":\"https:\/\/ironsky.pl\/sklep\/\"},{\"@type\":\"ListItem\",\"position\":2,\"name\":\"Wszystkie produkty\",\"item\":\"https:\/\/ironsky.pl\/sklep\/produkty\/\"},{\"@type\":\"ListItem\",\"position\":3,\"name\":\"Filtr polaryzacyjny 1\/2 Mist PolarPro ShortStache do obiektyw\u00f3w 49mm\"}]},{\"@type\":\"WebSite\",\"@id\":\"https:\/\/ironsky.pl\/sklep\/#website\",\"url\":\"https:\/\/ironsky.pl\/sklep\/\",\"name\":\"IRONSKY.PL Sklep z Dronami\",\"description\":\"IRONSKY.PL Sklep z Dronami\",\"potentialAction\":[{\"@type\":\"SearchAction\",\"target\":{\"@type\":\"EntryPoint\",\"urlTemplate\":\"https:\/\/ironsky.pl\/sklep\/?s={search_term_string}\"},\"query-input\":{\"@type\":\"PropertyValueSpecification\",\"valueRequired\":true,\"valueName\":\"search_term_string\"}}],\"inLanguage\":\"pl-PL\"}]}<\/script>\n<!-- \/ Yoast SEO plugin. -->","yoast_head_json":{"title":"Filtr polaryzacyjny 1\/2 Mist PolarPro ShortStache do obiektyw\u00f3w 49mm - IRONSKY.PL Sklep z Dronami","description":"Filtr polaryzacyjny 1\/2 Mist PolarPro ShortStache do obiektyw\u00f3w 49mm - \u2705 sklep z dronami i fachowym doradztwem. \u2705 Tutaj kupisz produkty DJI, Yuneec, Parrot, Syma i wiele innych, a tak\u017ce kursy i licencje na operatora drona.","robots":{"index":"index","follow":"follow","max-snippet":"max-snippet:-1","max-image-preview":"max-image-preview:large","max-video-preview":"max-video-preview:-1"},"canonical":"https:\/\/ironsky.pl\/sklep\/produkt\/filtr-polaryzacyjny-1-2-mist-polarpro-shortstache-do-obiektywow-49mm\/","og_locale":"pl_PL","og_type":"article","og_title":"Filtr polaryzacyjny 1\/2 Mist PolarPro ShortStache do obiektyw\u00f3w 49mm - IRONSKY.PL Sklep z Dronami","og_description":"Filtr polaryzacyjny 1\/2 Mist PolarPro ShortStache do obiektyw\u00f3w 49mm - \u2705 sklep z dronami i fachowym doradztwem. \u2705 Tutaj kupisz produkty DJI, Yuneec, Parrot, Syma i wiele innych, a tak\u017ce kursy i licencje na operatora drona.","og_url":"https:\/\/ironsky.pl\/sklep\/produkt\/filtr-polaryzacyjny-1-2-mist-polarpro-shortstache-do-obiektywow-49mm\/","og_site_name":"IRONSKY.PL Sklep z Dronami","article_modified_time":"2026-03-05T14:52:29+00:00","og_image":[{"width":800,"height":800,"url":"https:\/\/ironsky.pl\/sklep\/wp-content\/uploads\/2024\/09\/41427_1.jpg","type":"image\/jpeg"}],"twitter_card":"summary_large_image","twitter_misc":{"Szacowany czas czytania":"1 minuta"},"schema":{"@context":"https:\/\/schema.org","@graph":[{"@type":"WebPage","@id":"https:\/\/ironsky.pl\/sklep\/produkt\/filtr-polaryzacyjny-1-2-mist-polarpro-shortstache-do-obiektywow-49mm\/","url":"https:\/\/ironsky.pl\/sklep\/produkt\/filtr-polaryzacyjny-1-2-mist-polarpro-shortstache-do-obiektywow-49mm\/","name":"Filtr polaryzacyjny 1\/2 Mist PolarPro ShortStache do obiektyw\u00f3w 49mm - IRONSKY.PL Sklep z Dronami","isPartOf":{"@id":"https:\/\/ironsky.pl\/sklep\/#website"},"primaryImageOfPage":{"@id":"https:\/\/ironsky.pl\/sklep\/produkt\/filtr-polaryzacyjny-1-2-mist-polarpro-shortstache-do-obiektywow-49mm\/#primaryimage"},"image":{"@id":"https:\/\/ironsky.pl\/sklep\/produkt\/filtr-polaryzacyjny-1-2-mist-polarpro-shortstache-do-obiektywow-49mm\/#primaryimage"},"thumbnailUrl":"https:\/\/ironsky.pl\/sklep\/wp-content\/uploads\/2024\/09\/41427_1.jpg","datePublished":"2024-09-16T17:38:44+00:00","dateModified":"2026-03-05T14:52:29+00:00","description":"Filtr polaryzacyjny 1\/2 Mist PolarPro ShortStache do obiektyw\u00f3w 49mm - \u2705 sklep z dronami i fachowym doradztwem. \u2705 Tutaj kupisz produkty DJI, Yuneec, Parrot, Syma i wiele innych, a tak\u017ce kursy i licencje na operatora drona.","breadcrumb":{"@id":"https:\/\/ironsky.pl\/sklep\/produkt\/filtr-polaryzacyjny-1-2-mist-polarpro-shortstache-do-obiektywow-49mm\/#breadcrumb"},"inLanguage":"pl-PL","potentialAction":[{"@type":"ReadAction","target":["https:\/\/ironsky.pl\/sklep\/produkt\/filtr-polaryzacyjny-1-2-mist-polarpro-shortstache-do-obiektywow-49mm\/"]}]},{"@type":"ImageObject","inLanguage":"pl-PL","@id":"https:\/\/ironsky.pl\/sklep\/produkt\/filtr-polaryzacyjny-1-2-mist-polarpro-shortstache-do-obiektywow-49mm\/#primaryimage","url":"https:\/\/ironsky.pl\/sklep\/wp-content\/uploads\/2024\/09\/41427_1.jpg","contentUrl":"https:\/\/ironsky.pl\/sklep\/wp-content\/uploads\/2024\/09\/41427_1.jpg","width":800,"height":800},{"@type":"BreadcrumbList","@id":"https:\/\/ironsky.pl\/sklep\/produkt\/filtr-polaryzacyjny-1-2-mist-polarpro-shortstache-do-obiektywow-49mm\/#breadcrumb","itemListElement":[{"@type":"ListItem","position":1,"name":"Strona g\u0142\u00f3wna","item":"https:\/\/ironsky.pl\/sklep\/"},{"@type":"ListItem","position":2,"name":"Wszystkie produkty","item":"https:\/\/ironsky.pl\/sklep\/produkty\/"},{"@type":"ListItem","position":3,"name":"Filtr polaryzacyjny 1\/2 Mist PolarPro ShortStache do obiektyw\u00f3w 49mm"}]},{"@type":"WebSite","@id":"https:\/\/ironsky.pl\/sklep\/#website","url":"https:\/\/ironsky.pl\/sklep\/","name":"IRONSKY.PL Sklep z Dronami","description":"IRONSKY.PL Sklep z Dronami","potentialAction":[{"@type":"SearchAction","target":{"@type":"EntryPoint","urlTemplate":"https:\/\/ironsky.pl\/sklep\/?s={search_term_string}"},"query-input":{"@type":"PropertyValueSpecification","valueRequired":true,"valueName":"search_term_string"}}],"inLanguage":"pl-PL"}]}},"_links":{"self":[{"href":"https:\/\/ironsky.pl\/sklep\/wp-json\/wp\/v2\/product\/26507","targetHints":{"allow":["GET"]}}],"collection":[{"href":"https:\/\/ironsky.pl\/sklep\/wp-json\/wp\/v2\/product"}],"about":[{"href":"https:\/\/ironsky.pl\/sklep\/wp-json\/wp\/v2\/types\/product"}],"replies":[{"embeddable":true,"href":"https:\/\/ironsky.pl\/sklep\/wp-json\/wp\/v2\/comments?post=26507"}],"wp:featuredmedia":[{"embeddable":true,"href":"https:\/\/ironsky.pl\/sklep\/wp-json\/wp\/v2\/media\/26508"}],"wp:attachment":[{"href":"https:\/\/ironsky.pl\/sklep\/wp-json\/wp\/v2\/media?parent=26507"}],"wp:term":[{"taxonomy":"product_brand","embeddable":true,"href":"https:\/\/ironsky.pl\/sklep\/wp-json\/wp\/v2\/product_brand?post=26507"},{"taxonomy":"product_cat","embeddable":true,"href":"https:\/\/ironsky.pl\/sklep\/wp-json\/wp\/v2\/product_cat?post=26507"},{"taxonomy":"product_tag","embeddable":true,"href":"https:\/\/ironsky.pl\/sklep\/wp-json\/wp\/v2\/product_tag?post=26507"}],"curies":[{"name":"wp","href":"https:\/\/api.w.org\/{rel}","templated":true}]}}