{"id":26412,"date":"2024-09-16T19:37:00","date_gmt":"2024-09-16T17:37:00","guid":{"rendered":"http:\/\/gvshalph.pro-linuxpl.com\/ironskyprodukty\/produkt\/filtr-cpl-kf-concept-do-dji-osmo-action-4\/"},"modified":"2026-03-05T15:52:23","modified_gmt":"2026-03-05T14:52:23","slug":"filtr-cpl-kf-concept-do-dji-osmo-action-4","status":"publish","type":"product","link":"https:\/\/ironsky.pl\/sklep\/produkt\/filtr-cpl-kf-concept-do-dji-osmo-action-4\/","title":{"rendered":"Filtr CPL K&#038;F Concept do DJI Osmo Action 4"},"content":{"rendered":"<h3>Filtr CPL K&amp;F Concept do DJI Osmo Action 4<\/h3>\n<\/p>\n<p>Zwi\u0119ksz jako\u015b\u0107 swoich materia\u0142\u00f3w. Filtr CPL K&amp;F Concept dedykowany jest kamerze DJI Osmo Action 4. Dzi\u0119ki niemu wyeliminujesz odblaski i stworzysz zapieraj\u0105ce dech w piersiach uj\u0119cia. Do wykonania akcesorium wykorzystano wysokiej jako\u015bci materia\u0142y, kt\u00f3re zapewniaj\u0105 wytrzyma\u0142o\u015b\u0107 i lekko\u015b\u0107. Monta\u017c odbywa si\u0119 sprawnie i bezproblemowo.<\/p>\n<\/p>\n<p>\n<img decoding=\"async\" src=\"https:\/\/assets.innpro.pl\/4794\/5543\/4.jpg\" border=\"0\" \/>\n<\/p>\n<h3>Wysokiej klasy uj\u0119cia<\/h3>\n<\/p>\n<p>Filtr CPL eliminuje niepo\u017c\u0105dane odblaski, zwi\u0119kszaj\u0105c jako\u015b\u0107 materia\u0142\u00f3w. Akcesorium zwi\u0119ksza tak\u017ce intensywno\u015b\u0107 b\u0142\u0119kitu nieba, dzi\u0119ki czemu wykonane przez Ciebie uj\u0119cia zyskaj\u0105 na jako\u015bci. Powierzchni\u0119 produktu pomalowano na czarno, co pozwoli\u0142o zmniejszy\u0107 wp\u0142yw na obraz i zminimalizowa\u0107 odbicia. Od teraz nagrywanie na zewn\u0105trz stanie si\u0119 \u0142atwiejsze!<\/p>\n<\/p>\n<p>\n<img decoding=\"async\" src=\"https:\/\/assets.innpro.pl\/4794\/5543\/5.jpg\" border=\"0\" \/>\n<\/p>\n<h3>Dopracowana konstrukcja<\/h3>\n<\/p>\n<p>Do wykonania filtra wykorzystano japo\u0144skie szk\u0142o AGC z 28 warstwami nanopow\u0142oki, kt\u00f3ra redukuje odbicia. Jego twardo\u015b\u0107 wynosi 6 H. Produkt jest wodoodporny i niepodatny na zarysowania, ple\u015b\u0144 czy olej. Dzi\u0119ki temu b\u0119dzie Ci niezawodnie s\u0142u\u017cy\u0142 przez d\u0142ugi czas. Ponadto dzi\u0119ki zastosowaniu stopu aluminium jego waga wynosi zaledwie 0,5 g \u2013 nie musisz si\u0119 obawia\u0107, \u017ce obci\u0105\u017cy on Twoje urz\u0105dzenie.<\/p>\n<\/p>\n<p>\n<img decoding=\"async\" src=\"https:\/\/assets.innpro.pl\/4794\/5543\/2.jpg\" border=\"0\" \/>\n<\/p>\n<h3>\u0141atwo\u015b\u0107 monta\u017cu<\/h3>\n<\/p>\n<p>Akcesorium zosta\u0142o zaprojektowane specjalnie dla DJI Osmo Action 4, dzi\u0119ki czemu jest doskonale dopasowane do urz\u0105dzenia. Jego monta\u017c nie sprawi Ci \u017cadnych trudno\u015bci.<\/p>\n<\/p>\n<p>\n<img decoding=\"async\" src=\"https:\/\/assets.innpro.pl\/4794\/5543\/6.jpg\" border=\"0\" \/>\n<\/p>\n<div class=\"table-wrapper\">\n<p>\u00a0<\/p>\n<h3><\/h3>\n<table>\n<tbody>\n<tr>\n<th>Producent<\/th>\n<td>K&amp;F Concept<\/td>\n<\/tr>\n<tr>\n<th>Model<\/th>\n<td>KF01.2438<\/td>\n<\/tr>\n<tr>\n<th>Typ filtra<\/th>\n<td>CPL<\/td>\n<\/tr>\n<tr>\n<th>Kompatybilno\u015b\u0107<\/th>\n<td>DJI Osmo Action 4<\/td>\n<\/tr>\n<tr>\n<th>Waga<\/th>\n<td>0,5 g<\/td>\n<\/tr>\n<\/tbody>\n<\/table>\n<\/div>\n","protected":false},"excerpt":{"rendered":"<p>Filtr CPL K&amp;F Concept do DJI Osmo Action 4 Zwi\u0119ksz jako\u015b\u0107 swoich materia\u0142\u00f3w. Filtr CPL K&amp;F Concept dedykowany jest kamerze<\/p>\n","protected":false},"featured_media":26413,"comment_status":"closed","ping_status":"open","template":"","meta":{"_acf_changed":false},"product_brand":[],"product_cat":[1130,1137,1128],"product_tag":[],"class_list":{"0":"post-26412","1":"product","2":"type-product","3":"status-publish","4":"has-post-thumbnail","6":"product_cat-akcesoria-foto","7":"product_cat-do-kamer-sportowych","8":"product_cat-foto-wideo","9":"pa_box-height-1446","10":"pa_box-length-2370","11":"pa_box-width-4800","12":"pa_gross-weight-2560","13":"pa_hs-code-1741","14":"pa_net-weight-1502","16":"first","17":"outofstock","18":"taxable","19":"shipping-taxable","20":"product-type-simple"},"acf":[],"yoast_head":"<!-- This site is optimized with the Yoast SEO plugin v27.2 - https:\/\/yoast.com\/product\/yoast-seo-wordpress\/ -->\n<title>Filtr CPL K&amp;F Concept do DJI Osmo Action 4 - IRONSKY.PL Sklep z Dronami<\/title>\n<meta name=\"description\" content=\"Filtr CPL K&amp;F Concept do DJI Osmo Action 4 - \u2705 sklep z dronami i fachowym doradztwem. \u2705 Tutaj kupisz produkty DJI, Yuneec, Parrot, Syma i wiele innych, a tak\u017ce kursy i licencje na operatora drona.\" \/>\n<meta name=\"robots\" content=\"index, follow, max-snippet:-1, max-image-preview:large, max-video-preview:-1\" \/>\n<link rel=\"canonical\" href=\"https:\/\/ironsky.pl\/sklep\/produkt\/filtr-cpl-kf-concept-do-dji-osmo-action-4\/\" \/>\n<meta property=\"og:locale\" content=\"pl_PL\" \/>\n<meta property=\"og:type\" content=\"article\" \/>\n<meta property=\"og:title\" content=\"Filtr CPL K&amp;F Concept do DJI Osmo Action 4 - IRONSKY.PL Sklep z Dronami\" \/>\n<meta property=\"og:description\" content=\"Filtr CPL K&amp;F Concept do DJI Osmo Action 4 - \u2705 sklep z dronami i fachowym doradztwem. \u2705 Tutaj kupisz produkty DJI, Yuneec, Parrot, Syma i wiele innych, a tak\u017ce kursy i licencje na operatora drona.\" \/>\n<meta property=\"og:url\" content=\"https:\/\/ironsky.pl\/sklep\/produkt\/filtr-cpl-kf-concept-do-dji-osmo-action-4\/\" \/>\n<meta property=\"og:site_name\" content=\"IRONSKY.PL Sklep z Dronami\" \/>\n<meta property=\"article:modified_time\" content=\"2026-03-05T14:52:23+00:00\" \/>\n<meta property=\"og:image\" content=\"https:\/\/ironsky.pl\/sklep\/wp-content\/uploads\/2024\/09\/41306_1.jpg\" \/>\n\t<meta property=\"og:image:width\" content=\"800\" \/>\n\t<meta property=\"og:image:height\" content=\"800\" \/>\n\t<meta property=\"og:image:type\" content=\"image\/jpeg\" \/>\n<meta name=\"twitter:card\" content=\"summary_large_image\" \/>\n<meta name=\"twitter:label1\" content=\"Szacowany czas czytania\" \/>\n\t<meta name=\"twitter:data1\" content=\"1 minuta\" \/>\n<script type=\"application\/ld+json\" class=\"yoast-schema-graph\">{\"@context\":\"https:\/\/schema.org\",\"@graph\":[{\"@type\":\"WebPage\",\"@id\":\"https:\/\/ironsky.pl\/sklep\/produkt\/filtr-cpl-kf-concept-do-dji-osmo-action-4\/\",\"url\":\"https:\/\/ironsky.pl\/sklep\/produkt\/filtr-cpl-kf-concept-do-dji-osmo-action-4\/\",\"name\":\"Filtr CPL K&F Concept do DJI Osmo Action 4 - IRONSKY.PL Sklep z Dronami\",\"isPartOf\":{\"@id\":\"https:\/\/ironsky.pl\/sklep\/#website\"},\"primaryImageOfPage\":{\"@id\":\"https:\/\/ironsky.pl\/sklep\/produkt\/filtr-cpl-kf-concept-do-dji-osmo-action-4\/#primaryimage\"},\"image\":{\"@id\":\"https:\/\/ironsky.pl\/sklep\/produkt\/filtr-cpl-kf-concept-do-dji-osmo-action-4\/#primaryimage\"},\"thumbnailUrl\":\"https:\/\/ironsky.pl\/sklep\/wp-content\/uploads\/2024\/09\/41306_1.jpg\",\"datePublished\":\"2024-09-16T17:37:00+00:00\",\"dateModified\":\"2026-03-05T14:52:23+00:00\",\"description\":\"Filtr CPL K&F Concept do DJI Osmo Action 4 - \u2705 sklep z dronami i fachowym doradztwem. \u2705 Tutaj kupisz produkty DJI, Yuneec, Parrot, Syma i wiele innych, a tak\u017ce kursy i licencje na operatora drona.\",\"breadcrumb\":{\"@id\":\"https:\/\/ironsky.pl\/sklep\/produkt\/filtr-cpl-kf-concept-do-dji-osmo-action-4\/#breadcrumb\"},\"inLanguage\":\"pl-PL\",\"potentialAction\":[{\"@type\":\"ReadAction\",\"target\":[\"https:\/\/ironsky.pl\/sklep\/produkt\/filtr-cpl-kf-concept-do-dji-osmo-action-4\/\"]}]},{\"@type\":\"ImageObject\",\"inLanguage\":\"pl-PL\",\"@id\":\"https:\/\/ironsky.pl\/sklep\/produkt\/filtr-cpl-kf-concept-do-dji-osmo-action-4\/#primaryimage\",\"url\":\"https:\/\/ironsky.pl\/sklep\/wp-content\/uploads\/2024\/09\/41306_1.jpg\",\"contentUrl\":\"https:\/\/ironsky.pl\/sklep\/wp-content\/uploads\/2024\/09\/41306_1.jpg\",\"width\":800,\"height\":800},{\"@type\":\"BreadcrumbList\",\"@id\":\"https:\/\/ironsky.pl\/sklep\/produkt\/filtr-cpl-kf-concept-do-dji-osmo-action-4\/#breadcrumb\",\"itemListElement\":[{\"@type\":\"ListItem\",\"position\":1,\"name\":\"Strona g\u0142\u00f3wna\",\"item\":\"https:\/\/ironsky.pl\/sklep\/\"},{\"@type\":\"ListItem\",\"position\":2,\"name\":\"Wszystkie produkty\",\"item\":\"https:\/\/ironsky.pl\/sklep\/produkty\/\"},{\"@type\":\"ListItem\",\"position\":3,\"name\":\"Filtr CPL K&#038;F Concept do DJI Osmo Action 4\"}]},{\"@type\":\"WebSite\",\"@id\":\"https:\/\/ironsky.pl\/sklep\/#website\",\"url\":\"https:\/\/ironsky.pl\/sklep\/\",\"name\":\"IRONSKY.PL Sklep z Dronami\",\"description\":\"IRONSKY.PL Sklep z Dronami\",\"potentialAction\":[{\"@type\":\"SearchAction\",\"target\":{\"@type\":\"EntryPoint\",\"urlTemplate\":\"https:\/\/ironsky.pl\/sklep\/?s={search_term_string}\"},\"query-input\":{\"@type\":\"PropertyValueSpecification\",\"valueRequired\":true,\"valueName\":\"search_term_string\"}}],\"inLanguage\":\"pl-PL\"}]}<\/script>\n<!-- \/ Yoast SEO plugin. -->","yoast_head_json":{"title":"Filtr CPL K&F Concept do DJI Osmo Action 4 - IRONSKY.PL Sklep z Dronami","description":"Filtr CPL K&F Concept do DJI Osmo Action 4 - \u2705 sklep z dronami i fachowym doradztwem. \u2705 Tutaj kupisz produkty DJI, Yuneec, Parrot, Syma i wiele innych, a tak\u017ce kursy i licencje na operatora drona.","robots":{"index":"index","follow":"follow","max-snippet":"max-snippet:-1","max-image-preview":"max-image-preview:large","max-video-preview":"max-video-preview:-1"},"canonical":"https:\/\/ironsky.pl\/sklep\/produkt\/filtr-cpl-kf-concept-do-dji-osmo-action-4\/","og_locale":"pl_PL","og_type":"article","og_title":"Filtr CPL K&F Concept do DJI Osmo Action 4 - IRONSKY.PL Sklep z Dronami","og_description":"Filtr CPL K&F Concept do DJI Osmo Action 4 - \u2705 sklep z dronami i fachowym doradztwem. \u2705 Tutaj kupisz produkty DJI, Yuneec, Parrot, Syma i wiele innych, a tak\u017ce kursy i licencje na operatora drona.","og_url":"https:\/\/ironsky.pl\/sklep\/produkt\/filtr-cpl-kf-concept-do-dji-osmo-action-4\/","og_site_name":"IRONSKY.PL Sklep z Dronami","article_modified_time":"2026-03-05T14:52:23+00:00","og_image":[{"width":800,"height":800,"url":"https:\/\/ironsky.pl\/sklep\/wp-content\/uploads\/2024\/09\/41306_1.jpg","type":"image\/jpeg"}],"twitter_card":"summary_large_image","twitter_misc":{"Szacowany czas czytania":"1 minuta"},"schema":{"@context":"https:\/\/schema.org","@graph":[{"@type":"WebPage","@id":"https:\/\/ironsky.pl\/sklep\/produkt\/filtr-cpl-kf-concept-do-dji-osmo-action-4\/","url":"https:\/\/ironsky.pl\/sklep\/produkt\/filtr-cpl-kf-concept-do-dji-osmo-action-4\/","name":"Filtr CPL K&F Concept do DJI Osmo Action 4 - IRONSKY.PL Sklep z Dronami","isPartOf":{"@id":"https:\/\/ironsky.pl\/sklep\/#website"},"primaryImageOfPage":{"@id":"https:\/\/ironsky.pl\/sklep\/produkt\/filtr-cpl-kf-concept-do-dji-osmo-action-4\/#primaryimage"},"image":{"@id":"https:\/\/ironsky.pl\/sklep\/produkt\/filtr-cpl-kf-concept-do-dji-osmo-action-4\/#primaryimage"},"thumbnailUrl":"https:\/\/ironsky.pl\/sklep\/wp-content\/uploads\/2024\/09\/41306_1.jpg","datePublished":"2024-09-16T17:37:00+00:00","dateModified":"2026-03-05T14:52:23+00:00","description":"Filtr CPL K&F Concept do DJI Osmo Action 4 - \u2705 sklep z dronami i fachowym doradztwem. \u2705 Tutaj kupisz produkty DJI, Yuneec, Parrot, Syma i wiele innych, a tak\u017ce kursy i licencje na operatora drona.","breadcrumb":{"@id":"https:\/\/ironsky.pl\/sklep\/produkt\/filtr-cpl-kf-concept-do-dji-osmo-action-4\/#breadcrumb"},"inLanguage":"pl-PL","potentialAction":[{"@type":"ReadAction","target":["https:\/\/ironsky.pl\/sklep\/produkt\/filtr-cpl-kf-concept-do-dji-osmo-action-4\/"]}]},{"@type":"ImageObject","inLanguage":"pl-PL","@id":"https:\/\/ironsky.pl\/sklep\/produkt\/filtr-cpl-kf-concept-do-dji-osmo-action-4\/#primaryimage","url":"https:\/\/ironsky.pl\/sklep\/wp-content\/uploads\/2024\/09\/41306_1.jpg","contentUrl":"https:\/\/ironsky.pl\/sklep\/wp-content\/uploads\/2024\/09\/41306_1.jpg","width":800,"height":800},{"@type":"BreadcrumbList","@id":"https:\/\/ironsky.pl\/sklep\/produkt\/filtr-cpl-kf-concept-do-dji-osmo-action-4\/#breadcrumb","itemListElement":[{"@type":"ListItem","position":1,"name":"Strona g\u0142\u00f3wna","item":"https:\/\/ironsky.pl\/sklep\/"},{"@type":"ListItem","position":2,"name":"Wszystkie produkty","item":"https:\/\/ironsky.pl\/sklep\/produkty\/"},{"@type":"ListItem","position":3,"name":"Filtr CPL K&#038;F Concept do DJI Osmo Action 4"}]},{"@type":"WebSite","@id":"https:\/\/ironsky.pl\/sklep\/#website","url":"https:\/\/ironsky.pl\/sklep\/","name":"IRONSKY.PL Sklep z Dronami","description":"IRONSKY.PL Sklep z Dronami","potentialAction":[{"@type":"SearchAction","target":{"@type":"EntryPoint","urlTemplate":"https:\/\/ironsky.pl\/sklep\/?s={search_term_string}"},"query-input":{"@type":"PropertyValueSpecification","valueRequired":true,"valueName":"search_term_string"}}],"inLanguage":"pl-PL"}]}},"_links":{"self":[{"href":"https:\/\/ironsky.pl\/sklep\/wp-json\/wp\/v2\/product\/26412","targetHints":{"allow":["GET"]}}],"collection":[{"href":"https:\/\/ironsky.pl\/sklep\/wp-json\/wp\/v2\/product"}],"about":[{"href":"https:\/\/ironsky.pl\/sklep\/wp-json\/wp\/v2\/types\/product"}],"replies":[{"embeddable":true,"href":"https:\/\/ironsky.pl\/sklep\/wp-json\/wp\/v2\/comments?post=26412"}],"wp:featuredmedia":[{"embeddable":true,"href":"https:\/\/ironsky.pl\/sklep\/wp-json\/wp\/v2\/media\/26413"}],"wp:attachment":[{"href":"https:\/\/ironsky.pl\/sklep\/wp-json\/wp\/v2\/media?parent=26412"}],"wp:term":[{"taxonomy":"product_brand","embeddable":true,"href":"https:\/\/ironsky.pl\/sklep\/wp-json\/wp\/v2\/product_brand?post=26412"},{"taxonomy":"product_cat","embeddable":true,"href":"https:\/\/ironsky.pl\/sklep\/wp-json\/wp\/v2\/product_cat?post=26412"},{"taxonomy":"product_tag","embeddable":true,"href":"https:\/\/ironsky.pl\/sklep\/wp-json\/wp\/v2\/product_tag?post=26412"}],"curies":[{"name":"wp","href":"https:\/\/api.w.org\/{rel}","templated":true}]}}