{"id":26371,"date":"2024-09-16T19:37:00","date_gmt":"2024-09-16T17:37:00","guid":{"rendered":"http:\/\/gvshalph.pro-linuxpl.com\/ironskyprodukty\/produkt\/uchwyt-motocyklowy-puluz-do-kamer-sportowych-pu3210\/"},"modified":"2026-03-05T15:52:21","modified_gmt":"2026-03-05T14:52:21","slug":"uchwyt-motocyklowy-puluz-do-kamer-sportowych-pu3210","status":"publish","type":"product","link":"https:\/\/ironsky.pl\/sklep\/produkt\/uchwyt-motocyklowy-puluz-do-kamer-sportowych-pu3210\/","title":{"rendered":"Uchwyt motocyklowy PULUZ do kamer sportowych (PU3210)"},"content":{"rendered":"<h3>Uchwyt motocyklowy PULUZ do kamer sportowych (PU3210)&nbsp;<\/h3>\n<p><p>Cz\u0119sto je\u017adzisz na motocyklu? Nagraj swoje kolejne wyprawy z niecodziennej perspektywy! Uchwyt motocyklowy PULUZ pozwoli Ci stabilnie przymocowa\u0107 kamer\u0119 sportow\u0105 do lusterka \u2013 jest kompatybilny z wieloma popularnymi urz\u0105dzeniami znanych marek, takich jak GoPro, Insta360 czy DJI. Zosta\u0142 te\u017c wyposa\u017cony w 2 przeguby kulowe, kt\u00f3re obracaj\u0105 si\u0119 w zakresie 360\u00b0 i pozwalaj\u0105 ustawi\u0107 zamontowany sprz\u0119t pod dowolnym k\u0105tem.<\/p>\n<\/p>\n<p><img decoding=\"async\" src=\"https:\/\/assets.innpro.pl\/4488\/5142\/1.jpg\" border=\"0\" alt=\"\"><\/p>\n<h3>Ulepszona konstrukcja<\/h3>\n<p><p>Uchwyt zosta\u0142 wykonany z wysokiej klasy stopu aluminium, dzi\u0119ki czemu jest bardzo wytrzyma\u0142y i wyr\u00f3\u017cnia si\u0119 ud\u017awigiem do a\u017c 5 kg. Co wi\u0119cej, gumowe elementy zwi\u0119kszaj\u0105 tarcie i zapewniaj\u0105 zamontowanej kamerze wi\u0119ksz\u0105 stabilno\u015b\u0107. Produkt jest te\u017c odporny na korozj\u0119 i zu\u017cycie. Wyr\u00f3\u017cnia go tak\u017ce lekka, por\u0119czna konstrukcja \u2013 mo\u017cesz mie\u0107 go zawsze pod r\u0119k\u0105. Akcesorium jest przy tym bardzo proste w monta\u017cu.<\/p>\n<\/p>\n<p><img decoding=\"async\" src=\"https:\/\/assets.innpro.pl\/4488\/5142\/2.jpg\" border=\"0\" alt=\"\"><\/p>\n<div class=\"table-wrapper\">\n<p>&nbsp;<\/p>\n<h3><\/h3>\n<table>\n<tbody>\n<tr>\n<th>Producent<\/th>\n<td>PULUZ<\/td>\n<\/tr>\n<tr>\n<th>Model<\/th>\n<td>PU3210<\/td>\n<\/tr>\n<tr>\n<th>Materia\u0142<\/th>\n<td>Stop aluminium, stal nierdzewna, guma<\/td>\n<\/tr>\n<tr>\n<th>Ud\u017awig<\/th>\n<td>Do 5 kg<\/td>\n<\/tr>\n<tr>\n<th>Wymiary<\/th>\n<td>3,2 x 5,9 x 17,6 cm<\/td>\n<\/tr>\n<\/tbody>\n<\/table>\n<\/div>\n","protected":false},"excerpt":{"rendered":"<p>Uchwyt motocyklowy PULUZ do kamer sportowych (PU3210)&nbsp; Cz\u0119sto je\u017adzisz na motocyklu? Nagraj swoje kolejne wyprawy z niecodziennej perspektywy! Uchwyt motocyklowy<\/p>\n","protected":false},"featured_media":26372,"comment_status":"closed","ping_status":"open","template":"","meta":{"_acf_changed":false},"product_brand":[],"product_cat":[1128,1139,1140,1141,1138],"product_tag":[],"class_list":{"0":"post-26371","1":"product","2":"type-product","3":"status-publish","4":"has-post-thumbnail","6":"product_cat-foto-wideo","7":"product_cat-selfie-stick","8":"product_cat-statywy","9":"product_cat-uchwyty-do-mocowania-kamer-i-aparatow","10":"product_cat-wysiegniki","11":"pa_box-height-1326","12":"pa_box-length-3910","13":"pa_box-width-2060","14":"pa_gross-weight-1346","15":"pa_hs-code-1799","16":"pa_kolejna-dostawa-02-10-2024","17":"pa_net-weight-2059","18":"pa_przeznaczenie-do-kamer","19":"pa_rodzaj-uchwyt","21":"first","22":"outofstock","23":"taxable","24":"shipping-taxable","25":"purchasable","26":"product-type-simple"},"acf":[],"yoast_head":"<!-- This site is optimized with the Yoast SEO plugin v27.2 - https:\/\/yoast.com\/product\/yoast-seo-wordpress\/ -->\n<title>Uchwyt motocyklowy PULUZ do kamer sportowych (PU3210) - IRONSKY.PL Sklep z Dronami<\/title>\n<meta name=\"description\" content=\"Uchwyt motocyklowy PULUZ do kamer sportowych (PU3210) - \u2705 sklep z dronami i fachowym doradztwem. \u2705 Tutaj kupisz produkty DJI, Yuneec, Parrot, Syma i wiele innych, a tak\u017ce kursy i licencje na operatora drona.\" \/>\n<meta name=\"robots\" content=\"index, follow, max-snippet:-1, max-image-preview:large, max-video-preview:-1\" \/>\n<link rel=\"canonical\" href=\"https:\/\/ironsky.pl\/sklep\/produkt\/uchwyt-motocyklowy-puluz-do-kamer-sportowych-pu3210\/\" \/>\n<meta property=\"og:locale\" content=\"pl_PL\" \/>\n<meta property=\"og:type\" content=\"article\" \/>\n<meta property=\"og:title\" content=\"Uchwyt motocyklowy PULUZ do kamer sportowych (PU3210) - IRONSKY.PL Sklep z Dronami\" \/>\n<meta property=\"og:description\" content=\"Uchwyt motocyklowy PULUZ do kamer sportowych (PU3210) - \u2705 sklep z dronami i fachowym doradztwem. \u2705 Tutaj kupisz produkty DJI, Yuneec, Parrot, Syma i wiele innych, a tak\u017ce kursy i licencje na operatora drona.\" \/>\n<meta property=\"og:url\" content=\"https:\/\/ironsky.pl\/sklep\/produkt\/uchwyt-motocyklowy-puluz-do-kamer-sportowych-pu3210\/\" \/>\n<meta property=\"og:site_name\" content=\"IRONSKY.PL Sklep z Dronami\" \/>\n<meta property=\"article:modified_time\" content=\"2026-03-05T14:52:21+00:00\" \/>\n<meta property=\"og:image\" content=\"https:\/\/ironsky.pl\/sklep\/wp-content\/uploads\/2024\/09\/38159_1.jpg\" \/>\n\t<meta property=\"og:image:width\" content=\"800\" \/>\n\t<meta property=\"og:image:height\" content=\"800\" \/>\n\t<meta property=\"og:image:type\" content=\"image\/jpeg\" \/>\n<meta name=\"twitter:card\" content=\"summary_large_image\" \/>\n<meta name=\"twitter:label1\" content=\"Szacowany czas czytania\" \/>\n\t<meta name=\"twitter:data1\" content=\"1 minuta\" \/>\n<script type=\"application\/ld+json\" class=\"yoast-schema-graph\">{\"@context\":\"https:\/\/schema.org\",\"@graph\":[{\"@type\":\"WebPage\",\"@id\":\"https:\/\/ironsky.pl\/sklep\/produkt\/uchwyt-motocyklowy-puluz-do-kamer-sportowych-pu3210\/\",\"url\":\"https:\/\/ironsky.pl\/sklep\/produkt\/uchwyt-motocyklowy-puluz-do-kamer-sportowych-pu3210\/\",\"name\":\"Uchwyt motocyklowy PULUZ do kamer sportowych (PU3210) - IRONSKY.PL Sklep z Dronami\",\"isPartOf\":{\"@id\":\"https:\/\/ironsky.pl\/sklep\/#website\"},\"primaryImageOfPage\":{\"@id\":\"https:\/\/ironsky.pl\/sklep\/produkt\/uchwyt-motocyklowy-puluz-do-kamer-sportowych-pu3210\/#primaryimage\"},\"image\":{\"@id\":\"https:\/\/ironsky.pl\/sklep\/produkt\/uchwyt-motocyklowy-puluz-do-kamer-sportowych-pu3210\/#primaryimage\"},\"thumbnailUrl\":\"https:\/\/ironsky.pl\/sklep\/wp-content\/uploads\/2024\/09\/38159_1.jpg\",\"datePublished\":\"2024-09-16T17:37:00+00:00\",\"dateModified\":\"2026-03-05T14:52:21+00:00\",\"description\":\"Uchwyt motocyklowy PULUZ do kamer sportowych (PU3210) - \u2705 sklep z dronami i fachowym doradztwem. \u2705 Tutaj kupisz produkty DJI, Yuneec, Parrot, Syma i wiele innych, a tak\u017ce kursy i licencje na operatora drona.\",\"breadcrumb\":{\"@id\":\"https:\/\/ironsky.pl\/sklep\/produkt\/uchwyt-motocyklowy-puluz-do-kamer-sportowych-pu3210\/#breadcrumb\"},\"inLanguage\":\"pl-PL\",\"potentialAction\":[{\"@type\":\"ReadAction\",\"target\":[\"https:\/\/ironsky.pl\/sklep\/produkt\/uchwyt-motocyklowy-puluz-do-kamer-sportowych-pu3210\/\"]}]},{\"@type\":\"ImageObject\",\"inLanguage\":\"pl-PL\",\"@id\":\"https:\/\/ironsky.pl\/sklep\/produkt\/uchwyt-motocyklowy-puluz-do-kamer-sportowych-pu3210\/#primaryimage\",\"url\":\"https:\/\/ironsky.pl\/sklep\/wp-content\/uploads\/2024\/09\/38159_1.jpg\",\"contentUrl\":\"https:\/\/ironsky.pl\/sklep\/wp-content\/uploads\/2024\/09\/38159_1.jpg\",\"width\":800,\"height\":800},{\"@type\":\"BreadcrumbList\",\"@id\":\"https:\/\/ironsky.pl\/sklep\/produkt\/uchwyt-motocyklowy-puluz-do-kamer-sportowych-pu3210\/#breadcrumb\",\"itemListElement\":[{\"@type\":\"ListItem\",\"position\":1,\"name\":\"Strona g\u0142\u00f3wna\",\"item\":\"https:\/\/ironsky.pl\/sklep\/\"},{\"@type\":\"ListItem\",\"position\":2,\"name\":\"Wszystkie produkty\",\"item\":\"https:\/\/ironsky.pl\/sklep\/produkty\/\"},{\"@type\":\"ListItem\",\"position\":3,\"name\":\"Uchwyt motocyklowy PULUZ do kamer sportowych (PU3210)\"}]},{\"@type\":\"WebSite\",\"@id\":\"https:\/\/ironsky.pl\/sklep\/#website\",\"url\":\"https:\/\/ironsky.pl\/sklep\/\",\"name\":\"IRONSKY.PL Sklep z Dronami\",\"description\":\"IRONSKY.PL Sklep z Dronami\",\"potentialAction\":[{\"@type\":\"SearchAction\",\"target\":{\"@type\":\"EntryPoint\",\"urlTemplate\":\"https:\/\/ironsky.pl\/sklep\/?s={search_term_string}\"},\"query-input\":{\"@type\":\"PropertyValueSpecification\",\"valueRequired\":true,\"valueName\":\"search_term_string\"}}],\"inLanguage\":\"pl-PL\"}]}<\/script>\n<!-- \/ Yoast SEO plugin. -->","yoast_head_json":{"title":"Uchwyt motocyklowy PULUZ do kamer sportowych (PU3210) - IRONSKY.PL Sklep z Dronami","description":"Uchwyt motocyklowy PULUZ do kamer sportowych (PU3210) - \u2705 sklep z dronami i fachowym doradztwem. \u2705 Tutaj kupisz produkty DJI, Yuneec, Parrot, Syma i wiele innych, a tak\u017ce kursy i licencje na operatora drona.","robots":{"index":"index","follow":"follow","max-snippet":"max-snippet:-1","max-image-preview":"max-image-preview:large","max-video-preview":"max-video-preview:-1"},"canonical":"https:\/\/ironsky.pl\/sklep\/produkt\/uchwyt-motocyklowy-puluz-do-kamer-sportowych-pu3210\/","og_locale":"pl_PL","og_type":"article","og_title":"Uchwyt motocyklowy PULUZ do kamer sportowych (PU3210) - IRONSKY.PL Sklep z Dronami","og_description":"Uchwyt motocyklowy PULUZ do kamer sportowych (PU3210) - \u2705 sklep z dronami i fachowym doradztwem. \u2705 Tutaj kupisz produkty DJI, Yuneec, Parrot, Syma i wiele innych, a tak\u017ce kursy i licencje na operatora drona.","og_url":"https:\/\/ironsky.pl\/sklep\/produkt\/uchwyt-motocyklowy-puluz-do-kamer-sportowych-pu3210\/","og_site_name":"IRONSKY.PL Sklep z Dronami","article_modified_time":"2026-03-05T14:52:21+00:00","og_image":[{"width":800,"height":800,"url":"https:\/\/ironsky.pl\/sklep\/wp-content\/uploads\/2024\/09\/38159_1.jpg","type":"image\/jpeg"}],"twitter_card":"summary_large_image","twitter_misc":{"Szacowany czas czytania":"1 minuta"},"schema":{"@context":"https:\/\/schema.org","@graph":[{"@type":"WebPage","@id":"https:\/\/ironsky.pl\/sklep\/produkt\/uchwyt-motocyklowy-puluz-do-kamer-sportowych-pu3210\/","url":"https:\/\/ironsky.pl\/sklep\/produkt\/uchwyt-motocyklowy-puluz-do-kamer-sportowych-pu3210\/","name":"Uchwyt motocyklowy PULUZ do kamer sportowych (PU3210) - IRONSKY.PL Sklep z Dronami","isPartOf":{"@id":"https:\/\/ironsky.pl\/sklep\/#website"},"primaryImageOfPage":{"@id":"https:\/\/ironsky.pl\/sklep\/produkt\/uchwyt-motocyklowy-puluz-do-kamer-sportowych-pu3210\/#primaryimage"},"image":{"@id":"https:\/\/ironsky.pl\/sklep\/produkt\/uchwyt-motocyklowy-puluz-do-kamer-sportowych-pu3210\/#primaryimage"},"thumbnailUrl":"https:\/\/ironsky.pl\/sklep\/wp-content\/uploads\/2024\/09\/38159_1.jpg","datePublished":"2024-09-16T17:37:00+00:00","dateModified":"2026-03-05T14:52:21+00:00","description":"Uchwyt motocyklowy PULUZ do kamer sportowych (PU3210) - \u2705 sklep z dronami i fachowym doradztwem. \u2705 Tutaj kupisz produkty DJI, Yuneec, Parrot, Syma i wiele innych, a tak\u017ce kursy i licencje na operatora drona.","breadcrumb":{"@id":"https:\/\/ironsky.pl\/sklep\/produkt\/uchwyt-motocyklowy-puluz-do-kamer-sportowych-pu3210\/#breadcrumb"},"inLanguage":"pl-PL","potentialAction":[{"@type":"ReadAction","target":["https:\/\/ironsky.pl\/sklep\/produkt\/uchwyt-motocyklowy-puluz-do-kamer-sportowych-pu3210\/"]}]},{"@type":"ImageObject","inLanguage":"pl-PL","@id":"https:\/\/ironsky.pl\/sklep\/produkt\/uchwyt-motocyklowy-puluz-do-kamer-sportowych-pu3210\/#primaryimage","url":"https:\/\/ironsky.pl\/sklep\/wp-content\/uploads\/2024\/09\/38159_1.jpg","contentUrl":"https:\/\/ironsky.pl\/sklep\/wp-content\/uploads\/2024\/09\/38159_1.jpg","width":800,"height":800},{"@type":"BreadcrumbList","@id":"https:\/\/ironsky.pl\/sklep\/produkt\/uchwyt-motocyklowy-puluz-do-kamer-sportowych-pu3210\/#breadcrumb","itemListElement":[{"@type":"ListItem","position":1,"name":"Strona g\u0142\u00f3wna","item":"https:\/\/ironsky.pl\/sklep\/"},{"@type":"ListItem","position":2,"name":"Wszystkie produkty","item":"https:\/\/ironsky.pl\/sklep\/produkty\/"},{"@type":"ListItem","position":3,"name":"Uchwyt motocyklowy PULUZ do kamer sportowych (PU3210)"}]},{"@type":"WebSite","@id":"https:\/\/ironsky.pl\/sklep\/#website","url":"https:\/\/ironsky.pl\/sklep\/","name":"IRONSKY.PL Sklep z Dronami","description":"IRONSKY.PL Sklep z Dronami","potentialAction":[{"@type":"SearchAction","target":{"@type":"EntryPoint","urlTemplate":"https:\/\/ironsky.pl\/sklep\/?s={search_term_string}"},"query-input":{"@type":"PropertyValueSpecification","valueRequired":true,"valueName":"search_term_string"}}],"inLanguage":"pl-PL"}]}},"_links":{"self":[{"href":"https:\/\/ironsky.pl\/sklep\/wp-json\/wp\/v2\/product\/26371","targetHints":{"allow":["GET"]}}],"collection":[{"href":"https:\/\/ironsky.pl\/sklep\/wp-json\/wp\/v2\/product"}],"about":[{"href":"https:\/\/ironsky.pl\/sklep\/wp-json\/wp\/v2\/types\/product"}],"replies":[{"embeddable":true,"href":"https:\/\/ironsky.pl\/sklep\/wp-json\/wp\/v2\/comments?post=26371"}],"wp:featuredmedia":[{"embeddable":true,"href":"https:\/\/ironsky.pl\/sklep\/wp-json\/wp\/v2\/media\/26372"}],"wp:attachment":[{"href":"https:\/\/ironsky.pl\/sklep\/wp-json\/wp\/v2\/media?parent=26371"}],"wp:term":[{"taxonomy":"product_brand","embeddable":true,"href":"https:\/\/ironsky.pl\/sklep\/wp-json\/wp\/v2\/product_brand?post=26371"},{"taxonomy":"product_cat","embeddable":true,"href":"https:\/\/ironsky.pl\/sklep\/wp-json\/wp\/v2\/product_cat?post=26371"},{"taxonomy":"product_tag","embeddable":true,"href":"https:\/\/ironsky.pl\/sklep\/wp-json\/wp\/v2\/product_tag?post=26371"}],"curies":[{"name":"wp","href":"https:\/\/api.w.org\/{rel}","templated":true}]}}