{"id":26368,"date":"2024-09-16T19:37:00","date_gmt":"2024-09-16T17:37:00","guid":{"rendered":"http:\/\/gvshalph.pro-linuxpl.com\/ironskyprodukty\/produkt\/metalowa-obudowa-z-mocowaniem-typu-zimna-stopka-puluz-do-dji-osmo-action-4-3\/"},"modified":"2026-04-03T19:18:13","modified_gmt":"2026-04-03T17:18:13","slug":"metalowa-obudowa-z-mocowaniem-typu-zimna-stopka-puluz-do-dji-osmo-action-4-3","status":"publish","type":"product","link":"https:\/\/ironsky.pl\/sklep\/produkt\/metalowa-obudowa-z-mocowaniem-typu-zimna-stopka-puluz-do-dji-osmo-action-4-3\/","title":{"rendered":"Metalowa obudowa z mocowaniem typu zimna stopka PULUZ do DJI Osmo Action 4\/3"},"content":{"rendered":"<h3>Metalowa obudowa z mocowaniem typu zimna stopka PULUZ do DJI Osmo Action 4\/3&nbsp;<\/h3>\n<p><p>Zadbaj o ochron\u0119 swojej kamery DJI Osmo Action 4 \/ 3, a jednocze\u015bnie zyskaj wi\u0119cej mo\u017cliwo\u015bci nagrywania. Metalowa obudowa PULUZ skutecznie zabezpieczy urz\u0105dzenie przed uszkodzeniem, a dzi\u0119ki mocowaniu typu zimna stopka i otworowi \u00bc cala pozwoli na monta\u017c dodatkowych akcesori\u00f3w. Produkt jest te\u017c bardzo prosty w instalacji \u2013 zajmie to tylko chwil\u0119.<\/p>\n<\/p>\n<p><img decoding=\"async\" src=\"https:\/\/assets.innpro.pl\/4487\/5141\/1.jpg\" border=\"0\" alt=\"\"><\/p>\n<h3>Niezawodna ochrona<\/h3>\n<p><p>Do wykonania obudowy zastosowano wysokiej jako\u015bci stop aluminium, co przek\u0142ada si\u0119 na jej trwa\u0142o\u015b\u0107 i wytrzyma\u0142o\u015b\u0107. Dzi\u0119ki temu akcesorium mo\u017ce zapewni\u0107 Twojej kamerze niezawodn\u0105 ochron\u0119! Co wi\u0119cej, produkt idealnie pasuje do kszta\u0142tu modeli DJI Osmo Action 3 i DJI Osmo Action 4 \u2013 nie b\u0119dzie w \u017caden spos\u00f3b wp\u0142ywa\u0107 na ich obs\u0142ug\u0119. Obudowa gwarantuje te\u017c doskona\u0142e odprowadzanie ciep\u0142a. Nie musisz wi\u0119c si\u0119 martwi\u0107, \u017ce Twoja kamera b\u0119dzie si\u0119 przegrzewa\u0107!<\/p>\n<\/p>\n<p><img decoding=\"async\" src=\"https:\/\/assets.innpro.pl\/4487\/5141\/4.jpg\" border=\"0\" alt=\"\"><\/p>\n<h3>Kompatybilno\u015b\u0107 z wieloma akcesoriami<\/h3>\n<p><p>Obudowa zosta\u0142a wyposa\u017cona w otw\u00f3r \u00bc cala, kt\u00f3ry pozwala wygodnie zamontowa\u0107 umieszczon\u0105 w niej kamer\u0119 na przyk\u0142ad na statywie lub selfie sticku. Do dyspozycji masz tak\u017ce mocowanie typu cold shoe, kt\u00f3re umo\u017cliwia monta\u017c takich akcesori\u00f3w jak dodatkowe o\u015bwietlenie czy mikrofon.<\/p>\n<\/p>\n<p><img decoding=\"async\" src=\"https:\/\/assets.innpro.pl\/4487\/5141\/2.jpg\" border=\"0\" alt=\"\"><\/p>\n<h3>W zestawie<\/h3>\n<ul>\n<li>Obudowa<\/li>\n<li>Adapter<\/li>\n<li>\u015aruba adaptera x2<\/li>\n<li>Klucz imbusowy<\/li>\n<\/ul>\n<div class=\"table-wrapper\">\n<p>&nbsp;<\/p>\n<h3><\/h3>\n<table>\n<tbody>\n<tr>\n<th>Producent<\/th>\n<td>PULUZ<\/td>\n<\/tr>\n<tr>\n<th>Model<\/th>\n<td>PU928B<\/td>\n<\/tr>\n<tr>\n<th>Materia\u0142<\/th>\n<td>Stop aluminium<\/td>\n<\/tr>\n<tr>\n<th>Wymiary<\/th>\n<td>8,15 x 3,3 x 5,4 cm<\/td>\n<\/tr>\n<tr>\n<th>Kompatybilno\u015b\u0107<\/th>\n<td>DJI Osmo Action 3, DJI Osmo Action 4<\/td>\n<\/tr>\n<\/tbody>\n<\/table>\n<\/div>\n","protected":false},"excerpt":{"rendered":"<p>Metalowa obudowa z mocowaniem typu zimna stopka PULUZ do DJI Osmo Action 4\/3&nbsp; Zadbaj o ochron\u0119 swojej kamery DJI Osmo<\/p>\n","protected":false},"featured_media":26369,"comment_status":"closed","ping_status":"open","template":"","meta":{"_acf_changed":false},"product_brand":[],"product_cat":[1130,1137,1128],"product_tag":[],"class_list":{"0":"post-26368","1":"product","2":"type-product","3":"status-publish","4":"has-post-thumbnail","6":"product_cat-akcesoria-foto","7":"product_cat-do-kamer-sportowych","8":"product_cat-foto-wideo","9":"pa_box-height-1326","10":"pa_box-length-1787","11":"pa_box-width-1579","12":"pa_gross-weight-2753","13":"pa_net-weight-1589","15":"first","16":"instock","17":"taxable","18":"shipping-taxable","19":"purchasable","20":"product-type-simple"},"acf":[],"yoast_head":"<!-- This site is optimized with the Yoast SEO plugin v27.2 - https:\/\/yoast.com\/product\/yoast-seo-wordpress\/ -->\n<title>Metalowa obudowa z mocowaniem typu zimna stopka PULUZ do DJI Osmo Action 4\/3 - IRONSKY.PL Sklep z Dronami<\/title>\n<meta name=\"description\" content=\"Metalowa obudowa z mocowaniem typu zimna stopka PULUZ do DJI Osmo Action 4\/3 - \u2705 sklep z dronami i fachowym doradztwem. \u2705 Tutaj kupisz produkty DJI, Yuneec, Parrot, Syma i wiele innych, a tak\u017ce kursy i licencje na operatora drona.\" \/>\n<meta name=\"robots\" content=\"index, follow, max-snippet:-1, max-image-preview:large, max-video-preview:-1\" \/>\n<link rel=\"canonical\" href=\"https:\/\/ironsky.pl\/sklep\/produkt\/metalowa-obudowa-z-mocowaniem-typu-zimna-stopka-puluz-do-dji-osmo-action-4-3\/\" \/>\n<meta property=\"og:locale\" content=\"pl_PL\" \/>\n<meta property=\"og:type\" content=\"article\" \/>\n<meta property=\"og:title\" content=\"Metalowa obudowa z mocowaniem typu zimna stopka PULUZ do DJI Osmo Action 4\/3 - IRONSKY.PL Sklep z Dronami\" \/>\n<meta property=\"og:description\" content=\"Metalowa obudowa z mocowaniem typu zimna stopka PULUZ do DJI Osmo Action 4\/3 - \u2705 sklep z dronami i fachowym doradztwem. \u2705 Tutaj kupisz produkty DJI, Yuneec, Parrot, Syma i wiele innych, a tak\u017ce kursy i licencje na operatora drona.\" \/>\n<meta property=\"og:url\" content=\"https:\/\/ironsky.pl\/sklep\/produkt\/metalowa-obudowa-z-mocowaniem-typu-zimna-stopka-puluz-do-dji-osmo-action-4-3\/\" \/>\n<meta property=\"og:site_name\" content=\"IRONSKY.PL Sklep z Dronami\" \/>\n<meta property=\"article:modified_time\" content=\"2026-04-03T17:18:13+00:00\" \/>\n<meta property=\"og:image\" content=\"https:\/\/ironsky.pl\/sklep\/wp-content\/uploads\/2024\/09\/38157_2.jpg\" \/>\n\t<meta property=\"og:image:width\" content=\"800\" \/>\n\t<meta property=\"og:image:height\" content=\"800\" \/>\n\t<meta property=\"og:image:type\" content=\"image\/jpeg\" \/>\n<meta name=\"twitter:card\" content=\"summary_large_image\" \/>\n<meta name=\"twitter:label1\" content=\"Szacowany czas czytania\" \/>\n\t<meta name=\"twitter:data1\" content=\"1 minuta\" \/>\n<script type=\"application\/ld+json\" class=\"yoast-schema-graph\">{\"@context\":\"https:\/\/schema.org\",\"@graph\":[{\"@type\":\"WebPage\",\"@id\":\"https:\/\/ironsky.pl\/sklep\/produkt\/metalowa-obudowa-z-mocowaniem-typu-zimna-stopka-puluz-do-dji-osmo-action-4-3\/\",\"url\":\"https:\/\/ironsky.pl\/sklep\/produkt\/metalowa-obudowa-z-mocowaniem-typu-zimna-stopka-puluz-do-dji-osmo-action-4-3\/\",\"name\":\"Metalowa obudowa z mocowaniem typu zimna stopka PULUZ do DJI Osmo Action 4\/3 - IRONSKY.PL Sklep z Dronami\",\"isPartOf\":{\"@id\":\"https:\/\/ironsky.pl\/sklep\/#website\"},\"primaryImageOfPage\":{\"@id\":\"https:\/\/ironsky.pl\/sklep\/produkt\/metalowa-obudowa-z-mocowaniem-typu-zimna-stopka-puluz-do-dji-osmo-action-4-3\/#primaryimage\"},\"image\":{\"@id\":\"https:\/\/ironsky.pl\/sklep\/produkt\/metalowa-obudowa-z-mocowaniem-typu-zimna-stopka-puluz-do-dji-osmo-action-4-3\/#primaryimage\"},\"thumbnailUrl\":\"https:\/\/ironsky.pl\/sklep\/wp-content\/uploads\/2024\/09\/38157_2.jpg\",\"datePublished\":\"2024-09-16T17:37:00+00:00\",\"dateModified\":\"2026-04-03T17:18:13+00:00\",\"description\":\"Metalowa obudowa z mocowaniem typu zimna stopka PULUZ do DJI Osmo Action 4\/3 - \u2705 sklep z dronami i fachowym doradztwem. \u2705 Tutaj kupisz produkty DJI, Yuneec, Parrot, Syma i wiele innych, a tak\u017ce kursy i licencje na operatora drona.\",\"breadcrumb\":{\"@id\":\"https:\/\/ironsky.pl\/sklep\/produkt\/metalowa-obudowa-z-mocowaniem-typu-zimna-stopka-puluz-do-dji-osmo-action-4-3\/#breadcrumb\"},\"inLanguage\":\"pl-PL\",\"potentialAction\":[{\"@type\":\"ReadAction\",\"target\":[\"https:\/\/ironsky.pl\/sklep\/produkt\/metalowa-obudowa-z-mocowaniem-typu-zimna-stopka-puluz-do-dji-osmo-action-4-3\/\"]}]},{\"@type\":\"ImageObject\",\"inLanguage\":\"pl-PL\",\"@id\":\"https:\/\/ironsky.pl\/sklep\/produkt\/metalowa-obudowa-z-mocowaniem-typu-zimna-stopka-puluz-do-dji-osmo-action-4-3\/#primaryimage\",\"url\":\"https:\/\/ironsky.pl\/sklep\/wp-content\/uploads\/2024\/09\/38157_2.jpg\",\"contentUrl\":\"https:\/\/ironsky.pl\/sklep\/wp-content\/uploads\/2024\/09\/38157_2.jpg\",\"width\":800,\"height\":800},{\"@type\":\"BreadcrumbList\",\"@id\":\"https:\/\/ironsky.pl\/sklep\/produkt\/metalowa-obudowa-z-mocowaniem-typu-zimna-stopka-puluz-do-dji-osmo-action-4-3\/#breadcrumb\",\"itemListElement\":[{\"@type\":\"ListItem\",\"position\":1,\"name\":\"Strona g\u0142\u00f3wna\",\"item\":\"https:\/\/ironsky.pl\/sklep\/\"},{\"@type\":\"ListItem\",\"position\":2,\"name\":\"Wszystkie produkty\",\"item\":\"https:\/\/ironsky.pl\/sklep\/sklep\/\"},{\"@type\":\"ListItem\",\"position\":3,\"name\":\"Metalowa obudowa z mocowaniem typu zimna stopka PULUZ do DJI Osmo Action 4\/3\"}]},{\"@type\":\"WebSite\",\"@id\":\"https:\/\/ironsky.pl\/sklep\/#website\",\"url\":\"https:\/\/ironsky.pl\/sklep\/\",\"name\":\"IRONSKY.PL Sklep z Dronami\",\"description\":\"IRONSKY.PL Sklep z Dronami\",\"potentialAction\":[{\"@type\":\"SearchAction\",\"target\":{\"@type\":\"EntryPoint\",\"urlTemplate\":\"https:\/\/ironsky.pl\/sklep\/?s={search_term_string}\"},\"query-input\":{\"@type\":\"PropertyValueSpecification\",\"valueRequired\":true,\"valueName\":\"search_term_string\"}}],\"inLanguage\":\"pl-PL\"}]}<\/script>\n<!-- \/ Yoast SEO plugin. -->","yoast_head_json":{"title":"Metalowa obudowa z mocowaniem typu zimna stopka PULUZ do DJI Osmo Action 4\/3 - IRONSKY.PL Sklep z Dronami","description":"Metalowa obudowa z mocowaniem typu zimna stopka PULUZ do DJI Osmo Action 4\/3 - \u2705 sklep z dronami i fachowym doradztwem. \u2705 Tutaj kupisz produkty DJI, Yuneec, Parrot, Syma i wiele innych, a tak\u017ce kursy i licencje na operatora drona.","robots":{"index":"index","follow":"follow","max-snippet":"max-snippet:-1","max-image-preview":"max-image-preview:large","max-video-preview":"max-video-preview:-1"},"canonical":"https:\/\/ironsky.pl\/sklep\/produkt\/metalowa-obudowa-z-mocowaniem-typu-zimna-stopka-puluz-do-dji-osmo-action-4-3\/","og_locale":"pl_PL","og_type":"article","og_title":"Metalowa obudowa z mocowaniem typu zimna stopka PULUZ do DJI Osmo Action 4\/3 - IRONSKY.PL Sklep z Dronami","og_description":"Metalowa obudowa z mocowaniem typu zimna stopka PULUZ do DJI Osmo Action 4\/3 - \u2705 sklep z dronami i fachowym doradztwem. \u2705 Tutaj kupisz produkty DJI, Yuneec, Parrot, Syma i wiele innych, a tak\u017ce kursy i licencje na operatora drona.","og_url":"https:\/\/ironsky.pl\/sklep\/produkt\/metalowa-obudowa-z-mocowaniem-typu-zimna-stopka-puluz-do-dji-osmo-action-4-3\/","og_site_name":"IRONSKY.PL Sklep z Dronami","article_modified_time":"2026-04-03T17:18:13+00:00","og_image":[{"width":800,"height":800,"url":"https:\/\/ironsky.pl\/sklep\/wp-content\/uploads\/2024\/09\/38157_2.jpg","type":"image\/jpeg"}],"twitter_card":"summary_large_image","twitter_misc":{"Szacowany czas czytania":"1 minuta"},"schema":{"@context":"https:\/\/schema.org","@graph":[{"@type":"WebPage","@id":"https:\/\/ironsky.pl\/sklep\/produkt\/metalowa-obudowa-z-mocowaniem-typu-zimna-stopka-puluz-do-dji-osmo-action-4-3\/","url":"https:\/\/ironsky.pl\/sklep\/produkt\/metalowa-obudowa-z-mocowaniem-typu-zimna-stopka-puluz-do-dji-osmo-action-4-3\/","name":"Metalowa obudowa z mocowaniem typu zimna stopka PULUZ do DJI Osmo Action 4\/3 - IRONSKY.PL Sklep z Dronami","isPartOf":{"@id":"https:\/\/ironsky.pl\/sklep\/#website"},"primaryImageOfPage":{"@id":"https:\/\/ironsky.pl\/sklep\/produkt\/metalowa-obudowa-z-mocowaniem-typu-zimna-stopka-puluz-do-dji-osmo-action-4-3\/#primaryimage"},"image":{"@id":"https:\/\/ironsky.pl\/sklep\/produkt\/metalowa-obudowa-z-mocowaniem-typu-zimna-stopka-puluz-do-dji-osmo-action-4-3\/#primaryimage"},"thumbnailUrl":"https:\/\/ironsky.pl\/sklep\/wp-content\/uploads\/2024\/09\/38157_2.jpg","datePublished":"2024-09-16T17:37:00+00:00","dateModified":"2026-04-03T17:18:13+00:00","description":"Metalowa obudowa z mocowaniem typu zimna stopka PULUZ do DJI Osmo Action 4\/3 - \u2705 sklep z dronami i fachowym doradztwem. \u2705 Tutaj kupisz produkty DJI, Yuneec, Parrot, Syma i wiele innych, a tak\u017ce kursy i licencje na operatora drona.","breadcrumb":{"@id":"https:\/\/ironsky.pl\/sklep\/produkt\/metalowa-obudowa-z-mocowaniem-typu-zimna-stopka-puluz-do-dji-osmo-action-4-3\/#breadcrumb"},"inLanguage":"pl-PL","potentialAction":[{"@type":"ReadAction","target":["https:\/\/ironsky.pl\/sklep\/produkt\/metalowa-obudowa-z-mocowaniem-typu-zimna-stopka-puluz-do-dji-osmo-action-4-3\/"]}]},{"@type":"ImageObject","inLanguage":"pl-PL","@id":"https:\/\/ironsky.pl\/sklep\/produkt\/metalowa-obudowa-z-mocowaniem-typu-zimna-stopka-puluz-do-dji-osmo-action-4-3\/#primaryimage","url":"https:\/\/ironsky.pl\/sklep\/wp-content\/uploads\/2024\/09\/38157_2.jpg","contentUrl":"https:\/\/ironsky.pl\/sklep\/wp-content\/uploads\/2024\/09\/38157_2.jpg","width":800,"height":800},{"@type":"BreadcrumbList","@id":"https:\/\/ironsky.pl\/sklep\/produkt\/metalowa-obudowa-z-mocowaniem-typu-zimna-stopka-puluz-do-dji-osmo-action-4-3\/#breadcrumb","itemListElement":[{"@type":"ListItem","position":1,"name":"Strona g\u0142\u00f3wna","item":"https:\/\/ironsky.pl\/sklep\/"},{"@type":"ListItem","position":2,"name":"Wszystkie produkty","item":"https:\/\/ironsky.pl\/sklep\/sklep\/"},{"@type":"ListItem","position":3,"name":"Metalowa obudowa z mocowaniem typu zimna stopka PULUZ do DJI Osmo Action 4\/3"}]},{"@type":"WebSite","@id":"https:\/\/ironsky.pl\/sklep\/#website","url":"https:\/\/ironsky.pl\/sklep\/","name":"IRONSKY.PL Sklep z Dronami","description":"IRONSKY.PL Sklep z Dronami","potentialAction":[{"@type":"SearchAction","target":{"@type":"EntryPoint","urlTemplate":"https:\/\/ironsky.pl\/sklep\/?s={search_term_string}"},"query-input":{"@type":"PropertyValueSpecification","valueRequired":true,"valueName":"search_term_string"}}],"inLanguage":"pl-PL"}]}},"_links":{"self":[{"href":"https:\/\/ironsky.pl\/sklep\/wp-json\/wp\/v2\/product\/26368","targetHints":{"allow":["GET"]}}],"collection":[{"href":"https:\/\/ironsky.pl\/sklep\/wp-json\/wp\/v2\/product"}],"about":[{"href":"https:\/\/ironsky.pl\/sklep\/wp-json\/wp\/v2\/types\/product"}],"replies":[{"embeddable":true,"href":"https:\/\/ironsky.pl\/sklep\/wp-json\/wp\/v2\/comments?post=26368"}],"wp:featuredmedia":[{"embeddable":true,"href":"https:\/\/ironsky.pl\/sklep\/wp-json\/wp\/v2\/media\/26369"}],"wp:attachment":[{"href":"https:\/\/ironsky.pl\/sklep\/wp-json\/wp\/v2\/media?parent=26368"}],"wp:term":[{"taxonomy":"product_brand","embeddable":true,"href":"https:\/\/ironsky.pl\/sklep\/wp-json\/wp\/v2\/product_brand?post=26368"},{"taxonomy":"product_cat","embeddable":true,"href":"https:\/\/ironsky.pl\/sklep\/wp-json\/wp\/v2\/product_cat?post=26368"},{"taxonomy":"product_tag","embeddable":true,"href":"https:\/\/ironsky.pl\/sklep\/wp-json\/wp\/v2\/product_tag?post=26368"}],"curies":[{"name":"wp","href":"https:\/\/api.w.org\/{rel}","templated":true}]}}