{"id":26348,"date":"2024-09-16T19:35:39","date_gmt":"2024-09-16T17:35:39","guid":{"rendered":"http:\/\/gvshalph.pro-linuxpl.com\/ironskyprodukty\/produkt\/uchwyt-selfie-statyw-puluz-z-mocowaniem-na-telefon-czerwony\/"},"modified":"2026-03-05T15:52:20","modified_gmt":"2026-03-05T14:52:20","slug":"uchwyt-selfie-statyw-puluz-z-mocowaniem-na-telefon-czerwony","status":"publish","type":"product","link":"https:\/\/ironsky.pl\/sklep\/produkt\/uchwyt-selfie-statyw-puluz-z-mocowaniem-na-telefon-czerwony\/","title":{"rendered":"Uchwyt selfie \/ statyw PULUZ z mocowaniem na telefon (czerwony)"},"content":{"rendered":"<h3>Uchwyt selfie \/ statyw PULUZ z mocowaniem na telefon (czerwony)<\/h3>\n<p>Od teraz tworzenie zapieraj\u0105cych dech w piersiach materia\u0142\u00f3w b\u0119dzie jeszcze \u0142atwiejsze! Statyw Puluz umo\u017cliwia regulacj\u0119 wysoko\u015bci do 30,5 cm, a przegub kulowy zapewni Ci pe\u0142n\u0105 kontrol\u0119 nad ustawieniem kamery. Z powodzeniem wykorzystasz go r\u00f3wnie\u017c jako praktyczny selfie stick, kt\u00f3ry zabierzesz ze sob\u0105 w ka\u017cd\u0105 podr\u00f3\u017c.<\/p>\n<p><img decoding=\"async\" src=\"https:\/\/assets.innpro.pl\/4398\/5004\/1.jpg\" border=\"0\" alt=\"kobieta robi\u0105ca makija\u017c przed smartfonem przymocowanym do statywu puluz\" \/><\/p>\n<h3>Solidna konstrukcja<\/h3>\n<p>Statyw Puluz PU637R powsta\u0142 z wysokiej klasy stopu aluminium, ABS i gumowych element\u00f3w. Takie po\u0142\u0105czenie to gwarancja jako\u015bci! Statyw jest stabilny, odporny na wstrz\u0105sy i uszkodzenia, wi\u0119c korzystanie z niego b\u0119dzie czyst\u0105 przyjemno\u015bci\u0105 przez d\u0142ugi czas!<\/p>\n<p><img decoding=\"async\" src=\"https:\/\/assets.innpro.pl\/4398\/5004\/2.jpg\" border=\"0\" alt=\"d\u0142o\u0144 trzymaj\u0105ca selfie stick PULUZ ze sportow\u0105 kamer\u0105 na tle morza\" \/><\/p>\n<h3>Maksymalna wygoda w kompaktowym wydaniu<\/h3>\n<p>Dzi\u0119ki przemy\u015blanemu designowi, uchwyt PU637R pomimo swoich kompaktowych rozmiar\u00f3w, oferuje ogromne mo\u017cliwo\u015bci. Regulowana wysoko\u015b\u0107 statywu w zakresie od 13,5 do 30,5 cm pozwala dostosowa\u0107 go do r\u00f3\u017cnych potrzeb. Co wi\u0119cej, po z\u0142o\u017ceniu, uchwyt ma zaledwie 16 cm wysoko\u015bci, co sprawia, \u017ce bez trudu zmie\u015bcisz go w swojej torbie lub plecaku. Teraz mo\u017cesz cieszy\u0107 si\u0119 wygod\u0105, jak\u0105 zapewnia Puluz, gdziekolwiek si\u0119 udasz!<\/p>\n<p><img decoding=\"async\" src=\"https:\/\/assets.innpro.pl\/4398\/5004\/6.jpg\" border=\"0\" alt=\"prezentacja regulacji wysoko\u015bci statywu PULUZ\" \/><\/p>\n<h3>Ustawiaj sprz\u0119t w pionie i poziomie<\/h3>\n<p>Uniwersalny gimbal gwarantuje pe\u0142n\u0105 kontrol\u0119 nad orientacj\u0105 Twoich urz\u0105dze\u0144 \u2013 mo\u017cesz ustawi\u0107 je zar\u00f3wno w pionie, jak i poziomie, zapewniaj\u0105c idealny kadr w ka\u017cdym momencie! Dzi\u0119ki temu mo\u017cesz tworzy\u0107 wyj\u0105tkowe fotografie z wakacji, nagrywa\u0107 pe\u0142ne emocji filmy lub prowadzi\u0107 p\u0142ynne transmisje online, ciesz\u0105c si\u0119 pe\u0142n\u0105 swobod\u0105.<\/p>\n<p><img decoding=\"async\" src=\"https:\/\/assets.innpro.pl\/4398\/5004\/3.jpg\" border=\"0\" alt=\"dwa statywy z telefonami w pozycji pionowej i poziomej na tle g\u00f3rskiego krajobrazu\" \/><\/p>\n<h3>Szeroka kompatybilno\u015b\u0107<\/h3>\n<p>Standardowa \u015bruba \u00bc gwarantuje szerok\u0105 kompatybilno\u015b\u0107 z wieloma kamerami, czy o\u015bwietleniem. Co wi\u0119cej, w zestawie znajdziesz uchwyt na telefon, kt\u00f3ry pozwoli Ci bezpiecznie zamontowa\u0107 go na statywie. Gumowe wyko\u0144czenie zabezpieczy smartfona przed upadkiem i zarysowaniami.<\/p>\n<p><img decoding=\"async\" src=\"https:\/\/assets.innpro.pl\/4398\/5004\/5.jpg\" border=\"0\" alt=\"regulowane mocowanie na telefon\" \/><\/p>\n<div class=\"table-wrapper\">\n<p>\u00a0<\/p>\n<h3>\u00a0<\/h3>\n<table>\n<tbody>\n<tr>\n<th>Producent<\/th>\n<td>Puluz<\/td>\n<\/tr>\n<tr>\n<th>Model<\/th>\n<td>PU637R<\/td>\n<\/tr>\n<tr>\n<th>Kolor<\/th>\n<td>Czarno-czerwony<\/td>\n<\/tr>\n<tr>\n<th>Materia\u0142<\/th>\n<td>Stop aluminium + guma + ABS<\/td>\n<\/tr>\n<tr>\n<th>Regulacja wysoko\u015bci<\/th>\n<td>Od 13,5 do 30,5 cm<\/td>\n<\/tr>\n<tr>\n<th>Regulacja szeroko\u015bci mocowania na telefon<\/th>\n<td>Od 6,2 do 9,2 cm<\/td>\n<\/tr>\n<tr>\n<th>Waga<\/th>\n<td>0,2 kg<\/td>\n<\/tr>\n<\/tbody>\n<\/table>\n<\/div>\n","protected":false},"excerpt":{"rendered":"<p>Uchwyt selfie \/ statyw PULUZ z mocowaniem na telefon (czerwony) Od teraz tworzenie zapieraj\u0105cych dech w piersiach materia\u0142\u00f3w b\u0119dzie jeszcze<\/p>\n","protected":false},"featured_media":26349,"comment_status":"closed","ping_status":"open","template":"","meta":{"_acf_changed":false},"product_brand":[],"product_cat":[1128,1139,1140,1141,1138],"product_tag":[],"class_list":{"0":"post-26348","1":"product","2":"type-product","3":"status-publish","4":"has-post-thumbnail","6":"product_cat-foto-wideo","7":"product_cat-selfie-stick","8":"product_cat-statywy","9":"product_cat-uchwyty-do-mocowania-kamer-i-aparatow","10":"product_cat-wysiegniki","11":"pa_box-height-1698","12":"pa_box-length-1861","13":"pa_box-width-1408","14":"pa_cechy-szczegolne-z-tripodem","15":"pa_dlugosc-cm-30-5","16":"pa_gross-weight-1731","17":"pa_hs-code-1900","18":"pa_net-weight-1597","19":"pa_przeznaczenie-do-kamer-do-telefonow","21":"first","22":"outofstock","23":"taxable","24":"shipping-taxable","25":"purchasable","26":"product-type-simple"},"acf":[],"yoast_head":"<!-- This site is optimized with the Yoast SEO plugin v27.2 - https:\/\/yoast.com\/product\/yoast-seo-wordpress\/ -->\n<title>Uchwyt selfie \/ statyw PULUZ z mocowaniem na telefon (czerwony) - IRONSKY.PL Sklep z Dronami<\/title>\n<meta name=\"description\" content=\"Uchwyt selfie \/ statyw PULUZ z mocowaniem na telefon (czerwony) - \u2705 sklep z dronami i fachowym doradztwem. \u2705 Tutaj kupisz produkty DJI, Yuneec, Parrot, Syma i wiele innych, a tak\u017ce kursy i licencje na operatora drona.\" \/>\n<meta name=\"robots\" content=\"index, follow, max-snippet:-1, max-image-preview:large, max-video-preview:-1\" \/>\n<link rel=\"canonical\" href=\"https:\/\/ironsky.pl\/sklep\/produkt\/uchwyt-selfie-statyw-puluz-z-mocowaniem-na-telefon-czerwony\/\" \/>\n<meta property=\"og:locale\" content=\"pl_PL\" \/>\n<meta property=\"og:type\" content=\"article\" \/>\n<meta property=\"og:title\" content=\"Uchwyt selfie \/ statyw PULUZ z mocowaniem na telefon (czerwony) - IRONSKY.PL Sklep z Dronami\" \/>\n<meta property=\"og:description\" content=\"Uchwyt selfie \/ statyw PULUZ z mocowaniem na telefon (czerwony) - \u2705 sklep z dronami i fachowym doradztwem. \u2705 Tutaj kupisz produkty DJI, Yuneec, Parrot, Syma i wiele innych, a tak\u017ce kursy i licencje na operatora drona.\" \/>\n<meta property=\"og:url\" content=\"https:\/\/ironsky.pl\/sklep\/produkt\/uchwyt-selfie-statyw-puluz-z-mocowaniem-na-telefon-czerwony\/\" \/>\n<meta property=\"og:site_name\" content=\"IRONSKY.PL Sklep z Dronami\" \/>\n<meta property=\"article:modified_time\" content=\"2026-03-05T14:52:20+00:00\" \/>\n<meta property=\"og:image\" content=\"https:\/\/ironsky.pl\/sklep\/wp-content\/uploads\/2024\/09\/38137_1.jpg\" \/>\n\t<meta property=\"og:image:width\" content=\"800\" \/>\n\t<meta property=\"og:image:height\" content=\"800\" \/>\n\t<meta property=\"og:image:type\" content=\"image\/jpeg\" \/>\n<meta name=\"twitter:card\" content=\"summary_large_image\" \/>\n<meta name=\"twitter:label1\" content=\"Szacowany czas czytania\" \/>\n\t<meta name=\"twitter:data1\" content=\"2 minuty\" \/>\n<script type=\"application\/ld+json\" class=\"yoast-schema-graph\">{\"@context\":\"https:\/\/schema.org\",\"@graph\":[{\"@type\":\"WebPage\",\"@id\":\"https:\/\/ironsky.pl\/sklep\/produkt\/uchwyt-selfie-statyw-puluz-z-mocowaniem-na-telefon-czerwony\/\",\"url\":\"https:\/\/ironsky.pl\/sklep\/produkt\/uchwyt-selfie-statyw-puluz-z-mocowaniem-na-telefon-czerwony\/\",\"name\":\"Uchwyt selfie \/ statyw PULUZ z mocowaniem na telefon (czerwony) - IRONSKY.PL Sklep z Dronami\",\"isPartOf\":{\"@id\":\"https:\/\/ironsky.pl\/sklep\/#website\"},\"primaryImageOfPage\":{\"@id\":\"https:\/\/ironsky.pl\/sklep\/produkt\/uchwyt-selfie-statyw-puluz-z-mocowaniem-na-telefon-czerwony\/#primaryimage\"},\"image\":{\"@id\":\"https:\/\/ironsky.pl\/sklep\/produkt\/uchwyt-selfie-statyw-puluz-z-mocowaniem-na-telefon-czerwony\/#primaryimage\"},\"thumbnailUrl\":\"https:\/\/ironsky.pl\/sklep\/wp-content\/uploads\/2024\/09\/38137_1.jpg\",\"datePublished\":\"2024-09-16T17:35:39+00:00\",\"dateModified\":\"2026-03-05T14:52:20+00:00\",\"description\":\"Uchwyt selfie \/ statyw PULUZ z mocowaniem na telefon (czerwony) - \u2705 sklep z dronami i fachowym doradztwem. \u2705 Tutaj kupisz produkty DJI, Yuneec, Parrot, Syma i wiele innych, a tak\u017ce kursy i licencje na operatora drona.\",\"breadcrumb\":{\"@id\":\"https:\/\/ironsky.pl\/sklep\/produkt\/uchwyt-selfie-statyw-puluz-z-mocowaniem-na-telefon-czerwony\/#breadcrumb\"},\"inLanguage\":\"pl-PL\",\"potentialAction\":[{\"@type\":\"ReadAction\",\"target\":[\"https:\/\/ironsky.pl\/sklep\/produkt\/uchwyt-selfie-statyw-puluz-z-mocowaniem-na-telefon-czerwony\/\"]}]},{\"@type\":\"ImageObject\",\"inLanguage\":\"pl-PL\",\"@id\":\"https:\/\/ironsky.pl\/sklep\/produkt\/uchwyt-selfie-statyw-puluz-z-mocowaniem-na-telefon-czerwony\/#primaryimage\",\"url\":\"https:\/\/ironsky.pl\/sklep\/wp-content\/uploads\/2024\/09\/38137_1.jpg\",\"contentUrl\":\"https:\/\/ironsky.pl\/sklep\/wp-content\/uploads\/2024\/09\/38137_1.jpg\",\"width\":800,\"height\":800},{\"@type\":\"BreadcrumbList\",\"@id\":\"https:\/\/ironsky.pl\/sklep\/produkt\/uchwyt-selfie-statyw-puluz-z-mocowaniem-na-telefon-czerwony\/#breadcrumb\",\"itemListElement\":[{\"@type\":\"ListItem\",\"position\":1,\"name\":\"Strona g\u0142\u00f3wna\",\"item\":\"https:\/\/ironsky.pl\/sklep\/\"},{\"@type\":\"ListItem\",\"position\":2,\"name\":\"Wszystkie produkty\",\"item\":\"https:\/\/ironsky.pl\/sklep\/produkty\/\"},{\"@type\":\"ListItem\",\"position\":3,\"name\":\"Uchwyt selfie \/ statyw PULUZ z mocowaniem na telefon (czerwony)\"}]},{\"@type\":\"WebSite\",\"@id\":\"https:\/\/ironsky.pl\/sklep\/#website\",\"url\":\"https:\/\/ironsky.pl\/sklep\/\",\"name\":\"IRONSKY.PL Sklep z Dronami\",\"description\":\"IRONSKY.PL Sklep z Dronami\",\"potentialAction\":[{\"@type\":\"SearchAction\",\"target\":{\"@type\":\"EntryPoint\",\"urlTemplate\":\"https:\/\/ironsky.pl\/sklep\/?s={search_term_string}\"},\"query-input\":{\"@type\":\"PropertyValueSpecification\",\"valueRequired\":true,\"valueName\":\"search_term_string\"}}],\"inLanguage\":\"pl-PL\"}]}<\/script>\n<!-- \/ Yoast SEO plugin. -->","yoast_head_json":{"title":"Uchwyt selfie \/ statyw PULUZ z mocowaniem na telefon (czerwony) - IRONSKY.PL Sklep z Dronami","description":"Uchwyt selfie \/ statyw PULUZ z mocowaniem na telefon (czerwony) - \u2705 sklep z dronami i fachowym doradztwem. \u2705 Tutaj kupisz produkty DJI, Yuneec, Parrot, Syma i wiele innych, a tak\u017ce kursy i licencje na operatora drona.","robots":{"index":"index","follow":"follow","max-snippet":"max-snippet:-1","max-image-preview":"max-image-preview:large","max-video-preview":"max-video-preview:-1"},"canonical":"https:\/\/ironsky.pl\/sklep\/produkt\/uchwyt-selfie-statyw-puluz-z-mocowaniem-na-telefon-czerwony\/","og_locale":"pl_PL","og_type":"article","og_title":"Uchwyt selfie \/ statyw PULUZ z mocowaniem na telefon (czerwony) - IRONSKY.PL Sklep z Dronami","og_description":"Uchwyt selfie \/ statyw PULUZ z mocowaniem na telefon (czerwony) - \u2705 sklep z dronami i fachowym doradztwem. \u2705 Tutaj kupisz produkty DJI, Yuneec, Parrot, Syma i wiele innych, a tak\u017ce kursy i licencje na operatora drona.","og_url":"https:\/\/ironsky.pl\/sklep\/produkt\/uchwyt-selfie-statyw-puluz-z-mocowaniem-na-telefon-czerwony\/","og_site_name":"IRONSKY.PL Sklep z Dronami","article_modified_time":"2026-03-05T14:52:20+00:00","og_image":[{"width":800,"height":800,"url":"https:\/\/ironsky.pl\/sklep\/wp-content\/uploads\/2024\/09\/38137_1.jpg","type":"image\/jpeg"}],"twitter_card":"summary_large_image","twitter_misc":{"Szacowany czas czytania":"2 minuty"},"schema":{"@context":"https:\/\/schema.org","@graph":[{"@type":"WebPage","@id":"https:\/\/ironsky.pl\/sklep\/produkt\/uchwyt-selfie-statyw-puluz-z-mocowaniem-na-telefon-czerwony\/","url":"https:\/\/ironsky.pl\/sklep\/produkt\/uchwyt-selfie-statyw-puluz-z-mocowaniem-na-telefon-czerwony\/","name":"Uchwyt selfie \/ statyw PULUZ z mocowaniem na telefon (czerwony) - IRONSKY.PL Sklep z Dronami","isPartOf":{"@id":"https:\/\/ironsky.pl\/sklep\/#website"},"primaryImageOfPage":{"@id":"https:\/\/ironsky.pl\/sklep\/produkt\/uchwyt-selfie-statyw-puluz-z-mocowaniem-na-telefon-czerwony\/#primaryimage"},"image":{"@id":"https:\/\/ironsky.pl\/sklep\/produkt\/uchwyt-selfie-statyw-puluz-z-mocowaniem-na-telefon-czerwony\/#primaryimage"},"thumbnailUrl":"https:\/\/ironsky.pl\/sklep\/wp-content\/uploads\/2024\/09\/38137_1.jpg","datePublished":"2024-09-16T17:35:39+00:00","dateModified":"2026-03-05T14:52:20+00:00","description":"Uchwyt selfie \/ statyw PULUZ z mocowaniem na telefon (czerwony) - \u2705 sklep z dronami i fachowym doradztwem. \u2705 Tutaj kupisz produkty DJI, Yuneec, Parrot, Syma i wiele innych, a tak\u017ce kursy i licencje na operatora drona.","breadcrumb":{"@id":"https:\/\/ironsky.pl\/sklep\/produkt\/uchwyt-selfie-statyw-puluz-z-mocowaniem-na-telefon-czerwony\/#breadcrumb"},"inLanguage":"pl-PL","potentialAction":[{"@type":"ReadAction","target":["https:\/\/ironsky.pl\/sklep\/produkt\/uchwyt-selfie-statyw-puluz-z-mocowaniem-na-telefon-czerwony\/"]}]},{"@type":"ImageObject","inLanguage":"pl-PL","@id":"https:\/\/ironsky.pl\/sklep\/produkt\/uchwyt-selfie-statyw-puluz-z-mocowaniem-na-telefon-czerwony\/#primaryimage","url":"https:\/\/ironsky.pl\/sklep\/wp-content\/uploads\/2024\/09\/38137_1.jpg","contentUrl":"https:\/\/ironsky.pl\/sklep\/wp-content\/uploads\/2024\/09\/38137_1.jpg","width":800,"height":800},{"@type":"BreadcrumbList","@id":"https:\/\/ironsky.pl\/sklep\/produkt\/uchwyt-selfie-statyw-puluz-z-mocowaniem-na-telefon-czerwony\/#breadcrumb","itemListElement":[{"@type":"ListItem","position":1,"name":"Strona g\u0142\u00f3wna","item":"https:\/\/ironsky.pl\/sklep\/"},{"@type":"ListItem","position":2,"name":"Wszystkie produkty","item":"https:\/\/ironsky.pl\/sklep\/produkty\/"},{"@type":"ListItem","position":3,"name":"Uchwyt selfie \/ statyw PULUZ z mocowaniem na telefon (czerwony)"}]},{"@type":"WebSite","@id":"https:\/\/ironsky.pl\/sklep\/#website","url":"https:\/\/ironsky.pl\/sklep\/","name":"IRONSKY.PL Sklep z Dronami","description":"IRONSKY.PL Sklep z Dronami","potentialAction":[{"@type":"SearchAction","target":{"@type":"EntryPoint","urlTemplate":"https:\/\/ironsky.pl\/sklep\/?s={search_term_string}"},"query-input":{"@type":"PropertyValueSpecification","valueRequired":true,"valueName":"search_term_string"}}],"inLanguage":"pl-PL"}]}},"_links":{"self":[{"href":"https:\/\/ironsky.pl\/sklep\/wp-json\/wp\/v2\/product\/26348","targetHints":{"allow":["GET"]}}],"collection":[{"href":"https:\/\/ironsky.pl\/sklep\/wp-json\/wp\/v2\/product"}],"about":[{"href":"https:\/\/ironsky.pl\/sklep\/wp-json\/wp\/v2\/types\/product"}],"replies":[{"embeddable":true,"href":"https:\/\/ironsky.pl\/sklep\/wp-json\/wp\/v2\/comments?post=26348"}],"wp:featuredmedia":[{"embeddable":true,"href":"https:\/\/ironsky.pl\/sklep\/wp-json\/wp\/v2\/media\/26349"}],"wp:attachment":[{"href":"https:\/\/ironsky.pl\/sklep\/wp-json\/wp\/v2\/media?parent=26348"}],"wp:term":[{"taxonomy":"product_brand","embeddable":true,"href":"https:\/\/ironsky.pl\/sklep\/wp-json\/wp\/v2\/product_brand?post=26348"},{"taxonomy":"product_cat","embeddable":true,"href":"https:\/\/ironsky.pl\/sklep\/wp-json\/wp\/v2\/product_cat?post=26348"},{"taxonomy":"product_tag","embeddable":true,"href":"https:\/\/ironsky.pl\/sklep\/wp-json\/wp\/v2\/product_tag?post=26348"}],"curies":[{"name":"wp","href":"https:\/\/api.w.org\/{rel}","templated":true}]}}