{"id":26326,"date":"2024-09-16T19:35:39","date_gmt":"2024-09-16T17:35:39","guid":{"rendered":"http:\/\/gvshalph.pro-linuxpl.com\/ironskyprodukty\/produkt\/statyw-kf-concept-e224a3bh-18-kf09-120\/"},"modified":"2026-03-05T15:52:20","modified_gmt":"2026-03-05T14:52:20","slug":"statyw-kf-concept-e224a3bh-18-kf09-120","status":"publish","type":"product","link":"https:\/\/ironsky.pl\/sklep\/produkt\/statyw-kf-concept-e224a3bh-18-kf09-120\/","title":{"rendered":"Statyw K&#038;F Concept E224A3+BH-18 (KF09.120)"},"content":{"rendered":"<h3>Statyw K&amp;F Concept E224A3+BH-18 (KF09.120)<\/h3>\n<p>Statyw K&amp;F Concept to idealne rozwi\u0105zanie dla wszystkich pasjonat\u00f3w fotografii. Mo\u017cesz w prosty spos\u00f3b przekszta\u0142ci\u0107 go z tradycyjnego statywu na stojak biurkowy czy kij do selfie. Po z\u0142o\u017ceniu jest wyj\u0105tkowo kompaktowy, co sprawia, \u017ce jest idealnym towarzyszem podczas podr\u00f3\u017cy, gwarantuj\u0105c stabilno\u015b\u0107 nawet w najbardziej wymagaj\u0105cych warunkach. Dzi\u0119ki standardowemu gwintowi 1\/4 cala jest kompatybilny z wi\u0119kszo\u015bci\u0105 aparat\u00f3w cyfrowych czy lustrzanek.<\/p>\n<p>\n<img decoding=\"async\" src=\"https:\/\/assets.innpro.pl\/4789\/5539\/4.jpg\" border=\"0\" \/>\n<\/p>\n<h3>Zdob\u0105d\u017a kontrol\u0119 nad kompozycj\u0105 zdj\u0119\u0107<\/h3>\n<p>Odkryj wszechstronne mo\u017cliwo\u015bci fotografowania! Statyw wyposa\u017cono w 4-sekcyjne n\u00f3\u017cki, dzi\u0119ki kt\u00f3rym mo\u017cesz swobodnie regulowa\u0107 wysoko\u015b\u0107 od zaledwie 36 cm do imponuj\u0105cych 170 cm, co pozwala na \u0142atwe dostosowanie si\u0119 do ka\u017cdej sytuacji fotograficznej. Niezale\u017cnie od tego, czy chcesz wykona\u0107 niskie uj\u0119cie na poziomie ziemi, czy pragniesz uchwyci\u0107 panoram\u0119 z g\u00f3ry, n\u00f3\u017cki umo\u017cliwiaj\u0105 p\u0142ynne operowanie wysoko\u015bci\u0105 statywu, daj\u0105c Ci pe\u0142n\u0105 kontrol\u0119 nad kadrowaniem i kompozycj\u0105 zdj\u0119\u0107.<\/p>\n<p>\n<img decoding=\"async\" src=\"https:\/\/assets.innpro.pl\/4789\/5539\/6.jpg\" border=\"0\" \/>\n<\/p>\n<h3>Fotografuj z r\u00f3\u017cnych punkt\u00f3w widzenia<\/h3>\n<p>Statyw K&amp;F Concept KF09.120) to wi\u0119cej ni\u017c tylko zwyk\u0142y statyw! Dzi\u0119ki jego wszechstronno\u015bci mo\u017cesz w mgnieniu oka przekszta\u0142ci\u0107 go w kij do selfie lub stojak biurkowy, idealny do wykonywania zdj\u0119\u0107 z r\u00f3\u017cnych perspektyw. To sprawia, \u017ce doskonale sprawdzi si\u0119 do r\u00f3\u017cnorodnych zastosowa\u0144 \u2013 od podr\u00f3\u017cowania po nagrywanie vlog\u00f3w i transmisje na \u017cywo.<\/p>\n<p>\n<img decoding=\"async\" src=\"https:\/\/assets.innpro.pl\/4789\/5539\/7.jpg\" border=\"0\" \/>\n<\/p>\n<h3>Przemy\u015blna konstrukcja<\/h3>\n<p>Statyw zapewnia no\u015bno\u015b\u0107 do 4 kg, co oznacza, \u017ce mo\u017cesz na nim bezpiecznie zamontowa\u0107 swoje sprz\u0119ty fotograficzne. Brak systemu t\u0142umienia olejowego sprawia, \u017ce ruchy kamery s\u0105 p\u0142ynne i precyzyjne, natomiast zastosowany innowacyjny design n\u00f3\u017cek statywu umo\u017cliwia b\u0142yskawiczne otwieranie i zamykanie, co pozwoli Ci zaoszcz\u0119dzi\u0107 cenny czas podczas wypraw. Co wi\u0119cej, 360-stopniowa skala pozioma u\u0142atwia tworzenie panoramicznych zdj\u0119\u0107.\u00a0<\/p>\n<p>\n<img decoding=\"async\" src=\"https:\/\/assets.innpro.pl\/4789\/5539\/2.jpg\" border=\"0\" \/>\n<\/p>\n<h3>W zestawie<\/h3>\n<ul class=\"list-disc pl-5\">\n<li>statyw<\/li>\n<li>pilot zdalnego sterowania<\/li>\n<li>g\u0142owica<\/li>\n<\/ul>\n<div class=\"table-wrapper\">\n<p>\u00a0<\/p>\n<h3><\/h3>\n<table>\n<tbody>\n<tr>\n<th>Producent<\/th>\n<td>K&amp;F Concept<\/td>\n<\/tr>\n<tr>\n<th>Model<\/th>\n<td>KF09.120<\/td>\n<\/tr>\n<tr>\n<th>Kolor<\/th>\n<td>Czarny<\/td>\n<\/tr>\n<tr>\n<th>Regulacja wysoko\u015bci<\/th>\n<td>Od 36 cm do 170 cm<\/td>\n<\/tr>\n<tr>\n<th>Maks. wysoko\u015b\u0107 bez kolumny centralnej\t<\/th>\n<td>92 cm<\/td>\n<\/tr>\n<tr>\n<th>Maks. obci\u0105\u017cenie<\/th>\n<td>4 kg<\/td>\n<\/tr>\n<tr>\n<th>D\u0142ugo\u015b\u0107 po z\u0142o\u017ceniu\t<\/th>\n<td>30 cm<\/td>\n<\/tr>\n<tr>\n<th>Waga<\/th>\n<td>963 g<\/td>\n<\/tr>\n<tr>\n<th>Materia\u0142\t<\/th>\n<td>Stop aluminium<\/td>\n<\/tr>\n<tr>\n<th>Sekcje N\u00f3g\t<\/th>\n<td>4<\/td>\n<\/tr>\n<tr>\n<th>\u015arednica N\u00f3g\t<\/th>\n<td>13\u201322 mm<\/td>\n<\/tr>\n<tr>\n<th>Sekcje kolumny centralnej<\/th>\n<td>4<\/td>\n<\/tr>\n<\/tbody>\n<\/table>\n<\/div>\n","protected":false},"excerpt":{"rendered":"<p>Statyw K&amp;F Concept E224A3+BH-18 (KF09.120) Statyw K&amp;F Concept to idealne rozwi\u0105zanie dla wszystkich pasjonat\u00f3w fotografii. Mo\u017cesz w prosty spos\u00f3b przekszta\u0142ci\u0107<\/p>\n","protected":false},"featured_media":26327,"comment_status":"closed","ping_status":"open","template":"","meta":{"_acf_changed":false},"product_brand":[],"product_cat":[1128,1139,1140,1141,1138],"product_tag":[],"class_list":{"0":"post-26326","1":"product","2":"type-product","3":"status-publish","4":"has-post-thumbnail","6":"product_cat-foto-wideo","7":"product_cat-selfie-stick","8":"product_cat-statywy","9":"product_cat-uchwyty-do-mocowania-kamer-i-aparatow","10":"product_cat-wysiegniki","11":"pa_box-height-1591","12":"pa_box-length-4769","13":"pa_box-width-1994","14":"pa_gross-weight-4770","15":"pa_hs-code-1864","16":"pa_kolejna-dostawa-27-09-2024","17":"pa_net-weight-3050","18":"pa_przeznaczenie-do-kamer-do-telefonow","19":"pa_z-wbudowanym-oswietleniem-nie","21":"first","22":"outofstock","23":"taxable","24":"shipping-taxable","25":"purchasable","26":"product-type-simple"},"acf":[],"yoast_head":"<!-- This site is optimized with the Yoast SEO plugin v27.2 - https:\/\/yoast.com\/product\/yoast-seo-wordpress\/ -->\n<title>Statyw K&amp;F Concept E224A3+BH-18 (KF09.120) - IRONSKY.PL Sklep z Dronami<\/title>\n<meta name=\"description\" content=\"Statyw K&amp;F Concept E224A3+BH-18 (KF09.120) - \u2705 sklep z dronami i fachowym doradztwem. \u2705 Tutaj kupisz produkty DJI, Yuneec, Parrot, Syma i wiele innych, a tak\u017ce kursy i licencje na operatora drona.\" \/>\n<meta name=\"robots\" content=\"index, follow, max-snippet:-1, max-image-preview:large, max-video-preview:-1\" \/>\n<link rel=\"canonical\" href=\"https:\/\/ironsky.pl\/sklep\/produkt\/statyw-kf-concept-e224a3bh-18-kf09-120\/\" \/>\n<meta property=\"og:locale\" content=\"pl_PL\" \/>\n<meta property=\"og:type\" content=\"article\" \/>\n<meta property=\"og:title\" content=\"Statyw K&amp;F Concept E224A3+BH-18 (KF09.120) - IRONSKY.PL Sklep z Dronami\" \/>\n<meta property=\"og:description\" content=\"Statyw K&amp;F Concept E224A3+BH-18 (KF09.120) - \u2705 sklep z dronami i fachowym doradztwem. \u2705 Tutaj kupisz produkty DJI, Yuneec, Parrot, Syma i wiele innych, a tak\u017ce kursy i licencje na operatora drona.\" \/>\n<meta property=\"og:url\" content=\"https:\/\/ironsky.pl\/sklep\/produkt\/statyw-kf-concept-e224a3bh-18-kf09-120\/\" \/>\n<meta property=\"og:site_name\" content=\"IRONSKY.PL Sklep z Dronami\" \/>\n<meta property=\"article:modified_time\" content=\"2026-03-05T14:52:20+00:00\" \/>\n<meta property=\"og:image\" content=\"https:\/\/ironsky.pl\/sklep\/wp-content\/uploads\/2024\/09\/37977_1.jpg\" \/>\n\t<meta property=\"og:image:width\" content=\"800\" \/>\n\t<meta property=\"og:image:height\" content=\"800\" \/>\n\t<meta property=\"og:image:type\" content=\"image\/jpeg\" \/>\n<meta name=\"twitter:card\" content=\"summary_large_image\" \/>\n<meta name=\"twitter:label1\" content=\"Szacowany czas czytania\" \/>\n\t<meta name=\"twitter:data1\" content=\"2 minuty\" \/>\n<script type=\"application\/ld+json\" class=\"yoast-schema-graph\">{\"@context\":\"https:\/\/schema.org\",\"@graph\":[{\"@type\":\"WebPage\",\"@id\":\"https:\/\/ironsky.pl\/sklep\/produkt\/statyw-kf-concept-e224a3bh-18-kf09-120\/\",\"url\":\"https:\/\/ironsky.pl\/sklep\/produkt\/statyw-kf-concept-e224a3bh-18-kf09-120\/\",\"name\":\"Statyw K&F Concept E224A3+BH-18 (KF09.120) - IRONSKY.PL Sklep z Dronami\",\"isPartOf\":{\"@id\":\"https:\/\/ironsky.pl\/sklep\/#website\"},\"primaryImageOfPage\":{\"@id\":\"https:\/\/ironsky.pl\/sklep\/produkt\/statyw-kf-concept-e224a3bh-18-kf09-120\/#primaryimage\"},\"image\":{\"@id\":\"https:\/\/ironsky.pl\/sklep\/produkt\/statyw-kf-concept-e224a3bh-18-kf09-120\/#primaryimage\"},\"thumbnailUrl\":\"https:\/\/ironsky.pl\/sklep\/wp-content\/uploads\/2024\/09\/37977_1.jpg\",\"datePublished\":\"2024-09-16T17:35:39+00:00\",\"dateModified\":\"2026-03-05T14:52:20+00:00\",\"description\":\"Statyw K&F Concept E224A3+BH-18 (KF09.120) - \u2705 sklep z dronami i fachowym doradztwem. \u2705 Tutaj kupisz produkty DJI, Yuneec, Parrot, Syma i wiele innych, a tak\u017ce kursy i licencje na operatora drona.\",\"breadcrumb\":{\"@id\":\"https:\/\/ironsky.pl\/sklep\/produkt\/statyw-kf-concept-e224a3bh-18-kf09-120\/#breadcrumb\"},\"inLanguage\":\"pl-PL\",\"potentialAction\":[{\"@type\":\"ReadAction\",\"target\":[\"https:\/\/ironsky.pl\/sklep\/produkt\/statyw-kf-concept-e224a3bh-18-kf09-120\/\"]}]},{\"@type\":\"ImageObject\",\"inLanguage\":\"pl-PL\",\"@id\":\"https:\/\/ironsky.pl\/sklep\/produkt\/statyw-kf-concept-e224a3bh-18-kf09-120\/#primaryimage\",\"url\":\"https:\/\/ironsky.pl\/sklep\/wp-content\/uploads\/2024\/09\/37977_1.jpg\",\"contentUrl\":\"https:\/\/ironsky.pl\/sklep\/wp-content\/uploads\/2024\/09\/37977_1.jpg\",\"width\":800,\"height\":800},{\"@type\":\"BreadcrumbList\",\"@id\":\"https:\/\/ironsky.pl\/sklep\/produkt\/statyw-kf-concept-e224a3bh-18-kf09-120\/#breadcrumb\",\"itemListElement\":[{\"@type\":\"ListItem\",\"position\":1,\"name\":\"Strona g\u0142\u00f3wna\",\"item\":\"https:\/\/ironsky.pl\/sklep\/\"},{\"@type\":\"ListItem\",\"position\":2,\"name\":\"Wszystkie produkty\",\"item\":\"https:\/\/ironsky.pl\/sklep\/produkty\/\"},{\"@type\":\"ListItem\",\"position\":3,\"name\":\"Statyw K&#038;F Concept E224A3+BH-18 (KF09.120)\"}]},{\"@type\":\"WebSite\",\"@id\":\"https:\/\/ironsky.pl\/sklep\/#website\",\"url\":\"https:\/\/ironsky.pl\/sklep\/\",\"name\":\"IRONSKY.PL Sklep z Dronami\",\"description\":\"IRONSKY.PL Sklep z Dronami\",\"potentialAction\":[{\"@type\":\"SearchAction\",\"target\":{\"@type\":\"EntryPoint\",\"urlTemplate\":\"https:\/\/ironsky.pl\/sklep\/?s={search_term_string}\"},\"query-input\":{\"@type\":\"PropertyValueSpecification\",\"valueRequired\":true,\"valueName\":\"search_term_string\"}}],\"inLanguage\":\"pl-PL\"}]}<\/script>\n<!-- \/ Yoast SEO plugin. -->","yoast_head_json":{"title":"Statyw K&F Concept E224A3+BH-18 (KF09.120) - IRONSKY.PL Sklep z Dronami","description":"Statyw K&F Concept E224A3+BH-18 (KF09.120) - \u2705 sklep z dronami i fachowym doradztwem. \u2705 Tutaj kupisz produkty DJI, Yuneec, Parrot, Syma i wiele innych, a tak\u017ce kursy i licencje na operatora drona.","robots":{"index":"index","follow":"follow","max-snippet":"max-snippet:-1","max-image-preview":"max-image-preview:large","max-video-preview":"max-video-preview:-1"},"canonical":"https:\/\/ironsky.pl\/sklep\/produkt\/statyw-kf-concept-e224a3bh-18-kf09-120\/","og_locale":"pl_PL","og_type":"article","og_title":"Statyw K&F Concept E224A3+BH-18 (KF09.120) - IRONSKY.PL Sklep z Dronami","og_description":"Statyw K&F Concept E224A3+BH-18 (KF09.120) - \u2705 sklep z dronami i fachowym doradztwem. \u2705 Tutaj kupisz produkty DJI, Yuneec, Parrot, Syma i wiele innych, a tak\u017ce kursy i licencje na operatora drona.","og_url":"https:\/\/ironsky.pl\/sklep\/produkt\/statyw-kf-concept-e224a3bh-18-kf09-120\/","og_site_name":"IRONSKY.PL Sklep z Dronami","article_modified_time":"2026-03-05T14:52:20+00:00","og_image":[{"width":800,"height":800,"url":"https:\/\/ironsky.pl\/sklep\/wp-content\/uploads\/2024\/09\/37977_1.jpg","type":"image\/jpeg"}],"twitter_card":"summary_large_image","twitter_misc":{"Szacowany czas czytania":"2 minuty"},"schema":{"@context":"https:\/\/schema.org","@graph":[{"@type":"WebPage","@id":"https:\/\/ironsky.pl\/sklep\/produkt\/statyw-kf-concept-e224a3bh-18-kf09-120\/","url":"https:\/\/ironsky.pl\/sklep\/produkt\/statyw-kf-concept-e224a3bh-18-kf09-120\/","name":"Statyw K&F Concept E224A3+BH-18 (KF09.120) - IRONSKY.PL Sklep z Dronami","isPartOf":{"@id":"https:\/\/ironsky.pl\/sklep\/#website"},"primaryImageOfPage":{"@id":"https:\/\/ironsky.pl\/sklep\/produkt\/statyw-kf-concept-e224a3bh-18-kf09-120\/#primaryimage"},"image":{"@id":"https:\/\/ironsky.pl\/sklep\/produkt\/statyw-kf-concept-e224a3bh-18-kf09-120\/#primaryimage"},"thumbnailUrl":"https:\/\/ironsky.pl\/sklep\/wp-content\/uploads\/2024\/09\/37977_1.jpg","datePublished":"2024-09-16T17:35:39+00:00","dateModified":"2026-03-05T14:52:20+00:00","description":"Statyw K&F Concept E224A3+BH-18 (KF09.120) - \u2705 sklep z dronami i fachowym doradztwem. \u2705 Tutaj kupisz produkty DJI, Yuneec, Parrot, Syma i wiele innych, a tak\u017ce kursy i licencje na operatora drona.","breadcrumb":{"@id":"https:\/\/ironsky.pl\/sklep\/produkt\/statyw-kf-concept-e224a3bh-18-kf09-120\/#breadcrumb"},"inLanguage":"pl-PL","potentialAction":[{"@type":"ReadAction","target":["https:\/\/ironsky.pl\/sklep\/produkt\/statyw-kf-concept-e224a3bh-18-kf09-120\/"]}]},{"@type":"ImageObject","inLanguage":"pl-PL","@id":"https:\/\/ironsky.pl\/sklep\/produkt\/statyw-kf-concept-e224a3bh-18-kf09-120\/#primaryimage","url":"https:\/\/ironsky.pl\/sklep\/wp-content\/uploads\/2024\/09\/37977_1.jpg","contentUrl":"https:\/\/ironsky.pl\/sklep\/wp-content\/uploads\/2024\/09\/37977_1.jpg","width":800,"height":800},{"@type":"BreadcrumbList","@id":"https:\/\/ironsky.pl\/sklep\/produkt\/statyw-kf-concept-e224a3bh-18-kf09-120\/#breadcrumb","itemListElement":[{"@type":"ListItem","position":1,"name":"Strona g\u0142\u00f3wna","item":"https:\/\/ironsky.pl\/sklep\/"},{"@type":"ListItem","position":2,"name":"Wszystkie produkty","item":"https:\/\/ironsky.pl\/sklep\/produkty\/"},{"@type":"ListItem","position":3,"name":"Statyw K&#038;F Concept E224A3+BH-18 (KF09.120)"}]},{"@type":"WebSite","@id":"https:\/\/ironsky.pl\/sklep\/#website","url":"https:\/\/ironsky.pl\/sklep\/","name":"IRONSKY.PL Sklep z Dronami","description":"IRONSKY.PL Sklep z Dronami","potentialAction":[{"@type":"SearchAction","target":{"@type":"EntryPoint","urlTemplate":"https:\/\/ironsky.pl\/sklep\/?s={search_term_string}"},"query-input":{"@type":"PropertyValueSpecification","valueRequired":true,"valueName":"search_term_string"}}],"inLanguage":"pl-PL"}]}},"_links":{"self":[{"href":"https:\/\/ironsky.pl\/sklep\/wp-json\/wp\/v2\/product\/26326","targetHints":{"allow":["GET"]}}],"collection":[{"href":"https:\/\/ironsky.pl\/sklep\/wp-json\/wp\/v2\/product"}],"about":[{"href":"https:\/\/ironsky.pl\/sklep\/wp-json\/wp\/v2\/types\/product"}],"replies":[{"embeddable":true,"href":"https:\/\/ironsky.pl\/sklep\/wp-json\/wp\/v2\/comments?post=26326"}],"wp:featuredmedia":[{"embeddable":true,"href":"https:\/\/ironsky.pl\/sklep\/wp-json\/wp\/v2\/media\/26327"}],"wp:attachment":[{"href":"https:\/\/ironsky.pl\/sklep\/wp-json\/wp\/v2\/media?parent=26326"}],"wp:term":[{"taxonomy":"product_brand","embeddable":true,"href":"https:\/\/ironsky.pl\/sklep\/wp-json\/wp\/v2\/product_brand?post=26326"},{"taxonomy":"product_cat","embeddable":true,"href":"https:\/\/ironsky.pl\/sklep\/wp-json\/wp\/v2\/product_cat?post=26326"},{"taxonomy":"product_tag","embeddable":true,"href":"https:\/\/ironsky.pl\/sklep\/wp-json\/wp\/v2\/product_tag?post=26326"}],"curies":[{"name":"wp","href":"https:\/\/api.w.org\/{rel}","templated":true}]}}