{"id":26310,"date":"2024-09-16T19:35:39","date_gmt":"2024-09-16T17:35:39","guid":{"rendered":"http:\/\/gvshalph.pro-linuxpl.com\/ironskyprodukty\/produkt\/plecak-fotograficzny-25l-kf-concept-alpha-air-kf13-128\/"},"modified":"2026-03-05T15:52:19","modified_gmt":"2026-03-05T14:52:19","slug":"plecak-fotograficzny-25l-kf-concept-alpha-air-kf13-128","status":"publish","type":"product","link":"https:\/\/ironsky.pl\/sklep\/produkt\/plecak-fotograficzny-25l-kf-concept-alpha-air-kf13-128\/","title":{"rendered":"Plecak fotograficzny 25L K&#038;F Concept Alpha Air (KF13.128)"},"content":{"rendered":"<h3>Plecak fotograficzny 25L K&amp;F Concept Alpha Air (KF13.128)<\/h3>\n<\/p>\n<p>Plecak fotograficzny Alpha Air zrewolucjonizuje spos\u00f3b, w jaki przenosisz sw\u00f3j sprz\u0119t fotograficzny. Jego unikalna konstrukcja sprawia, \u017ce jest jak \u201eMagiczny pojemnik\u201d \u2014 pozwala na \u0142atw\u0105 adaptacj\u0119 przestrzeni wewn\u0119trznej, oferuj\u0105c podzia\u0142 5:5 lub 2:8. Taka wszechstronno\u015b\u0107 sprawia, \u017ce plecak jest idealnym wyborem dla fotograf\u00f3w, kt\u00f3rzy cz\u0119sto s\u0105 w terenie.<\/p>\n<\/p>\n<p>\n<img decoding=\"async\" src=\"https:\/\/assets.innpro.pl\/4717\/5457\/1.jpg\" border=\"0\" \/>\n<\/p>\n<h3>Zwi\u0119kszona stabilno\u015b\u0107 i ochrona <\/h3>\n<\/p>\n<p>Alpha Air zosta\u0142 wyposa\u017cony w specjalne pr\u0119ty ze wzmacniaj\u0105cych w\u0142\u00f3kien, kt\u00f3re zapewniaj\u0105 dodatkow\u0105 stabilno\u015b\u0107 i ochron\u0119 przed uszkodzeniem czy nawet zmia\u017cd\u017ceniem zawarto\u015bci plecaka. To kluczowa cecha przy przenoszeniu warto\u015bciowego sprz\u0119tu fotograficznego, kt\u00f3ra zapewni Ci spok\u00f3j ducha w ka\u017cdej sytuacji. Mo\u017cliwo\u015b\u0107 zwi\u0119kszenia pojemno\u015bci przez poszerzenie przedniej kieszeni oraz wbudowana niezale\u017cna komora stabilizatora dodatkowo zwi\u0119kszaj\u0105 u\u017cyteczno\u015b\u0107 plecaka.<\/p>\n<\/p>\n<p>\n<img decoding=\"async\" src=\"https:\/\/assets.innpro.pl\/4717\/5457\/5.jpg\" border=\"0\" \/>\n<\/p>\n<h3>\u0141atwy dost\u0119p do sprz\u0119tu<\/h3>\n<\/p>\n<p>Dwukomorowa konstrukcja plecaka z otworami od g\u00f3ry i z boku umo\u017cliwia szybki i \u0142atwy dost\u0119p do zawarto\u015bci, co jest nieocenione w sytuacjach, gdy ka\u017cda sekunda jest na wag\u0119 z\u0142ota. Dzi\u0119ki temu mo\u017cesz by\u0107 got\u00f3w w ka\u017cdej chwili na uchwycenie idealnego kadru.<\/p>\n<\/p>\n<p>\n<img decoding=\"async\" src=\"https:\/\/assets.innpro.pl\/4717\/5457\/7.jpg\" border=\"0\" \/>\n<\/p>\n<h3>Maksymalna ochrona dla laptopa<\/h3>\n<\/p>\n<p>Niezale\u017cna, zawieszona komora na 16-calowego laptopa zapewnia dodatkow\u0105 ochron\u0119, minimalizuj\u0105c ryzyko uszkodze\u0144 w wyniku bezpo\u015brednich uderze\u0144. Takie rozwi\u0105zanie jest niezwykle wa\u017cne dla fotograf\u00f3w, kt\u00f3rzy potrzebuj\u0105 swojego komputera w terenie do edycji i przechowywania zdj\u0119\u0107.<\/p>\n<\/p>\n<p>\n<img decoding=\"async\" src=\"https:\/\/assets.innpro.pl\/4717\/5457\/2.jpg\" border=\"0\" \/>\n<\/p>\n<h3>Wyposa\u017cenie dodatkowe dla pe\u0142nej funkcjonalno\u015bci<\/h3>\n<\/p>\n<p>W zestawie z plecakiem znajdziesz trzy kr\u00f3tkie i jedn\u0105 d\u0142ug\u0105 przegrod\u0119, a tak\u017ce jedn\u0105 przegrod\u0119 typu honeycomb, kt\u00f3re pozwal\u0105 Ci na indywidualn\u0105 organizacj\u0119 przestrzeni. Do\u0142\u0105czona os\u0142ona przeciwdeszczowa dodatkowo zabezpiecza sprz\u0119t w trudnych warunkach atmosferycznych, daj\u0105c Ci spok\u00f3j ducha niezale\u017cnie od sytuacji! Tw\u00f3j sprz\u0119t jest bezpieszny z K&amp;F Concept!<\/p>\n<\/p>\n<p>\n<img decoding=\"async\" src=\"https:\/\/assets.innpro.pl\/4717\/5457\/6.jpg\" border=\"0\" \/>\n<\/p>\n<h3>W zestawie<\/h3>\n<p>Plecak<\/p>\n<p>Kr\u00f3tka przegroda x 3<\/p>\n<p>D\u0142uga przegroda x 1<\/p>\n<p>Przegr\u00f3dka honeycomb x 1<\/p>\n<p>Os\u0142ona przeciwdeszczowa<\/p>\n<div class=\"table-wrapper\">\n<p>\u00a0<\/p>\n<h3><\/h3>\n<table>\n<tbody>\n<tr>\n<th>Producent<\/th>\n<td>K&amp;F Concept<\/td>\n<\/tr>\n<tr>\n<th>Model<\/th>\n<td>Alpha Air <\/td>\n<\/tr>\n<tr>\n<th>Kod producenta<\/th>\n<td>KF13.128<\/td>\n<\/tr>\n<tr>\n<th>Pojemno\u015b\u0107 ca\u0142kowita<\/th>\n<td>25 L<\/td>\n<\/tr>\n<\/tbody>\n<\/table>\n<\/div>\n","protected":false},"excerpt":{"rendered":"<p>Plecak fotograficzny 25L K&amp;F Concept Alpha Air (KF13.128) Plecak fotograficzny Alpha Air zrewolucjonizuje spos\u00f3b, w jaki przenosisz sw\u00f3j sprz\u0119t fotograficzny.<\/p>\n","protected":false},"featured_media":26311,"comment_status":"closed","ping_status":"open","template":"","meta":{"_acf_changed":false},"product_brand":[],"product_cat":[1128,5764,5761],"product_tag":[],"class_list":{"0":"post-26310","1":"product","2":"type-product","3":"status-publish","4":"has-post-thumbnail","6":"product_cat-foto-wideo","7":"product_cat-plecaki-fotograficzne","8":"product_cat-transport","9":"pa_box-height-1760","10":"pa_box-length-2611","11":"pa_box-width-2450","12":"pa_gross-weight-4760","13":"pa_hs-code-1768","14":"pa_kolor-zolty","15":"pa_net-weight-1354","16":"pa_pojemnosc-l-25-l","18":"first","19":"outofstock","20":"taxable","21":"shipping-taxable","22":"purchasable","23":"product-type-simple"},"acf":[],"yoast_head":"<!-- This site is optimized with the Yoast SEO plugin v27.2 - https:\/\/yoast.com\/product\/yoast-seo-wordpress\/ -->\n<title>Plecak fotograficzny 25L K&amp;F Concept Alpha Air (KF13.128) - IRONSKY.PL Sklep z Dronami<\/title>\n<meta name=\"description\" content=\"Plecak fotograficzny 25L K&amp;F Concept Alpha Air (KF13.128) - \u2705 sklep z dronami i fachowym doradztwem. \u2705 Tutaj kupisz produkty DJI, Yuneec, Parrot, Syma i wiele innych, a tak\u017ce kursy i licencje na operatora drona.\" \/>\n<meta name=\"robots\" content=\"index, follow, max-snippet:-1, max-image-preview:large, max-video-preview:-1\" \/>\n<link rel=\"canonical\" href=\"https:\/\/ironsky.pl\/sklep\/produkt\/plecak-fotograficzny-25l-kf-concept-alpha-air-kf13-128\/\" \/>\n<meta property=\"og:locale\" content=\"pl_PL\" \/>\n<meta property=\"og:type\" content=\"article\" \/>\n<meta property=\"og:title\" content=\"Plecak fotograficzny 25L K&amp;F Concept Alpha Air (KF13.128) - IRONSKY.PL Sklep z Dronami\" \/>\n<meta property=\"og:description\" content=\"Plecak fotograficzny 25L K&amp;F Concept Alpha Air (KF13.128) - \u2705 sklep z dronami i fachowym doradztwem. \u2705 Tutaj kupisz produkty DJI, Yuneec, Parrot, Syma i wiele innych, a tak\u017ce kursy i licencje na operatora drona.\" \/>\n<meta property=\"og:url\" content=\"https:\/\/ironsky.pl\/sklep\/produkt\/plecak-fotograficzny-25l-kf-concept-alpha-air-kf13-128\/\" \/>\n<meta property=\"og:site_name\" content=\"IRONSKY.PL Sklep z Dronami\" \/>\n<meta property=\"article:modified_time\" content=\"2026-03-05T14:52:19+00:00\" \/>\n<meta property=\"og:image\" content=\"https:\/\/ironsky.pl\/sklep\/wp-content\/uploads\/2024\/09\/37972_3.jpg\" \/>\n\t<meta property=\"og:image:width\" content=\"800\" \/>\n\t<meta property=\"og:image:height\" content=\"800\" \/>\n\t<meta property=\"og:image:type\" content=\"image\/jpeg\" \/>\n<meta name=\"twitter:card\" content=\"summary_large_image\" \/>\n<meta name=\"twitter:label1\" content=\"Szacowany czas czytania\" \/>\n\t<meta name=\"twitter:data1\" content=\"2 minuty\" \/>\n<script type=\"application\/ld+json\" class=\"yoast-schema-graph\">{\"@context\":\"https:\/\/schema.org\",\"@graph\":[{\"@type\":\"WebPage\",\"@id\":\"https:\/\/ironsky.pl\/sklep\/produkt\/plecak-fotograficzny-25l-kf-concept-alpha-air-kf13-128\/\",\"url\":\"https:\/\/ironsky.pl\/sklep\/produkt\/plecak-fotograficzny-25l-kf-concept-alpha-air-kf13-128\/\",\"name\":\"Plecak fotograficzny 25L K&F Concept Alpha Air (KF13.128) - IRONSKY.PL Sklep z Dronami\",\"isPartOf\":{\"@id\":\"https:\/\/ironsky.pl\/sklep\/#website\"},\"primaryImageOfPage\":{\"@id\":\"https:\/\/ironsky.pl\/sklep\/produkt\/plecak-fotograficzny-25l-kf-concept-alpha-air-kf13-128\/#primaryimage\"},\"image\":{\"@id\":\"https:\/\/ironsky.pl\/sklep\/produkt\/plecak-fotograficzny-25l-kf-concept-alpha-air-kf13-128\/#primaryimage\"},\"thumbnailUrl\":\"https:\/\/ironsky.pl\/sklep\/wp-content\/uploads\/2024\/09\/37972_3.jpg\",\"datePublished\":\"2024-09-16T17:35:39+00:00\",\"dateModified\":\"2026-03-05T14:52:19+00:00\",\"description\":\"Plecak fotograficzny 25L K&F Concept Alpha Air (KF13.128) - \u2705 sklep z dronami i fachowym doradztwem. \u2705 Tutaj kupisz produkty DJI, Yuneec, Parrot, Syma i wiele innych, a tak\u017ce kursy i licencje na operatora drona.\",\"breadcrumb\":{\"@id\":\"https:\/\/ironsky.pl\/sklep\/produkt\/plecak-fotograficzny-25l-kf-concept-alpha-air-kf13-128\/#breadcrumb\"},\"inLanguage\":\"pl-PL\",\"potentialAction\":[{\"@type\":\"ReadAction\",\"target\":[\"https:\/\/ironsky.pl\/sklep\/produkt\/plecak-fotograficzny-25l-kf-concept-alpha-air-kf13-128\/\"]}]},{\"@type\":\"ImageObject\",\"inLanguage\":\"pl-PL\",\"@id\":\"https:\/\/ironsky.pl\/sklep\/produkt\/plecak-fotograficzny-25l-kf-concept-alpha-air-kf13-128\/#primaryimage\",\"url\":\"https:\/\/ironsky.pl\/sklep\/wp-content\/uploads\/2024\/09\/37972_3.jpg\",\"contentUrl\":\"https:\/\/ironsky.pl\/sklep\/wp-content\/uploads\/2024\/09\/37972_3.jpg\",\"width\":800,\"height\":800},{\"@type\":\"BreadcrumbList\",\"@id\":\"https:\/\/ironsky.pl\/sklep\/produkt\/plecak-fotograficzny-25l-kf-concept-alpha-air-kf13-128\/#breadcrumb\",\"itemListElement\":[{\"@type\":\"ListItem\",\"position\":1,\"name\":\"Strona g\u0142\u00f3wna\",\"item\":\"https:\/\/ironsky.pl\/sklep\/\"},{\"@type\":\"ListItem\",\"position\":2,\"name\":\"Wszystkie produkty\",\"item\":\"https:\/\/ironsky.pl\/sklep\/produkty\/\"},{\"@type\":\"ListItem\",\"position\":3,\"name\":\"Plecak fotograficzny 25L K&#038;F Concept Alpha Air (KF13.128)\"}]},{\"@type\":\"WebSite\",\"@id\":\"https:\/\/ironsky.pl\/sklep\/#website\",\"url\":\"https:\/\/ironsky.pl\/sklep\/\",\"name\":\"IRONSKY.PL Sklep z Dronami\",\"description\":\"IRONSKY.PL Sklep z Dronami\",\"potentialAction\":[{\"@type\":\"SearchAction\",\"target\":{\"@type\":\"EntryPoint\",\"urlTemplate\":\"https:\/\/ironsky.pl\/sklep\/?s={search_term_string}\"},\"query-input\":{\"@type\":\"PropertyValueSpecification\",\"valueRequired\":true,\"valueName\":\"search_term_string\"}}],\"inLanguage\":\"pl-PL\"}]}<\/script>\n<!-- \/ Yoast SEO plugin. -->","yoast_head_json":{"title":"Plecak fotograficzny 25L K&F Concept Alpha Air (KF13.128) - IRONSKY.PL Sklep z Dronami","description":"Plecak fotograficzny 25L K&F Concept Alpha Air (KF13.128) - \u2705 sklep z dronami i fachowym doradztwem. \u2705 Tutaj kupisz produkty DJI, Yuneec, Parrot, Syma i wiele innych, a tak\u017ce kursy i licencje na operatora drona.","robots":{"index":"index","follow":"follow","max-snippet":"max-snippet:-1","max-image-preview":"max-image-preview:large","max-video-preview":"max-video-preview:-1"},"canonical":"https:\/\/ironsky.pl\/sklep\/produkt\/plecak-fotograficzny-25l-kf-concept-alpha-air-kf13-128\/","og_locale":"pl_PL","og_type":"article","og_title":"Plecak fotograficzny 25L K&F Concept Alpha Air (KF13.128) - IRONSKY.PL Sklep z Dronami","og_description":"Plecak fotograficzny 25L K&F Concept Alpha Air (KF13.128) - \u2705 sklep z dronami i fachowym doradztwem. \u2705 Tutaj kupisz produkty DJI, Yuneec, Parrot, Syma i wiele innych, a tak\u017ce kursy i licencje na operatora drona.","og_url":"https:\/\/ironsky.pl\/sklep\/produkt\/plecak-fotograficzny-25l-kf-concept-alpha-air-kf13-128\/","og_site_name":"IRONSKY.PL Sklep z Dronami","article_modified_time":"2026-03-05T14:52:19+00:00","og_image":[{"width":800,"height":800,"url":"https:\/\/ironsky.pl\/sklep\/wp-content\/uploads\/2024\/09\/37972_3.jpg","type":"image\/jpeg"}],"twitter_card":"summary_large_image","twitter_misc":{"Szacowany czas czytania":"2 minuty"},"schema":{"@context":"https:\/\/schema.org","@graph":[{"@type":"WebPage","@id":"https:\/\/ironsky.pl\/sklep\/produkt\/plecak-fotograficzny-25l-kf-concept-alpha-air-kf13-128\/","url":"https:\/\/ironsky.pl\/sklep\/produkt\/plecak-fotograficzny-25l-kf-concept-alpha-air-kf13-128\/","name":"Plecak fotograficzny 25L K&F Concept Alpha Air (KF13.128) - IRONSKY.PL Sklep z Dronami","isPartOf":{"@id":"https:\/\/ironsky.pl\/sklep\/#website"},"primaryImageOfPage":{"@id":"https:\/\/ironsky.pl\/sklep\/produkt\/plecak-fotograficzny-25l-kf-concept-alpha-air-kf13-128\/#primaryimage"},"image":{"@id":"https:\/\/ironsky.pl\/sklep\/produkt\/plecak-fotograficzny-25l-kf-concept-alpha-air-kf13-128\/#primaryimage"},"thumbnailUrl":"https:\/\/ironsky.pl\/sklep\/wp-content\/uploads\/2024\/09\/37972_3.jpg","datePublished":"2024-09-16T17:35:39+00:00","dateModified":"2026-03-05T14:52:19+00:00","description":"Plecak fotograficzny 25L K&F Concept Alpha Air (KF13.128) - \u2705 sklep z dronami i fachowym doradztwem. \u2705 Tutaj kupisz produkty DJI, Yuneec, Parrot, Syma i wiele innych, a tak\u017ce kursy i licencje na operatora drona.","breadcrumb":{"@id":"https:\/\/ironsky.pl\/sklep\/produkt\/plecak-fotograficzny-25l-kf-concept-alpha-air-kf13-128\/#breadcrumb"},"inLanguage":"pl-PL","potentialAction":[{"@type":"ReadAction","target":["https:\/\/ironsky.pl\/sklep\/produkt\/plecak-fotograficzny-25l-kf-concept-alpha-air-kf13-128\/"]}]},{"@type":"ImageObject","inLanguage":"pl-PL","@id":"https:\/\/ironsky.pl\/sklep\/produkt\/plecak-fotograficzny-25l-kf-concept-alpha-air-kf13-128\/#primaryimage","url":"https:\/\/ironsky.pl\/sklep\/wp-content\/uploads\/2024\/09\/37972_3.jpg","contentUrl":"https:\/\/ironsky.pl\/sklep\/wp-content\/uploads\/2024\/09\/37972_3.jpg","width":800,"height":800},{"@type":"BreadcrumbList","@id":"https:\/\/ironsky.pl\/sklep\/produkt\/plecak-fotograficzny-25l-kf-concept-alpha-air-kf13-128\/#breadcrumb","itemListElement":[{"@type":"ListItem","position":1,"name":"Strona g\u0142\u00f3wna","item":"https:\/\/ironsky.pl\/sklep\/"},{"@type":"ListItem","position":2,"name":"Wszystkie produkty","item":"https:\/\/ironsky.pl\/sklep\/produkty\/"},{"@type":"ListItem","position":3,"name":"Plecak fotograficzny 25L K&#038;F Concept Alpha Air (KF13.128)"}]},{"@type":"WebSite","@id":"https:\/\/ironsky.pl\/sklep\/#website","url":"https:\/\/ironsky.pl\/sklep\/","name":"IRONSKY.PL Sklep z Dronami","description":"IRONSKY.PL Sklep z Dronami","potentialAction":[{"@type":"SearchAction","target":{"@type":"EntryPoint","urlTemplate":"https:\/\/ironsky.pl\/sklep\/?s={search_term_string}"},"query-input":{"@type":"PropertyValueSpecification","valueRequired":true,"valueName":"search_term_string"}}],"inLanguage":"pl-PL"}]}},"_links":{"self":[{"href":"https:\/\/ironsky.pl\/sklep\/wp-json\/wp\/v2\/product\/26310","targetHints":{"allow":["GET"]}}],"collection":[{"href":"https:\/\/ironsky.pl\/sklep\/wp-json\/wp\/v2\/product"}],"about":[{"href":"https:\/\/ironsky.pl\/sklep\/wp-json\/wp\/v2\/types\/product"}],"replies":[{"embeddable":true,"href":"https:\/\/ironsky.pl\/sklep\/wp-json\/wp\/v2\/comments?post=26310"}],"wp:featuredmedia":[{"embeddable":true,"href":"https:\/\/ironsky.pl\/sklep\/wp-json\/wp\/v2\/media\/26311"}],"wp:attachment":[{"href":"https:\/\/ironsky.pl\/sklep\/wp-json\/wp\/v2\/media?parent=26310"}],"wp:term":[{"taxonomy":"product_brand","embeddable":true,"href":"https:\/\/ironsky.pl\/sklep\/wp-json\/wp\/v2\/product_brand?post=26310"},{"taxonomy":"product_cat","embeddable":true,"href":"https:\/\/ironsky.pl\/sklep\/wp-json\/wp\/v2\/product_cat?post=26310"},{"taxonomy":"product_tag","embeddable":true,"href":"https:\/\/ironsky.pl\/sklep\/wp-json\/wp\/v2\/product_tag?post=26310"}],"curies":[{"name":"wp","href":"https:\/\/api.w.org\/{rel}","templated":true}]}}