{"id":26300,"date":"2024-09-16T19:35:39","date_gmt":"2024-09-16T17:35:39","guid":{"rendered":"http:\/\/gvshalph.pro-linuxpl.com\/ironskyprodukty\/produkt\/plecak-fotograficzny-20l-kf-concept-kf13-144\/"},"modified":"2026-03-05T15:52:19","modified_gmt":"2026-03-05T14:52:19","slug":"plecak-fotograficzny-20l-kf-concept-kf13-144","status":"publish","type":"product","link":"https:\/\/ironsky.pl\/sklep\/produkt\/plecak-fotograficzny-20l-kf-concept-kf13-144\/","title":{"rendered":"Plecak fotograficzny 20L K&#038;F Concept (KF13.144)"},"content":{"rendered":"<h3>Plecak fotograficzny 20L K&amp;F Concept (KF13.144)<\/h3>\n<\/p>\n<p>Plecak fotograficzny od K&amp;F Concept zosta\u0142 zaprojektowany z my\u015bl\u0105 o potrzebach nowoczesnych fotograf\u00f3w. Przestronne wn\u0119trze z licznymi kieszeniami i przegrodami zapewnia bezproblemowe przechowywanie aparatu, obiektyw\u00f3w, laptopa, statywu, butelki z wod\u0105 oraz innych niezb\u0119dnych akcesori\u00f3w, niezb\u0119dnych w Twoich fotograficznych wyprawach. Z pojemno\u015bci\u0105 20 litr\u00f3w i wag\u0105 zaledwie 1,55 kilogram\u00f3w jest wygodnym kompanem ka\u017cdej przygody.<\/p>\n<\/p>\n<p>\n<img decoding=\"async\" src=\"https:\/\/assets.innpro.pl\/4687\/5418\/7.jpg\" border=\"0\" \/>\n<\/p>\n<h3>Ergonomiczny komfort noszenia<\/h3>\n<\/p>\n<p>Ergonomicznie zaprojektowane plecy i regulowane, wy\u015bcie\u0142ane paski na ramiona rozk\u0142adaj\u0105 ci\u0119\u017car r\u00f3wnomiernie, zmniejszaj\u0105c obci\u0105\u017cenie dla ramion i plec\u00f3w, co jest kluczowe podczas d\u0142ugotrwa\u0142ego noszenia plecaka. Dzi\u0119ki temu mo\u017cesz skupi\u0107 si\u0119 na uchwyceniu idealnego kadru, zamiast na tym, co zrobi\u0107, aby by\u0142o Ci wygodnie.<\/p>\n<\/p>\n<p>\n<img decoding=\"async\" src=\"https:\/\/assets.innpro.pl\/4687\/5418\/2.jpg\" border=\"0\" \/>\n<\/p>\n<h3>Niezawodna ochrona i wentylacja<\/h3>\n<\/p>\n<p>Wykonany z oddychaj\u0105cego materia\u0142u plecak zapewnia doskona\u0142\u0105 cyrkulacj\u0119 powietrza, chroni\u0105c sprz\u0119t przed nagromadzeniem ciep\u0142a i wilgoci. Takie rozwi\u0105zanie gwarantuje, \u017ce sprz\u0119t fotograficzny jest bezpieczny, a Tobie jest wygodnie i sucho nawet podczas d\u0142ugotrwa\u0142ego noszenia plecaka.<\/p>\n<\/p>\n<p>\n<img decoding=\"async\" src=\"https:\/\/assets.innpro.pl\/4687\/5418\/4.jpg\" border=\"0\" \/>\n<\/p>\n<h3>Wygoda i funkcjonalno\u015b\u0107 w podr\u00f3\u017cy<\/h3>\n<\/p>\n<p>Wiele wewn\u0119trznych i zewn\u0119trznych kieszeni plecaka u\u0142atwia organizacj\u0119 i szybki dost\u0119p do sprz\u0119tu, co jest nieocenione dla fotograf\u00f3w, kt\u00f3rzy s\u0105 ci\u0105gle w ruchu. W zestawie znajdziesz specjalne przegr\u00f3dki, z kt\u00f3rymi \u0142atwo skonfigurujesz wn\u0119trze plecaka zgodnie z w\u0142asnymi potrzebami, co dodatkowo zwi\u0119ksza komfort u\u017cytkowania tego pojemnego plecaka.<\/p>\n<\/p>\n<p>\n<img decoding=\"async\" src=\"https:\/\/assets.innpro.pl\/4687\/5418\/3.jpg\" border=\"0\" \/>\n<\/p>\n<h3>Odporno\u015b\u0107 na trudne warunki<\/h3>\n<\/p>\n<p>Plecak zosta\u0142 wykonany z wytrzyma\u0142ego i wodoodpornego materia\u0142u 1680D, co zapewnia najwy\u017csz\u0105 ochron\u0119 sprz\u0119tu. Jest on odporny na wstrz\u0105sy i zarysowania, zapewniaj\u0105c bezpiecze\u0144stwo aparatu i akcesori\u00f3w w ka\u017cdych warunkach.<\/p>\n<\/p>\n<p>\n<img decoding=\"async\" src=\"https:\/\/assets.innpro.pl\/4687\/5418\/1.jpg\" border=\"0\" \/>\n<\/p>\n<h3>W zestawie<\/h3>\n<p>Plecak<\/p>\n<p>Os\u0142ona przeciwdeszczowa<\/p>\n<p>Przegr\u00f3dki x 6<\/p>\n<div class=\"table-wrapper\">\n<p>\u00a0<\/p>\n<h3><\/h3>\n<table>\n<tbody>\n<tr>\n<th>Producent<\/th>\n<td>K&amp;F Concept<\/td>\n<\/tr>\n<tr>\n<th>Model<\/th>\n<td>KF13.144<\/td>\n<\/tr>\n<tr>\n<th>Materia\u0142<\/th>\n<td>1680D<\/td>\n<\/tr>\n<tr>\n<th>Kolor<\/th>\n<td>czarny <\/td>\n<\/tr>\n<tr>\n<th>Wymiary<\/th>\n<td>30 \u00d7 21 \u00d7 44 cm<\/td>\n<\/tr>\n<tr>\n<th>Pojemno\u015b\u0107<\/th>\n<td>20L<\/td>\n<\/tr>\n<tr>\n<th>Wymiary wewn\u0119trzne<\/th>\n<td>30 \u00d7 19 \u00d7 43,5 cm<\/td>\n<\/tr>\n<tr>\n<th>Waga netto<\/th>\n<td>1,55 kg<\/td>\n<\/tr>\n<\/tbody>\n<\/table>\n<\/div>\n","protected":false},"excerpt":{"rendered":"<p>Plecak fotograficzny 20L K&amp;F Concept (KF13.144) Plecak fotograficzny od K&amp;F Concept zosta\u0142 zaprojektowany z my\u015bl\u0105 o potrzebach nowoczesnych fotograf\u00f3w. Przestronne<\/p>\n","protected":false},"featured_media":26301,"comment_status":"closed","ping_status":"open","template":"","meta":{"_acf_changed":false},"product_brand":[],"product_cat":[1128,5764,5761],"product_tag":[],"class_list":{"0":"post-26300","1":"product","2":"type-product","3":"status-publish","4":"has-post-thumbnail","6":"product_cat-foto-wideo","7":"product_cat-plecaki-fotograficzne","8":"product_cat-transport","9":"pa_box-height-1947","10":"pa_box-length-2611","11":"pa_box-width-3460","12":"pa_gross-weight-4756","13":"pa_hs-code-1768","14":"pa_kolejna-dostawa-27-09-2024","15":"pa_kolor-czarny","16":"pa_net-weight-4314","17":"pa_pojemnosc-l-20-l","19":"first","20":"outofstock","21":"taxable","22":"shipping-taxable","23":"purchasable","24":"product-type-simple"},"acf":[],"yoast_head":"<!-- This site is optimized with the Yoast SEO plugin v27.2 - https:\/\/yoast.com\/product\/yoast-seo-wordpress\/ -->\n<title>Plecak fotograficzny 20L K&amp;F Concept (KF13.144) - IRONSKY.PL Sklep z Dronami<\/title>\n<meta name=\"description\" content=\"Plecak fotograficzny 20L K&amp;F Concept (KF13.144) - \u2705 sklep z dronami i fachowym doradztwem. \u2705 Tutaj kupisz produkty DJI, Yuneec, Parrot, Syma i wiele innych, a tak\u017ce kursy i licencje na operatora drona.\" \/>\n<meta name=\"robots\" content=\"index, follow, max-snippet:-1, max-image-preview:large, max-video-preview:-1\" \/>\n<link rel=\"canonical\" href=\"https:\/\/ironsky.pl\/sklep\/produkt\/plecak-fotograficzny-20l-kf-concept-kf13-144\/\" \/>\n<meta property=\"og:locale\" content=\"pl_PL\" \/>\n<meta property=\"og:type\" content=\"article\" \/>\n<meta property=\"og:title\" content=\"Plecak fotograficzny 20L K&amp;F Concept (KF13.144) - IRONSKY.PL Sklep z Dronami\" \/>\n<meta property=\"og:description\" content=\"Plecak fotograficzny 20L K&amp;F Concept (KF13.144) - \u2705 sklep z dronami i fachowym doradztwem. \u2705 Tutaj kupisz produkty DJI, Yuneec, Parrot, Syma i wiele innych, a tak\u017ce kursy i licencje na operatora drona.\" \/>\n<meta property=\"og:url\" content=\"https:\/\/ironsky.pl\/sklep\/produkt\/plecak-fotograficzny-20l-kf-concept-kf13-144\/\" \/>\n<meta property=\"og:site_name\" content=\"IRONSKY.PL Sklep z Dronami\" \/>\n<meta property=\"article:modified_time\" content=\"2026-03-05T14:52:19+00:00\" \/>\n<meta property=\"og:image\" content=\"https:\/\/ironsky.pl\/sklep\/wp-content\/uploads\/2024\/09\/37967_1.jpg\" \/>\n\t<meta property=\"og:image:width\" content=\"800\" \/>\n\t<meta property=\"og:image:height\" content=\"800\" \/>\n\t<meta property=\"og:image:type\" content=\"image\/jpeg\" \/>\n<meta name=\"twitter:card\" content=\"summary_large_image\" \/>\n<meta name=\"twitter:label1\" content=\"Szacowany czas czytania\" \/>\n\t<meta name=\"twitter:data1\" content=\"2 minuty\" \/>\n<script type=\"application\/ld+json\" class=\"yoast-schema-graph\">{\"@context\":\"https:\/\/schema.org\",\"@graph\":[{\"@type\":\"WebPage\",\"@id\":\"https:\/\/ironsky.pl\/sklep\/produkt\/plecak-fotograficzny-20l-kf-concept-kf13-144\/\",\"url\":\"https:\/\/ironsky.pl\/sklep\/produkt\/plecak-fotograficzny-20l-kf-concept-kf13-144\/\",\"name\":\"Plecak fotograficzny 20L K&F Concept (KF13.144) - IRONSKY.PL Sklep z Dronami\",\"isPartOf\":{\"@id\":\"https:\/\/ironsky.pl\/sklep\/#website\"},\"primaryImageOfPage\":{\"@id\":\"https:\/\/ironsky.pl\/sklep\/produkt\/plecak-fotograficzny-20l-kf-concept-kf13-144\/#primaryimage\"},\"image\":{\"@id\":\"https:\/\/ironsky.pl\/sklep\/produkt\/plecak-fotograficzny-20l-kf-concept-kf13-144\/#primaryimage\"},\"thumbnailUrl\":\"https:\/\/ironsky.pl\/sklep\/wp-content\/uploads\/2024\/09\/37967_1.jpg\",\"datePublished\":\"2024-09-16T17:35:39+00:00\",\"dateModified\":\"2026-03-05T14:52:19+00:00\",\"description\":\"Plecak fotograficzny 20L K&F Concept (KF13.144) - \u2705 sklep z dronami i fachowym doradztwem. \u2705 Tutaj kupisz produkty DJI, Yuneec, Parrot, Syma i wiele innych, a tak\u017ce kursy i licencje na operatora drona.\",\"breadcrumb\":{\"@id\":\"https:\/\/ironsky.pl\/sklep\/produkt\/plecak-fotograficzny-20l-kf-concept-kf13-144\/#breadcrumb\"},\"inLanguage\":\"pl-PL\",\"potentialAction\":[{\"@type\":\"ReadAction\",\"target\":[\"https:\/\/ironsky.pl\/sklep\/produkt\/plecak-fotograficzny-20l-kf-concept-kf13-144\/\"]}]},{\"@type\":\"ImageObject\",\"inLanguage\":\"pl-PL\",\"@id\":\"https:\/\/ironsky.pl\/sklep\/produkt\/plecak-fotograficzny-20l-kf-concept-kf13-144\/#primaryimage\",\"url\":\"https:\/\/ironsky.pl\/sklep\/wp-content\/uploads\/2024\/09\/37967_1.jpg\",\"contentUrl\":\"https:\/\/ironsky.pl\/sklep\/wp-content\/uploads\/2024\/09\/37967_1.jpg\",\"width\":800,\"height\":800},{\"@type\":\"BreadcrumbList\",\"@id\":\"https:\/\/ironsky.pl\/sklep\/produkt\/plecak-fotograficzny-20l-kf-concept-kf13-144\/#breadcrumb\",\"itemListElement\":[{\"@type\":\"ListItem\",\"position\":1,\"name\":\"Strona g\u0142\u00f3wna\",\"item\":\"https:\/\/ironsky.pl\/sklep\/\"},{\"@type\":\"ListItem\",\"position\":2,\"name\":\"Wszystkie produkty\",\"item\":\"https:\/\/ironsky.pl\/sklep\/produkty\/\"},{\"@type\":\"ListItem\",\"position\":3,\"name\":\"Plecak fotograficzny 20L K&#038;F Concept (KF13.144)\"}]},{\"@type\":\"WebSite\",\"@id\":\"https:\/\/ironsky.pl\/sklep\/#website\",\"url\":\"https:\/\/ironsky.pl\/sklep\/\",\"name\":\"IRONSKY.PL Sklep z Dronami\",\"description\":\"IRONSKY.PL Sklep z Dronami\",\"potentialAction\":[{\"@type\":\"SearchAction\",\"target\":{\"@type\":\"EntryPoint\",\"urlTemplate\":\"https:\/\/ironsky.pl\/sklep\/?s={search_term_string}\"},\"query-input\":{\"@type\":\"PropertyValueSpecification\",\"valueRequired\":true,\"valueName\":\"search_term_string\"}}],\"inLanguage\":\"pl-PL\"}]}<\/script>\n<!-- \/ Yoast SEO plugin. -->","yoast_head_json":{"title":"Plecak fotograficzny 20L K&F Concept (KF13.144) - IRONSKY.PL Sklep z Dronami","description":"Plecak fotograficzny 20L K&F Concept (KF13.144) - \u2705 sklep z dronami i fachowym doradztwem. \u2705 Tutaj kupisz produkty DJI, Yuneec, Parrot, Syma i wiele innych, a tak\u017ce kursy i licencje na operatora drona.","robots":{"index":"index","follow":"follow","max-snippet":"max-snippet:-1","max-image-preview":"max-image-preview:large","max-video-preview":"max-video-preview:-1"},"canonical":"https:\/\/ironsky.pl\/sklep\/produkt\/plecak-fotograficzny-20l-kf-concept-kf13-144\/","og_locale":"pl_PL","og_type":"article","og_title":"Plecak fotograficzny 20L K&F Concept (KF13.144) - IRONSKY.PL Sklep z Dronami","og_description":"Plecak fotograficzny 20L K&F Concept (KF13.144) - \u2705 sklep z dronami i fachowym doradztwem. \u2705 Tutaj kupisz produkty DJI, Yuneec, Parrot, Syma i wiele innych, a tak\u017ce kursy i licencje na operatora drona.","og_url":"https:\/\/ironsky.pl\/sklep\/produkt\/plecak-fotograficzny-20l-kf-concept-kf13-144\/","og_site_name":"IRONSKY.PL Sklep z Dronami","article_modified_time":"2026-03-05T14:52:19+00:00","og_image":[{"width":800,"height":800,"url":"https:\/\/ironsky.pl\/sklep\/wp-content\/uploads\/2024\/09\/37967_1.jpg","type":"image\/jpeg"}],"twitter_card":"summary_large_image","twitter_misc":{"Szacowany czas czytania":"2 minuty"},"schema":{"@context":"https:\/\/schema.org","@graph":[{"@type":"WebPage","@id":"https:\/\/ironsky.pl\/sklep\/produkt\/plecak-fotograficzny-20l-kf-concept-kf13-144\/","url":"https:\/\/ironsky.pl\/sklep\/produkt\/plecak-fotograficzny-20l-kf-concept-kf13-144\/","name":"Plecak fotograficzny 20L K&F Concept (KF13.144) - IRONSKY.PL Sklep z Dronami","isPartOf":{"@id":"https:\/\/ironsky.pl\/sklep\/#website"},"primaryImageOfPage":{"@id":"https:\/\/ironsky.pl\/sklep\/produkt\/plecak-fotograficzny-20l-kf-concept-kf13-144\/#primaryimage"},"image":{"@id":"https:\/\/ironsky.pl\/sklep\/produkt\/plecak-fotograficzny-20l-kf-concept-kf13-144\/#primaryimage"},"thumbnailUrl":"https:\/\/ironsky.pl\/sklep\/wp-content\/uploads\/2024\/09\/37967_1.jpg","datePublished":"2024-09-16T17:35:39+00:00","dateModified":"2026-03-05T14:52:19+00:00","description":"Plecak fotograficzny 20L K&F Concept (KF13.144) - \u2705 sklep z dronami i fachowym doradztwem. \u2705 Tutaj kupisz produkty DJI, Yuneec, Parrot, Syma i wiele innych, a tak\u017ce kursy i licencje na operatora drona.","breadcrumb":{"@id":"https:\/\/ironsky.pl\/sklep\/produkt\/plecak-fotograficzny-20l-kf-concept-kf13-144\/#breadcrumb"},"inLanguage":"pl-PL","potentialAction":[{"@type":"ReadAction","target":["https:\/\/ironsky.pl\/sklep\/produkt\/plecak-fotograficzny-20l-kf-concept-kf13-144\/"]}]},{"@type":"ImageObject","inLanguage":"pl-PL","@id":"https:\/\/ironsky.pl\/sklep\/produkt\/plecak-fotograficzny-20l-kf-concept-kf13-144\/#primaryimage","url":"https:\/\/ironsky.pl\/sklep\/wp-content\/uploads\/2024\/09\/37967_1.jpg","contentUrl":"https:\/\/ironsky.pl\/sklep\/wp-content\/uploads\/2024\/09\/37967_1.jpg","width":800,"height":800},{"@type":"BreadcrumbList","@id":"https:\/\/ironsky.pl\/sklep\/produkt\/plecak-fotograficzny-20l-kf-concept-kf13-144\/#breadcrumb","itemListElement":[{"@type":"ListItem","position":1,"name":"Strona g\u0142\u00f3wna","item":"https:\/\/ironsky.pl\/sklep\/"},{"@type":"ListItem","position":2,"name":"Wszystkie produkty","item":"https:\/\/ironsky.pl\/sklep\/produkty\/"},{"@type":"ListItem","position":3,"name":"Plecak fotograficzny 20L K&#038;F Concept (KF13.144)"}]},{"@type":"WebSite","@id":"https:\/\/ironsky.pl\/sklep\/#website","url":"https:\/\/ironsky.pl\/sklep\/","name":"IRONSKY.PL Sklep z Dronami","description":"IRONSKY.PL Sklep z Dronami","potentialAction":[{"@type":"SearchAction","target":{"@type":"EntryPoint","urlTemplate":"https:\/\/ironsky.pl\/sklep\/?s={search_term_string}"},"query-input":{"@type":"PropertyValueSpecification","valueRequired":true,"valueName":"search_term_string"}}],"inLanguage":"pl-PL"}]}},"_links":{"self":[{"href":"https:\/\/ironsky.pl\/sklep\/wp-json\/wp\/v2\/product\/26300","targetHints":{"allow":["GET"]}}],"collection":[{"href":"https:\/\/ironsky.pl\/sklep\/wp-json\/wp\/v2\/product"}],"about":[{"href":"https:\/\/ironsky.pl\/sklep\/wp-json\/wp\/v2\/types\/product"}],"replies":[{"embeddable":true,"href":"https:\/\/ironsky.pl\/sklep\/wp-json\/wp\/v2\/comments?post=26300"}],"wp:featuredmedia":[{"embeddable":true,"href":"https:\/\/ironsky.pl\/sklep\/wp-json\/wp\/v2\/media\/26301"}],"wp:attachment":[{"href":"https:\/\/ironsky.pl\/sklep\/wp-json\/wp\/v2\/media?parent=26300"}],"wp:term":[{"taxonomy":"product_brand","embeddable":true,"href":"https:\/\/ironsky.pl\/sklep\/wp-json\/wp\/v2\/product_brand?post=26300"},{"taxonomy":"product_cat","embeddable":true,"href":"https:\/\/ironsky.pl\/sklep\/wp-json\/wp\/v2\/product_cat?post=26300"},{"taxonomy":"product_tag","embeddable":true,"href":"https:\/\/ironsky.pl\/sklep\/wp-json\/wp\/v2\/product_tag?post=26300"}],"curies":[{"name":"wp","href":"https:\/\/api.w.org\/{rel}","templated":true}]}}