{"id":26290,"date":"2024-09-16T19:35:39","date_gmt":"2024-09-16T17:35:39","guid":{"rendered":"http:\/\/gvshalph.pro-linuxpl.com\/ironskyprodukty\/produkt\/torba-fotograficzna-na-ramie-pgytech-onego-solo-v2-6l-czarny\/"},"modified":"2026-03-05T15:52:18","modified_gmt":"2026-03-05T14:52:18","slug":"torba-fotograficzna-na-ramie-pgytech-onego-solo-v2-6l-czarny","status":"publish","type":"product","link":"https:\/\/ironsky.pl\/sklep\/produkt\/torba-fotograficzna-na-ramie-pgytech-onego-solo-v2-6l-czarny\/","title":{"rendered":"Torba fotograficzna na rami\u0119 PGYTECH OneGo Solo V2 6L (czarny)"},"content":{"rendered":"<h3>Torba fotograficzna na rami\u0119 PGYTECH OneGo Solo V2 6L (czarny)<\/h3>\n<\/p>\n<p>U\u0142atw sobie transport niezb\u0119dnego sprz\u0119tu fotograficznego. Torba na rami\u0119 PGYTECH OneGo Solo V2 z pewno\u015bci\u0105 przypadnie do gustu mi\u0142o\u015bnikom fotografii \u2013 \u0142\u0105czy w sobie funkcjonalno\u015b\u0107 i minimalistyczny, stylowy design. Do jej wykonania zastosowano trwa\u0142y materia\u0142 z pow\u0142ok\u0105 PU, dzi\u0119ki czemu jest bardzo wytrzyma\u0142a i odporna na zachlapania. Szerokie otwarcie zapewnia wygodny dost\u0119p do umieszczonych wewn\u0105trz urz\u0105dze\u0144, a liczne kieszenie i przegr\u00f3dki umo\u017cliwiaj\u0105 doskona\u0142\u0105 organizacj\u0119 przestrzeni.<\/p>\n<\/p>\n<p>\n<img decoding=\"async\" src=\"https:\/\/assets.innpro.pl\/4365\/4940\/8.jpg\" border=\"0\" \/>\n<\/p>\n<h3>Wygodny dost\u0119p do sprz\u0119tu<\/h3>\n<\/p>\n<p>Z PGYTECH nie musisz si\u0119 martwi\u0107, \u017ce stracisz okazj\u0119 do wykonania doskona\u0142ego uj\u0119cia. Torba fotograficzna OneGo Solo V2 bardzo szeroko si\u0119 otwiera, dzi\u0119ki czemu mo\u017cesz w mgnieniu oka znale\u017a\u0107 i wyci\u0105gn\u0105\u0107 niezb\u0119dny sprz\u0119t. To doskona\u0142e rozwi\u0105zanie dla fotograf\u00f3w, kt\u00f3rzy cz\u0119sto pracuj\u0105 w terenie!<\/p>\n<\/p>\n<p>\n<img decoding=\"async\" src=\"https:\/\/assets.innpro.pl\/4365\/4940\/7.jpg\" border=\"0\" \/>\n<\/p>\n<h3>Optymalna organizacja przestrzeni<\/h3>\n<\/p>\n<p>Torba OneGo Solo V2 pomo\u017ce Ci odpowiednio zorganizowa\u0107 przestrze\u0144 i zadba\u0107 o porz\u0105dek. Oferuje mn\u00f3stwo kieszeni i przegr\u00f3dek, w kt\u00f3rych mo\u017cesz przechowywa\u0107 potrzebne przewody, powerbanki, akumulatory, a nawet iPada. Model o pojemno\u015bci 6 l zmie\u015bci albo aparat i 2 obiektywy, albo drona DJI Mini, Mavic lub Air z niezb\u0119dnymi akcesoriami. Do dyspozycji masz tak\u017ce 2 specjalne przegrody DIY, za pomoc\u0105 kt\u00f3rych bez trudu dostosujesz wn\u0119trze torby do swoich potrzeb \u2013 ustaw je tak, jak chcesz!<\/p>\n<\/p>\n<p>\n<img decoding=\"async\" src=\"https:\/\/assets.innpro.pl\/4365\/4940\/3.jpg\" border=\"0\" \/>\n<\/p>\n<h3>Praktyczne kieszenie<\/h3>\n<\/p>\n<p>Chcesz mie\u0107 pod r\u0119k\u0105 zapasowe akumulatory? \u017baden problem \u2013 torba OneGo Solo V2 oferuje kilka niewielkich kieszeni, kt\u00f3re doskonale nadaj\u0105 si\u0119 do ich przechowywania. Znajdziesz w niej r\u00f3wnie\u017c kolorowe plakietki (zielone i czerwone), kt\u00f3re mog\u0105 pe\u0142ni\u0107 rol\u0119 \u015brubokr\u0119t\u00f3w. Wykorzystaj je do oznaczania poziomu na\u0142adowania akumulator\u00f3w! Dost\u0119pne jest te\u017c miejsce na d\u0142ugopis, magnetyczna kiesze\u0144, w kt\u00f3rej mo\u017cna schowa\u0107 mi\u0119dzy innymi kable czy dyski twarde, a tak\u017ce kieszenie z siatki na filtry czy mysz komputerow\u0105.<\/p>\n<\/p>\n<p>\n<img decoding=\"async\" src=\"https:\/\/assets.innpro.pl\/4365\/4940\/2.jpg\" border=\"0\" \/>\n<\/p>\n<h3>Solidna konstrukcja<\/h3>\n<\/p>\n<p>Dzi\u0119ki zastosowaniu wysokiej jako\u015bci materia\u0142\u00f3w z pow\u0142ok\u0105 PU torba jest bardzo wytrzyma\u0142a i odporna na uszkodzenia, takie jak na przyk\u0142ad zadrapania. Niestraszne jej r\u00f3wnie\u017c zachlapania. To oznacza, \u017ce nie musisz obawia\u0107 si\u0119 o bezpiecze\u0144stwo swojego sprz\u0119tu podczas transportu! Co wi\u0119cej, torba zosta\u0142a wyposa\u017cona w trwa\u0142e zamki b\u0142yskawiczne, kt\u00f3re wyr\u00f3\u017cniaj\u0105 si\u0119 wyj\u0105tkowo d\u0142ug\u0105 \u017cywotno\u015bci\u0105 i gwarantuj\u0105 p\u0142ynne dzia\u0142anie. Dost\u0119pna jest r\u00f3wnie\u017c specjalna p\u0119telka zapobiegaj\u0105ca kradzie\u017cy.<\/p>\n<\/p>\n<p>\n<img decoding=\"async\" src=\"https:\/\/assets.innpro.pl\/4365\/4940\/6.jpg\" border=\"0\" \/>\n<\/p>\n<h3>Jeszcze wi\u0119cej udogodnie\u0144<\/h3>\n<\/p>\n<p>Model OneGo Solo V2 zosta\u0142 wyposa\u017cony w specjaln\u0105 klamr\u0119, kt\u00f3ra umo\u017cliwia szybk\u0105 regulacj\u0119 d\u0142ugo\u015bci paska. Mo\u017cesz te\u017c swobodnie nosi\u0107 j\u0105 zar\u00f3wno na lewym, jak i na prawym ramieniu. Jej dodatkowym atutem jest mi\u0119kka podk\u0142adka z tworzywa EVA, kt\u00f3ra zmniejsza nacisk i zapewnia wi\u0119kszy komfort. Ponadto praktyczny uchwyt u\u0142atwia przenoszenie torby, a umieszczone na jej spodzie paski pozwalaj\u0105 na wygodny transport dodatkowego wyposa\u017cenia, na przyk\u0142ad statywu. Dost\u0119pna jest r\u00f3wnie\u017c niewielka kieszonka na AirTag, sk\u0142adana kiesze\u0144 na butelk\u0119 wody oraz przednia przegroda zapinana na zamek, kt\u00f3ra idealnie nadaje si\u0119 do przechowywania smartfona, kart p\u0142atniczych czy kluczy.<\/p>\n<\/p>\n<p>\n<img decoding=\"async\" src=\"https:\/\/assets.innpro.pl\/4365\/4940\/9.jpg\" border=\"0\" \/>\n<\/p>\n<p><\/br><!DOCTYPE html><br \/>\n<html lang=\"pl\"><br \/>\n<head><br \/>\n    <meta charset=\"UTF-8\"><br \/>\n    <meta name=\"viewport\" content=\"width=device-width, initial-scale=1.0\"><br \/>\n    <title><\/title><br \/>\n<\/head><br \/>\n<body><br \/>\n    <iframe width=\"100%\" height=\"720px\" src=\"https:\/\/www.youtube.com\/embed\/uJ9E4ZRNpBY?playlist=uJ9E4ZRNpBY&#038;loop=1\" frameborder=\"0\" allow=\"accelerometer; autoplay; clipboard-write; encrypted-media; gyroscope; picture-in-picture\" allowfullscreen><\/iframe><br \/>\n<\/body><br \/>\n<\/html><\/p>\n<h3>W zestawie<\/h3>\n<ul class=\"list-disc pl-5\">\n<li>Torba<\/li>\n<li>Przegroda A x2<\/li>\n<li>Pasek do akcesori\u00f3w x2<\/li>\n<\/ul>\n<div class=\"table-wrapper\">\n<p>\u00a0<\/p>\n<h3><\/h3>\n<table>\n<tbody>\n<tr>\n<th>Producent<\/th>\n<td>PGYTECH<\/td>\n<\/tr>\n<tr>\n<th>Nazwa<\/th>\n<td>OneGo Solo V2<\/td>\n<\/tr>\n<tr>\n<th>Model<\/th>\n<td>P-CB-152<\/td>\n<\/tr>\n<tr>\n<th>Kolor<\/th>\n<td>Czarny<\/td>\n<\/tr>\n<tr>\n<th>Pojemno\u015b\u0107<\/th>\n<td>6 l<\/td>\n<\/tr>\n<tr>\n<th>Materia\u0142<\/th>\n<td>Poliester, PU<\/td>\n<\/tr>\n<tr>\n<th>Waga<\/th>\n<td>0,65 kg<\/td>\n<\/tr>\n<tr>\n<th>Wymiary wewn\u0119trzne<\/th>\n<td>370 x 210 x 125 mm<\/td>\n<\/tr>\n<tr>\n<th>Wymiary zewn\u0119trzne<\/th>\n<td>390 x 220 x 140 mm<\/td>\n<\/tr>\n<tr>\n<th>D\u0142ugo\u015b\u0107 paska<\/th>\n<td>50-150 cm<\/td>\n<\/tr>\n<\/tbody>\n<\/table>\n<\/div>\n","protected":false},"excerpt":{"rendered":"<p>Torba fotograficzna na rami\u0119 PGYTECH OneGo Solo V2 6L (czarny) U\u0142atw sobie transport niezb\u0119dnego sprz\u0119tu fotograficznego. Torba na rami\u0119 PGYTECH<\/p>\n","protected":false},"featured_media":26291,"comment_status":"closed","ping_status":"open","template":"","meta":{"_acf_changed":false},"product_brand":[],"product_cat":[1128,5772,5761],"product_tag":[],"class_list":{"0":"post-26290","1":"product","2":"type-product","3":"status-publish","4":"has-post-thumbnail","6":"product_cat-foto-wideo","7":"product_cat-torby-fotograficzne","8":"product_cat-transport","9":"pa_box-height-3121","10":"pa_box-length-2741","11":"pa_box-width-2188","12":"pa_gross-weight-4748","13":"pa_hs-code-2462","14":"pa_kompatybilnosc-etui-i-pokrowce","15":"pa_net-weight-2490","17":"first","18":"instock","19":"taxable","20":"shipping-taxable","21":"purchasable","22":"product-type-simple"},"acf":[],"yoast_head":"<!-- This site is optimized with the Yoast SEO plugin v27.2 - https:\/\/yoast.com\/product\/yoast-seo-wordpress\/ -->\n<title>Torba fotograficzna na rami\u0119 PGYTECH OneGo Solo V2 6L (czarny) - IRONSKY.PL Sklep z Dronami<\/title>\n<meta name=\"description\" content=\"Torba fotograficzna na rami\u0119 PGYTECH OneGo Solo V2 6L (czarny) - \u2705 sklep z dronami i fachowym doradztwem. \u2705 Tutaj kupisz produkty DJI, Yuneec, Parrot, Syma i wiele innych, a tak\u017ce kursy i licencje na operatora drona.\" \/>\n<meta name=\"robots\" content=\"index, follow, max-snippet:-1, max-image-preview:large, max-video-preview:-1\" \/>\n<link rel=\"canonical\" href=\"https:\/\/ironsky.pl\/sklep\/produkt\/torba-fotograficzna-na-ramie-pgytech-onego-solo-v2-6l-czarny\/\" \/>\n<meta property=\"og:locale\" content=\"pl_PL\" \/>\n<meta property=\"og:type\" content=\"article\" \/>\n<meta property=\"og:title\" content=\"Torba fotograficzna na rami\u0119 PGYTECH OneGo Solo V2 6L (czarny) - IRONSKY.PL Sklep z Dronami\" \/>\n<meta property=\"og:description\" content=\"Torba fotograficzna na rami\u0119 PGYTECH OneGo Solo V2 6L (czarny) - \u2705 sklep z dronami i fachowym doradztwem. \u2705 Tutaj kupisz produkty DJI, Yuneec, Parrot, Syma i wiele innych, a tak\u017ce kursy i licencje na operatora drona.\" \/>\n<meta property=\"og:url\" content=\"https:\/\/ironsky.pl\/sklep\/produkt\/torba-fotograficzna-na-ramie-pgytech-onego-solo-v2-6l-czarny\/\" \/>\n<meta property=\"og:site_name\" content=\"IRONSKY.PL Sklep z Dronami\" \/>\n<meta property=\"article:modified_time\" content=\"2026-03-05T14:52:18+00:00\" \/>\n<meta property=\"og:image\" content=\"https:\/\/ironsky.pl\/sklep\/wp-content\/uploads\/2024\/09\/37920_1.jpg\" \/>\n\t<meta property=\"og:image:width\" content=\"800\" \/>\n\t<meta property=\"og:image:height\" content=\"800\" \/>\n\t<meta property=\"og:image:type\" content=\"image\/jpeg\" \/>\n<meta name=\"twitter:card\" content=\"summary_large_image\" \/>\n<meta name=\"twitter:label1\" content=\"Szacowany czas czytania\" \/>\n\t<meta name=\"twitter:data1\" content=\"3 minuty\" \/>\n<script type=\"application\/ld+json\" class=\"yoast-schema-graph\">{\"@context\":\"https:\/\/schema.org\",\"@graph\":[{\"@type\":\"WebPage\",\"@id\":\"https:\/\/ironsky.pl\/sklep\/produkt\/torba-fotograficzna-na-ramie-pgytech-onego-solo-v2-6l-czarny\/\",\"url\":\"https:\/\/ironsky.pl\/sklep\/produkt\/torba-fotograficzna-na-ramie-pgytech-onego-solo-v2-6l-czarny\/\",\"name\":\"Torba fotograficzna na rami\u0119 PGYTECH OneGo Solo V2 6L (czarny) - IRONSKY.PL Sklep z Dronami\",\"isPartOf\":{\"@id\":\"https:\/\/ironsky.pl\/sklep\/#website\"},\"primaryImageOfPage\":{\"@id\":\"https:\/\/ironsky.pl\/sklep\/produkt\/torba-fotograficzna-na-ramie-pgytech-onego-solo-v2-6l-czarny\/#primaryimage\"},\"image\":{\"@id\":\"https:\/\/ironsky.pl\/sklep\/produkt\/torba-fotograficzna-na-ramie-pgytech-onego-solo-v2-6l-czarny\/#primaryimage\"},\"thumbnailUrl\":\"https:\/\/ironsky.pl\/sklep\/wp-content\/uploads\/2024\/09\/37920_1.jpg\",\"datePublished\":\"2024-09-16T17:35:39+00:00\",\"dateModified\":\"2026-03-05T14:52:18+00:00\",\"description\":\"Torba fotograficzna na rami\u0119 PGYTECH OneGo Solo V2 6L (czarny) - \u2705 sklep z dronami i fachowym doradztwem. \u2705 Tutaj kupisz produkty DJI, Yuneec, Parrot, Syma i wiele innych, a tak\u017ce kursy i licencje na operatora drona.\",\"breadcrumb\":{\"@id\":\"https:\/\/ironsky.pl\/sklep\/produkt\/torba-fotograficzna-na-ramie-pgytech-onego-solo-v2-6l-czarny\/#breadcrumb\"},\"inLanguage\":\"pl-PL\",\"potentialAction\":[{\"@type\":\"ReadAction\",\"target\":[\"https:\/\/ironsky.pl\/sklep\/produkt\/torba-fotograficzna-na-ramie-pgytech-onego-solo-v2-6l-czarny\/\"]}]},{\"@type\":\"ImageObject\",\"inLanguage\":\"pl-PL\",\"@id\":\"https:\/\/ironsky.pl\/sklep\/produkt\/torba-fotograficzna-na-ramie-pgytech-onego-solo-v2-6l-czarny\/#primaryimage\",\"url\":\"https:\/\/ironsky.pl\/sklep\/wp-content\/uploads\/2024\/09\/37920_1.jpg\",\"contentUrl\":\"https:\/\/ironsky.pl\/sklep\/wp-content\/uploads\/2024\/09\/37920_1.jpg\",\"width\":800,\"height\":800},{\"@type\":\"BreadcrumbList\",\"@id\":\"https:\/\/ironsky.pl\/sklep\/produkt\/torba-fotograficzna-na-ramie-pgytech-onego-solo-v2-6l-czarny\/#breadcrumb\",\"itemListElement\":[{\"@type\":\"ListItem\",\"position\":1,\"name\":\"Strona g\u0142\u00f3wna\",\"item\":\"https:\/\/ironsky.pl\/sklep\/\"},{\"@type\":\"ListItem\",\"position\":2,\"name\":\"Wszystkie produkty\",\"item\":\"https:\/\/ironsky.pl\/sklep\/produkty\/\"},{\"@type\":\"ListItem\",\"position\":3,\"name\":\"Torba fotograficzna na rami\u0119 PGYTECH OneGo Solo V2 6L (czarny)\"}]},{\"@type\":\"WebSite\",\"@id\":\"https:\/\/ironsky.pl\/sklep\/#website\",\"url\":\"https:\/\/ironsky.pl\/sklep\/\",\"name\":\"IRONSKY.PL Sklep z Dronami\",\"description\":\"IRONSKY.PL Sklep z Dronami\",\"potentialAction\":[{\"@type\":\"SearchAction\",\"target\":{\"@type\":\"EntryPoint\",\"urlTemplate\":\"https:\/\/ironsky.pl\/sklep\/?s={search_term_string}\"},\"query-input\":{\"@type\":\"PropertyValueSpecification\",\"valueRequired\":true,\"valueName\":\"search_term_string\"}}],\"inLanguage\":\"pl-PL\"}]}<\/script>\n<!-- \/ Yoast SEO plugin. -->","yoast_head_json":{"title":"Torba fotograficzna na rami\u0119 PGYTECH OneGo Solo V2 6L (czarny) - IRONSKY.PL Sklep z Dronami","description":"Torba fotograficzna na rami\u0119 PGYTECH OneGo Solo V2 6L (czarny) - \u2705 sklep z dronami i fachowym doradztwem. \u2705 Tutaj kupisz produkty DJI, Yuneec, Parrot, Syma i wiele innych, a tak\u017ce kursy i licencje na operatora drona.","robots":{"index":"index","follow":"follow","max-snippet":"max-snippet:-1","max-image-preview":"max-image-preview:large","max-video-preview":"max-video-preview:-1"},"canonical":"https:\/\/ironsky.pl\/sklep\/produkt\/torba-fotograficzna-na-ramie-pgytech-onego-solo-v2-6l-czarny\/","og_locale":"pl_PL","og_type":"article","og_title":"Torba fotograficzna na rami\u0119 PGYTECH OneGo Solo V2 6L (czarny) - IRONSKY.PL Sklep z Dronami","og_description":"Torba fotograficzna na rami\u0119 PGYTECH OneGo Solo V2 6L (czarny) - \u2705 sklep z dronami i fachowym doradztwem. \u2705 Tutaj kupisz produkty DJI, Yuneec, Parrot, Syma i wiele innych, a tak\u017ce kursy i licencje na operatora drona.","og_url":"https:\/\/ironsky.pl\/sklep\/produkt\/torba-fotograficzna-na-ramie-pgytech-onego-solo-v2-6l-czarny\/","og_site_name":"IRONSKY.PL Sklep z Dronami","article_modified_time":"2026-03-05T14:52:18+00:00","og_image":[{"width":800,"height":800,"url":"https:\/\/ironsky.pl\/sklep\/wp-content\/uploads\/2024\/09\/37920_1.jpg","type":"image\/jpeg"}],"twitter_card":"summary_large_image","twitter_misc":{"Szacowany czas czytania":"3 minuty"},"schema":{"@context":"https:\/\/schema.org","@graph":[{"@type":"WebPage","@id":"https:\/\/ironsky.pl\/sklep\/produkt\/torba-fotograficzna-na-ramie-pgytech-onego-solo-v2-6l-czarny\/","url":"https:\/\/ironsky.pl\/sklep\/produkt\/torba-fotograficzna-na-ramie-pgytech-onego-solo-v2-6l-czarny\/","name":"Torba fotograficzna na rami\u0119 PGYTECH OneGo Solo V2 6L (czarny) - IRONSKY.PL Sklep z Dronami","isPartOf":{"@id":"https:\/\/ironsky.pl\/sklep\/#website"},"primaryImageOfPage":{"@id":"https:\/\/ironsky.pl\/sklep\/produkt\/torba-fotograficzna-na-ramie-pgytech-onego-solo-v2-6l-czarny\/#primaryimage"},"image":{"@id":"https:\/\/ironsky.pl\/sklep\/produkt\/torba-fotograficzna-na-ramie-pgytech-onego-solo-v2-6l-czarny\/#primaryimage"},"thumbnailUrl":"https:\/\/ironsky.pl\/sklep\/wp-content\/uploads\/2024\/09\/37920_1.jpg","datePublished":"2024-09-16T17:35:39+00:00","dateModified":"2026-03-05T14:52:18+00:00","description":"Torba fotograficzna na rami\u0119 PGYTECH OneGo Solo V2 6L (czarny) - \u2705 sklep z dronami i fachowym doradztwem. \u2705 Tutaj kupisz produkty DJI, Yuneec, Parrot, Syma i wiele innych, a tak\u017ce kursy i licencje na operatora drona.","breadcrumb":{"@id":"https:\/\/ironsky.pl\/sklep\/produkt\/torba-fotograficzna-na-ramie-pgytech-onego-solo-v2-6l-czarny\/#breadcrumb"},"inLanguage":"pl-PL","potentialAction":[{"@type":"ReadAction","target":["https:\/\/ironsky.pl\/sklep\/produkt\/torba-fotograficzna-na-ramie-pgytech-onego-solo-v2-6l-czarny\/"]}]},{"@type":"ImageObject","inLanguage":"pl-PL","@id":"https:\/\/ironsky.pl\/sklep\/produkt\/torba-fotograficzna-na-ramie-pgytech-onego-solo-v2-6l-czarny\/#primaryimage","url":"https:\/\/ironsky.pl\/sklep\/wp-content\/uploads\/2024\/09\/37920_1.jpg","contentUrl":"https:\/\/ironsky.pl\/sklep\/wp-content\/uploads\/2024\/09\/37920_1.jpg","width":800,"height":800},{"@type":"BreadcrumbList","@id":"https:\/\/ironsky.pl\/sklep\/produkt\/torba-fotograficzna-na-ramie-pgytech-onego-solo-v2-6l-czarny\/#breadcrumb","itemListElement":[{"@type":"ListItem","position":1,"name":"Strona g\u0142\u00f3wna","item":"https:\/\/ironsky.pl\/sklep\/"},{"@type":"ListItem","position":2,"name":"Wszystkie produkty","item":"https:\/\/ironsky.pl\/sklep\/produkty\/"},{"@type":"ListItem","position":3,"name":"Torba fotograficzna na rami\u0119 PGYTECH OneGo Solo V2 6L (czarny)"}]},{"@type":"WebSite","@id":"https:\/\/ironsky.pl\/sklep\/#website","url":"https:\/\/ironsky.pl\/sklep\/","name":"IRONSKY.PL Sklep z Dronami","description":"IRONSKY.PL Sklep z Dronami","potentialAction":[{"@type":"SearchAction","target":{"@type":"EntryPoint","urlTemplate":"https:\/\/ironsky.pl\/sklep\/?s={search_term_string}"},"query-input":{"@type":"PropertyValueSpecification","valueRequired":true,"valueName":"search_term_string"}}],"inLanguage":"pl-PL"}]}},"_links":{"self":[{"href":"https:\/\/ironsky.pl\/sklep\/wp-json\/wp\/v2\/product\/26290","targetHints":{"allow":["GET"]}}],"collection":[{"href":"https:\/\/ironsky.pl\/sklep\/wp-json\/wp\/v2\/product"}],"about":[{"href":"https:\/\/ironsky.pl\/sklep\/wp-json\/wp\/v2\/types\/product"}],"replies":[{"embeddable":true,"href":"https:\/\/ironsky.pl\/sklep\/wp-json\/wp\/v2\/comments?post=26290"}],"wp:featuredmedia":[{"embeddable":true,"href":"https:\/\/ironsky.pl\/sklep\/wp-json\/wp\/v2\/media\/26291"}],"wp:attachment":[{"href":"https:\/\/ironsky.pl\/sklep\/wp-json\/wp\/v2\/media?parent=26290"}],"wp:term":[{"taxonomy":"product_brand","embeddable":true,"href":"https:\/\/ironsky.pl\/sklep\/wp-json\/wp\/v2\/product_brand?post=26290"},{"taxonomy":"product_cat","embeddable":true,"href":"https:\/\/ironsky.pl\/sklep\/wp-json\/wp\/v2\/product_cat?post=26290"},{"taxonomy":"product_tag","embeddable":true,"href":"https:\/\/ironsky.pl\/sklep\/wp-json\/wp\/v2\/product_tag?post=26290"}],"curies":[{"name":"wp","href":"https:\/\/api.w.org\/{rel}","templated":true}]}}