{"id":26269,"date":"2024-09-16T19:33:45","date_gmt":"2024-09-16T17:33:45","guid":{"rendered":"http:\/\/gvshalph.pro-linuxpl.com\/ironskyprodukty\/produkt\/obudowa-wypornosciowa-telesin-do-kamery-insta360-ace-pro\/"},"modified":"2026-03-05T15:52:17","modified_gmt":"2026-03-05T14:52:17","slug":"obudowa-wypornosciowa-telesin-do-kamery-insta360-ace-pro","status":"publish","type":"product","link":"https:\/\/ironsky.pl\/sklep\/produkt\/obudowa-wypornosciowa-telesin-do-kamery-insta360-ace-pro\/","title":{"rendered":"Obudowa wyporno\u015bciowa TELESIN do kamery Insta360 Ace Pro"},"content":{"rendered":"<h3>Obudowa wyporno\u015bciowa TELESIN do kamery Insta360 Ace Pro <\/h3>\n<p>Ta praktyczna obudowa wyporno\u015bciowa zosta\u0142a stworzona z my\u015bl\u0105 o nagrywaniu sport\u00f3w wodnych. Dzi\u0119ki niej Twoja kamera Insta360 Ace Pro b\u0119dzie unosi\u0107 si\u0119 na powierzchni wody. Ju\u017c nie musisz si\u0119 martwi\u0107, \u017ce urz\u0105dzenie zatonie! Akcesorium wyr\u00f3\u017cnia si\u0119 tak\u017ce intensywnym, pomara\u0144czowym kolorem, co oznacza, \u017ce Tw\u00f3j sprz\u0119t b\u0119dzie doskonale widoczny \u2013 je\u015bli zajdzie taka potrzeba, bez problemu go zlokalizujesz. Obudowa jest przy tym bardzo prosta w instalacji i doskonale pasuje do kszta\u0142tu kamery, zapewniaj\u0105c wygodny dost\u0119p do wszystkich jej port\u00f3w i przycisk\u00f3w. <\/p>\n<p><img decoding=\"async\" src=\"https:\/\/b2b.innpro.pl\/data\/include\/cms\/Telesin\/S6-CFR-03\/1.jpg\" alt=\"Telesin\/S6-CFR-03\/1\"><\/p>\n<div class=\"table-wrapper\">\n<table>\n<tbody>\n<tr>\n<th>Producent<\/th>\n<td>TELESIN<\/td>\n<\/tr>\n<tr>\n<th>Model<\/th>\n<td>S6-CFR-03<\/td>\n<\/tr>\n<tr>\n<th>Kolor<\/th>\n<td>Pomara\u0144czowy<\/td>\n<\/tr>\n<tr>\n<th>Kompatybilno\u015b\u0107<\/th>\n<td>Kamera Insta360 Ace Pro<\/td>\n<\/tr>\n<\/tbody>\n<\/table>\n<\/div>\n","protected":false},"excerpt":{"rendered":"<p>Obudowa wyporno\u015bciowa TELESIN do kamery Insta360 Ace Pro Ta praktyczna obudowa wyporno\u015bciowa zosta\u0142a stworzona z my\u015bl\u0105 o nagrywaniu sport\u00f3w wodnych.<\/p>\n","protected":false},"featured_media":26270,"comment_status":"closed","ping_status":"open","template":"","meta":{"_acf_changed":false},"product_brand":[],"product_cat":[1130,1137,1128],"product_tag":[],"class_list":{"0":"post-26269","1":"product","2":"type-product","3":"status-publish","4":"has-post-thumbnail","6":"product_cat-akcesoria-foto","7":"product_cat-do-kamer-sportowych","8":"product_cat-foto-wideo","9":"pa_box-height-1837","10":"pa_box-length-1371","11":"pa_box-width-1690","12":"pa_gross-weight-1471","13":"pa_kompatybilnosc-insta360","14":"pa_net-weight-1801","16":"first","17":"outofstock","18":"taxable","19":"shipping-taxable","20":"purchasable","21":"product-type-simple"},"acf":[],"yoast_head":"<!-- This site is optimized with the Yoast SEO plugin v27.2 - https:\/\/yoast.com\/product\/yoast-seo-wordpress\/ -->\n<title>Obudowa wyporno\u015bciowa TELESIN do kamery Insta360 Ace Pro - IRONSKY.PL Sklep z Dronami<\/title>\n<meta name=\"description\" content=\"Obudowa wyporno\u015bciowa TELESIN do kamery Insta360 Ace Pro - \u2705 sklep z dronami i fachowym doradztwem. \u2705 Tutaj kupisz produkty DJI, Yuneec, Parrot, Syma i wiele innych, a tak\u017ce kursy i licencje na operatora drona.\" \/>\n<meta name=\"robots\" content=\"index, follow, max-snippet:-1, max-image-preview:large, max-video-preview:-1\" \/>\n<link rel=\"canonical\" href=\"https:\/\/ironsky.pl\/sklep\/produkt\/obudowa-wypornosciowa-telesin-do-kamery-insta360-ace-pro\/\" \/>\n<meta property=\"og:locale\" content=\"pl_PL\" \/>\n<meta property=\"og:type\" content=\"article\" \/>\n<meta property=\"og:title\" content=\"Obudowa wyporno\u015bciowa TELESIN do kamery Insta360 Ace Pro - IRONSKY.PL Sklep z Dronami\" \/>\n<meta property=\"og:description\" content=\"Obudowa wyporno\u015bciowa TELESIN do kamery Insta360 Ace Pro - \u2705 sklep z dronami i fachowym doradztwem. \u2705 Tutaj kupisz produkty DJI, Yuneec, Parrot, Syma i wiele innych, a tak\u017ce kursy i licencje na operatora drona.\" \/>\n<meta property=\"og:url\" content=\"https:\/\/ironsky.pl\/sklep\/produkt\/obudowa-wypornosciowa-telesin-do-kamery-insta360-ace-pro\/\" \/>\n<meta property=\"og:site_name\" content=\"IRONSKY.PL Sklep z Dronami\" \/>\n<meta property=\"article:modified_time\" content=\"2026-03-05T14:52:17+00:00\" \/>\n<meta property=\"og:image\" content=\"https:\/\/ironsky.pl\/sklep\/wp-content\/uploads\/2024\/09\/37518_1.jpg\" \/>\n\t<meta property=\"og:image:width\" content=\"800\" \/>\n\t<meta property=\"og:image:height\" content=\"800\" \/>\n\t<meta property=\"og:image:type\" content=\"image\/jpeg\" \/>\n<meta name=\"twitter:card\" content=\"summary_large_image\" \/>\n<meta name=\"twitter:label1\" content=\"Szacowany czas czytania\" \/>\n\t<meta name=\"twitter:data1\" content=\"1 minuta\" \/>\n<script type=\"application\/ld+json\" class=\"yoast-schema-graph\">{\"@context\":\"https:\/\/schema.org\",\"@graph\":[{\"@type\":\"WebPage\",\"@id\":\"https:\/\/ironsky.pl\/sklep\/produkt\/obudowa-wypornosciowa-telesin-do-kamery-insta360-ace-pro\/\",\"url\":\"https:\/\/ironsky.pl\/sklep\/produkt\/obudowa-wypornosciowa-telesin-do-kamery-insta360-ace-pro\/\",\"name\":\"Obudowa wyporno\u015bciowa TELESIN do kamery Insta360 Ace Pro - IRONSKY.PL Sklep z Dronami\",\"isPartOf\":{\"@id\":\"https:\/\/ironsky.pl\/sklep\/#website\"},\"primaryImageOfPage\":{\"@id\":\"https:\/\/ironsky.pl\/sklep\/produkt\/obudowa-wypornosciowa-telesin-do-kamery-insta360-ace-pro\/#primaryimage\"},\"image\":{\"@id\":\"https:\/\/ironsky.pl\/sklep\/produkt\/obudowa-wypornosciowa-telesin-do-kamery-insta360-ace-pro\/#primaryimage\"},\"thumbnailUrl\":\"https:\/\/ironsky.pl\/sklep\/wp-content\/uploads\/2024\/09\/37518_1.jpg\",\"datePublished\":\"2024-09-16T17:33:45+00:00\",\"dateModified\":\"2026-03-05T14:52:17+00:00\",\"description\":\"Obudowa wyporno\u015bciowa TELESIN do kamery Insta360 Ace Pro - \u2705 sklep z dronami i fachowym doradztwem. \u2705 Tutaj kupisz produkty DJI, Yuneec, Parrot, Syma i wiele innych, a tak\u017ce kursy i licencje na operatora drona.\",\"breadcrumb\":{\"@id\":\"https:\/\/ironsky.pl\/sklep\/produkt\/obudowa-wypornosciowa-telesin-do-kamery-insta360-ace-pro\/#breadcrumb\"},\"inLanguage\":\"pl-PL\",\"potentialAction\":[{\"@type\":\"ReadAction\",\"target\":[\"https:\/\/ironsky.pl\/sklep\/produkt\/obudowa-wypornosciowa-telesin-do-kamery-insta360-ace-pro\/\"]}]},{\"@type\":\"ImageObject\",\"inLanguage\":\"pl-PL\",\"@id\":\"https:\/\/ironsky.pl\/sklep\/produkt\/obudowa-wypornosciowa-telesin-do-kamery-insta360-ace-pro\/#primaryimage\",\"url\":\"https:\/\/ironsky.pl\/sklep\/wp-content\/uploads\/2024\/09\/37518_1.jpg\",\"contentUrl\":\"https:\/\/ironsky.pl\/sklep\/wp-content\/uploads\/2024\/09\/37518_1.jpg\",\"width\":800,\"height\":800},{\"@type\":\"BreadcrumbList\",\"@id\":\"https:\/\/ironsky.pl\/sklep\/produkt\/obudowa-wypornosciowa-telesin-do-kamery-insta360-ace-pro\/#breadcrumb\",\"itemListElement\":[{\"@type\":\"ListItem\",\"position\":1,\"name\":\"Strona g\u0142\u00f3wna\",\"item\":\"https:\/\/ironsky.pl\/sklep\/\"},{\"@type\":\"ListItem\",\"position\":2,\"name\":\"Wszystkie produkty\",\"item\":\"https:\/\/ironsky.pl\/sklep\/produkty\/\"},{\"@type\":\"ListItem\",\"position\":3,\"name\":\"Obudowa wyporno\u015bciowa TELESIN do kamery Insta360 Ace Pro\"}]},{\"@type\":\"WebSite\",\"@id\":\"https:\/\/ironsky.pl\/sklep\/#website\",\"url\":\"https:\/\/ironsky.pl\/sklep\/\",\"name\":\"IRONSKY.PL Sklep z Dronami\",\"description\":\"IRONSKY.PL Sklep z Dronami\",\"potentialAction\":[{\"@type\":\"SearchAction\",\"target\":{\"@type\":\"EntryPoint\",\"urlTemplate\":\"https:\/\/ironsky.pl\/sklep\/?s={search_term_string}\"},\"query-input\":{\"@type\":\"PropertyValueSpecification\",\"valueRequired\":true,\"valueName\":\"search_term_string\"}}],\"inLanguage\":\"pl-PL\"}]}<\/script>\n<!-- \/ Yoast SEO plugin. -->","yoast_head_json":{"title":"Obudowa wyporno\u015bciowa TELESIN do kamery Insta360 Ace Pro - IRONSKY.PL Sklep z Dronami","description":"Obudowa wyporno\u015bciowa TELESIN do kamery Insta360 Ace Pro - \u2705 sklep z dronami i fachowym doradztwem. \u2705 Tutaj kupisz produkty DJI, Yuneec, Parrot, Syma i wiele innych, a tak\u017ce kursy i licencje na operatora drona.","robots":{"index":"index","follow":"follow","max-snippet":"max-snippet:-1","max-image-preview":"max-image-preview:large","max-video-preview":"max-video-preview:-1"},"canonical":"https:\/\/ironsky.pl\/sklep\/produkt\/obudowa-wypornosciowa-telesin-do-kamery-insta360-ace-pro\/","og_locale":"pl_PL","og_type":"article","og_title":"Obudowa wyporno\u015bciowa TELESIN do kamery Insta360 Ace Pro - IRONSKY.PL Sklep z Dronami","og_description":"Obudowa wyporno\u015bciowa TELESIN do kamery Insta360 Ace Pro - \u2705 sklep z dronami i fachowym doradztwem. \u2705 Tutaj kupisz produkty DJI, Yuneec, Parrot, Syma i wiele innych, a tak\u017ce kursy i licencje na operatora drona.","og_url":"https:\/\/ironsky.pl\/sklep\/produkt\/obudowa-wypornosciowa-telesin-do-kamery-insta360-ace-pro\/","og_site_name":"IRONSKY.PL Sklep z Dronami","article_modified_time":"2026-03-05T14:52:17+00:00","og_image":[{"width":800,"height":800,"url":"https:\/\/ironsky.pl\/sklep\/wp-content\/uploads\/2024\/09\/37518_1.jpg","type":"image\/jpeg"}],"twitter_card":"summary_large_image","twitter_misc":{"Szacowany czas czytania":"1 minuta"},"schema":{"@context":"https:\/\/schema.org","@graph":[{"@type":"WebPage","@id":"https:\/\/ironsky.pl\/sklep\/produkt\/obudowa-wypornosciowa-telesin-do-kamery-insta360-ace-pro\/","url":"https:\/\/ironsky.pl\/sklep\/produkt\/obudowa-wypornosciowa-telesin-do-kamery-insta360-ace-pro\/","name":"Obudowa wyporno\u015bciowa TELESIN do kamery Insta360 Ace Pro - IRONSKY.PL Sklep z Dronami","isPartOf":{"@id":"https:\/\/ironsky.pl\/sklep\/#website"},"primaryImageOfPage":{"@id":"https:\/\/ironsky.pl\/sklep\/produkt\/obudowa-wypornosciowa-telesin-do-kamery-insta360-ace-pro\/#primaryimage"},"image":{"@id":"https:\/\/ironsky.pl\/sklep\/produkt\/obudowa-wypornosciowa-telesin-do-kamery-insta360-ace-pro\/#primaryimage"},"thumbnailUrl":"https:\/\/ironsky.pl\/sklep\/wp-content\/uploads\/2024\/09\/37518_1.jpg","datePublished":"2024-09-16T17:33:45+00:00","dateModified":"2026-03-05T14:52:17+00:00","description":"Obudowa wyporno\u015bciowa TELESIN do kamery Insta360 Ace Pro - \u2705 sklep z dronami i fachowym doradztwem. \u2705 Tutaj kupisz produkty DJI, Yuneec, Parrot, Syma i wiele innych, a tak\u017ce kursy i licencje na operatora drona.","breadcrumb":{"@id":"https:\/\/ironsky.pl\/sklep\/produkt\/obudowa-wypornosciowa-telesin-do-kamery-insta360-ace-pro\/#breadcrumb"},"inLanguage":"pl-PL","potentialAction":[{"@type":"ReadAction","target":["https:\/\/ironsky.pl\/sklep\/produkt\/obudowa-wypornosciowa-telesin-do-kamery-insta360-ace-pro\/"]}]},{"@type":"ImageObject","inLanguage":"pl-PL","@id":"https:\/\/ironsky.pl\/sklep\/produkt\/obudowa-wypornosciowa-telesin-do-kamery-insta360-ace-pro\/#primaryimage","url":"https:\/\/ironsky.pl\/sklep\/wp-content\/uploads\/2024\/09\/37518_1.jpg","contentUrl":"https:\/\/ironsky.pl\/sklep\/wp-content\/uploads\/2024\/09\/37518_1.jpg","width":800,"height":800},{"@type":"BreadcrumbList","@id":"https:\/\/ironsky.pl\/sklep\/produkt\/obudowa-wypornosciowa-telesin-do-kamery-insta360-ace-pro\/#breadcrumb","itemListElement":[{"@type":"ListItem","position":1,"name":"Strona g\u0142\u00f3wna","item":"https:\/\/ironsky.pl\/sklep\/"},{"@type":"ListItem","position":2,"name":"Wszystkie produkty","item":"https:\/\/ironsky.pl\/sklep\/produkty\/"},{"@type":"ListItem","position":3,"name":"Obudowa wyporno\u015bciowa TELESIN do kamery Insta360 Ace Pro"}]},{"@type":"WebSite","@id":"https:\/\/ironsky.pl\/sklep\/#website","url":"https:\/\/ironsky.pl\/sklep\/","name":"IRONSKY.PL Sklep z Dronami","description":"IRONSKY.PL Sklep z Dronami","potentialAction":[{"@type":"SearchAction","target":{"@type":"EntryPoint","urlTemplate":"https:\/\/ironsky.pl\/sklep\/?s={search_term_string}"},"query-input":{"@type":"PropertyValueSpecification","valueRequired":true,"valueName":"search_term_string"}}],"inLanguage":"pl-PL"}]}},"_links":{"self":[{"href":"https:\/\/ironsky.pl\/sklep\/wp-json\/wp\/v2\/product\/26269","targetHints":{"allow":["GET"]}}],"collection":[{"href":"https:\/\/ironsky.pl\/sklep\/wp-json\/wp\/v2\/product"}],"about":[{"href":"https:\/\/ironsky.pl\/sklep\/wp-json\/wp\/v2\/types\/product"}],"replies":[{"embeddable":true,"href":"https:\/\/ironsky.pl\/sklep\/wp-json\/wp\/v2\/comments?post=26269"}],"wp:featuredmedia":[{"embeddable":true,"href":"https:\/\/ironsky.pl\/sklep\/wp-json\/wp\/v2\/media\/26270"}],"wp:attachment":[{"href":"https:\/\/ironsky.pl\/sklep\/wp-json\/wp\/v2\/media?parent=26269"}],"wp:term":[{"taxonomy":"product_brand","embeddable":true,"href":"https:\/\/ironsky.pl\/sklep\/wp-json\/wp\/v2\/product_brand?post=26269"},{"taxonomy":"product_cat","embeddable":true,"href":"https:\/\/ironsky.pl\/sklep\/wp-json\/wp\/v2\/product_cat?post=26269"},{"taxonomy":"product_tag","embeddable":true,"href":"https:\/\/ironsky.pl\/sklep\/wp-json\/wp\/v2\/product_tag?post=26269"}],"curies":[{"name":"wp","href":"https:\/\/api.w.org\/{rel}","templated":true}]}}