{"id":26219,"date":"2024-09-16T19:33:45","date_gmt":"2024-09-16T17:33:45","guid":{"rendered":"http:\/\/gvshalph.pro-linuxpl.com\/ironskyprodukty\/produkt\/uchwyt-selfie-insta360-114-cm-zloty\/"},"modified":"2026-03-05T15:52:16","modified_gmt":"2026-03-05T14:52:16","slug":"uchwyt-selfie-insta360-114-cm-zloty","status":"publish","type":"product","link":"https:\/\/ironsky.pl\/sklep\/produkt\/uchwyt-selfie-insta360-114-cm-zloty\/","title":{"rendered":"Uchwyt selfie Insta360 (114 cm, z\u0142oty)"},"content":{"rendered":"<h3>Uchwyt selfie Insta360 (114 cm, z\u0142oty)<\/h3>\n<p>Zyskaj niepowtarzaln\u0105 perspektyw\u0119. Wysi\u0119gnik teleskopowy Insta360 rozk\u0142ada si\u0119 na d\u0142ugo\u015b\u0107 nawet 114 cm, dzi\u0119ki czemu idealnie nadaje si\u0119 do robienia selfie, zdj\u0119\u0107 grupowych i nie tylko. Mo\u017cesz te\u017c z \u0142atwo\u015bci\u0105 usun\u0105\u0107 go z gotowego nagrania \u2013 wystarczy kilka klikni\u0119\u0107. W ten spos\u00f3b uzyskasz niesamowite rezultaty! Akcesorium jest te\u017c bardzo solidne i wytrzyma\u0142e, a zarazem lekkie \u2013 wa\u017cy tylko 118 g.<\/p>\n<p>\n<img decoding=\"async\" src=\"https:\/\/assets.innpro.pl\/4039\/15417\/2.jpg\" border=\"0\" alt=\"\" \/>\n<\/p>\n<h3>Tw\u00f3j spos\u00f3b na niesamowite uj\u0119cie<\/h3>\n<p>Chcesz stworzy\u0107 nagranie z niecodziennej perspektywy? A mo\u017ce marzy Ci si\u0119 uj\u0119cie przypominaj\u0105ce takie, kt\u00f3re zazwyczaj da si\u0119 uzyska\u0107 tylko za pomoc\u0105 drona? Selfie stick Insta360 sprawdzi si\u0119 w tych i wielu innych sytuacjach! Dzi\u0119ki zaawansowanemu oprogramowaniu mo\u017cesz w mgnieniu oka usun\u0105\u0107 go z nagranego filmu \u2013 efekty b\u0119d\u0105 naprawd\u0119 zachwycaj\u0105ce!<\/p>\n<p>\n<img decoding=\"async\" src=\"https:\/\/assets.innpro.pl\/4039\/15417\/5.jpg\" border=\"0\" alt=\"\" \/>\n<\/p>\n<h3>Dopracowany w ka\u017cdym szczeg\u00f3le<\/h3>\n<p>Selfie stick zosta\u0142 wykonany z trwa\u0142ego stopu aluminium, dzi\u0119ki czemu jest bardzo wytrzyma\u0142y, a zarazem lekki \u2013 jego waga wynosi tylko 118 g. Rozk\u0142ada si\u0119 na d\u0142ugo\u015b\u0107 a\u017c 114 cm, a po roz\u0142o\u017ceniu stabilnie utrzymuje kamer\u0119 \u2013 nie obawiaj si\u0119, \u017ce b\u0119dzie si\u0119 chwia\u0107 i zepsuje Twoje wymarzone uj\u0119cie. Co wi\u0119cej, mechanizm przed\u0142u\u017caj\u0105cy wysi\u0119gnika jest niezwykle solidny i odporny na zu\u017cycie.<\/p>\n<p>\n<img decoding=\"async\" src=\"https:\/\/assets.innpro.pl\/4039\/15417\/1.jpg\" border=\"0\" alt=\"\" \/>\n<\/p>\n<div class=\"table-wrapper\">\n<p>\u00a0<\/p>\n<h3><\/h3>\n<table>\n<tbody>\n<tr>\n<th>Producent <\/th>\n<td>Insta360<\/td>\n<\/tr>\n<tr>\n<th>Nazwa <\/th>\n<td>Invisible Selfie Stick Gold Edition<\/td>\n<\/tr>\n<tr>\n<th>Model <\/th>\n<td>CINSBAVB<\/td>\n<\/tr>\n<tr>\n<th>Kolor <\/th>\n<td>Z\u0142oty<\/td>\n<\/tr>\n<tr>\n<th>D\u0142ugo\u015b\u0107 po z\u0142o\u017ceniu <\/th>\n<td>Ok. 23 cm<\/td>\n<\/tr>\n<tr>\n<th>D\u0142ugo\u015b\u0107 po roz\u0142o\u017ceniu <\/th>\n<td>Ok. 114 cm<\/td>\n<\/tr>\n<tr>\n<th>Waga <\/th>\n<td>118 g<\/td>\n<\/tr>\n<tr>\n<th>Materia\u0142 <\/th>\n<td>Stop aluminium<\/td>\n<\/tr>\n<tr>\n<th>Kompatybilno\u015b\u0107 <\/th>\n<td>Insta360 Ace Pro 2\/ X4\/ GO 3S\/ Insta360 Ace Pro\/ Insta360 Ace\/ GO 3\/ X3\/ ONE RS 1-Inch 360 Edition\/ ONE RS (Twin\/4K)\/ GO 2\/ ONE X2\/ ONE R\/ ONE X<\/td>\n<\/tr>\n<\/tbody>\n<\/table>\n<\/div>\n","protected":false},"excerpt":{"rendered":"<p>Uchwyt selfie Insta360 (114 cm, z\u0142oty) Zyskaj niepowtarzaln\u0105 perspektyw\u0119. Wysi\u0119gnik teleskopowy Insta360 rozk\u0142ada si\u0119 na d\u0142ugo\u015b\u0107 nawet 114 cm, dzi\u0119ki<\/p>\n","protected":false},"featured_media":26220,"comment_status":"closed","ping_status":"open","template":"","meta":{"_acf_changed":false},"product_brand":[],"product_cat":[1128,1139,1140,1141,1138],"product_tag":[],"class_list":{"0":"post-26219","1":"product","2":"type-product","3":"status-publish","4":"has-post-thumbnail","6":"product_cat-foto-wideo","7":"product_cat-selfie-stick","8":"product_cat-statywy","9":"product_cat-uchwyty-do-mocowania-kamer-i-aparatow","10":"product_cat-wysiegniki","11":"pa_box-height-2578","12":"pa_box-length-1898","13":"pa_box-width-1610","14":"pa_dlugosc-cm-4717","15":"pa_gross-weight-1600","16":"pa_hs-code-1864","17":"pa_kolejna-dostawa-26-09-2024","18":"pa_net-weight-3891","19":"pa_przeznaczenie-do-kamer","21":"first","22":"outofstock","23":"taxable","24":"shipping-taxable","25":"purchasable","26":"product-type-simple"},"acf":[],"yoast_head":"<!-- This site is optimized with the Yoast SEO plugin v27.2 - https:\/\/yoast.com\/product\/yoast-seo-wordpress\/ -->\n<title>Uchwyt selfie Insta360 (114 cm, z\u0142oty) - IRONSKY.PL Sklep z Dronami<\/title>\n<meta name=\"description\" content=\"Uchwyt selfie Insta360 (114 cm, z\u0142oty) - \u2705 sklep z dronami i fachowym doradztwem. \u2705 Tutaj kupisz produkty DJI, Yuneec, Parrot, Syma i wiele innych, a tak\u017ce kursy i licencje na operatora drona.\" \/>\n<meta name=\"robots\" content=\"index, follow, max-snippet:-1, max-image-preview:large, max-video-preview:-1\" \/>\n<link rel=\"canonical\" href=\"https:\/\/ironsky.pl\/sklep\/produkt\/uchwyt-selfie-insta360-114-cm-zloty\/\" \/>\n<meta property=\"og:locale\" content=\"pl_PL\" \/>\n<meta property=\"og:type\" content=\"article\" \/>\n<meta property=\"og:title\" content=\"Uchwyt selfie Insta360 (114 cm, z\u0142oty) - IRONSKY.PL Sklep z Dronami\" \/>\n<meta property=\"og:description\" content=\"Uchwyt selfie Insta360 (114 cm, z\u0142oty) - \u2705 sklep z dronami i fachowym doradztwem. \u2705 Tutaj kupisz produkty DJI, Yuneec, Parrot, Syma i wiele innych, a tak\u017ce kursy i licencje na operatora drona.\" \/>\n<meta property=\"og:url\" content=\"https:\/\/ironsky.pl\/sklep\/produkt\/uchwyt-selfie-insta360-114-cm-zloty\/\" \/>\n<meta property=\"og:site_name\" content=\"IRONSKY.PL Sklep z Dronami\" \/>\n<meta property=\"article:modified_time\" content=\"2026-03-05T14:52:16+00:00\" \/>\n<meta property=\"og:image\" content=\"https:\/\/ironsky.pl\/sklep\/wp-content\/uploads\/2024\/09\/37304_2.jpg\" \/>\n\t<meta property=\"og:image:width\" content=\"800\" \/>\n\t<meta property=\"og:image:height\" content=\"800\" \/>\n\t<meta property=\"og:image:type\" content=\"image\/jpeg\" \/>\n<meta name=\"twitter:card\" content=\"summary_large_image\" \/>\n<meta name=\"twitter:label1\" content=\"Szacowany czas czytania\" \/>\n\t<meta name=\"twitter:data1\" content=\"1 minuta\" \/>\n<script type=\"application\/ld+json\" class=\"yoast-schema-graph\">{\"@context\":\"https:\/\/schema.org\",\"@graph\":[{\"@type\":\"WebPage\",\"@id\":\"https:\/\/ironsky.pl\/sklep\/produkt\/uchwyt-selfie-insta360-114-cm-zloty\/\",\"url\":\"https:\/\/ironsky.pl\/sklep\/produkt\/uchwyt-selfie-insta360-114-cm-zloty\/\",\"name\":\"Uchwyt selfie Insta360 (114 cm, z\u0142oty) - IRONSKY.PL Sklep z Dronami\",\"isPartOf\":{\"@id\":\"https:\/\/ironsky.pl\/sklep\/#website\"},\"primaryImageOfPage\":{\"@id\":\"https:\/\/ironsky.pl\/sklep\/produkt\/uchwyt-selfie-insta360-114-cm-zloty\/#primaryimage\"},\"image\":{\"@id\":\"https:\/\/ironsky.pl\/sklep\/produkt\/uchwyt-selfie-insta360-114-cm-zloty\/#primaryimage\"},\"thumbnailUrl\":\"https:\/\/ironsky.pl\/sklep\/wp-content\/uploads\/2024\/09\/37304_2.jpg\",\"datePublished\":\"2024-09-16T17:33:45+00:00\",\"dateModified\":\"2026-03-05T14:52:16+00:00\",\"description\":\"Uchwyt selfie Insta360 (114 cm, z\u0142oty) - \u2705 sklep z dronami i fachowym doradztwem. \u2705 Tutaj kupisz produkty DJI, Yuneec, Parrot, Syma i wiele innych, a tak\u017ce kursy i licencje na operatora drona.\",\"breadcrumb\":{\"@id\":\"https:\/\/ironsky.pl\/sklep\/produkt\/uchwyt-selfie-insta360-114-cm-zloty\/#breadcrumb\"},\"inLanguage\":\"pl-PL\",\"potentialAction\":[{\"@type\":\"ReadAction\",\"target\":[\"https:\/\/ironsky.pl\/sklep\/produkt\/uchwyt-selfie-insta360-114-cm-zloty\/\"]}]},{\"@type\":\"ImageObject\",\"inLanguage\":\"pl-PL\",\"@id\":\"https:\/\/ironsky.pl\/sklep\/produkt\/uchwyt-selfie-insta360-114-cm-zloty\/#primaryimage\",\"url\":\"https:\/\/ironsky.pl\/sklep\/wp-content\/uploads\/2024\/09\/37304_2.jpg\",\"contentUrl\":\"https:\/\/ironsky.pl\/sklep\/wp-content\/uploads\/2024\/09\/37304_2.jpg\",\"width\":800,\"height\":800},{\"@type\":\"BreadcrumbList\",\"@id\":\"https:\/\/ironsky.pl\/sklep\/produkt\/uchwyt-selfie-insta360-114-cm-zloty\/#breadcrumb\",\"itemListElement\":[{\"@type\":\"ListItem\",\"position\":1,\"name\":\"Strona g\u0142\u00f3wna\",\"item\":\"https:\/\/ironsky.pl\/sklep\/\"},{\"@type\":\"ListItem\",\"position\":2,\"name\":\"Wszystkie produkty\",\"item\":\"https:\/\/ironsky.pl\/sklep\/produkty\/\"},{\"@type\":\"ListItem\",\"position\":3,\"name\":\"Uchwyt selfie Insta360 (114 cm, z\u0142oty)\"}]},{\"@type\":\"WebSite\",\"@id\":\"https:\/\/ironsky.pl\/sklep\/#website\",\"url\":\"https:\/\/ironsky.pl\/sklep\/\",\"name\":\"IRONSKY.PL Sklep z Dronami\",\"description\":\"IRONSKY.PL Sklep z Dronami\",\"potentialAction\":[{\"@type\":\"SearchAction\",\"target\":{\"@type\":\"EntryPoint\",\"urlTemplate\":\"https:\/\/ironsky.pl\/sklep\/?s={search_term_string}\"},\"query-input\":{\"@type\":\"PropertyValueSpecification\",\"valueRequired\":true,\"valueName\":\"search_term_string\"}}],\"inLanguage\":\"pl-PL\"}]}<\/script>\n<!-- \/ Yoast SEO plugin. -->","yoast_head_json":{"title":"Uchwyt selfie Insta360 (114 cm, z\u0142oty) - IRONSKY.PL Sklep z Dronami","description":"Uchwyt selfie Insta360 (114 cm, z\u0142oty) - \u2705 sklep z dronami i fachowym doradztwem. \u2705 Tutaj kupisz produkty DJI, Yuneec, Parrot, Syma i wiele innych, a tak\u017ce kursy i licencje na operatora drona.","robots":{"index":"index","follow":"follow","max-snippet":"max-snippet:-1","max-image-preview":"max-image-preview:large","max-video-preview":"max-video-preview:-1"},"canonical":"https:\/\/ironsky.pl\/sklep\/produkt\/uchwyt-selfie-insta360-114-cm-zloty\/","og_locale":"pl_PL","og_type":"article","og_title":"Uchwyt selfie Insta360 (114 cm, z\u0142oty) - IRONSKY.PL Sklep z Dronami","og_description":"Uchwyt selfie Insta360 (114 cm, z\u0142oty) - \u2705 sklep z dronami i fachowym doradztwem. \u2705 Tutaj kupisz produkty DJI, Yuneec, Parrot, Syma i wiele innych, a tak\u017ce kursy i licencje na operatora drona.","og_url":"https:\/\/ironsky.pl\/sklep\/produkt\/uchwyt-selfie-insta360-114-cm-zloty\/","og_site_name":"IRONSKY.PL Sklep z Dronami","article_modified_time":"2026-03-05T14:52:16+00:00","og_image":[{"width":800,"height":800,"url":"https:\/\/ironsky.pl\/sklep\/wp-content\/uploads\/2024\/09\/37304_2.jpg","type":"image\/jpeg"}],"twitter_card":"summary_large_image","twitter_misc":{"Szacowany czas czytania":"1 minuta"},"schema":{"@context":"https:\/\/schema.org","@graph":[{"@type":"WebPage","@id":"https:\/\/ironsky.pl\/sklep\/produkt\/uchwyt-selfie-insta360-114-cm-zloty\/","url":"https:\/\/ironsky.pl\/sklep\/produkt\/uchwyt-selfie-insta360-114-cm-zloty\/","name":"Uchwyt selfie Insta360 (114 cm, z\u0142oty) - IRONSKY.PL Sklep z Dronami","isPartOf":{"@id":"https:\/\/ironsky.pl\/sklep\/#website"},"primaryImageOfPage":{"@id":"https:\/\/ironsky.pl\/sklep\/produkt\/uchwyt-selfie-insta360-114-cm-zloty\/#primaryimage"},"image":{"@id":"https:\/\/ironsky.pl\/sklep\/produkt\/uchwyt-selfie-insta360-114-cm-zloty\/#primaryimage"},"thumbnailUrl":"https:\/\/ironsky.pl\/sklep\/wp-content\/uploads\/2024\/09\/37304_2.jpg","datePublished":"2024-09-16T17:33:45+00:00","dateModified":"2026-03-05T14:52:16+00:00","description":"Uchwyt selfie Insta360 (114 cm, z\u0142oty) - \u2705 sklep z dronami i fachowym doradztwem. \u2705 Tutaj kupisz produkty DJI, Yuneec, Parrot, Syma i wiele innych, a tak\u017ce kursy i licencje na operatora drona.","breadcrumb":{"@id":"https:\/\/ironsky.pl\/sklep\/produkt\/uchwyt-selfie-insta360-114-cm-zloty\/#breadcrumb"},"inLanguage":"pl-PL","potentialAction":[{"@type":"ReadAction","target":["https:\/\/ironsky.pl\/sklep\/produkt\/uchwyt-selfie-insta360-114-cm-zloty\/"]}]},{"@type":"ImageObject","inLanguage":"pl-PL","@id":"https:\/\/ironsky.pl\/sklep\/produkt\/uchwyt-selfie-insta360-114-cm-zloty\/#primaryimage","url":"https:\/\/ironsky.pl\/sklep\/wp-content\/uploads\/2024\/09\/37304_2.jpg","contentUrl":"https:\/\/ironsky.pl\/sklep\/wp-content\/uploads\/2024\/09\/37304_2.jpg","width":800,"height":800},{"@type":"BreadcrumbList","@id":"https:\/\/ironsky.pl\/sklep\/produkt\/uchwyt-selfie-insta360-114-cm-zloty\/#breadcrumb","itemListElement":[{"@type":"ListItem","position":1,"name":"Strona g\u0142\u00f3wna","item":"https:\/\/ironsky.pl\/sklep\/"},{"@type":"ListItem","position":2,"name":"Wszystkie produkty","item":"https:\/\/ironsky.pl\/sklep\/produkty\/"},{"@type":"ListItem","position":3,"name":"Uchwyt selfie Insta360 (114 cm, z\u0142oty)"}]},{"@type":"WebSite","@id":"https:\/\/ironsky.pl\/sklep\/#website","url":"https:\/\/ironsky.pl\/sklep\/","name":"IRONSKY.PL Sklep z Dronami","description":"IRONSKY.PL Sklep z Dronami","potentialAction":[{"@type":"SearchAction","target":{"@type":"EntryPoint","urlTemplate":"https:\/\/ironsky.pl\/sklep\/?s={search_term_string}"},"query-input":{"@type":"PropertyValueSpecification","valueRequired":true,"valueName":"search_term_string"}}],"inLanguage":"pl-PL"}]}},"_links":{"self":[{"href":"https:\/\/ironsky.pl\/sklep\/wp-json\/wp\/v2\/product\/26219","targetHints":{"allow":["GET"]}}],"collection":[{"href":"https:\/\/ironsky.pl\/sklep\/wp-json\/wp\/v2\/product"}],"about":[{"href":"https:\/\/ironsky.pl\/sklep\/wp-json\/wp\/v2\/types\/product"}],"replies":[{"embeddable":true,"href":"https:\/\/ironsky.pl\/sklep\/wp-json\/wp\/v2\/comments?post=26219"}],"wp:featuredmedia":[{"embeddable":true,"href":"https:\/\/ironsky.pl\/sklep\/wp-json\/wp\/v2\/media\/26220"}],"wp:attachment":[{"href":"https:\/\/ironsky.pl\/sklep\/wp-json\/wp\/v2\/media?parent=26219"}],"wp:term":[{"taxonomy":"product_brand","embeddable":true,"href":"https:\/\/ironsky.pl\/sklep\/wp-json\/wp\/v2\/product_brand?post=26219"},{"taxonomy":"product_cat","embeddable":true,"href":"https:\/\/ironsky.pl\/sklep\/wp-json\/wp\/v2\/product_cat?post=26219"},{"taxonomy":"product_tag","embeddable":true,"href":"https:\/\/ironsky.pl\/sklep\/wp-json\/wp\/v2\/product_tag?post=26219"}],"curies":[{"name":"wp","href":"https:\/\/api.w.org\/{rel}","templated":true}]}}