{"id":26145,"date":"2024-09-16T19:32:50","date_gmt":"2024-09-16T17:32:50","guid":{"rendered":"http:\/\/gvshalph.pro-linuxpl.com\/ironskyprodukty\/produkt\/uniwersalny-adapter-do-kamer-sportowych-z-mocowaniem-magnetycznym-sunnylife\/"},"modified":"2026-03-05T15:52:13","modified_gmt":"2026-03-05T14:52:13","slug":"uniwersalny-adapter-do-kamer-sportowych-z-mocowaniem-magnetycznym-sunnylife","status":"publish","type":"product","link":"https:\/\/ironsky.pl\/sklep\/produkt\/uniwersalny-adapter-do-kamer-sportowych-z-mocowaniem-magnetycznym-sunnylife\/","title":{"rendered":"Uniwersalny adapter do kamer sportowych z mocowaniem magnetycznym Sunnylife"},"content":{"rendered":"<h3>Uniwersalny adapter do kamer sportowych z mocowaniem magnetycznym Sunnylife<\/h3>\n<p>Zyskaj mo\u017cliwo\u015b\u0107 wygodnego mocowania swojej kamery do wybranych metalowych powierzchni. Pozwoli Ci na to uniwersalny magnetyczny adapter Sunnylife! Zosta\u0142 on wyposa\u017cony w solidn\u0105 podstaw\u0119 wykonan\u0105 ze stopu aluminium oraz w 6 mocnych magnes\u00f3w o du\u017cej sile przyci\u0105gania. Dzi\u0119ki temu mo\u017cesz stabilnie przymocowa\u0107 swoje urz\u0105dzenie do samochodu, balustrady czy motocykla \u2013 takie rozwi\u0105zanie \u015bwietnie sprawdzi si\u0119 podczas nagrywania vlog\u00f3w i nie tylko! Co wi\u0119cej, antypo\u015blizgowa silikonowa podk\u0142adka gwarantuje jeszcze wi\u0119ksz\u0105 stabilno\u015b\u0107 i ochron\u0119 przed zarysowaniami.<\/p>\n<p>\n<img decoding=\"async\" src=\"https:\/\/assets.innpro.pl\/5897\/6927\/4.jpg\" border=\"0\" \/>\n<\/p>\n<h3>Szeroka kompatybilno\u015b\u0107<\/h3>\n<p>Mocowanie jest kompatybilne z takimi kamerami jak DJI Osmo Pocket 3, DJI Pocket 2, Insta360 ONE X 3 \/ 2 \/ 1, Insta360 X4, Insta360 GO3\/ GO 3S, czy FIMI PALM 2 \/1. Mo\u017cesz te\u017c stosowa\u0107 je w po\u0142\u0105czeniu z dodatkowymi adapterami (brak w zestawie), aby zamontowa\u0107 na nim inne urz\u0105dzenie, na przyk\u0142ad smartfona. Mo\u017cliwo\u015bci s\u0105 niemal nieograniczone!<\/p>\n<p>\n<img decoding=\"async\" src=\"https:\/\/assets.innpro.pl\/5897\/6927\/8.jpg\" border=\"0\" \/>\n<\/p>\n<h3>W zestawie:<\/h3>\n<ul class=\"list-disc pl-5\">\n<li>Magnetyczna podstawa<\/li>\n<li>Podk\u0142adka silikonowa<\/li>\n<\/ul>\n<div class=\"table-wrapper\">\n<p>\u00a0<\/p>\n<h3><\/h3>\n<table>\n<tbody>\n<tr>\n<th>Producent <\/th>\n<td>Sunnylife<\/td>\n<\/tr>\n<tr>\n<th>Model <\/th>\n<td>DZ753<\/td>\n<\/tr>\n<tr>\n<th>Materia\u0142 <\/th>\n<td>Stop aluminium + magnes + silikon<\/td>\n<\/tr>\n<tr>\n<th>Waga <\/th>\n<td>48 g<\/td>\n<\/tr>\n<tr>\n<th>\u015arednica podstawy <\/th>\n<td>54 mm<\/td>\n<\/tr>\n<tr>\n<th>Kompatybilno\u015b\u0107 <\/th>\n<td>Kamery takie jak DJI Osmo Pocket 3, DJI Pocket 2, Insta 360 ONE X 3 \/ 2 \/ 1, Insta360 X4, Insta360 GO3\/ GO 3S czy FIMI PALM 2 \/1 itp.<\/td>\n<\/tr>\n<\/tbody>\n<\/table>\n<\/div>\n","protected":false},"excerpt":{"rendered":"<p>Uniwersalny adapter do kamer sportowych z mocowaniem magnetycznym Sunnylife Zyskaj mo\u017cliwo\u015b\u0107 wygodnego mocowania swojej kamery do wybranych metalowych powierzchni. Pozwoli<\/p>\n","protected":false},"featured_media":26146,"comment_status":"closed","ping_status":"open","template":"","meta":{"_acf_changed":false},"product_brand":[],"product_cat":[1161,1128,1139,1140,1141,1138],"product_tag":[],"class_list":{"0":"post-26145","1":"product","2":"type-product","3":"status-publish","4":"has-post-thumbnail","6":"product_cat-adaptery-do-aparatow","7":"product_cat-foto-wideo","8":"product_cat-selfie-stick","9":"product_cat-statywy","10":"product_cat-uchwyty-do-mocowania-kamer-i-aparatow","11":"product_cat-wysiegniki","12":"pa_box-height-1892","13":"pa_box-length-2025","14":"pa_box-width-2321","15":"pa_gross-weight-2365","16":"pa_hs-code-3454","17":"pa_kolejna-dostawa-18-09-2024","18":"pa_net-weight-1502","20":"first","21":"outofstock","22":"taxable","23":"shipping-taxable","24":"purchasable","25":"product-type-simple"},"acf":[],"yoast_head":"<!-- This site is optimized with the Yoast SEO plugin v27.2 - https:\/\/yoast.com\/product\/yoast-seo-wordpress\/ -->\n<title>Uniwersalny adapter do kamer sportowych z mocowaniem magnetycznym Sunnylife - IRONSKY.PL Sklep z Dronami<\/title>\n<meta name=\"description\" content=\"Uniwersalny adapter do kamer sportowych z mocowaniem magnetycznym Sunnylife - \u2705 sklep z dronami i fachowym doradztwem. \u2705 Tutaj kupisz produkty DJI, Yuneec, Parrot, Syma i wiele innych, a tak\u017ce kursy i licencje na operatora drona.\" \/>\n<meta name=\"robots\" content=\"index, follow, max-snippet:-1, max-image-preview:large, max-video-preview:-1\" \/>\n<link rel=\"canonical\" href=\"https:\/\/ironsky.pl\/sklep\/produkt\/uniwersalny-adapter-do-kamer-sportowych-z-mocowaniem-magnetycznym-sunnylife\/\" \/>\n<meta property=\"og:locale\" content=\"pl_PL\" \/>\n<meta property=\"og:type\" content=\"article\" \/>\n<meta property=\"og:title\" content=\"Uniwersalny adapter do kamer sportowych z mocowaniem magnetycznym Sunnylife - IRONSKY.PL Sklep z Dronami\" \/>\n<meta property=\"og:description\" content=\"Uniwersalny adapter do kamer sportowych z mocowaniem magnetycznym Sunnylife - \u2705 sklep z dronami i fachowym doradztwem. \u2705 Tutaj kupisz produkty DJI, Yuneec, Parrot, Syma i wiele innych, a tak\u017ce kursy i licencje na operatora drona.\" \/>\n<meta property=\"og:url\" content=\"https:\/\/ironsky.pl\/sklep\/produkt\/uniwersalny-adapter-do-kamer-sportowych-z-mocowaniem-magnetycznym-sunnylife\/\" \/>\n<meta property=\"og:site_name\" content=\"IRONSKY.PL Sklep z Dronami\" \/>\n<meta property=\"article:modified_time\" content=\"2026-03-05T14:52:13+00:00\" \/>\n<meta property=\"og:image\" content=\"https:\/\/ironsky.pl\/sklep\/wp-content\/uploads\/2024\/09\/37086_1.jpg\" \/>\n\t<meta property=\"og:image:width\" content=\"800\" \/>\n\t<meta property=\"og:image:height\" content=\"800\" \/>\n\t<meta property=\"og:image:type\" content=\"image\/jpeg\" \/>\n<meta name=\"twitter:card\" content=\"summary_large_image\" \/>\n<meta name=\"twitter:label1\" content=\"Szacowany czas czytania\" \/>\n\t<meta name=\"twitter:data1\" content=\"1 minuta\" \/>\n<script type=\"application\/ld+json\" class=\"yoast-schema-graph\">{\"@context\":\"https:\/\/schema.org\",\"@graph\":[{\"@type\":\"WebPage\",\"@id\":\"https:\/\/ironsky.pl\/sklep\/produkt\/uniwersalny-adapter-do-kamer-sportowych-z-mocowaniem-magnetycznym-sunnylife\/\",\"url\":\"https:\/\/ironsky.pl\/sklep\/produkt\/uniwersalny-adapter-do-kamer-sportowych-z-mocowaniem-magnetycznym-sunnylife\/\",\"name\":\"Uniwersalny adapter do kamer sportowych z mocowaniem magnetycznym Sunnylife - IRONSKY.PL Sklep z Dronami\",\"isPartOf\":{\"@id\":\"https:\/\/ironsky.pl\/sklep\/#website\"},\"primaryImageOfPage\":{\"@id\":\"https:\/\/ironsky.pl\/sklep\/produkt\/uniwersalny-adapter-do-kamer-sportowych-z-mocowaniem-magnetycznym-sunnylife\/#primaryimage\"},\"image\":{\"@id\":\"https:\/\/ironsky.pl\/sklep\/produkt\/uniwersalny-adapter-do-kamer-sportowych-z-mocowaniem-magnetycznym-sunnylife\/#primaryimage\"},\"thumbnailUrl\":\"https:\/\/ironsky.pl\/sklep\/wp-content\/uploads\/2024\/09\/37086_1.jpg\",\"datePublished\":\"2024-09-16T17:32:50+00:00\",\"dateModified\":\"2026-03-05T14:52:13+00:00\",\"description\":\"Uniwersalny adapter do kamer sportowych z mocowaniem magnetycznym Sunnylife - \u2705 sklep z dronami i fachowym doradztwem. \u2705 Tutaj kupisz produkty DJI, Yuneec, Parrot, Syma i wiele innych, a tak\u017ce kursy i licencje na operatora drona.\",\"breadcrumb\":{\"@id\":\"https:\/\/ironsky.pl\/sklep\/produkt\/uniwersalny-adapter-do-kamer-sportowych-z-mocowaniem-magnetycznym-sunnylife\/#breadcrumb\"},\"inLanguage\":\"pl-PL\",\"potentialAction\":[{\"@type\":\"ReadAction\",\"target\":[\"https:\/\/ironsky.pl\/sklep\/produkt\/uniwersalny-adapter-do-kamer-sportowych-z-mocowaniem-magnetycznym-sunnylife\/\"]}]},{\"@type\":\"ImageObject\",\"inLanguage\":\"pl-PL\",\"@id\":\"https:\/\/ironsky.pl\/sklep\/produkt\/uniwersalny-adapter-do-kamer-sportowych-z-mocowaniem-magnetycznym-sunnylife\/#primaryimage\",\"url\":\"https:\/\/ironsky.pl\/sklep\/wp-content\/uploads\/2024\/09\/37086_1.jpg\",\"contentUrl\":\"https:\/\/ironsky.pl\/sklep\/wp-content\/uploads\/2024\/09\/37086_1.jpg\",\"width\":800,\"height\":800},{\"@type\":\"BreadcrumbList\",\"@id\":\"https:\/\/ironsky.pl\/sklep\/produkt\/uniwersalny-adapter-do-kamer-sportowych-z-mocowaniem-magnetycznym-sunnylife\/#breadcrumb\",\"itemListElement\":[{\"@type\":\"ListItem\",\"position\":1,\"name\":\"Strona g\u0142\u00f3wna\",\"item\":\"https:\/\/ironsky.pl\/sklep\/\"},{\"@type\":\"ListItem\",\"position\":2,\"name\":\"Wszystkie produkty\",\"item\":\"https:\/\/ironsky.pl\/sklep\/produkty\/\"},{\"@type\":\"ListItem\",\"position\":3,\"name\":\"Uniwersalny adapter do kamer sportowych z mocowaniem magnetycznym Sunnylife\"}]},{\"@type\":\"WebSite\",\"@id\":\"https:\/\/ironsky.pl\/sklep\/#website\",\"url\":\"https:\/\/ironsky.pl\/sklep\/\",\"name\":\"IRONSKY.PL Sklep z Dronami\",\"description\":\"IRONSKY.PL Sklep z Dronami\",\"potentialAction\":[{\"@type\":\"SearchAction\",\"target\":{\"@type\":\"EntryPoint\",\"urlTemplate\":\"https:\/\/ironsky.pl\/sklep\/?s={search_term_string}\"},\"query-input\":{\"@type\":\"PropertyValueSpecification\",\"valueRequired\":true,\"valueName\":\"search_term_string\"}}],\"inLanguage\":\"pl-PL\"}]}<\/script>\n<!-- \/ Yoast SEO plugin. -->","yoast_head_json":{"title":"Uniwersalny adapter do kamer sportowych z mocowaniem magnetycznym Sunnylife - IRONSKY.PL Sklep z Dronami","description":"Uniwersalny adapter do kamer sportowych z mocowaniem magnetycznym Sunnylife - \u2705 sklep z dronami i fachowym doradztwem. \u2705 Tutaj kupisz produkty DJI, Yuneec, Parrot, Syma i wiele innych, a tak\u017ce kursy i licencje na operatora drona.","robots":{"index":"index","follow":"follow","max-snippet":"max-snippet:-1","max-image-preview":"max-image-preview:large","max-video-preview":"max-video-preview:-1"},"canonical":"https:\/\/ironsky.pl\/sklep\/produkt\/uniwersalny-adapter-do-kamer-sportowych-z-mocowaniem-magnetycznym-sunnylife\/","og_locale":"pl_PL","og_type":"article","og_title":"Uniwersalny adapter do kamer sportowych z mocowaniem magnetycznym Sunnylife - IRONSKY.PL Sklep z Dronami","og_description":"Uniwersalny adapter do kamer sportowych z mocowaniem magnetycznym Sunnylife - \u2705 sklep z dronami i fachowym doradztwem. \u2705 Tutaj kupisz produkty DJI, Yuneec, Parrot, Syma i wiele innych, a tak\u017ce kursy i licencje na operatora drona.","og_url":"https:\/\/ironsky.pl\/sklep\/produkt\/uniwersalny-adapter-do-kamer-sportowych-z-mocowaniem-magnetycznym-sunnylife\/","og_site_name":"IRONSKY.PL Sklep z Dronami","article_modified_time":"2026-03-05T14:52:13+00:00","og_image":[{"width":800,"height":800,"url":"https:\/\/ironsky.pl\/sklep\/wp-content\/uploads\/2024\/09\/37086_1.jpg","type":"image\/jpeg"}],"twitter_card":"summary_large_image","twitter_misc":{"Szacowany czas czytania":"1 minuta"},"schema":{"@context":"https:\/\/schema.org","@graph":[{"@type":"WebPage","@id":"https:\/\/ironsky.pl\/sklep\/produkt\/uniwersalny-adapter-do-kamer-sportowych-z-mocowaniem-magnetycznym-sunnylife\/","url":"https:\/\/ironsky.pl\/sklep\/produkt\/uniwersalny-adapter-do-kamer-sportowych-z-mocowaniem-magnetycznym-sunnylife\/","name":"Uniwersalny adapter do kamer sportowych z mocowaniem magnetycznym Sunnylife - IRONSKY.PL Sklep z Dronami","isPartOf":{"@id":"https:\/\/ironsky.pl\/sklep\/#website"},"primaryImageOfPage":{"@id":"https:\/\/ironsky.pl\/sklep\/produkt\/uniwersalny-adapter-do-kamer-sportowych-z-mocowaniem-magnetycznym-sunnylife\/#primaryimage"},"image":{"@id":"https:\/\/ironsky.pl\/sklep\/produkt\/uniwersalny-adapter-do-kamer-sportowych-z-mocowaniem-magnetycznym-sunnylife\/#primaryimage"},"thumbnailUrl":"https:\/\/ironsky.pl\/sklep\/wp-content\/uploads\/2024\/09\/37086_1.jpg","datePublished":"2024-09-16T17:32:50+00:00","dateModified":"2026-03-05T14:52:13+00:00","description":"Uniwersalny adapter do kamer sportowych z mocowaniem magnetycznym Sunnylife - \u2705 sklep z dronami i fachowym doradztwem. \u2705 Tutaj kupisz produkty DJI, Yuneec, Parrot, Syma i wiele innych, a tak\u017ce kursy i licencje na operatora drona.","breadcrumb":{"@id":"https:\/\/ironsky.pl\/sklep\/produkt\/uniwersalny-adapter-do-kamer-sportowych-z-mocowaniem-magnetycznym-sunnylife\/#breadcrumb"},"inLanguage":"pl-PL","potentialAction":[{"@type":"ReadAction","target":["https:\/\/ironsky.pl\/sklep\/produkt\/uniwersalny-adapter-do-kamer-sportowych-z-mocowaniem-magnetycznym-sunnylife\/"]}]},{"@type":"ImageObject","inLanguage":"pl-PL","@id":"https:\/\/ironsky.pl\/sklep\/produkt\/uniwersalny-adapter-do-kamer-sportowych-z-mocowaniem-magnetycznym-sunnylife\/#primaryimage","url":"https:\/\/ironsky.pl\/sklep\/wp-content\/uploads\/2024\/09\/37086_1.jpg","contentUrl":"https:\/\/ironsky.pl\/sklep\/wp-content\/uploads\/2024\/09\/37086_1.jpg","width":800,"height":800},{"@type":"BreadcrumbList","@id":"https:\/\/ironsky.pl\/sklep\/produkt\/uniwersalny-adapter-do-kamer-sportowych-z-mocowaniem-magnetycznym-sunnylife\/#breadcrumb","itemListElement":[{"@type":"ListItem","position":1,"name":"Strona g\u0142\u00f3wna","item":"https:\/\/ironsky.pl\/sklep\/"},{"@type":"ListItem","position":2,"name":"Wszystkie produkty","item":"https:\/\/ironsky.pl\/sklep\/produkty\/"},{"@type":"ListItem","position":3,"name":"Uniwersalny adapter do kamer sportowych z mocowaniem magnetycznym Sunnylife"}]},{"@type":"WebSite","@id":"https:\/\/ironsky.pl\/sklep\/#website","url":"https:\/\/ironsky.pl\/sklep\/","name":"IRONSKY.PL Sklep z Dronami","description":"IRONSKY.PL Sklep z Dronami","potentialAction":[{"@type":"SearchAction","target":{"@type":"EntryPoint","urlTemplate":"https:\/\/ironsky.pl\/sklep\/?s={search_term_string}"},"query-input":{"@type":"PropertyValueSpecification","valueRequired":true,"valueName":"search_term_string"}}],"inLanguage":"pl-PL"}]}},"_links":{"self":[{"href":"https:\/\/ironsky.pl\/sklep\/wp-json\/wp\/v2\/product\/26145","targetHints":{"allow":["GET"]}}],"collection":[{"href":"https:\/\/ironsky.pl\/sklep\/wp-json\/wp\/v2\/product"}],"about":[{"href":"https:\/\/ironsky.pl\/sklep\/wp-json\/wp\/v2\/types\/product"}],"replies":[{"embeddable":true,"href":"https:\/\/ironsky.pl\/sklep\/wp-json\/wp\/v2\/comments?post=26145"}],"wp:featuredmedia":[{"embeddable":true,"href":"https:\/\/ironsky.pl\/sklep\/wp-json\/wp\/v2\/media\/26146"}],"wp:attachment":[{"href":"https:\/\/ironsky.pl\/sklep\/wp-json\/wp\/v2\/media?parent=26145"}],"wp:term":[{"taxonomy":"product_brand","embeddable":true,"href":"https:\/\/ironsky.pl\/sklep\/wp-json\/wp\/v2\/product_brand?post=26145"},{"taxonomy":"product_cat","embeddable":true,"href":"https:\/\/ironsky.pl\/sklep\/wp-json\/wp\/v2\/product_cat?post=26145"},{"taxonomy":"product_tag","embeddable":true,"href":"https:\/\/ironsky.pl\/sklep\/wp-json\/wp\/v2\/product_tag?post=26145"}],"curies":[{"name":"wp","href":"https:\/\/api.w.org\/{rel}","templated":true}]}}