{"id":25854,"date":"2024-09-16T19:27:44","date_gmt":"2024-09-16T17:27:44","guid":{"rendered":"http:\/\/gvshalph.pro-linuxpl.com\/ironskyprodukty\/produkt\/pasek-na-nadgarstek-pgytech-do-kamery-szary\/"},"modified":"2026-03-05T15:52:02","modified_gmt":"2026-03-05T14:52:02","slug":"pasek-na-nadgarstek-pgytech-do-kamery-szary","status":"publish","type":"product","link":"https:\/\/ironsky.pl\/sklep\/produkt\/pasek-na-nadgarstek-pgytech-do-kamery-szary\/","title":{"rendered":"Pasek na nadgarstek PGYTECH do kamery (szary)"},"content":{"rendered":"<h3>Pasek na nadgarstek PGYTECH do kamery (szary)<\/h3>\n<p><p>Pasek na nadgarstek PGYTECH to wysokiej jako\u015bci akcesorium, z pomoc\u0105 kt\u00f3rego u\u017cytkownik mo\u017ce ze spokojem ducha skupi\u0107 si\u0119 na tworzeniu interesuj\u0105cych uj\u0119\u0107.&nbsp;<\/p>\n<\/p>\n<p><img decoding=\"async\" src=\"https:\/\/assets.innpro.pl\/2792\/2967\/7.jpg\" border=\"0\" alt=\"\"><\/p>\n<h3>Wysokiej jako\u015bci materia\u0142<\/h3>\n<p><p>Dyneema Fabric to w\u0142\u00f3knisty, polietylenowy materia\u0142, kt\u00f3ry jest lekki, wytrzyma\u0142y i trwa\u0142y &#8211; dzi\u0119ki swoim w\u0142a\u015bciwo\u015bciom jest 15 razy mocniejszy ni\u017c stal. Dodatkowo zastosowana warstwa mikrofibry czyni pasek jeszcze wygodniejszym w u\u017cytkowaniu, poniewa\u017c jest przyjazna dla sk\u00f3ry, oddychaj\u0105ca i elastyczna\/. Znajduj\u0105ce si\u0119 po wewn\u0119trznej stronie nadgarstka wypustki wp\u0142ywaj\u0105 korzystnie na dopasowanie paska do nadgarstka.<\/p>\n<\/p>\n<p><img decoding=\"async\" src=\"https:\/\/assets.innpro.pl\/2792\/2967\/10.jpg\" border=\"0\" alt=\"\"><\/p>\n<h3>Szybkie \u0142\u0105czenie <\/h3>\n<p><p>Ukryte magnetyczne zapi\u0119cie sprawia, \u017ce z \u0142atwo\u015bci\u0105 mo\u017cna zmieni\u0107 pasek w bransolet\u0119, kiedy tymczasowo nie jest on potrzebny. Co wi\u0119cej, z pomoc\u0105 jednej r\u0119ki mo\u017cna z \u0142atwo\u015bci\u0105 dopasowa\u0107 szeroko\u015b\u0107 paska do w\u0142asnej r\u0119ki przez zacie\u015bnienie metalowego klipsa. Kiedy przypadkiem upu\u015bcisz aparat opaska sama si\u0119 zacie\u015bnia<\/p>\n<\/p>\n<p><img decoding=\"async\" src=\"https:\/\/assets.innpro.pl\/2792\/2967\/6.jpg\" border=\"0\" alt=\"\"><\/p>\n<div class=\"table-wrapper\">\n<p>&nbsp;<\/p>\n<h3><\/h3>\n<table>\n<tbody>\n<tr>\n<th>Marka <\/th>\n<td>PGYTECH <\/td>\n<\/tr>\n<tr>\n<th>Kolor <\/th>\n<td>Szary <\/td>\n<\/tr>\n<tr>\n<th>Wytrzyma\u0142o\u015b\u0107 na obci\u0105\u017cenie <\/th>\n<td>90kg <\/td>\n<\/tr>\n<tr>\n<th><\/th>\n<td><\/td>\n<\/tr>\n<\/tbody>\n<\/table>\n<\/div>\n","protected":false},"excerpt":{"rendered":"<p>Pasek na nadgarstek PGYTECH do kamery (szary) Pasek na nadgarstek PGYTECH to wysokiej jako\u015bci akcesorium, z pomoc\u0105 kt\u00f3rego u\u017cytkownik mo\u017ce<\/p>\n","protected":false},"featured_media":25855,"comment_status":"closed","ping_status":"open","template":"","meta":{"_acf_changed":false},"product_brand":[],"product_cat":[1130,1128,1150],"product_tag":[],"class_list":{"0":"post-25854","1":"product","2":"type-product","3":"status-publish","4":"has-post-thumbnail","6":"product_cat-akcesoria-foto","7":"product_cat-foto-wideo","8":"product_cat-pozostale","9":"pa_box-height-1326","10":"pa_box-length-1460","11":"pa_box-width-1528","12":"pa_gross-weight-2114","13":"pa_hs-code-4612","14":"pa_net-weight-3220","16":"first","17":"outofstock","18":"taxable","19":"shipping-taxable","20":"purchasable","21":"product-type-simple"},"acf":[],"yoast_head":"<!-- This site is optimized with the Yoast SEO plugin v27.2 - https:\/\/yoast.com\/product\/yoast-seo-wordpress\/ -->\n<title>Pasek na nadgarstek PGYTECH do kamery (szary) - IRONSKY.PL Sklep z Dronami<\/title>\n<meta name=\"description\" content=\"Pasek na nadgarstek PGYTECH do kamery (szary) - \u2705 sklep z dronami i fachowym doradztwem. \u2705 Tutaj kupisz produkty DJI, Yuneec, Parrot, Syma i wiele innych, a tak\u017ce kursy i licencje na operatora drona.\" \/>\n<meta name=\"robots\" content=\"index, follow, max-snippet:-1, max-image-preview:large, max-video-preview:-1\" \/>\n<link rel=\"canonical\" href=\"https:\/\/ironsky.pl\/sklep\/produkt\/pasek-na-nadgarstek-pgytech-do-kamery-szary\/\" \/>\n<meta property=\"og:locale\" content=\"pl_PL\" \/>\n<meta property=\"og:type\" content=\"article\" \/>\n<meta property=\"og:title\" content=\"Pasek na nadgarstek PGYTECH do kamery (szary) - IRONSKY.PL Sklep z Dronami\" \/>\n<meta property=\"og:description\" content=\"Pasek na nadgarstek PGYTECH do kamery (szary) - \u2705 sklep z dronami i fachowym doradztwem. \u2705 Tutaj kupisz produkty DJI, Yuneec, Parrot, Syma i wiele innych, a tak\u017ce kursy i licencje na operatora drona.\" \/>\n<meta property=\"og:url\" content=\"https:\/\/ironsky.pl\/sklep\/produkt\/pasek-na-nadgarstek-pgytech-do-kamery-szary\/\" \/>\n<meta property=\"og:site_name\" content=\"IRONSKY.PL Sklep z Dronami\" \/>\n<meta property=\"article:modified_time\" content=\"2026-03-05T14:52:02+00:00\" \/>\n<meta property=\"og:image\" content=\"https:\/\/ironsky.pl\/sklep\/wp-content\/uploads\/2024\/09\/36699_1.jpg\" \/>\n\t<meta property=\"og:image:width\" content=\"800\" \/>\n\t<meta property=\"og:image:height\" content=\"800\" \/>\n\t<meta property=\"og:image:type\" content=\"image\/jpeg\" \/>\n<meta name=\"twitter:card\" content=\"summary_large_image\" \/>\n<meta name=\"twitter:label1\" content=\"Szacowany czas czytania\" \/>\n\t<meta name=\"twitter:data1\" content=\"1 minuta\" \/>\n<script type=\"application\/ld+json\" class=\"yoast-schema-graph\">{\"@context\":\"https:\/\/schema.org\",\"@graph\":[{\"@type\":\"WebPage\",\"@id\":\"https:\/\/ironsky.pl\/sklep\/produkt\/pasek-na-nadgarstek-pgytech-do-kamery-szary\/\",\"url\":\"https:\/\/ironsky.pl\/sklep\/produkt\/pasek-na-nadgarstek-pgytech-do-kamery-szary\/\",\"name\":\"Pasek na nadgarstek PGYTECH do kamery (szary) - IRONSKY.PL Sklep z Dronami\",\"isPartOf\":{\"@id\":\"https:\/\/ironsky.pl\/sklep\/#website\"},\"primaryImageOfPage\":{\"@id\":\"https:\/\/ironsky.pl\/sklep\/produkt\/pasek-na-nadgarstek-pgytech-do-kamery-szary\/#primaryimage\"},\"image\":{\"@id\":\"https:\/\/ironsky.pl\/sklep\/produkt\/pasek-na-nadgarstek-pgytech-do-kamery-szary\/#primaryimage\"},\"thumbnailUrl\":\"https:\/\/ironsky.pl\/sklep\/wp-content\/uploads\/2024\/09\/36699_1.jpg\",\"datePublished\":\"2024-09-16T17:27:44+00:00\",\"dateModified\":\"2026-03-05T14:52:02+00:00\",\"description\":\"Pasek na nadgarstek PGYTECH do kamery (szary) - \u2705 sklep z dronami i fachowym doradztwem. \u2705 Tutaj kupisz produkty DJI, Yuneec, Parrot, Syma i wiele innych, a tak\u017ce kursy i licencje na operatora drona.\",\"breadcrumb\":{\"@id\":\"https:\/\/ironsky.pl\/sklep\/produkt\/pasek-na-nadgarstek-pgytech-do-kamery-szary\/#breadcrumb\"},\"inLanguage\":\"pl-PL\",\"potentialAction\":[{\"@type\":\"ReadAction\",\"target\":[\"https:\/\/ironsky.pl\/sklep\/produkt\/pasek-na-nadgarstek-pgytech-do-kamery-szary\/\"]}]},{\"@type\":\"ImageObject\",\"inLanguage\":\"pl-PL\",\"@id\":\"https:\/\/ironsky.pl\/sklep\/produkt\/pasek-na-nadgarstek-pgytech-do-kamery-szary\/#primaryimage\",\"url\":\"https:\/\/ironsky.pl\/sklep\/wp-content\/uploads\/2024\/09\/36699_1.jpg\",\"contentUrl\":\"https:\/\/ironsky.pl\/sklep\/wp-content\/uploads\/2024\/09\/36699_1.jpg\",\"width\":800,\"height\":800},{\"@type\":\"BreadcrumbList\",\"@id\":\"https:\/\/ironsky.pl\/sklep\/produkt\/pasek-na-nadgarstek-pgytech-do-kamery-szary\/#breadcrumb\",\"itemListElement\":[{\"@type\":\"ListItem\",\"position\":1,\"name\":\"Strona g\u0142\u00f3wna\",\"item\":\"https:\/\/ironsky.pl\/sklep\/\"},{\"@type\":\"ListItem\",\"position\":2,\"name\":\"Wszystkie produkty\",\"item\":\"https:\/\/ironsky.pl\/sklep\/produkty\/\"},{\"@type\":\"ListItem\",\"position\":3,\"name\":\"Pasek na nadgarstek PGYTECH do kamery (szary)\"}]},{\"@type\":\"WebSite\",\"@id\":\"https:\/\/ironsky.pl\/sklep\/#website\",\"url\":\"https:\/\/ironsky.pl\/sklep\/\",\"name\":\"IRONSKY.PL Sklep z Dronami\",\"description\":\"IRONSKY.PL Sklep z Dronami\",\"potentialAction\":[{\"@type\":\"SearchAction\",\"target\":{\"@type\":\"EntryPoint\",\"urlTemplate\":\"https:\/\/ironsky.pl\/sklep\/?s={search_term_string}\"},\"query-input\":{\"@type\":\"PropertyValueSpecification\",\"valueRequired\":true,\"valueName\":\"search_term_string\"}}],\"inLanguage\":\"pl-PL\"}]}<\/script>\n<!-- \/ Yoast SEO plugin. -->","yoast_head_json":{"title":"Pasek na nadgarstek PGYTECH do kamery (szary) - IRONSKY.PL Sklep z Dronami","description":"Pasek na nadgarstek PGYTECH do kamery (szary) - \u2705 sklep z dronami i fachowym doradztwem. \u2705 Tutaj kupisz produkty DJI, Yuneec, Parrot, Syma i wiele innych, a tak\u017ce kursy i licencje na operatora drona.","robots":{"index":"index","follow":"follow","max-snippet":"max-snippet:-1","max-image-preview":"max-image-preview:large","max-video-preview":"max-video-preview:-1"},"canonical":"https:\/\/ironsky.pl\/sklep\/produkt\/pasek-na-nadgarstek-pgytech-do-kamery-szary\/","og_locale":"pl_PL","og_type":"article","og_title":"Pasek na nadgarstek PGYTECH do kamery (szary) - IRONSKY.PL Sklep z Dronami","og_description":"Pasek na nadgarstek PGYTECH do kamery (szary) - \u2705 sklep z dronami i fachowym doradztwem. \u2705 Tutaj kupisz produkty DJI, Yuneec, Parrot, Syma i wiele innych, a tak\u017ce kursy i licencje na operatora drona.","og_url":"https:\/\/ironsky.pl\/sklep\/produkt\/pasek-na-nadgarstek-pgytech-do-kamery-szary\/","og_site_name":"IRONSKY.PL Sklep z Dronami","article_modified_time":"2026-03-05T14:52:02+00:00","og_image":[{"width":800,"height":800,"url":"https:\/\/ironsky.pl\/sklep\/wp-content\/uploads\/2024\/09\/36699_1.jpg","type":"image\/jpeg"}],"twitter_card":"summary_large_image","twitter_misc":{"Szacowany czas czytania":"1 minuta"},"schema":{"@context":"https:\/\/schema.org","@graph":[{"@type":"WebPage","@id":"https:\/\/ironsky.pl\/sklep\/produkt\/pasek-na-nadgarstek-pgytech-do-kamery-szary\/","url":"https:\/\/ironsky.pl\/sklep\/produkt\/pasek-na-nadgarstek-pgytech-do-kamery-szary\/","name":"Pasek na nadgarstek PGYTECH do kamery (szary) - IRONSKY.PL Sklep z Dronami","isPartOf":{"@id":"https:\/\/ironsky.pl\/sklep\/#website"},"primaryImageOfPage":{"@id":"https:\/\/ironsky.pl\/sklep\/produkt\/pasek-na-nadgarstek-pgytech-do-kamery-szary\/#primaryimage"},"image":{"@id":"https:\/\/ironsky.pl\/sklep\/produkt\/pasek-na-nadgarstek-pgytech-do-kamery-szary\/#primaryimage"},"thumbnailUrl":"https:\/\/ironsky.pl\/sklep\/wp-content\/uploads\/2024\/09\/36699_1.jpg","datePublished":"2024-09-16T17:27:44+00:00","dateModified":"2026-03-05T14:52:02+00:00","description":"Pasek na nadgarstek PGYTECH do kamery (szary) - \u2705 sklep z dronami i fachowym doradztwem. \u2705 Tutaj kupisz produkty DJI, Yuneec, Parrot, Syma i wiele innych, a tak\u017ce kursy i licencje na operatora drona.","breadcrumb":{"@id":"https:\/\/ironsky.pl\/sklep\/produkt\/pasek-na-nadgarstek-pgytech-do-kamery-szary\/#breadcrumb"},"inLanguage":"pl-PL","potentialAction":[{"@type":"ReadAction","target":["https:\/\/ironsky.pl\/sklep\/produkt\/pasek-na-nadgarstek-pgytech-do-kamery-szary\/"]}]},{"@type":"ImageObject","inLanguage":"pl-PL","@id":"https:\/\/ironsky.pl\/sklep\/produkt\/pasek-na-nadgarstek-pgytech-do-kamery-szary\/#primaryimage","url":"https:\/\/ironsky.pl\/sklep\/wp-content\/uploads\/2024\/09\/36699_1.jpg","contentUrl":"https:\/\/ironsky.pl\/sklep\/wp-content\/uploads\/2024\/09\/36699_1.jpg","width":800,"height":800},{"@type":"BreadcrumbList","@id":"https:\/\/ironsky.pl\/sklep\/produkt\/pasek-na-nadgarstek-pgytech-do-kamery-szary\/#breadcrumb","itemListElement":[{"@type":"ListItem","position":1,"name":"Strona g\u0142\u00f3wna","item":"https:\/\/ironsky.pl\/sklep\/"},{"@type":"ListItem","position":2,"name":"Wszystkie produkty","item":"https:\/\/ironsky.pl\/sklep\/produkty\/"},{"@type":"ListItem","position":3,"name":"Pasek na nadgarstek PGYTECH do kamery (szary)"}]},{"@type":"WebSite","@id":"https:\/\/ironsky.pl\/sklep\/#website","url":"https:\/\/ironsky.pl\/sklep\/","name":"IRONSKY.PL Sklep z Dronami","description":"IRONSKY.PL Sklep z Dronami","potentialAction":[{"@type":"SearchAction","target":{"@type":"EntryPoint","urlTemplate":"https:\/\/ironsky.pl\/sklep\/?s={search_term_string}"},"query-input":{"@type":"PropertyValueSpecification","valueRequired":true,"valueName":"search_term_string"}}],"inLanguage":"pl-PL"}]}},"_links":{"self":[{"href":"https:\/\/ironsky.pl\/sklep\/wp-json\/wp\/v2\/product\/25854","targetHints":{"allow":["GET"]}}],"collection":[{"href":"https:\/\/ironsky.pl\/sklep\/wp-json\/wp\/v2\/product"}],"about":[{"href":"https:\/\/ironsky.pl\/sklep\/wp-json\/wp\/v2\/types\/product"}],"replies":[{"embeddable":true,"href":"https:\/\/ironsky.pl\/sklep\/wp-json\/wp\/v2\/comments?post=25854"}],"wp:featuredmedia":[{"embeddable":true,"href":"https:\/\/ironsky.pl\/sklep\/wp-json\/wp\/v2\/media\/25855"}],"wp:attachment":[{"href":"https:\/\/ironsky.pl\/sklep\/wp-json\/wp\/v2\/media?parent=25854"}],"wp:term":[{"taxonomy":"product_brand","embeddable":true,"href":"https:\/\/ironsky.pl\/sklep\/wp-json\/wp\/v2\/product_brand?post=25854"},{"taxonomy":"product_cat","embeddable":true,"href":"https:\/\/ironsky.pl\/sklep\/wp-json\/wp\/v2\/product_cat?post=25854"},{"taxonomy":"product_tag","embeddable":true,"href":"https:\/\/ironsky.pl\/sklep\/wp-json\/wp\/v2\/product_tag?post=25854"}],"curies":[{"name":"wp","href":"https:\/\/api.w.org\/{rel}","templated":true}]}}