{"id":25848,"date":"2024-09-16T19:27:44","date_gmt":"2024-09-16T17:27:44","guid":{"rendered":"http:\/\/gvshalph.pro-linuxpl.com\/ironskyprodukty\/produkt\/mocowanie-samoprzylepne-na-deske-rozdzielcza-insta360\/"},"modified":"2026-03-05T15:52:02","modified_gmt":"2026-03-05T14:52:02","slug":"mocowanie-samoprzylepne-na-deske-rozdzielcza-insta360","status":"publish","type":"product","link":"https:\/\/ironsky.pl\/sklep\/produkt\/mocowanie-samoprzylepne-na-deske-rozdzielcza-insta360\/","title":{"rendered":"Mocowanie samoprzylepne na desk\u0119 rozdzielcz\u0105 Insta360"},"content":{"rendered":"<style type=\"text\/css\"><!--\ntd {border: 1px solid #cccccc;}br {mso-data-placement:same-cell;}\n--><\/style>\n<h3><span data-sheets-root=\"1\" data-sheets-value=\"{&quot;1&quot;:2,&quot;2&quot;:&quot;Mocowanie samoprzylepne na desk\u0119 rozdzielcz\u0105 Insta360&quot;}\" data-sheets-userformat=\"{&quot;2&quot;:15107,&quot;3&quot;:{&quot;1&quot;:0},&quot;4&quot;:{&quot;1&quot;:2,&quot;2&quot;:16777215},&quot;11&quot;:4,&quot;12&quot;:0,&quot;14&quot;:{&quot;1&quot;:2,&quot;2&quot;:2764340},&quot;15&quot;:&quot;inherit&quot;,&quot;16&quot;:11}\">Mocowanie samoprzylepne na desk\u0119 rozdzielcz\u0105 Insta360<\/span><\/h3>\n<p>Teraz mo\u017cesz rejestrowa\u0107 podr\u00f3\u017ce, przygody i niezapomniane chwile w doskona\u0142ej jako\u015bci! Uchwyt uzyska\u0107 niesamowite uj\u0119cia z wn\u0119trza pojazdu. Wyposa\u017cony w mocowanie Quick Release umo\u017cliwia szybki i bezproblemowy monta\u017c kamery Insta360, a wytrzyma\u0142a ta\u015bma 3M sprawia, \u017ce uchwyt b\u0119dzie stabilnie trzyma\u0142 si\u0119 na desce rozdzielczej. Posiada standardowe mocowanie \u00bc cala, co oznacza, \u017ce jest kompatybilny z wieloma modelami kamer.<\/p>\n<p><img decoding=\"async\" src=\"https:\/\/b2b.innpro.pl\/data\/include\/cms\/Insta360\/Dash-Cam-Mount\/1.jpg\" border=\"0\" alt=\"Insta360\/Dash-Cam-Mount\/1\" \/><\/p>\n<h3>W zestawie<\/h3>\n<ul>\n<li>baza Quick Release<\/li>\n<li>uchwyt Quick Release<\/li>\n<li>p\u0142ytka Quick Release<\/li>\n<\/ul>\n<div class=\"table-wrapper\">\n<table>\n<tbody>\n<tr>\n<th>Producent<\/th>\n<td>Ulanzi<\/td>\n<\/tr>\n<tr>\n<th>Waga<\/th>\n<td>145 g<\/td>\n<\/tr>\n<tr>\n<th>Wymiary<\/th>\n<td>60 x 60 x 55 mm<\/td>\n<\/tr>\n<tr>\n<th>Materia\u0142<\/th>\n<td>Stop aluminium<\/td>\n<\/tr>\n<tr>\n<th>Kompatybilno\u015b\u0107<\/th>\n<td>Kamera Insta360 Ace Pro (wymagane dodatkowe mocowanie Quick Release lub 3-bolcowy adapter \u00bc\u201d, sprzedawany oddzielnie) \/ Ace (wymagane dodatkowe mocowanie Quick Release lub 3-bolcowy adapter \u00bc\u201d, sprzedawany oddzielnie) \/ X3 \/ ONE RS 1-inch \/ ONE RS \/ ONE X2 \/ ONE R \/ ONE X<\/td>\n<\/tr>\n<\/tbody>\n<\/table>\n<\/div>\n","protected":false},"excerpt":{"rendered":"<p>Mocowanie samoprzylepne na desk\u0119 rozdzielcz\u0105 Insta360 Teraz mo\u017cesz rejestrowa\u0107 podr\u00f3\u017ce, przygody i niezapomniane chwile w doskona\u0142ej jako\u015bci! Uchwyt uzyska\u0107 niesamowite<\/p>\n","protected":false},"featured_media":25849,"comment_status":"closed","ping_status":"open","template":"","meta":{"_acf_changed":false},"product_brand":[],"product_cat":[1128,1139,1140,1141,1138],"product_tag":[],"class_list":{"0":"post-25848","1":"product","2":"type-product","3":"status-publish","4":"has-post-thumbnail","6":"product_cat-foto-wideo","7":"product_cat-selfie-stick","8":"product_cat-statywy","9":"product_cat-uchwyty-do-mocowania-kamer-i-aparatow","10":"product_cat-wysiegniki","11":"pa_box-height-1698","12":"pa_box-length-1536","13":"pa_box-width-1382","14":"pa_gross-weight-2161","15":"pa_hs-code-1799","16":"pa_net-weight-3721","17":"pa_przeznaczenie-do-kamer","18":"pa_rodzaj-mocowanie","20":"first","21":"outofstock","22":"taxable","23":"shipping-taxable","24":"purchasable","25":"product-type-simple"},"acf":[],"yoast_head":"<!-- This site is optimized with the Yoast SEO plugin v27.2 - https:\/\/yoast.com\/product\/yoast-seo-wordpress\/ -->\n<title>Mocowanie samoprzylepne na desk\u0119 rozdzielcz\u0105 Insta360 - IRONSKY.PL Sklep z Dronami<\/title>\n<meta name=\"description\" content=\"Mocowanie samoprzylepne na desk\u0119 rozdzielcz\u0105 Insta360 - \u2705 sklep z dronami i fachowym doradztwem. \u2705 Tutaj kupisz produkty DJI, Yuneec, Parrot, Syma i wiele innych, a tak\u017ce kursy i licencje na operatora drona.\" \/>\n<meta name=\"robots\" content=\"index, follow, max-snippet:-1, max-image-preview:large, max-video-preview:-1\" \/>\n<link rel=\"canonical\" href=\"https:\/\/ironsky.pl\/sklep\/produkt\/mocowanie-samoprzylepne-na-deske-rozdzielcza-insta360\/\" \/>\n<meta property=\"og:locale\" content=\"pl_PL\" \/>\n<meta property=\"og:type\" content=\"article\" \/>\n<meta property=\"og:title\" content=\"Mocowanie samoprzylepne na desk\u0119 rozdzielcz\u0105 Insta360 - IRONSKY.PL Sklep z Dronami\" \/>\n<meta property=\"og:description\" content=\"Mocowanie samoprzylepne na desk\u0119 rozdzielcz\u0105 Insta360 - \u2705 sklep z dronami i fachowym doradztwem. \u2705 Tutaj kupisz produkty DJI, Yuneec, Parrot, Syma i wiele innych, a tak\u017ce kursy i licencje na operatora drona.\" \/>\n<meta property=\"og:url\" content=\"https:\/\/ironsky.pl\/sklep\/produkt\/mocowanie-samoprzylepne-na-deske-rozdzielcza-insta360\/\" \/>\n<meta property=\"og:site_name\" content=\"IRONSKY.PL Sklep z Dronami\" \/>\n<meta property=\"article:modified_time\" content=\"2026-03-05T14:52:02+00:00\" \/>\n<meta property=\"og:image\" content=\"https:\/\/ironsky.pl\/sklep\/wp-content\/uploads\/2024\/09\/36662_1.jpg\" \/>\n\t<meta property=\"og:image:width\" content=\"800\" \/>\n\t<meta property=\"og:image:height\" content=\"800\" \/>\n\t<meta property=\"og:image:type\" content=\"image\/jpeg\" \/>\n<meta name=\"twitter:card\" content=\"summary_large_image\" \/>\n<meta name=\"twitter:label1\" content=\"Szacowany czas czytania\" \/>\n\t<meta name=\"twitter:data1\" content=\"1 minuta\" \/>\n<script type=\"application\/ld+json\" class=\"yoast-schema-graph\">{\"@context\":\"https:\/\/schema.org\",\"@graph\":[{\"@type\":\"WebPage\",\"@id\":\"https:\/\/ironsky.pl\/sklep\/produkt\/mocowanie-samoprzylepne-na-deske-rozdzielcza-insta360\/\",\"url\":\"https:\/\/ironsky.pl\/sklep\/produkt\/mocowanie-samoprzylepne-na-deske-rozdzielcza-insta360\/\",\"name\":\"Mocowanie samoprzylepne na desk\u0119 rozdzielcz\u0105 Insta360 - IRONSKY.PL Sklep z Dronami\",\"isPartOf\":{\"@id\":\"https:\/\/ironsky.pl\/sklep\/#website\"},\"primaryImageOfPage\":{\"@id\":\"https:\/\/ironsky.pl\/sklep\/produkt\/mocowanie-samoprzylepne-na-deske-rozdzielcza-insta360\/#primaryimage\"},\"image\":{\"@id\":\"https:\/\/ironsky.pl\/sklep\/produkt\/mocowanie-samoprzylepne-na-deske-rozdzielcza-insta360\/#primaryimage\"},\"thumbnailUrl\":\"https:\/\/ironsky.pl\/sklep\/wp-content\/uploads\/2024\/09\/36662_1.jpg\",\"datePublished\":\"2024-09-16T17:27:44+00:00\",\"dateModified\":\"2026-03-05T14:52:02+00:00\",\"description\":\"Mocowanie samoprzylepne na desk\u0119 rozdzielcz\u0105 Insta360 - \u2705 sklep z dronami i fachowym doradztwem. \u2705 Tutaj kupisz produkty DJI, Yuneec, Parrot, Syma i wiele innych, a tak\u017ce kursy i licencje na operatora drona.\",\"breadcrumb\":{\"@id\":\"https:\/\/ironsky.pl\/sklep\/produkt\/mocowanie-samoprzylepne-na-deske-rozdzielcza-insta360\/#breadcrumb\"},\"inLanguage\":\"pl-PL\",\"potentialAction\":[{\"@type\":\"ReadAction\",\"target\":[\"https:\/\/ironsky.pl\/sklep\/produkt\/mocowanie-samoprzylepne-na-deske-rozdzielcza-insta360\/\"]}]},{\"@type\":\"ImageObject\",\"inLanguage\":\"pl-PL\",\"@id\":\"https:\/\/ironsky.pl\/sklep\/produkt\/mocowanie-samoprzylepne-na-deske-rozdzielcza-insta360\/#primaryimage\",\"url\":\"https:\/\/ironsky.pl\/sklep\/wp-content\/uploads\/2024\/09\/36662_1.jpg\",\"contentUrl\":\"https:\/\/ironsky.pl\/sklep\/wp-content\/uploads\/2024\/09\/36662_1.jpg\",\"width\":800,\"height\":800},{\"@type\":\"BreadcrumbList\",\"@id\":\"https:\/\/ironsky.pl\/sklep\/produkt\/mocowanie-samoprzylepne-na-deske-rozdzielcza-insta360\/#breadcrumb\",\"itemListElement\":[{\"@type\":\"ListItem\",\"position\":1,\"name\":\"Strona g\u0142\u00f3wna\",\"item\":\"https:\/\/ironsky.pl\/sklep\/\"},{\"@type\":\"ListItem\",\"position\":2,\"name\":\"Wszystkie produkty\",\"item\":\"https:\/\/ironsky.pl\/sklep\/produkty\/\"},{\"@type\":\"ListItem\",\"position\":3,\"name\":\"Mocowanie samoprzylepne na desk\u0119 rozdzielcz\u0105 Insta360\"}]},{\"@type\":\"WebSite\",\"@id\":\"https:\/\/ironsky.pl\/sklep\/#website\",\"url\":\"https:\/\/ironsky.pl\/sklep\/\",\"name\":\"IRONSKY.PL Sklep z Dronami\",\"description\":\"IRONSKY.PL Sklep z Dronami\",\"potentialAction\":[{\"@type\":\"SearchAction\",\"target\":{\"@type\":\"EntryPoint\",\"urlTemplate\":\"https:\/\/ironsky.pl\/sklep\/?s={search_term_string}\"},\"query-input\":{\"@type\":\"PropertyValueSpecification\",\"valueRequired\":true,\"valueName\":\"search_term_string\"}}],\"inLanguage\":\"pl-PL\"}]}<\/script>\n<!-- \/ Yoast SEO plugin. -->","yoast_head_json":{"title":"Mocowanie samoprzylepne na desk\u0119 rozdzielcz\u0105 Insta360 - IRONSKY.PL Sklep z Dronami","description":"Mocowanie samoprzylepne na desk\u0119 rozdzielcz\u0105 Insta360 - \u2705 sklep z dronami i fachowym doradztwem. \u2705 Tutaj kupisz produkty DJI, Yuneec, Parrot, Syma i wiele innych, a tak\u017ce kursy i licencje na operatora drona.","robots":{"index":"index","follow":"follow","max-snippet":"max-snippet:-1","max-image-preview":"max-image-preview:large","max-video-preview":"max-video-preview:-1"},"canonical":"https:\/\/ironsky.pl\/sklep\/produkt\/mocowanie-samoprzylepne-na-deske-rozdzielcza-insta360\/","og_locale":"pl_PL","og_type":"article","og_title":"Mocowanie samoprzylepne na desk\u0119 rozdzielcz\u0105 Insta360 - IRONSKY.PL Sklep z Dronami","og_description":"Mocowanie samoprzylepne na desk\u0119 rozdzielcz\u0105 Insta360 - \u2705 sklep z dronami i fachowym doradztwem. \u2705 Tutaj kupisz produkty DJI, Yuneec, Parrot, Syma i wiele innych, a tak\u017ce kursy i licencje na operatora drona.","og_url":"https:\/\/ironsky.pl\/sklep\/produkt\/mocowanie-samoprzylepne-na-deske-rozdzielcza-insta360\/","og_site_name":"IRONSKY.PL Sklep z Dronami","article_modified_time":"2026-03-05T14:52:02+00:00","og_image":[{"width":800,"height":800,"url":"https:\/\/ironsky.pl\/sklep\/wp-content\/uploads\/2024\/09\/36662_1.jpg","type":"image\/jpeg"}],"twitter_card":"summary_large_image","twitter_misc":{"Szacowany czas czytania":"1 minuta"},"schema":{"@context":"https:\/\/schema.org","@graph":[{"@type":"WebPage","@id":"https:\/\/ironsky.pl\/sklep\/produkt\/mocowanie-samoprzylepne-na-deske-rozdzielcza-insta360\/","url":"https:\/\/ironsky.pl\/sklep\/produkt\/mocowanie-samoprzylepne-na-deske-rozdzielcza-insta360\/","name":"Mocowanie samoprzylepne na desk\u0119 rozdzielcz\u0105 Insta360 - IRONSKY.PL Sklep z Dronami","isPartOf":{"@id":"https:\/\/ironsky.pl\/sklep\/#website"},"primaryImageOfPage":{"@id":"https:\/\/ironsky.pl\/sklep\/produkt\/mocowanie-samoprzylepne-na-deske-rozdzielcza-insta360\/#primaryimage"},"image":{"@id":"https:\/\/ironsky.pl\/sklep\/produkt\/mocowanie-samoprzylepne-na-deske-rozdzielcza-insta360\/#primaryimage"},"thumbnailUrl":"https:\/\/ironsky.pl\/sklep\/wp-content\/uploads\/2024\/09\/36662_1.jpg","datePublished":"2024-09-16T17:27:44+00:00","dateModified":"2026-03-05T14:52:02+00:00","description":"Mocowanie samoprzylepne na desk\u0119 rozdzielcz\u0105 Insta360 - \u2705 sklep z dronami i fachowym doradztwem. \u2705 Tutaj kupisz produkty DJI, Yuneec, Parrot, Syma i wiele innych, a tak\u017ce kursy i licencje na operatora drona.","breadcrumb":{"@id":"https:\/\/ironsky.pl\/sklep\/produkt\/mocowanie-samoprzylepne-na-deske-rozdzielcza-insta360\/#breadcrumb"},"inLanguage":"pl-PL","potentialAction":[{"@type":"ReadAction","target":["https:\/\/ironsky.pl\/sklep\/produkt\/mocowanie-samoprzylepne-na-deske-rozdzielcza-insta360\/"]}]},{"@type":"ImageObject","inLanguage":"pl-PL","@id":"https:\/\/ironsky.pl\/sklep\/produkt\/mocowanie-samoprzylepne-na-deske-rozdzielcza-insta360\/#primaryimage","url":"https:\/\/ironsky.pl\/sklep\/wp-content\/uploads\/2024\/09\/36662_1.jpg","contentUrl":"https:\/\/ironsky.pl\/sklep\/wp-content\/uploads\/2024\/09\/36662_1.jpg","width":800,"height":800},{"@type":"BreadcrumbList","@id":"https:\/\/ironsky.pl\/sklep\/produkt\/mocowanie-samoprzylepne-na-deske-rozdzielcza-insta360\/#breadcrumb","itemListElement":[{"@type":"ListItem","position":1,"name":"Strona g\u0142\u00f3wna","item":"https:\/\/ironsky.pl\/sklep\/"},{"@type":"ListItem","position":2,"name":"Wszystkie produkty","item":"https:\/\/ironsky.pl\/sklep\/produkty\/"},{"@type":"ListItem","position":3,"name":"Mocowanie samoprzylepne na desk\u0119 rozdzielcz\u0105 Insta360"}]},{"@type":"WebSite","@id":"https:\/\/ironsky.pl\/sklep\/#website","url":"https:\/\/ironsky.pl\/sklep\/","name":"IRONSKY.PL Sklep z Dronami","description":"IRONSKY.PL Sklep z Dronami","potentialAction":[{"@type":"SearchAction","target":{"@type":"EntryPoint","urlTemplate":"https:\/\/ironsky.pl\/sklep\/?s={search_term_string}"},"query-input":{"@type":"PropertyValueSpecification","valueRequired":true,"valueName":"search_term_string"}}],"inLanguage":"pl-PL"}]}},"_links":{"self":[{"href":"https:\/\/ironsky.pl\/sklep\/wp-json\/wp\/v2\/product\/25848","targetHints":{"allow":["GET"]}}],"collection":[{"href":"https:\/\/ironsky.pl\/sklep\/wp-json\/wp\/v2\/product"}],"about":[{"href":"https:\/\/ironsky.pl\/sklep\/wp-json\/wp\/v2\/types\/product"}],"replies":[{"embeddable":true,"href":"https:\/\/ironsky.pl\/sklep\/wp-json\/wp\/v2\/comments?post=25848"}],"wp:featuredmedia":[{"embeddable":true,"href":"https:\/\/ironsky.pl\/sklep\/wp-json\/wp\/v2\/media\/25849"}],"wp:attachment":[{"href":"https:\/\/ironsky.pl\/sklep\/wp-json\/wp\/v2\/media?parent=25848"}],"wp:term":[{"taxonomy":"product_brand","embeddable":true,"href":"https:\/\/ironsky.pl\/sklep\/wp-json\/wp\/v2\/product_brand?post=25848"},{"taxonomy":"product_cat","embeddable":true,"href":"https:\/\/ironsky.pl\/sklep\/wp-json\/wp\/v2\/product_cat?post=25848"},{"taxonomy":"product_tag","embeddable":true,"href":"https:\/\/ironsky.pl\/sklep\/wp-json\/wp\/v2\/product_tag?post=25848"}],"curies":[{"name":"wp","href":"https:\/\/api.w.org\/{rel}","templated":true}]}}