{"id":25814,"date":"2024-09-16T19:27:14","date_gmt":"2024-09-16T17:27:14","guid":{"rendered":"http:\/\/gvshalph.pro-linuxpl.com\/ironskyprodukty\/produkt\/filtr-slim-46-mm-kf-concept-kv34\/"},"modified":"2026-03-05T15:52:00","modified_gmt":"2026-03-05T14:52:00","slug":"filtr-slim-46-mm-kf-concept-kv34","status":"publish","type":"product","link":"https:\/\/ironsky.pl\/sklep\/produkt\/filtr-slim-46-mm-kf-concept-kv34\/","title":{"rendered":"Filtr Slim 46 MM K&#038;F Concept KV34"},"content":{"rendered":"<h3>Filtr Slim 46 MM K&#038;F Concept KV34<\/h3>\n<p><p>Filtr Slim K&amp;F Concept KV34 to narz\u0119dzie, kt\u00f3re zmieni spos\u00f3b, w jaki fotografujesz krajobrazy. Zastanawia\u0142e\u015b si\u0119 kiedy\u015b, jak uzyska\u0107 efekty d\u0142ugiego czasu na\u015bwietlania w jasnym \u015bwietle, aby uwieczni\u0107 ruch wody lub uzyska\u0107 efekt mglistego ruchu? Ten filtr ma na to odpowied\u017a! Zobacz sam, co mo\u017ce Ci zaoferowa\u0107.&nbsp;<\/p>\n<\/p>\n<p><img decoding=\"async\" src=\"https:\/\/assets.innpro.pl\/2651\/2822\/6.jpg\" border=\"0\" alt=\"\"><\/p>\n<h3>Dostosowany do potrzeb<\/h3>\n<p><p>Filtr K&amp;F Concept to narz\u0119dzie, kt\u00f3re daje Ci pe\u0142n\u0105 kontrol\u0119 nad ilo\u015bci\u0105 \u015bwiat\u0142a przechodz\u0105cego przez obiektyw. Mo\u017cesz redukowa\u0107 \u015bwiat\u0142o od ND2 do ND400, co oznacza, \u017ce masz elastyczno\u015b\u0107 dostosowania ekspozycji do r\u00f3\u017cnych warunk\u00f3w o\u015bwietleniowych. To szczeg\u00f3lnie przydatne, gdy fotografujesz w jasnym s\u0142o\u0144cu lub chcesz uzyska\u0107 efekt mglistego ruchu wody. Co wi\u0119cej, filtr ten b\u0119dzie idealny, gdy chodzi o tworzenie efekt\u00f3w artystycznych w fotografii. Pozwala na d\u0142u\u017cszy czas na\u015bwietlania, co z kolei umo\u017cliwia uzyskanie p\u0142ynniejszych ruch\u00f3w wody, mniejszej g\u0142\u0119bi ostro\u015bci i rozmycia ruchu. To narz\u0119dzie, kt\u00f3re pozwoli Ci eksperymentowa\u0107 z r\u00f3\u017cnymi technikami i tworzy\u0107 wyj\u0105tkowe zdj\u0119cia.<\/p>\n<\/p>\n<p><img decoding=\"async\" src=\"https:\/\/assets.innpro.pl\/2651\/2822\/8.jpg\" border=\"0\" alt=\"\"><\/p>\n<h3>Wysoka jako\u015b\u0107 materia\u0142\u00f3w<\/h3>\n<p><p>Filtr KV34 zosta\u0142 wykonany ze szk\u0142a optycznego, co gwarantuje doskona\u0142\u0105 jako\u015b\u0107 obraz\u00f3w. Warto zaznaczy\u0107, \u017ce jest on pokryty dwustronn\u0105 wielowarstwow\u0105 niebiesk\u0105 pow\u0142ok\u0105, kt\u00f3ra nie tylko poprawia jako\u015b\u0107 obraz\u00f3w, ale tak\u017ce jest odporna na wod\u0119. To czyni go idealnym narz\u0119dziem dla fotograf\u00f3w, kt\u00f3rzy chc\u0105 uwieczni\u0107 pi\u0119kno rzek, wodospad\u00f3w i innych zbiornik\u00f3w wodnych.<\/p>\n<\/p>\n<p><img decoding=\"async\" src=\"https:\/\/assets.innpro.pl\/2651\/2822\/5.jpg\" border=\"0\" alt=\"\"><\/p>\n<h3>Przemy\u015blana konstrukcja<\/h3>\n<p><p>Opr\u00f3cz swojej funkcjonalno\u015bci filtr ten cechuje si\u0119 r\u00f3wnie\u017c kompaktowym designem. Ramka filtra ma tylko 7,3 mm grubo\u015bci, co oznacza, \u017ce nie zajmuje du\u017co miejsca w torbie fotograficznej. Dodatkowo super lekki pier\u015bcie\u0144 CNC zastosowany w konstrukcji zapobiega niekorzystnemu wp\u0142ywowi na balans aparatu, co jest kluczowe podczas fotografowania na statywie. Dzi\u0119ki temu filtr KV34 jest nie tylko wyj\u0105tkowo skutecznym narz\u0119dziem, ale tak\u017ce wygodnym i praktycznym akcesorium dla ka\u017cdego fotografa.<\/p>\n<\/p>\n<p><img decoding=\"async\" src=\"https:\/\/assets.innpro.pl\/2651\/2822\/2.jpg\" border=\"0\" alt=\"\"><\/p>\n<div class=\"table-wrapper\">\n<p>&nbsp;<\/p>\n<h3><\/h3>\n<table>\n<tbody>\n<tr>\n<th>Producent <\/th>\n<td>K&#038;F Concept <\/td>\n<\/tr>\n<tr>\n<th>Model<\/th>\n<td>KF01.1397<\/td>\n<\/tr>\n<tr>\n<th>Rodzaj szk\u0142a <\/th>\n<td>szk\u0142o optyczne <\/td>\n<\/tr>\n<tr>\n<th>Zakres <\/th>\n<td>ND2 do ND400<\/td>\n<\/tr>\n<tr>\n<th>Wymiary <\/th>\n<td>46 mm<\/td>\n<\/tr>\n<\/tbody>\n<\/table>\n<\/div>\n","protected":false},"excerpt":{"rendered":"<p>Filtr Slim 46 MM K&#038;F Concept KV34 Filtr Slim K&amp;F Concept KV34 to narz\u0119dzie, kt\u00f3re zmieni spos\u00f3b, w jaki fotografujesz<\/p>\n","protected":false},"featured_media":25815,"comment_status":"closed","ping_status":"open","template":"","meta":{"_acf_changed":false},"product_brand":[],"product_cat":[1132,1133,1128],"product_tag":[],"class_list":{"0":"post-25814","1":"product","2":"type-product","3":"status-publish","4":"has-post-thumbnail","6":"product_cat-filtry-foto","7":"product_cat-do-lustrzanek","8":"product_cat-foto-wideo","9":"pa_box-height-3270","10":"pa_box-length-2370","11":"pa_box-width-1498","12":"pa_gross-weight-4461","13":"pa_hs-code-1741","14":"pa_net-weight-2808","15":"pa_obiektyw-mm-4650","16":"pa_zestaw-nie","18":"first","19":"outofstock","20":"taxable","21":"shipping-taxable","22":"purchasable","23":"product-type-simple"},"acf":[],"yoast_head":"<!-- This site is optimized with the Yoast SEO plugin v27.2 - https:\/\/yoast.com\/product\/yoast-seo-wordpress\/ -->\n<title>Filtr Slim 46 MM K&amp;F Concept KV34 - IRONSKY.PL Sklep z Dronami<\/title>\n<meta name=\"description\" content=\"Filtr Slim 46 MM K&amp;F Concept KV34 - \u2705 sklep z dronami i fachowym doradztwem. \u2705 Tutaj kupisz produkty DJI, Yuneec, Parrot, Syma i wiele innych, a tak\u017ce kursy i licencje na operatora drona.\" \/>\n<meta name=\"robots\" content=\"index, follow, max-snippet:-1, max-image-preview:large, max-video-preview:-1\" \/>\n<link rel=\"canonical\" href=\"https:\/\/ironsky.pl\/sklep\/produkt\/filtr-slim-46-mm-kf-concept-kv34\/\" \/>\n<meta property=\"og:locale\" content=\"pl_PL\" \/>\n<meta property=\"og:type\" content=\"article\" \/>\n<meta property=\"og:title\" content=\"Filtr Slim 46 MM K&amp;F Concept KV34 - IRONSKY.PL Sklep z Dronami\" \/>\n<meta property=\"og:description\" content=\"Filtr Slim 46 MM K&amp;F Concept KV34 - \u2705 sklep z dronami i fachowym doradztwem. \u2705 Tutaj kupisz produkty DJI, Yuneec, Parrot, Syma i wiele innych, a tak\u017ce kursy i licencje na operatora drona.\" \/>\n<meta property=\"og:url\" content=\"https:\/\/ironsky.pl\/sklep\/produkt\/filtr-slim-46-mm-kf-concept-kv34\/\" \/>\n<meta property=\"og:site_name\" content=\"IRONSKY.PL Sklep z Dronami\" \/>\n<meta property=\"article:modified_time\" content=\"2026-03-05T14:52:00+00:00\" \/>\n<meta property=\"og:image\" content=\"https:\/\/ironsky.pl\/sklep\/wp-content\/uploads\/2024\/09\/36648_1.jpg\" \/>\n\t<meta property=\"og:image:width\" content=\"800\" \/>\n\t<meta property=\"og:image:height\" content=\"800\" \/>\n\t<meta property=\"og:image:type\" content=\"image\/jpeg\" \/>\n<meta name=\"twitter:card\" content=\"summary_large_image\" \/>\n<meta name=\"twitter:label1\" content=\"Szacowany czas czytania\" \/>\n\t<meta name=\"twitter:data1\" content=\"2 minuty\" \/>\n<script type=\"application\/ld+json\" class=\"yoast-schema-graph\">{\"@context\":\"https:\/\/schema.org\",\"@graph\":[{\"@type\":\"WebPage\",\"@id\":\"https:\/\/ironsky.pl\/sklep\/produkt\/filtr-slim-46-mm-kf-concept-kv34\/\",\"url\":\"https:\/\/ironsky.pl\/sklep\/produkt\/filtr-slim-46-mm-kf-concept-kv34\/\",\"name\":\"Filtr Slim 46 MM K&F Concept KV34 - IRONSKY.PL Sklep z Dronami\",\"isPartOf\":{\"@id\":\"https:\/\/ironsky.pl\/sklep\/#website\"},\"primaryImageOfPage\":{\"@id\":\"https:\/\/ironsky.pl\/sklep\/produkt\/filtr-slim-46-mm-kf-concept-kv34\/#primaryimage\"},\"image\":{\"@id\":\"https:\/\/ironsky.pl\/sklep\/produkt\/filtr-slim-46-mm-kf-concept-kv34\/#primaryimage\"},\"thumbnailUrl\":\"https:\/\/ironsky.pl\/sklep\/wp-content\/uploads\/2024\/09\/36648_1.jpg\",\"datePublished\":\"2024-09-16T17:27:14+00:00\",\"dateModified\":\"2026-03-05T14:52:00+00:00\",\"description\":\"Filtr Slim 46 MM K&F Concept KV34 - \u2705 sklep z dronami i fachowym doradztwem. \u2705 Tutaj kupisz produkty DJI, Yuneec, Parrot, Syma i wiele innych, a tak\u017ce kursy i licencje na operatora drona.\",\"breadcrumb\":{\"@id\":\"https:\/\/ironsky.pl\/sklep\/produkt\/filtr-slim-46-mm-kf-concept-kv34\/#breadcrumb\"},\"inLanguage\":\"pl-PL\",\"potentialAction\":[{\"@type\":\"ReadAction\",\"target\":[\"https:\/\/ironsky.pl\/sklep\/produkt\/filtr-slim-46-mm-kf-concept-kv34\/\"]}]},{\"@type\":\"ImageObject\",\"inLanguage\":\"pl-PL\",\"@id\":\"https:\/\/ironsky.pl\/sklep\/produkt\/filtr-slim-46-mm-kf-concept-kv34\/#primaryimage\",\"url\":\"https:\/\/ironsky.pl\/sklep\/wp-content\/uploads\/2024\/09\/36648_1.jpg\",\"contentUrl\":\"https:\/\/ironsky.pl\/sklep\/wp-content\/uploads\/2024\/09\/36648_1.jpg\",\"width\":800,\"height\":800},{\"@type\":\"BreadcrumbList\",\"@id\":\"https:\/\/ironsky.pl\/sklep\/produkt\/filtr-slim-46-mm-kf-concept-kv34\/#breadcrumb\",\"itemListElement\":[{\"@type\":\"ListItem\",\"position\":1,\"name\":\"Strona g\u0142\u00f3wna\",\"item\":\"https:\/\/ironsky.pl\/sklep\/\"},{\"@type\":\"ListItem\",\"position\":2,\"name\":\"Wszystkie produkty\",\"item\":\"https:\/\/ironsky.pl\/sklep\/produkty\/\"},{\"@type\":\"ListItem\",\"position\":3,\"name\":\"Filtr Slim 46 MM K&#038;F Concept KV34\"}]},{\"@type\":\"WebSite\",\"@id\":\"https:\/\/ironsky.pl\/sklep\/#website\",\"url\":\"https:\/\/ironsky.pl\/sklep\/\",\"name\":\"IRONSKY.PL Sklep z Dronami\",\"description\":\"IRONSKY.PL Sklep z Dronami\",\"potentialAction\":[{\"@type\":\"SearchAction\",\"target\":{\"@type\":\"EntryPoint\",\"urlTemplate\":\"https:\/\/ironsky.pl\/sklep\/?s={search_term_string}\"},\"query-input\":{\"@type\":\"PropertyValueSpecification\",\"valueRequired\":true,\"valueName\":\"search_term_string\"}}],\"inLanguage\":\"pl-PL\"}]}<\/script>\n<!-- \/ Yoast SEO plugin. -->","yoast_head_json":{"title":"Filtr Slim 46 MM K&F Concept KV34 - IRONSKY.PL Sklep z Dronami","description":"Filtr Slim 46 MM K&F Concept KV34 - \u2705 sklep z dronami i fachowym doradztwem. \u2705 Tutaj kupisz produkty DJI, Yuneec, Parrot, Syma i wiele innych, a tak\u017ce kursy i licencje na operatora drona.","robots":{"index":"index","follow":"follow","max-snippet":"max-snippet:-1","max-image-preview":"max-image-preview:large","max-video-preview":"max-video-preview:-1"},"canonical":"https:\/\/ironsky.pl\/sklep\/produkt\/filtr-slim-46-mm-kf-concept-kv34\/","og_locale":"pl_PL","og_type":"article","og_title":"Filtr Slim 46 MM K&F Concept KV34 - IRONSKY.PL Sklep z Dronami","og_description":"Filtr Slim 46 MM K&F Concept KV34 - \u2705 sklep z dronami i fachowym doradztwem. \u2705 Tutaj kupisz produkty DJI, Yuneec, Parrot, Syma i wiele innych, a tak\u017ce kursy i licencje na operatora drona.","og_url":"https:\/\/ironsky.pl\/sklep\/produkt\/filtr-slim-46-mm-kf-concept-kv34\/","og_site_name":"IRONSKY.PL Sklep z Dronami","article_modified_time":"2026-03-05T14:52:00+00:00","og_image":[{"width":800,"height":800,"url":"https:\/\/ironsky.pl\/sklep\/wp-content\/uploads\/2024\/09\/36648_1.jpg","type":"image\/jpeg"}],"twitter_card":"summary_large_image","twitter_misc":{"Szacowany czas czytania":"2 minuty"},"schema":{"@context":"https:\/\/schema.org","@graph":[{"@type":"WebPage","@id":"https:\/\/ironsky.pl\/sklep\/produkt\/filtr-slim-46-mm-kf-concept-kv34\/","url":"https:\/\/ironsky.pl\/sklep\/produkt\/filtr-slim-46-mm-kf-concept-kv34\/","name":"Filtr Slim 46 MM K&F Concept KV34 - IRONSKY.PL Sklep z Dronami","isPartOf":{"@id":"https:\/\/ironsky.pl\/sklep\/#website"},"primaryImageOfPage":{"@id":"https:\/\/ironsky.pl\/sklep\/produkt\/filtr-slim-46-mm-kf-concept-kv34\/#primaryimage"},"image":{"@id":"https:\/\/ironsky.pl\/sklep\/produkt\/filtr-slim-46-mm-kf-concept-kv34\/#primaryimage"},"thumbnailUrl":"https:\/\/ironsky.pl\/sklep\/wp-content\/uploads\/2024\/09\/36648_1.jpg","datePublished":"2024-09-16T17:27:14+00:00","dateModified":"2026-03-05T14:52:00+00:00","description":"Filtr Slim 46 MM K&F Concept KV34 - \u2705 sklep z dronami i fachowym doradztwem. \u2705 Tutaj kupisz produkty DJI, Yuneec, Parrot, Syma i wiele innych, a tak\u017ce kursy i licencje na operatora drona.","breadcrumb":{"@id":"https:\/\/ironsky.pl\/sklep\/produkt\/filtr-slim-46-mm-kf-concept-kv34\/#breadcrumb"},"inLanguage":"pl-PL","potentialAction":[{"@type":"ReadAction","target":["https:\/\/ironsky.pl\/sklep\/produkt\/filtr-slim-46-mm-kf-concept-kv34\/"]}]},{"@type":"ImageObject","inLanguage":"pl-PL","@id":"https:\/\/ironsky.pl\/sklep\/produkt\/filtr-slim-46-mm-kf-concept-kv34\/#primaryimage","url":"https:\/\/ironsky.pl\/sklep\/wp-content\/uploads\/2024\/09\/36648_1.jpg","contentUrl":"https:\/\/ironsky.pl\/sklep\/wp-content\/uploads\/2024\/09\/36648_1.jpg","width":800,"height":800},{"@type":"BreadcrumbList","@id":"https:\/\/ironsky.pl\/sklep\/produkt\/filtr-slim-46-mm-kf-concept-kv34\/#breadcrumb","itemListElement":[{"@type":"ListItem","position":1,"name":"Strona g\u0142\u00f3wna","item":"https:\/\/ironsky.pl\/sklep\/"},{"@type":"ListItem","position":2,"name":"Wszystkie produkty","item":"https:\/\/ironsky.pl\/sklep\/produkty\/"},{"@type":"ListItem","position":3,"name":"Filtr Slim 46 MM K&#038;F Concept KV34"}]},{"@type":"WebSite","@id":"https:\/\/ironsky.pl\/sklep\/#website","url":"https:\/\/ironsky.pl\/sklep\/","name":"IRONSKY.PL Sklep z Dronami","description":"IRONSKY.PL Sklep z Dronami","potentialAction":[{"@type":"SearchAction","target":{"@type":"EntryPoint","urlTemplate":"https:\/\/ironsky.pl\/sklep\/?s={search_term_string}"},"query-input":{"@type":"PropertyValueSpecification","valueRequired":true,"valueName":"search_term_string"}}],"inLanguage":"pl-PL"}]}},"_links":{"self":[{"href":"https:\/\/ironsky.pl\/sklep\/wp-json\/wp\/v2\/product\/25814","targetHints":{"allow":["GET"]}}],"collection":[{"href":"https:\/\/ironsky.pl\/sklep\/wp-json\/wp\/v2\/product"}],"about":[{"href":"https:\/\/ironsky.pl\/sklep\/wp-json\/wp\/v2\/types\/product"}],"replies":[{"embeddable":true,"href":"https:\/\/ironsky.pl\/sklep\/wp-json\/wp\/v2\/comments?post=25814"}],"wp:featuredmedia":[{"embeddable":true,"href":"https:\/\/ironsky.pl\/sklep\/wp-json\/wp\/v2\/media\/25815"}],"wp:attachment":[{"href":"https:\/\/ironsky.pl\/sklep\/wp-json\/wp\/v2\/media?parent=25814"}],"wp:term":[{"taxonomy":"product_brand","embeddable":true,"href":"https:\/\/ironsky.pl\/sklep\/wp-json\/wp\/v2\/product_brand?post=25814"},{"taxonomy":"product_cat","embeddable":true,"href":"https:\/\/ironsky.pl\/sklep\/wp-json\/wp\/v2\/product_cat?post=25814"},{"taxonomy":"product_tag","embeddable":true,"href":"https:\/\/ironsky.pl\/sklep\/wp-json\/wp\/v2\/product_tag?post=25814"}],"curies":[{"name":"wp","href":"https:\/\/api.w.org\/{rel}","templated":true}]}}