{"id":25662,"date":"2024-09-16T19:25:20","date_gmt":"2024-09-16T17:25:20","guid":{"rendered":"http:\/\/gvshalph.pro-linuxpl.com\/ironskyprodukty\/produkt\/filtr-slim-82-mm-mv36-kf-concept\/"},"modified":"2026-03-05T15:51:51","modified_gmt":"2026-03-05T14:51:51","slug":"filtr-slim-82-mm-mv36-kf-concept","status":"publish","type":"product","link":"https:\/\/ironsky.pl\/sklep\/produkt\/filtr-slim-82-mm-mv36-kf-concept\/","title":{"rendered":"Filtr Slim 82 mm MV36 K&#038;F Concept"},"content":{"rendered":"<h3>Filtr Slim 82 mm MV36 ND8-ND2000 K&#038;F Concept<\/h3>\n<p>Popraw jako\u015b\u0107 swoich zdj\u0119\u0107 dzi\u0119ki filtrowi K&#038;F Concept, kt\u00f3ry skutecznie eliminuje niechciane odblaski i wyd\u0142u\u017ca czas otwarcia migawki. Jest idealny do fotografowania wody czy ruchomych obiekt\u00f3w, a jego solidna budowa gwarantuje trwa\u0142o\u015b\u0107. <\/p>\n<p><img decoding=\"async\" src=\"https:\/\/b2b.innpro.pl\/data\/include\/cms\/KF-Concept\/KF01.1361\/3.jpg\" alt=\"KF-Concept\/KF01.1361\/3\"><\/p>\n<h3>Regulacja nat\u0119\u017cenia \u015bwiat\u0142a<\/h3>\n<p>Filtr ND oferuje mo\u017cliwo\u015b\u0107 p\u0142ynnej regulacji w zakresie ND8-ND2000. Dzi\u0119ki temu dostosujesz poziom \u015bwiat\u0142a wpadaj\u0105cego do obiektywu. Sprawdzi si\u0119 podczas fotografowania dynamicznych scen, takich jak p\u0142yn\u0105ca woda czy ruchome obiekty, pozwalaj\u0105c na tworzenie efekt\u00f3w rozmycia.<\/p>\n<p><img decoding=\"async\" src=\"https:\/\/b2b.innpro.pl\/data\/include\/cms\/KF-Concept\/KF01.1361\/2.jpg\" alt=\"KF-Concept\/KF01.1361\/2\"><\/p>\n<h3>Dopracowany design<\/h3>\n<p>Filtr wyr\u00f3\u017cnia si\u0119 cienk\u0105 konstrukcj\u0105 \u2013 na poziomie 7.5 mm i zosta\u0142 poddany procesowi CNC. Dzi\u0119ki antypo\u015blizgowemu wyko\u0144czeniu z \u0142atwo\u015bci\u0105 na\u0142o\u017cysz go na obiektyw. Co wi\u0119cej, zastosowanie japo\u0144skiego szk\u0142a optycznego i 18 pow\u0142ok pozwala zmniejszy\u0107 ilo\u015b\u0107 \u015bwiat\u0142a wpadaj\u0105cego do obiektywu. Ponadto filtr jest odporny na kurz i skutecznie odpycha wod\u0119. <\/p>\n<p><img decoding=\"async\" src=\"https:\/\/b2b.innpro.pl\/data\/include\/cms\/KF-Concept\/KF01.1361\/4.jpg\" alt=\"KF-Concept\/KF01.1361\/4\"><\/p>\n<div class=\"table-wrapper\">\n<table>\n<tbody>\n<tr>\n<th>Producent<\/th>\n<td>K&#038;F Concept<\/td>\n<\/tr>\n<tr>\n<th>Model<\/th>\n<td>KF01.1361<\/td>\n<\/tr>\n<tr>\n<th>Rodzaj<\/th>\n<td>ND8-ND2000<\/td>\n<\/tr>\n<tr>\n<th>Grubo\u015b\u0107<\/th>\n<td>7.5 mm<\/td>\n<\/tr>\n<tr>\n<th>\u015arednica<\/th>\n<td>82 mm<\/td>\n<\/tr>\n<\/tbody>\n<\/table>\n<\/div>\n","protected":false},"excerpt":{"rendered":"<p>Filtr Slim 82 mm MV36 ND8-ND2000 K&#038;F Concept Popraw jako\u015b\u0107 swoich zdj\u0119\u0107 dzi\u0119ki filtrowi K&#038;F Concept, kt\u00f3ry skutecznie eliminuje niechciane<\/p>\n","protected":false},"featured_media":25663,"comment_status":"closed","ping_status":"open","template":"","meta":{"_acf_changed":false},"product_brand":[],"product_cat":[1130,1128,1150],"product_tag":[],"class_list":{"0":"post-25662","1":"product","2":"type-product","3":"status-publish","4":"has-post-thumbnail","6":"product_cat-akcesoria-foto","7":"product_cat-foto-wideo","8":"product_cat-pozostale","9":"pa_box-height-1771","10":"pa_box-length-3168","11":"pa_box-width-1498","12":"pa_gross-weight-4655","13":"pa_hs-code-1741","14":"pa_kolejna-dostawa-27-09-2024","15":"pa_net-weight-1497","17":"first","18":"outofstock","19":"taxable","20":"shipping-taxable","21":"purchasable","22":"product-type-simple"},"acf":[],"yoast_head":"<!-- This site is optimized with the Yoast SEO plugin v27.2 - https:\/\/yoast.com\/product\/yoast-seo-wordpress\/ -->\n<title>Filtr Slim 82 mm MV36 K&amp;F Concept - IRONSKY.PL Sklep z Dronami<\/title>\n<meta name=\"description\" content=\"Filtr Slim 82 mm MV36 K&amp;F Concept - \u2705 sklep z dronami i fachowym doradztwem. \u2705 Tutaj kupisz produkty DJI, Yuneec, Parrot, Syma i wiele innych, a tak\u017ce kursy i licencje na operatora drona.\" \/>\n<meta name=\"robots\" content=\"index, follow, max-snippet:-1, max-image-preview:large, max-video-preview:-1\" \/>\n<link rel=\"canonical\" href=\"https:\/\/ironsky.pl\/sklep\/produkt\/filtr-slim-82-mm-mv36-kf-concept\/\" \/>\n<meta property=\"og:locale\" content=\"pl_PL\" \/>\n<meta property=\"og:type\" content=\"article\" \/>\n<meta property=\"og:title\" content=\"Filtr Slim 82 mm MV36 K&amp;F Concept - IRONSKY.PL Sklep z Dronami\" \/>\n<meta property=\"og:description\" content=\"Filtr Slim 82 mm MV36 K&amp;F Concept - \u2705 sklep z dronami i fachowym doradztwem. \u2705 Tutaj kupisz produkty DJI, Yuneec, Parrot, Syma i wiele innych, a tak\u017ce kursy i licencje na operatora drona.\" \/>\n<meta property=\"og:url\" content=\"https:\/\/ironsky.pl\/sklep\/produkt\/filtr-slim-82-mm-mv36-kf-concept\/\" \/>\n<meta property=\"og:site_name\" content=\"IRONSKY.PL Sklep z Dronami\" \/>\n<meta property=\"article:modified_time\" content=\"2026-03-05T14:51:51+00:00\" \/>\n<meta property=\"og:image\" content=\"https:\/\/ironsky.pl\/sklep\/wp-content\/uploads\/2024\/09\/36553_1.jpg\" \/>\n\t<meta property=\"og:image:width\" content=\"800\" \/>\n\t<meta property=\"og:image:height\" content=\"800\" \/>\n\t<meta property=\"og:image:type\" content=\"image\/jpeg\" \/>\n<meta name=\"twitter:card\" content=\"summary_large_image\" \/>\n<meta name=\"twitter:label1\" content=\"Szacowany czas czytania\" \/>\n\t<meta name=\"twitter:data1\" content=\"1 minuta\" \/>\n<script type=\"application\/ld+json\" class=\"yoast-schema-graph\">{\"@context\":\"https:\/\/schema.org\",\"@graph\":[{\"@type\":\"WebPage\",\"@id\":\"https:\/\/ironsky.pl\/sklep\/produkt\/filtr-slim-82-mm-mv36-kf-concept\/\",\"url\":\"https:\/\/ironsky.pl\/sklep\/produkt\/filtr-slim-82-mm-mv36-kf-concept\/\",\"name\":\"Filtr Slim 82 mm MV36 K&F Concept - IRONSKY.PL Sklep z Dronami\",\"isPartOf\":{\"@id\":\"https:\/\/ironsky.pl\/sklep\/#website\"},\"primaryImageOfPage\":{\"@id\":\"https:\/\/ironsky.pl\/sklep\/produkt\/filtr-slim-82-mm-mv36-kf-concept\/#primaryimage\"},\"image\":{\"@id\":\"https:\/\/ironsky.pl\/sklep\/produkt\/filtr-slim-82-mm-mv36-kf-concept\/#primaryimage\"},\"thumbnailUrl\":\"https:\/\/ironsky.pl\/sklep\/wp-content\/uploads\/2024\/09\/36553_1.jpg\",\"datePublished\":\"2024-09-16T17:25:20+00:00\",\"dateModified\":\"2026-03-05T14:51:51+00:00\",\"description\":\"Filtr Slim 82 mm MV36 K&F Concept - \u2705 sklep z dronami i fachowym doradztwem. \u2705 Tutaj kupisz produkty DJI, Yuneec, Parrot, Syma i wiele innych, a tak\u017ce kursy i licencje na operatora drona.\",\"breadcrumb\":{\"@id\":\"https:\/\/ironsky.pl\/sklep\/produkt\/filtr-slim-82-mm-mv36-kf-concept\/#breadcrumb\"},\"inLanguage\":\"pl-PL\",\"potentialAction\":[{\"@type\":\"ReadAction\",\"target\":[\"https:\/\/ironsky.pl\/sklep\/produkt\/filtr-slim-82-mm-mv36-kf-concept\/\"]}]},{\"@type\":\"ImageObject\",\"inLanguage\":\"pl-PL\",\"@id\":\"https:\/\/ironsky.pl\/sklep\/produkt\/filtr-slim-82-mm-mv36-kf-concept\/#primaryimage\",\"url\":\"https:\/\/ironsky.pl\/sklep\/wp-content\/uploads\/2024\/09\/36553_1.jpg\",\"contentUrl\":\"https:\/\/ironsky.pl\/sklep\/wp-content\/uploads\/2024\/09\/36553_1.jpg\",\"width\":800,\"height\":800},{\"@type\":\"BreadcrumbList\",\"@id\":\"https:\/\/ironsky.pl\/sklep\/produkt\/filtr-slim-82-mm-mv36-kf-concept\/#breadcrumb\",\"itemListElement\":[{\"@type\":\"ListItem\",\"position\":1,\"name\":\"Strona g\u0142\u00f3wna\",\"item\":\"https:\/\/ironsky.pl\/sklep\/\"},{\"@type\":\"ListItem\",\"position\":2,\"name\":\"Wszystkie produkty\",\"item\":\"https:\/\/ironsky.pl\/sklep\/produkty\/\"},{\"@type\":\"ListItem\",\"position\":3,\"name\":\"Filtr Slim 82 mm MV36 K&#038;F Concept\"}]},{\"@type\":\"WebSite\",\"@id\":\"https:\/\/ironsky.pl\/sklep\/#website\",\"url\":\"https:\/\/ironsky.pl\/sklep\/\",\"name\":\"IRONSKY.PL Sklep z Dronami\",\"description\":\"IRONSKY.PL Sklep z Dronami\",\"potentialAction\":[{\"@type\":\"SearchAction\",\"target\":{\"@type\":\"EntryPoint\",\"urlTemplate\":\"https:\/\/ironsky.pl\/sklep\/?s={search_term_string}\"},\"query-input\":{\"@type\":\"PropertyValueSpecification\",\"valueRequired\":true,\"valueName\":\"search_term_string\"}}],\"inLanguage\":\"pl-PL\"}]}<\/script>\n<!-- \/ Yoast SEO plugin. -->","yoast_head_json":{"title":"Filtr Slim 82 mm MV36 K&F Concept - IRONSKY.PL Sklep z Dronami","description":"Filtr Slim 82 mm MV36 K&F Concept - \u2705 sklep z dronami i fachowym doradztwem. \u2705 Tutaj kupisz produkty DJI, Yuneec, Parrot, Syma i wiele innych, a tak\u017ce kursy i licencje na operatora drona.","robots":{"index":"index","follow":"follow","max-snippet":"max-snippet:-1","max-image-preview":"max-image-preview:large","max-video-preview":"max-video-preview:-1"},"canonical":"https:\/\/ironsky.pl\/sklep\/produkt\/filtr-slim-82-mm-mv36-kf-concept\/","og_locale":"pl_PL","og_type":"article","og_title":"Filtr Slim 82 mm MV36 K&F Concept - IRONSKY.PL Sklep z Dronami","og_description":"Filtr Slim 82 mm MV36 K&F Concept - \u2705 sklep z dronami i fachowym doradztwem. \u2705 Tutaj kupisz produkty DJI, Yuneec, Parrot, Syma i wiele innych, a tak\u017ce kursy i licencje na operatora drona.","og_url":"https:\/\/ironsky.pl\/sklep\/produkt\/filtr-slim-82-mm-mv36-kf-concept\/","og_site_name":"IRONSKY.PL Sklep z Dronami","article_modified_time":"2026-03-05T14:51:51+00:00","og_image":[{"width":800,"height":800,"url":"https:\/\/ironsky.pl\/sklep\/wp-content\/uploads\/2024\/09\/36553_1.jpg","type":"image\/jpeg"}],"twitter_card":"summary_large_image","twitter_misc":{"Szacowany czas czytania":"1 minuta"},"schema":{"@context":"https:\/\/schema.org","@graph":[{"@type":"WebPage","@id":"https:\/\/ironsky.pl\/sklep\/produkt\/filtr-slim-82-mm-mv36-kf-concept\/","url":"https:\/\/ironsky.pl\/sklep\/produkt\/filtr-slim-82-mm-mv36-kf-concept\/","name":"Filtr Slim 82 mm MV36 K&F Concept - IRONSKY.PL Sklep z Dronami","isPartOf":{"@id":"https:\/\/ironsky.pl\/sklep\/#website"},"primaryImageOfPage":{"@id":"https:\/\/ironsky.pl\/sklep\/produkt\/filtr-slim-82-mm-mv36-kf-concept\/#primaryimage"},"image":{"@id":"https:\/\/ironsky.pl\/sklep\/produkt\/filtr-slim-82-mm-mv36-kf-concept\/#primaryimage"},"thumbnailUrl":"https:\/\/ironsky.pl\/sklep\/wp-content\/uploads\/2024\/09\/36553_1.jpg","datePublished":"2024-09-16T17:25:20+00:00","dateModified":"2026-03-05T14:51:51+00:00","description":"Filtr Slim 82 mm MV36 K&F Concept - \u2705 sklep z dronami i fachowym doradztwem. \u2705 Tutaj kupisz produkty DJI, Yuneec, Parrot, Syma i wiele innych, a tak\u017ce kursy i licencje na operatora drona.","breadcrumb":{"@id":"https:\/\/ironsky.pl\/sklep\/produkt\/filtr-slim-82-mm-mv36-kf-concept\/#breadcrumb"},"inLanguage":"pl-PL","potentialAction":[{"@type":"ReadAction","target":["https:\/\/ironsky.pl\/sklep\/produkt\/filtr-slim-82-mm-mv36-kf-concept\/"]}]},{"@type":"ImageObject","inLanguage":"pl-PL","@id":"https:\/\/ironsky.pl\/sklep\/produkt\/filtr-slim-82-mm-mv36-kf-concept\/#primaryimage","url":"https:\/\/ironsky.pl\/sklep\/wp-content\/uploads\/2024\/09\/36553_1.jpg","contentUrl":"https:\/\/ironsky.pl\/sklep\/wp-content\/uploads\/2024\/09\/36553_1.jpg","width":800,"height":800},{"@type":"BreadcrumbList","@id":"https:\/\/ironsky.pl\/sklep\/produkt\/filtr-slim-82-mm-mv36-kf-concept\/#breadcrumb","itemListElement":[{"@type":"ListItem","position":1,"name":"Strona g\u0142\u00f3wna","item":"https:\/\/ironsky.pl\/sklep\/"},{"@type":"ListItem","position":2,"name":"Wszystkie produkty","item":"https:\/\/ironsky.pl\/sklep\/produkty\/"},{"@type":"ListItem","position":3,"name":"Filtr Slim 82 mm MV36 K&#038;F Concept"}]},{"@type":"WebSite","@id":"https:\/\/ironsky.pl\/sklep\/#website","url":"https:\/\/ironsky.pl\/sklep\/","name":"IRONSKY.PL Sklep z Dronami","description":"IRONSKY.PL Sklep z Dronami","potentialAction":[{"@type":"SearchAction","target":{"@type":"EntryPoint","urlTemplate":"https:\/\/ironsky.pl\/sklep\/?s={search_term_string}"},"query-input":{"@type":"PropertyValueSpecification","valueRequired":true,"valueName":"search_term_string"}}],"inLanguage":"pl-PL"}]}},"_links":{"self":[{"href":"https:\/\/ironsky.pl\/sklep\/wp-json\/wp\/v2\/product\/25662","targetHints":{"allow":["GET"]}}],"collection":[{"href":"https:\/\/ironsky.pl\/sklep\/wp-json\/wp\/v2\/product"}],"about":[{"href":"https:\/\/ironsky.pl\/sklep\/wp-json\/wp\/v2\/types\/product"}],"replies":[{"embeddable":true,"href":"https:\/\/ironsky.pl\/sklep\/wp-json\/wp\/v2\/comments?post=25662"}],"wp:featuredmedia":[{"embeddable":true,"href":"https:\/\/ironsky.pl\/sklep\/wp-json\/wp\/v2\/media\/25663"}],"wp:attachment":[{"href":"https:\/\/ironsky.pl\/sklep\/wp-json\/wp\/v2\/media?parent=25662"}],"wp:term":[{"taxonomy":"product_brand","embeddable":true,"href":"https:\/\/ironsky.pl\/sklep\/wp-json\/wp\/v2\/product_brand?post=25662"},{"taxonomy":"product_cat","embeddable":true,"href":"https:\/\/ironsky.pl\/sklep\/wp-json\/wp\/v2\/product_cat?post=25662"},{"taxonomy":"product_tag","embeddable":true,"href":"https:\/\/ironsky.pl\/sklep\/wp-json\/wp\/v2\/product_tag?post=25662"}],"curies":[{"name":"wp","href":"https:\/\/api.w.org\/{rel}","templated":true}]}}