{"id":25479,"date":"2024-09-16T19:22:11","date_gmt":"2024-09-16T17:22:11","guid":{"rendered":"http:\/\/gvshalph.pro-linuxpl.com\/ironskyprodukty\/produkt\/statyw-kf-concept-k234a7bh-28l\/"},"modified":"2026-03-05T15:51:44","modified_gmt":"2026-03-05T14:51:44","slug":"statyw-kf-concept-k234a7bh-28l","status":"publish","type":"product","link":"https:\/\/ironsky.pl\/sklep\/produkt\/statyw-kf-concept-k234a7bh-28l\/","title":{"rendered":"Statyw K&#038;F Concept K234A7+BH-28L"},"content":{"rendered":"<h3>Statyw K&#038;F Concept K234A7+BH-28L<\/h3>\n<p>Statyw K&#038;F Concept K234A7+BH-28L zosta\u0142 zaprojektowany z my\u015bl\u0105 o dynamicznych fotografach i filmowcach, kt\u00f3rzy potrzebuj\u0105 niezawodnego sprz\u0119tu w terenie. Jego centralna kolumna obracaj\u0105ca si\u0119 o 90\u00b0 otwiera nowe mo\u017cliwo\u015bci dla fotografii makro i produktowej. Wytrzyma\u0142a konstrukcja zapewnia stabilne wsparcie dla sprz\u0119tu o wadze do oko\u0142o 9.98 kg, co jest istotne dla u\u017cytkownik\u00f3w zaawansowanych kamer i obiektyw\u00f3w. Z \u0142atwo\u015bci\u0105 mo\u017cna dostosowa\u0107 produkt do niskok\u0105tnych uj\u0119\u0107, a intuicyjny system blokowania n\u00f3g zapewnia szybkie ustawienie idealnej wysoko\u015bci.<\/p>\n<p><img decoding=\"async\" src=\"https:\/\/b2b.innpro.pl\/data\/include\/cms\/KF-Concept\/KF09.087V5\/1.jpg\" alt=\"KF-Concept\/KF09.087V5\/1\"><\/p>\n<h3>Innowacyjna konstrukcja i opatentowane rozwi\u0105zania<\/h3>\n<p>Statyw K&#038;F Concept K234A7+BH-28L wprowadza innowacyjn\u0105, poziom\u0105 kolumn\u0119 centraln\u0105 z mo\u017cliwo\u015bci\u0105 obrotu o 90\u00b0, co zwi\u0119ksza zakres pionowego podnoszenia i pozwala na ruch w poziomie, oferuj\u0105c niesamowit\u0105 wszechstronno\u015b\u0107 podczas fotografowania \u2013 szczeg\u00f3lnie w fotografii produktowej i makro.<\/p>\n<p><img decoding=\"async\" src=\"https:\/\/b2b.innpro.pl\/data\/include\/cms\/KF-Concept\/KF09.087V5\/4.jpg\" alt=\"KF-Concept\/KF09.087V5\/4\"><\/p>\n<h3>Du\u017cy ud\u017awig i stabilno\u015b\u0107<\/h3>\n<p>Produkt K&#038;F jest niezwykle wytrzyma\u0142y i przystosowany do obs\u0142ugiwania sprz\u0119tu o maksymalnej wadze oko\u0142o 9.98 kg. Dzi\u0119ki 23-milimetrowym rurkom n\u00f3g gwarantuje bezpieczne i stabilne wsparcie dla aparat\u00f3w DSLR marki Canon, Nikon, Sony i innych.<\/p>\n<p><img decoding=\"async\" src=\"https:\/\/b2b.innpro.pl\/data\/include\/cms\/KF-Concept\/KF09.087V5\/3.jpg\" alt=\"KF-Concept\/KF09.087V5\/3\"><\/p>\n<h3>Wielok\u0105tne mo\u017cliwo\u015bci nagrywania <\/h3>\n<p>Kolumna centralna statywu mo\u017ce by\u0107 odwr\u00f3cona do pozycji niskok\u0105towej, a system t\u0142umienia g\u0142owicy kulowej pozwala na \u0142atwe ustawienie aparatu pod r\u00f3\u017cnymi k\u0105tami (pionowe uj\u0119cia lub uj\u0119cia z g\u00f3ry), co jest idealne do panoram i makrofotografii.<\/p>\n<p><img decoding=\"async\" src=\"https:\/\/b2b.innpro.pl\/data\/include\/cms\/KF-Concept\/KF09.087V5\/2.jpg\" alt=\"KF-Concept\/KF09.087V5\/2\"><\/p>\n<h3>Szeroki zakres wysoko\u015bci<\/h3>\n<p>Wysoko\u015b\u0107 statywu mo\u017cna szybko i \u0142atwo dostosowa\u0107 w zakresie od 19,7&#8243; do 91&#8243;. Dodatkowo od\u0142\u0105czany monopod mo\u017ce by\u0107 wyd\u0142u\u017cony do d\u0142ugo\u015bci 84,5&#8243;, co przek\u0142ada si\u0119 na stabilno\u015b\u0107 i elastyczno\u015b\u0107 w r\u00f3\u017cnych warunkach fotograficznych.<\/p>\n<p><img decoding=\"async\" src=\"https:\/\/b2b.innpro.pl\/data\/include\/cms\/KF-Concept\/KF09.087V5\/7.jpg\" alt=\"KF-Concept\/KF09.087V5\/7\"><\/p>\n<h3>Szybki system blokowania n\u00f3g<\/h3>\n<p>Dzi\u0119ki szybkiemu systemowi blokowania nogi statywu mo\u017cna \u0142atwo poluzowa\u0107 lub zacisn\u0105\u0107 jedn\u0105 r\u0119k\u0105. \u015aruba blokuj\u0105ca jest owini\u0119ta mi\u0119kk\u0105 gum\u0105 dla komfortu i zapobiegania \u015blizganiu si\u0119.<\/p>\n<p><img decoding=\"async\" src=\"https:\/\/b2b.innpro.pl\/data\/include\/cms\/KF-Concept\/KF09.087V5\/9.jpg\" alt=\"KF-Concept\/KF09.087V5\/9\"><\/p>\n<div class=\"table-wrapper\">\n<table>\n<tbody>\n<tr>\n<th>Producent<\/th>\n<td>K+F<\/td>\n<\/tr>\n<tr>\n<th>Model<\/th>\n<td>KF09.087V5<\/td>\n<\/tr>\n<tr>\n<th>\n<h3>STATYW<\/h3>\n<\/th>\n<td><\/td>\n<\/tr>\n<tr>\n<th>Ilo\u015b\u0107 n\u00f3g<\/th>\n<td>4<\/td>\n<\/tr>\n<tr>\n<th>\u015arednica rury<\/th>\n<td>2,3 cm<\/td>\n<\/tr>\n<tr>\n<th>Maksymalna wysoko\u015b\u0107<\/th>\n<td>200 cm<\/td>\n<\/tr>\n<tr>\n<th>D\u0142ugo\u015b\u0107 po z\u0142o\u017ceniu<\/th>\n<td>49 cm<\/td>\n<\/tr>\n<tr>\n<th>Maksymalne obci\u0105\u017cenie <\/th>\n<td>10 kg<\/td>\n<\/tr>\n<tr>\n<th>Waga<\/th>\n<td>1,83 kg<\/td>\n<\/tr>\n<tr>\n<th>\n<h3>G\u0141OWICA KULOWA<\/h3>\n<\/th>\n<td><\/td>\n<\/tr>\n<tr>\n<th>Maksymalne obci\u0105\u017cenie <\/th>\n<td>10 kg<\/td>\n<\/tr>\n<tr>\n<th>Dolny interfejs<\/th>\n<td>3\/8&#8243;<\/td>\n<\/tr>\n<tr>\n<th>\u015arednica kuli<\/th>\n<td>2,8 cm<\/td>\n<\/tr>\n<tr>\n<th>Wysoko\u015b\u0107<\/th>\n<td>8 cm<\/td>\n<\/tr>\n<tr>\n<th>Waga<\/th>\n<td>0,26 kg<\/td>\n<\/tr>\n<tr>\n<th>Materia\u0142<\/th>\n<td>stop aluminium<\/td>\n<\/tr>\n<\/tbody>\n<\/table>\n<\/div>\n","protected":false},"excerpt":{"rendered":"<p>Statyw K&#038;F Concept K234A7+BH-28L Statyw K&#038;F Concept K234A7+BH-28L zosta\u0142 zaprojektowany z my\u015bl\u0105 o dynamicznych fotografach i filmowcach, kt\u00f3rzy potrzebuj\u0105 niezawodnego<\/p>\n","protected":false},"featured_media":25480,"comment_status":"closed","ping_status":"open","template":"","meta":{"_acf_changed":false},"product_brand":[],"product_cat":[1128,1139,1140,1141,1138],"product_tag":[],"class_list":{"0":"post-25479","1":"product","2":"type-product","3":"status-publish","4":"has-post-thumbnail","6":"product_cat-foto-wideo","7":"product_cat-selfie-stick","8":"product_cat-statywy","9":"product_cat-uchwyty-do-mocowania-kamer-i-aparatow","10":"product_cat-wysiegniki","11":"pa_box-height-1363","12":"pa_box-length-3385","13":"pa_box-width-2001","14":"pa_gross-weight-4637","15":"pa_hs-code-1983","16":"pa_kolejna-dostawa-27-09-2024","17":"pa_net-weight-2432","19":"first","20":"outofstock","21":"taxable","22":"shipping-taxable","23":"purchasable","24":"product-type-simple"},"acf":[],"yoast_head":"<!-- This site is optimized with the Yoast SEO plugin v27.2 - https:\/\/yoast.com\/product\/yoast-seo-wordpress\/ -->\n<title>Statyw K&amp;F Concept K234A7+BH-28L - IRONSKY.PL Sklep z Dronami<\/title>\n<meta name=\"description\" content=\"Statyw K&amp;F Concept K234A7+BH-28L - \u2705 sklep z dronami i fachowym doradztwem. \u2705 Tutaj kupisz produkty DJI, Yuneec, Parrot, Syma i wiele innych, a tak\u017ce kursy i licencje na operatora drona.\" \/>\n<meta name=\"robots\" content=\"index, follow, max-snippet:-1, max-image-preview:large, max-video-preview:-1\" \/>\n<link rel=\"canonical\" href=\"https:\/\/ironsky.pl\/sklep\/produkt\/statyw-kf-concept-k234a7bh-28l\/\" \/>\n<meta property=\"og:locale\" content=\"pl_PL\" \/>\n<meta property=\"og:type\" content=\"article\" \/>\n<meta property=\"og:title\" content=\"Statyw K&amp;F Concept K234A7+BH-28L - IRONSKY.PL Sklep z Dronami\" \/>\n<meta property=\"og:description\" content=\"Statyw K&amp;F Concept K234A7+BH-28L - \u2705 sklep z dronami i fachowym doradztwem. \u2705 Tutaj kupisz produkty DJI, Yuneec, Parrot, Syma i wiele innych, a tak\u017ce kursy i licencje na operatora drona.\" \/>\n<meta property=\"og:url\" content=\"https:\/\/ironsky.pl\/sklep\/produkt\/statyw-kf-concept-k234a7bh-28l\/\" \/>\n<meta property=\"og:site_name\" content=\"IRONSKY.PL Sklep z Dronami\" \/>\n<meta property=\"article:modified_time\" content=\"2026-03-05T14:51:44+00:00\" \/>\n<meta property=\"og:image\" content=\"https:\/\/ironsky.pl\/sklep\/wp-content\/uploads\/2024\/09\/36496_5.jpg\" \/>\n\t<meta property=\"og:image:width\" content=\"800\" \/>\n\t<meta property=\"og:image:height\" content=\"800\" \/>\n\t<meta property=\"og:image:type\" content=\"image\/jpeg\" \/>\n<meta name=\"twitter:card\" content=\"summary_large_image\" \/>\n<meta name=\"twitter:label1\" content=\"Szacowany czas czytania\" \/>\n\t<meta name=\"twitter:data1\" content=\"2 minuty\" \/>\n<script type=\"application\/ld+json\" class=\"yoast-schema-graph\">{\"@context\":\"https:\/\/schema.org\",\"@graph\":[{\"@type\":\"WebPage\",\"@id\":\"https:\/\/ironsky.pl\/sklep\/produkt\/statyw-kf-concept-k234a7bh-28l\/\",\"url\":\"https:\/\/ironsky.pl\/sklep\/produkt\/statyw-kf-concept-k234a7bh-28l\/\",\"name\":\"Statyw K&F Concept K234A7+BH-28L - IRONSKY.PL Sklep z Dronami\",\"isPartOf\":{\"@id\":\"https:\/\/ironsky.pl\/sklep\/#website\"},\"primaryImageOfPage\":{\"@id\":\"https:\/\/ironsky.pl\/sklep\/produkt\/statyw-kf-concept-k234a7bh-28l\/#primaryimage\"},\"image\":{\"@id\":\"https:\/\/ironsky.pl\/sklep\/produkt\/statyw-kf-concept-k234a7bh-28l\/#primaryimage\"},\"thumbnailUrl\":\"https:\/\/ironsky.pl\/sklep\/wp-content\/uploads\/2024\/09\/36496_5.jpg\",\"datePublished\":\"2024-09-16T17:22:11+00:00\",\"dateModified\":\"2026-03-05T14:51:44+00:00\",\"description\":\"Statyw K&F Concept K234A7+BH-28L - \u2705 sklep z dronami i fachowym doradztwem. \u2705 Tutaj kupisz produkty DJI, Yuneec, Parrot, Syma i wiele innych, a tak\u017ce kursy i licencje na operatora drona.\",\"breadcrumb\":{\"@id\":\"https:\/\/ironsky.pl\/sklep\/produkt\/statyw-kf-concept-k234a7bh-28l\/#breadcrumb\"},\"inLanguage\":\"pl-PL\",\"potentialAction\":[{\"@type\":\"ReadAction\",\"target\":[\"https:\/\/ironsky.pl\/sklep\/produkt\/statyw-kf-concept-k234a7bh-28l\/\"]}]},{\"@type\":\"ImageObject\",\"inLanguage\":\"pl-PL\",\"@id\":\"https:\/\/ironsky.pl\/sklep\/produkt\/statyw-kf-concept-k234a7bh-28l\/#primaryimage\",\"url\":\"https:\/\/ironsky.pl\/sklep\/wp-content\/uploads\/2024\/09\/36496_5.jpg\",\"contentUrl\":\"https:\/\/ironsky.pl\/sklep\/wp-content\/uploads\/2024\/09\/36496_5.jpg\",\"width\":800,\"height\":800},{\"@type\":\"BreadcrumbList\",\"@id\":\"https:\/\/ironsky.pl\/sklep\/produkt\/statyw-kf-concept-k234a7bh-28l\/#breadcrumb\",\"itemListElement\":[{\"@type\":\"ListItem\",\"position\":1,\"name\":\"Strona g\u0142\u00f3wna\",\"item\":\"https:\/\/ironsky.pl\/sklep\/\"},{\"@type\":\"ListItem\",\"position\":2,\"name\":\"Wszystkie produkty\",\"item\":\"https:\/\/ironsky.pl\/sklep\/produkty\/\"},{\"@type\":\"ListItem\",\"position\":3,\"name\":\"Statyw K&#038;F Concept K234A7+BH-28L\"}]},{\"@type\":\"WebSite\",\"@id\":\"https:\/\/ironsky.pl\/sklep\/#website\",\"url\":\"https:\/\/ironsky.pl\/sklep\/\",\"name\":\"IRONSKY.PL Sklep z Dronami\",\"description\":\"IRONSKY.PL Sklep z Dronami\",\"potentialAction\":[{\"@type\":\"SearchAction\",\"target\":{\"@type\":\"EntryPoint\",\"urlTemplate\":\"https:\/\/ironsky.pl\/sklep\/?s={search_term_string}\"},\"query-input\":{\"@type\":\"PropertyValueSpecification\",\"valueRequired\":true,\"valueName\":\"search_term_string\"}}],\"inLanguage\":\"pl-PL\"}]}<\/script>\n<!-- \/ Yoast SEO plugin. -->","yoast_head_json":{"title":"Statyw K&F Concept K234A7+BH-28L - IRONSKY.PL Sklep z Dronami","description":"Statyw K&F Concept K234A7+BH-28L - \u2705 sklep z dronami i fachowym doradztwem. \u2705 Tutaj kupisz produkty DJI, Yuneec, Parrot, Syma i wiele innych, a tak\u017ce kursy i licencje na operatora drona.","robots":{"index":"index","follow":"follow","max-snippet":"max-snippet:-1","max-image-preview":"max-image-preview:large","max-video-preview":"max-video-preview:-1"},"canonical":"https:\/\/ironsky.pl\/sklep\/produkt\/statyw-kf-concept-k234a7bh-28l\/","og_locale":"pl_PL","og_type":"article","og_title":"Statyw K&F Concept K234A7+BH-28L - IRONSKY.PL Sklep z Dronami","og_description":"Statyw K&F Concept K234A7+BH-28L - \u2705 sklep z dronami i fachowym doradztwem. \u2705 Tutaj kupisz produkty DJI, Yuneec, Parrot, Syma i wiele innych, a tak\u017ce kursy i licencje na operatora drona.","og_url":"https:\/\/ironsky.pl\/sklep\/produkt\/statyw-kf-concept-k234a7bh-28l\/","og_site_name":"IRONSKY.PL Sklep z Dronami","article_modified_time":"2026-03-05T14:51:44+00:00","og_image":[{"width":800,"height":800,"url":"https:\/\/ironsky.pl\/sklep\/wp-content\/uploads\/2024\/09\/36496_5.jpg","type":"image\/jpeg"}],"twitter_card":"summary_large_image","twitter_misc":{"Szacowany czas czytania":"2 minuty"},"schema":{"@context":"https:\/\/schema.org","@graph":[{"@type":"WebPage","@id":"https:\/\/ironsky.pl\/sklep\/produkt\/statyw-kf-concept-k234a7bh-28l\/","url":"https:\/\/ironsky.pl\/sklep\/produkt\/statyw-kf-concept-k234a7bh-28l\/","name":"Statyw K&F Concept K234A7+BH-28L - IRONSKY.PL Sklep z Dronami","isPartOf":{"@id":"https:\/\/ironsky.pl\/sklep\/#website"},"primaryImageOfPage":{"@id":"https:\/\/ironsky.pl\/sklep\/produkt\/statyw-kf-concept-k234a7bh-28l\/#primaryimage"},"image":{"@id":"https:\/\/ironsky.pl\/sklep\/produkt\/statyw-kf-concept-k234a7bh-28l\/#primaryimage"},"thumbnailUrl":"https:\/\/ironsky.pl\/sklep\/wp-content\/uploads\/2024\/09\/36496_5.jpg","datePublished":"2024-09-16T17:22:11+00:00","dateModified":"2026-03-05T14:51:44+00:00","description":"Statyw K&F Concept K234A7+BH-28L - \u2705 sklep z dronami i fachowym doradztwem. \u2705 Tutaj kupisz produkty DJI, Yuneec, Parrot, Syma i wiele innych, a tak\u017ce kursy i licencje na operatora drona.","breadcrumb":{"@id":"https:\/\/ironsky.pl\/sklep\/produkt\/statyw-kf-concept-k234a7bh-28l\/#breadcrumb"},"inLanguage":"pl-PL","potentialAction":[{"@type":"ReadAction","target":["https:\/\/ironsky.pl\/sklep\/produkt\/statyw-kf-concept-k234a7bh-28l\/"]}]},{"@type":"ImageObject","inLanguage":"pl-PL","@id":"https:\/\/ironsky.pl\/sklep\/produkt\/statyw-kf-concept-k234a7bh-28l\/#primaryimage","url":"https:\/\/ironsky.pl\/sklep\/wp-content\/uploads\/2024\/09\/36496_5.jpg","contentUrl":"https:\/\/ironsky.pl\/sklep\/wp-content\/uploads\/2024\/09\/36496_5.jpg","width":800,"height":800},{"@type":"BreadcrumbList","@id":"https:\/\/ironsky.pl\/sklep\/produkt\/statyw-kf-concept-k234a7bh-28l\/#breadcrumb","itemListElement":[{"@type":"ListItem","position":1,"name":"Strona g\u0142\u00f3wna","item":"https:\/\/ironsky.pl\/sklep\/"},{"@type":"ListItem","position":2,"name":"Wszystkie produkty","item":"https:\/\/ironsky.pl\/sklep\/produkty\/"},{"@type":"ListItem","position":3,"name":"Statyw K&#038;F Concept K234A7+BH-28L"}]},{"@type":"WebSite","@id":"https:\/\/ironsky.pl\/sklep\/#website","url":"https:\/\/ironsky.pl\/sklep\/","name":"IRONSKY.PL Sklep z Dronami","description":"IRONSKY.PL Sklep z Dronami","potentialAction":[{"@type":"SearchAction","target":{"@type":"EntryPoint","urlTemplate":"https:\/\/ironsky.pl\/sklep\/?s={search_term_string}"},"query-input":{"@type":"PropertyValueSpecification","valueRequired":true,"valueName":"search_term_string"}}],"inLanguage":"pl-PL"}]}},"_links":{"self":[{"href":"https:\/\/ironsky.pl\/sklep\/wp-json\/wp\/v2\/product\/25479","targetHints":{"allow":["GET"]}}],"collection":[{"href":"https:\/\/ironsky.pl\/sklep\/wp-json\/wp\/v2\/product"}],"about":[{"href":"https:\/\/ironsky.pl\/sklep\/wp-json\/wp\/v2\/types\/product"}],"replies":[{"embeddable":true,"href":"https:\/\/ironsky.pl\/sklep\/wp-json\/wp\/v2\/comments?post=25479"}],"wp:featuredmedia":[{"embeddable":true,"href":"https:\/\/ironsky.pl\/sklep\/wp-json\/wp\/v2\/media\/25480"}],"wp:attachment":[{"href":"https:\/\/ironsky.pl\/sklep\/wp-json\/wp\/v2\/media?parent=25479"}],"wp:term":[{"taxonomy":"product_brand","embeddable":true,"href":"https:\/\/ironsky.pl\/sklep\/wp-json\/wp\/v2\/product_brand?post=25479"},{"taxonomy":"product_cat","embeddable":true,"href":"https:\/\/ironsky.pl\/sklep\/wp-json\/wp\/v2\/product_cat?post=25479"},{"taxonomy":"product_tag","embeddable":true,"href":"https:\/\/ironsky.pl\/sklep\/wp-json\/wp\/v2\/product_tag?post=25479"}],"curies":[{"name":"wp","href":"https:\/\/api.w.org\/{rel}","templated":true}]}}