{"id":25471,"date":"2024-09-16T19:22:11","date_gmt":"2024-09-16T17:22:11","guid":{"rendered":"http:\/\/gvshalph.pro-linuxpl.com\/ironskyprodukty\/produkt\/statyw-kf-concept-k234a0bh-28l\/"},"modified":"2026-03-05T15:51:44","modified_gmt":"2026-03-05T14:51:44","slug":"statyw-kf-concept-k234a0bh-28l","status":"publish","type":"product","link":"https:\/\/ironsky.pl\/sklep\/produkt\/statyw-kf-concept-k234a0bh-28l\/","title":{"rendered":"Statyw K&#038;F Concept K234A0+BH-28L"},"content":{"rendered":"<h3>Statyw K&#038;F Concept K234A0+BH-28L<\/h3>\n<p>Statyw K&#038;F Concept BI234M wyr\u00f3\u017cnia si\u0119 lekk\u0105, ale wytrzyma\u0142\u0105 konstrukcj\u0105 i pozwala na \u0142atwy transport, a solidna g\u0142owica kulowa zabezpiecza sprz\u0119t i umo\u017cliwia p\u0142ynn\u0105 prac\u0119 w zakresie 360\u00b0, co jest kluczowe przy zdj\u0119ciach panoramicznych i dynamicznym filmowaniu. Odwracalna kolumna centralna to kreatywne rozwi\u0105zanie dla pasjonat\u00f3w fotografii makro, a intuicyjny system blokowania umo\u017cliwia szybkie dostosowanie wysoko\u015bci. Wytrzyma\u0142o\u015b\u0107 na obci\u0105\u017cenia do 8 kg sprawia, \u017ce na statywie mo\u017cna bezpiecznie umie\u015bci\u0107 nawet ci\u0119\u017cki, profesjonalny sprz\u0119t.<\/p>\n<p><img decoding=\"async\" src=\"https:\/\/b2b.innpro.pl\/data\/include\/cms\/KF-Concept\/KF09.101V1\/7.jpg\" alt=\"KF-Concept\/KF09.101V1\/7\"><\/p>\n<h3>Idealny dla podr\u00f3\u017cnik\u00f3w i vloger\u00f3w<\/h3>\n<p>Do wykonania statywu K&#038;F Concept BI234M wykorzystano wysokiej jako\u015bci materia\u0142y, charakteryzuj\u0105ce si\u0119 odporno\u015bci\u0105 na korozj\u0119, takie jak stop magnezu i aluminium. Dzi\u0119ki regulowanej konstrukcji mo\u017cna z\u0142o\u017cy\u0107 produkt do d\u0142ugo\u015bci 390 mm, aby u\u0142atwi\u0107 sobie jego transport \u2013 z powodzeniem umie\u015bcisz go w plecaku lub walizce.<\/p>\n<p><img decoding=\"async\" src=\"https:\/\/b2b.innpro.pl\/data\/include\/cms\/KF-Concept\/KF09.101V1\/5.jpg\" alt=\"KF-Concept\/KF09.101V1\/5\"><\/p>\n<h3>Uj\u0119cia 360\u00b0<\/h3>\n<p>G\u0142owica kulowa o \u015brednicy 28 mm zapewnia ud\u017awig do 8 kg, umo\u017cliwiaj\u0105c obrotowe ruchy o 360\u00b0. Rozszerza to mo\u017cliwo\u015bci dzia\u0142ania kamery DSLR podczas wykonywania zdj\u0119\u0107 panoramicznych.<\/p>\n<p><img decoding=\"async\" src=\"https:\/\/b2b.innpro.pl\/data\/include\/cms\/KF-Concept\/KF09.101V1\/8.jpg\" alt=\"KF-Concept\/KF09.101V1\/8\"><\/p>\n<h3>Odwracalna kolumna centralna dla fotografii makro<\/h3>\n<p>Statyw BI234M od K&#038;F Concept oferuje odwracaln\u0105 kolumn\u0119 centraln\u0105, kt\u00f3ra pozwala zbli\u017cy\u0107 si\u0119 do ziemi, co jest niezwykle przydatne w fotografii makro.<\/p>\n<p><img decoding=\"async\" src=\"https:\/\/b2b.innpro.pl\/data\/include\/cms\/KF-Concept\/KF09.101V1\/6.jpg\" alt=\"KF-Concept\/KF09.101V1\/6\"><\/p>\n<h3>Mo\u017cliwo\u015b\u0107 regulacji<\/h3>\n<p>4-sekcyjne nogi z maksymaln\u0105 \u015brednic\u0105 22 mm mog\u0105 zosta\u0107 szybko i \u0142atwo zablokowane, dzi\u0119ki czemu wygodnie dostosujesz wysoko\u015b\u0107 statywu w ci\u0105gu kilku sekund. Wysoko\u015b\u0107 bez rozci\u0105gni\u0119tej kolumny wynosi 11.6 cm, a z dwusekcyjn\u0105 kolumn\u0105 centraln\u0105 si\u0119ga 16.3 cm, co u\u0142atwia fotografowanie w pozycji stoj\u0105cej.<\/p>\n<p><img decoding=\"async\" src=\"https:\/\/b2b.innpro.pl\/data\/include\/cms\/KF-Concept\/KF09.101V1\/4.jpg\" alt=\"KF-Concept\/KF09.101V1\/4\"><\/p>\n<h3>Du\u017ca kompatybilno\u015b\u0107<\/h3>\n<p>Szybkoz\u0142\u0105czka 1\/4&#8243; pasuje do wi\u0119kszo\u015bci aparat\u00f3w, kamer DSLR, projektor\u00f3w i teleskop\u00f3w. Dzi\u0119ki dodatkowemu uchwytowi mo\u017cna r\u00f3wnie\u017c pod\u0142\u0105czy\u0107 telefon.<\/p>\n<p><img decoding=\"async\" src=\"https:\/\/b2b.innpro.pl\/data\/include\/cms\/KF-Concept\/KF09.101V1\/9.jpg\" alt=\"KF-Concept\/KF09.101V1\/9\"><\/p>\n<div class=\"table-wrapper\">\n<table>\n<tbody>\n<tr>\n<th>Producent<\/th>\n<td>K&#038;F Concept<\/td>\n<\/tr>\n<tr>\n<th>Model<\/th>\n<td>KF09.101V1<\/td>\n<\/tr>\n<tr>\n<th>\u015arednica kulki<\/th>\n<td>2,8 cm<\/td>\n<\/tr>\n<tr>\n<th>Pod\u0142\u0105czenie dolne<\/th>\n<td>3\/8&#8243;<\/td>\n<\/tr>\n<tr>\n<th>Maksymalne obci\u0105\u017cenie<\/th>\n<td>8 kg<\/td>\n<\/tr>\n<tr>\n<th>Wysoko\u015b\u0107<\/th>\n<td>8 cm<\/td>\n<\/tr>\n<tr>\n<th>Waga<\/th>\n<td>0,21 kg<\/td>\n<\/tr>\n<tr>\n<th>Materia\u0142<\/th>\n<td>syntetyczny nylon<\/td>\n<\/tr>\n<\/tbody>\n<\/table>\n<\/div>\n","protected":false},"excerpt":{"rendered":"<p>Statyw K&#038;F Concept K234A0+BH-28L Statyw K&#038;F Concept BI234M wyr\u00f3\u017cnia si\u0119 lekk\u0105, ale wytrzyma\u0142\u0105 konstrukcj\u0105 i pozwala na \u0142atwy transport, a<\/p>\n","protected":false},"featured_media":25472,"comment_status":"closed","ping_status":"open","template":"","meta":{"_acf_changed":false},"product_brand":[],"product_cat":[1128,1139,1140,1141,1138],"product_tag":[],"class_list":{"0":"post-25471","1":"product","2":"type-product","3":"status-publish","4":"has-post-thumbnail","6":"product_cat-foto-wideo","7":"product_cat-selfie-stick","8":"product_cat-statywy","9":"product_cat-uchwyty-do-mocowania-kamer-i-aparatow","10":"product_cat-wysiegniki","11":"pa_box-height-1363","12":"pa_box-length-2591","13":"pa_box-width-2001","14":"pa_gross-weight-4635","15":"pa_hs-code-1775","16":"pa_kolejna-dostawa-27-09-2024","17":"pa_net-weight-4634","18":"pa_przeznaczenie-do-kamer-do-telefonow","19":"pa_z-wbudowanym-oswietleniem-nie","21":"first","22":"outofstock","23":"taxable","24":"shipping-taxable","25":"purchasable","26":"product-type-simple"},"acf":[],"yoast_head":"<!-- This site is optimized with the Yoast SEO plugin v27.2 - https:\/\/yoast.com\/product\/yoast-seo-wordpress\/ -->\n<title>Statyw K&amp;F Concept K234A0+BH-28L - IRONSKY.PL Sklep z Dronami<\/title>\n<meta name=\"description\" content=\"Statyw K&amp;F Concept K234A0+BH-28L - \u2705 sklep z dronami i fachowym doradztwem. \u2705 Tutaj kupisz produkty DJI, Yuneec, Parrot, Syma i wiele innych, a tak\u017ce kursy i licencje na operatora drona.\" \/>\n<meta name=\"robots\" content=\"index, follow, max-snippet:-1, max-image-preview:large, max-video-preview:-1\" \/>\n<link rel=\"canonical\" href=\"https:\/\/ironsky.pl\/sklep\/produkt\/statyw-kf-concept-k234a0bh-28l\/\" \/>\n<meta property=\"og:locale\" content=\"pl_PL\" \/>\n<meta property=\"og:type\" content=\"article\" \/>\n<meta property=\"og:title\" content=\"Statyw K&amp;F Concept K234A0+BH-28L - IRONSKY.PL Sklep z Dronami\" \/>\n<meta property=\"og:description\" content=\"Statyw K&amp;F Concept K234A0+BH-28L - \u2705 sklep z dronami i fachowym doradztwem. \u2705 Tutaj kupisz produkty DJI, Yuneec, Parrot, Syma i wiele innych, a tak\u017ce kursy i licencje na operatora drona.\" \/>\n<meta property=\"og:url\" content=\"https:\/\/ironsky.pl\/sklep\/produkt\/statyw-kf-concept-k234a0bh-28l\/\" \/>\n<meta property=\"og:site_name\" content=\"IRONSKY.PL Sklep z Dronami\" \/>\n<meta property=\"article:modified_time\" content=\"2026-03-05T14:51:44+00:00\" \/>\n<meta property=\"og:image\" content=\"https:\/\/ironsky.pl\/sklep\/wp-content\/uploads\/2024\/09\/36491_4.jpg\" \/>\n\t<meta property=\"og:image:width\" content=\"800\" \/>\n\t<meta property=\"og:image:height\" content=\"800\" \/>\n\t<meta property=\"og:image:type\" content=\"image\/jpeg\" \/>\n<meta name=\"twitter:card\" content=\"summary_large_image\" \/>\n<meta name=\"twitter:label1\" content=\"Szacowany czas czytania\" \/>\n\t<meta name=\"twitter:data1\" content=\"2 minuty\" \/>\n<script type=\"application\/ld+json\" class=\"yoast-schema-graph\">{\"@context\":\"https:\/\/schema.org\",\"@graph\":[{\"@type\":\"WebPage\",\"@id\":\"https:\/\/ironsky.pl\/sklep\/produkt\/statyw-kf-concept-k234a0bh-28l\/\",\"url\":\"https:\/\/ironsky.pl\/sklep\/produkt\/statyw-kf-concept-k234a0bh-28l\/\",\"name\":\"Statyw K&F Concept K234A0+BH-28L - IRONSKY.PL Sklep z Dronami\",\"isPartOf\":{\"@id\":\"https:\/\/ironsky.pl\/sklep\/#website\"},\"primaryImageOfPage\":{\"@id\":\"https:\/\/ironsky.pl\/sklep\/produkt\/statyw-kf-concept-k234a0bh-28l\/#primaryimage\"},\"image\":{\"@id\":\"https:\/\/ironsky.pl\/sklep\/produkt\/statyw-kf-concept-k234a0bh-28l\/#primaryimage\"},\"thumbnailUrl\":\"https:\/\/ironsky.pl\/sklep\/wp-content\/uploads\/2024\/09\/36491_4.jpg\",\"datePublished\":\"2024-09-16T17:22:11+00:00\",\"dateModified\":\"2026-03-05T14:51:44+00:00\",\"description\":\"Statyw K&F Concept K234A0+BH-28L - \u2705 sklep z dronami i fachowym doradztwem. \u2705 Tutaj kupisz produkty DJI, Yuneec, Parrot, Syma i wiele innych, a tak\u017ce kursy i licencje na operatora drona.\",\"breadcrumb\":{\"@id\":\"https:\/\/ironsky.pl\/sklep\/produkt\/statyw-kf-concept-k234a0bh-28l\/#breadcrumb\"},\"inLanguage\":\"pl-PL\",\"potentialAction\":[{\"@type\":\"ReadAction\",\"target\":[\"https:\/\/ironsky.pl\/sklep\/produkt\/statyw-kf-concept-k234a0bh-28l\/\"]}]},{\"@type\":\"ImageObject\",\"inLanguage\":\"pl-PL\",\"@id\":\"https:\/\/ironsky.pl\/sklep\/produkt\/statyw-kf-concept-k234a0bh-28l\/#primaryimage\",\"url\":\"https:\/\/ironsky.pl\/sklep\/wp-content\/uploads\/2024\/09\/36491_4.jpg\",\"contentUrl\":\"https:\/\/ironsky.pl\/sklep\/wp-content\/uploads\/2024\/09\/36491_4.jpg\",\"width\":800,\"height\":800},{\"@type\":\"BreadcrumbList\",\"@id\":\"https:\/\/ironsky.pl\/sklep\/produkt\/statyw-kf-concept-k234a0bh-28l\/#breadcrumb\",\"itemListElement\":[{\"@type\":\"ListItem\",\"position\":1,\"name\":\"Strona g\u0142\u00f3wna\",\"item\":\"https:\/\/ironsky.pl\/sklep\/\"},{\"@type\":\"ListItem\",\"position\":2,\"name\":\"Wszystkie produkty\",\"item\":\"https:\/\/ironsky.pl\/sklep\/produkty\/\"},{\"@type\":\"ListItem\",\"position\":3,\"name\":\"Statyw K&#038;F Concept K234A0+BH-28L\"}]},{\"@type\":\"WebSite\",\"@id\":\"https:\/\/ironsky.pl\/sklep\/#website\",\"url\":\"https:\/\/ironsky.pl\/sklep\/\",\"name\":\"IRONSKY.PL Sklep z Dronami\",\"description\":\"IRONSKY.PL Sklep z Dronami\",\"potentialAction\":[{\"@type\":\"SearchAction\",\"target\":{\"@type\":\"EntryPoint\",\"urlTemplate\":\"https:\/\/ironsky.pl\/sklep\/?s={search_term_string}\"},\"query-input\":{\"@type\":\"PropertyValueSpecification\",\"valueRequired\":true,\"valueName\":\"search_term_string\"}}],\"inLanguage\":\"pl-PL\"}]}<\/script>\n<!-- \/ Yoast SEO plugin. -->","yoast_head_json":{"title":"Statyw K&F Concept K234A0+BH-28L - IRONSKY.PL Sklep z Dronami","description":"Statyw K&F Concept K234A0+BH-28L - \u2705 sklep z dronami i fachowym doradztwem. \u2705 Tutaj kupisz produkty DJI, Yuneec, Parrot, Syma i wiele innych, a tak\u017ce kursy i licencje na operatora drona.","robots":{"index":"index","follow":"follow","max-snippet":"max-snippet:-1","max-image-preview":"max-image-preview:large","max-video-preview":"max-video-preview:-1"},"canonical":"https:\/\/ironsky.pl\/sklep\/produkt\/statyw-kf-concept-k234a0bh-28l\/","og_locale":"pl_PL","og_type":"article","og_title":"Statyw K&F Concept K234A0+BH-28L - IRONSKY.PL Sklep z Dronami","og_description":"Statyw K&F Concept K234A0+BH-28L - \u2705 sklep z dronami i fachowym doradztwem. \u2705 Tutaj kupisz produkty DJI, Yuneec, Parrot, Syma i wiele innych, a tak\u017ce kursy i licencje na operatora drona.","og_url":"https:\/\/ironsky.pl\/sklep\/produkt\/statyw-kf-concept-k234a0bh-28l\/","og_site_name":"IRONSKY.PL Sklep z Dronami","article_modified_time":"2026-03-05T14:51:44+00:00","og_image":[{"width":800,"height":800,"url":"https:\/\/ironsky.pl\/sklep\/wp-content\/uploads\/2024\/09\/36491_4.jpg","type":"image\/jpeg"}],"twitter_card":"summary_large_image","twitter_misc":{"Szacowany czas czytania":"2 minuty"},"schema":{"@context":"https:\/\/schema.org","@graph":[{"@type":"WebPage","@id":"https:\/\/ironsky.pl\/sklep\/produkt\/statyw-kf-concept-k234a0bh-28l\/","url":"https:\/\/ironsky.pl\/sklep\/produkt\/statyw-kf-concept-k234a0bh-28l\/","name":"Statyw K&F Concept K234A0+BH-28L - IRONSKY.PL Sklep z Dronami","isPartOf":{"@id":"https:\/\/ironsky.pl\/sklep\/#website"},"primaryImageOfPage":{"@id":"https:\/\/ironsky.pl\/sklep\/produkt\/statyw-kf-concept-k234a0bh-28l\/#primaryimage"},"image":{"@id":"https:\/\/ironsky.pl\/sklep\/produkt\/statyw-kf-concept-k234a0bh-28l\/#primaryimage"},"thumbnailUrl":"https:\/\/ironsky.pl\/sklep\/wp-content\/uploads\/2024\/09\/36491_4.jpg","datePublished":"2024-09-16T17:22:11+00:00","dateModified":"2026-03-05T14:51:44+00:00","description":"Statyw K&F Concept K234A0+BH-28L - \u2705 sklep z dronami i fachowym doradztwem. \u2705 Tutaj kupisz produkty DJI, Yuneec, Parrot, Syma i wiele innych, a tak\u017ce kursy i licencje na operatora drona.","breadcrumb":{"@id":"https:\/\/ironsky.pl\/sklep\/produkt\/statyw-kf-concept-k234a0bh-28l\/#breadcrumb"},"inLanguage":"pl-PL","potentialAction":[{"@type":"ReadAction","target":["https:\/\/ironsky.pl\/sklep\/produkt\/statyw-kf-concept-k234a0bh-28l\/"]}]},{"@type":"ImageObject","inLanguage":"pl-PL","@id":"https:\/\/ironsky.pl\/sklep\/produkt\/statyw-kf-concept-k234a0bh-28l\/#primaryimage","url":"https:\/\/ironsky.pl\/sklep\/wp-content\/uploads\/2024\/09\/36491_4.jpg","contentUrl":"https:\/\/ironsky.pl\/sklep\/wp-content\/uploads\/2024\/09\/36491_4.jpg","width":800,"height":800},{"@type":"BreadcrumbList","@id":"https:\/\/ironsky.pl\/sklep\/produkt\/statyw-kf-concept-k234a0bh-28l\/#breadcrumb","itemListElement":[{"@type":"ListItem","position":1,"name":"Strona g\u0142\u00f3wna","item":"https:\/\/ironsky.pl\/sklep\/"},{"@type":"ListItem","position":2,"name":"Wszystkie produkty","item":"https:\/\/ironsky.pl\/sklep\/produkty\/"},{"@type":"ListItem","position":3,"name":"Statyw K&#038;F Concept K234A0+BH-28L"}]},{"@type":"WebSite","@id":"https:\/\/ironsky.pl\/sklep\/#website","url":"https:\/\/ironsky.pl\/sklep\/","name":"IRONSKY.PL Sklep z Dronami","description":"IRONSKY.PL Sklep z Dronami","potentialAction":[{"@type":"SearchAction","target":{"@type":"EntryPoint","urlTemplate":"https:\/\/ironsky.pl\/sklep\/?s={search_term_string}"},"query-input":{"@type":"PropertyValueSpecification","valueRequired":true,"valueName":"search_term_string"}}],"inLanguage":"pl-PL"}]}},"_links":{"self":[{"href":"https:\/\/ironsky.pl\/sklep\/wp-json\/wp\/v2\/product\/25471","targetHints":{"allow":["GET"]}}],"collection":[{"href":"https:\/\/ironsky.pl\/sklep\/wp-json\/wp\/v2\/product"}],"about":[{"href":"https:\/\/ironsky.pl\/sklep\/wp-json\/wp\/v2\/types\/product"}],"replies":[{"embeddable":true,"href":"https:\/\/ironsky.pl\/sklep\/wp-json\/wp\/v2\/comments?post=25471"}],"wp:featuredmedia":[{"embeddable":true,"href":"https:\/\/ironsky.pl\/sklep\/wp-json\/wp\/v2\/media\/25472"}],"wp:attachment":[{"href":"https:\/\/ironsky.pl\/sklep\/wp-json\/wp\/v2\/media?parent=25471"}],"wp:term":[{"taxonomy":"product_brand","embeddable":true,"href":"https:\/\/ironsky.pl\/sklep\/wp-json\/wp\/v2\/product_brand?post=25471"},{"taxonomy":"product_cat","embeddable":true,"href":"https:\/\/ironsky.pl\/sklep\/wp-json\/wp\/v2\/product_cat?post=25471"},{"taxonomy":"product_tag","embeddable":true,"href":"https:\/\/ironsky.pl\/sklep\/wp-json\/wp\/v2\/product_tag?post=25471"}],"curies":[{"name":"wp","href":"https:\/\/api.w.org\/{rel}","templated":true}]}}