{"id":25465,"date":"2024-09-16T19:22:11","date_gmt":"2024-09-16T17:22:11","guid":{"rendered":"http:\/\/gvshalph.pro-linuxpl.com\/ironskyprodukty\/produkt\/opaska-na-nadgarstek-kf-concept-do-kamery\/"},"modified":"2026-03-05T15:51:44","modified_gmt":"2026-03-05T14:51:44","slug":"opaska-na-nadgarstek-kf-concept-do-kamery","status":"publish","type":"product","link":"https:\/\/ironsky.pl\/sklep\/produkt\/opaska-na-nadgarstek-kf-concept-do-kamery\/","title":{"rendered":"Opaska na nadgarstek K&#038;F Concept do kamery"},"content":{"rendered":"<h3>Opaska na nadgarstek K&#038;F Concept do kamery<\/h3>\n<p>Opaska na nadgarstek K&#038;F Concept zosta\u0142a stworzona z my\u015bl\u0105 o najbardziej wymagaj\u0105cych fotografach. Wykorzystanie nylonowej ta\u015bmy, stosowanej tak\u017ce przy produkcji samochodowych pas\u00f3w bezpiecze\u0144stwa zapewnia odporno\u015b\u0107 na r\u00f3\u017cnorodne warunki atmosferyczne. Dodatkowo w\u0142a\u015bciwo\u015bci antybakteryjne i przeciwple\u015bniowe czyni\u0105 produkt idealnym wyborem dla fotograf\u00f3w pracuj\u0105cych w trudnych \u015brodowiskach.<\/p>\n<p><img decoding=\"async\" src=\"https:\/\/b2b.innpro.pl\/data\/include\/cms\/KF-Concept\/KF13.116\/6.jpg\" alt=\"KF-Concept\/KF13.116\/6\"><\/p>\n<h3>Klamra dla dodatkowego bezpiecze\u0144stwa<\/h3>\n<p>Klamra z zamkiem wykorzystuje mechanizm blokuj\u0105cy, kt\u00f3ry chroni aparat przed przypadkowymi upadkami, zapewniaj\u0105c bezpiecze\u0144stwo dla drogocennego sprz\u0119tu.<\/p>\n<p><img decoding=\"async\" src=\"https:\/\/b2b.innpro.pl\/data\/include\/cms\/KF-Concept\/KF13.116\/1.jpg\" alt=\"KF-Concept\/KF13.116\/1\"><\/p>\n<h3>Optymalizacja pracy<\/h3>\n<p>Dzi\u0119ki wykorzystaniu D-ringa opaska oferuje szybki dost\u0119p do aparatu. Zastosowane rozwi\u0105zanie minimalizuje ryzyko uszkodzenia sprz\u0119tu, umo\u017cliwiaj\u0105c b\u0142yskawiczne reagowanie na zmieniaj\u0105ce si\u0119 warunki w terenie.<\/p>\n<p><img decoding=\"async\" src=\"https:\/\/b2b.innpro.pl\/data\/include\/cms\/KF-Concept\/KF13.116\/2.jpg\" alt=\"KF-Concept\/KF13.116\/2\"><\/p>\n<h3>Regulowana d\u0142ugo\u015b\u0107 i du\u017ca wytrzyma\u0142o\u015b\u0107<\/h3>\n<p>D\u0142ugo\u015b\u0107 opaski mo\u017cna regulowa\u0107 w zakresie od 7,5 cm do 16,5 cm, co pozwala na idealne dopasowanie jej do indywidualnych wymaga\u0144. Maksymalne obci\u0105\u017cenie na poziomie oko\u0142o 36 kg dowodzi niezwyk\u0142ej wytrzyma\u0142o\u015bci.<\/p>\n<p><img decoding=\"async\" src=\"https:\/\/b2b.innpro.pl\/data\/include\/cms\/KF-Concept\/KF13.116\/7.jpg\" alt=\"KF-Concept\/KF13.116\/7\"><\/p>\n<h3>Inteligentny system monitorowania zu\u017cycia<\/h3>\n<p>Wbudowany system ostrzegawczy z kolorowym kodem informuje o stopniu zu\u017cycia opaski, pozwalaj\u0105c na ci\u0105g\u0142e monitorowanie jej stanu i zapewnienie maksymalnego bezpiecze\u0144stwa sprz\u0119tu.<\/p>\n<p><img decoding=\"async\" src=\"https:\/\/b2b.innpro.pl\/data\/include\/cms\/KF-Concept\/KF13.116\/5.jpg\" alt=\"KF-Concept\/KF13.116\/5\"><\/p>\n<div class=\"table-wrapper\">\n<table>\n<tbody>\n<tr>\n<th>Producent<\/th>\n<td>K&#038;F<\/td>\n<\/tr>\n<tr>\n<th>Model<\/th>\n<td>KF13.116<\/td>\n<\/tr>\n<tr>\n<th>D\u0142ugo\u015b\u0107<\/th>\n<td>od 7.5 cm do 16.5 cm<\/td>\n<\/tr>\n<tr>\n<th>Szeroko\u015b\u0107<\/th>\n<td>2 cm<\/td>\n<\/tr>\n<tr>\n<th>Maksymalne obci\u0105\u017cenie<\/th>\n<td>oko\u0142o 36 kg<\/td>\n<\/tr>\n<\/tbody>\n<\/table>\n<\/div>\n","protected":false},"excerpt":{"rendered":"<p>Opaska na nadgarstek K&#038;F Concept do kamery Opaska na nadgarstek K&#038;F Concept zosta\u0142a stworzona z my\u015bl\u0105 o najbardziej wymagaj\u0105cych fotografach.<\/p>\n","protected":false},"featured_media":25466,"comment_status":"closed","ping_status":"open","template":"","meta":{"_acf_changed":false},"product_brand":[],"product_cat":[1130,1128,1150],"product_tag":[],"class_list":{"0":"post-25465","1":"product","2":"type-product","3":"status-publish","4":"has-post-thumbnail","6":"product_cat-akcesoria-foto","7":"product_cat-foto-wideo","8":"product_cat-pozostale","9":"pa_box-height-1808","10":"pa_box-length-1417","11":"pa_box-width-1980","12":"pa_gross-weight-2753","13":"pa_hs-code-1621","14":"pa_net-weight-2766","16":"first","17":"outofstock","18":"taxable","19":"shipping-taxable","20":"purchasable","21":"product-type-simple"},"acf":[],"yoast_head":"<!-- This site is optimized with the Yoast SEO plugin v27.2 - https:\/\/yoast.com\/product\/yoast-seo-wordpress\/ -->\n<title>Opaska na nadgarstek K&amp;F Concept do kamery - IRONSKY.PL Sklep z Dronami<\/title>\n<meta name=\"description\" content=\"Opaska na nadgarstek K&amp;F Concept do kamery - \u2705 sklep z dronami i fachowym doradztwem. \u2705 Tutaj kupisz produkty DJI, Yuneec, Parrot, Syma i wiele innych, a tak\u017ce kursy i licencje na operatora drona.\" \/>\n<meta name=\"robots\" content=\"index, follow, max-snippet:-1, max-image-preview:large, max-video-preview:-1\" \/>\n<link rel=\"canonical\" href=\"https:\/\/ironsky.pl\/sklep\/produkt\/opaska-na-nadgarstek-kf-concept-do-kamery\/\" \/>\n<meta property=\"og:locale\" content=\"pl_PL\" \/>\n<meta property=\"og:type\" content=\"article\" \/>\n<meta property=\"og:title\" content=\"Opaska na nadgarstek K&amp;F Concept do kamery - IRONSKY.PL Sklep z Dronami\" \/>\n<meta property=\"og:description\" content=\"Opaska na nadgarstek K&amp;F Concept do kamery - \u2705 sklep z dronami i fachowym doradztwem. \u2705 Tutaj kupisz produkty DJI, Yuneec, Parrot, Syma i wiele innych, a tak\u017ce kursy i licencje na operatora drona.\" \/>\n<meta property=\"og:url\" content=\"https:\/\/ironsky.pl\/sklep\/produkt\/opaska-na-nadgarstek-kf-concept-do-kamery\/\" \/>\n<meta property=\"og:site_name\" content=\"IRONSKY.PL Sklep z Dronami\" \/>\n<meta property=\"article:modified_time\" content=\"2026-03-05T14:51:44+00:00\" \/>\n<meta property=\"og:image\" content=\"https:\/\/ironsky.pl\/sklep\/wp-content\/uploads\/2024\/09\/36487_1.jpg\" \/>\n\t<meta property=\"og:image:width\" content=\"800\" \/>\n\t<meta property=\"og:image:height\" content=\"800\" \/>\n\t<meta property=\"og:image:type\" content=\"image\/jpeg\" \/>\n<meta name=\"twitter:card\" content=\"summary_large_image\" \/>\n<meta name=\"twitter:label1\" content=\"Szacowany czas czytania\" \/>\n\t<meta name=\"twitter:data1\" content=\"1 minuta\" \/>\n<script type=\"application\/ld+json\" class=\"yoast-schema-graph\">{\"@context\":\"https:\/\/schema.org\",\"@graph\":[{\"@type\":\"WebPage\",\"@id\":\"https:\/\/ironsky.pl\/sklep\/produkt\/opaska-na-nadgarstek-kf-concept-do-kamery\/\",\"url\":\"https:\/\/ironsky.pl\/sklep\/produkt\/opaska-na-nadgarstek-kf-concept-do-kamery\/\",\"name\":\"Opaska na nadgarstek K&F Concept do kamery - IRONSKY.PL Sklep z Dronami\",\"isPartOf\":{\"@id\":\"https:\/\/ironsky.pl\/sklep\/#website\"},\"primaryImageOfPage\":{\"@id\":\"https:\/\/ironsky.pl\/sklep\/produkt\/opaska-na-nadgarstek-kf-concept-do-kamery\/#primaryimage\"},\"image\":{\"@id\":\"https:\/\/ironsky.pl\/sklep\/produkt\/opaska-na-nadgarstek-kf-concept-do-kamery\/#primaryimage\"},\"thumbnailUrl\":\"https:\/\/ironsky.pl\/sklep\/wp-content\/uploads\/2024\/09\/36487_1.jpg\",\"datePublished\":\"2024-09-16T17:22:11+00:00\",\"dateModified\":\"2026-03-05T14:51:44+00:00\",\"description\":\"Opaska na nadgarstek K&F Concept do kamery - \u2705 sklep z dronami i fachowym doradztwem. \u2705 Tutaj kupisz produkty DJI, Yuneec, Parrot, Syma i wiele innych, a tak\u017ce kursy i licencje na operatora drona.\",\"breadcrumb\":{\"@id\":\"https:\/\/ironsky.pl\/sklep\/produkt\/opaska-na-nadgarstek-kf-concept-do-kamery\/#breadcrumb\"},\"inLanguage\":\"pl-PL\",\"potentialAction\":[{\"@type\":\"ReadAction\",\"target\":[\"https:\/\/ironsky.pl\/sklep\/produkt\/opaska-na-nadgarstek-kf-concept-do-kamery\/\"]}]},{\"@type\":\"ImageObject\",\"inLanguage\":\"pl-PL\",\"@id\":\"https:\/\/ironsky.pl\/sklep\/produkt\/opaska-na-nadgarstek-kf-concept-do-kamery\/#primaryimage\",\"url\":\"https:\/\/ironsky.pl\/sklep\/wp-content\/uploads\/2024\/09\/36487_1.jpg\",\"contentUrl\":\"https:\/\/ironsky.pl\/sklep\/wp-content\/uploads\/2024\/09\/36487_1.jpg\",\"width\":800,\"height\":800},{\"@type\":\"BreadcrumbList\",\"@id\":\"https:\/\/ironsky.pl\/sklep\/produkt\/opaska-na-nadgarstek-kf-concept-do-kamery\/#breadcrumb\",\"itemListElement\":[{\"@type\":\"ListItem\",\"position\":1,\"name\":\"Strona g\u0142\u00f3wna\",\"item\":\"https:\/\/ironsky.pl\/sklep\/\"},{\"@type\":\"ListItem\",\"position\":2,\"name\":\"Wszystkie produkty\",\"item\":\"https:\/\/ironsky.pl\/sklep\/produkty\/\"},{\"@type\":\"ListItem\",\"position\":3,\"name\":\"Opaska na nadgarstek K&#038;F Concept do kamery\"}]},{\"@type\":\"WebSite\",\"@id\":\"https:\/\/ironsky.pl\/sklep\/#website\",\"url\":\"https:\/\/ironsky.pl\/sklep\/\",\"name\":\"IRONSKY.PL Sklep z Dronami\",\"description\":\"IRONSKY.PL Sklep z Dronami\",\"potentialAction\":[{\"@type\":\"SearchAction\",\"target\":{\"@type\":\"EntryPoint\",\"urlTemplate\":\"https:\/\/ironsky.pl\/sklep\/?s={search_term_string}\"},\"query-input\":{\"@type\":\"PropertyValueSpecification\",\"valueRequired\":true,\"valueName\":\"search_term_string\"}}],\"inLanguage\":\"pl-PL\"}]}<\/script>\n<!-- \/ Yoast SEO plugin. -->","yoast_head_json":{"title":"Opaska na nadgarstek K&F Concept do kamery - IRONSKY.PL Sklep z Dronami","description":"Opaska na nadgarstek K&F Concept do kamery - \u2705 sklep z dronami i fachowym doradztwem. \u2705 Tutaj kupisz produkty DJI, Yuneec, Parrot, Syma i wiele innych, a tak\u017ce kursy i licencje na operatora drona.","robots":{"index":"index","follow":"follow","max-snippet":"max-snippet:-1","max-image-preview":"max-image-preview:large","max-video-preview":"max-video-preview:-1"},"canonical":"https:\/\/ironsky.pl\/sklep\/produkt\/opaska-na-nadgarstek-kf-concept-do-kamery\/","og_locale":"pl_PL","og_type":"article","og_title":"Opaska na nadgarstek K&F Concept do kamery - IRONSKY.PL Sklep z Dronami","og_description":"Opaska na nadgarstek K&F Concept do kamery - \u2705 sklep z dronami i fachowym doradztwem. \u2705 Tutaj kupisz produkty DJI, Yuneec, Parrot, Syma i wiele innych, a tak\u017ce kursy i licencje na operatora drona.","og_url":"https:\/\/ironsky.pl\/sklep\/produkt\/opaska-na-nadgarstek-kf-concept-do-kamery\/","og_site_name":"IRONSKY.PL Sklep z Dronami","article_modified_time":"2026-03-05T14:51:44+00:00","og_image":[{"width":800,"height":800,"url":"https:\/\/ironsky.pl\/sklep\/wp-content\/uploads\/2024\/09\/36487_1.jpg","type":"image\/jpeg"}],"twitter_card":"summary_large_image","twitter_misc":{"Szacowany czas czytania":"1 minuta"},"schema":{"@context":"https:\/\/schema.org","@graph":[{"@type":"WebPage","@id":"https:\/\/ironsky.pl\/sklep\/produkt\/opaska-na-nadgarstek-kf-concept-do-kamery\/","url":"https:\/\/ironsky.pl\/sklep\/produkt\/opaska-na-nadgarstek-kf-concept-do-kamery\/","name":"Opaska na nadgarstek K&F Concept do kamery - IRONSKY.PL Sklep z Dronami","isPartOf":{"@id":"https:\/\/ironsky.pl\/sklep\/#website"},"primaryImageOfPage":{"@id":"https:\/\/ironsky.pl\/sklep\/produkt\/opaska-na-nadgarstek-kf-concept-do-kamery\/#primaryimage"},"image":{"@id":"https:\/\/ironsky.pl\/sklep\/produkt\/opaska-na-nadgarstek-kf-concept-do-kamery\/#primaryimage"},"thumbnailUrl":"https:\/\/ironsky.pl\/sklep\/wp-content\/uploads\/2024\/09\/36487_1.jpg","datePublished":"2024-09-16T17:22:11+00:00","dateModified":"2026-03-05T14:51:44+00:00","description":"Opaska na nadgarstek K&F Concept do kamery - \u2705 sklep z dronami i fachowym doradztwem. \u2705 Tutaj kupisz produkty DJI, Yuneec, Parrot, Syma i wiele innych, a tak\u017ce kursy i licencje na operatora drona.","breadcrumb":{"@id":"https:\/\/ironsky.pl\/sklep\/produkt\/opaska-na-nadgarstek-kf-concept-do-kamery\/#breadcrumb"},"inLanguage":"pl-PL","potentialAction":[{"@type":"ReadAction","target":["https:\/\/ironsky.pl\/sklep\/produkt\/opaska-na-nadgarstek-kf-concept-do-kamery\/"]}]},{"@type":"ImageObject","inLanguage":"pl-PL","@id":"https:\/\/ironsky.pl\/sklep\/produkt\/opaska-na-nadgarstek-kf-concept-do-kamery\/#primaryimage","url":"https:\/\/ironsky.pl\/sklep\/wp-content\/uploads\/2024\/09\/36487_1.jpg","contentUrl":"https:\/\/ironsky.pl\/sklep\/wp-content\/uploads\/2024\/09\/36487_1.jpg","width":800,"height":800},{"@type":"BreadcrumbList","@id":"https:\/\/ironsky.pl\/sklep\/produkt\/opaska-na-nadgarstek-kf-concept-do-kamery\/#breadcrumb","itemListElement":[{"@type":"ListItem","position":1,"name":"Strona g\u0142\u00f3wna","item":"https:\/\/ironsky.pl\/sklep\/"},{"@type":"ListItem","position":2,"name":"Wszystkie produkty","item":"https:\/\/ironsky.pl\/sklep\/produkty\/"},{"@type":"ListItem","position":3,"name":"Opaska na nadgarstek K&#038;F Concept do kamery"}]},{"@type":"WebSite","@id":"https:\/\/ironsky.pl\/sklep\/#website","url":"https:\/\/ironsky.pl\/sklep\/","name":"IRONSKY.PL Sklep z Dronami","description":"IRONSKY.PL Sklep z Dronami","potentialAction":[{"@type":"SearchAction","target":{"@type":"EntryPoint","urlTemplate":"https:\/\/ironsky.pl\/sklep\/?s={search_term_string}"},"query-input":{"@type":"PropertyValueSpecification","valueRequired":true,"valueName":"search_term_string"}}],"inLanguage":"pl-PL"}]}},"_links":{"self":[{"href":"https:\/\/ironsky.pl\/sklep\/wp-json\/wp\/v2\/product\/25465","targetHints":{"allow":["GET"]}}],"collection":[{"href":"https:\/\/ironsky.pl\/sklep\/wp-json\/wp\/v2\/product"}],"about":[{"href":"https:\/\/ironsky.pl\/sklep\/wp-json\/wp\/v2\/types\/product"}],"replies":[{"embeddable":true,"href":"https:\/\/ironsky.pl\/sklep\/wp-json\/wp\/v2\/comments?post=25465"}],"wp:featuredmedia":[{"embeddable":true,"href":"https:\/\/ironsky.pl\/sklep\/wp-json\/wp\/v2\/media\/25466"}],"wp:attachment":[{"href":"https:\/\/ironsky.pl\/sklep\/wp-json\/wp\/v2\/media?parent=25465"}],"wp:term":[{"taxonomy":"product_brand","embeddable":true,"href":"https:\/\/ironsky.pl\/sklep\/wp-json\/wp\/v2\/product_brand?post=25465"},{"taxonomy":"product_cat","embeddable":true,"href":"https:\/\/ironsky.pl\/sklep\/wp-json\/wp\/v2\/product_cat?post=25465"},{"taxonomy":"product_tag","embeddable":true,"href":"https:\/\/ironsky.pl\/sklep\/wp-json\/wp\/v2\/product_tag?post=25465"}],"curies":[{"name":"wp","href":"https:\/\/api.w.org\/{rel}","templated":true}]}}