{"id":25455,"date":"2024-09-16T19:22:11","date_gmt":"2024-09-16T17:22:11","guid":{"rendered":"http:\/\/gvshalph.pro-linuxpl.com\/ironskyprodukty\/produkt\/plecak-fotograficzny-10l-kf-concept-beta-messenger\/"},"modified":"2026-03-05T15:51:43","modified_gmt":"2026-03-05T14:51:43","slug":"plecak-fotograficzny-10l-kf-concept-beta-messenger","status":"publish","type":"product","link":"https:\/\/ironsky.pl\/sklep\/produkt\/plecak-fotograficzny-10l-kf-concept-beta-messenger\/","title":{"rendered":"Plecak fotograficzny 10L K&#038;F Concept Beta Messenger"},"content":{"rendered":"<h3>Plecak fotograficzny 10L K&amp;F Concept Beta Messenger<\/h3>\n<p>Plecak K&amp;F Concept Beta Messenger wyr\u00f3\u017cnia si\u0119 lekk\u0105 konstrukcj\u0105, modu\u0142owym wn\u0119trzem i wodoodporno\u015bci\u0105. Umo\u017cliwia tak\u017ce szybki dost\u0119p do sprz\u0119tu, dzi\u0119ki czemu doskonale sprawdzi si\u0119 podczas ka\u017cdej fotograficznej przygody. Pojemno\u015b\u0107 wynosz\u0105ca 10 l pozwala na przechowywanie wszystkich niezb\u0119dnych urz\u0105dze\u0144 i akcesori\u00f3w, a szerokie paski zapewniaj\u0105 wygod\u0119 u\u017cytkowania.<\/p>\n<p><img decoding=\"async\" src=\"https:\/\/b2b.innpro.pl\/data\/include\/cms\/KF-Concept\/KF13.141\/1.jpg\" border=\"0\" alt=\"KF-Concept\/KF13.141\/1\" \/><\/p>\n<h3>Lekka konstrukcja<\/h3>\n<p>Waga plecaka K&amp;F Concept Beta Messenger nie przekracza 550 g, co przek\u0142ada si\u0119 na wyj\u0105tkowy komfort u\u017cytkowania. Jego pojemno\u015b\u0107 wynosi 10 l, dzi\u0119ki czemu jest on idealnym wyborem zar\u00f3wno dla profesjonalist\u00f3w, jak i amator\u00f3w fotografii, kt\u00f3rzy ceni\u0105 sobie funkcjonalno\u015b\u0107 i chc\u0105 nagrywa\u0107 relacje ze swoich podr\u00f3\u017cy.<\/p>\n<p><img decoding=\"async\" src=\"https:\/\/b2b.innpro.pl\/data\/include\/cms\/KF-Concept\/KF13.141\/2.jpg\" border=\"0\" alt=\"KF-Concept\/KF13.141\/2\" \/><\/p>\n<h3>Modu\u0142owe wn\u0119trze dla wi\u0119kszej wygody<\/h3>\n<p>Projektuj\u0105c plecak K&amp;F Concept Beta Messenger, skupiono si\u0119 na elastyczno\u015bci. Przegrody mo\u017cna dostosowa\u0107 do w\u0142asnych potrzeb, aby wygodnie transportowa\u0107 mi\u0119dzy innymi jedn\u0105 kamer\u0119 i 2 dodatkowe obiektywy. Dzi\u0119ki mo\u017cliwo\u015bci otwierania zar\u00f3wno z ty\u0142u, jak i boku, plecak zapewnia szybki i \u0142atwy dost\u0119p do sprz\u0119tu, pozwalaj\u0105c na sprawne uchwycanie ulotnych moment\u00f3w.<\/p>\n<p><img decoding=\"async\" src=\"https:\/\/b2b.innpro.pl\/data\/include\/cms\/KF-Concept\/KF13.141\/3.jpg\" border=\"0\" alt=\"KF-Concept\/KF13.141\/3\" \/><\/p>\n<h3>Wodoodporno\u015b\u0107<\/h3>\n<p>Powierzchnia plecaka jest wodoodporna, dzi\u0119ki czemu Tw\u00f3j sprz\u0119t b\u0119dzie chroniony nawet w trudnych warunkach pogodowych. Deszcz nie przeszkodzi ju\u017c w uchwycaniu zapieraj\u0105cych dech w piersiach uj\u0119\u0107!<\/p>\n<p><img decoding=\"async\" src=\"https:\/\/b2b.innpro.pl\/data\/include\/cms\/KF-Concept\/KF13.141\/4.jpg\" border=\"0\" alt=\"KF-Concept\/KF13.141\/4\" \/><\/p>\n<h3>Komfort noszenia<\/h3>\n<p>Szerokie paski gwarantuj\u0105 wygod\u0119 nawet podczas d\u0142ugotrwa\u0142ego noszenia. Neutralny design sprawia, \u017ce plecak jest odpowiedni zar\u00f3wno do profesjonalnego u\u017cytku fotograficznego, jak i na co dzie\u0144.<\/p>\n<p><img decoding=\"async\" src=\"https:\/\/b2b.innpro.pl\/data\/include\/cms\/KF-Concept\/KF13.141\/9.jpg\" border=\"0\" alt=\"KF-Concept\/KF13.141\/9\" \/><\/p>\n<div class=\"table-wrapper\">\n<table>\n<tbody>\n<tr>\n<th>Producent<\/th>\n<td>K&amp;F Concept<\/td>\n<\/tr>\n<tr>\n<th>Model<\/th>\n<td>KF13.141<\/td>\n<\/tr>\n<tr>\n<th>Pojemno\u015b\u0107<\/th>\n<td>10 l<\/td>\n<\/tr>\n<tr>\n<th>Wymiary<\/th>\n<td>20 x 15 x 40 cm<\/td>\n<\/tr>\n<tr>\n<th>Waga<\/th>\n<td>550 g<\/td>\n<\/tr>\n<\/tbody>\n<\/table>\n<\/div>\n","protected":false},"excerpt":{"rendered":"<p>Plecak fotograficzny 10L K&amp;F Concept Beta Messenger Plecak K&amp;F Concept Beta Messenger wyr\u00f3\u017cnia si\u0119 lekk\u0105 konstrukcj\u0105, modu\u0142owym wn\u0119trzem i wodoodporno\u015bci\u0105.<\/p>\n","protected":false},"featured_media":25456,"comment_status":"closed","ping_status":"open","template":"","meta":{"_acf_changed":false},"product_brand":[],"product_cat":[1128,5764,5761],"product_tag":[],"class_list":{"0":"post-25455","1":"product","2":"type-product","3":"status-publish","4":"has-post-thumbnail","6":"product_cat-foto-wideo","7":"product_cat-plecaki-fotograficzne","8":"product_cat-transport","9":"pa_box-height-3688","10":"pa_box-length-1606","11":"pa_box-width-1343","12":"pa_gross-weight-2436","13":"pa_hs-code-1966","14":"pa_kolejna-dostawa-27-09-2024","15":"pa_kolor-czarny","16":"pa_net-weight-4125","17":"pa_pojemnosc-l-4630","19":"first","20":"outofstock","21":"taxable","22":"shipping-taxable","23":"purchasable","24":"product-type-simple"},"acf":[],"yoast_head":"<!-- This site is optimized with the Yoast SEO plugin v27.2 - https:\/\/yoast.com\/product\/yoast-seo-wordpress\/ -->\n<title>Plecak fotograficzny 10L K&amp;F Concept Beta Messenger - IRONSKY.PL Sklep z Dronami<\/title>\n<meta name=\"description\" content=\"Plecak fotograficzny 10L K&amp;F Concept Beta Messenger - \u2705 sklep z dronami i fachowym doradztwem. \u2705 Tutaj kupisz produkty DJI, Yuneec, Parrot, Syma i wiele innych, a tak\u017ce kursy i licencje na operatora drona.\" \/>\n<meta name=\"robots\" content=\"index, follow, max-snippet:-1, max-image-preview:large, max-video-preview:-1\" \/>\n<link rel=\"canonical\" href=\"https:\/\/ironsky.pl\/sklep\/produkt\/plecak-fotograficzny-10l-kf-concept-beta-messenger\/\" \/>\n<meta property=\"og:locale\" content=\"pl_PL\" \/>\n<meta property=\"og:type\" content=\"article\" \/>\n<meta property=\"og:title\" content=\"Plecak fotograficzny 10L K&amp;F Concept Beta Messenger - IRONSKY.PL Sklep z Dronami\" \/>\n<meta property=\"og:description\" content=\"Plecak fotograficzny 10L K&amp;F Concept Beta Messenger - \u2705 sklep z dronami i fachowym doradztwem. \u2705 Tutaj kupisz produkty DJI, Yuneec, Parrot, Syma i wiele innych, a tak\u017ce kursy i licencje na operatora drona.\" \/>\n<meta property=\"og:url\" content=\"https:\/\/ironsky.pl\/sklep\/produkt\/plecak-fotograficzny-10l-kf-concept-beta-messenger\/\" \/>\n<meta property=\"og:site_name\" content=\"IRONSKY.PL Sklep z Dronami\" \/>\n<meta property=\"article:modified_time\" content=\"2026-03-05T14:51:43+00:00\" \/>\n<meta property=\"og:image\" content=\"https:\/\/ironsky.pl\/sklep\/wp-content\/uploads\/2024\/09\/36482_2.jpg\" \/>\n\t<meta property=\"og:image:width\" content=\"800\" \/>\n\t<meta property=\"og:image:height\" content=\"800\" \/>\n\t<meta property=\"og:image:type\" content=\"image\/jpeg\" \/>\n<meta name=\"twitter:card\" content=\"summary_large_image\" \/>\n<meta name=\"twitter:label1\" content=\"Szacowany czas czytania\" \/>\n\t<meta name=\"twitter:data1\" content=\"1 minuta\" \/>\n<script type=\"application\/ld+json\" class=\"yoast-schema-graph\">{\"@context\":\"https:\/\/schema.org\",\"@graph\":[{\"@type\":\"WebPage\",\"@id\":\"https:\/\/ironsky.pl\/sklep\/produkt\/plecak-fotograficzny-10l-kf-concept-beta-messenger\/\",\"url\":\"https:\/\/ironsky.pl\/sklep\/produkt\/plecak-fotograficzny-10l-kf-concept-beta-messenger\/\",\"name\":\"Plecak fotograficzny 10L K&F Concept Beta Messenger - IRONSKY.PL Sklep z Dronami\",\"isPartOf\":{\"@id\":\"https:\/\/ironsky.pl\/sklep\/#website\"},\"primaryImageOfPage\":{\"@id\":\"https:\/\/ironsky.pl\/sklep\/produkt\/plecak-fotograficzny-10l-kf-concept-beta-messenger\/#primaryimage\"},\"image\":{\"@id\":\"https:\/\/ironsky.pl\/sklep\/produkt\/plecak-fotograficzny-10l-kf-concept-beta-messenger\/#primaryimage\"},\"thumbnailUrl\":\"https:\/\/ironsky.pl\/sklep\/wp-content\/uploads\/2024\/09\/36482_2.jpg\",\"datePublished\":\"2024-09-16T17:22:11+00:00\",\"dateModified\":\"2026-03-05T14:51:43+00:00\",\"description\":\"Plecak fotograficzny 10L K&F Concept Beta Messenger - \u2705 sklep z dronami i fachowym doradztwem. \u2705 Tutaj kupisz produkty DJI, Yuneec, Parrot, Syma i wiele innych, a tak\u017ce kursy i licencje na operatora drona.\",\"breadcrumb\":{\"@id\":\"https:\/\/ironsky.pl\/sklep\/produkt\/plecak-fotograficzny-10l-kf-concept-beta-messenger\/#breadcrumb\"},\"inLanguage\":\"pl-PL\",\"potentialAction\":[{\"@type\":\"ReadAction\",\"target\":[\"https:\/\/ironsky.pl\/sklep\/produkt\/plecak-fotograficzny-10l-kf-concept-beta-messenger\/\"]}]},{\"@type\":\"ImageObject\",\"inLanguage\":\"pl-PL\",\"@id\":\"https:\/\/ironsky.pl\/sklep\/produkt\/plecak-fotograficzny-10l-kf-concept-beta-messenger\/#primaryimage\",\"url\":\"https:\/\/ironsky.pl\/sklep\/wp-content\/uploads\/2024\/09\/36482_2.jpg\",\"contentUrl\":\"https:\/\/ironsky.pl\/sklep\/wp-content\/uploads\/2024\/09\/36482_2.jpg\",\"width\":800,\"height\":800},{\"@type\":\"BreadcrumbList\",\"@id\":\"https:\/\/ironsky.pl\/sklep\/produkt\/plecak-fotograficzny-10l-kf-concept-beta-messenger\/#breadcrumb\",\"itemListElement\":[{\"@type\":\"ListItem\",\"position\":1,\"name\":\"Strona g\u0142\u00f3wna\",\"item\":\"https:\/\/ironsky.pl\/sklep\/\"},{\"@type\":\"ListItem\",\"position\":2,\"name\":\"Wszystkie produkty\",\"item\":\"https:\/\/ironsky.pl\/sklep\/produkty\/\"},{\"@type\":\"ListItem\",\"position\":3,\"name\":\"Plecak fotograficzny 10L K&#038;F Concept Beta Messenger\"}]},{\"@type\":\"WebSite\",\"@id\":\"https:\/\/ironsky.pl\/sklep\/#website\",\"url\":\"https:\/\/ironsky.pl\/sklep\/\",\"name\":\"IRONSKY.PL Sklep z Dronami\",\"description\":\"IRONSKY.PL Sklep z Dronami\",\"potentialAction\":[{\"@type\":\"SearchAction\",\"target\":{\"@type\":\"EntryPoint\",\"urlTemplate\":\"https:\/\/ironsky.pl\/sklep\/?s={search_term_string}\"},\"query-input\":{\"@type\":\"PropertyValueSpecification\",\"valueRequired\":true,\"valueName\":\"search_term_string\"}}],\"inLanguage\":\"pl-PL\"}]}<\/script>\n<!-- \/ Yoast SEO plugin. -->","yoast_head_json":{"title":"Plecak fotograficzny 10L K&F Concept Beta Messenger - IRONSKY.PL Sklep z Dronami","description":"Plecak fotograficzny 10L K&F Concept Beta Messenger - \u2705 sklep z dronami i fachowym doradztwem. \u2705 Tutaj kupisz produkty DJI, Yuneec, Parrot, Syma i wiele innych, a tak\u017ce kursy i licencje na operatora drona.","robots":{"index":"index","follow":"follow","max-snippet":"max-snippet:-1","max-image-preview":"max-image-preview:large","max-video-preview":"max-video-preview:-1"},"canonical":"https:\/\/ironsky.pl\/sklep\/produkt\/plecak-fotograficzny-10l-kf-concept-beta-messenger\/","og_locale":"pl_PL","og_type":"article","og_title":"Plecak fotograficzny 10L K&F Concept Beta Messenger - IRONSKY.PL Sklep z Dronami","og_description":"Plecak fotograficzny 10L K&F Concept Beta Messenger - \u2705 sklep z dronami i fachowym doradztwem. \u2705 Tutaj kupisz produkty DJI, Yuneec, Parrot, Syma i wiele innych, a tak\u017ce kursy i licencje na operatora drona.","og_url":"https:\/\/ironsky.pl\/sklep\/produkt\/plecak-fotograficzny-10l-kf-concept-beta-messenger\/","og_site_name":"IRONSKY.PL Sklep z Dronami","article_modified_time":"2026-03-05T14:51:43+00:00","og_image":[{"width":800,"height":800,"url":"https:\/\/ironsky.pl\/sklep\/wp-content\/uploads\/2024\/09\/36482_2.jpg","type":"image\/jpeg"}],"twitter_card":"summary_large_image","twitter_misc":{"Szacowany czas czytania":"1 minuta"},"schema":{"@context":"https:\/\/schema.org","@graph":[{"@type":"WebPage","@id":"https:\/\/ironsky.pl\/sklep\/produkt\/plecak-fotograficzny-10l-kf-concept-beta-messenger\/","url":"https:\/\/ironsky.pl\/sklep\/produkt\/plecak-fotograficzny-10l-kf-concept-beta-messenger\/","name":"Plecak fotograficzny 10L K&F Concept Beta Messenger - IRONSKY.PL Sklep z Dronami","isPartOf":{"@id":"https:\/\/ironsky.pl\/sklep\/#website"},"primaryImageOfPage":{"@id":"https:\/\/ironsky.pl\/sklep\/produkt\/plecak-fotograficzny-10l-kf-concept-beta-messenger\/#primaryimage"},"image":{"@id":"https:\/\/ironsky.pl\/sklep\/produkt\/plecak-fotograficzny-10l-kf-concept-beta-messenger\/#primaryimage"},"thumbnailUrl":"https:\/\/ironsky.pl\/sklep\/wp-content\/uploads\/2024\/09\/36482_2.jpg","datePublished":"2024-09-16T17:22:11+00:00","dateModified":"2026-03-05T14:51:43+00:00","description":"Plecak fotograficzny 10L K&F Concept Beta Messenger - \u2705 sklep z dronami i fachowym doradztwem. \u2705 Tutaj kupisz produkty DJI, Yuneec, Parrot, Syma i wiele innych, a tak\u017ce kursy i licencje na operatora drona.","breadcrumb":{"@id":"https:\/\/ironsky.pl\/sklep\/produkt\/plecak-fotograficzny-10l-kf-concept-beta-messenger\/#breadcrumb"},"inLanguage":"pl-PL","potentialAction":[{"@type":"ReadAction","target":["https:\/\/ironsky.pl\/sklep\/produkt\/plecak-fotograficzny-10l-kf-concept-beta-messenger\/"]}]},{"@type":"ImageObject","inLanguage":"pl-PL","@id":"https:\/\/ironsky.pl\/sklep\/produkt\/plecak-fotograficzny-10l-kf-concept-beta-messenger\/#primaryimage","url":"https:\/\/ironsky.pl\/sklep\/wp-content\/uploads\/2024\/09\/36482_2.jpg","contentUrl":"https:\/\/ironsky.pl\/sklep\/wp-content\/uploads\/2024\/09\/36482_2.jpg","width":800,"height":800},{"@type":"BreadcrumbList","@id":"https:\/\/ironsky.pl\/sklep\/produkt\/plecak-fotograficzny-10l-kf-concept-beta-messenger\/#breadcrumb","itemListElement":[{"@type":"ListItem","position":1,"name":"Strona g\u0142\u00f3wna","item":"https:\/\/ironsky.pl\/sklep\/"},{"@type":"ListItem","position":2,"name":"Wszystkie produkty","item":"https:\/\/ironsky.pl\/sklep\/produkty\/"},{"@type":"ListItem","position":3,"name":"Plecak fotograficzny 10L K&#038;F Concept Beta Messenger"}]},{"@type":"WebSite","@id":"https:\/\/ironsky.pl\/sklep\/#website","url":"https:\/\/ironsky.pl\/sklep\/","name":"IRONSKY.PL Sklep z Dronami","description":"IRONSKY.PL Sklep z Dronami","potentialAction":[{"@type":"SearchAction","target":{"@type":"EntryPoint","urlTemplate":"https:\/\/ironsky.pl\/sklep\/?s={search_term_string}"},"query-input":{"@type":"PropertyValueSpecification","valueRequired":true,"valueName":"search_term_string"}}],"inLanguage":"pl-PL"}]}},"_links":{"self":[{"href":"https:\/\/ironsky.pl\/sklep\/wp-json\/wp\/v2\/product\/25455","targetHints":{"allow":["GET"]}}],"collection":[{"href":"https:\/\/ironsky.pl\/sklep\/wp-json\/wp\/v2\/product"}],"about":[{"href":"https:\/\/ironsky.pl\/sklep\/wp-json\/wp\/v2\/types\/product"}],"replies":[{"embeddable":true,"href":"https:\/\/ironsky.pl\/sklep\/wp-json\/wp\/v2\/comments?post=25455"}],"wp:featuredmedia":[{"embeddable":true,"href":"https:\/\/ironsky.pl\/sklep\/wp-json\/wp\/v2\/media\/25456"}],"wp:attachment":[{"href":"https:\/\/ironsky.pl\/sklep\/wp-json\/wp\/v2\/media?parent=25455"}],"wp:term":[{"taxonomy":"product_brand","embeddable":true,"href":"https:\/\/ironsky.pl\/sklep\/wp-json\/wp\/v2\/product_brand?post=25455"},{"taxonomy":"product_cat","embeddable":true,"href":"https:\/\/ironsky.pl\/sklep\/wp-json\/wp\/v2\/product_cat?post=25455"},{"taxonomy":"product_tag","embeddable":true,"href":"https:\/\/ironsky.pl\/sklep\/wp-json\/wp\/v2\/product_tag?post=25455"}],"curies":[{"name":"wp","href":"https:\/\/api.w.org\/{rel}","templated":true}]}}