{"id":25438,"date":"2024-09-16T19:21:12","date_gmt":"2024-09-16T17:21:12","guid":{"rendered":"http:\/\/gvshalph.pro-linuxpl.com\/ironskyprodukty\/produkt\/selfie-stick-110cm-puluz-do-insta360-x3-x4\/"},"modified":"2026-03-05T15:51:43","modified_gmt":"2026-03-05T14:51:43","slug":"selfie-stick-110cm-puluz-do-insta360-x3-x4","status":"publish","type":"product","link":"https:\/\/ironsky.pl\/sklep\/produkt\/selfie-stick-110cm-puluz-do-insta360-x3-x4\/","title":{"rendered":"Selfie Stick 110cm PULUZ do Insta360 X3 \/ X4"},"content":{"rendered":"<h3>Selfie Stick 110 cm PULUZ do Insta360 X3<\/h3>\n<p>Selfie stick PULUZ to niezast\u0105pione narz\u0119dzie dla ka\u017cdego mi\u0142o\u015bnika filmowania i fotografowania. Do jego wykonania wykorzystano wytrzyma\u0142y stop aluminium, dzi\u0119ki czemu mo\u017cesz mie\u0107 pewno\u015b\u0107, \u017ce b\u0119dzie Ci \u015bwietnie s\u0142u\u017cy\u0142 przez d\u0142ugi czas. Teleskopowa konstrukcja pozwala na dostosowanie d\u0142ugo\u015bci do nawet 110 cm, co daje Ci mo\u017cliwo\u015b\u0107 uzyskania idealnych kadr\u00f3w z r\u00f3\u017cnych perspektyw. Gwint \u00bc cala sprawia, \u017ce z \u0142atwo\u015bci\u0105 zamontujesz na nim swoj\u0105 kamer\u0119 sportow\u0105.<\/p>\n<p><img decoding=\"async\" src=\"https:\/\/b2b.innpro.pl\/data\/include\/cms\/02Puluz\/PU887B\/3.jpg\" alt=\"02Puluz\/PU887B\/3\"><\/p>\n<h3>Kreatywno\u015b\u0107 na wyci\u0105gni\u0119cie r\u0119ki<\/h3>\n<p>Ciesz si\u0119 swobod\u0105 podczas tworzenia zdj\u0119\u0107 i film\u00f3w! Selfie stick opr\u00f3cz standardowego uchwytu, kt\u00f3ry pozwala na wygodne trzymanie i fotografowanie, posiada r\u00f3wnie\u017c magnetyczne n\u00f3\u017cki, kt\u00f3re po roz\u0142o\u017ceniu zmieni\u0105 kijek w statyw. Co wi\u0119cej, dzi\u0119ki specjalnemu mechanizmowi mo\u017cesz \u0142atwo nagrywa\u0107 efektowne filmy typu \u201ebullet time&#8221;, kr\u0119c\u0105c kamer\u0119 w poziomie ze sta\u0142\u0105 pr\u0119dko\u015bci\u0105.<\/p>\n<p><img decoding=\"async\" src=\"https:\/\/b2b.innpro.pl\/data\/include\/cms\/02Puluz\/PU887B\/2.jpg\" alt=\"02Puluz\/PU887B\/2\"><\/p>\n<h3>Dopasowany do Twoich potrzeb<\/h3>\n<p>Selfie stick sk\u0142ada si\u0119 z 5 sekcji, co pozwala na regulacj\u0119 d\u0142ugo\u015bci od 28 cm (po z\u0142o\u017ceniu) do nawet 110 cm (po roz\u0142o\u017ceniu). Ka\u017cda sekcja mo\u017ce by\u0107 blokowana indywidualnie, co daje Ci pe\u0142n\u0105 kontrol\u0119 nad d\u0142ugo\u015bci\u0105. Chcesz uwieczni\u0107 ca\u0142\u0105 grup\u0119 przyjaci\u00f3\u0142 na wsp\u00f3lnym zdj\u0119ciu? Teraz to nie problem!<\/p>\n<p><img decoding=\"async\" src=\"https:\/\/b2b.innpro.pl\/data\/include\/cms\/02Puluz\/PU887B\/4.jpg\" alt=\"02Puluz\/PU887B\/4\"><\/p>\n<div class=\"table-wrapper\">\n<table>\n<tbody>\n<tr>\n<th>Producent<\/th>\n<td>PULUZ<\/td>\n<\/tr>\n<tr>\n<th>Model<\/th>\n<td>PU887B<\/td>\n<\/tr>\n<tr>\n<th>Kompatybilno\u015b\u0107<\/th>\n<td>Kamera Insta360 X3<\/td>\n<\/tr>\n<tr>\n<th>Maksymalne obci\u0105\u017cenie <\/th>\n<td>3 kg<\/td>\n<\/tr>\n<tr>\n<th>D\u0142ugo\u015b\u0107<\/th>\n<td>28-110 cm<\/td>\n<\/tr>\n<tr>\n<th>Materia\u0142<\/th>\n<td>Stop aluminium + PC<\/td>\n<\/tr>\n<\/tbody>\n<\/table>\n<\/div>\n","protected":false},"excerpt":{"rendered":"<p>Selfie Stick 110 cm PULUZ do Insta360 X3 Selfie stick PULUZ to niezast\u0105pione narz\u0119dzie dla ka\u017cdego mi\u0142o\u015bnika filmowania i fotografowania.<\/p>\n","protected":false},"featured_media":25439,"comment_status":"closed","ping_status":"open","template":"","meta":{"_acf_changed":false},"product_brand":[],"product_cat":[1130,1137,1128],"product_tag":[],"class_list":{"0":"post-25438","1":"product","2":"type-product","3":"status-publish","4":"has-post-thumbnail","6":"product_cat-akcesoria-foto","7":"product_cat-do-kamer-sportowych","8":"product_cat-foto-wideo","9":"pa_box-height-1698","10":"pa_box-length-1867","11":"pa_box-width-1374","12":"pa_gross-weight-3832","13":"pa_hs-code-2032","14":"pa_kolejna-dostawa-02-10-2024","15":"pa_kompatybilnosc-insta360","16":"pa_net-weight-2135","18":"first","19":"outofstock","20":"taxable","21":"shipping-taxable","22":"purchasable","23":"product-type-simple"},"acf":[],"yoast_head":"<!-- This site is optimized with the Yoast SEO plugin v27.2 - https:\/\/yoast.com\/product\/yoast-seo-wordpress\/ -->\n<title>Selfie Stick 110cm PULUZ do Insta360 X3 \/ X4 - IRONSKY.PL Sklep z Dronami<\/title>\n<meta name=\"description\" content=\"Selfie Stick 110cm PULUZ do Insta360 X3 \/ X4 - \u2705 sklep z dronami i fachowym doradztwem. \u2705 Tutaj kupisz produkty DJI, Yuneec, Parrot, Syma i wiele innych, a tak\u017ce kursy i licencje na operatora drona.\" \/>\n<meta name=\"robots\" content=\"index, follow, max-snippet:-1, max-image-preview:large, max-video-preview:-1\" \/>\n<link rel=\"canonical\" href=\"https:\/\/ironsky.pl\/sklep\/produkt\/selfie-stick-110cm-puluz-do-insta360-x3-x4\/\" \/>\n<meta property=\"og:locale\" content=\"pl_PL\" \/>\n<meta property=\"og:type\" content=\"article\" \/>\n<meta property=\"og:title\" content=\"Selfie Stick 110cm PULUZ do Insta360 X3 \/ X4 - IRONSKY.PL Sklep z Dronami\" \/>\n<meta property=\"og:description\" content=\"Selfie Stick 110cm PULUZ do Insta360 X3 \/ X4 - \u2705 sklep z dronami i fachowym doradztwem. \u2705 Tutaj kupisz produkty DJI, Yuneec, Parrot, Syma i wiele innych, a tak\u017ce kursy i licencje na operatora drona.\" \/>\n<meta property=\"og:url\" content=\"https:\/\/ironsky.pl\/sklep\/produkt\/selfie-stick-110cm-puluz-do-insta360-x3-x4\/\" \/>\n<meta property=\"og:site_name\" content=\"IRONSKY.PL Sklep z Dronami\" \/>\n<meta property=\"article:modified_time\" content=\"2026-03-05T14:51:43+00:00\" \/>\n<meta property=\"og:image\" content=\"https:\/\/ironsky.pl\/sklep\/wp-content\/uploads\/2024\/09\/36417_2.jpg\" \/>\n\t<meta property=\"og:image:width\" content=\"800\" \/>\n\t<meta property=\"og:image:height\" content=\"800\" \/>\n\t<meta property=\"og:image:type\" content=\"image\/jpeg\" \/>\n<meta name=\"twitter:card\" content=\"summary_large_image\" \/>\n<meta name=\"twitter:label1\" content=\"Szacowany czas czytania\" \/>\n\t<meta name=\"twitter:data1\" content=\"1 minuta\" \/>\n<script type=\"application\/ld+json\" class=\"yoast-schema-graph\">{\"@context\":\"https:\/\/schema.org\",\"@graph\":[{\"@type\":\"WebPage\",\"@id\":\"https:\/\/ironsky.pl\/sklep\/produkt\/selfie-stick-110cm-puluz-do-insta360-x3-x4\/\",\"url\":\"https:\/\/ironsky.pl\/sklep\/produkt\/selfie-stick-110cm-puluz-do-insta360-x3-x4\/\",\"name\":\"Selfie Stick 110cm PULUZ do Insta360 X3 \/ X4 - IRONSKY.PL Sklep z Dronami\",\"isPartOf\":{\"@id\":\"https:\/\/ironsky.pl\/sklep\/#website\"},\"primaryImageOfPage\":{\"@id\":\"https:\/\/ironsky.pl\/sklep\/produkt\/selfie-stick-110cm-puluz-do-insta360-x3-x4\/#primaryimage\"},\"image\":{\"@id\":\"https:\/\/ironsky.pl\/sklep\/produkt\/selfie-stick-110cm-puluz-do-insta360-x3-x4\/#primaryimage\"},\"thumbnailUrl\":\"https:\/\/ironsky.pl\/sklep\/wp-content\/uploads\/2024\/09\/36417_2.jpg\",\"datePublished\":\"2024-09-16T17:21:12+00:00\",\"dateModified\":\"2026-03-05T14:51:43+00:00\",\"description\":\"Selfie Stick 110cm PULUZ do Insta360 X3 \/ X4 - \u2705 sklep z dronami i fachowym doradztwem. \u2705 Tutaj kupisz produkty DJI, Yuneec, Parrot, Syma i wiele innych, a tak\u017ce kursy i licencje na operatora drona.\",\"breadcrumb\":{\"@id\":\"https:\/\/ironsky.pl\/sklep\/produkt\/selfie-stick-110cm-puluz-do-insta360-x3-x4\/#breadcrumb\"},\"inLanguage\":\"pl-PL\",\"potentialAction\":[{\"@type\":\"ReadAction\",\"target\":[\"https:\/\/ironsky.pl\/sklep\/produkt\/selfie-stick-110cm-puluz-do-insta360-x3-x4\/\"]}]},{\"@type\":\"ImageObject\",\"inLanguage\":\"pl-PL\",\"@id\":\"https:\/\/ironsky.pl\/sklep\/produkt\/selfie-stick-110cm-puluz-do-insta360-x3-x4\/#primaryimage\",\"url\":\"https:\/\/ironsky.pl\/sklep\/wp-content\/uploads\/2024\/09\/36417_2.jpg\",\"contentUrl\":\"https:\/\/ironsky.pl\/sklep\/wp-content\/uploads\/2024\/09\/36417_2.jpg\",\"width\":800,\"height\":800},{\"@type\":\"BreadcrumbList\",\"@id\":\"https:\/\/ironsky.pl\/sklep\/produkt\/selfie-stick-110cm-puluz-do-insta360-x3-x4\/#breadcrumb\",\"itemListElement\":[{\"@type\":\"ListItem\",\"position\":1,\"name\":\"Strona g\u0142\u00f3wna\",\"item\":\"https:\/\/ironsky.pl\/sklep\/\"},{\"@type\":\"ListItem\",\"position\":2,\"name\":\"Wszystkie produkty\",\"item\":\"https:\/\/ironsky.pl\/sklep\/produkty\/\"},{\"@type\":\"ListItem\",\"position\":3,\"name\":\"Selfie Stick 110cm PULUZ do Insta360 X3 \/ X4\"}]},{\"@type\":\"WebSite\",\"@id\":\"https:\/\/ironsky.pl\/sklep\/#website\",\"url\":\"https:\/\/ironsky.pl\/sklep\/\",\"name\":\"IRONSKY.PL Sklep z Dronami\",\"description\":\"IRONSKY.PL Sklep z Dronami\",\"potentialAction\":[{\"@type\":\"SearchAction\",\"target\":{\"@type\":\"EntryPoint\",\"urlTemplate\":\"https:\/\/ironsky.pl\/sklep\/?s={search_term_string}\"},\"query-input\":{\"@type\":\"PropertyValueSpecification\",\"valueRequired\":true,\"valueName\":\"search_term_string\"}}],\"inLanguage\":\"pl-PL\"}]}<\/script>\n<!-- \/ Yoast SEO plugin. -->","yoast_head_json":{"title":"Selfie Stick 110cm PULUZ do Insta360 X3 \/ X4 - IRONSKY.PL Sklep z Dronami","description":"Selfie Stick 110cm PULUZ do Insta360 X3 \/ X4 - \u2705 sklep z dronami i fachowym doradztwem. \u2705 Tutaj kupisz produkty DJI, Yuneec, Parrot, Syma i wiele innych, a tak\u017ce kursy i licencje na operatora drona.","robots":{"index":"index","follow":"follow","max-snippet":"max-snippet:-1","max-image-preview":"max-image-preview:large","max-video-preview":"max-video-preview:-1"},"canonical":"https:\/\/ironsky.pl\/sklep\/produkt\/selfie-stick-110cm-puluz-do-insta360-x3-x4\/","og_locale":"pl_PL","og_type":"article","og_title":"Selfie Stick 110cm PULUZ do Insta360 X3 \/ X4 - IRONSKY.PL Sklep z Dronami","og_description":"Selfie Stick 110cm PULUZ do Insta360 X3 \/ X4 - \u2705 sklep z dronami i fachowym doradztwem. \u2705 Tutaj kupisz produkty DJI, Yuneec, Parrot, Syma i wiele innych, a tak\u017ce kursy i licencje na operatora drona.","og_url":"https:\/\/ironsky.pl\/sklep\/produkt\/selfie-stick-110cm-puluz-do-insta360-x3-x4\/","og_site_name":"IRONSKY.PL Sklep z Dronami","article_modified_time":"2026-03-05T14:51:43+00:00","og_image":[{"width":800,"height":800,"url":"https:\/\/ironsky.pl\/sklep\/wp-content\/uploads\/2024\/09\/36417_2.jpg","type":"image\/jpeg"}],"twitter_card":"summary_large_image","twitter_misc":{"Szacowany czas czytania":"1 minuta"},"schema":{"@context":"https:\/\/schema.org","@graph":[{"@type":"WebPage","@id":"https:\/\/ironsky.pl\/sklep\/produkt\/selfie-stick-110cm-puluz-do-insta360-x3-x4\/","url":"https:\/\/ironsky.pl\/sklep\/produkt\/selfie-stick-110cm-puluz-do-insta360-x3-x4\/","name":"Selfie Stick 110cm PULUZ do Insta360 X3 \/ X4 - IRONSKY.PL Sklep z Dronami","isPartOf":{"@id":"https:\/\/ironsky.pl\/sklep\/#website"},"primaryImageOfPage":{"@id":"https:\/\/ironsky.pl\/sklep\/produkt\/selfie-stick-110cm-puluz-do-insta360-x3-x4\/#primaryimage"},"image":{"@id":"https:\/\/ironsky.pl\/sklep\/produkt\/selfie-stick-110cm-puluz-do-insta360-x3-x4\/#primaryimage"},"thumbnailUrl":"https:\/\/ironsky.pl\/sklep\/wp-content\/uploads\/2024\/09\/36417_2.jpg","datePublished":"2024-09-16T17:21:12+00:00","dateModified":"2026-03-05T14:51:43+00:00","description":"Selfie Stick 110cm PULUZ do Insta360 X3 \/ X4 - \u2705 sklep z dronami i fachowym doradztwem. \u2705 Tutaj kupisz produkty DJI, Yuneec, Parrot, Syma i wiele innych, a tak\u017ce kursy i licencje na operatora drona.","breadcrumb":{"@id":"https:\/\/ironsky.pl\/sklep\/produkt\/selfie-stick-110cm-puluz-do-insta360-x3-x4\/#breadcrumb"},"inLanguage":"pl-PL","potentialAction":[{"@type":"ReadAction","target":["https:\/\/ironsky.pl\/sklep\/produkt\/selfie-stick-110cm-puluz-do-insta360-x3-x4\/"]}]},{"@type":"ImageObject","inLanguage":"pl-PL","@id":"https:\/\/ironsky.pl\/sklep\/produkt\/selfie-stick-110cm-puluz-do-insta360-x3-x4\/#primaryimage","url":"https:\/\/ironsky.pl\/sklep\/wp-content\/uploads\/2024\/09\/36417_2.jpg","contentUrl":"https:\/\/ironsky.pl\/sklep\/wp-content\/uploads\/2024\/09\/36417_2.jpg","width":800,"height":800},{"@type":"BreadcrumbList","@id":"https:\/\/ironsky.pl\/sklep\/produkt\/selfie-stick-110cm-puluz-do-insta360-x3-x4\/#breadcrumb","itemListElement":[{"@type":"ListItem","position":1,"name":"Strona g\u0142\u00f3wna","item":"https:\/\/ironsky.pl\/sklep\/"},{"@type":"ListItem","position":2,"name":"Wszystkie produkty","item":"https:\/\/ironsky.pl\/sklep\/produkty\/"},{"@type":"ListItem","position":3,"name":"Selfie Stick 110cm PULUZ do Insta360 X3 \/ X4"}]},{"@type":"WebSite","@id":"https:\/\/ironsky.pl\/sklep\/#website","url":"https:\/\/ironsky.pl\/sklep\/","name":"IRONSKY.PL Sklep z Dronami","description":"IRONSKY.PL Sklep z Dronami","potentialAction":[{"@type":"SearchAction","target":{"@type":"EntryPoint","urlTemplate":"https:\/\/ironsky.pl\/sklep\/?s={search_term_string}"},"query-input":{"@type":"PropertyValueSpecification","valueRequired":true,"valueName":"search_term_string"}}],"inLanguage":"pl-PL"}]}},"_links":{"self":[{"href":"https:\/\/ironsky.pl\/sklep\/wp-json\/wp\/v2\/product\/25438","targetHints":{"allow":["GET"]}}],"collection":[{"href":"https:\/\/ironsky.pl\/sklep\/wp-json\/wp\/v2\/product"}],"about":[{"href":"https:\/\/ironsky.pl\/sklep\/wp-json\/wp\/v2\/types\/product"}],"replies":[{"embeddable":true,"href":"https:\/\/ironsky.pl\/sklep\/wp-json\/wp\/v2\/comments?post=25438"}],"wp:featuredmedia":[{"embeddable":true,"href":"https:\/\/ironsky.pl\/sklep\/wp-json\/wp\/v2\/media\/25439"}],"wp:attachment":[{"href":"https:\/\/ironsky.pl\/sklep\/wp-json\/wp\/v2\/media?parent=25438"}],"wp:term":[{"taxonomy":"product_brand","embeddable":true,"href":"https:\/\/ironsky.pl\/sklep\/wp-json\/wp\/v2\/product_brand?post=25438"},{"taxonomy":"product_cat","embeddable":true,"href":"https:\/\/ironsky.pl\/sklep\/wp-json\/wp\/v2\/product_cat?post=25438"},{"taxonomy":"product_tag","embeddable":true,"href":"https:\/\/ironsky.pl\/sklep\/wp-json\/wp\/v2\/product_tag?post=25438"}],"curies":[{"name":"wp","href":"https:\/\/api.w.org\/{rel}","templated":true}]}}