{"id":25404,"date":"2024-09-16T19:21:12","date_gmt":"2024-09-16T17:21:12","guid":{"rendered":"http:\/\/gvshalph.pro-linuxpl.com\/ironskyprodukty\/produkt\/plecak-moro-na-jedno-ramie-pgytech-onemo-11l-szary\/"},"modified":"2026-03-05T15:51:41","modified_gmt":"2026-03-05T14:51:41","slug":"plecak-moro-na-jedno-ramie-pgytech-onemo-11l-szary","status":"publish","type":"product","link":"https:\/\/ironsky.pl\/sklep\/produkt\/plecak-moro-na-jedno-ramie-pgytech-onemo-11l-szary\/","title":{"rendered":"Plecak moro na jedno rami\u0119 PGYTECH OneMo 11L (szary)"},"content":{"rendered":"<h3>Torba fotograficzna na rami\u0119 PGYTECH OneMo Sling 11L (szary)<\/h3>\n<p>Torba fotograficzna PGYTECH to niezast\u0105pione narz\u0119dzie dla ka\u017cdego pasjonata fotografii. Dzi\u0119ki pojemno\u015bci wynosz\u0105cej 11 litr\u00f3w pomie\u015bci wszystkie niezb\u0119dne elementy Twojego sprz\u0119tu fotograficznego. Zosta\u0142a wykonana z wodoodpornego tworzywa, dzi\u0119ki czemu nie musisz si\u0119 martwi\u0107 o sprz\u0119t, gdy przyjdzie Ci fotografowa\u0107 w deszczu lub w trudnych warunkach atmosferycznych.<\/p>\n<p><img decoding=\"async\" src=\"https:\/\/assets.innpro.pl\/2671\/2852\/12.jpg\" border=\"0\" alt=\"\" \/><\/p>\n<h3>Ca\u0142y Tw\u00f3j sprz\u0119t w jednej torbie<\/h3>\n<p>Teraz bez problemu spakujesz ca\u0142y sw\u00f3j sprz\u0119t na sesj\u0119 zdj\u0119ciow\u0105 w plenerze! Torba oferuje pojemno\u015b\u0107 a\u017c 11 litr\u00f3w, kt\u00f3r\u0105 mo\u017cesz z \u0142atwo\u015bci\u0105 rozszerzy\u0107 o dodatkowe 2,5 l. Jest to wystarczaj\u0105co du\u017co miejsca, aby pomie\u015bci\u0107 aparat fotograficzny, 3 dodatkowe obiektywy, wymienne akumulatory i wiele innych niezb\u0119dnych akcesori\u00f3w. Co wi\u0119cej, wyposa\u017cono j\u0105 w specjalne przegr\u00f3dki, kt\u00f3re u\u0142atwi\u0105 Ci utrzymanie porz\u0105dku \u2013 mo\u017cesz dowolnie modyfikowa\u0107 ich rozmieszczenia, dostosowuj\u0105c je do swoich preferencji i rodzaju sprz\u0119tu, kt\u00f3ry planujesz przenosi\u0107.<\/p>\n<p><img decoding=\"async\" src=\"https:\/\/assets.innpro.pl\/2671\/2852\/8.jpg\" border=\"0\" alt=\"\" \/><\/p>\n<h3>Z dba\u0142o\u015bci\u0105 o detale<\/h3>\n<p>Torba PGYTECH zosta\u0142a zaprojektowana z dba\u0142o\u015bci\u0105 o najmniejsze detale. Oferuje mn\u00f3stwo niewielkich kieszeni, kt\u00f3re doskonale sprawdz\u0105 si\u0119 do przechowywania kabli, akumulator\u00f3w, telefonu, AirTaga i wielu innych akcesori\u00f3w. OneMo Sling posiada r\u00f3wnie\u017c specjalna mocowania dla aparat\u00f3w fotograficznych, a na spodzie torby znajduj\u0105 si\u0119 paski, kt\u00f3re pozwol\u0105 Ci wygodnie transportowa\u0107 statyw.<\/p>\n<p><img decoding=\"async\" src=\"https:\/\/assets.innpro.pl\/2671\/2852\/3.jpg\" border=\"0\" alt=\"\" \/><\/p>\n<div class=\"table-wrapper\">\n<p>\u00a0<\/p>\n<p><\/br><!DOCTYPE html><br \/>\n<html lang=\"pl\"><br \/>\n<head><br \/>\n    <meta charset=\"UTF-8\"><br \/>\n    <meta name=\"viewport\" content=\"width=device-width, initial-scale=1.0\"><br \/>\n    <title><\/title><br \/>\n<\/head><br \/>\n<body><br \/>\n    <iframe width=\"100%\" height=\"720px\" src=\"https:\/\/www.youtube.com\/embed\/1yQpSZGrbn4?playlist=1yQpSZGrbn4&#038;loop=1\" frameborder=\"0\" allow=\"accelerometer; autoplay; clipboard-write; encrypted-media; gyroscope; picture-in-picture\" allowfullscreen><\/iframe><br \/>\n<\/body><br \/>\n<\/html><\/p>\n<h3>\u00a0<\/h3>\n<table>\n<tbody>\n<tr>\n<th>Producent<\/th>\n<td>PGYTECH<\/td>\n<\/tr>\n<tr>\n<th>Model<\/th>\n<td>P-CB-164<\/td>\n<\/tr>\n<tr>\n<th>Kolor<\/th>\n<td>Szary<\/td>\n<\/tr>\n<tr>\n<th>Pojemno\u015b\u0107<\/th>\n<td>11 l <br \/>13,5 l (po rozszerzeniu)<\/td>\n<\/tr>\n<tr>\n<th>Materia\u0142<\/th>\n<td>POLY + PU<\/td>\n<\/tr>\n<tr>\n<th>Wymiary<\/th>\n<td>350 x 130 x 210 mm<br \/>350 x 130 x 250 mm (po rozszerzeniu)<\/td>\n<\/tr>\n<tr>\n<th>Waga<\/th>\n<td>Bez przegr\u00f3dek: 0,89 kg <br \/>Z przegr\u00f3dkami: 1,1 kg<\/td>\n<\/tr>\n<\/tbody>\n<\/table>\n<\/div>\n","protected":false},"excerpt":{"rendered":"<p>Torba fotograficzna na rami\u0119 PGYTECH OneMo Sling 11L (szary) Torba fotograficzna PGYTECH to niezast\u0105pione narz\u0119dzie dla ka\u017cdego pasjonata fotografii. Dzi\u0119ki<\/p>\n","protected":false},"featured_media":25405,"comment_status":"closed","ping_status":"open","template":"","meta":{"_acf_changed":false},"product_brand":[],"product_cat":[1128,5772,5761],"product_tag":[],"class_list":{"0":"post-25404","1":"product","2":"type-product","3":"status-publish","4":"has-post-thumbnail","6":"product_cat-foto-wideo","7":"product_cat-torby-fotograficzne","8":"product_cat-transport","9":"pa_box-height-1511","10":"pa_box-length-2591","11":"pa_box-width-2035","12":"pa_gross-weight-4485","13":"pa_hs-code-2462","14":"pa_net-weight-3102","16":"first","17":"outofstock","18":"taxable","19":"shipping-taxable","20":"purchasable","21":"product-type-simple"},"acf":[],"yoast_head":"<!-- This site is optimized with the Yoast SEO plugin v27.2 - https:\/\/yoast.com\/product\/yoast-seo-wordpress\/ -->\n<title>Plecak moro na jedno rami\u0119 PGYTECH OneMo 11L (szary) - IRONSKY.PL Sklep z Dronami<\/title>\n<meta name=\"description\" content=\"Plecak moro na jedno rami\u0119 PGYTECH OneMo 11L (szary) - \u2705 sklep z dronami i fachowym doradztwem. \u2705 Tutaj kupisz produkty DJI, Yuneec, Parrot, Syma i wiele innych, a tak\u017ce kursy i licencje na operatora drona.\" \/>\n<meta name=\"robots\" content=\"index, follow, max-snippet:-1, max-image-preview:large, max-video-preview:-1\" \/>\n<link rel=\"canonical\" href=\"https:\/\/ironsky.pl\/sklep\/produkt\/plecak-moro-na-jedno-ramie-pgytech-onemo-11l-szary\/\" \/>\n<meta property=\"og:locale\" content=\"pl_PL\" \/>\n<meta property=\"og:type\" content=\"article\" \/>\n<meta property=\"og:title\" content=\"Plecak moro na jedno rami\u0119 PGYTECH OneMo 11L (szary) - IRONSKY.PL Sklep z Dronami\" \/>\n<meta property=\"og:description\" content=\"Plecak moro na jedno rami\u0119 PGYTECH OneMo 11L (szary) - \u2705 sklep z dronami i fachowym doradztwem. \u2705 Tutaj kupisz produkty DJI, Yuneec, Parrot, Syma i wiele innych, a tak\u017ce kursy i licencje na operatora drona.\" \/>\n<meta property=\"og:url\" content=\"https:\/\/ironsky.pl\/sklep\/produkt\/plecak-moro-na-jedno-ramie-pgytech-onemo-11l-szary\/\" \/>\n<meta property=\"og:site_name\" content=\"IRONSKY.PL Sklep z Dronami\" \/>\n<meta property=\"article:modified_time\" content=\"2026-03-05T14:51:41+00:00\" \/>\n<meta property=\"og:image\" content=\"https:\/\/ironsky.pl\/sklep\/wp-content\/uploads\/2024\/09\/36219_1.jpg\" \/>\n\t<meta property=\"og:image:width\" content=\"800\" \/>\n\t<meta property=\"og:image:height\" content=\"800\" \/>\n\t<meta property=\"og:image:type\" content=\"image\/jpeg\" \/>\n<meta name=\"twitter:card\" content=\"summary_large_image\" \/>\n<meta name=\"twitter:label1\" content=\"Szacowany czas czytania\" \/>\n\t<meta name=\"twitter:data1\" content=\"1 minuta\" \/>\n<script type=\"application\/ld+json\" class=\"yoast-schema-graph\">{\"@context\":\"https:\/\/schema.org\",\"@graph\":[{\"@type\":\"WebPage\",\"@id\":\"https:\/\/ironsky.pl\/sklep\/produkt\/plecak-moro-na-jedno-ramie-pgytech-onemo-11l-szary\/\",\"url\":\"https:\/\/ironsky.pl\/sklep\/produkt\/plecak-moro-na-jedno-ramie-pgytech-onemo-11l-szary\/\",\"name\":\"Plecak moro na jedno rami\u0119 PGYTECH OneMo 11L (szary) - IRONSKY.PL Sklep z Dronami\",\"isPartOf\":{\"@id\":\"https:\/\/ironsky.pl\/sklep\/#website\"},\"primaryImageOfPage\":{\"@id\":\"https:\/\/ironsky.pl\/sklep\/produkt\/plecak-moro-na-jedno-ramie-pgytech-onemo-11l-szary\/#primaryimage\"},\"image\":{\"@id\":\"https:\/\/ironsky.pl\/sklep\/produkt\/plecak-moro-na-jedno-ramie-pgytech-onemo-11l-szary\/#primaryimage\"},\"thumbnailUrl\":\"https:\/\/ironsky.pl\/sklep\/wp-content\/uploads\/2024\/09\/36219_1.jpg\",\"datePublished\":\"2024-09-16T17:21:12+00:00\",\"dateModified\":\"2026-03-05T14:51:41+00:00\",\"description\":\"Plecak moro na jedno rami\u0119 PGYTECH OneMo 11L (szary) - \u2705 sklep z dronami i fachowym doradztwem. \u2705 Tutaj kupisz produkty DJI, Yuneec, Parrot, Syma i wiele innych, a tak\u017ce kursy i licencje na operatora drona.\",\"breadcrumb\":{\"@id\":\"https:\/\/ironsky.pl\/sklep\/produkt\/plecak-moro-na-jedno-ramie-pgytech-onemo-11l-szary\/#breadcrumb\"},\"inLanguage\":\"pl-PL\",\"potentialAction\":[{\"@type\":\"ReadAction\",\"target\":[\"https:\/\/ironsky.pl\/sklep\/produkt\/plecak-moro-na-jedno-ramie-pgytech-onemo-11l-szary\/\"]}]},{\"@type\":\"ImageObject\",\"inLanguage\":\"pl-PL\",\"@id\":\"https:\/\/ironsky.pl\/sklep\/produkt\/plecak-moro-na-jedno-ramie-pgytech-onemo-11l-szary\/#primaryimage\",\"url\":\"https:\/\/ironsky.pl\/sklep\/wp-content\/uploads\/2024\/09\/36219_1.jpg\",\"contentUrl\":\"https:\/\/ironsky.pl\/sklep\/wp-content\/uploads\/2024\/09\/36219_1.jpg\",\"width\":800,\"height\":800},{\"@type\":\"BreadcrumbList\",\"@id\":\"https:\/\/ironsky.pl\/sklep\/produkt\/plecak-moro-na-jedno-ramie-pgytech-onemo-11l-szary\/#breadcrumb\",\"itemListElement\":[{\"@type\":\"ListItem\",\"position\":1,\"name\":\"Strona g\u0142\u00f3wna\",\"item\":\"https:\/\/ironsky.pl\/sklep\/\"},{\"@type\":\"ListItem\",\"position\":2,\"name\":\"Wszystkie produkty\",\"item\":\"https:\/\/ironsky.pl\/sklep\/produkty\/\"},{\"@type\":\"ListItem\",\"position\":3,\"name\":\"Plecak moro na jedno rami\u0119 PGYTECH OneMo 11L (szary)\"}]},{\"@type\":\"WebSite\",\"@id\":\"https:\/\/ironsky.pl\/sklep\/#website\",\"url\":\"https:\/\/ironsky.pl\/sklep\/\",\"name\":\"IRONSKY.PL Sklep z Dronami\",\"description\":\"IRONSKY.PL Sklep z Dronami\",\"potentialAction\":[{\"@type\":\"SearchAction\",\"target\":{\"@type\":\"EntryPoint\",\"urlTemplate\":\"https:\/\/ironsky.pl\/sklep\/?s={search_term_string}\"},\"query-input\":{\"@type\":\"PropertyValueSpecification\",\"valueRequired\":true,\"valueName\":\"search_term_string\"}}],\"inLanguage\":\"pl-PL\"}]}<\/script>\n<!-- \/ Yoast SEO plugin. -->","yoast_head_json":{"title":"Plecak moro na jedno rami\u0119 PGYTECH OneMo 11L (szary) - IRONSKY.PL Sklep z Dronami","description":"Plecak moro na jedno rami\u0119 PGYTECH OneMo 11L (szary) - \u2705 sklep z dronami i fachowym doradztwem. \u2705 Tutaj kupisz produkty DJI, Yuneec, Parrot, Syma i wiele innych, a tak\u017ce kursy i licencje na operatora drona.","robots":{"index":"index","follow":"follow","max-snippet":"max-snippet:-1","max-image-preview":"max-image-preview:large","max-video-preview":"max-video-preview:-1"},"canonical":"https:\/\/ironsky.pl\/sklep\/produkt\/plecak-moro-na-jedno-ramie-pgytech-onemo-11l-szary\/","og_locale":"pl_PL","og_type":"article","og_title":"Plecak moro na jedno rami\u0119 PGYTECH OneMo 11L (szary) - IRONSKY.PL Sklep z Dronami","og_description":"Plecak moro na jedno rami\u0119 PGYTECH OneMo 11L (szary) - \u2705 sklep z dronami i fachowym doradztwem. \u2705 Tutaj kupisz produkty DJI, Yuneec, Parrot, Syma i wiele innych, a tak\u017ce kursy i licencje na operatora drona.","og_url":"https:\/\/ironsky.pl\/sklep\/produkt\/plecak-moro-na-jedno-ramie-pgytech-onemo-11l-szary\/","og_site_name":"IRONSKY.PL Sklep z Dronami","article_modified_time":"2026-03-05T14:51:41+00:00","og_image":[{"width":800,"height":800,"url":"https:\/\/ironsky.pl\/sklep\/wp-content\/uploads\/2024\/09\/36219_1.jpg","type":"image\/jpeg"}],"twitter_card":"summary_large_image","twitter_misc":{"Szacowany czas czytania":"1 minuta"},"schema":{"@context":"https:\/\/schema.org","@graph":[{"@type":"WebPage","@id":"https:\/\/ironsky.pl\/sklep\/produkt\/plecak-moro-na-jedno-ramie-pgytech-onemo-11l-szary\/","url":"https:\/\/ironsky.pl\/sklep\/produkt\/plecak-moro-na-jedno-ramie-pgytech-onemo-11l-szary\/","name":"Plecak moro na jedno rami\u0119 PGYTECH OneMo 11L (szary) - IRONSKY.PL Sklep z Dronami","isPartOf":{"@id":"https:\/\/ironsky.pl\/sklep\/#website"},"primaryImageOfPage":{"@id":"https:\/\/ironsky.pl\/sklep\/produkt\/plecak-moro-na-jedno-ramie-pgytech-onemo-11l-szary\/#primaryimage"},"image":{"@id":"https:\/\/ironsky.pl\/sklep\/produkt\/plecak-moro-na-jedno-ramie-pgytech-onemo-11l-szary\/#primaryimage"},"thumbnailUrl":"https:\/\/ironsky.pl\/sklep\/wp-content\/uploads\/2024\/09\/36219_1.jpg","datePublished":"2024-09-16T17:21:12+00:00","dateModified":"2026-03-05T14:51:41+00:00","description":"Plecak moro na jedno rami\u0119 PGYTECH OneMo 11L (szary) - \u2705 sklep z dronami i fachowym doradztwem. \u2705 Tutaj kupisz produkty DJI, Yuneec, Parrot, Syma i wiele innych, a tak\u017ce kursy i licencje na operatora drona.","breadcrumb":{"@id":"https:\/\/ironsky.pl\/sklep\/produkt\/plecak-moro-na-jedno-ramie-pgytech-onemo-11l-szary\/#breadcrumb"},"inLanguage":"pl-PL","potentialAction":[{"@type":"ReadAction","target":["https:\/\/ironsky.pl\/sklep\/produkt\/plecak-moro-na-jedno-ramie-pgytech-onemo-11l-szary\/"]}]},{"@type":"ImageObject","inLanguage":"pl-PL","@id":"https:\/\/ironsky.pl\/sklep\/produkt\/plecak-moro-na-jedno-ramie-pgytech-onemo-11l-szary\/#primaryimage","url":"https:\/\/ironsky.pl\/sklep\/wp-content\/uploads\/2024\/09\/36219_1.jpg","contentUrl":"https:\/\/ironsky.pl\/sklep\/wp-content\/uploads\/2024\/09\/36219_1.jpg","width":800,"height":800},{"@type":"BreadcrumbList","@id":"https:\/\/ironsky.pl\/sklep\/produkt\/plecak-moro-na-jedno-ramie-pgytech-onemo-11l-szary\/#breadcrumb","itemListElement":[{"@type":"ListItem","position":1,"name":"Strona g\u0142\u00f3wna","item":"https:\/\/ironsky.pl\/sklep\/"},{"@type":"ListItem","position":2,"name":"Wszystkie produkty","item":"https:\/\/ironsky.pl\/sklep\/produkty\/"},{"@type":"ListItem","position":3,"name":"Plecak moro na jedno rami\u0119 PGYTECH OneMo 11L (szary)"}]},{"@type":"WebSite","@id":"https:\/\/ironsky.pl\/sklep\/#website","url":"https:\/\/ironsky.pl\/sklep\/","name":"IRONSKY.PL Sklep z Dronami","description":"IRONSKY.PL Sklep z Dronami","potentialAction":[{"@type":"SearchAction","target":{"@type":"EntryPoint","urlTemplate":"https:\/\/ironsky.pl\/sklep\/?s={search_term_string}"},"query-input":{"@type":"PropertyValueSpecification","valueRequired":true,"valueName":"search_term_string"}}],"inLanguage":"pl-PL"}]}},"_links":{"self":[{"href":"https:\/\/ironsky.pl\/sklep\/wp-json\/wp\/v2\/product\/25404","targetHints":{"allow":["GET"]}}],"collection":[{"href":"https:\/\/ironsky.pl\/sklep\/wp-json\/wp\/v2\/product"}],"about":[{"href":"https:\/\/ironsky.pl\/sklep\/wp-json\/wp\/v2\/types\/product"}],"replies":[{"embeddable":true,"href":"https:\/\/ironsky.pl\/sklep\/wp-json\/wp\/v2\/comments?post=25404"}],"wp:featuredmedia":[{"embeddable":true,"href":"https:\/\/ironsky.pl\/sklep\/wp-json\/wp\/v2\/media\/25405"}],"wp:attachment":[{"href":"https:\/\/ironsky.pl\/sklep\/wp-json\/wp\/v2\/media?parent=25404"}],"wp:term":[{"taxonomy":"product_brand","embeddable":true,"href":"https:\/\/ironsky.pl\/sklep\/wp-json\/wp\/v2\/product_brand?post=25404"},{"taxonomy":"product_cat","embeddable":true,"href":"https:\/\/ironsky.pl\/sklep\/wp-json\/wp\/v2\/product_cat?post=25404"},{"taxonomy":"product_tag","embeddable":true,"href":"https:\/\/ironsky.pl\/sklep\/wp-json\/wp\/v2\/product_tag?post=25404"}],"curies":[{"name":"wp","href":"https:\/\/api.w.org\/{rel}","templated":true}]}}