{"id":25398,"date":"2024-09-16T19:21:12","date_gmt":"2024-09-16T17:21:12","guid":{"rendered":"http:\/\/gvshalph.pro-linuxpl.com\/ironskyprodukty\/produkt\/plecak-worek-pgytech-onego-zielony\/"},"modified":"2026-03-05T15:51:41","modified_gmt":"2026-03-05T14:51:41","slug":"plecak-worek-pgytech-onego-zielony","status":"publish","type":"product","link":"https:\/\/ironsky.pl\/sklep\/produkt\/plecak-worek-pgytech-onego-zielony\/","title":{"rendered":"Plecak\/worek PGYTECH OneGo (zielony)"},"content":{"rendered":"<h3>Plecak\/worek PGYTECH OneGo (zielony)<\/h3>\n<p><p>Worek PGYTECH OneGo to praktyczny element wyposa\u017cenia dla ka\u017cdego mi\u0142o\u015bnika fotografii. Jego starannie przemy\u015blana konstrukcja pozwala na bezpieczne i wygodne przechowywanie Twojego sprz\u0119tu. Wielowarstwowa wy\u015bci\u00f3\u0142ka niezawodnie chroni przed wstrz\u0105sami i uszkodzeniami, zapewniaj\u0105c bezpiecze\u0144stwo aparatu. Zosta\u0142 wykonany z wyj\u0105tkowo trwa\u0142ej i odpornej na uszkodzenia nylonowej tkaniny, kt\u00f3ra gwarantuje dodatkow\u0105 ochron\u0119 przed zachlapaniem.<\/p>\n<\/p>\n<p><img decoding=\"async\" src=\"https:\/\/assets.innpro.pl\/2669\/2850\/9.jpg\" border=\"0\" alt=\"\"><\/p>\n<h3>Optymalna organizacja przestrzeni<\/h3>\n<p><p>Plecak PGYTECH zapewni Ci nie tylko komfortowy transport, ale tak\u017ce doskona\u0142\u0105 ochron\u0119 Twojego sprz\u0119tu. Posiada dedykowane przegr\u00f3dki na bezlusterkowy aparat oraz 1 obiektyw, a dodatkowa kiesze\u0144 z magnetycznym zapi\u0119ciem pozwala na przechowywanie drobnych akcesori\u00f3w, takich jak kable czy karty pami\u0119ci. Wyposa\u017cono go r\u00f3wnie\u017c w specjalnie zaprojektowan\u0105 kieszonk\u0119 na AirTag, dzi\u0119ki temu mo\u017cesz podr\u00f3\u017cowa\u0107 spokojnie, wiedz\u0105c, \u017ce Tw\u00f3j cenny sprz\u0119t jest zabezpieczony przed kradzie\u017c\u0105.<\/p>\n<\/p>\n<p><img decoding=\"async\" src=\"https:\/\/assets.innpro.pl\/2669\/2850\/5.jpg\" border=\"0\" alt=\"\"><\/p>\n<p><\/br><!DOCTYPE html><br \/>\n<html lang=\"pl\"><br \/>\n<head><br \/>\n    <meta charset=\"UTF-8\"><br \/>\n    <meta name=\"viewport\" content=\"width=device-width, initial-scale=1.0\"><br \/>\n    <title><\/title><br \/>\n<\/head><br \/>\n<body><br \/>\n    <iframe width=\"100%\" height=\"720px\" src=\"https:\/\/www.youtube.com\/embed\/E0DOkFvWfos?playlist=E0DOkFvWfos&#038;loop=1\" frameborder=\"0\" allow=\"accelerometer; autoplay; clipboard-write; encrypted-media; gyroscope; picture-in-picture\" allowfullscreen><\/iframe><br \/>\n<\/body><br \/>\n<\/html><\/p>\n<div class=\"table-wrapper\">\n<p>&nbsp;<\/p>\n<h3><\/h3>\n<table>\n<tbody>\n<tr>\n<th>Producent<\/th>\n<td>PGYTECH<\/td>\n<\/tr>\n<tr>\n<th>Model<\/th>\n<td>P-CB-263<\/td>\n<\/tr>\n<tr>\n<th>Kolor<\/th>\n<td>Zielony<\/td>\n<\/tr>\n<tr>\n<th>Materia\u0142<\/th>\n<td>Poliuretan + poliamid + poliester<\/td>\n<\/tr>\n<tr>\n<th>Wymiary<\/th>\n<td>220 x 300 x 100 mm<\/td>\n<\/tr>\n<tr>\n<th>Waga<\/th>\n<td>0,18 kg<\/td>\n<\/tr>\n<\/tbody>\n<\/table>\n<\/div>\n","protected":false},"excerpt":{"rendered":"<p>Plecak\/worek PGYTECH OneGo (zielony) Worek PGYTECH OneGo to praktyczny element wyposa\u017cenia dla ka\u017cdego mi\u0142o\u015bnika fotografii. Jego starannie przemy\u015blana konstrukcja pozwala<\/p>\n","protected":false},"featured_media":25399,"comment_status":"closed","ping_status":"open","template":"","meta":{"_acf_changed":false},"product_brand":[],"product_cat":[1128,5772,5761],"product_tag":[],"class_list":{"0":"post-25398","1":"product","2":"type-product","3":"status-publish","4":"has-post-thumbnail","6":"product_cat-foto-wideo","7":"product_cat-torby-fotograficzne","8":"product_cat-transport","9":"pa_box-height-2966","10":"pa_box-length-1618","11":"pa_box-width-1946","12":"pa_gross-weight-2867","13":"pa_hs-code-2462","14":"pa_net-weight-1597","16":"first","17":"outofstock","18":"taxable","19":"shipping-taxable","20":"purchasable","21":"product-type-simple"},"acf":[],"yoast_head":"<!-- This site is optimized with the Yoast SEO plugin v27.2 - https:\/\/yoast.com\/product\/yoast-seo-wordpress\/ -->\n<title>Plecak\/worek PGYTECH OneGo (zielony) - IRONSKY.PL Sklep z Dronami<\/title>\n<meta name=\"description\" content=\"Plecak\/worek PGYTECH OneGo (zielony) - \u2705 sklep z dronami i fachowym doradztwem. \u2705 Tutaj kupisz produkty DJI, Yuneec, Parrot, Syma i wiele innych, a tak\u017ce kursy i licencje na operatora drona.\" \/>\n<meta name=\"robots\" content=\"index, follow, max-snippet:-1, max-image-preview:large, max-video-preview:-1\" \/>\n<link rel=\"canonical\" href=\"https:\/\/ironsky.pl\/sklep\/produkt\/plecak-worek-pgytech-onego-zielony\/\" \/>\n<meta property=\"og:locale\" content=\"pl_PL\" \/>\n<meta property=\"og:type\" content=\"article\" \/>\n<meta property=\"og:title\" content=\"Plecak\/worek PGYTECH OneGo (zielony) - IRONSKY.PL Sklep z Dronami\" \/>\n<meta property=\"og:description\" content=\"Plecak\/worek PGYTECH OneGo (zielony) - \u2705 sklep z dronami i fachowym doradztwem. \u2705 Tutaj kupisz produkty DJI, Yuneec, Parrot, Syma i wiele innych, a tak\u017ce kursy i licencje na operatora drona.\" \/>\n<meta property=\"og:url\" content=\"https:\/\/ironsky.pl\/sklep\/produkt\/plecak-worek-pgytech-onego-zielony\/\" \/>\n<meta property=\"og:site_name\" content=\"IRONSKY.PL Sklep z Dronami\" \/>\n<meta property=\"article:modified_time\" content=\"2026-03-05T14:51:41+00:00\" \/>\n<meta property=\"og:image\" content=\"https:\/\/ironsky.pl\/sklep\/wp-content\/uploads\/2024\/09\/36217_3.jpg\" \/>\n\t<meta property=\"og:image:width\" content=\"800\" \/>\n\t<meta property=\"og:image:height\" content=\"800\" \/>\n\t<meta property=\"og:image:type\" content=\"image\/jpeg\" \/>\n<meta name=\"twitter:card\" content=\"summary_large_image\" \/>\n<meta name=\"twitter:label1\" content=\"Szacowany czas czytania\" \/>\n\t<meta name=\"twitter:data1\" content=\"1 minuta\" \/>\n<script type=\"application\/ld+json\" class=\"yoast-schema-graph\">{\"@context\":\"https:\/\/schema.org\",\"@graph\":[{\"@type\":\"WebPage\",\"@id\":\"https:\/\/ironsky.pl\/sklep\/produkt\/plecak-worek-pgytech-onego-zielony\/\",\"url\":\"https:\/\/ironsky.pl\/sklep\/produkt\/plecak-worek-pgytech-onego-zielony\/\",\"name\":\"Plecak\/worek PGYTECH OneGo (zielony) - IRONSKY.PL Sklep z Dronami\",\"isPartOf\":{\"@id\":\"https:\/\/ironsky.pl\/sklep\/#website\"},\"primaryImageOfPage\":{\"@id\":\"https:\/\/ironsky.pl\/sklep\/produkt\/plecak-worek-pgytech-onego-zielony\/#primaryimage\"},\"image\":{\"@id\":\"https:\/\/ironsky.pl\/sklep\/produkt\/plecak-worek-pgytech-onego-zielony\/#primaryimage\"},\"thumbnailUrl\":\"https:\/\/ironsky.pl\/sklep\/wp-content\/uploads\/2024\/09\/36217_3.jpg\",\"datePublished\":\"2024-09-16T17:21:12+00:00\",\"dateModified\":\"2026-03-05T14:51:41+00:00\",\"description\":\"Plecak\/worek PGYTECH OneGo (zielony) - \u2705 sklep z dronami i fachowym doradztwem. \u2705 Tutaj kupisz produkty DJI, Yuneec, Parrot, Syma i wiele innych, a tak\u017ce kursy i licencje na operatora drona.\",\"breadcrumb\":{\"@id\":\"https:\/\/ironsky.pl\/sklep\/produkt\/plecak-worek-pgytech-onego-zielony\/#breadcrumb\"},\"inLanguage\":\"pl-PL\",\"potentialAction\":[{\"@type\":\"ReadAction\",\"target\":[\"https:\/\/ironsky.pl\/sklep\/produkt\/plecak-worek-pgytech-onego-zielony\/\"]}]},{\"@type\":\"ImageObject\",\"inLanguage\":\"pl-PL\",\"@id\":\"https:\/\/ironsky.pl\/sklep\/produkt\/plecak-worek-pgytech-onego-zielony\/#primaryimage\",\"url\":\"https:\/\/ironsky.pl\/sklep\/wp-content\/uploads\/2024\/09\/36217_3.jpg\",\"contentUrl\":\"https:\/\/ironsky.pl\/sklep\/wp-content\/uploads\/2024\/09\/36217_3.jpg\",\"width\":800,\"height\":800},{\"@type\":\"BreadcrumbList\",\"@id\":\"https:\/\/ironsky.pl\/sklep\/produkt\/plecak-worek-pgytech-onego-zielony\/#breadcrumb\",\"itemListElement\":[{\"@type\":\"ListItem\",\"position\":1,\"name\":\"Strona g\u0142\u00f3wna\",\"item\":\"https:\/\/ironsky.pl\/sklep\/\"},{\"@type\":\"ListItem\",\"position\":2,\"name\":\"Wszystkie produkty\",\"item\":\"https:\/\/ironsky.pl\/sklep\/produkty\/\"},{\"@type\":\"ListItem\",\"position\":3,\"name\":\"Plecak\/worek PGYTECH OneGo (zielony)\"}]},{\"@type\":\"WebSite\",\"@id\":\"https:\/\/ironsky.pl\/sklep\/#website\",\"url\":\"https:\/\/ironsky.pl\/sklep\/\",\"name\":\"IRONSKY.PL Sklep z Dronami\",\"description\":\"IRONSKY.PL Sklep z Dronami\",\"potentialAction\":[{\"@type\":\"SearchAction\",\"target\":{\"@type\":\"EntryPoint\",\"urlTemplate\":\"https:\/\/ironsky.pl\/sklep\/?s={search_term_string}\"},\"query-input\":{\"@type\":\"PropertyValueSpecification\",\"valueRequired\":true,\"valueName\":\"search_term_string\"}}],\"inLanguage\":\"pl-PL\"}]}<\/script>\n<!-- \/ Yoast SEO plugin. -->","yoast_head_json":{"title":"Plecak\/worek PGYTECH OneGo (zielony) - IRONSKY.PL Sklep z Dronami","description":"Plecak\/worek PGYTECH OneGo (zielony) - \u2705 sklep z dronami i fachowym doradztwem. \u2705 Tutaj kupisz produkty DJI, Yuneec, Parrot, Syma i wiele innych, a tak\u017ce kursy i licencje na operatora drona.","robots":{"index":"index","follow":"follow","max-snippet":"max-snippet:-1","max-image-preview":"max-image-preview:large","max-video-preview":"max-video-preview:-1"},"canonical":"https:\/\/ironsky.pl\/sklep\/produkt\/plecak-worek-pgytech-onego-zielony\/","og_locale":"pl_PL","og_type":"article","og_title":"Plecak\/worek PGYTECH OneGo (zielony) - IRONSKY.PL Sklep z Dronami","og_description":"Plecak\/worek PGYTECH OneGo (zielony) - \u2705 sklep z dronami i fachowym doradztwem. \u2705 Tutaj kupisz produkty DJI, Yuneec, Parrot, Syma i wiele innych, a tak\u017ce kursy i licencje na operatora drona.","og_url":"https:\/\/ironsky.pl\/sklep\/produkt\/plecak-worek-pgytech-onego-zielony\/","og_site_name":"IRONSKY.PL Sklep z Dronami","article_modified_time":"2026-03-05T14:51:41+00:00","og_image":[{"width":800,"height":800,"url":"https:\/\/ironsky.pl\/sklep\/wp-content\/uploads\/2024\/09\/36217_3.jpg","type":"image\/jpeg"}],"twitter_card":"summary_large_image","twitter_misc":{"Szacowany czas czytania":"1 minuta"},"schema":{"@context":"https:\/\/schema.org","@graph":[{"@type":"WebPage","@id":"https:\/\/ironsky.pl\/sklep\/produkt\/plecak-worek-pgytech-onego-zielony\/","url":"https:\/\/ironsky.pl\/sklep\/produkt\/plecak-worek-pgytech-onego-zielony\/","name":"Plecak\/worek PGYTECH OneGo (zielony) - IRONSKY.PL Sklep z Dronami","isPartOf":{"@id":"https:\/\/ironsky.pl\/sklep\/#website"},"primaryImageOfPage":{"@id":"https:\/\/ironsky.pl\/sklep\/produkt\/plecak-worek-pgytech-onego-zielony\/#primaryimage"},"image":{"@id":"https:\/\/ironsky.pl\/sklep\/produkt\/plecak-worek-pgytech-onego-zielony\/#primaryimage"},"thumbnailUrl":"https:\/\/ironsky.pl\/sklep\/wp-content\/uploads\/2024\/09\/36217_3.jpg","datePublished":"2024-09-16T17:21:12+00:00","dateModified":"2026-03-05T14:51:41+00:00","description":"Plecak\/worek PGYTECH OneGo (zielony) - \u2705 sklep z dronami i fachowym doradztwem. \u2705 Tutaj kupisz produkty DJI, Yuneec, Parrot, Syma i wiele innych, a tak\u017ce kursy i licencje na operatora drona.","breadcrumb":{"@id":"https:\/\/ironsky.pl\/sklep\/produkt\/plecak-worek-pgytech-onego-zielony\/#breadcrumb"},"inLanguage":"pl-PL","potentialAction":[{"@type":"ReadAction","target":["https:\/\/ironsky.pl\/sklep\/produkt\/plecak-worek-pgytech-onego-zielony\/"]}]},{"@type":"ImageObject","inLanguage":"pl-PL","@id":"https:\/\/ironsky.pl\/sklep\/produkt\/plecak-worek-pgytech-onego-zielony\/#primaryimage","url":"https:\/\/ironsky.pl\/sklep\/wp-content\/uploads\/2024\/09\/36217_3.jpg","contentUrl":"https:\/\/ironsky.pl\/sklep\/wp-content\/uploads\/2024\/09\/36217_3.jpg","width":800,"height":800},{"@type":"BreadcrumbList","@id":"https:\/\/ironsky.pl\/sklep\/produkt\/plecak-worek-pgytech-onego-zielony\/#breadcrumb","itemListElement":[{"@type":"ListItem","position":1,"name":"Strona g\u0142\u00f3wna","item":"https:\/\/ironsky.pl\/sklep\/"},{"@type":"ListItem","position":2,"name":"Wszystkie produkty","item":"https:\/\/ironsky.pl\/sklep\/produkty\/"},{"@type":"ListItem","position":3,"name":"Plecak\/worek PGYTECH OneGo (zielony)"}]},{"@type":"WebSite","@id":"https:\/\/ironsky.pl\/sklep\/#website","url":"https:\/\/ironsky.pl\/sklep\/","name":"IRONSKY.PL Sklep z Dronami","description":"IRONSKY.PL Sklep z Dronami","potentialAction":[{"@type":"SearchAction","target":{"@type":"EntryPoint","urlTemplate":"https:\/\/ironsky.pl\/sklep\/?s={search_term_string}"},"query-input":{"@type":"PropertyValueSpecification","valueRequired":true,"valueName":"search_term_string"}}],"inLanguage":"pl-PL"}]}},"_links":{"self":[{"href":"https:\/\/ironsky.pl\/sklep\/wp-json\/wp\/v2\/product\/25398","targetHints":{"allow":["GET"]}}],"collection":[{"href":"https:\/\/ironsky.pl\/sklep\/wp-json\/wp\/v2\/product"}],"about":[{"href":"https:\/\/ironsky.pl\/sklep\/wp-json\/wp\/v2\/types\/product"}],"replies":[{"embeddable":true,"href":"https:\/\/ironsky.pl\/sklep\/wp-json\/wp\/v2\/comments?post=25398"}],"wp:featuredmedia":[{"embeddable":true,"href":"https:\/\/ironsky.pl\/sklep\/wp-json\/wp\/v2\/media\/25399"}],"wp:attachment":[{"href":"https:\/\/ironsky.pl\/sklep\/wp-json\/wp\/v2\/media?parent=25398"}],"wp:term":[{"taxonomy":"product_brand","embeddable":true,"href":"https:\/\/ironsky.pl\/sklep\/wp-json\/wp\/v2\/product_brand?post=25398"},{"taxonomy":"product_cat","embeddable":true,"href":"https:\/\/ironsky.pl\/sklep\/wp-json\/wp\/v2\/product_cat?post=25398"},{"taxonomy":"product_tag","embeddable":true,"href":"https:\/\/ironsky.pl\/sklep\/wp-json\/wp\/v2\/product_tag?post=25398"}],"curies":[{"name":"wp","href":"https:\/\/api.w.org\/{rel}","templated":true}]}}