{"id":25200,"date":"2024-09-16T19:17:29","date_gmt":"2024-09-16T17:17:29","guid":{"rendered":"http:\/\/gvshalph.pro-linuxpl.com\/ironskyprodukty\/produkt\/filtr-snow-mist-freewell-do-samsung-galaxy-s23-ultra\/"},"modified":"2026-03-05T15:51:34","modified_gmt":"2026-03-05T14:51:34","slug":"filtr-snow-mist-freewell-do-samsung-galaxy-s23-ultra","status":"publish","type":"product","link":"https:\/\/ironsky.pl\/sklep\/produkt\/filtr-snow-mist-freewell-do-samsung-galaxy-s23-ultra\/","title":{"rendered":"Filtr Snow Mist Freewell do Samsung Galaxy S23 Ultra"},"content":{"rendered":"<h3>Filtr Snow Mist Freewell do Samsunga Galaxy S23 Ultra<\/h3>\n<p>Filtr Snow Mist Freewell powsta\u0142 z my\u015bl\u0105 o u\u017cytkownikach Samsunga Galaxy S23 Ultra. Wykonano go z wysokiej jako\u015bci szk\u0142a optycznego, co przek\u0142ada si\u0119 na du\u017c\u0105 wytrzyma\u0142o\u015b\u0107. Jego monta\u017c odbywa si\u0119 sprawnie i bezproblemowo. Akcesorium umo\u017cliwia\u00a0modyfikacj\u0119 obrazu i zwi\u0119ksza jako\u015b\u0107 materia\u0142\u00f3w. Uwaga: aby m\u00f3c wygodnie korzysta\u0107 z filtra, konieczne jest wyposa\u017cenie si\u0119 w etui FW-GX-S23U.<\/p>\n<p><img decoding=\"async\" src=\"https:\/\/b2b.innpro.pl\/data\/include\/cms\/Freewell\/FW-GX-SMIST1-4\/2.jpg\" border=\"0\" alt=\"Freewell\/FW-GX-SMIST1-4\/2\" \/><\/p>\n<h3>Profesjonalne efekty<\/h3>\n<p>Zastosowanie filtra Snow Mist ma na celu podniesienie jako\u015bci filmu poprzez modyfikacj\u0119 obrazu. Akcesorium pozwala na z\u0142agodzenie intensywno\u015bci \u015bwiate\u0142, redukcj\u0119 kontrastu oraz delikatne wyg\u0142adzenie detali sk\u00f3ry. W efekcie nie tylko poprawia estetyk\u0119 obrazu, ale r\u00f3wnie\u017c wprowadza unikaln\u0105 atmosfer\u0119 do ka\u017cdej sceny. Dzi\u0119ki niemu osi\u0105gniesz wyj\u0105tkowy efekt wizualny, kt\u00f3ry podkre\u015bli emocje i g\u0142\u0119bi\u0119 opowiadanej historii.<\/p>\n<p><img decoding=\"async\" src=\"https:\/\/b2b.innpro.pl\/data\/include\/cms\/Freewell\/FW-GX-SMIST1-4\/1.jpg\" border=\"0\" alt=\"Freewell\/FW-GX-SMIST1-4\/1\" \/><\/p>\n<h3>Magnetyczny system monta\u017cowy<\/h3>\n<p>Z Freewell nie przegapisz \u017cadnego wartego uwiecznienia momentu. Magnetyczny system monta\u017cowy pozwala na b\u0142yskawiczn\u0105 instalacj\u0119 filtra, dzi\u0119ki czemu szybko dostosujesz telefon do zmieniaj\u0105cych si\u0119 warunk\u00f3w \u015bwietlnych.<\/p>\n<p><img decoding=\"async\" src=\"https:\/\/b2b.innpro.pl\/data\/include\/cms\/Freewell\/FW-GX-SMIST1-4\/4.jpg\" border=\"0\" alt=\"Freewell\/FW-GX-SMIST1-4\/4\" \/><\/p>\n<h3>Wytrzyma\u0142y i niezawodny<\/h3>\n<p>Filtr zosta\u0142 wykonany z wysokiej jako\u015bci szk\u0142a optycznego, dzi\u0119ki czemu zapewnia wyj\u0105tkow\u0105 jako\u015b\u0107 obrazu. Ponadto jego pow\u0142oka jest odporna na wod\u0119, kurz, zarysowania oraz t\u0142uste plamy, co gwarantuje czysto\u015b\u0107 i klarowno\u015b\u0107 zdj\u0119\u0107 w ka\u017cdych warunkach.<\/p>\n<p><img decoding=\"async\" src=\"https:\/\/b2b.innpro.pl\/data\/include\/cms\/Freewell\/FW-GX-SMIST1-4\/5.jpg\" border=\"0\" alt=\"Freewell\/FW-GX-SMIST1-4\/5\" \/><\/p>\n<h3>W zestawie:<\/h3>\n<ul>\n<li>Filtr Snow Mist<\/li>\n<li>Etui ochronne<\/li>\n<li>\u015aciereczka do czyszczenia<\/li>\n<\/ul>\n<div class=\"table-wrapper\">\n<table>\n<tbody>\n<tr>\n<th>Producent<\/th>\n<td>Freewell<\/td>\n<\/tr>\n<tr>\n<th>Model<\/th>\n<td>FW-GX-SMIST1\/4<\/td>\n<\/tr>\n<tr>\n<th>Kompatybilno\u015b\u0107<\/th>\n<td>Samsung Galaxy S23 Ultra \/ etui FW-GX-S23U<\/td>\n<\/tr>\n<tr>\n<th>Typ filtra<\/th>\n<td>Snow Mist<\/td>\n<\/tr>\n<\/tbody>\n<\/table>\n<\/div>\n","protected":false},"excerpt":{"rendered":"<p>Filtr Snow Mist Freewell do Samsunga Galaxy S23 Ultra Filtr Snow Mist Freewell powsta\u0142 z my\u015bl\u0105 o u\u017cytkownikach Samsunga Galaxy<\/p>\n","protected":false},"featured_media":25201,"comment_status":"closed","ping_status":"open","template":"","meta":{"_acf_changed":false},"product_brand":[],"product_cat":[1132,1153,1128],"product_tag":[],"class_list":{"0":"post-25200","1":"product","2":"type-product","3":"status-publish","4":"has-post-thumbnail","6":"product_cat-filtry-foto","7":"product_cat-do-smartfonow","8":"product_cat-foto-wideo","9":"pa_box-height-1847","10":"pa_box-length-4045","11":"pa_box-width-2387","12":"pa_gross-weight-3541","13":"pa_model-samsung-s23-ultra","14":"pa_net-weight-2968","16":"first","17":"outofstock","18":"taxable","19":"shipping-taxable","20":"purchasable","21":"product-type-simple"},"acf":[],"yoast_head":"<!-- This site is optimized with the Yoast SEO plugin v27.2 - https:\/\/yoast.com\/product\/yoast-seo-wordpress\/ -->\n<title>Filtr Snow Mist Freewell do Samsung Galaxy S23 Ultra - IRONSKY.PL Sklep z Dronami<\/title>\n<meta name=\"description\" content=\"Filtr Snow Mist Freewell do Samsung Galaxy S23 Ultra - \u2705 sklep z dronami i fachowym doradztwem. \u2705 Tutaj kupisz produkty DJI, Yuneec, Parrot, Syma i wiele innych, a tak\u017ce kursy i licencje na operatora drona.\" \/>\n<meta name=\"robots\" content=\"index, follow, max-snippet:-1, max-image-preview:large, max-video-preview:-1\" \/>\n<link rel=\"canonical\" href=\"https:\/\/ironsky.pl\/sklep\/produkt\/filtr-snow-mist-freewell-do-samsung-galaxy-s23-ultra\/\" \/>\n<meta property=\"og:locale\" content=\"pl_PL\" \/>\n<meta property=\"og:type\" content=\"article\" \/>\n<meta property=\"og:title\" content=\"Filtr Snow Mist Freewell do Samsung Galaxy S23 Ultra - IRONSKY.PL Sklep z Dronami\" \/>\n<meta property=\"og:description\" content=\"Filtr Snow Mist Freewell do Samsung Galaxy S23 Ultra - \u2705 sklep z dronami i fachowym doradztwem. \u2705 Tutaj kupisz produkty DJI, Yuneec, Parrot, Syma i wiele innych, a tak\u017ce kursy i licencje na operatora drona.\" \/>\n<meta property=\"og:url\" content=\"https:\/\/ironsky.pl\/sklep\/produkt\/filtr-snow-mist-freewell-do-samsung-galaxy-s23-ultra\/\" \/>\n<meta property=\"og:site_name\" content=\"IRONSKY.PL Sklep z Dronami\" \/>\n<meta property=\"article:modified_time\" content=\"2026-03-05T14:51:34+00:00\" \/>\n<meta property=\"og:image\" content=\"https:\/\/ironsky.pl\/sklep\/wp-content\/uploads\/2024\/09\/35794_1.jpg\" \/>\n\t<meta property=\"og:image:width\" content=\"800\" \/>\n\t<meta property=\"og:image:height\" content=\"800\" \/>\n\t<meta property=\"og:image:type\" content=\"image\/jpeg\" \/>\n<meta name=\"twitter:card\" content=\"summary_large_image\" \/>\n<meta name=\"twitter:label1\" content=\"Szacowany czas czytania\" \/>\n\t<meta name=\"twitter:data1\" content=\"1 minuta\" \/>\n<script type=\"application\/ld+json\" class=\"yoast-schema-graph\">{\"@context\":\"https:\/\/schema.org\",\"@graph\":[{\"@type\":\"WebPage\",\"@id\":\"https:\/\/ironsky.pl\/sklep\/produkt\/filtr-snow-mist-freewell-do-samsung-galaxy-s23-ultra\/\",\"url\":\"https:\/\/ironsky.pl\/sklep\/produkt\/filtr-snow-mist-freewell-do-samsung-galaxy-s23-ultra\/\",\"name\":\"Filtr Snow Mist Freewell do Samsung Galaxy S23 Ultra - IRONSKY.PL Sklep z Dronami\",\"isPartOf\":{\"@id\":\"https:\/\/ironsky.pl\/sklep\/#website\"},\"primaryImageOfPage\":{\"@id\":\"https:\/\/ironsky.pl\/sklep\/produkt\/filtr-snow-mist-freewell-do-samsung-galaxy-s23-ultra\/#primaryimage\"},\"image\":{\"@id\":\"https:\/\/ironsky.pl\/sklep\/produkt\/filtr-snow-mist-freewell-do-samsung-galaxy-s23-ultra\/#primaryimage\"},\"thumbnailUrl\":\"https:\/\/ironsky.pl\/sklep\/wp-content\/uploads\/2024\/09\/35794_1.jpg\",\"datePublished\":\"2024-09-16T17:17:29+00:00\",\"dateModified\":\"2026-03-05T14:51:34+00:00\",\"description\":\"Filtr Snow Mist Freewell do Samsung Galaxy S23 Ultra - \u2705 sklep z dronami i fachowym doradztwem. \u2705 Tutaj kupisz produkty DJI, Yuneec, Parrot, Syma i wiele innych, a tak\u017ce kursy i licencje na operatora drona.\",\"breadcrumb\":{\"@id\":\"https:\/\/ironsky.pl\/sklep\/produkt\/filtr-snow-mist-freewell-do-samsung-galaxy-s23-ultra\/#breadcrumb\"},\"inLanguage\":\"pl-PL\",\"potentialAction\":[{\"@type\":\"ReadAction\",\"target\":[\"https:\/\/ironsky.pl\/sklep\/produkt\/filtr-snow-mist-freewell-do-samsung-galaxy-s23-ultra\/\"]}]},{\"@type\":\"ImageObject\",\"inLanguage\":\"pl-PL\",\"@id\":\"https:\/\/ironsky.pl\/sklep\/produkt\/filtr-snow-mist-freewell-do-samsung-galaxy-s23-ultra\/#primaryimage\",\"url\":\"https:\/\/ironsky.pl\/sklep\/wp-content\/uploads\/2024\/09\/35794_1.jpg\",\"contentUrl\":\"https:\/\/ironsky.pl\/sklep\/wp-content\/uploads\/2024\/09\/35794_1.jpg\",\"width\":800,\"height\":800},{\"@type\":\"BreadcrumbList\",\"@id\":\"https:\/\/ironsky.pl\/sklep\/produkt\/filtr-snow-mist-freewell-do-samsung-galaxy-s23-ultra\/#breadcrumb\",\"itemListElement\":[{\"@type\":\"ListItem\",\"position\":1,\"name\":\"Strona g\u0142\u00f3wna\",\"item\":\"https:\/\/ironsky.pl\/sklep\/\"},{\"@type\":\"ListItem\",\"position\":2,\"name\":\"Wszystkie produkty\",\"item\":\"https:\/\/ironsky.pl\/sklep\/produkty\/\"},{\"@type\":\"ListItem\",\"position\":3,\"name\":\"Filtr Snow Mist Freewell do Samsung Galaxy S23 Ultra\"}]},{\"@type\":\"WebSite\",\"@id\":\"https:\/\/ironsky.pl\/sklep\/#website\",\"url\":\"https:\/\/ironsky.pl\/sklep\/\",\"name\":\"IRONSKY.PL Sklep z Dronami\",\"description\":\"IRONSKY.PL Sklep z Dronami\",\"potentialAction\":[{\"@type\":\"SearchAction\",\"target\":{\"@type\":\"EntryPoint\",\"urlTemplate\":\"https:\/\/ironsky.pl\/sklep\/?s={search_term_string}\"},\"query-input\":{\"@type\":\"PropertyValueSpecification\",\"valueRequired\":true,\"valueName\":\"search_term_string\"}}],\"inLanguage\":\"pl-PL\"}]}<\/script>\n<!-- \/ Yoast SEO plugin. -->","yoast_head_json":{"title":"Filtr Snow Mist Freewell do Samsung Galaxy S23 Ultra - IRONSKY.PL Sklep z Dronami","description":"Filtr Snow Mist Freewell do Samsung Galaxy S23 Ultra - \u2705 sklep z dronami i fachowym doradztwem. \u2705 Tutaj kupisz produkty DJI, Yuneec, Parrot, Syma i wiele innych, a tak\u017ce kursy i licencje na operatora drona.","robots":{"index":"index","follow":"follow","max-snippet":"max-snippet:-1","max-image-preview":"max-image-preview:large","max-video-preview":"max-video-preview:-1"},"canonical":"https:\/\/ironsky.pl\/sklep\/produkt\/filtr-snow-mist-freewell-do-samsung-galaxy-s23-ultra\/","og_locale":"pl_PL","og_type":"article","og_title":"Filtr Snow Mist Freewell do Samsung Galaxy S23 Ultra - IRONSKY.PL Sklep z Dronami","og_description":"Filtr Snow Mist Freewell do Samsung Galaxy S23 Ultra - \u2705 sklep z dronami i fachowym doradztwem. \u2705 Tutaj kupisz produkty DJI, Yuneec, Parrot, Syma i wiele innych, a tak\u017ce kursy i licencje na operatora drona.","og_url":"https:\/\/ironsky.pl\/sklep\/produkt\/filtr-snow-mist-freewell-do-samsung-galaxy-s23-ultra\/","og_site_name":"IRONSKY.PL Sklep z Dronami","article_modified_time":"2026-03-05T14:51:34+00:00","og_image":[{"width":800,"height":800,"url":"https:\/\/ironsky.pl\/sklep\/wp-content\/uploads\/2024\/09\/35794_1.jpg","type":"image\/jpeg"}],"twitter_card":"summary_large_image","twitter_misc":{"Szacowany czas czytania":"1 minuta"},"schema":{"@context":"https:\/\/schema.org","@graph":[{"@type":"WebPage","@id":"https:\/\/ironsky.pl\/sklep\/produkt\/filtr-snow-mist-freewell-do-samsung-galaxy-s23-ultra\/","url":"https:\/\/ironsky.pl\/sklep\/produkt\/filtr-snow-mist-freewell-do-samsung-galaxy-s23-ultra\/","name":"Filtr Snow Mist Freewell do Samsung Galaxy S23 Ultra - IRONSKY.PL Sklep z Dronami","isPartOf":{"@id":"https:\/\/ironsky.pl\/sklep\/#website"},"primaryImageOfPage":{"@id":"https:\/\/ironsky.pl\/sklep\/produkt\/filtr-snow-mist-freewell-do-samsung-galaxy-s23-ultra\/#primaryimage"},"image":{"@id":"https:\/\/ironsky.pl\/sklep\/produkt\/filtr-snow-mist-freewell-do-samsung-galaxy-s23-ultra\/#primaryimage"},"thumbnailUrl":"https:\/\/ironsky.pl\/sklep\/wp-content\/uploads\/2024\/09\/35794_1.jpg","datePublished":"2024-09-16T17:17:29+00:00","dateModified":"2026-03-05T14:51:34+00:00","description":"Filtr Snow Mist Freewell do Samsung Galaxy S23 Ultra - \u2705 sklep z dronami i fachowym doradztwem. \u2705 Tutaj kupisz produkty DJI, Yuneec, Parrot, Syma i wiele innych, a tak\u017ce kursy i licencje na operatora drona.","breadcrumb":{"@id":"https:\/\/ironsky.pl\/sklep\/produkt\/filtr-snow-mist-freewell-do-samsung-galaxy-s23-ultra\/#breadcrumb"},"inLanguage":"pl-PL","potentialAction":[{"@type":"ReadAction","target":["https:\/\/ironsky.pl\/sklep\/produkt\/filtr-snow-mist-freewell-do-samsung-galaxy-s23-ultra\/"]}]},{"@type":"ImageObject","inLanguage":"pl-PL","@id":"https:\/\/ironsky.pl\/sklep\/produkt\/filtr-snow-mist-freewell-do-samsung-galaxy-s23-ultra\/#primaryimage","url":"https:\/\/ironsky.pl\/sklep\/wp-content\/uploads\/2024\/09\/35794_1.jpg","contentUrl":"https:\/\/ironsky.pl\/sklep\/wp-content\/uploads\/2024\/09\/35794_1.jpg","width":800,"height":800},{"@type":"BreadcrumbList","@id":"https:\/\/ironsky.pl\/sklep\/produkt\/filtr-snow-mist-freewell-do-samsung-galaxy-s23-ultra\/#breadcrumb","itemListElement":[{"@type":"ListItem","position":1,"name":"Strona g\u0142\u00f3wna","item":"https:\/\/ironsky.pl\/sklep\/"},{"@type":"ListItem","position":2,"name":"Wszystkie produkty","item":"https:\/\/ironsky.pl\/sklep\/produkty\/"},{"@type":"ListItem","position":3,"name":"Filtr Snow Mist Freewell do Samsung Galaxy S23 Ultra"}]},{"@type":"WebSite","@id":"https:\/\/ironsky.pl\/sklep\/#website","url":"https:\/\/ironsky.pl\/sklep\/","name":"IRONSKY.PL Sklep z Dronami","description":"IRONSKY.PL Sklep z Dronami","potentialAction":[{"@type":"SearchAction","target":{"@type":"EntryPoint","urlTemplate":"https:\/\/ironsky.pl\/sklep\/?s={search_term_string}"},"query-input":{"@type":"PropertyValueSpecification","valueRequired":true,"valueName":"search_term_string"}}],"inLanguage":"pl-PL"}]}},"_links":{"self":[{"href":"https:\/\/ironsky.pl\/sklep\/wp-json\/wp\/v2\/product\/25200","targetHints":{"allow":["GET"]}}],"collection":[{"href":"https:\/\/ironsky.pl\/sklep\/wp-json\/wp\/v2\/product"}],"about":[{"href":"https:\/\/ironsky.pl\/sklep\/wp-json\/wp\/v2\/types\/product"}],"replies":[{"embeddable":true,"href":"https:\/\/ironsky.pl\/sklep\/wp-json\/wp\/v2\/comments?post=25200"}],"wp:featuredmedia":[{"embeddable":true,"href":"https:\/\/ironsky.pl\/sklep\/wp-json\/wp\/v2\/media\/25201"}],"wp:attachment":[{"href":"https:\/\/ironsky.pl\/sklep\/wp-json\/wp\/v2\/media?parent=25200"}],"wp:term":[{"taxonomy":"product_brand","embeddable":true,"href":"https:\/\/ironsky.pl\/sklep\/wp-json\/wp\/v2\/product_brand?post=25200"},{"taxonomy":"product_cat","embeddable":true,"href":"https:\/\/ironsky.pl\/sklep\/wp-json\/wp\/v2\/product_cat?post=25200"},{"taxonomy":"product_tag","embeddable":true,"href":"https:\/\/ironsky.pl\/sklep\/wp-json\/wp\/v2\/product_tag?post=25200"}],"curies":[{"name":"wp","href":"https:\/\/api.w.org\/{rel}","templated":true}]}}