{"id":25191,"date":"2024-09-16T19:17:29","date_gmt":"2024-09-16T17:17:29","guid":{"rendered":"http:\/\/gvshalph.pro-linuxpl.com\/ironskyprodukty\/produkt\/etui-freewell-do-samsung-galaxy-s23-ultra-niebieskie\/"},"modified":"2026-03-05T15:51:33","modified_gmt":"2026-03-05T14:51:33","slug":"etui-freewell-do-samsung-galaxy-s23-ultra-niebieskie","status":"publish","type":"product","link":"https:\/\/ironsky.pl\/sklep\/produkt\/etui-freewell-do-samsung-galaxy-s23-ultra-niebieskie\/","title":{"rendered":"Etui Freewell do Samsung Galaxy S23 Ultra (niebieskie)"},"content":{"rendered":"<h3>Etui Freewell do Samsung Galaxy S23 Ultra (niebieskie)<\/h3>\n<p>Innowacyjne etui Freewell nie tylko chroni Samsunga Galaxy S23 Ultra, ale r\u00f3wnie\u017c rozszerza jego mo\u017cliwo\u015bci fotograficzne. Kompatybilno\u015b\u0107 z akcesoriami MagSafe, innowacyjny magnetyczny uchwyt na filtr ND\/Mist oraz dedykowany slot na obiektywy z serii SHERPA sprawiaj\u0105, \u017ce akcesorium jest niezb\u0119dnym dodatkiem dla ka\u017cdego pasjonata fotografii.<\/p>\n<p><img decoding=\"async\" src=\"https:\/\/b2b.innpro.pl\/data\/include\/cms\/Freewell\/FW-GX-S23U\/1.jpg\" border=\"0\" alt=\"Freewell\/FW-GX-S23U\/1\" \/><\/p>\n<h3>Kompatybilno\u015b\u0107 z MagSafe<\/h3>\n<p>Etui Freewell jest w pe\u0142ni kompatybilne ze wszystkimi akcesoriami i \u0142adowarkami MagSafe, co gwarantuje \u0142atwo\u015b\u0107 u\u017cytkowania oraz wyj\u0105tkow\u0105 funkcjonalno\u015b\u0107.<\/p>\n<p><img decoding=\"async\" src=\"https:\/\/b2b.innpro.pl\/data\/include\/cms\/Freewell\/FW-GX-S23U\/3.jpg\" border=\"0\" alt=\"Freewell\/FW-GX-S23U\/3\" \/><\/p>\n<h3>Magnetyczny uchwyt na filtr ND\/Mist<\/h3>\n<p>Dzi\u0119ki zintegrowanemu uchwytowi etui umo\u017cliwia korzystanie z filtr\u00f3w magnetycznych z serii Galaxy Freewell. Specjalny mechanizm pozwala na wygodn\u0105 i sprawn\u0105 wymian\u0119 filtr\u00f3w. W efekcie z \u0142atwo\u015bci\u0105 dostosujesz swojego smartfona do pracy w r\u00f3\u017cnych warunkach o\u015bwietleniowych.<\/p>\n<p><img decoding=\"async\" src=\"https:\/\/b2b.innpro.pl\/data\/include\/cms\/Freewell\/FW-GX-S23U\/2.jpg\" border=\"0\" alt=\"Freewell\/FW-GX-S23U\/2\" \/><\/p>\n<h3>Praktyczny slot na obiektyw<\/h3>\n<p>Akcesorium zosta\u0142o wyposa\u017cone w dedykowany system monta\u017cowy dla obiektyw\u00f3w serii SHERPA Freewell, dzi\u0119ki czemu mo\u017cesz znacz\u0105co zwi\u0119kszy\u0107 jako\u015b\u0107 wykonywanych uj\u0119\u0107. Od teraz wszystkie zdj\u0119cia b\u0119d\u0105 wyra\u017aniejsze i pe\u0142ne detali!<\/p>\n<p><img decoding=\"async\" src=\"https:\/\/b2b.innpro.pl\/data\/include\/cms\/Freewell\/FW-GX-S23U\/7.jpg\" border=\"0\" alt=\"Freewell\/FW-GX-S23U\/7\" \/><\/p>\n<div class=\"table-wrapper\">\n<table>\n<tbody>\n<tr>\n<th>Producent<\/th>\n<td>Freewell<\/td>\n<\/tr>\n<tr>\n<th>Model<\/th>\n<td>FW-GX-S23U<\/td>\n<\/tr>\n<tr>\n<th>Kompatybilno\u015b\u0107<\/th>\n<td>Samsung Galaxy S23 Ultra<\/td>\n<\/tr>\n<tr>\n<th>Waga<\/th>\n<td>52 g<\/td>\n<\/tr>\n<tr>\n<th>Kolor<\/th>\n<td>niebieski<\/td>\n<\/tr>\n<\/tbody>\n<\/table>\n<\/div>\n","protected":false},"excerpt":{"rendered":"<p>Etui Freewell do Samsung Galaxy S23 Ultra (niebieskie) Innowacyjne etui Freewell nie tylko chroni Samsunga Galaxy S23 Ultra, ale r\u00f3wnie\u017c<\/p>\n","protected":false},"featured_media":25192,"comment_status":"closed","ping_status":"open","template":"","meta":{"_acf_changed":false},"product_brand":[],"product_cat":[1132,1153,1128],"product_tag":[],"class_list":{"0":"post-25191","1":"product","2":"type-product","3":"status-publish","4":"has-post-thumbnail","6":"product_cat-filtry-foto","7":"product_cat-do-smartfonow","8":"product_cat-foto-wideo","9":"pa_box-height-3514","10":"pa_box-length-1642","11":"pa_box-width-1408","12":"pa_gross-weight-1675","13":"pa_hs-code-1775","14":"pa_kolor-srebrny-niebieski","15":"pa_model-samsung-s23-ultra","16":"pa_net-weight-2265","18":"first","19":"outofstock","20":"taxable","21":"shipping-taxable","22":"purchasable","23":"product-type-simple"},"acf":[],"yoast_head":"<!-- This site is optimized with the Yoast SEO plugin v27.2 - https:\/\/yoast.com\/product\/yoast-seo-wordpress\/ -->\n<title>Etui Freewell do Samsung Galaxy S23 Ultra (niebieskie) - IRONSKY.PL Sklep z Dronami<\/title>\n<meta name=\"description\" content=\"Etui Freewell do Samsung Galaxy S23 Ultra (niebieskie) - \u2705 sklep z dronami i fachowym doradztwem. \u2705 Tutaj kupisz produkty DJI, Yuneec, Parrot, Syma i wiele innych, a tak\u017ce kursy i licencje na operatora drona.\" \/>\n<meta name=\"robots\" content=\"index, follow, max-snippet:-1, max-image-preview:large, max-video-preview:-1\" \/>\n<link rel=\"canonical\" href=\"https:\/\/ironsky.pl\/sklep\/produkt\/etui-freewell-do-samsung-galaxy-s23-ultra-niebieskie\/\" \/>\n<meta property=\"og:locale\" content=\"pl_PL\" \/>\n<meta property=\"og:type\" content=\"article\" \/>\n<meta property=\"og:title\" content=\"Etui Freewell do Samsung Galaxy S23 Ultra (niebieskie) - IRONSKY.PL Sklep z Dronami\" \/>\n<meta property=\"og:description\" content=\"Etui Freewell do Samsung Galaxy S23 Ultra (niebieskie) - \u2705 sklep z dronami i fachowym doradztwem. \u2705 Tutaj kupisz produkty DJI, Yuneec, Parrot, Syma i wiele innych, a tak\u017ce kursy i licencje na operatora drona.\" \/>\n<meta property=\"og:url\" content=\"https:\/\/ironsky.pl\/sklep\/produkt\/etui-freewell-do-samsung-galaxy-s23-ultra-niebieskie\/\" \/>\n<meta property=\"og:site_name\" content=\"IRONSKY.PL Sklep z Dronami\" \/>\n<meta property=\"article:modified_time\" content=\"2026-03-05T14:51:33+00:00\" \/>\n<meta property=\"og:image\" content=\"https:\/\/ironsky.pl\/sklep\/wp-content\/uploads\/2024\/09\/35787_1.jpg\" \/>\n\t<meta property=\"og:image:width\" content=\"800\" \/>\n\t<meta property=\"og:image:height\" content=\"800\" \/>\n\t<meta property=\"og:image:type\" content=\"image\/jpeg\" \/>\n<meta name=\"twitter:card\" content=\"summary_large_image\" \/>\n<meta name=\"twitter:label1\" content=\"Szacowany czas czytania\" \/>\n\t<meta name=\"twitter:data1\" content=\"1 minuta\" \/>\n<script type=\"application\/ld+json\" class=\"yoast-schema-graph\">{\"@context\":\"https:\/\/schema.org\",\"@graph\":[{\"@type\":\"WebPage\",\"@id\":\"https:\/\/ironsky.pl\/sklep\/produkt\/etui-freewell-do-samsung-galaxy-s23-ultra-niebieskie\/\",\"url\":\"https:\/\/ironsky.pl\/sklep\/produkt\/etui-freewell-do-samsung-galaxy-s23-ultra-niebieskie\/\",\"name\":\"Etui Freewell do Samsung Galaxy S23 Ultra (niebieskie) - IRONSKY.PL Sklep z Dronami\",\"isPartOf\":{\"@id\":\"https:\/\/ironsky.pl\/sklep\/#website\"},\"primaryImageOfPage\":{\"@id\":\"https:\/\/ironsky.pl\/sklep\/produkt\/etui-freewell-do-samsung-galaxy-s23-ultra-niebieskie\/#primaryimage\"},\"image\":{\"@id\":\"https:\/\/ironsky.pl\/sklep\/produkt\/etui-freewell-do-samsung-galaxy-s23-ultra-niebieskie\/#primaryimage\"},\"thumbnailUrl\":\"https:\/\/ironsky.pl\/sklep\/wp-content\/uploads\/2024\/09\/35787_1.jpg\",\"datePublished\":\"2024-09-16T17:17:29+00:00\",\"dateModified\":\"2026-03-05T14:51:33+00:00\",\"description\":\"Etui Freewell do Samsung Galaxy S23 Ultra (niebieskie) - \u2705 sklep z dronami i fachowym doradztwem. \u2705 Tutaj kupisz produkty DJI, Yuneec, Parrot, Syma i wiele innych, a tak\u017ce kursy i licencje na operatora drona.\",\"breadcrumb\":{\"@id\":\"https:\/\/ironsky.pl\/sklep\/produkt\/etui-freewell-do-samsung-galaxy-s23-ultra-niebieskie\/#breadcrumb\"},\"inLanguage\":\"pl-PL\",\"potentialAction\":[{\"@type\":\"ReadAction\",\"target\":[\"https:\/\/ironsky.pl\/sklep\/produkt\/etui-freewell-do-samsung-galaxy-s23-ultra-niebieskie\/\"]}]},{\"@type\":\"ImageObject\",\"inLanguage\":\"pl-PL\",\"@id\":\"https:\/\/ironsky.pl\/sklep\/produkt\/etui-freewell-do-samsung-galaxy-s23-ultra-niebieskie\/#primaryimage\",\"url\":\"https:\/\/ironsky.pl\/sklep\/wp-content\/uploads\/2024\/09\/35787_1.jpg\",\"contentUrl\":\"https:\/\/ironsky.pl\/sklep\/wp-content\/uploads\/2024\/09\/35787_1.jpg\",\"width\":800,\"height\":800},{\"@type\":\"BreadcrumbList\",\"@id\":\"https:\/\/ironsky.pl\/sklep\/produkt\/etui-freewell-do-samsung-galaxy-s23-ultra-niebieskie\/#breadcrumb\",\"itemListElement\":[{\"@type\":\"ListItem\",\"position\":1,\"name\":\"Strona g\u0142\u00f3wna\",\"item\":\"https:\/\/ironsky.pl\/sklep\/\"},{\"@type\":\"ListItem\",\"position\":2,\"name\":\"Wszystkie produkty\",\"item\":\"https:\/\/ironsky.pl\/sklep\/produkty\/\"},{\"@type\":\"ListItem\",\"position\":3,\"name\":\"Etui Freewell do Samsung Galaxy S23 Ultra (niebieskie)\"}]},{\"@type\":\"WebSite\",\"@id\":\"https:\/\/ironsky.pl\/sklep\/#website\",\"url\":\"https:\/\/ironsky.pl\/sklep\/\",\"name\":\"IRONSKY.PL Sklep z Dronami\",\"description\":\"IRONSKY.PL Sklep z Dronami\",\"potentialAction\":[{\"@type\":\"SearchAction\",\"target\":{\"@type\":\"EntryPoint\",\"urlTemplate\":\"https:\/\/ironsky.pl\/sklep\/?s={search_term_string}\"},\"query-input\":{\"@type\":\"PropertyValueSpecification\",\"valueRequired\":true,\"valueName\":\"search_term_string\"}}],\"inLanguage\":\"pl-PL\"}]}<\/script>\n<!-- \/ Yoast SEO plugin. -->","yoast_head_json":{"title":"Etui Freewell do Samsung Galaxy S23 Ultra (niebieskie) - IRONSKY.PL Sklep z Dronami","description":"Etui Freewell do Samsung Galaxy S23 Ultra (niebieskie) - \u2705 sklep z dronami i fachowym doradztwem. \u2705 Tutaj kupisz produkty DJI, Yuneec, Parrot, Syma i wiele innych, a tak\u017ce kursy i licencje na operatora drona.","robots":{"index":"index","follow":"follow","max-snippet":"max-snippet:-1","max-image-preview":"max-image-preview:large","max-video-preview":"max-video-preview:-1"},"canonical":"https:\/\/ironsky.pl\/sklep\/produkt\/etui-freewell-do-samsung-galaxy-s23-ultra-niebieskie\/","og_locale":"pl_PL","og_type":"article","og_title":"Etui Freewell do Samsung Galaxy S23 Ultra (niebieskie) - IRONSKY.PL Sklep z Dronami","og_description":"Etui Freewell do Samsung Galaxy S23 Ultra (niebieskie) - \u2705 sklep z dronami i fachowym doradztwem. \u2705 Tutaj kupisz produkty DJI, Yuneec, Parrot, Syma i wiele innych, a tak\u017ce kursy i licencje na operatora drona.","og_url":"https:\/\/ironsky.pl\/sklep\/produkt\/etui-freewell-do-samsung-galaxy-s23-ultra-niebieskie\/","og_site_name":"IRONSKY.PL Sklep z Dronami","article_modified_time":"2026-03-05T14:51:33+00:00","og_image":[{"width":800,"height":800,"url":"https:\/\/ironsky.pl\/sklep\/wp-content\/uploads\/2024\/09\/35787_1.jpg","type":"image\/jpeg"}],"twitter_card":"summary_large_image","twitter_misc":{"Szacowany czas czytania":"1 minuta"},"schema":{"@context":"https:\/\/schema.org","@graph":[{"@type":"WebPage","@id":"https:\/\/ironsky.pl\/sklep\/produkt\/etui-freewell-do-samsung-galaxy-s23-ultra-niebieskie\/","url":"https:\/\/ironsky.pl\/sklep\/produkt\/etui-freewell-do-samsung-galaxy-s23-ultra-niebieskie\/","name":"Etui Freewell do Samsung Galaxy S23 Ultra (niebieskie) - IRONSKY.PL Sklep z Dronami","isPartOf":{"@id":"https:\/\/ironsky.pl\/sklep\/#website"},"primaryImageOfPage":{"@id":"https:\/\/ironsky.pl\/sklep\/produkt\/etui-freewell-do-samsung-galaxy-s23-ultra-niebieskie\/#primaryimage"},"image":{"@id":"https:\/\/ironsky.pl\/sklep\/produkt\/etui-freewell-do-samsung-galaxy-s23-ultra-niebieskie\/#primaryimage"},"thumbnailUrl":"https:\/\/ironsky.pl\/sklep\/wp-content\/uploads\/2024\/09\/35787_1.jpg","datePublished":"2024-09-16T17:17:29+00:00","dateModified":"2026-03-05T14:51:33+00:00","description":"Etui Freewell do Samsung Galaxy S23 Ultra (niebieskie) - \u2705 sklep z dronami i fachowym doradztwem. \u2705 Tutaj kupisz produkty DJI, Yuneec, Parrot, Syma i wiele innych, a tak\u017ce kursy i licencje na operatora drona.","breadcrumb":{"@id":"https:\/\/ironsky.pl\/sklep\/produkt\/etui-freewell-do-samsung-galaxy-s23-ultra-niebieskie\/#breadcrumb"},"inLanguage":"pl-PL","potentialAction":[{"@type":"ReadAction","target":["https:\/\/ironsky.pl\/sklep\/produkt\/etui-freewell-do-samsung-galaxy-s23-ultra-niebieskie\/"]}]},{"@type":"ImageObject","inLanguage":"pl-PL","@id":"https:\/\/ironsky.pl\/sklep\/produkt\/etui-freewell-do-samsung-galaxy-s23-ultra-niebieskie\/#primaryimage","url":"https:\/\/ironsky.pl\/sklep\/wp-content\/uploads\/2024\/09\/35787_1.jpg","contentUrl":"https:\/\/ironsky.pl\/sklep\/wp-content\/uploads\/2024\/09\/35787_1.jpg","width":800,"height":800},{"@type":"BreadcrumbList","@id":"https:\/\/ironsky.pl\/sklep\/produkt\/etui-freewell-do-samsung-galaxy-s23-ultra-niebieskie\/#breadcrumb","itemListElement":[{"@type":"ListItem","position":1,"name":"Strona g\u0142\u00f3wna","item":"https:\/\/ironsky.pl\/sklep\/"},{"@type":"ListItem","position":2,"name":"Wszystkie produkty","item":"https:\/\/ironsky.pl\/sklep\/produkty\/"},{"@type":"ListItem","position":3,"name":"Etui Freewell do Samsung Galaxy S23 Ultra (niebieskie)"}]},{"@type":"WebSite","@id":"https:\/\/ironsky.pl\/sklep\/#website","url":"https:\/\/ironsky.pl\/sklep\/","name":"IRONSKY.PL Sklep z Dronami","description":"IRONSKY.PL Sklep z Dronami","potentialAction":[{"@type":"SearchAction","target":{"@type":"EntryPoint","urlTemplate":"https:\/\/ironsky.pl\/sklep\/?s={search_term_string}"},"query-input":{"@type":"PropertyValueSpecification","valueRequired":true,"valueName":"search_term_string"}}],"inLanguage":"pl-PL"}]}},"_links":{"self":[{"href":"https:\/\/ironsky.pl\/sklep\/wp-json\/wp\/v2\/product\/25191","targetHints":{"allow":["GET"]}}],"collection":[{"href":"https:\/\/ironsky.pl\/sklep\/wp-json\/wp\/v2\/product"}],"about":[{"href":"https:\/\/ironsky.pl\/sklep\/wp-json\/wp\/v2\/types\/product"}],"replies":[{"embeddable":true,"href":"https:\/\/ironsky.pl\/sklep\/wp-json\/wp\/v2\/comments?post=25191"}],"wp:featuredmedia":[{"embeddable":true,"href":"https:\/\/ironsky.pl\/sklep\/wp-json\/wp\/v2\/media\/25192"}],"wp:attachment":[{"href":"https:\/\/ironsky.pl\/sklep\/wp-json\/wp\/v2\/media?parent=25191"}],"wp:term":[{"taxonomy":"product_brand","embeddable":true,"href":"https:\/\/ironsky.pl\/sklep\/wp-json\/wp\/v2\/product_brand?post=25191"},{"taxonomy":"product_cat","embeddable":true,"href":"https:\/\/ironsky.pl\/sklep\/wp-json\/wp\/v2\/product_cat?post=25191"},{"taxonomy":"product_tag","embeddable":true,"href":"https:\/\/ironsky.pl\/sklep\/wp-json\/wp\/v2\/product_tag?post=25191"}],"curies":[{"name":"wp","href":"https:\/\/api.w.org\/{rel}","templated":true}]}}