{"id":25091,"date":"2024-09-16T19:14:57","date_gmt":"2024-09-16T17:14:57","guid":{"rendered":"http:\/\/gvshalph.pro-linuxpl.com\/ironskyprodukty\/produkt\/kamera-sportowa-akaso-ek7000-pro\/"},"modified":"2026-03-05T15:51:31","modified_gmt":"2026-03-05T14:51:31","slug":"kamera-sportowa-akaso-ek7000-pro","status":"publish","type":"product","link":"https:\/\/ironsky.pl\/sklep\/produkt\/kamera-sportowa-akaso-ek7000-pro\/","title":{"rendered":"Kamera sportowa Akaso EK7000 Pro"},"content":{"rendered":"<h3>Kamera sportowa Akaso EK7000 Pro<\/h3>\n<p>Potrzebujesz kamery, kt\u00f3ra pozwoli Ci na uzyskanie wysokiej jako\u015bci, dynamicznych nagra\u0144 i ostrych zdj\u0119\u0107? Akaso EK7000 Pro jest w\u0142a\u015bnie dla Ciebie! Urz\u0105dzenie rejestruje wideo w standardzie 4K\/25FPS i posiada szereg funkcjonalnych tryb\u00f3w. W zestawie znajdziesz r\u00f3wnie\u017c wodoodporn\u0105 obudow\u0119 oraz pilot, dzi\u0119ki kt\u00f3remu poczujesz prawdziwy komfort obs\u0142ugi.<\/p>\n<p><img decoding=\"async\" src=\"https:\/\/b2b.innpro.pl\/data\/include\/cms\/Akaso\/EK7000-pro\/9.jpg\"><\/p>\n<h3>Najwy\u017csza jako\u015b\u0107<\/h3>\n<p>Kamera oferuje jako\u015b\u0107 wideo na poziomie 4K\/25FPS oraz zdj\u0119cia do 20 MP. Zapewnia to ostre, nacechowane szczeg\u00f3\u0142ami uj\u0119cia, kt\u00f3re pozwol\u0105 Ci wr\u00f3ci\u0107 do najpi\u0119kniejszych wspomnie\u0144. Wybieraj\u0105 Akaso, wybierasz to, co najlepsze!<\/p>\n<p><img decoding=\"async\" src=\"https:\/\/b2b.innpro.pl\/data\/include\/cms\/Akaso\/EK7000-pro\/12.jpg\"><\/p>\n<h3>Wiele dost\u0119pnych tryb\u00f3w<\/h3>\n<p>Urz\u0105dzenie zapewnia dost\u0119p do szeregu funkcjonalnych tryb\u00f3w, dzi\u0119ki czemu mo\u017cesz dostosowa\u0107 jego prac\u0119 do konkretnych wymaga\u0144 i okoliczno\u015bci. Chcesz nagra\u0107 timelapse, p\u0119tl\u0119 czy wykona\u0107 sekwencj\u0119 zdj\u0119\u0107 seryjnych? Po prostu wybierz konkretne ustawienie! Co wi\u0119cej, EK7000 Pro oferuje 3-stopniow\u0105 regulacj\u0119 k\u0105ta rejestracji \u2013 maksymalnie 170\u00b0.<\/p>\n<p><img decoding=\"async\" src=\"https:\/\/b2b.innpro.pl\/data\/include\/cms\/Akaso\/EK7000-pro\/6.jpg\"><\/p>\n<h3>Przemy\u015blana konstrukcja<\/h3>\n<p>W komplecie z kamer\u0105 otrzymasz specjaln\u0105, wodoodporn\u0105 obudow\u0119, dzi\u0119ki kt\u00f3rej mo\u017cesz zabra\u0107 kamer\u0119 na sesj\u0119 nurkowania \u2013 na g\u0142\u0119boko\u015b\u0107 nawet 40 m. Wodoodporny pilot z opask\u0105 na nadgarstek umo\u017cliwi Ci wygodn\u0105 obs\u0142ug\u0119 bez konieczno\u015bci u\u017cywania interfejsu samego urz\u0105dzenia. Zestaw zawiera r\u00f3wnie\u017c wiele praktycznych uchwyt\u00f3w, kt\u00f3re rozszerzaj\u0105 mo\u017cliwo\u015bci monta\u017cu sprz\u0119tu.<\/p>\n<p><img decoding=\"async\" src=\"https:\/\/b2b.innpro.pl\/data\/include\/cms\/Akaso\/EK7000-pro\/8.jpg\"><\/p>\n<h3>Wszystko pod r\u0119k\u0105<\/h3>\n<p>Je\u015bli chcesz uzyska\u0107 prosty dost\u0119p do zarejestrowanych materia\u0142\u00f3w, zainstaluj aplikacj\u0119 AKASO GO. Mo\u017cesz udost\u0119pnia\u0107 swoje uj\u0119cia poprzez sie\u0107 Wi-Fi i zarz\u0105dza\u0107 nimi poprzez smartfona czy tablet.<\/p>\n<p><img decoding=\"async\" src=\"https:\/\/b2b.innpro.pl\/data\/include\/cms\/Akaso\/EK7000-pro\/1.jpg\"><\/p>\n<h3>W zestawie:<\/h3>\n<ul>\n<li>Kamera Brave EK7000 Pro<\/li>\n<li>Wodoodporna obudowa<\/li>\n<li>Uchwyt na rurk\u0119<\/li>\n<li>7 x uchwyt monta\u017cowy<\/li>\n<li>2 x uchwyt zaciskowy<\/li>\n<li>\u0141adowarka<\/li>\n<li>2 x akumulator<\/li>\n<li>Kabel USB<\/li>\n<li>1\u00a0x linka zabezpieczaj\u0105ca (tether)<\/li>\n<li>4 x plastikowa opaska zaciskowa<\/li>\n<li>\u015aciereczka do obiektywu<\/li>\n<li>2 x ta\u015bma dwustronna<\/li>\n<li>4 x plastikowa opaska zaciskowa<\/li>\n<li>2 x Uchwyt na kask<\/li>\n<li>Ochronny panel tylny<\/li>\n<li>Pilot<\/li>\n<li>Pasek do pilota<\/li>\n<li>Instrukcja obs\u0142ugi<\/li>\n<\/ul>\n<div class=\"table-wrapper\">\n<table>\n<tbody>\n<tr>\n<th>Producent<\/th>\n<td>Akaso<\/td>\n<\/tr>\n<tr>\n<th>Model<\/th>\n<td>Chip Icatch V35AX<\/td>\n<\/tr>\n<tr>\n<th>Czujnik<\/th>\n<td>GC4663<\/td>\n<\/tr>\n<tr>\n<th>K\u0105t widzenia obiektywu<\/th>\n<td>170\u00ba<\/td>\n<\/tr>\n<tr>\n<th>Obiektyw<\/th>\n<td>6G<\/td>\n<\/tr>\n<tr>\n<th>Rozdzielczo\u015b\u0107 wideo<\/th>\n<td>4K 25FPS\u00a0\/ 2,7K 30FPS<\/td>\n<\/tr>\n<tr>\n<th>Tryby wideo<\/th>\n<td><span>Normal mode, Loop recording, Motion detection, Time-lapse, Car mode<\/span><\/td>\n<\/tr>\n<tr>\n<th>Format wideo<\/th>\n<td>MP4<\/td>\n<\/tr>\n<tr>\n<th>Rozdzielczo\u015b\u0107 zdj\u0119\u0107<\/th>\n<td>20M<\/td>\n<\/tr>\n<tr>\n<th>Format zdj\u0119\u0107<\/th>\n<td>JPG<\/td>\n<\/tr>\n<tr>\n<th>Tryb fotografowania<\/th>\n<td><span>Single shooting, Continuous shooting, Interval shooting<\/span><\/td>\n<\/tr>\n<tr>\n<th>Ekran<\/th>\n<td>2.0&#8243; tylny ekran dotykowy<\/td>\n<\/tr>\n<tr>\n<th>Stabilizacja<\/th>\n<td>Wewn\u0119trzny \u017cyroskop trzyosiowy<\/td>\n<\/tr>\n<tr>\n<th>Cyfrowy zoom<\/th>\n<td>NIE<\/td>\n<\/tr>\n<tr>\n<th>WiFi<\/th>\n<td>2,4 GHZ<\/td>\n<\/tr>\n<tr>\n<th>Sterowanie g\u0142osem<\/th>\n<td>Nie<\/td>\n<\/tr>\n<tr>\n<th>Pilot<\/th>\n<td>Aplikacja, pilot<\/td>\n<\/tr>\n<tr>\n<th>Poziom wodoszczelno\u015bci<\/th>\n<td>Wodoodporny z etui, 40m (w zestawie)<\/td>\n<\/tr>\n<tr>\n<th>Wej\u015bcie audio<\/th>\n<td>Pojedynczy mikrofon<\/td>\n<\/tr>\n<tr>\n<th>Wyj\u015bcie audio<\/th>\n<td>G\u0142o\u015bnik<\/td>\n<\/tr>\n<tr>\n<th>Port \u0142adowania<\/th>\n<td>Micro<\/td>\n<\/tr>\n<tr>\n<th>Kodowanie wideo<\/th>\n<td>H.264<\/td>\n<\/tr>\n<tr>\n<th>Korekcja zniekszta\u0142ce\u0144<\/th>\n<td>Nie<\/td>\n<\/tr>\n<tr>\n<th>FPV<\/th>\n<td>Nie<\/td>\n<\/tr>\n<tr>\n<th>Mikrofon zewn\u0119trzny<\/th>\n<td>Tak<\/td>\n<\/tr>\n<tr>\n<th>Balans bieli<\/th>\n<td>Auto\/Tungsten\/Fluorescent\/Daylight\/Cloudy\/Dawn<\/td>\n<\/tr>\n<tr>\n<th>Kompensacja ekspozycji<\/th>\n<td>-2.0, -1.7, -1.3, -1.0, -0.7, -0.3, 0.0, +0.3, +0.7, +1.0, +1.3, +1.7, +2.0.<\/td>\n<\/tr>\n<tr>\n<th>Bateria<\/th>\n<td>2 x akumulator 1050mAh<\/td>\n<\/tr>\n<tr>\n<th>Pami\u0119\u0107 masowa<\/th>\n<td>karta SD micro SD-64GB UHS-III<\/td>\n<\/tr>\n<\/tbody>\n<\/table>\n<\/div>\n","protected":false},"excerpt":{"rendered":"<p>Kamera sportowa Akaso EK7000 Pro Potrzebujesz kamery, kt\u00f3ra pozwoli Ci na uzyskanie wysokiej jako\u015bci, dynamicznych nagra\u0144 i ostrych zdj\u0119\u0107? Akaso<\/p>\n","protected":false},"featured_media":25092,"comment_status":"closed","ping_status":"open","template":"","meta":{"_acf_changed":false},"product_brand":[],"product_cat":[1128,1158],"product_tag":[],"class_list":{"0":"post-25091","1":"product","2":"type-product","3":"status-publish","4":"has-post-thumbnail","6":"product_cat-foto-wideo","7":"product_cat-kamery-sportowe","8":"pa_box-height-2249","9":"pa_box-length-1592","10":"pa_box-width-1673","11":"pa_gross-weight-1911","12":"pa_hs-code-2354","13":"pa_jakosc-zapisu-4k-uhd","14":"pa_net-weight-2758","15":"pa_rodzaj-sportowa","17":"first","18":"outofstock","19":"taxable","20":"shipping-taxable","21":"purchasable","22":"product-type-simple"},"acf":[],"yoast_head":"<!-- This site is optimized with the Yoast SEO plugin v27.2 - https:\/\/yoast.com\/product\/yoast-seo-wordpress\/ -->\n<title>Kamera sportowa Akaso EK7000 Pro - IRONSKY.PL Sklep z Dronami<\/title>\n<meta name=\"description\" content=\"Kamera sportowa Akaso EK7000 Pro - \u2705 sklep z dronami i fachowym doradztwem. \u2705 Tutaj kupisz produkty DJI, Yuneec, Parrot, Syma i wiele innych, a tak\u017ce kursy i licencje na operatora drona.\" \/>\n<meta name=\"robots\" content=\"index, follow, max-snippet:-1, max-image-preview:large, max-video-preview:-1\" \/>\n<link rel=\"canonical\" href=\"https:\/\/ironsky.pl\/sklep\/produkt\/kamera-sportowa-akaso-ek7000-pro\/\" \/>\n<meta property=\"og:locale\" content=\"pl_PL\" \/>\n<meta property=\"og:type\" content=\"article\" \/>\n<meta property=\"og:title\" content=\"Kamera sportowa Akaso EK7000 Pro - IRONSKY.PL Sklep z Dronami\" \/>\n<meta property=\"og:description\" content=\"Kamera sportowa Akaso EK7000 Pro - \u2705 sklep z dronami i fachowym doradztwem. \u2705 Tutaj kupisz produkty DJI, Yuneec, Parrot, Syma i wiele innych, a tak\u017ce kursy i licencje na operatora drona.\" \/>\n<meta property=\"og:url\" content=\"https:\/\/ironsky.pl\/sklep\/produkt\/kamera-sportowa-akaso-ek7000-pro\/\" \/>\n<meta property=\"og:site_name\" content=\"IRONSKY.PL Sklep z Dronami\" \/>\n<meta property=\"article:modified_time\" content=\"2026-03-05T14:51:31+00:00\" \/>\n<meta property=\"og:image\" content=\"https:\/\/ironsky.pl\/sklep\/wp-content\/uploads\/2024\/09\/35480_7.jpg\" \/>\n\t<meta property=\"og:image:width\" content=\"800\" \/>\n\t<meta property=\"og:image:height\" content=\"800\" \/>\n\t<meta property=\"og:image:type\" content=\"image\/jpeg\" \/>\n<meta name=\"twitter:card\" content=\"summary_large_image\" \/>\n<meta name=\"twitter:label1\" content=\"Szacowany czas czytania\" \/>\n\t<meta name=\"twitter:data1\" content=\"2 minuty\" \/>\n<script type=\"application\/ld+json\" class=\"yoast-schema-graph\">{\"@context\":\"https:\/\/schema.org\",\"@graph\":[{\"@type\":\"WebPage\",\"@id\":\"https:\/\/ironsky.pl\/sklep\/produkt\/kamera-sportowa-akaso-ek7000-pro\/\",\"url\":\"https:\/\/ironsky.pl\/sklep\/produkt\/kamera-sportowa-akaso-ek7000-pro\/\",\"name\":\"Kamera sportowa Akaso EK7000 Pro - IRONSKY.PL Sklep z Dronami\",\"isPartOf\":{\"@id\":\"https:\/\/ironsky.pl\/sklep\/#website\"},\"primaryImageOfPage\":{\"@id\":\"https:\/\/ironsky.pl\/sklep\/produkt\/kamera-sportowa-akaso-ek7000-pro\/#primaryimage\"},\"image\":{\"@id\":\"https:\/\/ironsky.pl\/sklep\/produkt\/kamera-sportowa-akaso-ek7000-pro\/#primaryimage\"},\"thumbnailUrl\":\"https:\/\/ironsky.pl\/sklep\/wp-content\/uploads\/2024\/09\/35480_7.jpg\",\"datePublished\":\"2024-09-16T17:14:57+00:00\",\"dateModified\":\"2026-03-05T14:51:31+00:00\",\"description\":\"Kamera sportowa Akaso EK7000 Pro - \u2705 sklep z dronami i fachowym doradztwem. \u2705 Tutaj kupisz produkty DJI, Yuneec, Parrot, Syma i wiele innych, a tak\u017ce kursy i licencje na operatora drona.\",\"breadcrumb\":{\"@id\":\"https:\/\/ironsky.pl\/sklep\/produkt\/kamera-sportowa-akaso-ek7000-pro\/#breadcrumb\"},\"inLanguage\":\"pl-PL\",\"potentialAction\":[{\"@type\":\"ReadAction\",\"target\":[\"https:\/\/ironsky.pl\/sklep\/produkt\/kamera-sportowa-akaso-ek7000-pro\/\"]}]},{\"@type\":\"ImageObject\",\"inLanguage\":\"pl-PL\",\"@id\":\"https:\/\/ironsky.pl\/sklep\/produkt\/kamera-sportowa-akaso-ek7000-pro\/#primaryimage\",\"url\":\"https:\/\/ironsky.pl\/sklep\/wp-content\/uploads\/2024\/09\/35480_7.jpg\",\"contentUrl\":\"https:\/\/ironsky.pl\/sklep\/wp-content\/uploads\/2024\/09\/35480_7.jpg\",\"width\":800,\"height\":800},{\"@type\":\"BreadcrumbList\",\"@id\":\"https:\/\/ironsky.pl\/sklep\/produkt\/kamera-sportowa-akaso-ek7000-pro\/#breadcrumb\",\"itemListElement\":[{\"@type\":\"ListItem\",\"position\":1,\"name\":\"Strona g\u0142\u00f3wna\",\"item\":\"https:\/\/ironsky.pl\/sklep\/\"},{\"@type\":\"ListItem\",\"position\":2,\"name\":\"Wszystkie produkty\",\"item\":\"https:\/\/ironsky.pl\/sklep\/produkty\/\"},{\"@type\":\"ListItem\",\"position\":3,\"name\":\"Kamera sportowa Akaso EK7000 Pro\"}]},{\"@type\":\"WebSite\",\"@id\":\"https:\/\/ironsky.pl\/sklep\/#website\",\"url\":\"https:\/\/ironsky.pl\/sklep\/\",\"name\":\"IRONSKY.PL Sklep z Dronami\",\"description\":\"IRONSKY.PL Sklep z Dronami\",\"potentialAction\":[{\"@type\":\"SearchAction\",\"target\":{\"@type\":\"EntryPoint\",\"urlTemplate\":\"https:\/\/ironsky.pl\/sklep\/?s={search_term_string}\"},\"query-input\":{\"@type\":\"PropertyValueSpecification\",\"valueRequired\":true,\"valueName\":\"search_term_string\"}}],\"inLanguage\":\"pl-PL\"}]}<\/script>\n<!-- \/ Yoast SEO plugin. -->","yoast_head_json":{"title":"Kamera sportowa Akaso EK7000 Pro - IRONSKY.PL Sklep z Dronami","description":"Kamera sportowa Akaso EK7000 Pro - \u2705 sklep z dronami i fachowym doradztwem. \u2705 Tutaj kupisz produkty DJI, Yuneec, Parrot, Syma i wiele innych, a tak\u017ce kursy i licencje na operatora drona.","robots":{"index":"index","follow":"follow","max-snippet":"max-snippet:-1","max-image-preview":"max-image-preview:large","max-video-preview":"max-video-preview:-1"},"canonical":"https:\/\/ironsky.pl\/sklep\/produkt\/kamera-sportowa-akaso-ek7000-pro\/","og_locale":"pl_PL","og_type":"article","og_title":"Kamera sportowa Akaso EK7000 Pro - IRONSKY.PL Sklep z Dronami","og_description":"Kamera sportowa Akaso EK7000 Pro - \u2705 sklep z dronami i fachowym doradztwem. \u2705 Tutaj kupisz produkty DJI, Yuneec, Parrot, Syma i wiele innych, a tak\u017ce kursy i licencje na operatora drona.","og_url":"https:\/\/ironsky.pl\/sklep\/produkt\/kamera-sportowa-akaso-ek7000-pro\/","og_site_name":"IRONSKY.PL Sklep z Dronami","article_modified_time":"2026-03-05T14:51:31+00:00","og_image":[{"width":800,"height":800,"url":"https:\/\/ironsky.pl\/sklep\/wp-content\/uploads\/2024\/09\/35480_7.jpg","type":"image\/jpeg"}],"twitter_card":"summary_large_image","twitter_misc":{"Szacowany czas czytania":"2 minuty"},"schema":{"@context":"https:\/\/schema.org","@graph":[{"@type":"WebPage","@id":"https:\/\/ironsky.pl\/sklep\/produkt\/kamera-sportowa-akaso-ek7000-pro\/","url":"https:\/\/ironsky.pl\/sklep\/produkt\/kamera-sportowa-akaso-ek7000-pro\/","name":"Kamera sportowa Akaso EK7000 Pro - IRONSKY.PL Sklep z Dronami","isPartOf":{"@id":"https:\/\/ironsky.pl\/sklep\/#website"},"primaryImageOfPage":{"@id":"https:\/\/ironsky.pl\/sklep\/produkt\/kamera-sportowa-akaso-ek7000-pro\/#primaryimage"},"image":{"@id":"https:\/\/ironsky.pl\/sklep\/produkt\/kamera-sportowa-akaso-ek7000-pro\/#primaryimage"},"thumbnailUrl":"https:\/\/ironsky.pl\/sklep\/wp-content\/uploads\/2024\/09\/35480_7.jpg","datePublished":"2024-09-16T17:14:57+00:00","dateModified":"2026-03-05T14:51:31+00:00","description":"Kamera sportowa Akaso EK7000 Pro - \u2705 sklep z dronami i fachowym doradztwem. \u2705 Tutaj kupisz produkty DJI, Yuneec, Parrot, Syma i wiele innych, a tak\u017ce kursy i licencje na operatora drona.","breadcrumb":{"@id":"https:\/\/ironsky.pl\/sklep\/produkt\/kamera-sportowa-akaso-ek7000-pro\/#breadcrumb"},"inLanguage":"pl-PL","potentialAction":[{"@type":"ReadAction","target":["https:\/\/ironsky.pl\/sklep\/produkt\/kamera-sportowa-akaso-ek7000-pro\/"]}]},{"@type":"ImageObject","inLanguage":"pl-PL","@id":"https:\/\/ironsky.pl\/sklep\/produkt\/kamera-sportowa-akaso-ek7000-pro\/#primaryimage","url":"https:\/\/ironsky.pl\/sklep\/wp-content\/uploads\/2024\/09\/35480_7.jpg","contentUrl":"https:\/\/ironsky.pl\/sklep\/wp-content\/uploads\/2024\/09\/35480_7.jpg","width":800,"height":800},{"@type":"BreadcrumbList","@id":"https:\/\/ironsky.pl\/sklep\/produkt\/kamera-sportowa-akaso-ek7000-pro\/#breadcrumb","itemListElement":[{"@type":"ListItem","position":1,"name":"Strona g\u0142\u00f3wna","item":"https:\/\/ironsky.pl\/sklep\/"},{"@type":"ListItem","position":2,"name":"Wszystkie produkty","item":"https:\/\/ironsky.pl\/sklep\/produkty\/"},{"@type":"ListItem","position":3,"name":"Kamera sportowa Akaso EK7000 Pro"}]},{"@type":"WebSite","@id":"https:\/\/ironsky.pl\/sklep\/#website","url":"https:\/\/ironsky.pl\/sklep\/","name":"IRONSKY.PL Sklep z Dronami","description":"IRONSKY.PL Sklep z Dronami","potentialAction":[{"@type":"SearchAction","target":{"@type":"EntryPoint","urlTemplate":"https:\/\/ironsky.pl\/sklep\/?s={search_term_string}"},"query-input":{"@type":"PropertyValueSpecification","valueRequired":true,"valueName":"search_term_string"}}],"inLanguage":"pl-PL"}]}},"_links":{"self":[{"href":"https:\/\/ironsky.pl\/sklep\/wp-json\/wp\/v2\/product\/25091","targetHints":{"allow":["GET"]}}],"collection":[{"href":"https:\/\/ironsky.pl\/sklep\/wp-json\/wp\/v2\/product"}],"about":[{"href":"https:\/\/ironsky.pl\/sklep\/wp-json\/wp\/v2\/types\/product"}],"replies":[{"embeddable":true,"href":"https:\/\/ironsky.pl\/sklep\/wp-json\/wp\/v2\/comments?post=25091"}],"wp:featuredmedia":[{"embeddable":true,"href":"https:\/\/ironsky.pl\/sklep\/wp-json\/wp\/v2\/media\/25092"}],"wp:attachment":[{"href":"https:\/\/ironsky.pl\/sklep\/wp-json\/wp\/v2\/media?parent=25091"}],"wp:term":[{"taxonomy":"product_brand","embeddable":true,"href":"https:\/\/ironsky.pl\/sklep\/wp-json\/wp\/v2\/product_brand?post=25091"},{"taxonomy":"product_cat","embeddable":true,"href":"https:\/\/ironsky.pl\/sklep\/wp-json\/wp\/v2\/product_cat?post=25091"},{"taxonomy":"product_tag","embeddable":true,"href":"https:\/\/ironsky.pl\/sklep\/wp-json\/wp\/v2\/product_tag?post=25091"}],"curies":[{"name":"wp","href":"https:\/\/api.w.org\/{rel}","templated":true}]}}