{"id":25083,"date":"2024-09-16T19:14:57","date_gmt":"2024-09-16T17:14:57","guid":{"rendered":"http:\/\/gvshalph.pro-linuxpl.com\/ironskyprodukty\/produkt\/kamera-sportowa-akaso-brave-4-pro\/"},"modified":"2026-03-05T15:51:31","modified_gmt":"2026-03-05T14:51:31","slug":"kamera-sportowa-akaso-brave-4-pro","status":"publish","type":"product","link":"https:\/\/ironsky.pl\/sklep\/produkt\/kamera-sportowa-akaso-brave-4-pro\/","title":{"rendered":"Kamera sportowa Akaso Brave 4 Pro"},"content":{"rendered":"<h3>Kamera sportowa Akaso Brave 4 Pro<\/h3>\n<p>Wyposa\u017c si\u0119 w kamer\u0119, kt\u00f3ra pozwoli Ci uzyska\u0107 wysokiej jako\u015bci uj\u0119cia podczas dynamicznych aktywno\u015bci. Akaso Brave 4 Pro oferuje nagrywanie wideo w jako\u015bci 4K oraz zdj\u0119cia do 20MP. 3-osiowy \u017cyroskop pozwala zachowa\u0107 du\u017c\u0105 stabilno\u015b\u0107 obraz, a do\u0142\u0105czony do zestawu pilot umo\u017cliwia komfortow\u0105 obs\u0142ug\u0119.<\/p>\n<p><img decoding=\"async\" src=\"https:\/\/b2b.innpro.pl\/data\/include\/cms\/Akaso\/Brave-4-Pro\/9.jpg\"><\/p>\n<h3>Wysoka jako\u015b\u0107<\/h3>\n<p>Zachowaj najpi\u0119kniejsze chwile na d\u0142u\u017cej nie tylko we wspomnieniach! Kamera Akaso Brave 4 Pro rejestruje wideo w jako\u015bci 4K\/30FPS i wykonuje zdj\u0119cia klasy 20MP. Dzi\u0119ki temu uzyskasz krystalicznie czysty, wyra\u017any obraz, kt\u00f3ry pozwoli Ci wraca\u0107 do najwspanialszych moment\u00f3w nie tylko w wyobra\u017ani!<\/p>\n<p><img decoding=\"async\" src=\"https:\/\/b2b.innpro.pl\/data\/include\/cms\/Akaso\/Brave-4-Pro\/1.jpg\"><\/p>\n<h3>2 kolorowe wy\u015bwietlacze<\/h3>\n<p>Urz\u0105dzenie wykorzystuje 2 kolorowe wy\u015bwietlacze \u2013 z przodu oraz z ty\u0142u kamery. Umo\u017cliwia to nieustann\u0105 kontrol\u0119 nad uzyskiwanymi uj\u0119ciami, dzi\u0119ki czemu zarejestrujesz wszystko dok\u0142adnie tak, jak zaplanujesz!<\/p>\n<p><img decoding=\"async\" src=\"https:\/\/b2b.innpro.pl\/data\/include\/cms\/Akaso\/Brave-4-Pro\/8.jpg\"><\/p>\n<h3>Wiele przydatnych tryb\u00f3w<\/h3>\n<p>Model Brave 4 Pro zapewni Ci mo\u017cliwo\u015b\u0107 nagrywania wyj\u0105tkowych film\u00f3w \u2013 niezale\u017cnie od okoliczno\u015bci. Wykorzystaj 5-krotny zoom lub tryb Timelapse do stworzenia niepowtarzalnych uj\u0119\u0107. Mo\u017cesz r\u00f3wnie\u017c skorzysta\u0107 z szerokok\u0105tnego ustawienia, dzi\u0119ki czemu z\u0142apiesz w obiektywie wszystko w zasi\u0119gu 170\u00b0.<\/p>\n<p><img decoding=\"async\" src=\"https:\/\/b2b.innpro.pl\/data\/include\/cms\/Akaso\/Brave-4-Pro\/2.jpg\"><\/p>\n<h3>Wi\u0119cej udogodnie\u0144<\/h3>\n<p>Kamera Akaso Brave 4 Pro wykorzystuje szereg nowoczesnych, funkcjonalnych rozwi\u0105za\u0144, kt\u00f3re dbaj\u0105 o p\u0142ynno\u015b\u0107 i jako\u015b\u0107 uj\u0119\u0107. 3-osiowy \u017cyroskop, wraz z technologi\u0105 EIS 2.0, czuwa nad stabilizacj\u0105 obrazu w czasie rzeczywistym, umo\u017cliwiaj\u0105c uzyskanie zapieraj\u0105cych dech w piersiach film\u00f3w \u2013 nawet z sesji bardzo dynamicznych aktywno\u015bci.<\/p>\n<p><img decoding=\"async\" src=\"https:\/\/b2b.innpro.pl\/data\/include\/cms\/Akaso\/Brave-4-Pro\/7.jpg\"><\/p>\n<h3>Przemy\u015blana konstrukcja<\/h3>\n<p>Kamer\u0119 wykonano z prawdziw\u0105 dba\u0142o\u015bci\u0105 o szczeg\u00f3\u0142y. Jej wytrzyma\u0142a konstrukcja, wraz z do\u0142\u0105czon\u0105 do zestawu wodoodporn\u0105 obudow\u0105, gwarantuje mo\u017cliwo\u015b\u0107 zabrania jej ze sob\u0105 nawet podczas nurkowania g\u0142\u0119binowego \u2013 do g\u0142\u0119boko\u015bci 40 m. Brave 4 Pro wykorzystuje r\u00f3wnie\u017c wbudowany mikrofon wielokierunkowy, kt\u00f3ry rejestruje wysokiej jako\u015bci, nasycony szczeg\u00f3\u0142ami d\u017awi\u0119k.<\/p>\n<p><img decoding=\"async\" src=\"https:\/\/b2b.innpro.pl\/data\/include\/cms\/Akaso\/Brave-4-Pro\/3.jpg\"><\/p>\n<h3>Wygoda i funkcjonalno\u015b\u0107<\/h3>\n<p>Za wysoce komfortow\u0105 obs\u0142ug\u0119 urz\u0105dzenia odpowiada do\u0142\u0105czony do zestawu pilot z opask\u0105 na nadgarstek. To rozwi\u0105zanie pozwala b\u0142yskawicznie zarz\u0105dza\u0107 prac\u0105 kamery \u2013 bez konieczno\u015bci korzystania z interfejsu ekranu dotykowego. Model Brave 4 Pro mo\u017cesz r\u00f3wnie\u017c wyposa\u017cy\u0107 w sprzedawany oddzielnie mikrofon, poprawiaj\u0105c jako\u015b\u0107 d\u017awi\u0119ku.<\/p>\n<p><img decoding=\"async\" src=\"https:\/\/b2b.innpro.pl\/data\/include\/cms\/Akaso\/Brave-4-Pro\/8.jpg\"><\/p>\n<h3>W zestawie:<\/h3>\n<ul>\n<li>Kamera Brave 4 Pro<\/li>\n<li>Wodoodporna obudowa<\/li>\n<li>Ochronna p\u0142ytka tylna<\/li>\n<li>Pilot<\/li>\n<li>Pasek do pilota<\/li>\n<li>2 x akumulator<\/li>\n<li>\u0141adowarka<\/li>\n<li>Uchwyt na rurk\u0119<\/li>\n<li>7 x uchwyt monta\u017cowy<\/li>\n<li>2 x uchwyt na kask<\/li>\n<li>Uchwyt zaciskowy<\/li>\n<li>4 x plastikowa opaska zaciskowa<\/li>\n<li>Kabel USB<\/li>\n<li>2 x ta\u015bma dwustronna<\/li>\n<li>1\u00a0x linka zabezpieczaj\u0105ca (tether)<\/li>\n<li>\u015aciereczka do obiektywu<\/li>\n<li>Instrukcja obs\u0142ugi<\/li>\n<\/ul>\n<div class=\"table-wrapper\">\n<table>\n<tbody>\n<tr>\n<th>Producent<\/th>\n<td>Akaso<\/td>\n<\/tr>\n<tr>\n<th>Model<\/th>\n<td>Brave 4 Pro<\/td>\n<\/tr>\n<tr>\n<th>Chip<\/th>\n<td>Allwinner V316<\/td>\n<\/tr>\n<tr>\n<th>Sensor<\/th>\n<td>Sony imx386 1\/2.9&#8243; CMOS<\/td>\n<\/tr>\n<tr>\n<th>K\u0105t obiektywu<\/th>\n<td>170\u02da<\/td>\n<\/tr>\n<tr>\n<th>Obiektyw<\/th>\n<td>6G<\/td>\n<\/tr>\n<tr>\n<th>Rozdzielczo\u015b\u0107 wideo<\/th>\n<td>4K30FPS \/ 2,7K30FPS \/ 1080P120FPS \/ 1080P60FPS \/ 1080P30FPS \/ 720P240FPS \/ 720P120FPS \/ 720P60FPS \/ 720P30FPS<\/td>\n<\/tr>\n<tr>\n<th>Tryby wideo<\/th>\n<td>Video mode, Time-Lapse, Motion Time-Lapse, Slow Motion, Wideo+photo, Tryb samochodowy, Loop wideo<\/td>\n<\/tr>\n<tr>\n<th>Format wideo<\/th>\n<td>MP4<\/td>\n<\/tr>\n<tr>\n<th>Rozdzielczo\u015b\u0107 zdj\u0119\u0107<\/th>\n<td>20MP<\/td>\n<\/tr>\n<tr>\n<th>Format zdj\u0119\u0107<\/th>\n<td>JPG<\/td>\n<\/tr>\n<tr>\n<th>Tryby fotografowania<\/th>\n<td><span>Single shooting, Interval shooting, Continuous shooting <\/span><\/td>\n<\/tr>\n<tr>\n<th>Ekran<\/th>\n<td>2.0 &#8222;tylny ekran dotykowy + przedni 1.4&#8221; ekran<\/td>\n<\/tr>\n<tr>\n<th>Satbilizacja<\/th>\n<td>Wewn\u0119trzny \u017cyroskop 6-osiowy<\/td>\n<\/tr>\n<tr>\n<th>Cyfrowy zoom<\/th>\n<td>TAK(5x)<\/td>\n<\/tr>\n<tr>\n<th>WiFi<\/th>\n<td>2.4 GHZ<\/td>\n<\/tr>\n<tr>\n<th>Sterowanie g\u0142osem<\/th>\n<td>Nie<\/td>\n<\/tr>\n<tr>\n<th>Kontrola zdalna<\/th>\n<td>Aplikacja, pilot zdalnego sterowania<\/td>\n<\/tr>\n<tr>\n<th>Wodoodporno\u015b\u0107<\/th>\n<td>131ft (40m) z etui (w zestawie)<\/td>\n<\/tr>\n<tr>\n<th>Wej\u015bcie audio<\/th>\n<td>Pojedynczy mikrofon<\/td>\n<\/tr>\n<tr>\n<th>Wyj\u015bcie audio<\/th>\n<td>G\u0142o\u015bnik<\/td>\n<\/tr>\n<tr>\n<th>Port \u0142adowania<\/th>\n<td>USB<\/td>\n<\/tr>\n<tr>\n<th>Kodowanie wideo<\/th>\n<td>H.264<\/td>\n<\/tr>\n<tr>\n<th>Korekcja zniekszta\u0142ce\u0144<\/th>\n<td>Nie<\/td>\n<\/tr>\n<tr>\n<th>FPV<\/th>\n<td>Null<\/td>\n<\/tr>\n<tr>\n<th>Mikrofon zewn\u0119trzny<\/th>\n<td>Tak<\/td>\n<\/tr>\n<tr>\n<th>Balans bieli<\/th>\n<td>Auto\/Tungsten\/Fluorescent\/Daylight\/Cloudy\/Dawn<\/td>\n<\/tr>\n<tr>\n<th>Kompensacja ekspozycji<\/th>\n<td>-3, -2, -1, 0, 1, 2, 3<\/td>\n<\/tr>\n<tr>\n<th>Bateria<\/th>\n<td>2 x akumulator 1350mAh<\/td>\n<\/tr>\n<tr>\n<th>Pami\u0119\u0107 masowa<\/th>\n<td>karta SD micro SD-128GB UHS-III<\/td>\n<\/tr>\n<\/tbody>\n<\/table>\n<\/div>\n","protected":false},"excerpt":{"rendered":"<p>Kamera sportowa Akaso Brave 4 Pro Wyposa\u017c si\u0119 w kamer\u0119, kt\u00f3ra pozwoli Ci uzyska\u0107 wysokiej jako\u015bci uj\u0119cia podczas dynamicznych aktywno\u015bci.<\/p>\n","protected":false},"featured_media":25084,"comment_status":"closed","ping_status":"open","template":"","meta":{"_acf_changed":false},"product_brand":[],"product_cat":[1128,1158],"product_tag":[],"class_list":{"0":"post-25083","1":"product","2":"type-product","3":"status-publish","4":"has-post-thumbnail","6":"product_cat-foto-wideo","7":"product_cat-kamery-sportowe","8":"pa_box-height-1892","9":"pa_box-length-1592","10":"pa_box-width-1673","11":"pa_gross-weight-1911","12":"pa_hs-code-2354","13":"pa_jakosc-zapisu-4k-uhd","14":"pa_net-weight-2849","15":"pa_rodzaj-sportowa","17":"first","18":"outofstock","19":"taxable","20":"shipping-taxable","21":"purchasable","22":"product-type-simple"},"acf":[],"yoast_head":"<!-- This site is optimized with the Yoast SEO plugin v27.2 - https:\/\/yoast.com\/product\/yoast-seo-wordpress\/ -->\n<title>Kamera sportowa Akaso Brave 4 Pro - IRONSKY.PL Sklep z Dronami<\/title>\n<meta name=\"description\" content=\"Kamera sportowa Akaso Brave 4 Pro - \u2705 sklep z dronami i fachowym doradztwem. \u2705 Tutaj kupisz produkty DJI, Yuneec, Parrot, Syma i wiele innych, a tak\u017ce kursy i licencje na operatora drona.\" \/>\n<meta name=\"robots\" content=\"index, follow, max-snippet:-1, max-image-preview:large, max-video-preview:-1\" \/>\n<link rel=\"canonical\" href=\"https:\/\/ironsky.pl\/sklep\/produkt\/kamera-sportowa-akaso-brave-4-pro\/\" \/>\n<meta property=\"og:locale\" content=\"pl_PL\" \/>\n<meta property=\"og:type\" content=\"article\" \/>\n<meta property=\"og:title\" content=\"Kamera sportowa Akaso Brave 4 Pro - IRONSKY.PL Sklep z Dronami\" \/>\n<meta property=\"og:description\" content=\"Kamera sportowa Akaso Brave 4 Pro - \u2705 sklep z dronami i fachowym doradztwem. \u2705 Tutaj kupisz produkty DJI, Yuneec, Parrot, Syma i wiele innych, a tak\u017ce kursy i licencje na operatora drona.\" \/>\n<meta property=\"og:url\" content=\"https:\/\/ironsky.pl\/sklep\/produkt\/kamera-sportowa-akaso-brave-4-pro\/\" \/>\n<meta property=\"og:site_name\" content=\"IRONSKY.PL Sklep z Dronami\" \/>\n<meta property=\"article:modified_time\" content=\"2026-03-05T14:51:31+00:00\" \/>\n<meta property=\"og:image\" content=\"https:\/\/ironsky.pl\/sklep\/wp-content\/uploads\/2024\/09\/35476_7.jpg\" \/>\n\t<meta property=\"og:image:width\" content=\"800\" \/>\n\t<meta property=\"og:image:height\" content=\"800\" \/>\n\t<meta property=\"og:image:type\" content=\"image\/jpeg\" \/>\n<meta name=\"twitter:card\" content=\"summary_large_image\" \/>\n<meta name=\"twitter:label1\" content=\"Szacowany czas czytania\" \/>\n\t<meta name=\"twitter:data1\" content=\"3 minuty\" \/>\n<script type=\"application\/ld+json\" class=\"yoast-schema-graph\">{\"@context\":\"https:\/\/schema.org\",\"@graph\":[{\"@type\":\"WebPage\",\"@id\":\"https:\/\/ironsky.pl\/sklep\/produkt\/kamera-sportowa-akaso-brave-4-pro\/\",\"url\":\"https:\/\/ironsky.pl\/sklep\/produkt\/kamera-sportowa-akaso-brave-4-pro\/\",\"name\":\"Kamera sportowa Akaso Brave 4 Pro - IRONSKY.PL Sklep z Dronami\",\"isPartOf\":{\"@id\":\"https:\/\/ironsky.pl\/sklep\/#website\"},\"primaryImageOfPage\":{\"@id\":\"https:\/\/ironsky.pl\/sklep\/produkt\/kamera-sportowa-akaso-brave-4-pro\/#primaryimage\"},\"image\":{\"@id\":\"https:\/\/ironsky.pl\/sklep\/produkt\/kamera-sportowa-akaso-brave-4-pro\/#primaryimage\"},\"thumbnailUrl\":\"https:\/\/ironsky.pl\/sklep\/wp-content\/uploads\/2024\/09\/35476_7.jpg\",\"datePublished\":\"2024-09-16T17:14:57+00:00\",\"dateModified\":\"2026-03-05T14:51:31+00:00\",\"description\":\"Kamera sportowa Akaso Brave 4 Pro - \u2705 sklep z dronami i fachowym doradztwem. \u2705 Tutaj kupisz produkty DJI, Yuneec, Parrot, Syma i wiele innych, a tak\u017ce kursy i licencje na operatora drona.\",\"breadcrumb\":{\"@id\":\"https:\/\/ironsky.pl\/sklep\/produkt\/kamera-sportowa-akaso-brave-4-pro\/#breadcrumb\"},\"inLanguage\":\"pl-PL\",\"potentialAction\":[{\"@type\":\"ReadAction\",\"target\":[\"https:\/\/ironsky.pl\/sklep\/produkt\/kamera-sportowa-akaso-brave-4-pro\/\"]}]},{\"@type\":\"ImageObject\",\"inLanguage\":\"pl-PL\",\"@id\":\"https:\/\/ironsky.pl\/sklep\/produkt\/kamera-sportowa-akaso-brave-4-pro\/#primaryimage\",\"url\":\"https:\/\/ironsky.pl\/sklep\/wp-content\/uploads\/2024\/09\/35476_7.jpg\",\"contentUrl\":\"https:\/\/ironsky.pl\/sklep\/wp-content\/uploads\/2024\/09\/35476_7.jpg\",\"width\":800,\"height\":800},{\"@type\":\"BreadcrumbList\",\"@id\":\"https:\/\/ironsky.pl\/sklep\/produkt\/kamera-sportowa-akaso-brave-4-pro\/#breadcrumb\",\"itemListElement\":[{\"@type\":\"ListItem\",\"position\":1,\"name\":\"Strona g\u0142\u00f3wna\",\"item\":\"https:\/\/ironsky.pl\/sklep\/\"},{\"@type\":\"ListItem\",\"position\":2,\"name\":\"Wszystkie produkty\",\"item\":\"https:\/\/ironsky.pl\/sklep\/produkty\/\"},{\"@type\":\"ListItem\",\"position\":3,\"name\":\"Kamera sportowa Akaso Brave 4 Pro\"}]},{\"@type\":\"WebSite\",\"@id\":\"https:\/\/ironsky.pl\/sklep\/#website\",\"url\":\"https:\/\/ironsky.pl\/sklep\/\",\"name\":\"IRONSKY.PL Sklep z Dronami\",\"description\":\"IRONSKY.PL Sklep z Dronami\",\"potentialAction\":[{\"@type\":\"SearchAction\",\"target\":{\"@type\":\"EntryPoint\",\"urlTemplate\":\"https:\/\/ironsky.pl\/sklep\/?s={search_term_string}\"},\"query-input\":{\"@type\":\"PropertyValueSpecification\",\"valueRequired\":true,\"valueName\":\"search_term_string\"}}],\"inLanguage\":\"pl-PL\"}]}<\/script>\n<!-- \/ Yoast SEO plugin. -->","yoast_head_json":{"title":"Kamera sportowa Akaso Brave 4 Pro - IRONSKY.PL Sklep z Dronami","description":"Kamera sportowa Akaso Brave 4 Pro - \u2705 sklep z dronami i fachowym doradztwem. \u2705 Tutaj kupisz produkty DJI, Yuneec, Parrot, Syma i wiele innych, a tak\u017ce kursy i licencje na operatora drona.","robots":{"index":"index","follow":"follow","max-snippet":"max-snippet:-1","max-image-preview":"max-image-preview:large","max-video-preview":"max-video-preview:-1"},"canonical":"https:\/\/ironsky.pl\/sklep\/produkt\/kamera-sportowa-akaso-brave-4-pro\/","og_locale":"pl_PL","og_type":"article","og_title":"Kamera sportowa Akaso Brave 4 Pro - IRONSKY.PL Sklep z Dronami","og_description":"Kamera sportowa Akaso Brave 4 Pro - \u2705 sklep z dronami i fachowym doradztwem. \u2705 Tutaj kupisz produkty DJI, Yuneec, Parrot, Syma i wiele innych, a tak\u017ce kursy i licencje na operatora drona.","og_url":"https:\/\/ironsky.pl\/sklep\/produkt\/kamera-sportowa-akaso-brave-4-pro\/","og_site_name":"IRONSKY.PL Sklep z Dronami","article_modified_time":"2026-03-05T14:51:31+00:00","og_image":[{"width":800,"height":800,"url":"https:\/\/ironsky.pl\/sklep\/wp-content\/uploads\/2024\/09\/35476_7.jpg","type":"image\/jpeg"}],"twitter_card":"summary_large_image","twitter_misc":{"Szacowany czas czytania":"3 minuty"},"schema":{"@context":"https:\/\/schema.org","@graph":[{"@type":"WebPage","@id":"https:\/\/ironsky.pl\/sklep\/produkt\/kamera-sportowa-akaso-brave-4-pro\/","url":"https:\/\/ironsky.pl\/sklep\/produkt\/kamera-sportowa-akaso-brave-4-pro\/","name":"Kamera sportowa Akaso Brave 4 Pro - IRONSKY.PL Sklep z Dronami","isPartOf":{"@id":"https:\/\/ironsky.pl\/sklep\/#website"},"primaryImageOfPage":{"@id":"https:\/\/ironsky.pl\/sklep\/produkt\/kamera-sportowa-akaso-brave-4-pro\/#primaryimage"},"image":{"@id":"https:\/\/ironsky.pl\/sklep\/produkt\/kamera-sportowa-akaso-brave-4-pro\/#primaryimage"},"thumbnailUrl":"https:\/\/ironsky.pl\/sklep\/wp-content\/uploads\/2024\/09\/35476_7.jpg","datePublished":"2024-09-16T17:14:57+00:00","dateModified":"2026-03-05T14:51:31+00:00","description":"Kamera sportowa Akaso Brave 4 Pro - \u2705 sklep z dronami i fachowym doradztwem. \u2705 Tutaj kupisz produkty DJI, Yuneec, Parrot, Syma i wiele innych, a tak\u017ce kursy i licencje na operatora drona.","breadcrumb":{"@id":"https:\/\/ironsky.pl\/sklep\/produkt\/kamera-sportowa-akaso-brave-4-pro\/#breadcrumb"},"inLanguage":"pl-PL","potentialAction":[{"@type":"ReadAction","target":["https:\/\/ironsky.pl\/sklep\/produkt\/kamera-sportowa-akaso-brave-4-pro\/"]}]},{"@type":"ImageObject","inLanguage":"pl-PL","@id":"https:\/\/ironsky.pl\/sklep\/produkt\/kamera-sportowa-akaso-brave-4-pro\/#primaryimage","url":"https:\/\/ironsky.pl\/sklep\/wp-content\/uploads\/2024\/09\/35476_7.jpg","contentUrl":"https:\/\/ironsky.pl\/sklep\/wp-content\/uploads\/2024\/09\/35476_7.jpg","width":800,"height":800},{"@type":"BreadcrumbList","@id":"https:\/\/ironsky.pl\/sklep\/produkt\/kamera-sportowa-akaso-brave-4-pro\/#breadcrumb","itemListElement":[{"@type":"ListItem","position":1,"name":"Strona g\u0142\u00f3wna","item":"https:\/\/ironsky.pl\/sklep\/"},{"@type":"ListItem","position":2,"name":"Wszystkie produkty","item":"https:\/\/ironsky.pl\/sklep\/produkty\/"},{"@type":"ListItem","position":3,"name":"Kamera sportowa Akaso Brave 4 Pro"}]},{"@type":"WebSite","@id":"https:\/\/ironsky.pl\/sklep\/#website","url":"https:\/\/ironsky.pl\/sklep\/","name":"IRONSKY.PL Sklep z Dronami","description":"IRONSKY.PL Sklep z Dronami","potentialAction":[{"@type":"SearchAction","target":{"@type":"EntryPoint","urlTemplate":"https:\/\/ironsky.pl\/sklep\/?s={search_term_string}"},"query-input":{"@type":"PropertyValueSpecification","valueRequired":true,"valueName":"search_term_string"}}],"inLanguage":"pl-PL"}]}},"_links":{"self":[{"href":"https:\/\/ironsky.pl\/sklep\/wp-json\/wp\/v2\/product\/25083","targetHints":{"allow":["GET"]}}],"collection":[{"href":"https:\/\/ironsky.pl\/sklep\/wp-json\/wp\/v2\/product"}],"about":[{"href":"https:\/\/ironsky.pl\/sklep\/wp-json\/wp\/v2\/types\/product"}],"replies":[{"embeddable":true,"href":"https:\/\/ironsky.pl\/sklep\/wp-json\/wp\/v2\/comments?post=25083"}],"wp:featuredmedia":[{"embeddable":true,"href":"https:\/\/ironsky.pl\/sklep\/wp-json\/wp\/v2\/media\/25084"}],"wp:attachment":[{"href":"https:\/\/ironsky.pl\/sklep\/wp-json\/wp\/v2\/media?parent=25083"}],"wp:term":[{"taxonomy":"product_brand","embeddable":true,"href":"https:\/\/ironsky.pl\/sklep\/wp-json\/wp\/v2\/product_brand?post=25083"},{"taxonomy":"product_cat","embeddable":true,"href":"https:\/\/ironsky.pl\/sklep\/wp-json\/wp\/v2\/product_cat?post=25083"},{"taxonomy":"product_tag","embeddable":true,"href":"https:\/\/ironsky.pl\/sklep\/wp-json\/wp\/v2\/product_tag?post=25083"}],"curies":[{"name":"wp","href":"https:\/\/api.w.org\/{rel}","templated":true}]}}