{"id":25033,"date":"2024-09-16T19:14:57","date_gmt":"2024-09-16T17:14:57","guid":{"rendered":"http:\/\/gvshalph.pro-linuxpl.com\/ironskyprodukty\/produkt\/zestaw-freewell-eiger-skladajacy-sie-z-cpl-i-dwoch-filtrow-vnd\/"},"modified":"2026-03-05T15:51:30","modified_gmt":"2026-03-05T14:51:30","slug":"zestaw-freewell-eiger-skladajacy-sie-z-cpl-i-dwoch-filtrow-vnd","status":"publish","type":"product","link":"https:\/\/ironsky.pl\/sklep\/produkt\/zestaw-freewell-eiger-skladajacy-sie-z-cpl-i-dwoch-filtrow-vnd\/","title":{"rendered":"Zestaw Freewell Eiger sk\u0142adaj\u0105cy si\u0119 z CPL i dw\u00f3ch filtr\u00f3w VND"},"content":{"rendered":"<h3>Zestaw Freewell Eiger sk\u0142adaj\u0105cy si\u0119 z CPL i dw\u00f3ch filtr\u00f3w VND<\/h3>\n<p>Zestaw Freewell Eiger zawiera filtr CPL oraz 2 filtry VND o zakresie od 1 do 5 stopni, kt\u00f3re znacz\u0105co podnios\u0105 jako\u015b\u0107 Twoich produkcji filmowych i pozwol\u0105 osi\u0105gn\u0105\u0107 po\u017c\u0105dane efekty w dynamicznych warunkach o\u015bwietleniowych. Dzi\u0119ki wykorzystaniu technologii True Color Technology VND Twoje uj\u0119cia b\u0119d\u0105 wyr\u00f3\u017cnia\u0142y si\u0119 realistyczn\u0105 kolorystyk\u0105. Ponadto mo\u017cesz manualnie dostosowywa\u0107 poziom t\u0142umienia \u015bwiat\u0142a. Przenie\u015b swoje materia\u0142y na nowy poziom!<\/p>\n<p><img decoding=\"async\" src=\"https:\/\/b2b.innpro.pl\/data\/include\/cms\/Freewell\/FW-EGMB-VND\/2.jpg\" alt=\"Freewell\/FW-EGMB-VND\/2\"><\/p>\n<h3>Realistyczne barwy<\/h3>\n<p>Dzi\u0119ki zaawansowanej technologii True Color Technology VND mo\u017cesz cieszy\u0107 si\u0119 niezr\u00f3wnan\u0105 precyzj\u0105 i wiernym odwzorowaniem kolor\u00f3w, co pozwala na tworzenie zdj\u0119\u0107 i materia\u0142\u00f3w wideo o najwy\u017cszej jako\u015bci. Co wyr\u00f3\u017cnia filtry Freewell od zwyk\u0142ych filtr\u00f3w VND? Dzi\u0119ki nim Twoje nagrania zachowaj\u0105 naturalne kolory nawet podczas dostosowywania przepuszczalno\u015bci \u015bwiat\u0142a. Mo\u017cesz wi\u0119c na dobre po\u017cegna\u0107 problemy zwi\u0105zane z przesuni\u0119ciami i niedok\u0142adno\u015bci\u0105 kolor\u00f3w, kt\u00f3re mog\u0105 zagra\u017ca\u0107 jako\u015bci Twojej pracy. Filtr VND oferuje wygod\u0119 i wszechstronno\u015b\u0107, szczeg\u00f3lnie w miejscach, w kt\u00f3rych warunki o\u015bwietleniowe szybko si\u0119 zmieniaj\u0105. Dzi\u0119ki niemu szybko osi\u0105gniesz po\u017c\u0105dan\u0105 ekspozycj\u0119 w dynamicznych scenariuszach filmowych, takich jak zdj\u0119cia plenerowe czy wideografia. <\/p>\n<p><img decoding=\"async\" src=\"https:\/\/b2b.innpro.pl\/data\/include\/cms\/Freewell\/FW-EGMB-VND\/4.jpg\" alt=\"Freewell\/FW-EGMB-VND\/4\"><\/p>\n<h3>Wszechstronno\u015b\u0107 zastosowania<\/h3>\n<p>Zyskaj zupe\u0142nie now\u0105 perspektyw\u0119 tworzenia wizualnych dzie\u0142 sztuki z zestawem Eiger. \u0141\u0105czy on w sobie cechy filtru VND (Neutral Density) i filtru polaryzacyjnego CPL (Circular Polarizer). Pozwala na p\u0142ynne dostosowanie t\u0142umienia \u015bwiat\u0142a od 1 do 5 stopni, co jest kluczowe podczas kontroli ekspozycji w r\u00f3\u017cnych warunkach o\u015bwietleniowych. Mo\u017cesz tak\u017ce usun\u0105\u0107 filtry o zakresie 1-5 stopni, zyskuj\u0105c filtr CPL, kt\u00f3ry eliminuje odblaski i poprawia nasycenie kolor\u00f3w. To nieocenione wsparcie dla tw\u00f3rc\u00f3w, kt\u00f3rzy d\u0105\u017c\u0105 do osi\u0105gni\u0119cia doskona\u0142ego efektu wizualnego.<\/p>\n<p><img decoding=\"async\" src=\"https:\/\/b2b.innpro.pl\/data\/include\/cms\/Freewell\/FW-EGMB-VND\/3.jpg\" alt=\"Freewell\/FW-EGMB-VND\/3\"><\/p>\n<h3>Wygoda obs\u0142ugi<\/h3>\n<p>Przekonaj si\u0119, \u017ce wygoda mo\u017ce i\u015b\u0107 w parze z funkcjonalno\u015bci\u0105. Od teraz mo\u017cesz manualnie dostosowywa\u0107 poziom t\u0142umienia \u015bwiat\u0142a, ciesz\u0105c si\u0119 pe\u0142n\u0105 kontrol\u0105 nad efektami w swoich uj\u0119ciach. Mechanizm jest intuicyjny i \u0142atwy w obs\u0142udze. Zapomnij o skomplikowanych procesach regulacji i skoncentruj si\u0119 na tworzeniu doskona\u0142ych zdj\u0119\u0107 i film\u00f3w.<\/p>\n<p><img decoding=\"async\" src=\"https:\/\/b2b.innpro.pl\/data\/include\/cms\/Freewell\/FW-EGMB-VND\/1.jpg\" alt=\"Freewell\/FW-EGMB-VND\/1\"><\/p>\n<h3>W zestawie:<\/h3>\n<ul>\n<li>Filtr CPL x1<\/li>\n<li>Filtr VND (1-5) x2<\/li>\n<\/ul>\n<div class=\"table-wrapper\">\n<table>\n<tbody>\n<tr>\n<th>Producent<\/th>\n<td>Freewell<\/td>\n<\/tr>\n<tr>\n<th>Model<\/th>\n<td>FW-EGMB-VND<\/td>\n<\/tr>\n<\/tbody>\n<\/table>\n<\/div>\n","protected":false},"excerpt":{"rendered":"<p>Zestaw Freewell Eiger sk\u0142adaj\u0105cy si\u0119 z CPL i dw\u00f3ch filtr\u00f3w VND Zestaw Freewell Eiger zawiera filtr CPL oraz 2 filtry<\/p>\n","protected":false},"featured_media":25034,"comment_status":"closed","ping_status":"open","template":"","meta":{"_acf_changed":false},"product_brand":[],"product_cat":[1132,1133,1128],"product_tag":[],"class_list":{"0":"post-25033","1":"product","2":"type-product","3":"status-publish","4":"has-post-thumbnail","6":"product_cat-filtry-foto","7":"product_cat-do-lustrzanek","8":"product_cat-foto-wideo","9":"pa_box-height-2929","10":"pa_box-length-2066","11":"pa_box-width-4509","12":"pa_gross-weight-4510","13":"pa_net-weight-2841","14":"pa_zestaw-tak","16":"first","17":"outofstock","18":"taxable","19":"shipping-taxable","20":"purchasable","21":"product-type-simple"},"acf":[],"yoast_head":"<!-- This site is optimized with the Yoast SEO plugin v27.2 - https:\/\/yoast.com\/product\/yoast-seo-wordpress\/ -->\n<title>Zestaw Freewell Eiger sk\u0142adaj\u0105cy si\u0119 z CPL i dw\u00f3ch filtr\u00f3w VND - IRONSKY.PL Sklep z Dronami<\/title>\n<meta name=\"description\" content=\"Zestaw Freewell Eiger sk\u0142adaj\u0105cy si\u0119 z CPL i dw\u00f3ch filtr\u00f3w VND - \u2705 sklep z dronami i fachowym doradztwem. \u2705 Tutaj kupisz produkty DJI, Yuneec, Parrot, Syma i wiele innych, a tak\u017ce kursy i licencje na operatora drona.\" \/>\n<meta name=\"robots\" content=\"index, follow, max-snippet:-1, max-image-preview:large, max-video-preview:-1\" \/>\n<link rel=\"canonical\" href=\"https:\/\/ironsky.pl\/sklep\/produkt\/zestaw-freewell-eiger-skladajacy-sie-z-cpl-i-dwoch-filtrow-vnd\/\" \/>\n<meta property=\"og:locale\" content=\"pl_PL\" \/>\n<meta property=\"og:type\" content=\"article\" \/>\n<meta property=\"og:title\" content=\"Zestaw Freewell Eiger sk\u0142adaj\u0105cy si\u0119 z CPL i dw\u00f3ch filtr\u00f3w VND - IRONSKY.PL Sklep z Dronami\" \/>\n<meta property=\"og:description\" content=\"Zestaw Freewell Eiger sk\u0142adaj\u0105cy si\u0119 z CPL i dw\u00f3ch filtr\u00f3w VND - \u2705 sklep z dronami i fachowym doradztwem. \u2705 Tutaj kupisz produkty DJI, Yuneec, Parrot, Syma i wiele innych, a tak\u017ce kursy i licencje na operatora drona.\" \/>\n<meta property=\"og:url\" content=\"https:\/\/ironsky.pl\/sklep\/produkt\/zestaw-freewell-eiger-skladajacy-sie-z-cpl-i-dwoch-filtrow-vnd\/\" \/>\n<meta property=\"og:site_name\" content=\"IRONSKY.PL Sklep z Dronami\" \/>\n<meta property=\"article:modified_time\" content=\"2026-03-05T14:51:30+00:00\" \/>\n<meta property=\"og:image\" content=\"https:\/\/ironsky.pl\/sklep\/wp-content\/uploads\/2024\/09\/34795_1.jpg\" \/>\n\t<meta property=\"og:image:width\" content=\"800\" \/>\n\t<meta property=\"og:image:height\" content=\"800\" \/>\n\t<meta property=\"og:image:type\" content=\"image\/jpeg\" \/>\n<meta name=\"twitter:card\" content=\"summary_large_image\" \/>\n<meta name=\"twitter:label1\" content=\"Szacowany czas czytania\" \/>\n\t<meta name=\"twitter:data1\" content=\"2 minuty\" \/>\n<script type=\"application\/ld+json\" class=\"yoast-schema-graph\">{\"@context\":\"https:\/\/schema.org\",\"@graph\":[{\"@type\":\"WebPage\",\"@id\":\"https:\/\/ironsky.pl\/sklep\/produkt\/zestaw-freewell-eiger-skladajacy-sie-z-cpl-i-dwoch-filtrow-vnd\/\",\"url\":\"https:\/\/ironsky.pl\/sklep\/produkt\/zestaw-freewell-eiger-skladajacy-sie-z-cpl-i-dwoch-filtrow-vnd\/\",\"name\":\"Zestaw Freewell Eiger sk\u0142adaj\u0105cy si\u0119 z CPL i dw\u00f3ch filtr\u00f3w VND - IRONSKY.PL Sklep z Dronami\",\"isPartOf\":{\"@id\":\"https:\/\/ironsky.pl\/sklep\/#website\"},\"primaryImageOfPage\":{\"@id\":\"https:\/\/ironsky.pl\/sklep\/produkt\/zestaw-freewell-eiger-skladajacy-sie-z-cpl-i-dwoch-filtrow-vnd\/#primaryimage\"},\"image\":{\"@id\":\"https:\/\/ironsky.pl\/sklep\/produkt\/zestaw-freewell-eiger-skladajacy-sie-z-cpl-i-dwoch-filtrow-vnd\/#primaryimage\"},\"thumbnailUrl\":\"https:\/\/ironsky.pl\/sklep\/wp-content\/uploads\/2024\/09\/34795_1.jpg\",\"datePublished\":\"2024-09-16T17:14:57+00:00\",\"dateModified\":\"2026-03-05T14:51:30+00:00\",\"description\":\"Zestaw Freewell Eiger sk\u0142adaj\u0105cy si\u0119 z CPL i dw\u00f3ch filtr\u00f3w VND - \u2705 sklep z dronami i fachowym doradztwem. \u2705 Tutaj kupisz produkty DJI, Yuneec, Parrot, Syma i wiele innych, a tak\u017ce kursy i licencje na operatora drona.\",\"breadcrumb\":{\"@id\":\"https:\/\/ironsky.pl\/sklep\/produkt\/zestaw-freewell-eiger-skladajacy-sie-z-cpl-i-dwoch-filtrow-vnd\/#breadcrumb\"},\"inLanguage\":\"pl-PL\",\"potentialAction\":[{\"@type\":\"ReadAction\",\"target\":[\"https:\/\/ironsky.pl\/sklep\/produkt\/zestaw-freewell-eiger-skladajacy-sie-z-cpl-i-dwoch-filtrow-vnd\/\"]}]},{\"@type\":\"ImageObject\",\"inLanguage\":\"pl-PL\",\"@id\":\"https:\/\/ironsky.pl\/sklep\/produkt\/zestaw-freewell-eiger-skladajacy-sie-z-cpl-i-dwoch-filtrow-vnd\/#primaryimage\",\"url\":\"https:\/\/ironsky.pl\/sklep\/wp-content\/uploads\/2024\/09\/34795_1.jpg\",\"contentUrl\":\"https:\/\/ironsky.pl\/sklep\/wp-content\/uploads\/2024\/09\/34795_1.jpg\",\"width\":800,\"height\":800},{\"@type\":\"BreadcrumbList\",\"@id\":\"https:\/\/ironsky.pl\/sklep\/produkt\/zestaw-freewell-eiger-skladajacy-sie-z-cpl-i-dwoch-filtrow-vnd\/#breadcrumb\",\"itemListElement\":[{\"@type\":\"ListItem\",\"position\":1,\"name\":\"Strona g\u0142\u00f3wna\",\"item\":\"https:\/\/ironsky.pl\/sklep\/\"},{\"@type\":\"ListItem\",\"position\":2,\"name\":\"Wszystkie produkty\",\"item\":\"https:\/\/ironsky.pl\/sklep\/produkty\/\"},{\"@type\":\"ListItem\",\"position\":3,\"name\":\"Zestaw Freewell Eiger sk\u0142adaj\u0105cy si\u0119 z CPL i dw\u00f3ch filtr\u00f3w VND\"}]},{\"@type\":\"WebSite\",\"@id\":\"https:\/\/ironsky.pl\/sklep\/#website\",\"url\":\"https:\/\/ironsky.pl\/sklep\/\",\"name\":\"IRONSKY.PL Sklep z Dronami\",\"description\":\"IRONSKY.PL Sklep z Dronami\",\"potentialAction\":[{\"@type\":\"SearchAction\",\"target\":{\"@type\":\"EntryPoint\",\"urlTemplate\":\"https:\/\/ironsky.pl\/sklep\/?s={search_term_string}\"},\"query-input\":{\"@type\":\"PropertyValueSpecification\",\"valueRequired\":true,\"valueName\":\"search_term_string\"}}],\"inLanguage\":\"pl-PL\"}]}<\/script>\n<!-- \/ Yoast SEO plugin. -->","yoast_head_json":{"title":"Zestaw Freewell Eiger sk\u0142adaj\u0105cy si\u0119 z CPL i dw\u00f3ch filtr\u00f3w VND - IRONSKY.PL Sklep z Dronami","description":"Zestaw Freewell Eiger sk\u0142adaj\u0105cy si\u0119 z CPL i dw\u00f3ch filtr\u00f3w VND - \u2705 sklep z dronami i fachowym doradztwem. \u2705 Tutaj kupisz produkty DJI, Yuneec, Parrot, Syma i wiele innych, a tak\u017ce kursy i licencje na operatora drona.","robots":{"index":"index","follow":"follow","max-snippet":"max-snippet:-1","max-image-preview":"max-image-preview:large","max-video-preview":"max-video-preview:-1"},"canonical":"https:\/\/ironsky.pl\/sklep\/produkt\/zestaw-freewell-eiger-skladajacy-sie-z-cpl-i-dwoch-filtrow-vnd\/","og_locale":"pl_PL","og_type":"article","og_title":"Zestaw Freewell Eiger sk\u0142adaj\u0105cy si\u0119 z CPL i dw\u00f3ch filtr\u00f3w VND - IRONSKY.PL Sklep z Dronami","og_description":"Zestaw Freewell Eiger sk\u0142adaj\u0105cy si\u0119 z CPL i dw\u00f3ch filtr\u00f3w VND - \u2705 sklep z dronami i fachowym doradztwem. \u2705 Tutaj kupisz produkty DJI, Yuneec, Parrot, Syma i wiele innych, a tak\u017ce kursy i licencje na operatora drona.","og_url":"https:\/\/ironsky.pl\/sklep\/produkt\/zestaw-freewell-eiger-skladajacy-sie-z-cpl-i-dwoch-filtrow-vnd\/","og_site_name":"IRONSKY.PL Sklep z Dronami","article_modified_time":"2026-03-05T14:51:30+00:00","og_image":[{"width":800,"height":800,"url":"https:\/\/ironsky.pl\/sklep\/wp-content\/uploads\/2024\/09\/34795_1.jpg","type":"image\/jpeg"}],"twitter_card":"summary_large_image","twitter_misc":{"Szacowany czas czytania":"2 minuty"},"schema":{"@context":"https:\/\/schema.org","@graph":[{"@type":"WebPage","@id":"https:\/\/ironsky.pl\/sklep\/produkt\/zestaw-freewell-eiger-skladajacy-sie-z-cpl-i-dwoch-filtrow-vnd\/","url":"https:\/\/ironsky.pl\/sklep\/produkt\/zestaw-freewell-eiger-skladajacy-sie-z-cpl-i-dwoch-filtrow-vnd\/","name":"Zestaw Freewell Eiger sk\u0142adaj\u0105cy si\u0119 z CPL i dw\u00f3ch filtr\u00f3w VND - IRONSKY.PL Sklep z Dronami","isPartOf":{"@id":"https:\/\/ironsky.pl\/sklep\/#website"},"primaryImageOfPage":{"@id":"https:\/\/ironsky.pl\/sklep\/produkt\/zestaw-freewell-eiger-skladajacy-sie-z-cpl-i-dwoch-filtrow-vnd\/#primaryimage"},"image":{"@id":"https:\/\/ironsky.pl\/sklep\/produkt\/zestaw-freewell-eiger-skladajacy-sie-z-cpl-i-dwoch-filtrow-vnd\/#primaryimage"},"thumbnailUrl":"https:\/\/ironsky.pl\/sklep\/wp-content\/uploads\/2024\/09\/34795_1.jpg","datePublished":"2024-09-16T17:14:57+00:00","dateModified":"2026-03-05T14:51:30+00:00","description":"Zestaw Freewell Eiger sk\u0142adaj\u0105cy si\u0119 z CPL i dw\u00f3ch filtr\u00f3w VND - \u2705 sklep z dronami i fachowym doradztwem. \u2705 Tutaj kupisz produkty DJI, Yuneec, Parrot, Syma i wiele innych, a tak\u017ce kursy i licencje na operatora drona.","breadcrumb":{"@id":"https:\/\/ironsky.pl\/sklep\/produkt\/zestaw-freewell-eiger-skladajacy-sie-z-cpl-i-dwoch-filtrow-vnd\/#breadcrumb"},"inLanguage":"pl-PL","potentialAction":[{"@type":"ReadAction","target":["https:\/\/ironsky.pl\/sklep\/produkt\/zestaw-freewell-eiger-skladajacy-sie-z-cpl-i-dwoch-filtrow-vnd\/"]}]},{"@type":"ImageObject","inLanguage":"pl-PL","@id":"https:\/\/ironsky.pl\/sklep\/produkt\/zestaw-freewell-eiger-skladajacy-sie-z-cpl-i-dwoch-filtrow-vnd\/#primaryimage","url":"https:\/\/ironsky.pl\/sklep\/wp-content\/uploads\/2024\/09\/34795_1.jpg","contentUrl":"https:\/\/ironsky.pl\/sklep\/wp-content\/uploads\/2024\/09\/34795_1.jpg","width":800,"height":800},{"@type":"BreadcrumbList","@id":"https:\/\/ironsky.pl\/sklep\/produkt\/zestaw-freewell-eiger-skladajacy-sie-z-cpl-i-dwoch-filtrow-vnd\/#breadcrumb","itemListElement":[{"@type":"ListItem","position":1,"name":"Strona g\u0142\u00f3wna","item":"https:\/\/ironsky.pl\/sklep\/"},{"@type":"ListItem","position":2,"name":"Wszystkie produkty","item":"https:\/\/ironsky.pl\/sklep\/produkty\/"},{"@type":"ListItem","position":3,"name":"Zestaw Freewell Eiger sk\u0142adaj\u0105cy si\u0119 z CPL i dw\u00f3ch filtr\u00f3w VND"}]},{"@type":"WebSite","@id":"https:\/\/ironsky.pl\/sklep\/#website","url":"https:\/\/ironsky.pl\/sklep\/","name":"IRONSKY.PL Sklep z Dronami","description":"IRONSKY.PL Sklep z Dronami","potentialAction":[{"@type":"SearchAction","target":{"@type":"EntryPoint","urlTemplate":"https:\/\/ironsky.pl\/sklep\/?s={search_term_string}"},"query-input":{"@type":"PropertyValueSpecification","valueRequired":true,"valueName":"search_term_string"}}],"inLanguage":"pl-PL"}]}},"_links":{"self":[{"href":"https:\/\/ironsky.pl\/sklep\/wp-json\/wp\/v2\/product\/25033","targetHints":{"allow":["GET"]}}],"collection":[{"href":"https:\/\/ironsky.pl\/sklep\/wp-json\/wp\/v2\/product"}],"about":[{"href":"https:\/\/ironsky.pl\/sklep\/wp-json\/wp\/v2\/types\/product"}],"replies":[{"embeddable":true,"href":"https:\/\/ironsky.pl\/sklep\/wp-json\/wp\/v2\/comments?post=25033"}],"wp:featuredmedia":[{"embeddable":true,"href":"https:\/\/ironsky.pl\/sklep\/wp-json\/wp\/v2\/media\/25034"}],"wp:attachment":[{"href":"https:\/\/ironsky.pl\/sklep\/wp-json\/wp\/v2\/media?parent=25033"}],"wp:term":[{"taxonomy":"product_brand","embeddable":true,"href":"https:\/\/ironsky.pl\/sklep\/wp-json\/wp\/v2\/product_brand?post=25033"},{"taxonomy":"product_cat","embeddable":true,"href":"https:\/\/ironsky.pl\/sklep\/wp-json\/wp\/v2\/product_cat?post=25033"},{"taxonomy":"product_tag","embeddable":true,"href":"https:\/\/ironsky.pl\/sklep\/wp-json\/wp\/v2\/product_tag?post=25033"}],"curies":[{"name":"wp","href":"https:\/\/api.w.org\/{rel}","templated":true}]}}