{"id":24906,"date":"2024-09-16T19:12:00","date_gmt":"2024-09-16T17:12:00","guid":{"rendered":"http:\/\/gvshalph.pro-linuxpl.com\/ironskyprodukty\/produkt\/szklo-hartowane-sunnylife-na-ekran-i-obiektyw-do-insta360-go-3-go-3s\/"},"modified":"2026-03-05T15:51:24","modified_gmt":"2026-03-05T14:51:24","slug":"szklo-hartowane-sunnylife-na-ekran-i-obiektyw-do-insta360-go-3-go-3s","status":"publish","type":"product","link":"https:\/\/ironsky.pl\/sklep\/produkt\/szklo-hartowane-sunnylife-na-ekran-i-obiektyw-do-insta360-go-3-go-3s\/","title":{"rendered":"Szk\u0142o hartowane Sunnylife na ekran i obiektyw do Insta360 GO 3\/GO 3S"},"content":{"rendered":"<h3>Szk\u0142o hartowane Sunnylife na ekran i obiektyw do Insta360 GO 3\/GO 3S<\/h3>\n<p>Szk\u0142o hartowane Sunnylife IST-BHM587 pasuje perfekcyjnie na ekran i obiektyw kamerki Insta360 GO 3, ale z powodzeniem wykorzystasz je r\u00f3wnie\u017c na ekran Insta360 GO 3 (uwaga: szk\u0142o nie pasuje do obiektywu GO 3S). Dzi\u0119ki grubo\u015bci 0.3mm szk\u0142o zapewnia p\u0142ynn\u0105 reakcj\u0119 ekranu na dotyk, aby\u015b w og\u00f3le nie poczu\u0142 r\u00f3\u017cnicy w u\u017cytkowaniu. Pow\u0142oka produktu jest odporna na odciski, kurz i olej. Twardo\u015b\u0107 9H gwarantuje wysok\u0105 odporno\u015b\u0107 na uszkodzenia, aby\u015b m\u00f3g\u0142 w pe\u0142ni odda\u0107 swojemu projektowi bez obaw o sprz\u0119t. Szk\u0142o cechuje si\u0119 \u015bwietn\u0105 przepuszczalno\u015bci\u0105, aby wiernie oddawa\u0107 kolory na ekranie. Jego instalacja jest \u0142atwa i nie powoduje b\u0105belk\u00f3w powietrza. Zestaw instalacyjny wraz ze szk\u0142em zosta\u0142 zamkni\u0119ty w wysokiej jako\u015bci pude\u0142eczku wielokrotnego u\u017cytku.<\/p>\n<p>\n<img decoding=\"async\" src=\"https:\/\/assets.innpro.pl\/7761\/9011\/7.jpg\" border=\"0\" \/>\n<\/p>\n<h3>Zawarto\u015b\u0107 zestawu:<\/h3>\n<ul class=\"list-disc pl-5\">\n<li>Szk\u0142o hartowane w obiektyw x 2<\/li>\n<li>Szk\u0142o hartowane na ekran x 2<\/li>\n<li>Szmatka do czyszczenia x 2<\/li>\n<li>Naklejka do kurzu x 2<\/li>\n<li>Chusteczka do czyszczenia x 2<\/li>\n<li>Pude\u0142eczko x 1<\/li>\n<\/ul>\n<div class=\"table-wrapper\">\n<p>\u00a0<\/p>\n<h3><\/h3>\n<table>\n<tbody>\n<tr>\n<th>Marka <\/th>\n<td>Sunnylife<\/td>\n<\/tr>\n<tr>\n<th>Model <\/th>\n<td>IST-BHM587<\/td>\n<\/tr>\n<tr>\n<th>Kompatybilne z <\/th>\n<td>Insta360 GO 3<\/td>\n<\/tr>\n<tr>\n<th>Materia\u0142 <\/th>\n<td>Szk\u0142o hartowane<\/td>\n<\/tr>\n<tr>\n<th>Masa <\/th>\n<td>32 g<\/td>\n<\/tr>\n<tr>\n<th>Grubo\u015b\u0107 <\/th>\n<td>0.3 mm<\/td>\n<\/tr>\n<\/tbody>\n<\/table>\n<\/div>\n","protected":false},"excerpt":{"rendered":"<p>Szk\u0142o hartowane Sunnylife na ekran i obiektyw do Insta360 GO 3\/GO 3S Szk\u0142o hartowane Sunnylife IST-BHM587 pasuje perfekcyjnie na ekran<\/p>\n","protected":false},"featured_media":24907,"comment_status":"closed","ping_status":"open","template":"","meta":{"_acf_changed":false},"product_brand":[],"product_cat":[1130,1137,1128],"product_tag":[],"class_list":{"0":"post-24906","1":"product","2":"type-product","3":"status-publish","4":"has-post-thumbnail","6":"product_cat-akcesoria-foto","7":"product_cat-do-kamer-sportowych","8":"product_cat-foto-wideo","9":"pa_box-height-1493","10":"pa_box-length-3523","11":"pa_box-width-2225","12":"pa_gross-weight-1974","13":"pa_hs-code-2787","14":"pa_kompatybilnosc-insta360","15":"pa_net-weight-1373","17":"first","18":"outofstock","19":"taxable","20":"shipping-taxable","21":"purchasable","22":"product-type-simple"},"acf":[],"yoast_head":"<!-- This site is optimized with the Yoast SEO plugin v27.2 - https:\/\/yoast.com\/product\/yoast-seo-wordpress\/ -->\n<title>Szk\u0142o hartowane Sunnylife na ekran i obiektyw do Insta360 GO 3\/GO 3S - IRONSKY.PL Sklep z Dronami<\/title>\n<meta name=\"description\" content=\"Szk\u0142o hartowane Sunnylife na ekran i obiektyw do Insta360 GO 3\/GO 3S - \u2705 sklep z dronami i fachowym doradztwem. \u2705 Tutaj kupisz produkty DJI, Yuneec, Parrot, Syma i wiele innych, a tak\u017ce kursy i licencje na operatora drona.\" \/>\n<meta name=\"robots\" content=\"index, follow, max-snippet:-1, max-image-preview:large, max-video-preview:-1\" \/>\n<link rel=\"canonical\" href=\"https:\/\/ironsky.pl\/sklep\/produkt\/szklo-hartowane-sunnylife-na-ekran-i-obiektyw-do-insta360-go-3-go-3s\/\" \/>\n<meta property=\"og:locale\" content=\"pl_PL\" \/>\n<meta property=\"og:type\" content=\"article\" \/>\n<meta property=\"og:title\" content=\"Szk\u0142o hartowane Sunnylife na ekran i obiektyw do Insta360 GO 3\/GO 3S - IRONSKY.PL Sklep z Dronami\" \/>\n<meta property=\"og:description\" content=\"Szk\u0142o hartowane Sunnylife na ekran i obiektyw do Insta360 GO 3\/GO 3S - \u2705 sklep z dronami i fachowym doradztwem. \u2705 Tutaj kupisz produkty DJI, Yuneec, Parrot, Syma i wiele innych, a tak\u017ce kursy i licencje na operatora drona.\" \/>\n<meta property=\"og:url\" content=\"https:\/\/ironsky.pl\/sklep\/produkt\/szklo-hartowane-sunnylife-na-ekran-i-obiektyw-do-insta360-go-3-go-3s\/\" \/>\n<meta property=\"og:site_name\" content=\"IRONSKY.PL Sklep z Dronami\" \/>\n<meta property=\"article:modified_time\" content=\"2026-03-05T14:51:24+00:00\" \/>\n<meta property=\"og:image\" content=\"https:\/\/ironsky.pl\/sklep\/wp-content\/uploads\/2024\/09\/34194_2.jpg\" \/>\n\t<meta property=\"og:image:width\" content=\"800\" \/>\n\t<meta property=\"og:image:height\" content=\"800\" \/>\n\t<meta property=\"og:image:type\" content=\"image\/jpeg\" \/>\n<meta name=\"twitter:card\" content=\"summary_large_image\" \/>\n<meta name=\"twitter:label1\" content=\"Szacowany czas czytania\" \/>\n\t<meta name=\"twitter:data1\" content=\"1 minuta\" \/>\n<script type=\"application\/ld+json\" class=\"yoast-schema-graph\">{\"@context\":\"https:\/\/schema.org\",\"@graph\":[{\"@type\":\"WebPage\",\"@id\":\"https:\/\/ironsky.pl\/sklep\/produkt\/szklo-hartowane-sunnylife-na-ekran-i-obiektyw-do-insta360-go-3-go-3s\/\",\"url\":\"https:\/\/ironsky.pl\/sklep\/produkt\/szklo-hartowane-sunnylife-na-ekran-i-obiektyw-do-insta360-go-3-go-3s\/\",\"name\":\"Szk\u0142o hartowane Sunnylife na ekran i obiektyw do Insta360 GO 3\/GO 3S - IRONSKY.PL Sklep z Dronami\",\"isPartOf\":{\"@id\":\"https:\/\/ironsky.pl\/sklep\/#website\"},\"primaryImageOfPage\":{\"@id\":\"https:\/\/ironsky.pl\/sklep\/produkt\/szklo-hartowane-sunnylife-na-ekran-i-obiektyw-do-insta360-go-3-go-3s\/#primaryimage\"},\"image\":{\"@id\":\"https:\/\/ironsky.pl\/sklep\/produkt\/szklo-hartowane-sunnylife-na-ekran-i-obiektyw-do-insta360-go-3-go-3s\/#primaryimage\"},\"thumbnailUrl\":\"https:\/\/ironsky.pl\/sklep\/wp-content\/uploads\/2024\/09\/34194_2.jpg\",\"datePublished\":\"2024-09-16T17:12:00+00:00\",\"dateModified\":\"2026-03-05T14:51:24+00:00\",\"description\":\"Szk\u0142o hartowane Sunnylife na ekran i obiektyw do Insta360 GO 3\/GO 3S - \u2705 sklep z dronami i fachowym doradztwem. \u2705 Tutaj kupisz produkty DJI, Yuneec, Parrot, Syma i wiele innych, a tak\u017ce kursy i licencje na operatora drona.\",\"breadcrumb\":{\"@id\":\"https:\/\/ironsky.pl\/sklep\/produkt\/szklo-hartowane-sunnylife-na-ekran-i-obiektyw-do-insta360-go-3-go-3s\/#breadcrumb\"},\"inLanguage\":\"pl-PL\",\"potentialAction\":[{\"@type\":\"ReadAction\",\"target\":[\"https:\/\/ironsky.pl\/sklep\/produkt\/szklo-hartowane-sunnylife-na-ekran-i-obiektyw-do-insta360-go-3-go-3s\/\"]}]},{\"@type\":\"ImageObject\",\"inLanguage\":\"pl-PL\",\"@id\":\"https:\/\/ironsky.pl\/sklep\/produkt\/szklo-hartowane-sunnylife-na-ekran-i-obiektyw-do-insta360-go-3-go-3s\/#primaryimage\",\"url\":\"https:\/\/ironsky.pl\/sklep\/wp-content\/uploads\/2024\/09\/34194_2.jpg\",\"contentUrl\":\"https:\/\/ironsky.pl\/sklep\/wp-content\/uploads\/2024\/09\/34194_2.jpg\",\"width\":800,\"height\":800},{\"@type\":\"BreadcrumbList\",\"@id\":\"https:\/\/ironsky.pl\/sklep\/produkt\/szklo-hartowane-sunnylife-na-ekran-i-obiektyw-do-insta360-go-3-go-3s\/#breadcrumb\",\"itemListElement\":[{\"@type\":\"ListItem\",\"position\":1,\"name\":\"Strona g\u0142\u00f3wna\",\"item\":\"https:\/\/ironsky.pl\/sklep\/\"},{\"@type\":\"ListItem\",\"position\":2,\"name\":\"Wszystkie produkty\",\"item\":\"https:\/\/ironsky.pl\/sklep\/produkty\/\"},{\"@type\":\"ListItem\",\"position\":3,\"name\":\"Szk\u0142o hartowane Sunnylife na ekran i obiektyw do Insta360 GO 3\/GO 3S\"}]},{\"@type\":\"WebSite\",\"@id\":\"https:\/\/ironsky.pl\/sklep\/#website\",\"url\":\"https:\/\/ironsky.pl\/sklep\/\",\"name\":\"IRONSKY.PL Sklep z Dronami\",\"description\":\"IRONSKY.PL Sklep z Dronami\",\"potentialAction\":[{\"@type\":\"SearchAction\",\"target\":{\"@type\":\"EntryPoint\",\"urlTemplate\":\"https:\/\/ironsky.pl\/sklep\/?s={search_term_string}\"},\"query-input\":{\"@type\":\"PropertyValueSpecification\",\"valueRequired\":true,\"valueName\":\"search_term_string\"}}],\"inLanguage\":\"pl-PL\"}]}<\/script>\n<!-- \/ Yoast SEO plugin. -->","yoast_head_json":{"title":"Szk\u0142o hartowane Sunnylife na ekran i obiektyw do Insta360 GO 3\/GO 3S - IRONSKY.PL Sklep z Dronami","description":"Szk\u0142o hartowane Sunnylife na ekran i obiektyw do Insta360 GO 3\/GO 3S - \u2705 sklep z dronami i fachowym doradztwem. \u2705 Tutaj kupisz produkty DJI, Yuneec, Parrot, Syma i wiele innych, a tak\u017ce kursy i licencje na operatora drona.","robots":{"index":"index","follow":"follow","max-snippet":"max-snippet:-1","max-image-preview":"max-image-preview:large","max-video-preview":"max-video-preview:-1"},"canonical":"https:\/\/ironsky.pl\/sklep\/produkt\/szklo-hartowane-sunnylife-na-ekran-i-obiektyw-do-insta360-go-3-go-3s\/","og_locale":"pl_PL","og_type":"article","og_title":"Szk\u0142o hartowane Sunnylife na ekran i obiektyw do Insta360 GO 3\/GO 3S - IRONSKY.PL Sklep z Dronami","og_description":"Szk\u0142o hartowane Sunnylife na ekran i obiektyw do Insta360 GO 3\/GO 3S - \u2705 sklep z dronami i fachowym doradztwem. \u2705 Tutaj kupisz produkty DJI, Yuneec, Parrot, Syma i wiele innych, a tak\u017ce kursy i licencje na operatora drona.","og_url":"https:\/\/ironsky.pl\/sklep\/produkt\/szklo-hartowane-sunnylife-na-ekran-i-obiektyw-do-insta360-go-3-go-3s\/","og_site_name":"IRONSKY.PL Sklep z Dronami","article_modified_time":"2026-03-05T14:51:24+00:00","og_image":[{"width":800,"height":800,"url":"https:\/\/ironsky.pl\/sklep\/wp-content\/uploads\/2024\/09\/34194_2.jpg","type":"image\/jpeg"}],"twitter_card":"summary_large_image","twitter_misc":{"Szacowany czas czytania":"1 minuta"},"schema":{"@context":"https:\/\/schema.org","@graph":[{"@type":"WebPage","@id":"https:\/\/ironsky.pl\/sklep\/produkt\/szklo-hartowane-sunnylife-na-ekran-i-obiektyw-do-insta360-go-3-go-3s\/","url":"https:\/\/ironsky.pl\/sklep\/produkt\/szklo-hartowane-sunnylife-na-ekran-i-obiektyw-do-insta360-go-3-go-3s\/","name":"Szk\u0142o hartowane Sunnylife na ekran i obiektyw do Insta360 GO 3\/GO 3S - IRONSKY.PL Sklep z Dronami","isPartOf":{"@id":"https:\/\/ironsky.pl\/sklep\/#website"},"primaryImageOfPage":{"@id":"https:\/\/ironsky.pl\/sklep\/produkt\/szklo-hartowane-sunnylife-na-ekran-i-obiektyw-do-insta360-go-3-go-3s\/#primaryimage"},"image":{"@id":"https:\/\/ironsky.pl\/sklep\/produkt\/szklo-hartowane-sunnylife-na-ekran-i-obiektyw-do-insta360-go-3-go-3s\/#primaryimage"},"thumbnailUrl":"https:\/\/ironsky.pl\/sklep\/wp-content\/uploads\/2024\/09\/34194_2.jpg","datePublished":"2024-09-16T17:12:00+00:00","dateModified":"2026-03-05T14:51:24+00:00","description":"Szk\u0142o hartowane Sunnylife na ekran i obiektyw do Insta360 GO 3\/GO 3S - \u2705 sklep z dronami i fachowym doradztwem. \u2705 Tutaj kupisz produkty DJI, Yuneec, Parrot, Syma i wiele innych, a tak\u017ce kursy i licencje na operatora drona.","breadcrumb":{"@id":"https:\/\/ironsky.pl\/sklep\/produkt\/szklo-hartowane-sunnylife-na-ekran-i-obiektyw-do-insta360-go-3-go-3s\/#breadcrumb"},"inLanguage":"pl-PL","potentialAction":[{"@type":"ReadAction","target":["https:\/\/ironsky.pl\/sklep\/produkt\/szklo-hartowane-sunnylife-na-ekran-i-obiektyw-do-insta360-go-3-go-3s\/"]}]},{"@type":"ImageObject","inLanguage":"pl-PL","@id":"https:\/\/ironsky.pl\/sklep\/produkt\/szklo-hartowane-sunnylife-na-ekran-i-obiektyw-do-insta360-go-3-go-3s\/#primaryimage","url":"https:\/\/ironsky.pl\/sklep\/wp-content\/uploads\/2024\/09\/34194_2.jpg","contentUrl":"https:\/\/ironsky.pl\/sklep\/wp-content\/uploads\/2024\/09\/34194_2.jpg","width":800,"height":800},{"@type":"BreadcrumbList","@id":"https:\/\/ironsky.pl\/sklep\/produkt\/szklo-hartowane-sunnylife-na-ekran-i-obiektyw-do-insta360-go-3-go-3s\/#breadcrumb","itemListElement":[{"@type":"ListItem","position":1,"name":"Strona g\u0142\u00f3wna","item":"https:\/\/ironsky.pl\/sklep\/"},{"@type":"ListItem","position":2,"name":"Wszystkie produkty","item":"https:\/\/ironsky.pl\/sklep\/produkty\/"},{"@type":"ListItem","position":3,"name":"Szk\u0142o hartowane Sunnylife na ekran i obiektyw do Insta360 GO 3\/GO 3S"}]},{"@type":"WebSite","@id":"https:\/\/ironsky.pl\/sklep\/#website","url":"https:\/\/ironsky.pl\/sklep\/","name":"IRONSKY.PL Sklep z Dronami","description":"IRONSKY.PL Sklep z Dronami","potentialAction":[{"@type":"SearchAction","target":{"@type":"EntryPoint","urlTemplate":"https:\/\/ironsky.pl\/sklep\/?s={search_term_string}"},"query-input":{"@type":"PropertyValueSpecification","valueRequired":true,"valueName":"search_term_string"}}],"inLanguage":"pl-PL"}]}},"_links":{"self":[{"href":"https:\/\/ironsky.pl\/sklep\/wp-json\/wp\/v2\/product\/24906","targetHints":{"allow":["GET"]}}],"collection":[{"href":"https:\/\/ironsky.pl\/sklep\/wp-json\/wp\/v2\/product"}],"about":[{"href":"https:\/\/ironsky.pl\/sklep\/wp-json\/wp\/v2\/types\/product"}],"replies":[{"embeddable":true,"href":"https:\/\/ironsky.pl\/sklep\/wp-json\/wp\/v2\/comments?post=24906"}],"wp:featuredmedia":[{"embeddable":true,"href":"https:\/\/ironsky.pl\/sklep\/wp-json\/wp\/v2\/media\/24907"}],"wp:attachment":[{"href":"https:\/\/ironsky.pl\/sklep\/wp-json\/wp\/v2\/media?parent=24906"}],"wp:term":[{"taxonomy":"product_brand","embeddable":true,"href":"https:\/\/ironsky.pl\/sklep\/wp-json\/wp\/v2\/product_brand?post=24906"},{"taxonomy":"product_cat","embeddable":true,"href":"https:\/\/ironsky.pl\/sklep\/wp-json\/wp\/v2\/product_cat?post=24906"},{"taxonomy":"product_tag","embeddable":true,"href":"https:\/\/ironsky.pl\/sklep\/wp-json\/wp\/v2\/product_tag?post=24906"}],"curies":[{"name":"wp","href":"https:\/\/api.w.org\/{rel}","templated":true}]}}