{"id":24823,"date":"2024-09-16T19:10:33","date_gmt":"2024-09-16T17:10:33","guid":{"rendered":"http:\/\/gvshalph.pro-linuxpl.com\/ironskyprodukty\/produkt\/obudowa-silikonowa-z-paskiem-sunnylife-do-insta360-go-3-go-3s-biala\/"},"modified":"2026-03-05T15:51:21","modified_gmt":"2026-03-05T14:51:21","slug":"obudowa-silikonowa-z-paskiem-sunnylife-do-insta360-go-3-go-3s-biala","status":"publish","type":"product","link":"https:\/\/ironsky.pl\/sklep\/produkt\/obudowa-silikonowa-z-paskiem-sunnylife-do-insta360-go-3-go-3s-biala\/","title":{"rendered":"Obudowa silikonowa z paskiem Sunnylife do Insta360 GO 3 \/ GO 3S (bia\u0142a)"},"content":{"rendered":"<h3>Obudowa silikonowa z paskiem Sunnylife do Insta360 GO 3 \/ GO 3S (bia\u0142a)<\/h3>\n<p>Chcesz mie\u0107 pewno\u015b\u0107, \u017ce Twoja kamera Insta360 GO 3 \/ GO 3S jest bezpieczna w ka\u017cdych warunkach? Dzi\u0119ki os\u0142onie silikonowej z paskiem Sunnylife mo\u017cesz zadba\u0107 o jej ochron\u0119! Jest ona idealnie dopasowana do urz\u0105dzenia, a dzi\u0119ki regulacji w zakresie 128-225 mm b\u0119dzie bardzo komfortowa w u\u017cytkowaniu. Co wi\u0119cej, zapewni mo\u017cliwo\u015b\u0107 tworzenia niezapominanych uj\u0119\u0107, poniewa\u017c mo\u017cesz zamontowa\u0107 j\u0105 w wielu miejscach takich jak nadgarstek, rower czy dron!<\/p>\n<p>\n<img decoding=\"async\" src=\"https:\/\/assets.innpro.pl\/7460\/8671\/1.jpg\" border=\"0\" \/>\n<\/p>\n<h3>Niezawodna ochrona<\/h3>\n<p>Os\u0142ona silikonowa z paskiem Sunnylife powsta\u0142a z my\u015bl\u0105 o kamerze Insta360 GO 3 \/ GO 3S. Wykazuje ona odporno\u015b\u0107 na zarysowania oraz na kurz, a co wi\u0119cej zapobiega zgubieniu urz\u0105dzenia. Ten mi\u0119kki, silikonowy pokrowiec oraz wielofunkcyjny pasek b\u0119d\u0105 niezawodn\u0105 ochron\u0105 dla Twojego urz\u0105dzenia!<\/p>\n<p>\n<img decoding=\"async\" src=\"https:\/\/assets.innpro.pl\/7460\/8671\/4.jpg\" border=\"0\" \/>\n<\/p>\n<h3>Wiele mo\u017cliwo\u015bci monta\u017cu<\/h3>\n<p>Os\u0142on\u0119 Sunnylife mo\u017cesz przymocowa\u0107 w r\u00f3\u017cne miejsca. Regulowany pasek daje mo\u017cliwo\u015b\u0107 jej monta\u017cu np. na dronie, na nadgarstku, plecaku czy rowerze. B\u0119dzie doskona\u0142a dla dron\u00f3w takich jak Mini 3 Pro\/Mini2\/SE\/Mavic Mini\/Air 2S\/ Mavic Air 2\/ EVO Nano\/Fimi X8 Mini. Sprawia to, \u017ce mo\u017cesz mie\u0107 kamer\u0119 zawsze przy sobie i nagrywa\u0107 niesamowite uj\u0119cia jednocze\u015bnie uwalniaj\u0105c swoje r\u0119ce!<\/p>\n<p>\n<img decoding=\"async\" src=\"https:\/\/assets.innpro.pl\/7460\/8671\/3.jpg\" border=\"0\" \/>\n<\/p>\n<h3>Przemy\u015blana konstrukcja<\/h3>\n<p>Tym, co wyr\u00f3\u017cnia os\u0142on\u0119 silikonow\u0105 Sunnylife to jej regulowany pasek w zakresie 128-225 mm. Co wi\u0119cej, ma specjalne wyci\u0119cia z ty\u0142u, dla lepszego odprowadzania ciep\u0142a, a ca\u0142a jej konstrukcja powsta\u0142a tak, aby idealnie dopasowywa\u0107 si\u0119 do kamery i nie zas\u0142ania\u0107 jej najwa\u017cniejszych element\u00f3w. Ponadto powsta\u0142a z wysokiej jako\u015bci silikonu, dzi\u0119ki czemu jest odporna na rozdarcia i nie \u0142atwo j\u0105 zdeformowa\u0107. Ciesz si\u0119 komfortem u\u017cytkowania z Sunnylife!<\/p>\n<p>\n<img decoding=\"async\" src=\"https:\/\/assets.innpro.pl\/7460\/8671\/2.jpg\" border=\"0\" \/>\n<\/p>\n<div class=\"table-wrapper\">\n<p>\u00a0<\/p>\n<h3><\/h3>\n<table>\n<tbody>\n<tr>\n<th>Producent\t<\/th>\n<td>Sunnylife<\/td>\n<\/tr>\n<tr>\n<th>Model\t<\/th>\n<td>IST-ZD588-W<\/td>\n<\/tr>\n<tr>\n<th>Materia\u0142\t<\/th>\n<td>Silikon<\/td>\n<\/tr>\n<tr>\n<th>Waga\t<\/th>\n<td>15 g<\/td>\n<\/tr>\n<tr>\n<th>D\u0142ugo\u015b\u0107 opaski\t<\/th>\n<td>128-225 mm<\/td>\n<\/tr>\n<tr>\n<th>Kolor\t<\/th>\n<td>Bia\u0142y<\/td>\n<\/tr>\n<tr>\n<th>Kompatybilno\u015b\u0107<\/th>\n<td>Insta360 GO 3 \/ GO 3S<\/td>\n<\/tr>\n<\/tbody>\n<\/table>\n<\/div>\n","protected":false},"excerpt":{"rendered":"<p>Obudowa silikonowa z paskiem Sunnylife do Insta360 GO 3 \/ GO 3S (bia\u0142a) Chcesz mie\u0107 pewno\u015b\u0107, \u017ce Twoja kamera Insta360<\/p>\n","protected":false},"featured_media":24824,"comment_status":"closed","ping_status":"open","template":"","meta":{"_acf_changed":false},"product_brand":[],"product_cat":[1130,1137,1128],"product_tag":[],"class_list":{"0":"post-24823","1":"product","2":"type-product","3":"status-publish","4":"has-post-thumbnail","6":"product_cat-akcesoria-foto","7":"product_cat-do-kamer-sportowych","8":"product_cat-foto-wideo","9":"pa_box-height-2761","10":"pa_box-length-4122","11":"pa_box-width-2879","12":"pa_gross-weight-1998","13":"pa_hs-code-1775","14":"pa_kolejna-dostawa-18-09-2024","15":"pa_kompatybilnosc-insta360","16":"pa_net-weight-2029","18":"first","19":"outofstock","20":"taxable","21":"shipping-taxable","22":"purchasable","23":"product-type-simple"},"acf":[],"yoast_head":"<!-- This site is optimized with the Yoast SEO plugin v27.2 - https:\/\/yoast.com\/product\/yoast-seo-wordpress\/ -->\n<title>Obudowa silikonowa z paskiem Sunnylife do Insta360 GO 3 \/ GO 3S (bia\u0142a) - IRONSKY.PL Sklep z Dronami<\/title>\n<meta name=\"description\" content=\"Obudowa silikonowa z paskiem Sunnylife do Insta360 GO 3 \/ GO 3S (bia\u0142a) - \u2705 sklep z dronami i fachowym doradztwem. \u2705 Tutaj kupisz produkty DJI, Yuneec, Parrot, Syma i wiele innych, a tak\u017ce kursy i licencje na operatora drona.\" \/>\n<meta name=\"robots\" content=\"index, follow, max-snippet:-1, max-image-preview:large, max-video-preview:-1\" \/>\n<link rel=\"canonical\" href=\"https:\/\/ironsky.pl\/sklep\/produkt\/obudowa-silikonowa-z-paskiem-sunnylife-do-insta360-go-3-go-3s-biala\/\" \/>\n<meta property=\"og:locale\" content=\"pl_PL\" \/>\n<meta property=\"og:type\" content=\"article\" \/>\n<meta property=\"og:title\" content=\"Obudowa silikonowa z paskiem Sunnylife do Insta360 GO 3 \/ GO 3S (bia\u0142a) - IRONSKY.PL Sklep z Dronami\" \/>\n<meta property=\"og:description\" content=\"Obudowa silikonowa z paskiem Sunnylife do Insta360 GO 3 \/ GO 3S (bia\u0142a) - \u2705 sklep z dronami i fachowym doradztwem. \u2705 Tutaj kupisz produkty DJI, Yuneec, Parrot, Syma i wiele innych, a tak\u017ce kursy i licencje na operatora drona.\" \/>\n<meta property=\"og:url\" content=\"https:\/\/ironsky.pl\/sklep\/produkt\/obudowa-silikonowa-z-paskiem-sunnylife-do-insta360-go-3-go-3s-biala\/\" \/>\n<meta property=\"og:site_name\" content=\"IRONSKY.PL Sklep z Dronami\" \/>\n<meta property=\"article:modified_time\" content=\"2026-03-05T14:51:21+00:00\" \/>\n<meta property=\"og:image\" content=\"https:\/\/ironsky.pl\/sklep\/wp-content\/uploads\/2024\/09\/33383_1.jpg\" \/>\n\t<meta property=\"og:image:width\" content=\"800\" \/>\n\t<meta property=\"og:image:height\" content=\"800\" \/>\n\t<meta property=\"og:image:type\" content=\"image\/jpeg\" \/>\n<meta name=\"twitter:card\" content=\"summary_large_image\" \/>\n<meta name=\"twitter:label1\" content=\"Szacowany czas czytania\" \/>\n\t<meta name=\"twitter:data1\" content=\"2 minuty\" \/>\n<script type=\"application\/ld+json\" class=\"yoast-schema-graph\">{\"@context\":\"https:\/\/schema.org\",\"@graph\":[{\"@type\":\"WebPage\",\"@id\":\"https:\/\/ironsky.pl\/sklep\/produkt\/obudowa-silikonowa-z-paskiem-sunnylife-do-insta360-go-3-go-3s-biala\/\",\"url\":\"https:\/\/ironsky.pl\/sklep\/produkt\/obudowa-silikonowa-z-paskiem-sunnylife-do-insta360-go-3-go-3s-biala\/\",\"name\":\"Obudowa silikonowa z paskiem Sunnylife do Insta360 GO 3 \/ GO 3S (bia\u0142a) - IRONSKY.PL Sklep z Dronami\",\"isPartOf\":{\"@id\":\"https:\/\/ironsky.pl\/sklep\/#website\"},\"primaryImageOfPage\":{\"@id\":\"https:\/\/ironsky.pl\/sklep\/produkt\/obudowa-silikonowa-z-paskiem-sunnylife-do-insta360-go-3-go-3s-biala\/#primaryimage\"},\"image\":{\"@id\":\"https:\/\/ironsky.pl\/sklep\/produkt\/obudowa-silikonowa-z-paskiem-sunnylife-do-insta360-go-3-go-3s-biala\/#primaryimage\"},\"thumbnailUrl\":\"https:\/\/ironsky.pl\/sklep\/wp-content\/uploads\/2024\/09\/33383_1.jpg\",\"datePublished\":\"2024-09-16T17:10:33+00:00\",\"dateModified\":\"2026-03-05T14:51:21+00:00\",\"description\":\"Obudowa silikonowa z paskiem Sunnylife do Insta360 GO 3 \/ GO 3S (bia\u0142a) - \u2705 sklep z dronami i fachowym doradztwem. \u2705 Tutaj kupisz produkty DJI, Yuneec, Parrot, Syma i wiele innych, a tak\u017ce kursy i licencje na operatora drona.\",\"breadcrumb\":{\"@id\":\"https:\/\/ironsky.pl\/sklep\/produkt\/obudowa-silikonowa-z-paskiem-sunnylife-do-insta360-go-3-go-3s-biala\/#breadcrumb\"},\"inLanguage\":\"pl-PL\",\"potentialAction\":[{\"@type\":\"ReadAction\",\"target\":[\"https:\/\/ironsky.pl\/sklep\/produkt\/obudowa-silikonowa-z-paskiem-sunnylife-do-insta360-go-3-go-3s-biala\/\"]}]},{\"@type\":\"ImageObject\",\"inLanguage\":\"pl-PL\",\"@id\":\"https:\/\/ironsky.pl\/sklep\/produkt\/obudowa-silikonowa-z-paskiem-sunnylife-do-insta360-go-3-go-3s-biala\/#primaryimage\",\"url\":\"https:\/\/ironsky.pl\/sklep\/wp-content\/uploads\/2024\/09\/33383_1.jpg\",\"contentUrl\":\"https:\/\/ironsky.pl\/sklep\/wp-content\/uploads\/2024\/09\/33383_1.jpg\",\"width\":800,\"height\":800},{\"@type\":\"BreadcrumbList\",\"@id\":\"https:\/\/ironsky.pl\/sklep\/produkt\/obudowa-silikonowa-z-paskiem-sunnylife-do-insta360-go-3-go-3s-biala\/#breadcrumb\",\"itemListElement\":[{\"@type\":\"ListItem\",\"position\":1,\"name\":\"Strona g\u0142\u00f3wna\",\"item\":\"https:\/\/ironsky.pl\/sklep\/\"},{\"@type\":\"ListItem\",\"position\":2,\"name\":\"Wszystkie produkty\",\"item\":\"https:\/\/ironsky.pl\/sklep\/produkty\/\"},{\"@type\":\"ListItem\",\"position\":3,\"name\":\"Obudowa silikonowa z paskiem Sunnylife do Insta360 GO 3 \/ GO 3S (bia\u0142a)\"}]},{\"@type\":\"WebSite\",\"@id\":\"https:\/\/ironsky.pl\/sklep\/#website\",\"url\":\"https:\/\/ironsky.pl\/sklep\/\",\"name\":\"IRONSKY.PL Sklep z Dronami\",\"description\":\"IRONSKY.PL Sklep z Dronami\",\"potentialAction\":[{\"@type\":\"SearchAction\",\"target\":{\"@type\":\"EntryPoint\",\"urlTemplate\":\"https:\/\/ironsky.pl\/sklep\/?s={search_term_string}\"},\"query-input\":{\"@type\":\"PropertyValueSpecification\",\"valueRequired\":true,\"valueName\":\"search_term_string\"}}],\"inLanguage\":\"pl-PL\"}]}<\/script>\n<!-- \/ Yoast SEO plugin. -->","yoast_head_json":{"title":"Obudowa silikonowa z paskiem Sunnylife do Insta360 GO 3 \/ GO 3S (bia\u0142a) - IRONSKY.PL Sklep z Dronami","description":"Obudowa silikonowa z paskiem Sunnylife do Insta360 GO 3 \/ GO 3S (bia\u0142a) - \u2705 sklep z dronami i fachowym doradztwem. \u2705 Tutaj kupisz produkty DJI, Yuneec, Parrot, Syma i wiele innych, a tak\u017ce kursy i licencje na operatora drona.","robots":{"index":"index","follow":"follow","max-snippet":"max-snippet:-1","max-image-preview":"max-image-preview:large","max-video-preview":"max-video-preview:-1"},"canonical":"https:\/\/ironsky.pl\/sklep\/produkt\/obudowa-silikonowa-z-paskiem-sunnylife-do-insta360-go-3-go-3s-biala\/","og_locale":"pl_PL","og_type":"article","og_title":"Obudowa silikonowa z paskiem Sunnylife do Insta360 GO 3 \/ GO 3S (bia\u0142a) - IRONSKY.PL Sklep z Dronami","og_description":"Obudowa silikonowa z paskiem Sunnylife do Insta360 GO 3 \/ GO 3S (bia\u0142a) - \u2705 sklep z dronami i fachowym doradztwem. \u2705 Tutaj kupisz produkty DJI, Yuneec, Parrot, Syma i wiele innych, a tak\u017ce kursy i licencje na operatora drona.","og_url":"https:\/\/ironsky.pl\/sklep\/produkt\/obudowa-silikonowa-z-paskiem-sunnylife-do-insta360-go-3-go-3s-biala\/","og_site_name":"IRONSKY.PL Sklep z Dronami","article_modified_time":"2026-03-05T14:51:21+00:00","og_image":[{"width":800,"height":800,"url":"https:\/\/ironsky.pl\/sklep\/wp-content\/uploads\/2024\/09\/33383_1.jpg","type":"image\/jpeg"}],"twitter_card":"summary_large_image","twitter_misc":{"Szacowany czas czytania":"2 minuty"},"schema":{"@context":"https:\/\/schema.org","@graph":[{"@type":"WebPage","@id":"https:\/\/ironsky.pl\/sklep\/produkt\/obudowa-silikonowa-z-paskiem-sunnylife-do-insta360-go-3-go-3s-biala\/","url":"https:\/\/ironsky.pl\/sklep\/produkt\/obudowa-silikonowa-z-paskiem-sunnylife-do-insta360-go-3-go-3s-biala\/","name":"Obudowa silikonowa z paskiem Sunnylife do Insta360 GO 3 \/ GO 3S (bia\u0142a) - IRONSKY.PL Sklep z Dronami","isPartOf":{"@id":"https:\/\/ironsky.pl\/sklep\/#website"},"primaryImageOfPage":{"@id":"https:\/\/ironsky.pl\/sklep\/produkt\/obudowa-silikonowa-z-paskiem-sunnylife-do-insta360-go-3-go-3s-biala\/#primaryimage"},"image":{"@id":"https:\/\/ironsky.pl\/sklep\/produkt\/obudowa-silikonowa-z-paskiem-sunnylife-do-insta360-go-3-go-3s-biala\/#primaryimage"},"thumbnailUrl":"https:\/\/ironsky.pl\/sklep\/wp-content\/uploads\/2024\/09\/33383_1.jpg","datePublished":"2024-09-16T17:10:33+00:00","dateModified":"2026-03-05T14:51:21+00:00","description":"Obudowa silikonowa z paskiem Sunnylife do Insta360 GO 3 \/ GO 3S (bia\u0142a) - \u2705 sklep z dronami i fachowym doradztwem. \u2705 Tutaj kupisz produkty DJI, Yuneec, Parrot, Syma i wiele innych, a tak\u017ce kursy i licencje na operatora drona.","breadcrumb":{"@id":"https:\/\/ironsky.pl\/sklep\/produkt\/obudowa-silikonowa-z-paskiem-sunnylife-do-insta360-go-3-go-3s-biala\/#breadcrumb"},"inLanguage":"pl-PL","potentialAction":[{"@type":"ReadAction","target":["https:\/\/ironsky.pl\/sklep\/produkt\/obudowa-silikonowa-z-paskiem-sunnylife-do-insta360-go-3-go-3s-biala\/"]}]},{"@type":"ImageObject","inLanguage":"pl-PL","@id":"https:\/\/ironsky.pl\/sklep\/produkt\/obudowa-silikonowa-z-paskiem-sunnylife-do-insta360-go-3-go-3s-biala\/#primaryimage","url":"https:\/\/ironsky.pl\/sklep\/wp-content\/uploads\/2024\/09\/33383_1.jpg","contentUrl":"https:\/\/ironsky.pl\/sklep\/wp-content\/uploads\/2024\/09\/33383_1.jpg","width":800,"height":800},{"@type":"BreadcrumbList","@id":"https:\/\/ironsky.pl\/sklep\/produkt\/obudowa-silikonowa-z-paskiem-sunnylife-do-insta360-go-3-go-3s-biala\/#breadcrumb","itemListElement":[{"@type":"ListItem","position":1,"name":"Strona g\u0142\u00f3wna","item":"https:\/\/ironsky.pl\/sklep\/"},{"@type":"ListItem","position":2,"name":"Wszystkie produkty","item":"https:\/\/ironsky.pl\/sklep\/produkty\/"},{"@type":"ListItem","position":3,"name":"Obudowa silikonowa z paskiem Sunnylife do Insta360 GO 3 \/ GO 3S (bia\u0142a)"}]},{"@type":"WebSite","@id":"https:\/\/ironsky.pl\/sklep\/#website","url":"https:\/\/ironsky.pl\/sklep\/","name":"IRONSKY.PL Sklep z Dronami","description":"IRONSKY.PL Sklep z Dronami","potentialAction":[{"@type":"SearchAction","target":{"@type":"EntryPoint","urlTemplate":"https:\/\/ironsky.pl\/sklep\/?s={search_term_string}"},"query-input":{"@type":"PropertyValueSpecification","valueRequired":true,"valueName":"search_term_string"}}],"inLanguage":"pl-PL"}]}},"_links":{"self":[{"href":"https:\/\/ironsky.pl\/sklep\/wp-json\/wp\/v2\/product\/24823","targetHints":{"allow":["GET"]}}],"collection":[{"href":"https:\/\/ironsky.pl\/sklep\/wp-json\/wp\/v2\/product"}],"about":[{"href":"https:\/\/ironsky.pl\/sklep\/wp-json\/wp\/v2\/types\/product"}],"replies":[{"embeddable":true,"href":"https:\/\/ironsky.pl\/sklep\/wp-json\/wp\/v2\/comments?post=24823"}],"wp:featuredmedia":[{"embeddable":true,"href":"https:\/\/ironsky.pl\/sklep\/wp-json\/wp\/v2\/media\/24824"}],"wp:attachment":[{"href":"https:\/\/ironsky.pl\/sklep\/wp-json\/wp\/v2\/media?parent=24823"}],"wp:term":[{"taxonomy":"product_brand","embeddable":true,"href":"https:\/\/ironsky.pl\/sklep\/wp-json\/wp\/v2\/product_brand?post=24823"},{"taxonomy":"product_cat","embeddable":true,"href":"https:\/\/ironsky.pl\/sklep\/wp-json\/wp\/v2\/product_cat?post=24823"},{"taxonomy":"product_tag","embeddable":true,"href":"https:\/\/ironsky.pl\/sklep\/wp-json\/wp\/v2\/product_tag?post=24823"}],"curies":[{"name":"wp","href":"https:\/\/api.w.org\/{rel}","templated":true}]}}