{"id":24802,"date":"2024-09-16T19:10:33","date_gmt":"2024-09-16T17:10:33","guid":{"rendered":"http:\/\/gvshalph.pro-linuxpl.com\/ironskyprodukty\/produkt\/pudelko-do-przechowywania-maski-do-nurkowania-telesin-gp-div-box\/"},"modified":"2026-03-05T15:51:20","modified_gmt":"2026-03-05T14:51:20","slug":"pudelko-do-przechowywania-maski-do-nurkowania-telesin-gp-div-box","status":"publish","type":"product","link":"https:\/\/ironsky.pl\/sklep\/produkt\/pudelko-do-przechowywania-maski-do-nurkowania-telesin-gp-div-box\/","title":{"rendered":"Pude\u0142ko do przechowywania maski do nurkowania Telesin (GP-DIV-BOX)"},"content":{"rendered":"<h3>Etui do przechowywania maski do nurkowania Telesin (GP-DIV-BOX)<\/h3>\n<p>Lubisz odkrywa\u0107 podwodny \u015bwiat? Postaw na propozycj\u0119 Telesin i wyposa\u017c si\u0119 w etui, kt\u00f3re umo\u017cliwi Ci wygodne i bezpieczne przechowywanie Twojej maski do nurkowania. Akcesorium stanowi niezb\u0119dny dodatek wszystkich pasjonat\u00f3w podwodnych przyg\u00f3d. Wykonane zosta\u0142o wytrzyma\u0142ego materia\u0142u EVA, dzi\u0119ki czemu doskonale chroni Twoj\u0105 mask\u0119 przed wilgoci\u0105, kurzem i uszkodzeniami podczas przechowywania i transportu. W efekcie mo\u017cesz cieszy\u0107 si\u0119 doskona\u0142ym stanem produktu przez wiele lat. Uwaga: maska nie stanowi cz\u0119\u015bci zestawu i nale\u017cy naby\u0107 j\u0105 oddzielnie.<\/p>\n<p><img decoding=\"async\" src=\"https:\/\/b2b.innpro.pl\/data\/include\/cms\/Telesin\/GP-DIV-BOX\/5.jpg\" border=\"0\" alt=\"Telesin\/GP-DIV-BOX\/5\" \/><\/p>\n<div class=\"table-wrapper\">\n<table>\n<tbody>\n<tr>\n<th>Producent<\/th>\n<td>Telesin<\/td>\n<\/tr>\n<tr>\n<th>Model<\/th>\n<td>GP-DIV-BOX<\/td>\n<\/tr>\n<tr>\n<th>Materia\u0142<\/th>\n<td>EVA<\/td>\n<\/tr>\n<\/tbody>\n<\/table>\n<\/div>\n","protected":false},"excerpt":{"rendered":"<p>Etui do przechowywania maski do nurkowania Telesin (GP-DIV-BOX) Lubisz odkrywa\u0107 podwodny \u015bwiat? Postaw na propozycj\u0119 Telesin i wyposa\u017c si\u0119 w<\/p>\n","protected":false},"featured_media":24803,"comment_status":"closed","ping_status":"open","template":"","meta":{"_acf_changed":false},"product_brand":[],"product_cat":[1130,1128,1150],"product_tag":[],"class_list":{"0":"post-24802","1":"product","2":"type-product","3":"status-publish","4":"has-post-thumbnail","6":"product_cat-akcesoria-foto","7":"product_cat-foto-wideo","8":"product_cat-pozostale","9":"pa_box-height-1393","10":"pa_box-length-1507","11":"pa_box-width-4377","12":"pa_gross-weight-2103","13":"pa_hs-code-2553","14":"pa_net-weight-1850","16":"first","17":"outofstock","18":"taxable","19":"shipping-taxable","20":"purchasable","21":"product-type-simple"},"acf":[],"yoast_head":"<!-- This site is optimized with the Yoast SEO plugin v27.2 - https:\/\/yoast.com\/product\/yoast-seo-wordpress\/ -->\n<title>Pude\u0142ko do przechowywania maski do nurkowania Telesin (GP-DIV-BOX) - IRONSKY.PL Sklep z Dronami<\/title>\n<meta name=\"description\" content=\"Pude\u0142ko do przechowywania maski do nurkowania Telesin (GP-DIV-BOX) - \u2705 sklep z dronami i fachowym doradztwem. \u2705 Tutaj kupisz produkty DJI, Yuneec, Parrot, Syma i wiele innych, a tak\u017ce kursy i licencje na operatora drona.\" \/>\n<meta name=\"robots\" content=\"index, follow, max-snippet:-1, max-image-preview:large, max-video-preview:-1\" \/>\n<link rel=\"canonical\" href=\"https:\/\/ironsky.pl\/sklep\/produkt\/pudelko-do-przechowywania-maski-do-nurkowania-telesin-gp-div-box\/\" \/>\n<meta property=\"og:locale\" content=\"pl_PL\" \/>\n<meta property=\"og:type\" content=\"article\" \/>\n<meta property=\"og:title\" content=\"Pude\u0142ko do przechowywania maski do nurkowania Telesin (GP-DIV-BOX) - IRONSKY.PL Sklep z Dronami\" \/>\n<meta property=\"og:description\" content=\"Pude\u0142ko do przechowywania maski do nurkowania Telesin (GP-DIV-BOX) - \u2705 sklep z dronami i fachowym doradztwem. \u2705 Tutaj kupisz produkty DJI, Yuneec, Parrot, Syma i wiele innych, a tak\u017ce kursy i licencje na operatora drona.\" \/>\n<meta property=\"og:url\" content=\"https:\/\/ironsky.pl\/sklep\/produkt\/pudelko-do-przechowywania-maski-do-nurkowania-telesin-gp-div-box\/\" \/>\n<meta property=\"og:site_name\" content=\"IRONSKY.PL Sklep z Dronami\" \/>\n<meta property=\"article:modified_time\" content=\"2026-03-05T14:51:20+00:00\" \/>\n<meta property=\"og:image\" content=\"https:\/\/ironsky.pl\/sklep\/wp-content\/uploads\/2024\/09\/33369_2.jpg\" \/>\n\t<meta property=\"og:image:width\" content=\"800\" \/>\n\t<meta property=\"og:image:height\" content=\"800\" \/>\n\t<meta property=\"og:image:type\" content=\"image\/jpeg\" \/>\n<meta name=\"twitter:card\" content=\"summary_large_image\" \/>\n<meta name=\"twitter:label1\" content=\"Szacowany czas czytania\" \/>\n\t<meta name=\"twitter:data1\" content=\"1 minuta\" \/>\n<script type=\"application\/ld+json\" class=\"yoast-schema-graph\">{\"@context\":\"https:\/\/schema.org\",\"@graph\":[{\"@type\":\"WebPage\",\"@id\":\"https:\/\/ironsky.pl\/sklep\/produkt\/pudelko-do-przechowywania-maski-do-nurkowania-telesin-gp-div-box\/\",\"url\":\"https:\/\/ironsky.pl\/sklep\/produkt\/pudelko-do-przechowywania-maski-do-nurkowania-telesin-gp-div-box\/\",\"name\":\"Pude\u0142ko do przechowywania maski do nurkowania Telesin (GP-DIV-BOX) - IRONSKY.PL Sklep z Dronami\",\"isPartOf\":{\"@id\":\"https:\/\/ironsky.pl\/sklep\/#website\"},\"primaryImageOfPage\":{\"@id\":\"https:\/\/ironsky.pl\/sklep\/produkt\/pudelko-do-przechowywania-maski-do-nurkowania-telesin-gp-div-box\/#primaryimage\"},\"image\":{\"@id\":\"https:\/\/ironsky.pl\/sklep\/produkt\/pudelko-do-przechowywania-maski-do-nurkowania-telesin-gp-div-box\/#primaryimage\"},\"thumbnailUrl\":\"https:\/\/ironsky.pl\/sklep\/wp-content\/uploads\/2024\/09\/33369_2.jpg\",\"datePublished\":\"2024-09-16T17:10:33+00:00\",\"dateModified\":\"2026-03-05T14:51:20+00:00\",\"description\":\"Pude\u0142ko do przechowywania maski do nurkowania Telesin (GP-DIV-BOX) - \u2705 sklep z dronami i fachowym doradztwem. \u2705 Tutaj kupisz produkty DJI, Yuneec, Parrot, Syma i wiele innych, a tak\u017ce kursy i licencje na operatora drona.\",\"breadcrumb\":{\"@id\":\"https:\/\/ironsky.pl\/sklep\/produkt\/pudelko-do-przechowywania-maski-do-nurkowania-telesin-gp-div-box\/#breadcrumb\"},\"inLanguage\":\"pl-PL\",\"potentialAction\":[{\"@type\":\"ReadAction\",\"target\":[\"https:\/\/ironsky.pl\/sklep\/produkt\/pudelko-do-przechowywania-maski-do-nurkowania-telesin-gp-div-box\/\"]}]},{\"@type\":\"ImageObject\",\"inLanguage\":\"pl-PL\",\"@id\":\"https:\/\/ironsky.pl\/sklep\/produkt\/pudelko-do-przechowywania-maski-do-nurkowania-telesin-gp-div-box\/#primaryimage\",\"url\":\"https:\/\/ironsky.pl\/sklep\/wp-content\/uploads\/2024\/09\/33369_2.jpg\",\"contentUrl\":\"https:\/\/ironsky.pl\/sklep\/wp-content\/uploads\/2024\/09\/33369_2.jpg\",\"width\":800,\"height\":800},{\"@type\":\"BreadcrumbList\",\"@id\":\"https:\/\/ironsky.pl\/sklep\/produkt\/pudelko-do-przechowywania-maski-do-nurkowania-telesin-gp-div-box\/#breadcrumb\",\"itemListElement\":[{\"@type\":\"ListItem\",\"position\":1,\"name\":\"Strona g\u0142\u00f3wna\",\"item\":\"https:\/\/ironsky.pl\/sklep\/\"},{\"@type\":\"ListItem\",\"position\":2,\"name\":\"Wszystkie produkty\",\"item\":\"https:\/\/ironsky.pl\/sklep\/produkty\/\"},{\"@type\":\"ListItem\",\"position\":3,\"name\":\"Pude\u0142ko do przechowywania maski do nurkowania Telesin (GP-DIV-BOX)\"}]},{\"@type\":\"WebSite\",\"@id\":\"https:\/\/ironsky.pl\/sklep\/#website\",\"url\":\"https:\/\/ironsky.pl\/sklep\/\",\"name\":\"IRONSKY.PL Sklep z Dronami\",\"description\":\"IRONSKY.PL Sklep z Dronami\",\"potentialAction\":[{\"@type\":\"SearchAction\",\"target\":{\"@type\":\"EntryPoint\",\"urlTemplate\":\"https:\/\/ironsky.pl\/sklep\/?s={search_term_string}\"},\"query-input\":{\"@type\":\"PropertyValueSpecification\",\"valueRequired\":true,\"valueName\":\"search_term_string\"}}],\"inLanguage\":\"pl-PL\"}]}<\/script>\n<!-- \/ Yoast SEO plugin. -->","yoast_head_json":{"title":"Pude\u0142ko do przechowywania maski do nurkowania Telesin (GP-DIV-BOX) - IRONSKY.PL Sklep z Dronami","description":"Pude\u0142ko do przechowywania maski do nurkowania Telesin (GP-DIV-BOX) - \u2705 sklep z dronami i fachowym doradztwem. \u2705 Tutaj kupisz produkty DJI, Yuneec, Parrot, Syma i wiele innych, a tak\u017ce kursy i licencje na operatora drona.","robots":{"index":"index","follow":"follow","max-snippet":"max-snippet:-1","max-image-preview":"max-image-preview:large","max-video-preview":"max-video-preview:-1"},"canonical":"https:\/\/ironsky.pl\/sklep\/produkt\/pudelko-do-przechowywania-maski-do-nurkowania-telesin-gp-div-box\/","og_locale":"pl_PL","og_type":"article","og_title":"Pude\u0142ko do przechowywania maski do nurkowania Telesin (GP-DIV-BOX) - IRONSKY.PL Sklep z Dronami","og_description":"Pude\u0142ko do przechowywania maski do nurkowania Telesin (GP-DIV-BOX) - \u2705 sklep z dronami i fachowym doradztwem. \u2705 Tutaj kupisz produkty DJI, Yuneec, Parrot, Syma i wiele innych, a tak\u017ce kursy i licencje na operatora drona.","og_url":"https:\/\/ironsky.pl\/sklep\/produkt\/pudelko-do-przechowywania-maski-do-nurkowania-telesin-gp-div-box\/","og_site_name":"IRONSKY.PL Sklep z Dronami","article_modified_time":"2026-03-05T14:51:20+00:00","og_image":[{"width":800,"height":800,"url":"https:\/\/ironsky.pl\/sklep\/wp-content\/uploads\/2024\/09\/33369_2.jpg","type":"image\/jpeg"}],"twitter_card":"summary_large_image","twitter_misc":{"Szacowany czas czytania":"1 minuta"},"schema":{"@context":"https:\/\/schema.org","@graph":[{"@type":"WebPage","@id":"https:\/\/ironsky.pl\/sklep\/produkt\/pudelko-do-przechowywania-maski-do-nurkowania-telesin-gp-div-box\/","url":"https:\/\/ironsky.pl\/sklep\/produkt\/pudelko-do-przechowywania-maski-do-nurkowania-telesin-gp-div-box\/","name":"Pude\u0142ko do przechowywania maski do nurkowania Telesin (GP-DIV-BOX) - IRONSKY.PL Sklep z Dronami","isPartOf":{"@id":"https:\/\/ironsky.pl\/sklep\/#website"},"primaryImageOfPage":{"@id":"https:\/\/ironsky.pl\/sklep\/produkt\/pudelko-do-przechowywania-maski-do-nurkowania-telesin-gp-div-box\/#primaryimage"},"image":{"@id":"https:\/\/ironsky.pl\/sklep\/produkt\/pudelko-do-przechowywania-maski-do-nurkowania-telesin-gp-div-box\/#primaryimage"},"thumbnailUrl":"https:\/\/ironsky.pl\/sklep\/wp-content\/uploads\/2024\/09\/33369_2.jpg","datePublished":"2024-09-16T17:10:33+00:00","dateModified":"2026-03-05T14:51:20+00:00","description":"Pude\u0142ko do przechowywania maski do nurkowania Telesin (GP-DIV-BOX) - \u2705 sklep z dronami i fachowym doradztwem. \u2705 Tutaj kupisz produkty DJI, Yuneec, Parrot, Syma i wiele innych, a tak\u017ce kursy i licencje na operatora drona.","breadcrumb":{"@id":"https:\/\/ironsky.pl\/sklep\/produkt\/pudelko-do-przechowywania-maski-do-nurkowania-telesin-gp-div-box\/#breadcrumb"},"inLanguage":"pl-PL","potentialAction":[{"@type":"ReadAction","target":["https:\/\/ironsky.pl\/sklep\/produkt\/pudelko-do-przechowywania-maski-do-nurkowania-telesin-gp-div-box\/"]}]},{"@type":"ImageObject","inLanguage":"pl-PL","@id":"https:\/\/ironsky.pl\/sklep\/produkt\/pudelko-do-przechowywania-maski-do-nurkowania-telesin-gp-div-box\/#primaryimage","url":"https:\/\/ironsky.pl\/sklep\/wp-content\/uploads\/2024\/09\/33369_2.jpg","contentUrl":"https:\/\/ironsky.pl\/sklep\/wp-content\/uploads\/2024\/09\/33369_2.jpg","width":800,"height":800},{"@type":"BreadcrumbList","@id":"https:\/\/ironsky.pl\/sklep\/produkt\/pudelko-do-przechowywania-maski-do-nurkowania-telesin-gp-div-box\/#breadcrumb","itemListElement":[{"@type":"ListItem","position":1,"name":"Strona g\u0142\u00f3wna","item":"https:\/\/ironsky.pl\/sklep\/"},{"@type":"ListItem","position":2,"name":"Wszystkie produkty","item":"https:\/\/ironsky.pl\/sklep\/produkty\/"},{"@type":"ListItem","position":3,"name":"Pude\u0142ko do przechowywania maski do nurkowania Telesin (GP-DIV-BOX)"}]},{"@type":"WebSite","@id":"https:\/\/ironsky.pl\/sklep\/#website","url":"https:\/\/ironsky.pl\/sklep\/","name":"IRONSKY.PL Sklep z Dronami","description":"IRONSKY.PL Sklep z Dronami","potentialAction":[{"@type":"SearchAction","target":{"@type":"EntryPoint","urlTemplate":"https:\/\/ironsky.pl\/sklep\/?s={search_term_string}"},"query-input":{"@type":"PropertyValueSpecification","valueRequired":true,"valueName":"search_term_string"}}],"inLanguage":"pl-PL"}]}},"_links":{"self":[{"href":"https:\/\/ironsky.pl\/sklep\/wp-json\/wp\/v2\/product\/24802","targetHints":{"allow":["GET"]}}],"collection":[{"href":"https:\/\/ironsky.pl\/sklep\/wp-json\/wp\/v2\/product"}],"about":[{"href":"https:\/\/ironsky.pl\/sklep\/wp-json\/wp\/v2\/types\/product"}],"replies":[{"embeddable":true,"href":"https:\/\/ironsky.pl\/sklep\/wp-json\/wp\/v2\/comments?post=24802"}],"wp:featuredmedia":[{"embeddable":true,"href":"https:\/\/ironsky.pl\/sklep\/wp-json\/wp\/v2\/media\/24803"}],"wp:attachment":[{"href":"https:\/\/ironsky.pl\/sklep\/wp-json\/wp\/v2\/media?parent=24802"}],"wp:term":[{"taxonomy":"product_brand","embeddable":true,"href":"https:\/\/ironsky.pl\/sklep\/wp-json\/wp\/v2\/product_brand?post=24802"},{"taxonomy":"product_cat","embeddable":true,"href":"https:\/\/ironsky.pl\/sklep\/wp-json\/wp\/v2\/product_cat?post=24802"},{"taxonomy":"product_tag","embeddable":true,"href":"https:\/\/ironsky.pl\/sklep\/wp-json\/wp\/v2\/product_tag?post=24802"}],"curies":[{"name":"wp","href":"https:\/\/api.w.org\/{rel}","templated":true}]}}