{"id":24786,"date":"2024-09-16T19:10:33","date_gmt":"2024-09-16T17:10:33","guid":{"rendered":"http:\/\/gvshalph.pro-linuxpl.com\/ironskyprodukty\/produkt\/statyw-insta360-sumo-stand-pro2-titan\/"},"modified":"2026-03-05T15:51:20","modified_gmt":"2026-03-05T14:51:20","slug":"statyw-insta360-sumo-stand-pro2-titan","status":"publish","type":"product","link":"https:\/\/ironsky.pl\/sklep\/produkt\/statyw-insta360-sumo-stand-pro2-titan\/","title":{"rendered":"Statyw Insta360 Sumo Stand (Pro2, Titan)"},"content":{"rendered":"<style type=\"text\/css\"><!--\ntd {border: 1px solid #cccccc;}br {mso-data-placement:same-cell;}\n--><\/style>\n<h3><span data-sheets-root=\"1\" data-sheets-value=\"{&quot;1&quot;:2,&quot;2&quot;:&quot;Statyw Insta360 Sumo Stand (Pro2, Titan)&quot;}\" data-sheets-userformat=\"{&quot;2&quot;:15107,&quot;3&quot;:{&quot;1&quot;:0},&quot;4&quot;:{&quot;1&quot;:2,&quot;2&quot;:16777215},&quot;11&quot;:4,&quot;12&quot;:0,&quot;14&quot;:{&quot;1&quot;:2,&quot;2&quot;:2764340},&quot;15&quot;:&quot;inherit&quot;,&quot;16&quot;:11}\">Statyw Insta360 Sumo Stand (Pro2, Titan)<\/span><\/h3>\n<p>Statyw Insta360 Sumo Stand u\u0142atwi Ci nagrywanie profesjonalnych uj\u0119\u0107. Wyr\u00f3\u017cnia si\u0119 wyj\u0105tkow\u0105 stabilno\u015bci\u0105, a jednocze\u015bnie jest bardzo prosty w transporcie \u2013 bez problemu zabierzesz go w plener lub na plan filmowy. Mo\u017cesz te\u017c regulowa\u0107 rozstaw jego n\u00f3\u017cek oraz demontowa\u0107 jego centraln\u0105 cz\u0119\u015b\u0107 i wykorzystywa\u0107 na przyk\u0142ad w roli selfie sticka. Produkt jest kompatybilny z kamerami Insta360 Pro, Pro 2 oraz Titan.<\/p>\n<p><img decoding=\"async\" src=\"https:\/\/b2b.innpro.pl\/data\/include\/cms\/Insta360\/Sumo-Stand-Pro-2-Titan\/2.jpg\" border=\"0\" alt=\"Insta360\/Sumo-Stand-Pro-2-Titan\/2\" \/><\/p>\n<h3>Dostosowany do Twoich potrzeb<\/h3>\n<p>Przygotuj si\u0119 na ka\u017cdy scenariusz. Statyw Sumo Stand umo\u017cliwia wygodn\u0105 regulacj\u0119 rozstawu n\u00f3\u017cek, mo\u017cesz wi\u0119c bez trudu ustawi\u0107 kamer\u0119 na wybranej wysoko\u015bci. Dost\u0119pne s\u0105 tak\u017ce interfejsy monta\u017cowe 1\/4&#8243; i 3\/8&#8243;, kt\u00f3re pozwalaj\u0105 na instalacj\u0119 dodatkowych akcesori\u00f3w. To jednak nie koniec! Wbudowany system blokady i wygodne w u\u017cyciu pokr\u0119t\u0142o u\u0142atwiaj\u0105 wysuwanie i chowanie n\u00f3\u017cek statywu.<\/p>\n<p><img decoding=\"async\" src=\"https:\/\/b2b.innpro.pl\/data\/include\/cms\/Insta360\/Sumo-Stand-Pro-2-Titan\/3.jpg\" border=\"0\" alt=\"Insta360\/Sumo-Stand-Pro-2-Titan\/3\" \/><\/p>\n<h3>Niezr\u00f3wnana stabilno\u015b\u0107<\/h3>\n<p>Sumo Stand wyr\u00f3\u017cnia si\u0119 starannie przemy\u015blan\u0105, stabiln\u0105 konstrukcj\u0105 \u2013 nie b\u0119dzie si\u0119 chwia\u0107 ani przewraca\u0107. \u015arednica jego n\u00f3\u017cek wynosi maksymalnie 33 mm, a do jego wykonania zastosowano wytrzyma\u0142e w\u0142\u00f3kno w\u0119glowe. Ponadto wbudowana poziomica u\u0142atwia prawid\u0142owe ustawienie statywu. Na uwag\u0119 zas\u0142uguje tak\u017ce specjalny metalowy haczyk, kt\u00f3ry umo\u017cliwia dodatkowe obci\u0105\u017cenie akcesorium, a co za tym idzie zwi\u0119kszenie jego stabilno\u015bci. Mo\u017cesz te\u017c dostosowa\u0107 zako\u0144czenia n\u00f3\u017cek do swoich potrzeb i powierzchni, na kt\u00f3rej chcesz ustawi\u0107 statyw \u2013 do dyspozycji masz gum\u0119, kolce oraz stal.<\/p>\n<p><img decoding=\"async\" src=\"https:\/\/b2b.innpro.pl\/data\/include\/cms\/Insta360\/Sumo-Stand-Pro-2-Titan\/1.jpg\" border=\"0\" alt=\"Insta360\/Sumo-Stand-Pro-2-Titan\/1\" \/><\/p>\n<h3>W zestawie<\/h3>\n<ul>\n<li>Statyw<\/li>\n<li>Kolumna centralna<\/li>\n<li>Platformy monta\u017cowe<\/li>\n<li>Gwo\u017adzie<\/li>\n<li>Klucz imbusowy<\/li>\n<li>Torba do przechowywania<\/li>\n<\/ul>\n<div class=\"table-wrapper\">\n<table>\n<tbody>\n<tr>\n<th>Producent<\/th>\n<td>Insta360<\/td>\n<\/tr>\n<tr>\n<th>Nazwa<\/th>\n<td>Insta360 Sumo Stand<\/td>\n<\/tr>\n<tr>\n<th>Model<\/th>\n<td>DINSSFP\/A<\/td>\n<\/tr>\n<tr>\n<th>Kolor<\/th>\n<td>Czarny<\/td>\n<\/tr>\n<tr>\n<th>Kompatybilno\u015b\u0107<\/th>\n<td>Insta360 Pro, Insta360 Pro 2, Insta360 Titan<\/td>\n<\/tr>\n<tr>\n<th>Materia\u0142<\/th>\n<td>W\u0142\u00f3kno w\u0119glowe<\/td>\n<\/tr>\n<tr>\n<th>Waga<\/th>\n<td>2,15 kg<\/td>\n<\/tr>\n<tr>\n<th>Dost\u0119pne sekcje<\/th>\n<td>N\u00f3\u017cki: 2 sekcje;<br \/>Kolumna centralna: 4 sekcje;<\/td>\n<\/tr>\n<tr>\n<th>Wysoko\u015b\u0107<\/th>\n<td>625 mm (statyw) \/ 620 mm (kolumna centralna)<\/td>\n<\/tr>\n<tr>\n<th>Rozmiar \u015brub<\/th>\n<td>1\/4&#8243; i 3\/8&#8243;<\/td>\n<\/tr>\n<tr>\n<th>K\u0105ty regulacji n\u00f3\u017cek<\/th>\n<td>24\u00b0, 50\u00b0, 80\u00b0<\/td>\n<\/tr>\n<tr>\n<th>Wysoko\u015b\u0107<\/th>\n<td>Maks. 2995 mm, min. 769 mm<\/td>\n<\/tr>\n<\/tbody>\n<\/table>\n<\/div>\n","protected":false},"excerpt":{"rendered":"<p>Statyw Insta360 Sumo Stand (Pro2, Titan) Statyw Insta360 Sumo Stand u\u0142atwi Ci nagrywanie profesjonalnych uj\u0119\u0107. Wyr\u00f3\u017cnia si\u0119 wyj\u0105tkow\u0105 stabilno\u015bci\u0105, a<\/p>\n","protected":false},"featured_media":24787,"comment_status":"closed","ping_status":"open","template":"","meta":{"_acf_changed":false},"product_brand":[],"product_cat":[1130,1137,1128],"product_tag":[],"class_list":{"0":"post-24786","1":"product","2":"type-product","3":"status-publish","4":"has-post-thumbnail","6":"product_cat-akcesoria-foto","7":"product_cat-do-kamer-sportowych","8":"product_cat-foto-wideo","9":"pa_box-height-1629","10":"pa_box-length-3106","11":"pa_box-width-1330","12":"pa_gross-weight-4360","13":"pa_hs-code-2032","14":"pa_kompatybilnosc-insta360","15":"pa_net-weight-3353","17":"first","18":"outofstock","19":"taxable","20":"shipping-taxable","21":"purchasable","22":"product-type-simple"},"acf":[],"yoast_head":"<!-- This site is optimized with the Yoast SEO plugin v27.2 - https:\/\/yoast.com\/product\/yoast-seo-wordpress\/ -->\n<title>Statyw Insta360 Sumo Stand (Pro2, Titan) - IRONSKY.PL Sklep z Dronami<\/title>\n<meta name=\"description\" content=\"Statyw Insta360 Sumo Stand (Pro2, Titan) - \u2705 sklep z dronami i fachowym doradztwem. \u2705 Tutaj kupisz produkty DJI, Yuneec, Parrot, Syma i wiele innych, a tak\u017ce kursy i licencje na operatora drona.\" \/>\n<meta name=\"robots\" content=\"index, follow, max-snippet:-1, max-image-preview:large, max-video-preview:-1\" \/>\n<link rel=\"canonical\" href=\"https:\/\/ironsky.pl\/sklep\/produkt\/statyw-insta360-sumo-stand-pro2-titan\/\" \/>\n<meta property=\"og:locale\" content=\"pl_PL\" \/>\n<meta property=\"og:type\" content=\"article\" \/>\n<meta property=\"og:title\" content=\"Statyw Insta360 Sumo Stand (Pro2, Titan) - IRONSKY.PL Sklep z Dronami\" \/>\n<meta property=\"og:description\" content=\"Statyw Insta360 Sumo Stand (Pro2, Titan) - \u2705 sklep z dronami i fachowym doradztwem. \u2705 Tutaj kupisz produkty DJI, Yuneec, Parrot, Syma i wiele innych, a tak\u017ce kursy i licencje na operatora drona.\" \/>\n<meta property=\"og:url\" content=\"https:\/\/ironsky.pl\/sklep\/produkt\/statyw-insta360-sumo-stand-pro2-titan\/\" \/>\n<meta property=\"og:site_name\" content=\"IRONSKY.PL Sklep z Dronami\" \/>\n<meta property=\"article:modified_time\" content=\"2026-03-05T14:51:20+00:00\" \/>\n<meta property=\"og:image\" content=\"https:\/\/ironsky.pl\/sklep\/wp-content\/uploads\/2024\/09\/33290_1.jpg\" \/>\n\t<meta property=\"og:image:width\" content=\"800\" \/>\n\t<meta property=\"og:image:height\" content=\"800\" \/>\n\t<meta property=\"og:image:type\" content=\"image\/jpeg\" \/>\n<meta name=\"twitter:card\" content=\"summary_large_image\" \/>\n<meta name=\"twitter:label1\" content=\"Szacowany czas czytania\" \/>\n\t<meta name=\"twitter:data1\" content=\"2 minuty\" \/>\n<script type=\"application\/ld+json\" class=\"yoast-schema-graph\">{\"@context\":\"https:\/\/schema.org\",\"@graph\":[{\"@type\":\"WebPage\",\"@id\":\"https:\/\/ironsky.pl\/sklep\/produkt\/statyw-insta360-sumo-stand-pro2-titan\/\",\"url\":\"https:\/\/ironsky.pl\/sklep\/produkt\/statyw-insta360-sumo-stand-pro2-titan\/\",\"name\":\"Statyw Insta360 Sumo Stand (Pro2, Titan) - IRONSKY.PL Sklep z Dronami\",\"isPartOf\":{\"@id\":\"https:\/\/ironsky.pl\/sklep\/#website\"},\"primaryImageOfPage\":{\"@id\":\"https:\/\/ironsky.pl\/sklep\/produkt\/statyw-insta360-sumo-stand-pro2-titan\/#primaryimage\"},\"image\":{\"@id\":\"https:\/\/ironsky.pl\/sklep\/produkt\/statyw-insta360-sumo-stand-pro2-titan\/#primaryimage\"},\"thumbnailUrl\":\"https:\/\/ironsky.pl\/sklep\/wp-content\/uploads\/2024\/09\/33290_1.jpg\",\"datePublished\":\"2024-09-16T17:10:33+00:00\",\"dateModified\":\"2026-03-05T14:51:20+00:00\",\"description\":\"Statyw Insta360 Sumo Stand (Pro2, Titan) - \u2705 sklep z dronami i fachowym doradztwem. \u2705 Tutaj kupisz produkty DJI, Yuneec, Parrot, Syma i wiele innych, a tak\u017ce kursy i licencje na operatora drona.\",\"breadcrumb\":{\"@id\":\"https:\/\/ironsky.pl\/sklep\/produkt\/statyw-insta360-sumo-stand-pro2-titan\/#breadcrumb\"},\"inLanguage\":\"pl-PL\",\"potentialAction\":[{\"@type\":\"ReadAction\",\"target\":[\"https:\/\/ironsky.pl\/sklep\/produkt\/statyw-insta360-sumo-stand-pro2-titan\/\"]}]},{\"@type\":\"ImageObject\",\"inLanguage\":\"pl-PL\",\"@id\":\"https:\/\/ironsky.pl\/sklep\/produkt\/statyw-insta360-sumo-stand-pro2-titan\/#primaryimage\",\"url\":\"https:\/\/ironsky.pl\/sklep\/wp-content\/uploads\/2024\/09\/33290_1.jpg\",\"contentUrl\":\"https:\/\/ironsky.pl\/sklep\/wp-content\/uploads\/2024\/09\/33290_1.jpg\",\"width\":800,\"height\":800},{\"@type\":\"BreadcrumbList\",\"@id\":\"https:\/\/ironsky.pl\/sklep\/produkt\/statyw-insta360-sumo-stand-pro2-titan\/#breadcrumb\",\"itemListElement\":[{\"@type\":\"ListItem\",\"position\":1,\"name\":\"Strona g\u0142\u00f3wna\",\"item\":\"https:\/\/ironsky.pl\/sklep\/\"},{\"@type\":\"ListItem\",\"position\":2,\"name\":\"Wszystkie produkty\",\"item\":\"https:\/\/ironsky.pl\/sklep\/produkty\/\"},{\"@type\":\"ListItem\",\"position\":3,\"name\":\"Statyw Insta360 Sumo Stand (Pro2, Titan)\"}]},{\"@type\":\"WebSite\",\"@id\":\"https:\/\/ironsky.pl\/sklep\/#website\",\"url\":\"https:\/\/ironsky.pl\/sklep\/\",\"name\":\"IRONSKY.PL Sklep z Dronami\",\"description\":\"IRONSKY.PL Sklep z Dronami\",\"potentialAction\":[{\"@type\":\"SearchAction\",\"target\":{\"@type\":\"EntryPoint\",\"urlTemplate\":\"https:\/\/ironsky.pl\/sklep\/?s={search_term_string}\"},\"query-input\":{\"@type\":\"PropertyValueSpecification\",\"valueRequired\":true,\"valueName\":\"search_term_string\"}}],\"inLanguage\":\"pl-PL\"}]}<\/script>\n<!-- \/ Yoast SEO plugin. -->","yoast_head_json":{"title":"Statyw Insta360 Sumo Stand (Pro2, Titan) - IRONSKY.PL Sklep z Dronami","description":"Statyw Insta360 Sumo Stand (Pro2, Titan) - \u2705 sklep z dronami i fachowym doradztwem. \u2705 Tutaj kupisz produkty DJI, Yuneec, Parrot, Syma i wiele innych, a tak\u017ce kursy i licencje na operatora drona.","robots":{"index":"index","follow":"follow","max-snippet":"max-snippet:-1","max-image-preview":"max-image-preview:large","max-video-preview":"max-video-preview:-1"},"canonical":"https:\/\/ironsky.pl\/sklep\/produkt\/statyw-insta360-sumo-stand-pro2-titan\/","og_locale":"pl_PL","og_type":"article","og_title":"Statyw Insta360 Sumo Stand (Pro2, Titan) - IRONSKY.PL Sklep z Dronami","og_description":"Statyw Insta360 Sumo Stand (Pro2, Titan) - \u2705 sklep z dronami i fachowym doradztwem. \u2705 Tutaj kupisz produkty DJI, Yuneec, Parrot, Syma i wiele innych, a tak\u017ce kursy i licencje na operatora drona.","og_url":"https:\/\/ironsky.pl\/sklep\/produkt\/statyw-insta360-sumo-stand-pro2-titan\/","og_site_name":"IRONSKY.PL Sklep z Dronami","article_modified_time":"2026-03-05T14:51:20+00:00","og_image":[{"width":800,"height":800,"url":"https:\/\/ironsky.pl\/sklep\/wp-content\/uploads\/2024\/09\/33290_1.jpg","type":"image\/jpeg"}],"twitter_card":"summary_large_image","twitter_misc":{"Szacowany czas czytania":"2 minuty"},"schema":{"@context":"https:\/\/schema.org","@graph":[{"@type":"WebPage","@id":"https:\/\/ironsky.pl\/sklep\/produkt\/statyw-insta360-sumo-stand-pro2-titan\/","url":"https:\/\/ironsky.pl\/sklep\/produkt\/statyw-insta360-sumo-stand-pro2-titan\/","name":"Statyw Insta360 Sumo Stand (Pro2, Titan) - IRONSKY.PL Sklep z Dronami","isPartOf":{"@id":"https:\/\/ironsky.pl\/sklep\/#website"},"primaryImageOfPage":{"@id":"https:\/\/ironsky.pl\/sklep\/produkt\/statyw-insta360-sumo-stand-pro2-titan\/#primaryimage"},"image":{"@id":"https:\/\/ironsky.pl\/sklep\/produkt\/statyw-insta360-sumo-stand-pro2-titan\/#primaryimage"},"thumbnailUrl":"https:\/\/ironsky.pl\/sklep\/wp-content\/uploads\/2024\/09\/33290_1.jpg","datePublished":"2024-09-16T17:10:33+00:00","dateModified":"2026-03-05T14:51:20+00:00","description":"Statyw Insta360 Sumo Stand (Pro2, Titan) - \u2705 sklep z dronami i fachowym doradztwem. \u2705 Tutaj kupisz produkty DJI, Yuneec, Parrot, Syma i wiele innych, a tak\u017ce kursy i licencje na operatora drona.","breadcrumb":{"@id":"https:\/\/ironsky.pl\/sklep\/produkt\/statyw-insta360-sumo-stand-pro2-titan\/#breadcrumb"},"inLanguage":"pl-PL","potentialAction":[{"@type":"ReadAction","target":["https:\/\/ironsky.pl\/sklep\/produkt\/statyw-insta360-sumo-stand-pro2-titan\/"]}]},{"@type":"ImageObject","inLanguage":"pl-PL","@id":"https:\/\/ironsky.pl\/sklep\/produkt\/statyw-insta360-sumo-stand-pro2-titan\/#primaryimage","url":"https:\/\/ironsky.pl\/sklep\/wp-content\/uploads\/2024\/09\/33290_1.jpg","contentUrl":"https:\/\/ironsky.pl\/sklep\/wp-content\/uploads\/2024\/09\/33290_1.jpg","width":800,"height":800},{"@type":"BreadcrumbList","@id":"https:\/\/ironsky.pl\/sklep\/produkt\/statyw-insta360-sumo-stand-pro2-titan\/#breadcrumb","itemListElement":[{"@type":"ListItem","position":1,"name":"Strona g\u0142\u00f3wna","item":"https:\/\/ironsky.pl\/sklep\/"},{"@type":"ListItem","position":2,"name":"Wszystkie produkty","item":"https:\/\/ironsky.pl\/sklep\/produkty\/"},{"@type":"ListItem","position":3,"name":"Statyw Insta360 Sumo Stand (Pro2, Titan)"}]},{"@type":"WebSite","@id":"https:\/\/ironsky.pl\/sklep\/#website","url":"https:\/\/ironsky.pl\/sklep\/","name":"IRONSKY.PL Sklep z Dronami","description":"IRONSKY.PL Sklep z Dronami","potentialAction":[{"@type":"SearchAction","target":{"@type":"EntryPoint","urlTemplate":"https:\/\/ironsky.pl\/sklep\/?s={search_term_string}"},"query-input":{"@type":"PropertyValueSpecification","valueRequired":true,"valueName":"search_term_string"}}],"inLanguage":"pl-PL"}]}},"_links":{"self":[{"href":"https:\/\/ironsky.pl\/sklep\/wp-json\/wp\/v2\/product\/24786","targetHints":{"allow":["GET"]}}],"collection":[{"href":"https:\/\/ironsky.pl\/sklep\/wp-json\/wp\/v2\/product"}],"about":[{"href":"https:\/\/ironsky.pl\/sklep\/wp-json\/wp\/v2\/types\/product"}],"replies":[{"embeddable":true,"href":"https:\/\/ironsky.pl\/sklep\/wp-json\/wp\/v2\/comments?post=24786"}],"wp:featuredmedia":[{"embeddable":true,"href":"https:\/\/ironsky.pl\/sklep\/wp-json\/wp\/v2\/media\/24787"}],"wp:attachment":[{"href":"https:\/\/ironsky.pl\/sklep\/wp-json\/wp\/v2\/media?parent=24786"}],"wp:term":[{"taxonomy":"product_brand","embeddable":true,"href":"https:\/\/ironsky.pl\/sklep\/wp-json\/wp\/v2\/product_brand?post=24786"},{"taxonomy":"product_cat","embeddable":true,"href":"https:\/\/ironsky.pl\/sklep\/wp-json\/wp\/v2\/product_cat?post=24786"},{"taxonomy":"product_tag","embeddable":true,"href":"https:\/\/ironsky.pl\/sklep\/wp-json\/wp\/v2\/product_tag?post=24786"}],"curies":[{"name":"wp","href":"https:\/\/api.w.org\/{rel}","templated":true}]}}