{"id":24770,"date":"2024-09-16T19:10:33","date_gmt":"2024-09-16T17:10:33","guid":{"rendered":"http:\/\/gvshalph.pro-linuxpl.com\/ironskyprodukty\/produkt\/kamera-insta360-titan\/"},"modified":"2026-03-05T15:51:20","modified_gmt":"2026-03-05T14:51:20","slug":"kamera-insta360-titan","status":"publish","type":"product","link":"https:\/\/ironsky.pl\/sklep\/produkt\/kamera-insta360-titan\/","title":{"rendered":"Kamera Insta360 Titan"},"content":{"rendered":"<h3>Kamera Insta360 Titan<\/h3>\n<p>Insta360 Titan to innowacyjna kamera do nagrywania profesjonalnych film\u00f3w sferycznych. Oferuje maksymaln\u0105 rozdzielczo\u015b\u0107 nawet 11K i zosta\u0142a wyposa\u017cona w 8 matryc micro 4\/3, dzi\u0119ki czemu mo\u017ce zapewni\u0107 doskona\u0142\u0105 jako\u015b\u0107 obrazu i wyrazist\u0105 kolorystyk\u0119 w niemal ka\u017cdych warunkach. Umo\u017cliwia te\u017c prowadzenie transmisji na \u017cywo 360 VR i obs\u0142uguje niezawodn\u0105 technologi\u0119 stabilizacji FlowState, kt\u00f3ra gwarantuje niezr\u00f3wnan\u0105 p\u0142ynno\u015b\u0107 wideo. Mo\u017cesz r\u00f3wnie\u017c wygodnie edytowa\u0107 swoje materia\u0142y za pomoc\u0105 programu Adobe Premiere Pro. W oddzielnej sprzeda\u017cy dost\u0119pny jest tak\u017ce system Farsight, kt\u00f3ry umo\u017cliwia zdalne sterowanie i monitoring w czasie rzeczywistym.<\/p>\n<p><img decoding=\"async\" src=\"https:\/\/b2b.innpro.pl\/data\/include\/cms\/Insta360\/Titan\/3.jpg\" border=\"0\" alt=\"Insta360\/Titan\/3\" \/><\/p>\n<h3>Fantastyczna jako\u015b\u0107 obrazu<\/h3>\n<p>Model Insta360 Titan zosta\u0142 wyposa\u017cony w a\u017c 8 matryc micro 4\/3, kt\u00f3re gwarantuj\u0105 doskona\u0142\u0105 jako\u015b\u0107 obrazu, \u015bwietny zakres dynamiki i wi\u0119ksz\u0105 g\u0142\u0119bi\u0119 kolor\u00f3w. Dzi\u0119ki temu mo\u017cesz nagrywa\u0107 nasycone szczeg\u00f3\u0142ami filmy 11K (mono) i 10K 3D, a tak\u017ce robi\u0107 zdj\u0119cia 11K 360 w formatach 3D i monoskopowym. Odkryj nowe mo\u017cliwo\u015bci i wykorzystaj pe\u0142en potencja\u0142 kamer sferycznych!<\/p>\n<p><img decoding=\"async\" src=\"https:\/\/b2b.innpro.pl\/data\/include\/cms\/Insta360\/Titan\/7.jpg\" border=\"0\" alt=\"Insta360\/Titan\/7\" \/><\/p>\n<h3>Doskona\u0142o\u015b\u0107 o ka\u017cdej porze dnia<\/h3>\n<p>Filmy sferyczne nigdy nie wygl\u0105da\u0142y lepiej. Titan doskonale sprawdza si\u0119 nawet w s\u0142abych warunkach o\u015bwietleniowych i w nocy \u2013 mo\u017ce zapewni\u0107 wyrazisty, bogaty w szczeg\u00f3\u0142y obraz bez zb\u0119dnych szum\u00f3w przez ca\u0142\u0105 dob\u0119. Kamera obs\u0142uguje te\u017c tryb kolor\u00f3w 10-bit, kt\u00f3ry pozwala cieszy\u0107 si\u0119 wi\u0119kszym zakresem dynamiki i wiernie odwzorowanymi barwami.<\/p>\n<p><img decoding=\"async\" src=\"https:\/\/b2b.innpro.pl\/data\/include\/cms\/Insta360\/Titan\/1.jpg\" border=\"0\" alt=\"Insta360\/Titan\/1\" \/><\/p>\n<h3>Niezawodna stabilizacja<\/h3>\n<p>Titan zapewnia niezr\u00f3wnan\u0105 p\u0142ynno\u015b\u0107 nawet najbardziej dynamicznych uj\u0119\u0107. Jest to mo\u017cliwe dzi\u0119ki wbudowanemu 9-osiowemu \u017cyroskopowi oraz zaawansowanej technologii FlowState. Teraz z \u0142atwo\u015bci\u0105 stworzysz najwy\u017cszej jako\u015bci uj\u0119cia w ruchu \u2013 nie musisz korzysta\u0107 z dodatkowego gimbala!<\/p>\n<p><img decoding=\"async\" src=\"https:\/\/b2b.innpro.pl\/data\/include\/cms\/Insta360\/Titan\/6.jpg\" border=\"0\" alt=\"Insta360\/Titan\/6\" \/><\/p>\n<h3>Mo\u017cliwo\u015b\u0107 transmisji na \u017cywo<\/h3>\n<p>Kamera Insta360 Titan sprawdzi si\u0119 r\u00f3wnie\u017c podczas prowadzenia transmisji na \u017cywo w 360\u00b0. Umo\u017cliwia streamowanie w 8K\/30FPS i jednoczesne nagrywanie \u2013 przygotowany w ten spos\u00f3b materia\u0142 mo\u017cesz p\u00f3\u017aniej w ka\u017cdej chwili odtworzy\u0107. Co wi\u0119cej, zaawansowana technologia \u0142\u0105czenia wideo pozwala na prowadzenie transmisji na \u017cywo VR w 4K\/30FPS. Kamera obs\u0142uguje protoko\u0142y RTSP, RTMP, RTMPS i HLS. Uwaga: aby streamowa\u0107 w 8K\/30FPS wymagana jest odpowiednia licencja.<\/p>\n<p><img decoding=\"async\" src=\"https:\/\/b2b.innpro.pl\/data\/include\/cms\/Insta360\/Titan\/8.jpg\" border=\"0\" alt=\"Insta360\/Titan\/8\" \/><\/p>\n<h3>U\u0142atwiona edycja z Adobe Premiere Pro<\/h3>\n<p>Przygotowane za pomoc\u0105 kamery materia\u0142y mo\u017cesz wygodnie edytowa\u0107 przy u\u017cyciu Adobe Premiere Pro. Teraz wystarczy kilka chwil, aby zabra\u0107 si\u0119 do pracy \u2013 nie ma potrzeby wcze\u015bniejszego \u0142\u0105czenia materia\u0142\u00f3w. Zapomnij o przed\u0142u\u017caj\u0105cym si\u0119 oczekiwaniu i po\u015bwi\u0119\u0107 wi\u0119cej czasu na realizacj\u0119 swoich kreatywnych pomys\u0142\u00f3w!<\/p>\n<p><img decoding=\"async\" src=\"https:\/\/b2b.innpro.pl\/data\/include\/cms\/Insta360\/Titan\/4.jpg\" border=\"0\" alt=\"Insta360\/Titan\/4\" \/><\/p>\n<h3>W zestawie<\/h3>\n<ul>\n<li>Insta360 Titan<\/li>\n<li>Walizka na k\u00f3\u0142kach<\/li>\n<li>Akumulator (1000 mAh)<\/li>\n<li>Adapter DC<\/li>\n<li>Kabel AC<\/li>\n<li>Os\u0142ona ochronna obiektywu<\/li>\n<li>Adapter sieciowy Ethernet USB2.0 do 100 Mbps<\/li>\n<li>Kabel USB-C<\/li>\n<li>Adapter 1\/4\u2033 do 1\/4\u2033<\/li>\n<li>Antena<\/li>\n<\/ul>\n<div class=\"table-wrapper\">\n<table>\n<tbody>\n<tr>\n<th>Producent<\/th>\n<td>Insta360<\/td>\n<\/tr>\n<tr>\n<th>Nazwa<\/th>\n<td>Insta360 Titan<\/td>\n<\/tr>\n<tr>\n<th>Model<\/th>\n<td>TINTITA\/A<\/td>\n<\/tr>\n<tr>\n<th>\u015arednica<\/th>\n<td>228 mm<\/td>\n<\/tr>\n<tr>\n<th>Materia\u0142<\/th>\n<td>Stop aluminium<\/td>\n<\/tr>\n<tr>\n<th>Obiektywy<\/th>\n<td>8 x 200\u00b0 obiektyw rybie oko F3.2<\/td>\n<\/tr>\n<tr>\n<th>Rozdzielczo\u015b\u0107 zdj\u0119\u0107 (w czasie rzeczywistym, \u0142\u0105czenie w postprodukcji)<\/th>\n<td>10560 x 5280 (11K 2D);<br \/>10560 x 10560 (3D)<\/td>\n<\/tr>\n<tr>\n<th>Rozdzielczo\u015b\u0107 wideo (\u0142\u0105czenie w postprodukcji)<\/th>\n<td>10560 x 5280 @ 30FPS (11K 2D);<br \/>9600 x 9600 @ 30FPS (10K 3D);<br \/>7680 x 7680 @ 50FPS;<br \/>7680 x 3840 @ 60FPS;<br \/>5248 x 2624 @ 120FPS;<br \/>10560 x 5280 @ 5FPS (Google Street View);<\/td>\n<\/tr>\n<tr>\n<th>Wideo 10-bit<\/th>\n<td>7680 x 7680 @ 30FPS (8K 3D);<br \/>7680 x 3840 @ 30 FPS (8K 2D);<\/td>\n<\/tr>\n<tr>\n<th>\u0141\u0105czenie w czasie rzeczywistym<\/th>\n<td>3840 x 3840 @ 30FPS (4K 3D);<br \/>3840 x 1920 @ 30 FPS (4K 2D);<\/td>\n<\/tr>\n<tr>\n<th>Format zdj\u0119\u0107<\/th>\n<td>JPEG \/ DNG<\/td>\n<\/tr>\n<tr>\n<th>Format wideo<\/th>\n<td>MP4<\/td>\n<\/tr>\n<tr>\n<th>Kodeki wideo<\/th>\n<td>H.264 i H.265 w kamerze, Pro RES 422 HQ (dost\u0119pne podczas p\u00f3\u017aniejszego \u0142\u0105czenia)<\/td>\n<\/tr>\n<tr>\n<th>Tryby streamowania 4K<\/th>\n<td>Built-in Server \/ Custom Server<\/td>\n<\/tr>\n<tr>\n<th>Wyj\u015bcie HDMI (streamowanie 4K)<\/th>\n<td>4K 2D lub 3D @ 29,97FPS<\/td>\n<\/tr>\n<tr>\n<th>Protoko\u0142y (streamowanie 4K)<\/th>\n<td>RTMP, RTSP, RTMPS, HLS<\/td>\n<\/tr>\n<tr>\n<th>Tryby streamowania 8K (przy u\u017cyciu Insta360 8K Live*)<\/th>\n<td>Built-in Server \/ Custom Server \/ SDI<\/p>\n<p>*Wymagana jest odpowiednia licencja i PC.<\/td>\n<\/tr>\n<tr>\n<th>Wyj\u015bcie (streamowanie 8K)<\/th>\n<td>8K 2D @ 29,97FPS<\/td>\n<\/tr>\n<tr>\n<th>Protoko\u0142y (streamowanie 8K)<\/th>\n<td>RTMP, RTMPS, RTSP<\/td>\n<\/tr>\n<tr>\n<th>Przechowywanie plik\u00f3w<\/th>\n<td>9x pe\u0142nowymiarowa karta SD<\/td>\n<\/tr>\n<tr>\n<th>Zakres ISO<\/th>\n<td>100-6400<\/td>\n<\/tr>\n<tr>\n<th>Tryby ekspozycji<\/th>\n<td>Auto, Manual, Lens-by-Lens Custom, Shutter Priority (tylko zdj\u0119cia), ISO Priority (tylko zdj\u0119cia), Set ISO Upper Limit (tylko filmy)<\/td>\n<\/tr>\n<tr>\n<th>Tryby balansu bieli<\/th>\n<td>Automatic, manual<\/td>\n<\/tr>\n<tr>\n<th>Tryby zdj\u0119\u0107<\/th>\n<td>Single shot \/ Burst (10 zdj\u0119\u0107 nast\u0119puj\u0105cych po sobie) \/ Timelapse \/ AEB (opcjonalnie 3, 5, 7 lub 9 zdj\u0119\u0107)<\/p>\n<p>*Uwaga: do jednoczesnego fotografowania mo\u017cna wybra\u0107 zar\u00f3wno pliki RAW, jak i JPG (w przypadku syntetycznych zdj\u0119\u0107 HDR i wszystkich innych tryb\u00f3w).<\/td>\n<\/tr>\n<tr>\n<th>Tryby wideo<\/th>\n<td>Standard (dost\u0119pny i-Log) \/ Binning (dost\u0119pny i-Log)<\/td>\n<\/tr>\n<tr>\n<th>Bitrate na obiektyw<\/th>\n<td>Do 180 Mbps<\/td>\n<\/tr>\n<tr>\n<th>Zasilanie<\/th>\n<td>Adapter 19 V 9 A<\/td>\n<\/tr>\n<tr>\n<th>Pojemno\u015b\u0107 akumulatora<\/th>\n<td>10 000 mAh<\/td>\n<\/tr>\n<tr>\n<th>Temperatura pracy<\/th>\n<td>Od 0\u00b0C do 40\u00b0C<\/td>\n<\/tr>\n<tr>\n<th>Temperatura przechowywania<\/th>\n<td>Od -20\u00b0C do 40\u00b0C<\/td>\n<\/tr>\n<tr>\n<th>Specyfikacja Wi-Fi<\/th>\n<td>802.11 b\/g\/n, 2,4 GHz<\/p>\n<p>*Zasi\u0119g sygna\u0142u wynosi oko\u0142o 20 m na otwartej przestrzeni. Maksymalna liczba klatek na sekund\u0119 podgl\u0105du wideo to 30 FPS (obs\u0142ugiwana w zasi\u0119gu oko\u0142o 5 m).<\/td>\n<\/tr>\n<tr>\n<th>Anteny<\/th>\n<td>Antena sygna\u0142u GPS + antena sygna\u0142u Wi-Fi<\/td>\n<\/tr>\n<tr>\n<th>Port Ethernet<\/th>\n<td>Tak<\/td>\n<\/tr>\n<tr>\n<th>Transmisja wideo<\/th>\n<td>Insta360 Farsight zapewnia zasi\u0119g do 300 m (ziemia-ziemia) lub do 1000 m (ziemia-powietrze) z podgl\u0105dem w 30FPS.<\/td>\n<\/tr>\n<tr>\n<th>Liczba mikrofon\u00f3w<\/th>\n<td>4 mikrofony mono<\/td>\n<\/tr>\n<tr>\n<th>Kodeki audio<\/th>\n<td>AAC<\/td>\n<\/tr>\n<tr>\n<th>D\u017awi\u0119k przestrzenny<\/th>\n<td>Ambisonic<\/td>\n<\/tr>\n<tr>\n<th>\u017byroskop<\/th>\n<td>9-osiowy \u017cyroskop o wysokiej precyzji<\/td>\n<\/tr>\n<tr>\n<th>Technologia stabilizacji<\/th>\n<td>FlowState<\/td>\n<\/tr>\n<tr>\n<th>\u0141\u0105czenie wideo<\/th>\n<td>Optical Flow \/ Template<\/td>\n<\/tr>\n<tr>\n<th>Zakres ekspozycji<\/th>\n<td>12 stopni<\/td>\n<\/tr>\n<tr>\n<th>Obs\u0142ugiwane systemy<\/th>\n<td>Windows, Mac OS, iOS, Android<\/td>\n<\/tr>\n<tr>\n<th>Waga<\/th>\n<td>5,5 kg<\/td>\n<\/tr>\n<\/tbody>\n<\/table>\n<\/div>\n","protected":false},"excerpt":{"rendered":"<p>Kamera Insta360 Titan Insta360 Titan to innowacyjna kamera do nagrywania profesjonalnych film\u00f3w sferycznych. Oferuje maksymaln\u0105 rozdzielczo\u015b\u0107 nawet 11K i zosta\u0142a<\/p>\n","protected":false},"featured_media":24771,"comment_status":"closed","ping_status":"open","template":"","meta":{"_acf_changed":false},"product_brand":[],"product_cat":[1128,1160,1158],"product_tag":[],"class_list":{"0":"post-24770","1":"product","2":"type-product","3":"status-publish","4":"has-post-thumbnail","6":"product_cat-foto-wideo","7":"product_cat-insta-360","8":"product_cat-kamery-sportowe","9":"pa_box-height-4241","10":"pa_box-length-3342","11":"pa_box-width-4356","12":"pa_gross-weight-4357","13":"pa_hs-code-2354","14":"pa_jakosc-zapisu-4k-uhd","15":"pa_net-weight-4355","16":"pa_rodzaj-sportowa-kieszonkowa","18":"first","19":"outofstock","20":"taxable","21":"shipping-taxable","22":"purchasable","23":"product-type-simple"},"acf":[],"yoast_head":"<!-- This site is optimized with the Yoast SEO plugin v27.2 - https:\/\/yoast.com\/product\/yoast-seo-wordpress\/ -->\n<title>Kamera Insta360 Titan - IRONSKY.PL Sklep z Dronami<\/title>\n<meta name=\"description\" content=\"Kamera Insta360 Titan - \u2705 sklep z dronami i fachowym doradztwem. \u2705 Tutaj kupisz produkty DJI, Yuneec, Parrot, Syma i wiele innych, a tak\u017ce kursy i licencje na operatora drona.\" \/>\n<meta name=\"robots\" content=\"index, follow, max-snippet:-1, max-image-preview:large, max-video-preview:-1\" \/>\n<link rel=\"canonical\" href=\"https:\/\/ironsky.pl\/sklep\/produkt\/kamera-insta360-titan\/\" \/>\n<meta property=\"og:locale\" content=\"pl_PL\" \/>\n<meta property=\"og:type\" content=\"article\" \/>\n<meta property=\"og:title\" content=\"Kamera Insta360 Titan - IRONSKY.PL Sklep z Dronami\" \/>\n<meta property=\"og:description\" content=\"Kamera Insta360 Titan - \u2705 sklep z dronami i fachowym doradztwem. \u2705 Tutaj kupisz produkty DJI, Yuneec, Parrot, Syma i wiele innych, a tak\u017ce kursy i licencje na operatora drona.\" \/>\n<meta property=\"og:url\" content=\"https:\/\/ironsky.pl\/sklep\/produkt\/kamera-insta360-titan\/\" \/>\n<meta property=\"og:site_name\" content=\"IRONSKY.PL Sklep z Dronami\" \/>\n<meta property=\"article:modified_time\" content=\"2026-03-05T14:51:20+00:00\" \/>\n<meta property=\"og:image\" content=\"https:\/\/ironsky.pl\/sklep\/wp-content\/uploads\/2024\/09\/33286_1.jpg\" \/>\n\t<meta property=\"og:image:width\" content=\"800\" \/>\n\t<meta property=\"og:image:height\" content=\"800\" \/>\n\t<meta property=\"og:image:type\" content=\"image\/jpeg\" \/>\n<meta name=\"twitter:card\" content=\"summary_large_image\" \/>\n<meta name=\"twitter:label1\" content=\"Szacowany czas czytania\" \/>\n\t<meta name=\"twitter:data1\" content=\"4 minuty\" \/>\n<script type=\"application\/ld+json\" class=\"yoast-schema-graph\">{\"@context\":\"https:\/\/schema.org\",\"@graph\":[{\"@type\":\"WebPage\",\"@id\":\"https:\/\/ironsky.pl\/sklep\/produkt\/kamera-insta360-titan\/\",\"url\":\"https:\/\/ironsky.pl\/sklep\/produkt\/kamera-insta360-titan\/\",\"name\":\"Kamera Insta360 Titan - IRONSKY.PL Sklep z Dronami\",\"isPartOf\":{\"@id\":\"https:\/\/ironsky.pl\/sklep\/#website\"},\"primaryImageOfPage\":{\"@id\":\"https:\/\/ironsky.pl\/sklep\/produkt\/kamera-insta360-titan\/#primaryimage\"},\"image\":{\"@id\":\"https:\/\/ironsky.pl\/sklep\/produkt\/kamera-insta360-titan\/#primaryimage\"},\"thumbnailUrl\":\"https:\/\/ironsky.pl\/sklep\/wp-content\/uploads\/2024\/09\/33286_1.jpg\",\"datePublished\":\"2024-09-16T17:10:33+00:00\",\"dateModified\":\"2026-03-05T14:51:20+00:00\",\"description\":\"Kamera Insta360 Titan - \u2705 sklep z dronami i fachowym doradztwem. \u2705 Tutaj kupisz produkty DJI, Yuneec, Parrot, Syma i wiele innych, a tak\u017ce kursy i licencje na operatora drona.\",\"breadcrumb\":{\"@id\":\"https:\/\/ironsky.pl\/sklep\/produkt\/kamera-insta360-titan\/#breadcrumb\"},\"inLanguage\":\"pl-PL\",\"potentialAction\":[{\"@type\":\"ReadAction\",\"target\":[\"https:\/\/ironsky.pl\/sklep\/produkt\/kamera-insta360-titan\/\"]}]},{\"@type\":\"ImageObject\",\"inLanguage\":\"pl-PL\",\"@id\":\"https:\/\/ironsky.pl\/sklep\/produkt\/kamera-insta360-titan\/#primaryimage\",\"url\":\"https:\/\/ironsky.pl\/sklep\/wp-content\/uploads\/2024\/09\/33286_1.jpg\",\"contentUrl\":\"https:\/\/ironsky.pl\/sklep\/wp-content\/uploads\/2024\/09\/33286_1.jpg\",\"width\":800,\"height\":800},{\"@type\":\"BreadcrumbList\",\"@id\":\"https:\/\/ironsky.pl\/sklep\/produkt\/kamera-insta360-titan\/#breadcrumb\",\"itemListElement\":[{\"@type\":\"ListItem\",\"position\":1,\"name\":\"Strona g\u0142\u00f3wna\",\"item\":\"https:\/\/ironsky.pl\/sklep\/\"},{\"@type\":\"ListItem\",\"position\":2,\"name\":\"Wszystkie produkty\",\"item\":\"https:\/\/ironsky.pl\/sklep\/produkty\/\"},{\"@type\":\"ListItem\",\"position\":3,\"name\":\"Kamera Insta360 Titan\"}]},{\"@type\":\"WebSite\",\"@id\":\"https:\/\/ironsky.pl\/sklep\/#website\",\"url\":\"https:\/\/ironsky.pl\/sklep\/\",\"name\":\"IRONSKY.PL Sklep z Dronami\",\"description\":\"IRONSKY.PL Sklep z Dronami\",\"potentialAction\":[{\"@type\":\"SearchAction\",\"target\":{\"@type\":\"EntryPoint\",\"urlTemplate\":\"https:\/\/ironsky.pl\/sklep\/?s={search_term_string}\"},\"query-input\":{\"@type\":\"PropertyValueSpecification\",\"valueRequired\":true,\"valueName\":\"search_term_string\"}}],\"inLanguage\":\"pl-PL\"}]}<\/script>\n<!-- \/ Yoast SEO plugin. -->","yoast_head_json":{"title":"Kamera Insta360 Titan - IRONSKY.PL Sklep z Dronami","description":"Kamera Insta360 Titan - \u2705 sklep z dronami i fachowym doradztwem. \u2705 Tutaj kupisz produkty DJI, Yuneec, Parrot, Syma i wiele innych, a tak\u017ce kursy i licencje na operatora drona.","robots":{"index":"index","follow":"follow","max-snippet":"max-snippet:-1","max-image-preview":"max-image-preview:large","max-video-preview":"max-video-preview:-1"},"canonical":"https:\/\/ironsky.pl\/sklep\/produkt\/kamera-insta360-titan\/","og_locale":"pl_PL","og_type":"article","og_title":"Kamera Insta360 Titan - IRONSKY.PL Sklep z Dronami","og_description":"Kamera Insta360 Titan - \u2705 sklep z dronami i fachowym doradztwem. \u2705 Tutaj kupisz produkty DJI, Yuneec, Parrot, Syma i wiele innych, a tak\u017ce kursy i licencje na operatora drona.","og_url":"https:\/\/ironsky.pl\/sklep\/produkt\/kamera-insta360-titan\/","og_site_name":"IRONSKY.PL Sklep z Dronami","article_modified_time":"2026-03-05T14:51:20+00:00","og_image":[{"width":800,"height":800,"url":"https:\/\/ironsky.pl\/sklep\/wp-content\/uploads\/2024\/09\/33286_1.jpg","type":"image\/jpeg"}],"twitter_card":"summary_large_image","twitter_misc":{"Szacowany czas czytania":"4 minuty"},"schema":{"@context":"https:\/\/schema.org","@graph":[{"@type":"WebPage","@id":"https:\/\/ironsky.pl\/sklep\/produkt\/kamera-insta360-titan\/","url":"https:\/\/ironsky.pl\/sklep\/produkt\/kamera-insta360-titan\/","name":"Kamera Insta360 Titan - IRONSKY.PL Sklep z Dronami","isPartOf":{"@id":"https:\/\/ironsky.pl\/sklep\/#website"},"primaryImageOfPage":{"@id":"https:\/\/ironsky.pl\/sklep\/produkt\/kamera-insta360-titan\/#primaryimage"},"image":{"@id":"https:\/\/ironsky.pl\/sklep\/produkt\/kamera-insta360-titan\/#primaryimage"},"thumbnailUrl":"https:\/\/ironsky.pl\/sklep\/wp-content\/uploads\/2024\/09\/33286_1.jpg","datePublished":"2024-09-16T17:10:33+00:00","dateModified":"2026-03-05T14:51:20+00:00","description":"Kamera Insta360 Titan - \u2705 sklep z dronami i fachowym doradztwem. \u2705 Tutaj kupisz produkty DJI, Yuneec, Parrot, Syma i wiele innych, a tak\u017ce kursy i licencje na operatora drona.","breadcrumb":{"@id":"https:\/\/ironsky.pl\/sklep\/produkt\/kamera-insta360-titan\/#breadcrumb"},"inLanguage":"pl-PL","potentialAction":[{"@type":"ReadAction","target":["https:\/\/ironsky.pl\/sklep\/produkt\/kamera-insta360-titan\/"]}]},{"@type":"ImageObject","inLanguage":"pl-PL","@id":"https:\/\/ironsky.pl\/sklep\/produkt\/kamera-insta360-titan\/#primaryimage","url":"https:\/\/ironsky.pl\/sklep\/wp-content\/uploads\/2024\/09\/33286_1.jpg","contentUrl":"https:\/\/ironsky.pl\/sklep\/wp-content\/uploads\/2024\/09\/33286_1.jpg","width":800,"height":800},{"@type":"BreadcrumbList","@id":"https:\/\/ironsky.pl\/sklep\/produkt\/kamera-insta360-titan\/#breadcrumb","itemListElement":[{"@type":"ListItem","position":1,"name":"Strona g\u0142\u00f3wna","item":"https:\/\/ironsky.pl\/sklep\/"},{"@type":"ListItem","position":2,"name":"Wszystkie produkty","item":"https:\/\/ironsky.pl\/sklep\/produkty\/"},{"@type":"ListItem","position":3,"name":"Kamera Insta360 Titan"}]},{"@type":"WebSite","@id":"https:\/\/ironsky.pl\/sklep\/#website","url":"https:\/\/ironsky.pl\/sklep\/","name":"IRONSKY.PL Sklep z Dronami","description":"IRONSKY.PL Sklep z Dronami","potentialAction":[{"@type":"SearchAction","target":{"@type":"EntryPoint","urlTemplate":"https:\/\/ironsky.pl\/sklep\/?s={search_term_string}"},"query-input":{"@type":"PropertyValueSpecification","valueRequired":true,"valueName":"search_term_string"}}],"inLanguage":"pl-PL"}]}},"_links":{"self":[{"href":"https:\/\/ironsky.pl\/sklep\/wp-json\/wp\/v2\/product\/24770","targetHints":{"allow":["GET"]}}],"collection":[{"href":"https:\/\/ironsky.pl\/sklep\/wp-json\/wp\/v2\/product"}],"about":[{"href":"https:\/\/ironsky.pl\/sklep\/wp-json\/wp\/v2\/types\/product"}],"replies":[{"embeddable":true,"href":"https:\/\/ironsky.pl\/sklep\/wp-json\/wp\/v2\/comments?post=24770"}],"wp:featuredmedia":[{"embeddable":true,"href":"https:\/\/ironsky.pl\/sklep\/wp-json\/wp\/v2\/media\/24771"}],"wp:attachment":[{"href":"https:\/\/ironsky.pl\/sklep\/wp-json\/wp\/v2\/media?parent=24770"}],"wp:term":[{"taxonomy":"product_brand","embeddable":true,"href":"https:\/\/ironsky.pl\/sklep\/wp-json\/wp\/v2\/product_brand?post=24770"},{"taxonomy":"product_cat","embeddable":true,"href":"https:\/\/ironsky.pl\/sklep\/wp-json\/wp\/v2\/product_cat?post=24770"},{"taxonomy":"product_tag","embeddable":true,"href":"https:\/\/ironsky.pl\/sklep\/wp-json\/wp\/v2\/product_tag?post=24770"}],"curies":[{"name":"wp","href":"https:\/\/api.w.org\/{rel}","templated":true}]}}