{"id":24703,"date":"2024-09-16T19:08:45","date_gmt":"2024-09-16T17:08:45","guid":{"rendered":"http:\/\/gvshalph.pro-linuxpl.com\/ironskyprodukty\/produkt\/kamera-insta360-pro2\/"},"modified":"2026-03-05T15:51:18","modified_gmt":"2026-03-05T14:51:18","slug":"kamera-insta360-pro2","status":"publish","type":"product","link":"https:\/\/ironsky.pl\/sklep\/produkt\/kamera-insta360-pro2\/","title":{"rendered":"Kamera Insta360 Pro2"},"content":{"rendered":"<h3>Kamera Insta360 Pro2<\/h3>\n<p>Przygotuj si\u0119 na uj\u0119cia 360 doskona\u0142e pod ka\u017cdym k\u0105tem! Insta360 Pro 2 to nowa ods\u0142ona profesjonalnej kamery sferycznej do tworzenia film\u00f3w 360\u00b0. Wyposa\u017cona w sze\u015b\u0107 obiektyw\u00f3w o k\u0105cie widzenia 200\u00b0 i przys\u0142onie F2.4, jest zdolna do tworzenia niesamowitych zdj\u0119\u0107 i film\u00f3w w jako\u015bci 8K! Oferuje wiele praktycznych funkcji, takich jak sk\u0142adanie obraz\u00f3w w czasie rzeczywistym, zaawansowana stabilizacja obrazu, nagrywanie sferycznego d\u017awi\u0119ku, czy mo\u017cliwo\u015b\u0107 zdalnego sterowania. Przy tym wszystkim kamera jest niezwykle por\u0119czna i wytrzyma\u0142a. Insta360 Pro 2 jest stworzona, aby pom\u00f3c Ci uchwyci\u0107 i podzieli\u0107 si\u0119 Twoj\u0105 wizj\u0105 \u015bwiata, dok\u0142adnie tak, jak go widzisz.<\/p>\n<p><img decoding=\"async\" src=\"https:\/\/b2b.innpro.pl\/data\/include\/cms\/Insta360\/TINPPR2A\/1.jpg\" border=\"0\" alt=\"Insta360\/TINPPR2A\/1\" \/><\/p>\n<h3>Stabilizacja jak z gimbala<\/h3>\n<p>Dzi\u0119ki zaawansowanej stabilizacji obrazu FlowState por\u00f3wnywalnej do efekt\u00f3w gimbali, Insta360 Pro 2 pozwala na rejestracj\u0119 p\u0142ynnych, stabilnych uj\u0119\u0107 3D, nawet w ruchu. Nie musisz si\u0119 martwi\u0107 o drgania \u2014 biegnij, skacz, a Twoje uj\u0119cia b\u0119d\u0105 nadal wygl\u0105da\u0107 perfekcyjnie.<\/p>\n<p><img decoding=\"async\" src=\"https:\/\/b2b.innpro.pl\/data\/include\/cms\/Insta360\/TINPPR2A\/5.jpg\" border=\"0\" alt=\"Insta360\/TINPPR2A\/5\" \/><\/p>\n<h3>P\u0142ynna edycja z Adobe Premiere Pro<\/h3>\n<p>Z Insta360 Pro 2 edycja jest prosta i bezproblemowa, dzi\u0119ki pe\u0142nej integracji z Adobe Premiere Pro. Dedykowana wtyczka pozwala przej\u015b\u0107 do edycji materia\u0142\u00f3w bez konieczno\u015bci wcze\u015bniejszego \u0142\u0105czenia ich. Dzi\u0119ki temu unikasz obci\u0105\u017cenia systemu, wi\u0119c zamiast czeka\u0107, mo\u017cesz sp\u0119dzi\u0107 wi\u0119cej czasu, tworz\u0105c kreatywne tre\u015bci! Istnieje r\u00f3wnie\u017c mo\u017cliwo\u015b\u0107 edycji z poziomu aplikacji obs\u0142uguj\u0105cej systemy Windows, macOS, iOS i Android. Z Pro 2 zyskujesz pe\u0142n\u0105 kontrol\u0119 i swobod\u0119 w procesie edycji.<\/p>\n<p><img decoding=\"async\" src=\"https:\/\/b2b.innpro.pl\/data\/include\/cms\/Insta360\/TINPPR2A\/2.jpg\" border=\"0\" alt=\"Insta360\/TINPPR2A\/2\" \/><\/p>\n<h3>Obraz bez przek\u0142ama\u0144<\/h3>\n<p>Dzi\u0119ki technologii HDR Insta360 Pro 2 zar\u00f3wno dla zdj\u0119\u0107, jak i wideo pozwala osi\u0105gn\u0105\u0107 bardziej dynamiczny obraz z lepszym odwzorowaniem szczeg\u00f3\u0142\u00f3w w jasnych i ciemnych punktach. Rejestruj kontrastowe sceny z wi\u0119ksz\u0105 dok\u0142adno\u015bci\u0105 i realizmem, a nawet najbardziej jaskrawe s\u0142o\u0144ce nie b\u0119dzie problemem dla Twojej tw\u00f3rczo\u015bci!<\/p>\n<p><img decoding=\"async\" src=\"https:\/\/b2b.innpro.pl\/data\/include\/cms\/Insta360\/TINPPR2A\/7.jpg\" border=\"0\" alt=\"Insta360\/TINPPR2A\/7\" \/><\/p>\n<h3>Dostrze\u017cesz ka\u017cdy szczeg\u00f3\u0142<\/h3>\n<p>Insta360 Pro 2 zawsze dostarczy obraz najwy\u017cszej jako\u015bci! Dzi\u0119ki przepustowo\u015bci 120 Mb\/s na ka\u017cdy z sze\u015bciu obiektyw\u00f3w obrazy s\u0105 pe\u0142ne szczeg\u00f3\u0142\u00f3w, a poniewa\u017c kamera wykorzystuje technologi\u0119 CrystalView 8K Twoje materia\u0142y b\u0119d\u0105 wygl\u0105da\u0107 doskonale na urz\u0105dzeniach takich jak Samsung Gear VR, Oculus Go czy na smartfonach z systemami iOS i Android. Oznacza to, \u017ce Tw\u00f3j widz do\u015bwiadczy niezr\u00f3wnanej jako\u015bci obrazu niezale\u017cnie od tego, w kt\u00f3r\u0105 stron\u0119 spojrzy i z jakiego korzysta sprz\u0119tu.<\/p>\n<p><img decoding=\"async\" src=\"https:\/\/b2b.innpro.pl\/data\/include\/cms\/Insta360\/TINPPR2A\/3.jpg\" border=\"0\" alt=\"Insta360\/TINPPR2A\/3\" \/><\/p>\n<h3>Realistyczny d\u017awi\u0119k<\/h3>\n<p>Poczuj si\u0119 jak w samym \u015brodku akcji! D\u017awi\u0119k 3D przechwycony przez cztery wbudowane mikrofony dostarcza pe\u0142ne wra\u017ce\u0144 audio Ambisonic, zapewniaj\u0105c pe\u0142ne, przestrzenne do\u015bwiadczenie d\u017awi\u0119ku w Twoich filmach sferycznych. Dla tych, kt\u00f3rzy szukaj\u0105 jeszcze wi\u0119kszej precyzji, istnieje mo\u017cliwo\u015b\u0107 pod\u0142\u0105czenia zewn\u0119trznych, profesjonalnych akcesori\u00f3w.<\/p>\n<p><img decoding=\"async\" src=\"https:\/\/b2b.innpro.pl\/data\/include\/cms\/Insta360\/TINPPR2A\/8.jpg\" border=\"0\" alt=\"Insta360\/TINPPR2A\/8\" \/><\/p>\n<h3>Zdalne sterowanie z FarSight 360\u00b0<\/h3>\n<p>Pro 2 obs\u0142uguje funkcj\u0119 zdalnego sterowania na odleg\u0142o\u015bciach 300 m ziemia-ziemia oraz 1000 m ziemia-niebo, umo\u017cliwiaj\u0105c kontrol\u0119 uj\u0119\u0107 na \u017cywo z Twojego telefonu, tableta lub komputera, z minimalnym op\u00f3\u017anieniem. Wydajny akumulator (nawet 3 godziny pracy na jednym \u0142adowaniu) i mo\u017cliwo\u015b\u0107 pod\u0142\u0105czenia zewn\u0119trznego zasilania gwarantuj\u0105 nieprzerwan\u0105 prac\u0119, a podgl\u0105d w czasie rzeczywistym w jako\u015bci 1080p zapewnia precyzyjn\u0105 kontrol\u0119 ka\u017cdego uj\u0119cia. Do zdalnego sterowania niezb\u0119dny jest system monitorowania FarSight 360 dost\u0119pny w oddzielnej sprzeda\u017cy.<\/p>\n<p><img decoding=\"async\" src=\"https:\/\/b2b.innpro.pl\/data\/include\/cms\/Insta360\/TINPPR2A\/9.jpg\" border=\"0\" alt=\"Insta360\/TINPPR2A\/9\" \/><\/p>\n<h3>W zestawie<\/h3>\n<ul>\n<li>Kamera Pro2 x 1<\/li>\n<li>Os\u0142ona obiektywu x 1<\/li>\n<li>Etui x1<\/li>\n<li>Akumulator x 1<\/li>\n<li>Adapter DC x 1<\/li>\n<li>Kabel AC x 1<\/li>\n<li>Kabel LAN x 1<\/li>\n<li>Kabel USB-C x 1<\/li>\n<li>Pasek na rami\u0119 x 1<\/li>\n<li>Adapter \u00bc\u2019\u2019 x 1<\/li>\n<li>Adapter USB 2.0 do 100 Mbps Ethernet x 1<\/li>\n<li>Antena x 2 (WiFi + GPS)<\/li>\n<li>Dokumentacja x 1<\/li>\n<li>\u015aciereczka do obiektywu x 1<\/li>\n<\/ul>\n<div class=\"table-wrapper\">\n<table>\n<tbody>\n<tr>\n<th>Producent<\/th>\n<td>Insta360<\/td>\n<\/tr>\n<tr>\n<th>Model<\/th>\n<td>Pro 2<\/td>\n<\/tr>\n<tr>\n<th>Waga:<\/th>\n<td>1386g<\/td>\n<\/tr>\n<tr>\n<th>Wymiary:<\/th>\n<td>\u03c6143mm<\/td>\n<\/tr>\n<tr>\n<th>Materia\u0142:<\/th>\n<td>stop aluminium<\/td>\n<\/tr>\n<tr>\n<th>Obiektywy:<\/th>\n<td>200\u00b0, 6 x F2.4 rybie oko<\/td>\n<\/tr>\n<tr>\n<th>Sk\u0142adanie zdj\u0119\u0107 w czasie rzeczywistym:<\/th>\n<td>76807680 (3D); 76803840 (2D)<\/td>\n<\/tr>\n<tr>\n<th>Sk\u0142adanie zdj\u0119\u0107 po przetworzeniu:<\/th>\n<td>76807680 (3D); 76803840 (2D)<\/td>\n<\/tr>\n<tr>\n<th>Sk\u0142adanie film\u00f3w po przetworzeniu:<\/th>\n<td>76803840@30fps HDR (8K 2D); 76807680@30fps (8K 3D); 76803840@60fps (8K 2D); 64006400@60fps (6K 2D\/3D); 38403840@120fps (4K 2D\/3D Binning)<\/td>\n<\/tr>\n<tr>\n<th>Sk\u0142adanie film\u00f3w w czasie rzeczywistym:<\/th>\n<td>38403840@30fps (3D); 3840*1920@30fps (2D)<\/td>\n<\/tr>\n<tr>\n<th>Format plik\u00f3w zdj\u0119\u0107:<\/th>\n<td>JPEG \/ DNG<\/td>\n<\/tr>\n<tr>\n<th>Format plik\u00f3w wideo:<\/th>\n<td>mp4<\/td>\n<\/tr>\n<tr>\n<th>Przestrze\u0144 kolor\u00f3w wideo:<\/th>\n<td>YUVJ420P z szerszym zakresem poziom\u00f3w kolor\u00f3w<\/td>\n<\/tr>\n<tr>\n<th>Kodowanie wideo:<\/th>\n<td>H264 w kamerze, H265 dost\u0119pne po sk\u0142adaniu obrazu<\/td>\n<\/tr>\n<tr>\n<th>Protok\u00f3\u0142 transmisji na \u017cywo:<\/th>\n<td>rtsp, rtmp, hls<\/td>\n<\/tr>\n<tr>\n<th>Pami\u0119\u0107:<\/th>\n<td>6 kart TF+1 karta SD<\/td>\n<\/tr>\n<tr>\n<th>Zakres ISO:<\/th>\n<td>100-6400<\/td>\n<\/tr>\n<tr>\n<th>Przepustowo\u015b\u0107 na obiektyw:<\/th>\n<td>do 120 Mbps<\/td>\n<\/tr>\n<tr>\n<th>Tryb ekspozycji:<\/th>\n<td>Automatyczny; Manualny; niezale\u017cna ekspozycja obiektyw\u00f3w; Priorytet migawki (tylko dla zdj\u0119\u0107); Priorytet ISO (tylko dla zdj\u0119\u0107); Limit ISO mo\u017ce by\u0107 ustawiony w trybie filmowania<\/td>\n<\/tr>\n<tr>\n<th>Balans bieli:<\/th>\n<td>Automatyczny, Manualny<\/td>\n<\/tr>\n<tr>\n<th>Tryb zdj\u0119\u0107:<\/th>\n<td>Pojedyncze; Seria (dziesi\u0119\u0107 ci\u0105g\u0142ych strza\u0142\u00f3w); AEB (Auto Exposure Bracket, opcjonalne 3, 5, 7, i 9 zdj\u0119\u0107 do syntetycznych zdj\u0119\u0107 HDR w kamerze); Timelapse. Uwaga: Raw i JPG s\u0105 dost\u0119pne we wszystkich trybach<\/td>\n<\/tr>\n<tr>\n<th>Tryb film\u00f3w:<\/th>\n<td>Standardowy Binning. Uwaga: I-log jest dost\u0119pny we wszystkich trybach, a HDR jest dost\u0119pny w niekt\u00f3rych trybach<\/td>\n<\/tr>\n<tr>\n<th>Tryby transmisji na \u017cywo:<\/th>\n<td>Wbudowany serwer; Niestandardowy serwer; Wyj\u015bcie HDMI 38401920@30fps (4K2D, 8K 2D mo\u017ce by\u0107 zapisany jednocze\u015bnie) 38403840@30fps (4K3D, 6K 3D@30fps mo\u017ce by\u0107 zapisany jednocze\u015bnie). Uwaga: transmisja na \u017cywo + nagrywanie jest dost\u0119pne.<\/td>\n<\/tr>\n<tr>\n<th>Zasilanie:<\/th>\n<td>12V 5A<\/td>\n<\/tr>\n<tr>\n<th>Akumulator:<\/th>\n<td>5100mAh<\/td>\n<\/tr>\n<tr>\n<th>Temperatura pracy:<\/th>\n<td>0-40\u00b0C<\/td>\n<\/tr>\n<tr>\n<th>Temperatura przechowywania:<\/th>\n<td>-2040\u00b0C<\/td>\n<\/tr>\n<tr>\n<th>WiFi:<\/th>\n<td>802.11 b\/g\/n, 2.4GHz, zasi\u0119g sygna\u0142u oko\u0142o 20m w przestrzeni otwartej, z 05m zasi\u0119gu podgl\u0105du przy 30fps.<\/td>\n<\/tr>\n<tr>\n<th>Antena:<\/th>\n<td>Antena sygna\u0142u GPS + Antena sygna\u0142u Wi-Fi<\/td>\n<\/tr>\n<tr>\n<th>Port Ethernet:<\/th>\n<td>Tak<\/td>\n<\/tr>\n<tr>\n<th>Transmisja obrazu:<\/th>\n<td>Insta360 Farsight zapewnia dystans do 300m, z podgl\u0105dem 30 fps.<\/td>\n<\/tr>\n<tr>\n<th>Audio:<\/th>\n<td>4 Mono Mic<\/td>\n<\/tr>\n<tr>\n<th>Format kodowania audio:<\/th>\n<td>AAC<\/td>\n<\/tr>\n<tr>\n<th>Audio przestrzenne:<\/th>\n<td>Ambisonic<\/td>\n<\/tr>\n<tr>\n<th>\u017byroskop:<\/th>\n<td>9-osiowy<\/td>\n<\/tr>\n<tr>\n<th>Stabilizacja obrazu:<\/th>\n<td>FlowState<\/td>\n<\/tr>\n<tr>\n<th>Sk\u0142adanie obraz\u00f3w:<\/th>\n<td>Optical Flow \/ Szablon<\/td>\n<\/tr>\n<tr>\n<th>Zakres ekspozycji:<\/th>\n<td>12 stopni<\/td>\n<\/tr>\n<tr>\n<th>Sterowanie:<\/th>\n<td>oprogramowanie dla Windows \/ Mac \/ iOS \/ Android<\/td>\n<\/tr>\n<\/tbody>\n<\/table>\n<\/div>\n","protected":false},"excerpt":{"rendered":"<p>Kamera Insta360 Pro2 Przygotuj si\u0119 na uj\u0119cia 360 doskona\u0142e pod ka\u017cdym k\u0105tem! Insta360 Pro 2 to nowa ods\u0142ona profesjonalnej kamery<\/p>\n","protected":false},"featured_media":24704,"comment_status":"closed","ping_status":"open","template":"","meta":{"_acf_changed":false},"product_brand":[],"product_cat":[1128,1160,1158],"product_tag":[],"class_list":{"0":"post-24703","1":"product","2":"type-product","3":"status-publish","4":"has-post-thumbnail","6":"product_cat-foto-wideo","7":"product_cat-insta-360","8":"product_cat-kamery-sportowe","9":"pa_box-height-1641","10":"pa_box-length-2591","11":"pa_box-width-2236","12":"pa_gross-weight-4315","13":"pa_hs-code-2354","14":"pa_jakosc-zapisu-4k-uhd","15":"pa_net-weight-4314","17":"first","18":"outofstock","19":"taxable","20":"shipping-taxable","21":"purchasable","22":"product-type-simple"},"acf":[],"yoast_head":"<!-- This site is optimized with the Yoast SEO plugin v27.2 - https:\/\/yoast.com\/product\/yoast-seo-wordpress\/ -->\n<title>Kamera Insta360 Pro2 - IRONSKY.PL Sklep z Dronami<\/title>\n<meta name=\"description\" content=\"Kamera Insta360 Pro2 - \u2705 sklep z dronami i fachowym doradztwem. \u2705 Tutaj kupisz produkty DJI, Yuneec, Parrot, Syma i wiele innych, a tak\u017ce kursy i licencje na operatora drona.\" \/>\n<meta name=\"robots\" content=\"index, follow, max-snippet:-1, max-image-preview:large, max-video-preview:-1\" \/>\n<link rel=\"canonical\" href=\"https:\/\/ironsky.pl\/sklep\/produkt\/kamera-insta360-pro2\/\" \/>\n<meta property=\"og:locale\" content=\"pl_PL\" \/>\n<meta property=\"og:type\" content=\"article\" \/>\n<meta property=\"og:title\" content=\"Kamera Insta360 Pro2 - IRONSKY.PL Sklep z Dronami\" \/>\n<meta property=\"og:description\" content=\"Kamera Insta360 Pro2 - \u2705 sklep z dronami i fachowym doradztwem. \u2705 Tutaj kupisz produkty DJI, Yuneec, Parrot, Syma i wiele innych, a tak\u017ce kursy i licencje na operatora drona.\" \/>\n<meta property=\"og:url\" content=\"https:\/\/ironsky.pl\/sklep\/produkt\/kamera-insta360-pro2\/\" \/>\n<meta property=\"og:site_name\" content=\"IRONSKY.PL Sklep z Dronami\" \/>\n<meta property=\"article:modified_time\" content=\"2026-03-05T14:51:18+00:00\" \/>\n<meta property=\"og:image\" content=\"https:\/\/ironsky.pl\/sklep\/wp-content\/uploads\/2024\/09\/32980_1.jpg\" \/>\n\t<meta property=\"og:image:width\" content=\"800\" \/>\n\t<meta property=\"og:image:height\" content=\"800\" \/>\n\t<meta property=\"og:image:type\" content=\"image\/jpeg\" \/>\n<meta name=\"twitter:card\" content=\"summary_large_image\" \/>\n<meta name=\"twitter:label1\" content=\"Szacowany czas czytania\" \/>\n\t<meta name=\"twitter:data1\" content=\"5 minut\" \/>\n<script type=\"application\/ld+json\" class=\"yoast-schema-graph\">{\"@context\":\"https:\/\/schema.org\",\"@graph\":[{\"@type\":\"WebPage\",\"@id\":\"https:\/\/ironsky.pl\/sklep\/produkt\/kamera-insta360-pro2\/\",\"url\":\"https:\/\/ironsky.pl\/sklep\/produkt\/kamera-insta360-pro2\/\",\"name\":\"Kamera Insta360 Pro2 - IRONSKY.PL Sklep z Dronami\",\"isPartOf\":{\"@id\":\"https:\/\/ironsky.pl\/sklep\/#website\"},\"primaryImageOfPage\":{\"@id\":\"https:\/\/ironsky.pl\/sklep\/produkt\/kamera-insta360-pro2\/#primaryimage\"},\"image\":{\"@id\":\"https:\/\/ironsky.pl\/sklep\/produkt\/kamera-insta360-pro2\/#primaryimage\"},\"thumbnailUrl\":\"https:\/\/ironsky.pl\/sklep\/wp-content\/uploads\/2024\/09\/32980_1.jpg\",\"datePublished\":\"2024-09-16T17:08:45+00:00\",\"dateModified\":\"2026-03-05T14:51:18+00:00\",\"description\":\"Kamera Insta360 Pro2 - \u2705 sklep z dronami i fachowym doradztwem. \u2705 Tutaj kupisz produkty DJI, Yuneec, Parrot, Syma i wiele innych, a tak\u017ce kursy i licencje na operatora drona.\",\"breadcrumb\":{\"@id\":\"https:\/\/ironsky.pl\/sklep\/produkt\/kamera-insta360-pro2\/#breadcrumb\"},\"inLanguage\":\"pl-PL\",\"potentialAction\":[{\"@type\":\"ReadAction\",\"target\":[\"https:\/\/ironsky.pl\/sklep\/produkt\/kamera-insta360-pro2\/\"]}]},{\"@type\":\"ImageObject\",\"inLanguage\":\"pl-PL\",\"@id\":\"https:\/\/ironsky.pl\/sklep\/produkt\/kamera-insta360-pro2\/#primaryimage\",\"url\":\"https:\/\/ironsky.pl\/sklep\/wp-content\/uploads\/2024\/09\/32980_1.jpg\",\"contentUrl\":\"https:\/\/ironsky.pl\/sklep\/wp-content\/uploads\/2024\/09\/32980_1.jpg\",\"width\":800,\"height\":800},{\"@type\":\"BreadcrumbList\",\"@id\":\"https:\/\/ironsky.pl\/sklep\/produkt\/kamera-insta360-pro2\/#breadcrumb\",\"itemListElement\":[{\"@type\":\"ListItem\",\"position\":1,\"name\":\"Strona g\u0142\u00f3wna\",\"item\":\"https:\/\/ironsky.pl\/sklep\/\"},{\"@type\":\"ListItem\",\"position\":2,\"name\":\"Wszystkie produkty\",\"item\":\"https:\/\/ironsky.pl\/sklep\/produkty\/\"},{\"@type\":\"ListItem\",\"position\":3,\"name\":\"Kamera Insta360 Pro2\"}]},{\"@type\":\"WebSite\",\"@id\":\"https:\/\/ironsky.pl\/sklep\/#website\",\"url\":\"https:\/\/ironsky.pl\/sklep\/\",\"name\":\"IRONSKY.PL Sklep z Dronami\",\"description\":\"IRONSKY.PL Sklep z Dronami\",\"potentialAction\":[{\"@type\":\"SearchAction\",\"target\":{\"@type\":\"EntryPoint\",\"urlTemplate\":\"https:\/\/ironsky.pl\/sklep\/?s={search_term_string}\"},\"query-input\":{\"@type\":\"PropertyValueSpecification\",\"valueRequired\":true,\"valueName\":\"search_term_string\"}}],\"inLanguage\":\"pl-PL\"}]}<\/script>\n<!-- \/ Yoast SEO plugin. -->","yoast_head_json":{"title":"Kamera Insta360 Pro2 - IRONSKY.PL Sklep z Dronami","description":"Kamera Insta360 Pro2 - \u2705 sklep z dronami i fachowym doradztwem. \u2705 Tutaj kupisz produkty DJI, Yuneec, Parrot, Syma i wiele innych, a tak\u017ce kursy i licencje na operatora drona.","robots":{"index":"index","follow":"follow","max-snippet":"max-snippet:-1","max-image-preview":"max-image-preview:large","max-video-preview":"max-video-preview:-1"},"canonical":"https:\/\/ironsky.pl\/sklep\/produkt\/kamera-insta360-pro2\/","og_locale":"pl_PL","og_type":"article","og_title":"Kamera Insta360 Pro2 - IRONSKY.PL Sklep z Dronami","og_description":"Kamera Insta360 Pro2 - \u2705 sklep z dronami i fachowym doradztwem. \u2705 Tutaj kupisz produkty DJI, Yuneec, Parrot, Syma i wiele innych, a tak\u017ce kursy i licencje na operatora drona.","og_url":"https:\/\/ironsky.pl\/sklep\/produkt\/kamera-insta360-pro2\/","og_site_name":"IRONSKY.PL Sklep z Dronami","article_modified_time":"2026-03-05T14:51:18+00:00","og_image":[{"width":800,"height":800,"url":"https:\/\/ironsky.pl\/sklep\/wp-content\/uploads\/2024\/09\/32980_1.jpg","type":"image\/jpeg"}],"twitter_card":"summary_large_image","twitter_misc":{"Szacowany czas czytania":"5 minut"},"schema":{"@context":"https:\/\/schema.org","@graph":[{"@type":"WebPage","@id":"https:\/\/ironsky.pl\/sklep\/produkt\/kamera-insta360-pro2\/","url":"https:\/\/ironsky.pl\/sklep\/produkt\/kamera-insta360-pro2\/","name":"Kamera Insta360 Pro2 - IRONSKY.PL Sklep z Dronami","isPartOf":{"@id":"https:\/\/ironsky.pl\/sklep\/#website"},"primaryImageOfPage":{"@id":"https:\/\/ironsky.pl\/sklep\/produkt\/kamera-insta360-pro2\/#primaryimage"},"image":{"@id":"https:\/\/ironsky.pl\/sklep\/produkt\/kamera-insta360-pro2\/#primaryimage"},"thumbnailUrl":"https:\/\/ironsky.pl\/sklep\/wp-content\/uploads\/2024\/09\/32980_1.jpg","datePublished":"2024-09-16T17:08:45+00:00","dateModified":"2026-03-05T14:51:18+00:00","description":"Kamera Insta360 Pro2 - \u2705 sklep z dronami i fachowym doradztwem. \u2705 Tutaj kupisz produkty DJI, Yuneec, Parrot, Syma i wiele innych, a tak\u017ce kursy i licencje na operatora drona.","breadcrumb":{"@id":"https:\/\/ironsky.pl\/sklep\/produkt\/kamera-insta360-pro2\/#breadcrumb"},"inLanguage":"pl-PL","potentialAction":[{"@type":"ReadAction","target":["https:\/\/ironsky.pl\/sklep\/produkt\/kamera-insta360-pro2\/"]}]},{"@type":"ImageObject","inLanguage":"pl-PL","@id":"https:\/\/ironsky.pl\/sklep\/produkt\/kamera-insta360-pro2\/#primaryimage","url":"https:\/\/ironsky.pl\/sklep\/wp-content\/uploads\/2024\/09\/32980_1.jpg","contentUrl":"https:\/\/ironsky.pl\/sklep\/wp-content\/uploads\/2024\/09\/32980_1.jpg","width":800,"height":800},{"@type":"BreadcrumbList","@id":"https:\/\/ironsky.pl\/sklep\/produkt\/kamera-insta360-pro2\/#breadcrumb","itemListElement":[{"@type":"ListItem","position":1,"name":"Strona g\u0142\u00f3wna","item":"https:\/\/ironsky.pl\/sklep\/"},{"@type":"ListItem","position":2,"name":"Wszystkie produkty","item":"https:\/\/ironsky.pl\/sklep\/produkty\/"},{"@type":"ListItem","position":3,"name":"Kamera Insta360 Pro2"}]},{"@type":"WebSite","@id":"https:\/\/ironsky.pl\/sklep\/#website","url":"https:\/\/ironsky.pl\/sklep\/","name":"IRONSKY.PL Sklep z Dronami","description":"IRONSKY.PL Sklep z Dronami","potentialAction":[{"@type":"SearchAction","target":{"@type":"EntryPoint","urlTemplate":"https:\/\/ironsky.pl\/sklep\/?s={search_term_string}"},"query-input":{"@type":"PropertyValueSpecification","valueRequired":true,"valueName":"search_term_string"}}],"inLanguage":"pl-PL"}]}},"_links":{"self":[{"href":"https:\/\/ironsky.pl\/sklep\/wp-json\/wp\/v2\/product\/24703","targetHints":{"allow":["GET"]}}],"collection":[{"href":"https:\/\/ironsky.pl\/sklep\/wp-json\/wp\/v2\/product"}],"about":[{"href":"https:\/\/ironsky.pl\/sklep\/wp-json\/wp\/v2\/types\/product"}],"replies":[{"embeddable":true,"href":"https:\/\/ironsky.pl\/sklep\/wp-json\/wp\/v2\/comments?post=24703"}],"wp:featuredmedia":[{"embeddable":true,"href":"https:\/\/ironsky.pl\/sklep\/wp-json\/wp\/v2\/media\/24704"}],"wp:attachment":[{"href":"https:\/\/ironsky.pl\/sklep\/wp-json\/wp\/v2\/media?parent=24703"}],"wp:term":[{"taxonomy":"product_brand","embeddable":true,"href":"https:\/\/ironsky.pl\/sklep\/wp-json\/wp\/v2\/product_brand?post=24703"},{"taxonomy":"product_cat","embeddable":true,"href":"https:\/\/ironsky.pl\/sklep\/wp-json\/wp\/v2\/product_cat?post=24703"},{"taxonomy":"product_tag","embeddable":true,"href":"https:\/\/ironsky.pl\/sklep\/wp-json\/wp\/v2\/product_tag?post=24703"}],"curies":[{"name":"wp","href":"https:\/\/api.w.org\/{rel}","templated":true}]}}