{"id":24668,"date":"2024-09-16T19:08:45","date_gmt":"2024-09-16T17:08:45","guid":{"rendered":"http:\/\/gvshalph.pro-linuxpl.com\/ironskyprodukty\/produkt\/szybkozlaczka-do-kamery-insta360-go-3\/"},"modified":"2026-03-05T15:51:16","modified_gmt":"2026-03-05T14:51:16","slug":"szybkozlaczka-do-kamery-insta360-go-3","status":"publish","type":"product","link":"https:\/\/ironsky.pl\/sklep\/produkt\/szybkozlaczka-do-kamery-insta360-go-3\/","title":{"rendered":"Szybkoz\u0142\u0105czka do kamery Insta360 GO 3"},"content":{"rendered":"<h3>Szybkoz\u0142\u0105czka do kamery Insta360 GO 3S \/ GO 3<\/h3>\n<p>Nie tra\u0107 ani chwili, tworz\u0105c zachwycaj\u0105ce nagrania!\u00a0Quick Release Mount do Insta360 GO 3\/GO 3S to akcesorium, kt\u00f3re Ci\u0119 nie zawiedzie, gdy potrzebujesz w kr\u00f3tkim czasie zamocowa\u0107 kamer\u0119. Wyposa\u017cony w przyciski szybkiego zwalniania, u\u0142atwia monta\u017c i demonta\u017c urz\u0105dzenia, dzi\u0119ki czemu w mgnieniu oka jeste\u015b got\u00f3w uwieczni\u0107 ka\u017cd\u0105 chwil\u0119! Uchwyt gwarantuje te\u017c wymagan\u0105 stabilno\u015b\u0107 i bezpiecze\u0144stwo kamery, za spraw\u0105 solidnego mechanizmu blokuj\u0105cego.\u00a0<\/p>\n<p>\n<img decoding=\"async\" src=\"https:\/\/assets.innpro.pl\/11256\/15445\/1.jpg\" border=\"0\" alt=\"\" \/>\n<\/p>\n<h3>W zestawie<\/h3>\n<ul class=\"list-disc pl-5\">\n<li>Szybkoz\u0142\u0105czka\u00a0GO 3 Quick Release Mount\u00a0x 1<\/li>\n<li>Przed\u0142u\u017cenie mocowania\u00a0x 1<\/li>\n<li>Pier\u015bcienie antypo\u015blizgowe x4<\/li>\n<li>\u015aruba\u00a0x 1<\/li>\n<\/ul>\n<div class=\"table-wrapper\">\n<p>\u00a0<\/p>\n<h3><\/h3>\n<table>\n<tbody>\n<tr>\n<th>Producent <\/th>\n<td>Insta360<\/td>\n<\/tr>\n<tr>\n<th>Model <\/th>\n<td>CINSBBKF<\/td>\n<\/tr>\n<tr>\n<th>Wymiary <\/th>\n<td>37 x 18 x 20.5 mm<\/td>\n<\/tr>\n<tr>\n<th>Waga <\/th>\n<td>35 g<\/td>\n<\/tr>\n<tr>\n<th>Materia\u0142 <\/th>\n<td>Aluminium\/ stal nierdzewna\/ silikon<\/td>\n<\/tr>\n<tr>\n<th>Kompatybilno\u015b\u0107 <\/th>\n<td>Insta360 GO 3\/GO 3S<\/td>\n<\/tr>\n<\/tbody>\n<\/table>\n<\/div>\n","protected":false},"excerpt":{"rendered":"<p>Szybkoz\u0142\u0105czka do kamery Insta360 GO 3S \/ GO 3 Nie tra\u0107 ani chwili, tworz\u0105c zachwycaj\u0105ce nagrania!\u00a0Quick Release Mount do Insta360<\/p>\n","protected":false},"featured_media":24669,"comment_status":"closed","ping_status":"open","template":"","meta":{"_acf_changed":false},"product_brand":[],"product_cat":[1161,1128,1139,1140,1141,1138],"product_tag":[],"class_list":{"0":"post-24668","1":"product","2":"type-product","3":"status-publish","4":"has-post-thumbnail","6":"product_cat-adaptery-do-aparatow","7":"product_cat-foto-wideo","8":"product_cat-selfie-stick","9":"product_cat-statywy","10":"product_cat-uchwyty-do-mocowania-kamer-i-aparatow","11":"product_cat-wysiegniki","12":"pa_box-height-1976","13":"pa_box-length-1787","14":"pa_box-width-1579","15":"pa_gross-weight-3875","16":"pa_hs-code-1775","17":"pa_kolejna-dostawa-25-09-2024","18":"pa_kompatybilnosc-insta360","19":"pa_net-weight-1678","21":"first","22":"outofstock","23":"taxable","24":"shipping-taxable","25":"purchasable","26":"product-type-simple"},"acf":[],"yoast_head":"<!-- This site is optimized with the Yoast SEO plugin v27.2 - https:\/\/yoast.com\/product\/yoast-seo-wordpress\/ -->\n<title>Szybkoz\u0142\u0105czka do kamery Insta360 GO 3 - IRONSKY.PL Sklep z Dronami<\/title>\n<meta name=\"description\" content=\"Szybkoz\u0142\u0105czka do kamery Insta360 GO 3 - \u2705 sklep z dronami i fachowym doradztwem. \u2705 Tutaj kupisz produkty DJI, Yuneec, Parrot, Syma i wiele innych, a tak\u017ce kursy i licencje na operatora drona.\" \/>\n<meta name=\"robots\" content=\"index, follow, max-snippet:-1, max-image-preview:large, max-video-preview:-1\" \/>\n<link rel=\"canonical\" href=\"https:\/\/ironsky.pl\/sklep\/produkt\/szybkozlaczka-do-kamery-insta360-go-3\/\" \/>\n<meta property=\"og:locale\" content=\"pl_PL\" \/>\n<meta property=\"og:type\" content=\"article\" \/>\n<meta property=\"og:title\" content=\"Szybkoz\u0142\u0105czka do kamery Insta360 GO 3 - IRONSKY.PL Sklep z Dronami\" \/>\n<meta property=\"og:description\" content=\"Szybkoz\u0142\u0105czka do kamery Insta360 GO 3 - \u2705 sklep z dronami i fachowym doradztwem. \u2705 Tutaj kupisz produkty DJI, Yuneec, Parrot, Syma i wiele innych, a tak\u017ce kursy i licencje na operatora drona.\" \/>\n<meta property=\"og:url\" content=\"https:\/\/ironsky.pl\/sklep\/produkt\/szybkozlaczka-do-kamery-insta360-go-3\/\" \/>\n<meta property=\"og:site_name\" content=\"IRONSKY.PL Sklep z Dronami\" \/>\n<meta property=\"article:modified_time\" content=\"2026-03-05T14:51:16+00:00\" \/>\n<meta property=\"og:image\" content=\"https:\/\/ironsky.pl\/sklep\/wp-content\/uploads\/2024\/09\/32971_2.png\" \/>\n\t<meta property=\"og:image:width\" content=\"787\" \/>\n\t<meta property=\"og:image:height\" content=\"510\" \/>\n\t<meta property=\"og:image:type\" content=\"image\/png\" \/>\n<meta name=\"twitter:card\" content=\"summary_large_image\" \/>\n<meta name=\"twitter:label1\" content=\"Szacowany czas czytania\" \/>\n\t<meta name=\"twitter:data1\" content=\"1 minuta\" \/>\n<script type=\"application\/ld+json\" class=\"yoast-schema-graph\">{\"@context\":\"https:\/\/schema.org\",\"@graph\":[{\"@type\":\"WebPage\",\"@id\":\"https:\/\/ironsky.pl\/sklep\/produkt\/szybkozlaczka-do-kamery-insta360-go-3\/\",\"url\":\"https:\/\/ironsky.pl\/sklep\/produkt\/szybkozlaczka-do-kamery-insta360-go-3\/\",\"name\":\"Szybkoz\u0142\u0105czka do kamery Insta360 GO 3 - IRONSKY.PL Sklep z Dronami\",\"isPartOf\":{\"@id\":\"https:\/\/ironsky.pl\/sklep\/#website\"},\"primaryImageOfPage\":{\"@id\":\"https:\/\/ironsky.pl\/sklep\/produkt\/szybkozlaczka-do-kamery-insta360-go-3\/#primaryimage\"},\"image\":{\"@id\":\"https:\/\/ironsky.pl\/sklep\/produkt\/szybkozlaczka-do-kamery-insta360-go-3\/#primaryimage\"},\"thumbnailUrl\":\"https:\/\/ironsky.pl\/sklep\/wp-content\/uploads\/2024\/09\/32971_2.png\",\"datePublished\":\"2024-09-16T17:08:45+00:00\",\"dateModified\":\"2026-03-05T14:51:16+00:00\",\"description\":\"Szybkoz\u0142\u0105czka do kamery Insta360 GO 3 - \u2705 sklep z dronami i fachowym doradztwem. \u2705 Tutaj kupisz produkty DJI, Yuneec, Parrot, Syma i wiele innych, a tak\u017ce kursy i licencje na operatora drona.\",\"breadcrumb\":{\"@id\":\"https:\/\/ironsky.pl\/sklep\/produkt\/szybkozlaczka-do-kamery-insta360-go-3\/#breadcrumb\"},\"inLanguage\":\"pl-PL\",\"potentialAction\":[{\"@type\":\"ReadAction\",\"target\":[\"https:\/\/ironsky.pl\/sklep\/produkt\/szybkozlaczka-do-kamery-insta360-go-3\/\"]}]},{\"@type\":\"ImageObject\",\"inLanguage\":\"pl-PL\",\"@id\":\"https:\/\/ironsky.pl\/sklep\/produkt\/szybkozlaczka-do-kamery-insta360-go-3\/#primaryimage\",\"url\":\"https:\/\/ironsky.pl\/sklep\/wp-content\/uploads\/2024\/09\/32971_2.png\",\"contentUrl\":\"https:\/\/ironsky.pl\/sklep\/wp-content\/uploads\/2024\/09\/32971_2.png\",\"width\":787,\"height\":510},{\"@type\":\"BreadcrumbList\",\"@id\":\"https:\/\/ironsky.pl\/sklep\/produkt\/szybkozlaczka-do-kamery-insta360-go-3\/#breadcrumb\",\"itemListElement\":[{\"@type\":\"ListItem\",\"position\":1,\"name\":\"Strona g\u0142\u00f3wna\",\"item\":\"https:\/\/ironsky.pl\/sklep\/\"},{\"@type\":\"ListItem\",\"position\":2,\"name\":\"Wszystkie produkty\",\"item\":\"https:\/\/ironsky.pl\/sklep\/produkty\/\"},{\"@type\":\"ListItem\",\"position\":3,\"name\":\"Szybkoz\u0142\u0105czka do kamery Insta360 GO 3\"}]},{\"@type\":\"WebSite\",\"@id\":\"https:\/\/ironsky.pl\/sklep\/#website\",\"url\":\"https:\/\/ironsky.pl\/sklep\/\",\"name\":\"IRONSKY.PL Sklep z Dronami\",\"description\":\"IRONSKY.PL Sklep z Dronami\",\"potentialAction\":[{\"@type\":\"SearchAction\",\"target\":{\"@type\":\"EntryPoint\",\"urlTemplate\":\"https:\/\/ironsky.pl\/sklep\/?s={search_term_string}\"},\"query-input\":{\"@type\":\"PropertyValueSpecification\",\"valueRequired\":true,\"valueName\":\"search_term_string\"}}],\"inLanguage\":\"pl-PL\"}]}<\/script>\n<!-- \/ Yoast SEO plugin. -->","yoast_head_json":{"title":"Szybkoz\u0142\u0105czka do kamery Insta360 GO 3 - IRONSKY.PL Sklep z Dronami","description":"Szybkoz\u0142\u0105czka do kamery Insta360 GO 3 - \u2705 sklep z dronami i fachowym doradztwem. \u2705 Tutaj kupisz produkty DJI, Yuneec, Parrot, Syma i wiele innych, a tak\u017ce kursy i licencje na operatora drona.","robots":{"index":"index","follow":"follow","max-snippet":"max-snippet:-1","max-image-preview":"max-image-preview:large","max-video-preview":"max-video-preview:-1"},"canonical":"https:\/\/ironsky.pl\/sklep\/produkt\/szybkozlaczka-do-kamery-insta360-go-3\/","og_locale":"pl_PL","og_type":"article","og_title":"Szybkoz\u0142\u0105czka do kamery Insta360 GO 3 - IRONSKY.PL Sklep z Dronami","og_description":"Szybkoz\u0142\u0105czka do kamery Insta360 GO 3 - \u2705 sklep z dronami i fachowym doradztwem. \u2705 Tutaj kupisz produkty DJI, Yuneec, Parrot, Syma i wiele innych, a tak\u017ce kursy i licencje na operatora drona.","og_url":"https:\/\/ironsky.pl\/sklep\/produkt\/szybkozlaczka-do-kamery-insta360-go-3\/","og_site_name":"IRONSKY.PL Sklep z Dronami","article_modified_time":"2026-03-05T14:51:16+00:00","og_image":[{"width":787,"height":510,"url":"https:\/\/ironsky.pl\/sklep\/wp-content\/uploads\/2024\/09\/32971_2.png","type":"image\/png"}],"twitter_card":"summary_large_image","twitter_misc":{"Szacowany czas czytania":"1 minuta"},"schema":{"@context":"https:\/\/schema.org","@graph":[{"@type":"WebPage","@id":"https:\/\/ironsky.pl\/sklep\/produkt\/szybkozlaczka-do-kamery-insta360-go-3\/","url":"https:\/\/ironsky.pl\/sklep\/produkt\/szybkozlaczka-do-kamery-insta360-go-3\/","name":"Szybkoz\u0142\u0105czka do kamery Insta360 GO 3 - IRONSKY.PL Sklep z Dronami","isPartOf":{"@id":"https:\/\/ironsky.pl\/sklep\/#website"},"primaryImageOfPage":{"@id":"https:\/\/ironsky.pl\/sklep\/produkt\/szybkozlaczka-do-kamery-insta360-go-3\/#primaryimage"},"image":{"@id":"https:\/\/ironsky.pl\/sklep\/produkt\/szybkozlaczka-do-kamery-insta360-go-3\/#primaryimage"},"thumbnailUrl":"https:\/\/ironsky.pl\/sklep\/wp-content\/uploads\/2024\/09\/32971_2.png","datePublished":"2024-09-16T17:08:45+00:00","dateModified":"2026-03-05T14:51:16+00:00","description":"Szybkoz\u0142\u0105czka do kamery Insta360 GO 3 - \u2705 sklep z dronami i fachowym doradztwem. \u2705 Tutaj kupisz produkty DJI, Yuneec, Parrot, Syma i wiele innych, a tak\u017ce kursy i licencje na operatora drona.","breadcrumb":{"@id":"https:\/\/ironsky.pl\/sklep\/produkt\/szybkozlaczka-do-kamery-insta360-go-3\/#breadcrumb"},"inLanguage":"pl-PL","potentialAction":[{"@type":"ReadAction","target":["https:\/\/ironsky.pl\/sklep\/produkt\/szybkozlaczka-do-kamery-insta360-go-3\/"]}]},{"@type":"ImageObject","inLanguage":"pl-PL","@id":"https:\/\/ironsky.pl\/sklep\/produkt\/szybkozlaczka-do-kamery-insta360-go-3\/#primaryimage","url":"https:\/\/ironsky.pl\/sklep\/wp-content\/uploads\/2024\/09\/32971_2.png","contentUrl":"https:\/\/ironsky.pl\/sklep\/wp-content\/uploads\/2024\/09\/32971_2.png","width":787,"height":510},{"@type":"BreadcrumbList","@id":"https:\/\/ironsky.pl\/sklep\/produkt\/szybkozlaczka-do-kamery-insta360-go-3\/#breadcrumb","itemListElement":[{"@type":"ListItem","position":1,"name":"Strona g\u0142\u00f3wna","item":"https:\/\/ironsky.pl\/sklep\/"},{"@type":"ListItem","position":2,"name":"Wszystkie produkty","item":"https:\/\/ironsky.pl\/sklep\/produkty\/"},{"@type":"ListItem","position":3,"name":"Szybkoz\u0142\u0105czka do kamery Insta360 GO 3"}]},{"@type":"WebSite","@id":"https:\/\/ironsky.pl\/sklep\/#website","url":"https:\/\/ironsky.pl\/sklep\/","name":"IRONSKY.PL Sklep z Dronami","description":"IRONSKY.PL Sklep z Dronami","potentialAction":[{"@type":"SearchAction","target":{"@type":"EntryPoint","urlTemplate":"https:\/\/ironsky.pl\/sklep\/?s={search_term_string}"},"query-input":{"@type":"PropertyValueSpecification","valueRequired":true,"valueName":"search_term_string"}}],"inLanguage":"pl-PL"}]}},"_links":{"self":[{"href":"https:\/\/ironsky.pl\/sklep\/wp-json\/wp\/v2\/product\/24668","targetHints":{"allow":["GET"]}}],"collection":[{"href":"https:\/\/ironsky.pl\/sklep\/wp-json\/wp\/v2\/product"}],"about":[{"href":"https:\/\/ironsky.pl\/sklep\/wp-json\/wp\/v2\/types\/product"}],"replies":[{"embeddable":true,"href":"https:\/\/ironsky.pl\/sklep\/wp-json\/wp\/v2\/comments?post=24668"}],"wp:featuredmedia":[{"embeddable":true,"href":"https:\/\/ironsky.pl\/sklep\/wp-json\/wp\/v2\/media\/24669"}],"wp:attachment":[{"href":"https:\/\/ironsky.pl\/sklep\/wp-json\/wp\/v2\/media?parent=24668"}],"wp:term":[{"taxonomy":"product_brand","embeddable":true,"href":"https:\/\/ironsky.pl\/sklep\/wp-json\/wp\/v2\/product_brand?post=24668"},{"taxonomy":"product_cat","embeddable":true,"href":"https:\/\/ironsky.pl\/sklep\/wp-json\/wp\/v2\/product_cat?post=24668"},{"taxonomy":"product_tag","embeddable":true,"href":"https:\/\/ironsky.pl\/sklep\/wp-json\/wp\/v2\/product_tag?post=24668"}],"curies":[{"name":"wp","href":"https:\/\/api.w.org\/{rel}","templated":true}]}}