{"id":24655,"date":"2024-09-16T19:08:45","date_gmt":"2024-09-16T17:08:45","guid":{"rendered":"http:\/\/gvshalph.pro-linuxpl.com\/ironskyprodukty\/produkt\/kamera-sportowa-insta360-go-3-128gb-biala\/"},"modified":"2026-03-05T15:51:16","modified_gmt":"2026-03-05T14:51:16","slug":"kamera-sportowa-insta360-go-3-128gb-biala","status":"publish","type":"product","link":"https:\/\/ironsky.pl\/sklep\/produkt\/kamera-sportowa-insta360-go-3-128gb-biala\/","title":{"rendered":"Kamera sportowa Insta360 GO 3 (128GB) (Bia\u0142a)"},"content":{"rendered":"<h3>Kamera sportowa Insta360 GO 3 (128GB) (Bia\u0142a)<\/h3>\n<p>Insta360 GO 3 to kompaktowa kamera, kt\u00f3ra pozwoli Ci uwieczni\u0107 niezapomniane chwile w najwy\u017cszej jako\u015bci. Oferuje nagrywanie ultraszerokich uj\u0119\u0107 w jako\u015bci 2,7K, a tak\u017ce pozwala wybiera\u0107 spo\u015br\u00f3d wielu ciekawych funkcji, kt\u00f3re urozmaic\u0105 Twoje materia\u0142y. Do zestawu do\u0142\u0105czono Action Pod, kt\u00f3ry umo\u017cliwia sterowania kamer\u0105 na odleg\u0142o\u015b\u0107 oraz u\u0142atwi jej obs\u0142ug\u0119. Dzi\u0119ki wodoodpornej konstrukcji mo\u017cesz bez przeszk\u00f3d zanurzy\u0107 j\u0105 pod wod\u0119, a magnetyczny design pozwoli Ci przymocowa\u0107 kamer\u0119 w dowolnym miejscu. Zapewnia do nawet 173 minut pracy w po\u0142\u0105czeniu z Action Pod, a za niezawodn\u0105 stabilizacj\u0119 odpowiada technologia FlowState.<\/p>\n<p><img decoding=\"async\" src=\"https:\/\/b2b.innpro.pl\/data\/include\/cms\/Insta360\/GO-3-64-GB\/6.jpg\" border=\"0\" alt=\"Insta360\/GO-3-64-GB\/6\" \/><\/p>\n<h3>Szybki podgl\u0105d<\/h3>\n<p>Od teraz robienie selfie b\u0119dzie jeszcze \u0142atwiejsze! W zestawie znajdziesz Action Pod z ekranem dotykowym, kt\u00f3ry pozwoli Ci uzyska\u0107 idealnie wykadrowane zdj\u0119cie z r\u0119ki \u2013 wystarczy, \u017ce odchylisz ekran. Zamontowa\u0142e\u015b kamer\u0119 GO3 w innym miejscu? Wykorzystaj Action Pod, aby zdalnie sterowa\u0107 urz\u0105dzeniem, wy\u015bwietla\u0107 podgl\u0105d uj\u0119\u0107 i tworzy\u0107 profesjonalne zdj\u0119cia! Co wi\u0119cej, Action Pod zapewni Ci szybki dost\u0119p od wybranych ustawie\u0144.<\/p>\n<p><img decoding=\"async\" src=\"https:\/\/b2b.innpro.pl\/data\/include\/cms\/Insta360\/GO-3-64-GB\/1.jpg\" border=\"0\" alt=\"Insta360\/GO-3-64-GB\/1\" \/><\/p>\n<h3>Ogromne mo\u017cliwo\u015bci w kompaktowej formie<\/h3>\n<p>GO 3 mie\u015bci w sobie wszystkie pot\u0119\u017cne mo\u017cliwo\u015bci kamery sportowej w niewielkiej obudowie. Urz\u0105dzenie wa\u017cy zaledwie 35 g, a jego kompaktowa konstrukcja sprawia, \u017ce mo\u017cesz mie\u0107 j\u0105 zawsze przy sobie. Wbudowana pami\u0119\u0107 128 GB zapewni Ci du\u017co miejsca na przechowywanie materia\u0142\u00f3w. Kamera w po\u0142\u0105czeniu z Action Pod jest odporna na poziomie IPX4, dzi\u0119ki czemu niestraszne jej krople deszczu czy zachlapania. Chcesz uchwyci\u0107 pi\u0119kno podwodnego \u015bwiata na swoim nagraniu? Wyjmij kamer\u0119 GO 3 z Action Pod i bez obaw zanurz j\u0105 na g\u0142\u0119boko\u015b\u0107 do 5 m!<\/p>\n<p><img decoding=\"async\" src=\"https:\/\/b2b.innpro.pl\/data\/include\/cms\/Insta360\/GO-3-64-GB\/12.jpg\" border=\"0\" alt=\"Insta360\/GO-3-64-GB\/12\" \/><\/p>\n<h3>Kreatywne uj\u0119cia bez u\u017cycia r\u0105k<\/h3>\n<p>Tw\u00f3rz spektakularne filmy z zupe\u0142nie nowej perspektywy! Kamera GO3 umo\u017cliwia wygodne nagrywanie ultraszerokich uj\u0119\u0107 w rozdzielczo\u015bci 2,7K bez konieczno\u015bci trzymania jej w d\u0142oni. Dzi\u0119ki niewielkiej, magnetycznej konstrukcji i praktycznym akcesoriom z \u0142atwo\u015bci\u0105 przymocujesz kamer\u0119 w dowolnym miejscu, aby uzyska\u0107 wyj\u0105tkowe kadry i uchwyci\u0107 niezapomniane chwile z Twojej perspektywy! Insta360 GO 3 wykorzystuje r\u00f3wnie\u017c innowacyjn\u0105 technologi\u0119 poziomowania, dzi\u0119ki kt\u00f3rej wideo pozostaje w pozycji pionowej, niezale\u017cnie od tego, w jakiej pozycji nagrywasz!<\/p>\n<p><img decoding=\"async\" src=\"https:\/\/b2b.innpro.pl\/data\/include\/cms\/Insta360\/GO-3-64-GB\/3.jpg\" border=\"0\" alt=\"Insta360\/GO-3-64-GB\/3\" \/><\/p>\n<h3>Jeszcze ciekawsze materia\u0142y<\/h3>\n<p>Daj si\u0119 ponie\u015b\u0107 swojej kreatywno\u015bci! Do Twojej dyspozycji jest wiele ciekawych tryb\u00f3w filmowania, kt\u00f3re pozwol\u0105 nada\u0107 Twoim nagraniom niepowtarzalny charakter. Tryb SlowMotion pozwoli Ci zatrzyma\u0107 ulotne momenty na d\u0142u\u017cej, spowalniaj\u0105c nagrania do 120 klatek na sekund\u0119. Z kolei tryb TimeShift umo\u017cliwi Ci eksperymentowanie z czasem i przestrzeni\u0105, tworz\u0105c magiczne efekty przyspieszenia. Skorzystaj z funkcji PureShot HDR, aby doda\u0107 materia\u0142om niesamowitej g\u0142\u0119bi kolor\u00f3w. Twoje mo\u017cliwo\u015bci s\u0105 niemal nieograniczone!<\/p>\n<p><img decoding=\"async\" src=\"https:\/\/b2b.innpro.pl\/data\/include\/cms\/Insta360\/GO-3-64-GB\/10.jpg\" border=\"0\" alt=\"Insta360\/GO-3-64-GB\/10\" \/><\/p>\n<h3>Automatyczna edycja nagra\u0144 z AI<\/h3>\n<p>Edycja nagra\u0144 nigdy nie by\u0142a \u0142atwiejsza. Brakuje Ci czasu na edycj\u0119 swoich materia\u0142\u00f3w? Pozw\u00f3l sztucznej inteligencji wykona\u0107 to za Ciebie! Funkcja automatycznej edycji wyszukuje najciekawsze momenty nagra\u0144 i montuje je w rytm muzyki. Co wi\u0119cej, mo\u017cesz swobodnie eksportowa\u0107 swoje nagrania w r\u00f3\u017cnych formatach \u2013 od kwadratu do szerokiego ekranu.<\/p>\n<p><img decoding=\"async\" src=\"https:\/\/b2b.innpro.pl\/data\/include\/cms\/Insta360\/GO-3-64-GB\/13.jpg\" border=\"0\" alt=\"Insta360\/GO-3-64-GB\/11\" \/><\/p>\n<h3>Wygodna obs\u0142uga<\/h3>\n<p>Obs\u0142uga urz\u0105dzenia nie b\u0119dzie stanowi\u0107 dla Ciebie \u017cadnego problemu. Wystarczy nacisn\u0105\u0107 przycisk z przodu kamery, aby natychmiast rozpocz\u0105\u0107 nagrywanie \u2013 nawet gdy GO 3 jest wy\u0142\u0105czona. Ale to jeszcze nie wszystko! GO 3 obs\u0142uguje r\u00f3wnie\u017c sterowanie g\u0142osowe, co oznacza, \u017ce mo\u017cesz wygodnie kontrolowa\u0107 kamer\u0119 za pomoc\u0105 prostych polece\u0144 g\u0142osowych. Nie tra\u0107 czasu na szukanie odpowiednich ustawie\u0144 czy przycisk\u00f3w \u2013 teraz mo\u017cesz skupi\u0107 si\u0119 na tym, co najwa\u017cniejsze, a GO 3 zadba o reszt\u0119.<\/p>\n<p><img decoding=\"async\" src=\"https:\/\/b2b.innpro.pl\/data\/include\/cms\/Insta360\/GO-3-64-GB\/15.jpg\" border=\"0\" alt=\"Insta360\/GO-3-64-GB\/2\" \/><\/p>\n<h3>Nawet 173 minuty nagrywania<\/h3>\n<p>Nagrywaj tak d\u0142ugo, jak tylko chcesz, bez konieczno\u015bci robienia przerw na \u0142adowanie kamery! Kamera zosta\u0142a wyposa\u017cona w wydajny akumulator o pojemno\u015bci 310 mAh, kt\u00f3ry umo\u017cliwia a\u017c o 50% d\u0142u\u017csze nagrywanie ni\u017c poprzedni model. Dzi\u0119ki temu GO 3 mo\u017ce pracowa\u0107 do 45 minut. Chcesz przed\u0142u\u017cy\u0107 ten czas pracy? Po\u0142\u0105cz kamer\u0119 z Action Pod, aby swobodnie filmowa\u0107 przez nawet 173 minuty.<\/p>\n<p><img decoding=\"async\" src=\"https:\/\/b2b.innpro.pl\/data\/include\/cms\/Insta360\/GO-3-64-GB\/17.jpg\" border=\"0\" alt=\"Insta360\/GO-3-64-GB\/5\" \/><\/p>\n<h3>Ulepszone audio<\/h3>\n<p>Insta360 GO 3 posiada 2 wbudowane mikrofony, kt\u00f3re pozwol\u0105 Ci uchwyci\u0107 pe\u0142ne spektrum d\u017awi\u0119k\u00f3w z otoczenia. Dzi\u0119ki temu d\u017awi\u0119k jest wyra\u017any, czysty i naturalny. Mo\u017cesz r\u00f3wnie\u017c sparowa\u0107 kamer\u0119 ze swoimi s\u0142uchawki AirPods i cieszy\u0107 si\u0119 jeszcze lepsz\u0105 jako\u015bci\u0105 d\u017awi\u0119ku. To doskona\u0142e rozwi\u0105zanie, je\u015bli chcesz nagrywa\u0107 vlogi!<\/p>\n<p><img decoding=\"async\" src=\"https:\/\/b2b.innpro.pl\/data\/include\/cms\/Insta360\/GO-3-64-GB\/4.jpg\" border=\"0\" alt=\"Insta360\/GO-3-64-GB\/4\" \/><\/p>\n<h3>P\u0142ynne nagrania<\/h3>\n<p>Cenisz sobie wysok\u0105 jako\u015b\u0107 nagra\u0144? Insta360 GO 2 z pewno\u015bci\u0105 spe\u0142ni Twoje oczekiwania! Dzi\u0119ki opracowanej technologii stabilizacji FlowState Twoje nagrania b\u0119d\u0105 p\u0142ynne i pozbawione wszelkich drga\u0144. Trz\u0119sienia, wstrz\u0105sy czy przechy\u0142y \u2013 ju\u017c nic nie stanie Ci na przeszkodzie!<\/p>\n<p><img decoding=\"async\" src=\"https:\/\/b2b.innpro.pl\/data\/include\/cms\/Insta360\/GO-3-64-GB\/8.jpg\" border=\"0\" alt=\"Insta360\/GO-3-64-GB\/8\" \/><\/p>\n<h3>W zestawie<\/h3>\n<ul>\n<li>kamera GO 3<\/li>\n<li>Action Pod<\/li>\n<li>stojak pivot<\/li>\n<li>magnetyczna zawieszka<\/li>\n<li>klips do mocowania<\/li>\n<\/ul>\n<div class=\"table-wrapper\">\n<table>\n<tbody>\n<tr>\n<th>Producent<\/th>\n<td>Insta360<\/td>\n<\/tr>\n<tr>\n<th>Model<\/th>\n<td>GO 3<\/td>\n<\/tr>\n<tr>\n<th>Wy\u015bwietlacz<\/th>\n<td>2.2\u201d<\/td>\n<\/tr>\n<tr>\n<th>Przys\u0142ona<\/th>\n<td>F2.2<\/td>\n<\/tr>\n<tr>\n<th>Ekwiwalent ogniskowej 35 mm<\/th>\n<td>11.24 mm<\/td>\n<\/tr>\n<tr>\n<th>Rozdzielczo\u015b\u0107 zdj\u0119\u0107<\/th>\n<td>2560&#215;2560 (1:1)<br \/>2560&#215;1440 (16:9)<br \/>1440&#215;2560 (9:16)<br \/>2936&#215;1088 (Film Panorama)<\/td>\n<\/tr>\n<tr>\n<th>Rozdzielczo\u015b\u0107 wideo<\/th>\n<td>2720&#215;1536@30\/25\/24fps; <br \/>2560&#215;1440@50\/30\/25\/24fps; <br \/>1920&#215;1080@50\/30\/25\/24fps; <br \/>FreeFrame wideo <br \/>2560&#215;1440@50\/30\/25\/24fps<br \/>1920&#215;1080@50\/30\/25\/24fps<br \/>Timelapse <br \/>2560&#215;1440@30fps<br \/>TimeShift <br \/>2560&#215;1440@30fps<br \/>Slow Motion <br \/>1920&#215;1080@120fps<br \/>Pre-recording <br \/>2720&#215;1536@24\/25\/30fps<br \/>2560&#215;1440@24\/25\/30\/50fps<br \/>1920&#215;1080@24\/25\/30\/50fps<br \/>Loop Recording <br \/>2720&#215;1536@24\/25\/30fps<br \/>2560&#215;1440@24\/25\/30\/50fps<br \/>1920&#215;1080@24\/25\/30\/50fps<\/td>\n<\/tr>\n<tr>\n<th>Format zdj\u0119\u0107<\/th>\n<td>INSP (mo\u017cna eksportowa\u0107 za po\u015brednictwem aplikacji lub programu Studio)<br \/>DNG (mo\u017cna eksportowa\u0107 za pomoc\u0105 aplikacji lub programu Studio)<\/td>\n<\/tr>\n<tr>\n<th>Format wideo<\/th>\n<td>MP4<\/td>\n<\/tr>\n<tr>\n<th>Profile kolor\u00f3w<\/th>\n<td>Standard, Vivid, Flat<\/td>\n<\/tr>\n<tr>\n<th>Tryby zdj\u0119\u0107<\/th>\n<td>Photo, HDR Photo, Interval, Starlapse<\/td>\n<\/tr>\n<tr>\n<th>Tryby wideo<\/th>\n<td>Standard, FreeFrame Video, Timelapse, TimeShift, Slow Motion, Pre-Recording, Loop Recording<\/td>\n<\/tr>\n<tr>\n<th>Tryby audio<\/th>\n<td>Redukcja wiatru, Stereo, Skupienie kierunkowe<\/td>\n<\/tr>\n<tr>\n<th>Wersja Bluetooth<\/th>\n<td>5.0<\/td>\n<\/tr>\n<tr>\n<th>Czas pracy<\/th>\n<td>GO 3: 45min (TBD) \u2013 1080p@30fps <br \/>GO 3 + Action Pod: 173 min (TBD) \u2013 1080p@30fps<\/td>\n<\/tr>\n<tr>\n<th>Pojemno\u015b\u0107 akumulatora<\/th>\n<td>Go 3: 310 mAh<br \/>Action Pod: 1270 mAh<\/td>\n<\/tr>\n<tr>\n<th>Wi-Fi<\/th>\n<td>5GHz 802.11a\/b\/g\/n\/ac<\/td>\n<\/tr>\n<tr>\n<th>Pojemno\u015b\u0107<\/th>\n<td>128 GB<\/td>\n<\/tr>\n<tr>\n<th>Wymiary<\/th>\n<td>GO 3: <br \/>25,6 x 54,4 x 23,2 mm<br \/>Action Pod: <br \/>63,5 x 47,6 x 29,5 mm (ekran z\u0142o\u017cony)<br \/>63,5 x 86,6 x 29,9 mm (ekran roz\u0142o\u017cony)<\/td>\n<\/tr>\n<tr>\n<th>Waga<\/th>\n<td>GO 3: 35.5g<br \/>Action Pod: 96.3g<\/td>\n<\/tr>\n<\/tbody>\n<\/table>\n<\/div>\n","protected":false},"excerpt":{"rendered":"<p>Kamera sportowa Insta360 GO 3 (128GB) (Bia\u0142a) Insta360 GO 3 to kompaktowa kamera, kt\u00f3ra pozwoli Ci uwieczni\u0107 niezapomniane chwile w<\/p>\n","protected":false},"featured_media":24656,"comment_status":"closed","ping_status":"open","template":"","meta":{"_acf_changed":false},"product_brand":[],"product_cat":[1128,1160,1158],"product_tag":[],"class_list":{"0":"post-24655","1":"product","2":"type-product","3":"status-publish","4":"has-post-thumbnail","6":"product_cat-foto-wideo","7":"product_cat-insta-360","8":"product_cat-kamery-sportowe","9":"pa_box-height-1383","10":"pa_box-length-3910","11":"pa_box-width-1374","12":"pa_gross-weight-2869","13":"pa_hs-code-2354","14":"pa_jakosc-zapisu-4k-uhd","15":"pa_net-weight-1720","16":"pa_rodzaj-sportowa","18":"first","19":"outofstock","20":"taxable","21":"shipping-taxable","22":"purchasable","23":"product-type-simple"},"acf":[],"yoast_head":"<!-- This site is optimized with the Yoast SEO plugin v27.2 - https:\/\/yoast.com\/product\/yoast-seo-wordpress\/ -->\n<title>Kamera sportowa Insta360 GO 3 (128GB) (Bia\u0142a) - IRONSKY.PL Sklep z Dronami<\/title>\n<meta name=\"description\" content=\"Kamera sportowa Insta360 GO 3 (128GB) (Bia\u0142a) - \u2705 sklep z dronami i fachowym doradztwem. \u2705 Tutaj kupisz produkty DJI, Yuneec, Parrot, Syma i wiele innych, a tak\u017ce kursy i licencje na operatora drona.\" \/>\n<meta name=\"robots\" content=\"index, follow, max-snippet:-1, max-image-preview:large, max-video-preview:-1\" \/>\n<link rel=\"canonical\" href=\"https:\/\/ironsky.pl\/sklep\/produkt\/kamera-sportowa-insta360-go-3-128gb-biala\/\" \/>\n<meta property=\"og:locale\" content=\"pl_PL\" \/>\n<meta property=\"og:type\" content=\"article\" \/>\n<meta property=\"og:title\" content=\"Kamera sportowa Insta360 GO 3 (128GB) (Bia\u0142a) - IRONSKY.PL Sklep z Dronami\" \/>\n<meta property=\"og:description\" content=\"Kamera sportowa Insta360 GO 3 (128GB) (Bia\u0142a) - \u2705 sklep z dronami i fachowym doradztwem. \u2705 Tutaj kupisz produkty DJI, Yuneec, Parrot, Syma i wiele innych, a tak\u017ce kursy i licencje na operatora drona.\" \/>\n<meta property=\"og:url\" content=\"https:\/\/ironsky.pl\/sklep\/produkt\/kamera-sportowa-insta360-go-3-128gb-biala\/\" \/>\n<meta property=\"og:site_name\" content=\"IRONSKY.PL Sklep z Dronami\" \/>\n<meta property=\"article:modified_time\" content=\"2026-03-05T14:51:16+00:00\" \/>\n<meta property=\"og:image\" content=\"https:\/\/ironsky.pl\/sklep\/wp-content\/uploads\/2024\/09\/32968_5.jpg\" \/>\n\t<meta property=\"og:image:width\" content=\"800\" \/>\n\t<meta property=\"og:image:height\" content=\"800\" \/>\n\t<meta property=\"og:image:type\" content=\"image\/jpeg\" \/>\n<meta name=\"twitter:card\" content=\"summary_large_image\" \/>\n<meta name=\"twitter:label1\" content=\"Szacowany czas czytania\" \/>\n\t<meta name=\"twitter:data1\" content=\"5 minut\" \/>\n<script type=\"application\/ld+json\" class=\"yoast-schema-graph\">{\"@context\":\"https:\/\/schema.org\",\"@graph\":[{\"@type\":\"WebPage\",\"@id\":\"https:\/\/ironsky.pl\/sklep\/produkt\/kamera-sportowa-insta360-go-3-128gb-biala\/\",\"url\":\"https:\/\/ironsky.pl\/sklep\/produkt\/kamera-sportowa-insta360-go-3-128gb-biala\/\",\"name\":\"Kamera sportowa Insta360 GO 3 (128GB) (Bia\u0142a) - IRONSKY.PL Sklep z Dronami\",\"isPartOf\":{\"@id\":\"https:\/\/ironsky.pl\/sklep\/#website\"},\"primaryImageOfPage\":{\"@id\":\"https:\/\/ironsky.pl\/sklep\/produkt\/kamera-sportowa-insta360-go-3-128gb-biala\/#primaryimage\"},\"image\":{\"@id\":\"https:\/\/ironsky.pl\/sklep\/produkt\/kamera-sportowa-insta360-go-3-128gb-biala\/#primaryimage\"},\"thumbnailUrl\":\"https:\/\/ironsky.pl\/sklep\/wp-content\/uploads\/2024\/09\/32968_5.jpg\",\"datePublished\":\"2024-09-16T17:08:45+00:00\",\"dateModified\":\"2026-03-05T14:51:16+00:00\",\"description\":\"Kamera sportowa Insta360 GO 3 (128GB) (Bia\u0142a) - \u2705 sklep z dronami i fachowym doradztwem. \u2705 Tutaj kupisz produkty DJI, Yuneec, Parrot, Syma i wiele innych, a tak\u017ce kursy i licencje na operatora drona.\",\"breadcrumb\":{\"@id\":\"https:\/\/ironsky.pl\/sklep\/produkt\/kamera-sportowa-insta360-go-3-128gb-biala\/#breadcrumb\"},\"inLanguage\":\"pl-PL\",\"potentialAction\":[{\"@type\":\"ReadAction\",\"target\":[\"https:\/\/ironsky.pl\/sklep\/produkt\/kamera-sportowa-insta360-go-3-128gb-biala\/\"]}]},{\"@type\":\"ImageObject\",\"inLanguage\":\"pl-PL\",\"@id\":\"https:\/\/ironsky.pl\/sklep\/produkt\/kamera-sportowa-insta360-go-3-128gb-biala\/#primaryimage\",\"url\":\"https:\/\/ironsky.pl\/sklep\/wp-content\/uploads\/2024\/09\/32968_5.jpg\",\"contentUrl\":\"https:\/\/ironsky.pl\/sklep\/wp-content\/uploads\/2024\/09\/32968_5.jpg\",\"width\":800,\"height\":800},{\"@type\":\"BreadcrumbList\",\"@id\":\"https:\/\/ironsky.pl\/sklep\/produkt\/kamera-sportowa-insta360-go-3-128gb-biala\/#breadcrumb\",\"itemListElement\":[{\"@type\":\"ListItem\",\"position\":1,\"name\":\"Strona g\u0142\u00f3wna\",\"item\":\"https:\/\/ironsky.pl\/sklep\/\"},{\"@type\":\"ListItem\",\"position\":2,\"name\":\"Wszystkie produkty\",\"item\":\"https:\/\/ironsky.pl\/sklep\/produkty\/\"},{\"@type\":\"ListItem\",\"position\":3,\"name\":\"Kamera sportowa Insta360 GO 3 (128GB) (Bia\u0142a)\"}]},{\"@type\":\"WebSite\",\"@id\":\"https:\/\/ironsky.pl\/sklep\/#website\",\"url\":\"https:\/\/ironsky.pl\/sklep\/\",\"name\":\"IRONSKY.PL Sklep z Dronami\",\"description\":\"IRONSKY.PL Sklep z Dronami\",\"potentialAction\":[{\"@type\":\"SearchAction\",\"target\":{\"@type\":\"EntryPoint\",\"urlTemplate\":\"https:\/\/ironsky.pl\/sklep\/?s={search_term_string}\"},\"query-input\":{\"@type\":\"PropertyValueSpecification\",\"valueRequired\":true,\"valueName\":\"search_term_string\"}}],\"inLanguage\":\"pl-PL\"}]}<\/script>\n<!-- \/ Yoast SEO plugin. -->","yoast_head_json":{"title":"Kamera sportowa Insta360 GO 3 (128GB) (Bia\u0142a) - IRONSKY.PL Sklep z Dronami","description":"Kamera sportowa Insta360 GO 3 (128GB) (Bia\u0142a) - \u2705 sklep z dronami i fachowym doradztwem. \u2705 Tutaj kupisz produkty DJI, Yuneec, Parrot, Syma i wiele innych, a tak\u017ce kursy i licencje na operatora drona.","robots":{"index":"index","follow":"follow","max-snippet":"max-snippet:-1","max-image-preview":"max-image-preview:large","max-video-preview":"max-video-preview:-1"},"canonical":"https:\/\/ironsky.pl\/sklep\/produkt\/kamera-sportowa-insta360-go-3-128gb-biala\/","og_locale":"pl_PL","og_type":"article","og_title":"Kamera sportowa Insta360 GO 3 (128GB) (Bia\u0142a) - IRONSKY.PL Sklep z Dronami","og_description":"Kamera sportowa Insta360 GO 3 (128GB) (Bia\u0142a) - \u2705 sklep z dronami i fachowym doradztwem. \u2705 Tutaj kupisz produkty DJI, Yuneec, Parrot, Syma i wiele innych, a tak\u017ce kursy i licencje na operatora drona.","og_url":"https:\/\/ironsky.pl\/sklep\/produkt\/kamera-sportowa-insta360-go-3-128gb-biala\/","og_site_name":"IRONSKY.PL Sklep z Dronami","article_modified_time":"2026-03-05T14:51:16+00:00","og_image":[{"width":800,"height":800,"url":"https:\/\/ironsky.pl\/sklep\/wp-content\/uploads\/2024\/09\/32968_5.jpg","type":"image\/jpeg"}],"twitter_card":"summary_large_image","twitter_misc":{"Szacowany czas czytania":"5 minut"},"schema":{"@context":"https:\/\/schema.org","@graph":[{"@type":"WebPage","@id":"https:\/\/ironsky.pl\/sklep\/produkt\/kamera-sportowa-insta360-go-3-128gb-biala\/","url":"https:\/\/ironsky.pl\/sklep\/produkt\/kamera-sportowa-insta360-go-3-128gb-biala\/","name":"Kamera sportowa Insta360 GO 3 (128GB) (Bia\u0142a) - IRONSKY.PL Sklep z Dronami","isPartOf":{"@id":"https:\/\/ironsky.pl\/sklep\/#website"},"primaryImageOfPage":{"@id":"https:\/\/ironsky.pl\/sklep\/produkt\/kamera-sportowa-insta360-go-3-128gb-biala\/#primaryimage"},"image":{"@id":"https:\/\/ironsky.pl\/sklep\/produkt\/kamera-sportowa-insta360-go-3-128gb-biala\/#primaryimage"},"thumbnailUrl":"https:\/\/ironsky.pl\/sklep\/wp-content\/uploads\/2024\/09\/32968_5.jpg","datePublished":"2024-09-16T17:08:45+00:00","dateModified":"2026-03-05T14:51:16+00:00","description":"Kamera sportowa Insta360 GO 3 (128GB) (Bia\u0142a) - \u2705 sklep z dronami i fachowym doradztwem. \u2705 Tutaj kupisz produkty DJI, Yuneec, Parrot, Syma i wiele innych, a tak\u017ce kursy i licencje na operatora drona.","breadcrumb":{"@id":"https:\/\/ironsky.pl\/sklep\/produkt\/kamera-sportowa-insta360-go-3-128gb-biala\/#breadcrumb"},"inLanguage":"pl-PL","potentialAction":[{"@type":"ReadAction","target":["https:\/\/ironsky.pl\/sklep\/produkt\/kamera-sportowa-insta360-go-3-128gb-biala\/"]}]},{"@type":"ImageObject","inLanguage":"pl-PL","@id":"https:\/\/ironsky.pl\/sklep\/produkt\/kamera-sportowa-insta360-go-3-128gb-biala\/#primaryimage","url":"https:\/\/ironsky.pl\/sklep\/wp-content\/uploads\/2024\/09\/32968_5.jpg","contentUrl":"https:\/\/ironsky.pl\/sklep\/wp-content\/uploads\/2024\/09\/32968_5.jpg","width":800,"height":800},{"@type":"BreadcrumbList","@id":"https:\/\/ironsky.pl\/sklep\/produkt\/kamera-sportowa-insta360-go-3-128gb-biala\/#breadcrumb","itemListElement":[{"@type":"ListItem","position":1,"name":"Strona g\u0142\u00f3wna","item":"https:\/\/ironsky.pl\/sklep\/"},{"@type":"ListItem","position":2,"name":"Wszystkie produkty","item":"https:\/\/ironsky.pl\/sklep\/produkty\/"},{"@type":"ListItem","position":3,"name":"Kamera sportowa Insta360 GO 3 (128GB) (Bia\u0142a)"}]},{"@type":"WebSite","@id":"https:\/\/ironsky.pl\/sklep\/#website","url":"https:\/\/ironsky.pl\/sklep\/","name":"IRONSKY.PL Sklep z Dronami","description":"IRONSKY.PL Sklep z Dronami","potentialAction":[{"@type":"SearchAction","target":{"@type":"EntryPoint","urlTemplate":"https:\/\/ironsky.pl\/sklep\/?s={search_term_string}"},"query-input":{"@type":"PropertyValueSpecification","valueRequired":true,"valueName":"search_term_string"}}],"inLanguage":"pl-PL"}]}},"_links":{"self":[{"href":"https:\/\/ironsky.pl\/sklep\/wp-json\/wp\/v2\/product\/24655","targetHints":{"allow":["GET"]}}],"collection":[{"href":"https:\/\/ironsky.pl\/sklep\/wp-json\/wp\/v2\/product"}],"about":[{"href":"https:\/\/ironsky.pl\/sklep\/wp-json\/wp\/v2\/types\/product"}],"replies":[{"embeddable":true,"href":"https:\/\/ironsky.pl\/sklep\/wp-json\/wp\/v2\/comments?post=24655"}],"wp:featuredmedia":[{"embeddable":true,"href":"https:\/\/ironsky.pl\/sklep\/wp-json\/wp\/v2\/media\/24656"}],"wp:attachment":[{"href":"https:\/\/ironsky.pl\/sklep\/wp-json\/wp\/v2\/media?parent=24655"}],"wp:term":[{"taxonomy":"product_brand","embeddable":true,"href":"https:\/\/ironsky.pl\/sklep\/wp-json\/wp\/v2\/product_brand?post=24655"},{"taxonomy":"product_cat","embeddable":true,"href":"https:\/\/ironsky.pl\/sklep\/wp-json\/wp\/v2\/product_cat?post=24655"},{"taxonomy":"product_tag","embeddable":true,"href":"https:\/\/ironsky.pl\/sklep\/wp-json\/wp\/v2\/product_tag?post=24655"}],"curies":[{"name":"wp","href":"https:\/\/api.w.org\/{rel}","templated":true}]}}