{"id":24556,"date":"2024-09-16T19:07:23","date_gmt":"2024-09-16T17:07:23","guid":{"rendered":"http:\/\/gvshalph.pro-linuxpl.com\/ironskyprodukty\/produkt\/pasek-na-nadgarstek-pgytech-karmelowy\/"},"modified":"2026-03-05T15:51:14","modified_gmt":"2026-03-05T14:51:14","slug":"pasek-na-nadgarstek-pgytech-karmelowy","status":"publish","type":"product","link":"https:\/\/ironsky.pl\/sklep\/produkt\/pasek-na-nadgarstek-pgytech-karmelowy\/","title":{"rendered":"Pasek na nadgarstek PGYTECH (karmelowy)"},"content":{"rendered":"<h3>Pasek na nadgarstek PGYTECH (Earth Brown)<\/h3>\n<p>Pasek PGYTECH z \u0142atwo\u015bci\u0105 przypniesz do kamery. Co wi\u0119cej, produkt powsta\u0142 z odpornych na zu\u017cycie materia\u0142\u00f3w. Pasek mo\u017cesz tak\u017ce regulowa\u0107, a wyko\u0144czenie z mikrofibry jest delikatne dla sk\u00f3ry. Wyr\u00f3\u017cnia si\u0119 obci\u0105\u017ceniem do 90 kg i zapewnia bezpiecze\u0144stwo Twojego sprz\u0119tu. <\/p>\n<p><img decoding=\"async\" src=\"https:\/\/b2b.innpro.pl\/data\/include\/cms\/PGYTECH\/P-CB-124\/3.jpg\" alt=\"PGYTECH\/P-CB-124\/3\"><\/p>\n<h3>Wytrzyma\u0142y<\/h3>\n<p>Pasek powsta\u0142 z odpornego na zu\u017cycie tworzywa dyneema, dzi\u0119ki czemu d\u0142ugo Ci pos\u0142u\u017cy. Co wi\u0119cej, wyko\u0144czenie z oddychaj\u0105cej mikrofibry dobrze poch\u0142ania wod\u0119 i jest delikatne dla sk\u00f3ry. Opr\u00f3cz tego smycz sk\u0142ada si\u0119 z 3 warstw, co chroni przed \u015bcieraniem, a jej maksymalny ud\u017awig wynosi 90 kg. Mo\u017cesz zatem przypi\u0105\u0107 pasek do kamery bez obaw o uszkodzenie sprz\u0119tu. <\/p>\n<p><img decoding=\"async\" src=\"https:\/\/b2b.innpro.pl\/data\/include\/cms\/PGYTECH\/P-CB-124\/2.jpg\" alt=\"PGYTECH\/P-CB-124\/2\"><\/p>\n<div class=\"table-wrapper\">\n<table>\n<tbody>\n<tr>\n<th>Producent<\/th>\n<td>PGYTECH<\/td>\n<\/tr>\n<tr>\n<th>Model<\/th>\n<td>P-CB-124<\/td>\n<\/tr>\n<tr>\n<th>Kolor<\/th>\n<td>br\u0105zowy<\/td>\n<\/tr>\n<tr>\n<th>Materia\u0142<\/th>\n<td>mikrofibra, nylon, dyneema<\/td>\n<\/tr>\n<tr>\n<th>Waga<\/th>\n<td>34 g<\/td>\n<\/tr>\n<\/tbody>\n<\/table>\n<\/div>\n","protected":false},"excerpt":{"rendered":"<p>Pasek na nadgarstek PGYTECH (Earth Brown) Pasek PGYTECH z \u0142atwo\u015bci\u0105 przypniesz do kamery. Co wi\u0119cej, produkt powsta\u0142 z odpornych na<\/p>\n","protected":false},"featured_media":24557,"comment_status":"closed","ping_status":"open","template":"","meta":{"_acf_changed":false},"product_brand":[],"product_cat":[1130,1128,1150],"product_tag":[],"class_list":{"0":"post-24556","1":"product","2":"type-product","3":"status-publish","4":"has-post-thumbnail","6":"product_cat-akcesoria-foto","7":"product_cat-foto-wideo","8":"product_cat-pozostale","9":"pa_box-height-1326","10":"pa_box-length-1460","11":"pa_box-width-1528","12":"pa_gross-weight-2114","13":"pa_hs-code-1775","14":"pa_net-weight-2224","16":"first","17":"outofstock","18":"taxable","19":"shipping-taxable","20":"purchasable","21":"product-type-simple"},"acf":[],"yoast_head":"<!-- This site is optimized with the Yoast SEO plugin v27.2 - https:\/\/yoast.com\/product\/yoast-seo-wordpress\/ -->\n<title>Pasek na nadgarstek PGYTECH (karmelowy) - IRONSKY.PL Sklep z Dronami<\/title>\n<meta name=\"description\" content=\"Pasek na nadgarstek PGYTECH (karmelowy) - \u2705 sklep z dronami i fachowym doradztwem. \u2705 Tutaj kupisz produkty DJI, Yuneec, Parrot, Syma i wiele innych, a tak\u017ce kursy i licencje na operatora drona.\" \/>\n<meta name=\"robots\" content=\"index, follow, max-snippet:-1, max-image-preview:large, max-video-preview:-1\" \/>\n<link rel=\"canonical\" href=\"https:\/\/ironsky.pl\/sklep\/produkt\/pasek-na-nadgarstek-pgytech-karmelowy\/\" \/>\n<meta property=\"og:locale\" content=\"pl_PL\" \/>\n<meta property=\"og:type\" content=\"article\" \/>\n<meta property=\"og:title\" content=\"Pasek na nadgarstek PGYTECH (karmelowy) - IRONSKY.PL Sklep z Dronami\" \/>\n<meta property=\"og:description\" content=\"Pasek na nadgarstek PGYTECH (karmelowy) - \u2705 sklep z dronami i fachowym doradztwem. \u2705 Tutaj kupisz produkty DJI, Yuneec, Parrot, Syma i wiele innych, a tak\u017ce kursy i licencje na operatora drona.\" \/>\n<meta property=\"og:url\" content=\"https:\/\/ironsky.pl\/sklep\/produkt\/pasek-na-nadgarstek-pgytech-karmelowy\/\" \/>\n<meta property=\"og:site_name\" content=\"IRONSKY.PL Sklep z Dronami\" \/>\n<meta property=\"article:modified_time\" content=\"2026-03-05T14:51:14+00:00\" \/>\n<meta property=\"og:image\" content=\"https:\/\/ironsky.pl\/sklep\/wp-content\/uploads\/2024\/09\/32558_1.jpg\" \/>\n\t<meta property=\"og:image:width\" content=\"800\" \/>\n\t<meta property=\"og:image:height\" content=\"800\" \/>\n\t<meta property=\"og:image:type\" content=\"image\/jpeg\" \/>\n<meta name=\"twitter:card\" content=\"summary_large_image\" \/>\n<meta name=\"twitter:label1\" content=\"Szacowany czas czytania\" \/>\n\t<meta name=\"twitter:data1\" content=\"1 minuta\" \/>\n<script type=\"application\/ld+json\" class=\"yoast-schema-graph\">{\"@context\":\"https:\/\/schema.org\",\"@graph\":[{\"@type\":\"WebPage\",\"@id\":\"https:\/\/ironsky.pl\/sklep\/produkt\/pasek-na-nadgarstek-pgytech-karmelowy\/\",\"url\":\"https:\/\/ironsky.pl\/sklep\/produkt\/pasek-na-nadgarstek-pgytech-karmelowy\/\",\"name\":\"Pasek na nadgarstek PGYTECH (karmelowy) - IRONSKY.PL Sklep z Dronami\",\"isPartOf\":{\"@id\":\"https:\/\/ironsky.pl\/sklep\/#website\"},\"primaryImageOfPage\":{\"@id\":\"https:\/\/ironsky.pl\/sklep\/produkt\/pasek-na-nadgarstek-pgytech-karmelowy\/#primaryimage\"},\"image\":{\"@id\":\"https:\/\/ironsky.pl\/sklep\/produkt\/pasek-na-nadgarstek-pgytech-karmelowy\/#primaryimage\"},\"thumbnailUrl\":\"https:\/\/ironsky.pl\/sklep\/wp-content\/uploads\/2024\/09\/32558_1.jpg\",\"datePublished\":\"2024-09-16T17:07:23+00:00\",\"dateModified\":\"2026-03-05T14:51:14+00:00\",\"description\":\"Pasek na nadgarstek PGYTECH (karmelowy) - \u2705 sklep z dronami i fachowym doradztwem. \u2705 Tutaj kupisz produkty DJI, Yuneec, Parrot, Syma i wiele innych, a tak\u017ce kursy i licencje na operatora drona.\",\"breadcrumb\":{\"@id\":\"https:\/\/ironsky.pl\/sklep\/produkt\/pasek-na-nadgarstek-pgytech-karmelowy\/#breadcrumb\"},\"inLanguage\":\"pl-PL\",\"potentialAction\":[{\"@type\":\"ReadAction\",\"target\":[\"https:\/\/ironsky.pl\/sklep\/produkt\/pasek-na-nadgarstek-pgytech-karmelowy\/\"]}]},{\"@type\":\"ImageObject\",\"inLanguage\":\"pl-PL\",\"@id\":\"https:\/\/ironsky.pl\/sklep\/produkt\/pasek-na-nadgarstek-pgytech-karmelowy\/#primaryimage\",\"url\":\"https:\/\/ironsky.pl\/sklep\/wp-content\/uploads\/2024\/09\/32558_1.jpg\",\"contentUrl\":\"https:\/\/ironsky.pl\/sklep\/wp-content\/uploads\/2024\/09\/32558_1.jpg\",\"width\":800,\"height\":800},{\"@type\":\"BreadcrumbList\",\"@id\":\"https:\/\/ironsky.pl\/sklep\/produkt\/pasek-na-nadgarstek-pgytech-karmelowy\/#breadcrumb\",\"itemListElement\":[{\"@type\":\"ListItem\",\"position\":1,\"name\":\"Strona g\u0142\u00f3wna\",\"item\":\"https:\/\/ironsky.pl\/sklep\/\"},{\"@type\":\"ListItem\",\"position\":2,\"name\":\"Wszystkie produkty\",\"item\":\"https:\/\/ironsky.pl\/sklep\/produkty\/\"},{\"@type\":\"ListItem\",\"position\":3,\"name\":\"Pasek na nadgarstek PGYTECH (karmelowy)\"}]},{\"@type\":\"WebSite\",\"@id\":\"https:\/\/ironsky.pl\/sklep\/#website\",\"url\":\"https:\/\/ironsky.pl\/sklep\/\",\"name\":\"IRONSKY.PL Sklep z Dronami\",\"description\":\"IRONSKY.PL Sklep z Dronami\",\"potentialAction\":[{\"@type\":\"SearchAction\",\"target\":{\"@type\":\"EntryPoint\",\"urlTemplate\":\"https:\/\/ironsky.pl\/sklep\/?s={search_term_string}\"},\"query-input\":{\"@type\":\"PropertyValueSpecification\",\"valueRequired\":true,\"valueName\":\"search_term_string\"}}],\"inLanguage\":\"pl-PL\"}]}<\/script>\n<!-- \/ Yoast SEO plugin. -->","yoast_head_json":{"title":"Pasek na nadgarstek PGYTECH (karmelowy) - IRONSKY.PL Sklep z Dronami","description":"Pasek na nadgarstek PGYTECH (karmelowy) - \u2705 sklep z dronami i fachowym doradztwem. \u2705 Tutaj kupisz produkty DJI, Yuneec, Parrot, Syma i wiele innych, a tak\u017ce kursy i licencje na operatora drona.","robots":{"index":"index","follow":"follow","max-snippet":"max-snippet:-1","max-image-preview":"max-image-preview:large","max-video-preview":"max-video-preview:-1"},"canonical":"https:\/\/ironsky.pl\/sklep\/produkt\/pasek-na-nadgarstek-pgytech-karmelowy\/","og_locale":"pl_PL","og_type":"article","og_title":"Pasek na nadgarstek PGYTECH (karmelowy) - IRONSKY.PL Sklep z Dronami","og_description":"Pasek na nadgarstek PGYTECH (karmelowy) - \u2705 sklep z dronami i fachowym doradztwem. \u2705 Tutaj kupisz produkty DJI, Yuneec, Parrot, Syma i wiele innych, a tak\u017ce kursy i licencje na operatora drona.","og_url":"https:\/\/ironsky.pl\/sklep\/produkt\/pasek-na-nadgarstek-pgytech-karmelowy\/","og_site_name":"IRONSKY.PL Sklep z Dronami","article_modified_time":"2026-03-05T14:51:14+00:00","og_image":[{"width":800,"height":800,"url":"https:\/\/ironsky.pl\/sklep\/wp-content\/uploads\/2024\/09\/32558_1.jpg","type":"image\/jpeg"}],"twitter_card":"summary_large_image","twitter_misc":{"Szacowany czas czytania":"1 minuta"},"schema":{"@context":"https:\/\/schema.org","@graph":[{"@type":"WebPage","@id":"https:\/\/ironsky.pl\/sklep\/produkt\/pasek-na-nadgarstek-pgytech-karmelowy\/","url":"https:\/\/ironsky.pl\/sklep\/produkt\/pasek-na-nadgarstek-pgytech-karmelowy\/","name":"Pasek na nadgarstek PGYTECH (karmelowy) - IRONSKY.PL Sklep z Dronami","isPartOf":{"@id":"https:\/\/ironsky.pl\/sklep\/#website"},"primaryImageOfPage":{"@id":"https:\/\/ironsky.pl\/sklep\/produkt\/pasek-na-nadgarstek-pgytech-karmelowy\/#primaryimage"},"image":{"@id":"https:\/\/ironsky.pl\/sklep\/produkt\/pasek-na-nadgarstek-pgytech-karmelowy\/#primaryimage"},"thumbnailUrl":"https:\/\/ironsky.pl\/sklep\/wp-content\/uploads\/2024\/09\/32558_1.jpg","datePublished":"2024-09-16T17:07:23+00:00","dateModified":"2026-03-05T14:51:14+00:00","description":"Pasek na nadgarstek PGYTECH (karmelowy) - \u2705 sklep z dronami i fachowym doradztwem. \u2705 Tutaj kupisz produkty DJI, Yuneec, Parrot, Syma i wiele innych, a tak\u017ce kursy i licencje na operatora drona.","breadcrumb":{"@id":"https:\/\/ironsky.pl\/sklep\/produkt\/pasek-na-nadgarstek-pgytech-karmelowy\/#breadcrumb"},"inLanguage":"pl-PL","potentialAction":[{"@type":"ReadAction","target":["https:\/\/ironsky.pl\/sklep\/produkt\/pasek-na-nadgarstek-pgytech-karmelowy\/"]}]},{"@type":"ImageObject","inLanguage":"pl-PL","@id":"https:\/\/ironsky.pl\/sklep\/produkt\/pasek-na-nadgarstek-pgytech-karmelowy\/#primaryimage","url":"https:\/\/ironsky.pl\/sklep\/wp-content\/uploads\/2024\/09\/32558_1.jpg","contentUrl":"https:\/\/ironsky.pl\/sklep\/wp-content\/uploads\/2024\/09\/32558_1.jpg","width":800,"height":800},{"@type":"BreadcrumbList","@id":"https:\/\/ironsky.pl\/sklep\/produkt\/pasek-na-nadgarstek-pgytech-karmelowy\/#breadcrumb","itemListElement":[{"@type":"ListItem","position":1,"name":"Strona g\u0142\u00f3wna","item":"https:\/\/ironsky.pl\/sklep\/"},{"@type":"ListItem","position":2,"name":"Wszystkie produkty","item":"https:\/\/ironsky.pl\/sklep\/produkty\/"},{"@type":"ListItem","position":3,"name":"Pasek na nadgarstek PGYTECH (karmelowy)"}]},{"@type":"WebSite","@id":"https:\/\/ironsky.pl\/sklep\/#website","url":"https:\/\/ironsky.pl\/sklep\/","name":"IRONSKY.PL Sklep z Dronami","description":"IRONSKY.PL Sklep z Dronami","potentialAction":[{"@type":"SearchAction","target":{"@type":"EntryPoint","urlTemplate":"https:\/\/ironsky.pl\/sklep\/?s={search_term_string}"},"query-input":{"@type":"PropertyValueSpecification","valueRequired":true,"valueName":"search_term_string"}}],"inLanguage":"pl-PL"}]}},"_links":{"self":[{"href":"https:\/\/ironsky.pl\/sklep\/wp-json\/wp\/v2\/product\/24556","targetHints":{"allow":["GET"]}}],"collection":[{"href":"https:\/\/ironsky.pl\/sklep\/wp-json\/wp\/v2\/product"}],"about":[{"href":"https:\/\/ironsky.pl\/sklep\/wp-json\/wp\/v2\/types\/product"}],"replies":[{"embeddable":true,"href":"https:\/\/ironsky.pl\/sklep\/wp-json\/wp\/v2\/comments?post=24556"}],"wp:featuredmedia":[{"embeddable":true,"href":"https:\/\/ironsky.pl\/sklep\/wp-json\/wp\/v2\/media\/24557"}],"wp:attachment":[{"href":"https:\/\/ironsky.pl\/sklep\/wp-json\/wp\/v2\/media?parent=24556"}],"wp:term":[{"taxonomy":"product_brand","embeddable":true,"href":"https:\/\/ironsky.pl\/sklep\/wp-json\/wp\/v2\/product_brand?post=24556"},{"taxonomy":"product_cat","embeddable":true,"href":"https:\/\/ironsky.pl\/sklep\/wp-json\/wp\/v2\/product_cat?post=24556"},{"taxonomy":"product_tag","embeddable":true,"href":"https:\/\/ironsky.pl\/sklep\/wp-json\/wp\/v2\/product_tag?post=24556"}],"curies":[{"name":"wp","href":"https:\/\/api.w.org\/{rel}","templated":true}]}}