{"id":24552,"date":"2024-09-16T19:06:28","date_gmt":"2024-09-16T17:06:28","guid":{"rendered":"http:\/\/gvshalph.pro-linuxpl.com\/ironskyprodukty\/produkt\/czytnik-kart-pamieci-pgytech-createmate-czarny\/"},"modified":"2026-03-05T15:51:13","modified_gmt":"2026-03-05T14:51:13","slug":"czytnik-kart-pamieci-pgytech-createmate-czarny","status":"publish","type":"product","link":"https:\/\/ironsky.pl\/sklep\/produkt\/czytnik-kart-pamieci-pgytech-createmate-czarny\/","title":{"rendered":"Czytnik kart pami\u0119ci PGYTECH CreateMate (czarny)"},"content":{"rendered":"<h3>Czytnik kart pami\u0119ci PGYTECH CreateMate<\/h3>\n<p>Czytnik kart pami\u0119ci PGYTECH CreateMate to doskona\u0142e narz\u0119dzie dla fotograf\u00f3w, filmowc\u00f3w i nie tylko. Umo\u017cliwia b\u0142yskawiczny transfer plik\u00f3w z pr\u0119dko\u015bci\u0105 do 312 MB\/s, a dzi\u0119ki systemowi Plug &amp; Play jego obs\u0142uga jest bardzo wygodna. Urz\u0105dzenie pozwala te\u017c przechowywa\u0107 maksymalnie 8 kart pami\u0119ci (4 karty SD i 4 karty TF) oraz 2 karty Nano SIM. Wyr\u00f3\u017cnia si\u0119 tak\u017ce szerok\u0105 kompatybilno\u015bci\u0105 i wytrzyma\u0142\u0105 konstrukcj\u0105. Do zestawu do\u0142\u0105czono r\u00f3wnie\u017c silikonowe etui oraz kluczyk do wyjmowania kart.<\/p>\n<p><img decoding=\"async\" src=\"https:\/\/b2b.innpro.pl\/data\/include\/cms\/PGYTECH\/P-GM-163\/1.jpg\" border=\"0\" alt=\"PGYTECH\/P-GM-163\/1\" \/><\/p>\n<h3>Szybki transfer plik\u00f3w<\/h3>\n<p>Teraz mo\u017cesz szybko i wygodnie przes\u0142a\u0107 wybrane pliki na telefon lub laptopa. Czytnik zosta\u0142 wyposa\u017cony w 2 sloty \u2013 na karty pami\u0119ci SD i TF. Jest te\u017c kompatybilny ze standardem SD4.0 USH-II, dzi\u0119ki czemu umo\u017cliwia transfer danych z pr\u0119dko\u015bci\u0105 nawet 312 GB\/s. To oznacza, \u017ce aby przes\u0142a\u0107 128 GB plik\u00f3w, wystarczy oko\u0142o 10 minut!<\/p>\n<p><img decoding=\"async\" src=\"https:\/\/b2b.innpro.pl\/data\/include\/cms\/PGYTECH\/P-GM-163\/5.jpg\" border=\"0\" alt=\"PGYTECH\/P-GM-163\/5\" \/><\/p>\n<h3>Bezproblemowe przechowywanie kart<\/h3>\n<p>Czeka Ci\u0119 dzie\u0144 pracy w plenerze? Zabierz wszystkie potrzebne karty pami\u0119ci ze sob\u0105! Czytnik PGYTECH oferuje kilka niewielkich przegr\u00f3dek \u2013 4 na karty SD, 4 na karty TF i 2 na karty SIM. Mo\u017cesz wi\u0119c mie\u0107 je zawsze pod r\u0119k\u0105 \u2013 ju\u017c nie musisz si\u0119 martwi\u0107, \u017ce gdzie\u015b je zgubisz! W zestawie znajdziesz tak\u017ce specjalny kluczyk, kt\u00f3ry pozwoli Ci na wygodn\u0105 wymian\u0119 kart bez ryzyka ich uszkodzenia.<\/p>\n<p><img decoding=\"async\" src=\"https:\/\/b2b.innpro.pl\/data\/include\/cms\/PGYTECH\/P-GM-163\/3.jpg\" border=\"0\" alt=\"PGYTECH\/P-GM-163\/3\" \/><\/p>\n<h3>Wygodna obs\u0142uga<\/h3>\n<p>Sko\u0144czy\u0142e\u015b robienie zdj\u0119\u0107 lub nagrywanie film\u00f3w? Teraz mo\u017cesz w prosty spos\u00f3b skopiowa\u0107 swoje materia\u0142y na wybrane urz\u0105dzenie wyposa\u017cone w port USB-C! System Plug &amp; Play sprawia, \u017ce wystarczy pod\u0142\u0105czy\u0107 czytnik do smartfona \u2013 nie musisz traci\u0107 czasu na dodatkow\u0105 konfiguracj\u0119. To idealne rozwi\u0105zanie dla os\u00f3b, kt\u00f3re cz\u0119sto organizuj\u0105 sesje w plenerze i nagrywaj\u0105 za pomoc\u0105 kamer sportowych, dron\u00f3w czy telefon\u00f3w!<\/p>\n<p><img decoding=\"async\" src=\"https:\/\/b2b.innpro.pl\/data\/include\/cms\/PGYTECH\/P-GM-163\/7.jpg\" border=\"0\" alt=\"PGYTECH\/P-GM-163\/7\" \/><\/p>\n<h3>Przemy\u015blana konstrukcja<\/h3>\n<p>Czytnik PGYTECH powsta\u0142 z wysokiej jako\u015bci stopu aluminium, dzi\u0119ki czemu jest bardzo wytrzyma\u0142y i ma\u0142o podatny na zu\u017cycie. Cechuje go tak\u017ce wodoodporno\u015b\u0107 IP54 \u2013 niestraszny mu deszcz czy przypadkowe zachlapanie. Co wi\u0119cej, silikonowe etui chroni go przed uszkodzeniem na przyk\u0142ad na skutek wstrz\u0105s\u00f3w lub upadku. Mo\u017cesz te\u017c skorzysta\u0107 ze specjalnego karabi\u0144czyka, aby przymocowa\u0107 czytnik do torby lub plecaka.<\/p>\n<p><img decoding=\"async\" src=\"https:\/\/b2b.innpro.pl\/data\/include\/cms\/PGYTECH\/P-GM-163\/2.jpg\" border=\"0\" alt=\"PGYTECH\/P-GM-163\/2\" \/><\/p>\n<h3>Szeroka kompatybilno\u015b\u0107<\/h3>\n<p>PGYTECH CreateMate to \u015bwietne rozwi\u0105zanie dla mi\u0142o\u015bnik\u00f3w fotografii i tw\u00f3rc\u00f3w wideo. Jest kompatybilny z wi\u0119kszo\u015bci\u0105 popularnych modeli kamer, smartfon\u00f3w, kamerek sportowych i dron\u00f3w. Bez problemu obs\u0142uguje te\u017c r\u00f3\u017cne standardy kart pami\u0119ci. Doskonale wsp\u00f3\u0142pracuje r\u00f3wnie\u017c z systemami operacyjnymi Windows, Mac OS, iPad OS, Linux oraz Android \u2013 mo\u017cesz wi\u0119c bez problemu kopiowa\u0107 swoje pliki.<\/p>\n<p><img decoding=\"async\" src=\"https:\/\/b2b.innpro.pl\/data\/include\/cms\/PGYTECH\/P-GM-163\/6.jpg\" border=\"0\" alt=\"PGYTECH\/P-GM-163\/6\" \/><\/p>\n<h3>W zestawie<\/h3>\n<ul>\n<li>Czytnik kart pami\u0119ci<\/li>\n<li>Etui<\/li>\n<li>Kluczyk do wyjmowania kart<\/li>\n<\/ul>\n<div class=\"table-wrapper\">\n<table>\n<tbody>\n<tr>\n<th>Producent<\/th>\n<td>PGYTECH<\/td>\n<\/tr>\n<tr>\n<th>Nazwa<\/th>\n<td>CreateMate High-speed Card Reader Case<\/td>\n<\/tr>\n<tr>\n<th>Model<\/th>\n<td>P-GM-163<\/td>\n<\/tr>\n<tr>\n<th>Pr\u0119dko\u015b\u0107 transferu<\/th>\n<td>Do 312 MB\/s<\/td>\n<\/tr>\n<tr>\n<th>Interfejs<\/th>\n<td>USB-C<\/td>\n<\/tr>\n<tr>\n<th>Wodoodporno\u015b\u0107<\/th>\n<td>IP54<\/td>\n<\/tr>\n<tr>\n<th>Materia\u0142<\/th>\n<td>Stop aluminium, ABS, silikon<\/td>\n<\/tr>\n<tr>\n<th>Wymiary (z etui)<\/th>\n<td>115 x 60 x 25 mm<\/td>\n<\/tr>\n<tr>\n<th>Waga<\/th>\n<td>133 g<\/td>\n<\/tr>\n<tr>\n<th>Kompatybilno\u015b\u0107<\/th>\n<td>Urz\u0105dzenia: kamery, smartfony, drony, kamery sportowe;<br \/>Karty pami\u0119ci: UHS-II, SD 4.0: UHS-II, SDXC, SDHC, SD; UHS-I, SDXC, SDHC, SD; UHS-II, micro SDXC, micro SDHC, micro SD; UHS-I, micro SDXC, micro SDHC, micro SD;<br \/>Systemy operacyjne: Windows 7 i nowsze, Mac OS 10 i nowsze, Linux, Android, iPad OS;<\/p>\n<p>Uwaga: transfer danych jest mo\u017cliwy tylko w wypadku smartfon\u00f3w i tablet\u00f3w, kt\u00f3re s\u0105 wyposa\u017cone w port USB-C i obs\u0142uguj\u0105 OTG; Aby po\u0142\u0105czy\u0107 si\u0119 z komputerem, niezb\u0119dny jest adapter USB-C do USB-A.<\/td>\n<\/tr>\n<\/tbody>\n<\/table>\n<\/div>\n","protected":false},"excerpt":{"rendered":"<p>Czytnik kart pami\u0119ci PGYTECH CreateMate Czytnik kart pami\u0119ci PGYTECH CreateMate to doskona\u0142e narz\u0119dzie dla fotograf\u00f3w, filmowc\u00f3w i nie tylko. Umo\u017cliwia<\/p>\n","protected":false},"featured_media":24553,"comment_status":"closed","ping_status":"open","template":"","meta":{"_acf_changed":false},"product_brand":[],"product_cat":[1128,5762,5761],"product_tag":[],"class_list":{"0":"post-24552","1":"product","2":"type-product","3":"status-publish","4":"has-post-thumbnail","6":"product_cat-foto-wideo","7":"product_cat-pokrowce-i-futeraly-fotograficzne","8":"product_cat-transport","9":"pa_box-height-4274","10":"pa_box-length-2210","11":"pa_box-width-2559","12":"pa_gross-weight-4275","13":"pa_hs-code-3090","14":"pa_kolor-czarny","15":"pa_net-weight-4273","17":"first","18":"outofstock","19":"taxable","20":"shipping-taxable","21":"purchasable","22":"product-type-simple"},"acf":[],"yoast_head":"<!-- This site is optimized with the Yoast SEO plugin v27.2 - https:\/\/yoast.com\/product\/yoast-seo-wordpress\/ -->\n<title>Czytnik kart pami\u0119ci PGYTECH CreateMate (czarny) - IRONSKY.PL Sklep z Dronami<\/title>\n<meta name=\"description\" content=\"Czytnik kart pami\u0119ci PGYTECH CreateMate (czarny) - \u2705 sklep z dronami i fachowym doradztwem. \u2705 Tutaj kupisz produkty DJI, Yuneec, Parrot, Syma i wiele innych, a tak\u017ce kursy i licencje na operatora drona.\" \/>\n<meta name=\"robots\" content=\"index, follow, max-snippet:-1, max-image-preview:large, max-video-preview:-1\" \/>\n<link rel=\"canonical\" href=\"https:\/\/ironsky.pl\/sklep\/produkt\/czytnik-kart-pamieci-pgytech-createmate-czarny\/\" \/>\n<meta property=\"og:locale\" content=\"pl_PL\" \/>\n<meta property=\"og:type\" content=\"article\" \/>\n<meta property=\"og:title\" content=\"Czytnik kart pami\u0119ci PGYTECH CreateMate (czarny) - IRONSKY.PL Sklep z Dronami\" \/>\n<meta property=\"og:description\" content=\"Czytnik kart pami\u0119ci PGYTECH CreateMate (czarny) - \u2705 sklep z dronami i fachowym doradztwem. \u2705 Tutaj kupisz produkty DJI, Yuneec, Parrot, Syma i wiele innych, a tak\u017ce kursy i licencje na operatora drona.\" \/>\n<meta property=\"og:url\" content=\"https:\/\/ironsky.pl\/sklep\/produkt\/czytnik-kart-pamieci-pgytech-createmate-czarny\/\" \/>\n<meta property=\"og:site_name\" content=\"IRONSKY.PL Sklep z Dronami\" \/>\n<meta property=\"article:modified_time\" content=\"2026-03-05T14:51:13+00:00\" \/>\n<meta property=\"og:image\" content=\"https:\/\/ironsky.pl\/sklep\/wp-content\/uploads\/2024\/09\/32556_1.jpg\" \/>\n\t<meta property=\"og:image:width\" content=\"800\" \/>\n\t<meta property=\"og:image:height\" content=\"800\" \/>\n\t<meta property=\"og:image:type\" content=\"image\/jpeg\" \/>\n<meta name=\"twitter:card\" content=\"summary_large_image\" \/>\n<meta name=\"twitter:label1\" content=\"Szacowany czas czytania\" \/>\n\t<meta name=\"twitter:data1\" content=\"3 minuty\" \/>\n<script type=\"application\/ld+json\" class=\"yoast-schema-graph\">{\"@context\":\"https:\/\/schema.org\",\"@graph\":[{\"@type\":\"WebPage\",\"@id\":\"https:\/\/ironsky.pl\/sklep\/produkt\/czytnik-kart-pamieci-pgytech-createmate-czarny\/\",\"url\":\"https:\/\/ironsky.pl\/sklep\/produkt\/czytnik-kart-pamieci-pgytech-createmate-czarny\/\",\"name\":\"Czytnik kart pami\u0119ci PGYTECH CreateMate (czarny) - IRONSKY.PL Sklep z Dronami\",\"isPartOf\":{\"@id\":\"https:\/\/ironsky.pl\/sklep\/#website\"},\"primaryImageOfPage\":{\"@id\":\"https:\/\/ironsky.pl\/sklep\/produkt\/czytnik-kart-pamieci-pgytech-createmate-czarny\/#primaryimage\"},\"image\":{\"@id\":\"https:\/\/ironsky.pl\/sklep\/produkt\/czytnik-kart-pamieci-pgytech-createmate-czarny\/#primaryimage\"},\"thumbnailUrl\":\"https:\/\/ironsky.pl\/sklep\/wp-content\/uploads\/2024\/09\/32556_1.jpg\",\"datePublished\":\"2024-09-16T17:06:28+00:00\",\"dateModified\":\"2026-03-05T14:51:13+00:00\",\"description\":\"Czytnik kart pami\u0119ci PGYTECH CreateMate (czarny) - \u2705 sklep z dronami i fachowym doradztwem. \u2705 Tutaj kupisz produkty DJI, Yuneec, Parrot, Syma i wiele innych, a tak\u017ce kursy i licencje na operatora drona.\",\"breadcrumb\":{\"@id\":\"https:\/\/ironsky.pl\/sklep\/produkt\/czytnik-kart-pamieci-pgytech-createmate-czarny\/#breadcrumb\"},\"inLanguage\":\"pl-PL\",\"potentialAction\":[{\"@type\":\"ReadAction\",\"target\":[\"https:\/\/ironsky.pl\/sklep\/produkt\/czytnik-kart-pamieci-pgytech-createmate-czarny\/\"]}]},{\"@type\":\"ImageObject\",\"inLanguage\":\"pl-PL\",\"@id\":\"https:\/\/ironsky.pl\/sklep\/produkt\/czytnik-kart-pamieci-pgytech-createmate-czarny\/#primaryimage\",\"url\":\"https:\/\/ironsky.pl\/sklep\/wp-content\/uploads\/2024\/09\/32556_1.jpg\",\"contentUrl\":\"https:\/\/ironsky.pl\/sklep\/wp-content\/uploads\/2024\/09\/32556_1.jpg\",\"width\":800,\"height\":800},{\"@type\":\"BreadcrumbList\",\"@id\":\"https:\/\/ironsky.pl\/sklep\/produkt\/czytnik-kart-pamieci-pgytech-createmate-czarny\/#breadcrumb\",\"itemListElement\":[{\"@type\":\"ListItem\",\"position\":1,\"name\":\"Strona g\u0142\u00f3wna\",\"item\":\"https:\/\/ironsky.pl\/sklep\/\"},{\"@type\":\"ListItem\",\"position\":2,\"name\":\"Wszystkie produkty\",\"item\":\"https:\/\/ironsky.pl\/sklep\/produkty\/\"},{\"@type\":\"ListItem\",\"position\":3,\"name\":\"Czytnik kart pami\u0119ci PGYTECH CreateMate (czarny)\"}]},{\"@type\":\"WebSite\",\"@id\":\"https:\/\/ironsky.pl\/sklep\/#website\",\"url\":\"https:\/\/ironsky.pl\/sklep\/\",\"name\":\"IRONSKY.PL Sklep z Dronami\",\"description\":\"IRONSKY.PL Sklep z Dronami\",\"potentialAction\":[{\"@type\":\"SearchAction\",\"target\":{\"@type\":\"EntryPoint\",\"urlTemplate\":\"https:\/\/ironsky.pl\/sklep\/?s={search_term_string}\"},\"query-input\":{\"@type\":\"PropertyValueSpecification\",\"valueRequired\":true,\"valueName\":\"search_term_string\"}}],\"inLanguage\":\"pl-PL\"}]}<\/script>\n<!-- \/ Yoast SEO plugin. -->","yoast_head_json":{"title":"Czytnik kart pami\u0119ci PGYTECH CreateMate (czarny) - IRONSKY.PL Sklep z Dronami","description":"Czytnik kart pami\u0119ci PGYTECH CreateMate (czarny) - \u2705 sklep z dronami i fachowym doradztwem. \u2705 Tutaj kupisz produkty DJI, Yuneec, Parrot, Syma i wiele innych, a tak\u017ce kursy i licencje na operatora drona.","robots":{"index":"index","follow":"follow","max-snippet":"max-snippet:-1","max-image-preview":"max-image-preview:large","max-video-preview":"max-video-preview:-1"},"canonical":"https:\/\/ironsky.pl\/sklep\/produkt\/czytnik-kart-pamieci-pgytech-createmate-czarny\/","og_locale":"pl_PL","og_type":"article","og_title":"Czytnik kart pami\u0119ci PGYTECH CreateMate (czarny) - IRONSKY.PL Sklep z Dronami","og_description":"Czytnik kart pami\u0119ci PGYTECH CreateMate (czarny) - \u2705 sklep z dronami i fachowym doradztwem. \u2705 Tutaj kupisz produkty DJI, Yuneec, Parrot, Syma i wiele innych, a tak\u017ce kursy i licencje na operatora drona.","og_url":"https:\/\/ironsky.pl\/sklep\/produkt\/czytnik-kart-pamieci-pgytech-createmate-czarny\/","og_site_name":"IRONSKY.PL Sklep z Dronami","article_modified_time":"2026-03-05T14:51:13+00:00","og_image":[{"width":800,"height":800,"url":"https:\/\/ironsky.pl\/sklep\/wp-content\/uploads\/2024\/09\/32556_1.jpg","type":"image\/jpeg"}],"twitter_card":"summary_large_image","twitter_misc":{"Szacowany czas czytania":"3 minuty"},"schema":{"@context":"https:\/\/schema.org","@graph":[{"@type":"WebPage","@id":"https:\/\/ironsky.pl\/sklep\/produkt\/czytnik-kart-pamieci-pgytech-createmate-czarny\/","url":"https:\/\/ironsky.pl\/sklep\/produkt\/czytnik-kart-pamieci-pgytech-createmate-czarny\/","name":"Czytnik kart pami\u0119ci PGYTECH CreateMate (czarny) - IRONSKY.PL Sklep z Dronami","isPartOf":{"@id":"https:\/\/ironsky.pl\/sklep\/#website"},"primaryImageOfPage":{"@id":"https:\/\/ironsky.pl\/sklep\/produkt\/czytnik-kart-pamieci-pgytech-createmate-czarny\/#primaryimage"},"image":{"@id":"https:\/\/ironsky.pl\/sklep\/produkt\/czytnik-kart-pamieci-pgytech-createmate-czarny\/#primaryimage"},"thumbnailUrl":"https:\/\/ironsky.pl\/sklep\/wp-content\/uploads\/2024\/09\/32556_1.jpg","datePublished":"2024-09-16T17:06:28+00:00","dateModified":"2026-03-05T14:51:13+00:00","description":"Czytnik kart pami\u0119ci PGYTECH CreateMate (czarny) - \u2705 sklep z dronami i fachowym doradztwem. \u2705 Tutaj kupisz produkty DJI, Yuneec, Parrot, Syma i wiele innych, a tak\u017ce kursy i licencje na operatora drona.","breadcrumb":{"@id":"https:\/\/ironsky.pl\/sklep\/produkt\/czytnik-kart-pamieci-pgytech-createmate-czarny\/#breadcrumb"},"inLanguage":"pl-PL","potentialAction":[{"@type":"ReadAction","target":["https:\/\/ironsky.pl\/sklep\/produkt\/czytnik-kart-pamieci-pgytech-createmate-czarny\/"]}]},{"@type":"ImageObject","inLanguage":"pl-PL","@id":"https:\/\/ironsky.pl\/sklep\/produkt\/czytnik-kart-pamieci-pgytech-createmate-czarny\/#primaryimage","url":"https:\/\/ironsky.pl\/sklep\/wp-content\/uploads\/2024\/09\/32556_1.jpg","contentUrl":"https:\/\/ironsky.pl\/sklep\/wp-content\/uploads\/2024\/09\/32556_1.jpg","width":800,"height":800},{"@type":"BreadcrumbList","@id":"https:\/\/ironsky.pl\/sklep\/produkt\/czytnik-kart-pamieci-pgytech-createmate-czarny\/#breadcrumb","itemListElement":[{"@type":"ListItem","position":1,"name":"Strona g\u0142\u00f3wna","item":"https:\/\/ironsky.pl\/sklep\/"},{"@type":"ListItem","position":2,"name":"Wszystkie produkty","item":"https:\/\/ironsky.pl\/sklep\/produkty\/"},{"@type":"ListItem","position":3,"name":"Czytnik kart pami\u0119ci PGYTECH CreateMate (czarny)"}]},{"@type":"WebSite","@id":"https:\/\/ironsky.pl\/sklep\/#website","url":"https:\/\/ironsky.pl\/sklep\/","name":"IRONSKY.PL Sklep z Dronami","description":"IRONSKY.PL Sklep z Dronami","potentialAction":[{"@type":"SearchAction","target":{"@type":"EntryPoint","urlTemplate":"https:\/\/ironsky.pl\/sklep\/?s={search_term_string}"},"query-input":{"@type":"PropertyValueSpecification","valueRequired":true,"valueName":"search_term_string"}}],"inLanguage":"pl-PL"}]}},"_links":{"self":[{"href":"https:\/\/ironsky.pl\/sklep\/wp-json\/wp\/v2\/product\/24552","targetHints":{"allow":["GET"]}}],"collection":[{"href":"https:\/\/ironsky.pl\/sklep\/wp-json\/wp\/v2\/product"}],"about":[{"href":"https:\/\/ironsky.pl\/sklep\/wp-json\/wp\/v2\/types\/product"}],"replies":[{"embeddable":true,"href":"https:\/\/ironsky.pl\/sklep\/wp-json\/wp\/v2\/comments?post=24552"}],"wp:featuredmedia":[{"embeddable":true,"href":"https:\/\/ironsky.pl\/sklep\/wp-json\/wp\/v2\/media\/24553"}],"wp:attachment":[{"href":"https:\/\/ironsky.pl\/sklep\/wp-json\/wp\/v2\/media?parent=24552"}],"wp:term":[{"taxonomy":"product_brand","embeddable":true,"href":"https:\/\/ironsky.pl\/sklep\/wp-json\/wp\/v2\/product_brand?post=24552"},{"taxonomy":"product_cat","embeddable":true,"href":"https:\/\/ironsky.pl\/sklep\/wp-json\/wp\/v2\/product_cat?post=24552"},{"taxonomy":"product_tag","embeddable":true,"href":"https:\/\/ironsky.pl\/sklep\/wp-json\/wp\/v2\/product_tag?post=24552"}],"curies":[{"name":"wp","href":"https:\/\/api.w.org\/{rel}","templated":true}]}}