{"id":24471,"date":"2024-09-16T19:05:49","date_gmt":"2024-09-16T17:05:49","guid":{"rendered":"http:\/\/gvshalph.pro-linuxpl.com\/ironskyprodukty\/produkt\/kosmetyczka-pgytech-zielona\/"},"modified":"2026-03-05T15:51:10","modified_gmt":"2026-03-05T14:51:10","slug":"kosmetyczka-pgytech-zielona","status":"publish","type":"product","link":"https:\/\/ironsky.pl\/sklep\/produkt\/kosmetyczka-pgytech-zielona\/","title":{"rendered":"Kosmetyczka PGYTECH (zielona)"},"content":{"rendered":"<h3>Kosmetyczka PGYTECH (zielona)<\/h3>\n<p>Cz\u0119sto podr\u00f3\u017cujesz lub wyje\u017cd\u017casz w sprawach biznesowych? Potrzebujesz miejsca, w kt\u00f3rym m\u00f3g\u0142by\u015b trzyma\u0107 wszystkie swoje kosmetyki i przybory toaletowe? Organizer od PGYTECH b\u0119dzie idealny dla Ciebie! Pomie\u015bci nie tylko wszystkie Twoje rzeczy, ale pomo\u017ce tak\u017ce oddzieli\u0107 suche od tych mokrych. Co wi\u0119cej, b\u0119dzie bardzo wygodny w u\u017cytkowaniu, poniewa\u017c wyposa\u017cony zosta\u0142 w zamek b\u0142yskawiczny oraz specjaln\u0105 zawieszk\u0119.<\/p>\n<p><img decoding=\"async\" src=\"https:\/\/b2b.innpro.pl\/data\/include\/cms\/PGYTECH\/P-CB-097\/1.jpg\" alt=\"PGYTECH\/P-CB-097\/1\"><\/p>\n<h3>Doskona\u0142y porz\u0105dek<\/h3>\n<p>Organizer PGYTECH pomo\u017ce Ci pouk\u0142ada\u0107 wszystkie swoje kosmetyki oraz przybory toaletowe. Zosta\u0142 on wyposa\u017cony w dodatkowe, wewn\u0119trzne kieszenie. Jedna z nich b\u0119dzie idealna do przechowywania mokrych rzeczy, elastyczny pasek sprawdzi si\u0119 do podtrzymywania szampon\u00f3w, kiesze\u0144 z siatki przeznaczy\u0107 mo\u017cesz na drobne przedmioty jak waciki, czy patyczki do uszu, a du\u017ca kiesze\u0144 bez problemu pomie\u015bci np, maszynki. Co wi\u0119cej, organizer posiada tak\u017ce specjaln\u0105 kiesze\u0144 na szczoteczk\u0119 i past\u0119 do z\u0119b\u00f3w. <\/p>\n<p><img decoding=\"async\" src=\"https:\/\/b2b.innpro.pl\/data\/include\/cms\/PGYTECH\/P-CB-097\/3.jpg\" alt=\"PGYTECH\/P-CB-097\/3\"><\/p>\n<h3>Odporny na wod\u0119<\/h3>\n<p>Akcesorium to wykazuje doskona\u0142\u0105 odporno\u015b\u0107 na zachlapania wod\u0105. Co wi\u0119cej, powsta\u0142 z najwy\u017cszej jako\u015bci materia\u0142\u00f3w, dzi\u0119ki czemu wykazuje du\u017c\u0105 trwa\u0142o\u015b\u0107 i odporno\u015b\u0107. Dodatkowo nie musisz martwi\u0107 si\u0119 o swoje rzeczy, poniewa\u017c produkt ten powsta\u0142 tak, aby\u015b z \u0142atwo\u015bci\u0105 m\u00f3g\u0142 oddzieli\u0107 rzeczy mokre od tych suchych. <\/p>\n<p><img decoding=\"async\" src=\"https:\/\/b2b.innpro.pl\/data\/include\/cms\/PGYTECH\/P-CB-097\/6.jpg\" alt=\"PGYTECH\/P-CB-097\/6\"><\/p>\n<h3>Komfort u\u017cytkowania <\/h3>\n<p>Organizer PGYTECH to nie tylko bardzo praktyczne akcesorium, kt\u00f3re sprawdzi si\u0119 podczas ka\u017cdej podr\u00f3\u017cy, ale jest tak\u017ce bardzo komfortowe w u\u017cytkowaniu. Zmie\u015bci wszystkie najpotrzebniejsze rzeczy, a co wi\u0119cej jest bardzo wytrzyma\u0142y i odporny. Zosta\u0142 wyposa\u017cony tak\u017ce w specjaln\u0105 zawieszk\u0105, kt\u00f3ra umo\u017cliwia wygodne powieszenie organizera w \u0142azience. <\/p>\n<p><img decoding=\"async\" src=\"https:\/\/b2b.innpro.pl\/data\/include\/cms\/PGYTECH\/P-CB-097\/2.jpg\" alt=\"PGYTECH\/P-CB-097\/2\"><br \/><\/br><!DOCTYPE html><br \/>\n<html lang=\"pl\"><br \/>\n<head><br \/>\n    <meta charset=\"UTF-8\"><br \/>\n    <meta name=\"viewport\" content=\"width=device-width, initial-scale=1.0\"><br \/>\n    <title><\/title><br \/>\n<\/head><br \/>\n<body><br \/>\n    <iframe width=\"100%\" height=\"720px\" src=\"https:\/\/www.youtube.com\/embed\/y_Ep4uEHBGQ?playlist=y_Ep4uEHBGQ&#038;loop=1\" frameborder=\"0\" allow=\"accelerometer; autoplay; clipboard-write; encrypted-media; gyroscope; picture-in-picture\" allowfullscreen><\/iframe><br \/>\n<\/body><br \/>\n<\/html><\/p>\n<div class=\"table-wrapper\">\n<table>\n<tbody>\n<tr>\n<th>Producent <\/th>\n<td>PGYTECH<\/td>\n<\/tr>\n<tr>\n<th>Model<\/th>\n<td>P-CB-097<\/td>\n<\/tr>\n<tr>\n<th>Materia\u0142 <\/th>\n<td>Poliester<\/td>\n<\/tr>\n<tr>\n<th>Wymiary<\/th>\n<td>240 \u00d7 150 \u00d7 120 mm<\/td>\n<\/tr>\n<tr>\n<th>Kolor <\/th>\n<td>Zielony<\/td>\n<\/tr>\n<\/tbody>\n<\/table>\n<\/div>\n","protected":false},"excerpt":{"rendered":"<p>Kosmetyczka PGYTECH (zielona) Cz\u0119sto podr\u00f3\u017cujesz lub wyje\u017cd\u017casz w sprawach biznesowych? Potrzebujesz miejsca, w kt\u00f3rym m\u00f3g\u0142by\u015b trzyma\u0107 wszystkie swoje kosmetyki i<\/p>\n","protected":false},"featured_media":24472,"comment_status":"closed","ping_status":"open","template":"","meta":{"_acf_changed":false},"product_brand":[],"product_cat":[1128,5762,5761],"product_tag":[],"class_list":{"0":"post-24471","1":"product","2":"type-product","3":"status-publish","4":"has-post-thumbnail","6":"product_cat-foto-wideo","7":"product_cat-pokrowce-i-futeraly-fotograficzne","8":"product_cat-transport","9":"pa_box-height-1580","10":"pa_box-length-3527","11":"pa_box-width-1325","12":"pa_gross-weight-3256","13":"pa_hs-code-2462","14":"pa_kolor-zielony","15":"pa_net-weight-1585","17":"first","18":"outofstock","19":"taxable","20":"shipping-taxable","21":"purchasable","22":"product-type-simple"},"acf":[],"yoast_head":"<!-- This site is optimized with the Yoast SEO plugin v27.2 - https:\/\/yoast.com\/product\/yoast-seo-wordpress\/ -->\n<title>Kosmetyczka PGYTECH (zielona) - IRONSKY.PL Sklep z Dronami<\/title>\n<meta name=\"description\" content=\"Kosmetyczka PGYTECH (zielona) - \u2705 sklep z dronami i fachowym doradztwem. \u2705 Tutaj kupisz produkty DJI, Yuneec, Parrot, Syma i wiele innych, a tak\u017ce kursy i licencje na operatora drona.\" \/>\n<meta name=\"robots\" content=\"index, follow, max-snippet:-1, max-image-preview:large, max-video-preview:-1\" \/>\n<link rel=\"canonical\" href=\"https:\/\/ironsky.pl\/sklep\/produkt\/kosmetyczka-pgytech-zielona\/\" \/>\n<meta property=\"og:locale\" content=\"pl_PL\" \/>\n<meta property=\"og:type\" content=\"article\" \/>\n<meta property=\"og:title\" content=\"Kosmetyczka PGYTECH (zielona) - IRONSKY.PL Sklep z Dronami\" \/>\n<meta property=\"og:description\" content=\"Kosmetyczka PGYTECH (zielona) - \u2705 sklep z dronami i fachowym doradztwem. \u2705 Tutaj kupisz produkty DJI, Yuneec, Parrot, Syma i wiele innych, a tak\u017ce kursy i licencje na operatora drona.\" \/>\n<meta property=\"og:url\" content=\"https:\/\/ironsky.pl\/sklep\/produkt\/kosmetyczka-pgytech-zielona\/\" \/>\n<meta property=\"og:site_name\" content=\"IRONSKY.PL Sklep z Dronami\" \/>\n<meta property=\"article:modified_time\" content=\"2026-03-05T14:51:10+00:00\" \/>\n<meta property=\"og:image\" content=\"https:\/\/ironsky.pl\/sklep\/wp-content\/uploads\/2024\/09\/30844_1.jpg\" \/>\n\t<meta property=\"og:image:width\" content=\"800\" \/>\n\t<meta property=\"og:image:height\" content=\"800\" \/>\n\t<meta property=\"og:image:type\" content=\"image\/jpeg\" \/>\n<meta name=\"twitter:card\" content=\"summary_large_image\" \/>\n<meta name=\"twitter:label1\" content=\"Szacowany czas czytania\" \/>\n\t<meta name=\"twitter:data1\" content=\"1 minuta\" \/>\n<script type=\"application\/ld+json\" class=\"yoast-schema-graph\">{\"@context\":\"https:\/\/schema.org\",\"@graph\":[{\"@type\":\"WebPage\",\"@id\":\"https:\/\/ironsky.pl\/sklep\/produkt\/kosmetyczka-pgytech-zielona\/\",\"url\":\"https:\/\/ironsky.pl\/sklep\/produkt\/kosmetyczka-pgytech-zielona\/\",\"name\":\"Kosmetyczka PGYTECH (zielona) - IRONSKY.PL Sklep z Dronami\",\"isPartOf\":{\"@id\":\"https:\/\/ironsky.pl\/sklep\/#website\"},\"primaryImageOfPage\":{\"@id\":\"https:\/\/ironsky.pl\/sklep\/produkt\/kosmetyczka-pgytech-zielona\/#primaryimage\"},\"image\":{\"@id\":\"https:\/\/ironsky.pl\/sklep\/produkt\/kosmetyczka-pgytech-zielona\/#primaryimage\"},\"thumbnailUrl\":\"https:\/\/ironsky.pl\/sklep\/wp-content\/uploads\/2024\/09\/30844_1.jpg\",\"datePublished\":\"2024-09-16T17:05:49+00:00\",\"dateModified\":\"2026-03-05T14:51:10+00:00\",\"description\":\"Kosmetyczka PGYTECH (zielona) - \u2705 sklep z dronami i fachowym doradztwem. \u2705 Tutaj kupisz produkty DJI, Yuneec, Parrot, Syma i wiele innych, a tak\u017ce kursy i licencje na operatora drona.\",\"breadcrumb\":{\"@id\":\"https:\/\/ironsky.pl\/sklep\/produkt\/kosmetyczka-pgytech-zielona\/#breadcrumb\"},\"inLanguage\":\"pl-PL\",\"potentialAction\":[{\"@type\":\"ReadAction\",\"target\":[\"https:\/\/ironsky.pl\/sklep\/produkt\/kosmetyczka-pgytech-zielona\/\"]}]},{\"@type\":\"ImageObject\",\"inLanguage\":\"pl-PL\",\"@id\":\"https:\/\/ironsky.pl\/sklep\/produkt\/kosmetyczka-pgytech-zielona\/#primaryimage\",\"url\":\"https:\/\/ironsky.pl\/sklep\/wp-content\/uploads\/2024\/09\/30844_1.jpg\",\"contentUrl\":\"https:\/\/ironsky.pl\/sklep\/wp-content\/uploads\/2024\/09\/30844_1.jpg\",\"width\":800,\"height\":800},{\"@type\":\"BreadcrumbList\",\"@id\":\"https:\/\/ironsky.pl\/sklep\/produkt\/kosmetyczka-pgytech-zielona\/#breadcrumb\",\"itemListElement\":[{\"@type\":\"ListItem\",\"position\":1,\"name\":\"Strona g\u0142\u00f3wna\",\"item\":\"https:\/\/ironsky.pl\/sklep\/\"},{\"@type\":\"ListItem\",\"position\":2,\"name\":\"Wszystkie produkty\",\"item\":\"https:\/\/ironsky.pl\/sklep\/produkty\/\"},{\"@type\":\"ListItem\",\"position\":3,\"name\":\"Kosmetyczka PGYTECH (zielona)\"}]},{\"@type\":\"WebSite\",\"@id\":\"https:\/\/ironsky.pl\/sklep\/#website\",\"url\":\"https:\/\/ironsky.pl\/sklep\/\",\"name\":\"IRONSKY.PL Sklep z Dronami\",\"description\":\"IRONSKY.PL Sklep z Dronami\",\"potentialAction\":[{\"@type\":\"SearchAction\",\"target\":{\"@type\":\"EntryPoint\",\"urlTemplate\":\"https:\/\/ironsky.pl\/sklep\/?s={search_term_string}\"},\"query-input\":{\"@type\":\"PropertyValueSpecification\",\"valueRequired\":true,\"valueName\":\"search_term_string\"}}],\"inLanguage\":\"pl-PL\"}]}<\/script>\n<!-- \/ Yoast SEO plugin. -->","yoast_head_json":{"title":"Kosmetyczka PGYTECH (zielona) - IRONSKY.PL Sklep z Dronami","description":"Kosmetyczka PGYTECH (zielona) - \u2705 sklep z dronami i fachowym doradztwem. \u2705 Tutaj kupisz produkty DJI, Yuneec, Parrot, Syma i wiele innych, a tak\u017ce kursy i licencje na operatora drona.","robots":{"index":"index","follow":"follow","max-snippet":"max-snippet:-1","max-image-preview":"max-image-preview:large","max-video-preview":"max-video-preview:-1"},"canonical":"https:\/\/ironsky.pl\/sklep\/produkt\/kosmetyczka-pgytech-zielona\/","og_locale":"pl_PL","og_type":"article","og_title":"Kosmetyczka PGYTECH (zielona) - IRONSKY.PL Sklep z Dronami","og_description":"Kosmetyczka PGYTECH (zielona) - \u2705 sklep z dronami i fachowym doradztwem. \u2705 Tutaj kupisz produkty DJI, Yuneec, Parrot, Syma i wiele innych, a tak\u017ce kursy i licencje na operatora drona.","og_url":"https:\/\/ironsky.pl\/sklep\/produkt\/kosmetyczka-pgytech-zielona\/","og_site_name":"IRONSKY.PL Sklep z Dronami","article_modified_time":"2026-03-05T14:51:10+00:00","og_image":[{"width":800,"height":800,"url":"https:\/\/ironsky.pl\/sklep\/wp-content\/uploads\/2024\/09\/30844_1.jpg","type":"image\/jpeg"}],"twitter_card":"summary_large_image","twitter_misc":{"Szacowany czas czytania":"1 minuta"},"schema":{"@context":"https:\/\/schema.org","@graph":[{"@type":"WebPage","@id":"https:\/\/ironsky.pl\/sklep\/produkt\/kosmetyczka-pgytech-zielona\/","url":"https:\/\/ironsky.pl\/sklep\/produkt\/kosmetyczka-pgytech-zielona\/","name":"Kosmetyczka PGYTECH (zielona) - IRONSKY.PL Sklep z Dronami","isPartOf":{"@id":"https:\/\/ironsky.pl\/sklep\/#website"},"primaryImageOfPage":{"@id":"https:\/\/ironsky.pl\/sklep\/produkt\/kosmetyczka-pgytech-zielona\/#primaryimage"},"image":{"@id":"https:\/\/ironsky.pl\/sklep\/produkt\/kosmetyczka-pgytech-zielona\/#primaryimage"},"thumbnailUrl":"https:\/\/ironsky.pl\/sklep\/wp-content\/uploads\/2024\/09\/30844_1.jpg","datePublished":"2024-09-16T17:05:49+00:00","dateModified":"2026-03-05T14:51:10+00:00","description":"Kosmetyczka PGYTECH (zielona) - \u2705 sklep z dronami i fachowym doradztwem. \u2705 Tutaj kupisz produkty DJI, Yuneec, Parrot, Syma i wiele innych, a tak\u017ce kursy i licencje na operatora drona.","breadcrumb":{"@id":"https:\/\/ironsky.pl\/sklep\/produkt\/kosmetyczka-pgytech-zielona\/#breadcrumb"},"inLanguage":"pl-PL","potentialAction":[{"@type":"ReadAction","target":["https:\/\/ironsky.pl\/sklep\/produkt\/kosmetyczka-pgytech-zielona\/"]}]},{"@type":"ImageObject","inLanguage":"pl-PL","@id":"https:\/\/ironsky.pl\/sklep\/produkt\/kosmetyczka-pgytech-zielona\/#primaryimage","url":"https:\/\/ironsky.pl\/sklep\/wp-content\/uploads\/2024\/09\/30844_1.jpg","contentUrl":"https:\/\/ironsky.pl\/sklep\/wp-content\/uploads\/2024\/09\/30844_1.jpg","width":800,"height":800},{"@type":"BreadcrumbList","@id":"https:\/\/ironsky.pl\/sklep\/produkt\/kosmetyczka-pgytech-zielona\/#breadcrumb","itemListElement":[{"@type":"ListItem","position":1,"name":"Strona g\u0142\u00f3wna","item":"https:\/\/ironsky.pl\/sklep\/"},{"@type":"ListItem","position":2,"name":"Wszystkie produkty","item":"https:\/\/ironsky.pl\/sklep\/produkty\/"},{"@type":"ListItem","position":3,"name":"Kosmetyczka PGYTECH (zielona)"}]},{"@type":"WebSite","@id":"https:\/\/ironsky.pl\/sklep\/#website","url":"https:\/\/ironsky.pl\/sklep\/","name":"IRONSKY.PL Sklep z Dronami","description":"IRONSKY.PL Sklep z Dronami","potentialAction":[{"@type":"SearchAction","target":{"@type":"EntryPoint","urlTemplate":"https:\/\/ironsky.pl\/sklep\/?s={search_term_string}"},"query-input":{"@type":"PropertyValueSpecification","valueRequired":true,"valueName":"search_term_string"}}],"inLanguage":"pl-PL"}]}},"_links":{"self":[{"href":"https:\/\/ironsky.pl\/sklep\/wp-json\/wp\/v2\/product\/24471","targetHints":{"allow":["GET"]}}],"collection":[{"href":"https:\/\/ironsky.pl\/sklep\/wp-json\/wp\/v2\/product"}],"about":[{"href":"https:\/\/ironsky.pl\/sklep\/wp-json\/wp\/v2\/types\/product"}],"replies":[{"embeddable":true,"href":"https:\/\/ironsky.pl\/sklep\/wp-json\/wp\/v2\/comments?post=24471"}],"wp:featuredmedia":[{"embeddable":true,"href":"https:\/\/ironsky.pl\/sklep\/wp-json\/wp\/v2\/media\/24472"}],"wp:attachment":[{"href":"https:\/\/ironsky.pl\/sklep\/wp-json\/wp\/v2\/media?parent=24471"}],"wp:term":[{"taxonomy":"product_brand","embeddable":true,"href":"https:\/\/ironsky.pl\/sklep\/wp-json\/wp\/v2\/product_brand?post=24471"},{"taxonomy":"product_cat","embeddable":true,"href":"https:\/\/ironsky.pl\/sklep\/wp-json\/wp\/v2\/product_cat?post=24471"},{"taxonomy":"product_tag","embeddable":true,"href":"https:\/\/ironsky.pl\/sklep\/wp-json\/wp\/v2\/product_tag?post=24471"}],"curies":[{"name":"wp","href":"https:\/\/api.w.org\/{rel}","templated":true}]}}