{"id":24390,"date":"2024-09-16T19:04:18","date_gmt":"2024-09-16T17:04:18","guid":{"rendered":"http:\/\/gvshalph.pro-linuxpl.com\/ironskyprodukty\/produkt\/gimbal-insta360-flow-creator-kit-szary\/"},"modified":"2026-03-05T15:51:07","modified_gmt":"2026-03-05T14:51:07","slug":"gimbal-insta360-flow-creator-kit-szary","status":"publish","type":"product","link":"https:\/\/ironsky.pl\/sklep\/produkt\/gimbal-insta360-flow-creator-kit-szary\/","title":{"rendered":"Gimbal Insta360 Flow Creator Kit (szary)"},"content":{"rendered":"<h3>Insta360 Flow Creator Kit (szary)<\/h3>\n<p>Tw\u00f3rz jeszcze lepsze materia\u0142y wideo za pomoc\u0105 swojego telefonu. Insta360 Flow to innowacyjny gimbal do smartfon\u00f3w, kt\u00f3ry oferuje 3-osiow\u0105 stabilizacj\u0119, zaawansowan\u0105 technologi\u0119 \u015bledzenia AI i mn\u00f3stwo inteligentnych funkcji. Dzi\u0119ki wydajnemu akumulatorowi o pojemno\u015bci 2900 mAh jego czas pracy si\u0119ga a\u017c 12 godzin. Urz\u0105dzenie ma r\u00f3wnie\u017c wbudowany selfie stick i statyw, dzi\u0119ki czemu \u015bwietnie sprawdzi si\u0119 w r\u00f3\u017cnych scenariuszach. Stabilizator mo\u017ce te\u017c pe\u0142ni\u0107 funkcj\u0119 powerbanku. W sk\u0142ad zestawu Creator Kit wchodz\u0105 tak\u017ce akcesoria takie jak dodatkowe kable, torba transportowa i o\u015bwietlenie.<\/p>\n<p><img decoding=\"async\" src=\"https:\/\/b2b.innpro.pl\/data\/include\/cms\/Insta360\/Flow-Creator-Kit-grey\/5.jpg\"><\/p>\n<h3>Niezr\u00f3wnana stabilizacja<\/h3>\n<p>Z Insta360 Flow bez wysi\u0142ku przygotujesz zachwycaj\u0105ce materia\u0142y. Gimbal wykorzystuje \u015bledzenie AI i 3-osiow\u0105 stabilizacj\u0119, aby zapewni\u0107 niesamowit\u0105 p\u0142ynno\u015b\u0107 nawet najbardziej dynamicznych uj\u0119\u0107. Niewa\u017cne, czy tworzysz oryginaln\u0105 relacj\u0119 z podr\u00f3\u017cy, nagrywasz zabawy uroczych zwierzak\u00f3w, czy rejestrujesz trening pi\u0142karski swojego dziecka \u2013 teraz z \u0142atwo\u015bci\u0105 uzyskasz fantastyczne rezultaty!<\/p>\n<p><img decoding=\"async\" src=\"https:\/\/b2b.innpro.pl\/data\/include\/cms\/Insta360\/Flow-Creator-Kit-grey\/9.jpg\"><\/p>\n<h3>Nowoczesne technologie \u015bledzenia<\/h3>\n<p>Insta360 Flow u\u0142atwi Ci utrzymanie wybranego obiektu w centrum kadru. Gimbal obs\u0142uguje zaawansowan\u0105 technologi\u0119 \u015bledzenia Deep Track 3.0, dzi\u0119ki czemu pozwala bez wysi\u0142ku nagrywa\u0107 wskazany cel. Oferuje tak\u017ce dodatkowe funkcje takie jak Zoom Tracking czy Slow Motion Tracking. Dost\u0119pny jest te\u017c tryb Live Mode, kt\u00f3ry sprawdzi si\u0119 podczas prowadzenia transmisji na \u017cywo. Co wi\u0119cej, nawet je\u015bli wybrany przez Ciebie obiekt na chwil\u0119 zniknie z pola widzenia, Flow automatycznie wznowi \u015bledzenie, gdy tylko b\u0119dzie to mo\u017cliwe!<\/p>\n<p><img decoding=\"async\" src=\"https:\/\/b2b.innpro.pl\/data\/include\/cms\/Insta360\/Flow-Creator-Kit-grey\/1.jpg\"><\/p>\n<h3>Wszystko w jednym<\/h3>\n<p>Insta360 Flow to nie tylko stabilizator \u2013 to wszechstronne urz\u0105dzenie mo\u017ce pe\u0142ni\u0107 r\u00f3wnie\u017c kilka innych funkcji. Wbudowany statyw u\u0142atwi Ci nagrywanie vlog\u00f3w czy tutoriali, a adapter zimna stopka umo\u017cliwia monta\u017c dodatkowych akcesori\u00f3w, na przyk\u0142ad mikrofonu. Do dyspozycji masz tak\u017ce selfie stick o maksymalnej d\u0142ugo\u015bci 215 mm \u2013 za jego pomoc\u0105 bez trudu zrobisz idealne selfie lub zdj\u0119cie grupowe! Flow sprawdzi si\u0119 te\u017c w roli powerbanku \u2013 umo\u017cliwia nawet \u0142adowanie telefonu podczas nagrywania.<\/p>\n<p><img decoding=\"async\" src=\"https:\/\/b2b.innpro.pl\/data\/include\/cms\/Insta360\/Flow-Creator-Kit-grey\/2.jpg\"><\/p>\n<h3>Jeszcze wygodniejsza obs\u0142uga<\/h3>\n<p>Z Insta360 Flow jeste\u015b zawsze gotowy do dzia\u0142ania. Gimbal jest bardzo wygodny w u\u017cyciu i pozwala w mgnieniu oka rozpocz\u0105\u0107 filmowanie. Wystarczy go roz\u0142o\u017cy\u0107 i przymocowa\u0107 telefon za pomoc\u0105 magnetycznego uchwytu! Co wi\u0119cej, w wypadku iPhone\u2019\u00f3w aplikacja Insta360 automatycznie wykrywa stabilizator i wysy\u0142a odpowiednie powiadomienie. Flow obs\u0142uguje te\u017c sterowanie za pomoc\u0105 gest\u00f3w. Mo\u017cesz wi\u0119c na przyk\u0142ad ustawi\u0107 go na wbudowanym statywie, a nast\u0119pnie w prosty spos\u00f3b zacz\u0105\u0107 nagrywanie!<\/p>\n<p><img decoding=\"async\" src=\"https:\/\/b2b.innpro.pl\/data\/include\/cms\/Insta360\/Flow-Creator-Kit-grey\/6.jpg\"><\/p>\n<h3>U\u0142atwione nagrywanie<\/h3>\n<p>Ciesz si\u0119 wi\u0119ksz\u0105 swobod\u0105. Flow zosta\u0142 wyposa\u017cony w specjalne pokr\u0119t\u0142o SmartWheel, kt\u00f3re zapewnia wygodny dost\u0119p do wielu przydatnych funkcji. Za jego pomoc\u0105 mo\u017cesz na przyk\u0142ad odtwarza\u0107 wideo, sterowa\u0107 nagrywaniem i prze\u0142\u0105cza\u0107 dost\u0119pne tryby pracy gimbala. Przyk\u0142adowo, w trybie Auto stabilizator automatycznie dostosowuje swoje ustawienia do ruch\u00f3w u\u017cytkownika, a tryb FPV umo\u017cliwia uzyskanie dynamicznych film\u00f3w przypominaj\u0105cych uj\u0119cia z drona.<\/p>\n<p><img decoding=\"async\" src=\"https:\/\/b2b.innpro.pl\/data\/include\/cms\/Insta360\/Flow-Creator-Kit-grey\/4.jpg\"><\/p>\n<h3>Wypr\u00f3buj dost\u0119pne tryby<\/h3>\n<p>Tw\u00f3rz oryginalne materia\u0142y bez wi\u0119kszego wysi\u0142ku. Aplikacja Insta360 oferuje mn\u00f3stwo ciekawych funkcji, kt\u00f3re Ci to u\u0142atwi\u0105! Shot Genie podpowie Ci, jak przygotowa\u0107 idealny materia\u0142 i zapewni ponad 80 szablon\u00f3w do wyboru, a Hoop Mode sprawdzi si\u0119 podczas nagrywania mecz\u00f3w koszyk\u00f3wki. Panorama pozwoli Ci uchwyci\u0107 ca\u0142y krajobraz, Dolly Zoom pomo\u017ce uzyska\u0107 \u015bwietny efekt znany z Hollywood, a dzi\u0119ki TimeShift bez trudu przygotujesz uj\u0119cie hyperlapse. Dost\u0119pna jest te\u017c funkcja Motion Timelapse. Gotowe filmy mo\u017cesz edytowa\u0107 za pomoc\u0105 programu FlashCut.<\/p>\n<p><img decoding=\"async\" src=\"https:\/\/b2b.innpro.pl\/data\/include\/cms\/Insta360\/Flow-Creator-Kit-grey\/8.jpg\"><\/p>\n<h3>W zestawie<\/h3>\n<ul>\n<li>Stabilizator Insta360 Flow<\/li>\n<li>Magnetyczny uchwyt na telefon<\/li>\n<li>Kabel do \u0142adowania (USB-C do USB-A)<\/li>\n<li>Kabel USB-C do USB-C<\/li>\n<li>Kabel USB-C do Lightning<\/li>\n<li><span>Lampka do\u015bwietlaj\u0105ca Spotlight\u00a0<\/span><\/li>\n<li>Os\u0142ona uchwytu<\/li>\n<li>Torba transportowa<\/li>\n<li>Przewodnik Szybki Start<\/li>\n<li>Karta gwarancyjna<\/li>\n<\/ul>\n<div class=\"table-wrapper\">\n<table>\n<tbody>\n<tr>\n<th>Producent<\/th>\n<td>Insta360<\/td>\n<\/tr>\n<tr>\n<th>Model<\/th>\n<td>Flow<\/td>\n<\/tr>\n<tr>\n<th>Kolor<\/th>\n<td>Szary<\/td>\n<\/tr>\n<tr>\n<th>Waga<\/th>\n<td>Gimbal: ok. 369 g;<br \/>Magnetyczny uchwyt na telefon: 32 g;<\/td>\n<\/tr>\n<tr>\n<th>Wymiary (bez magnetycznego uchwytu, ze z\u0142o\u017conym statywem)<\/th>\n<td>Z\u0142o\u017cony: 162,1 x 79,6 x 36 mm;<br \/>Roz\u0142o\u017cony: 269,4 x 73,6 x 69,9 mm;<\/td>\n<\/tr>\n<tr>\n<th>Grubo\u015b\u0107 kompatybilnych smartfon\u00f3w<\/th>\n<td>6,9-10 mm<\/td>\n<\/tr>\n<tr>\n<th>Szeroko\u015b\u0107 kompatybilnych smartfon\u00f3w<\/th>\n<td>64-84 mm<\/td>\n<\/tr>\n<tr>\n<th>Waga kompatybilnych smartfon\u00f3w<\/th>\n<td>130-300 g<\/td>\n<\/tr>\n<tr>\n<th>Port<\/th>\n<td>USB-C<\/td>\n<\/tr>\n<tr>\n<th>D\u0142ugo\u015b\u0107 wbudowanego selfie sticka<\/th>\n<td>215 mm<\/td>\n<\/tr>\n<tr>\n<th>Wymiary wbudowanego statywu<\/th>\n<td>D\u0142ugo\u015b\u0107 po roz\u0142o\u017ceniu: 80 mm; \u015arednica po roz\u0142o\u017ceniu: 187,6 mm;<\/td>\n<\/tr>\n<tr>\n<th>Pojemno\u015b\u0107 akumulatora<\/th>\n<td>2900 mAh<\/td>\n<\/tr>\n<tr>\n<th>Czas pracy<\/th>\n<td>Do 12 h<\/p>\n<p>*Przetestowano w temperaturze pokojowej (25\u00b0C), gdy gimbal by\u0142 ca\u0142kowicie wywa\u017cony i umieszczony na p\u0142askiej powierzchni.<\/td>\n<\/tr>\n<tr>\n<th>Czas \u0142adowania<\/th>\n<td>Ok. 2 h (5 V \/ 2 A)<\/td>\n<\/tr>\n<tr>\n<th>Temperatura pracy<\/th>\n<td>Od -10\u00b0C do 40\u00b0C<\/td>\n<\/tr>\n<tr>\n<th>Temperatura \u0142adowania<\/th>\n<td>Od 0\u00b0C do 40\u00b0C<\/td>\n<\/tr>\n<tr>\n<th>Zakres mechaniczny gimbala<\/th>\n<td>Pan: od -230\u00b0 do 100\u00b0;<br \/>Roll: od -150\u00b0 do 180\u00b0;<br \/>Tilt: od -100\u00b0 do 82\u00b0;<\/td>\n<\/tr>\n<tr>\n<th>Maks. pr\u0119dko\u015b\u0107 kontroli<\/th>\n<td>120\u00b0\/s<\/td>\n<\/tr>\n<tr>\n<th>Wersja Bluetooth<\/th>\n<td>5.0<\/td>\n<\/tr>\n<tr>\n<th>Kompatybilno\u015b\u0107<\/th>\n<td>iOS:<\/p>\n<p>Urz\u0105dzenia wyposa\u017cone w uk\u0142ady A11 lub nowsze i z wersja systemu iOS 11.0 lub nowsz\u0105, na przyk\u0142ad iPhone SE 2, iPhone 8, iPhone 8 Plus, iPhone XR, iPhone XS, iPhone XS Max, iPhone X, iPhone 11, iPhone 11 Pro, iPhone 11 Pro Max, iPhone 12, iPhone 12 Pro, iPhone 12 Pro Max, iPhone 12 mini, iPhone 13, iPhone 13 Pro, iPhone 13 Pro Max, iPhone 13 mini;<\/p>\n<p>Android:<\/p>\n<p>Urz\u0105dzenia spe\u0142niaj\u0105ce nast\u0119puj\u0105ce wymagania:<\/p>\n<p>Urz\u0105dzenia wyposa\u017cone w uk\u0142ady Kirin 980 i nowsze, w tym Huawei Mate 20, P30 i nowsze;<br \/>Urz\u0105dzenia wyposa\u017cone w uk\u0142ady Snapdragon 845 i nowsze, w tym Samsung Galaxy S9, Xiaomi Mi 8 i nowsze;<br \/>Urz\u0105dzenia wyposa\u017cone w uk\u0142ady Exynos 9810 i nowsze, w tym Samsung Galaxy S9, S9+, Note9 i nowsze;<br \/>Urz\u0105dzenia wyposa\u017cone w uk\u0142ady Tensor, w tym Google Pixel 6;<\/p>\n<p>Uwaga: funkcjonalno\u015bci mog\u0105 si\u0119 r\u00f3\u017cni\u0107 w zale\u017cno\u015bci od urz\u0105dzenia. Przed zakupem zapoznaj si\u0119 z pe\u0142n\u0105 list\u0105 kompatybilno\u015bci dost\u0119pn\u0105 na stronie internetowej insta360.com.<\/td>\n<\/tr>\n<\/tbody>\n<\/table>\n<\/div>\n","protected":false},"excerpt":{"rendered":"<p>Insta360 Flow Creator Kit (szary) Tw\u00f3rz jeszcze lepsze materia\u0142y wideo za pomoc\u0105 swojego telefonu. Insta360 Flow to innowacyjny gimbal do<\/p>\n","protected":false},"featured_media":24391,"comment_status":"closed","ping_status":"open","template":"","meta":{"_acf_changed":false},"product_brand":[],"product_cat":[1128,1129],"product_tag":[],"class_list":{"0":"post-24390","1":"product","2":"type-product","3":"status-publish","4":"has-post-thumbnail","6":"product_cat-foto-wideo","7":"product_cat-gimbale-i-stabilizatory","8":"pa_box-height-1363","9":"pa_box-length-1861","10":"pa_box-width-1831","11":"pa_czas-pracy-min-3266","12":"pa_gross-weight-2682","13":"pa_hs-code-1644","14":"pa_maksymalne-obciazenie-kg-4003","15":"pa_net-weight-2208","16":"pa_przeznaczenie-do-telefonow","18":"first","19":"outofstock","20":"taxable","21":"shipping-taxable","22":"purchasable","23":"product-type-simple"},"acf":[],"yoast_head":"<!-- This site is optimized with the Yoast SEO plugin v27.2 - https:\/\/yoast.com\/product\/yoast-seo-wordpress\/ -->\n<title>Gimbal Insta360 Flow Creator Kit (szary) - IRONSKY.PL Sklep z Dronami<\/title>\n<meta name=\"description\" content=\"Gimbal Insta360 Flow Creator Kit (szary) - \u2705 sklep z dronami i fachowym doradztwem. \u2705 Tutaj kupisz produkty DJI, Yuneec, Parrot, Syma i wiele innych, a tak\u017ce kursy i licencje na operatora drona.\" \/>\n<meta name=\"robots\" content=\"index, follow, max-snippet:-1, max-image-preview:large, max-video-preview:-1\" \/>\n<link rel=\"canonical\" href=\"https:\/\/ironsky.pl\/sklep\/produkt\/gimbal-insta360-flow-creator-kit-szary\/\" \/>\n<meta property=\"og:locale\" content=\"pl_PL\" \/>\n<meta property=\"og:type\" content=\"article\" \/>\n<meta property=\"og:title\" content=\"Gimbal Insta360 Flow Creator Kit (szary) - IRONSKY.PL Sklep z Dronami\" \/>\n<meta property=\"og:description\" content=\"Gimbal Insta360 Flow Creator Kit (szary) - \u2705 sklep z dronami i fachowym doradztwem. \u2705 Tutaj kupisz produkty DJI, Yuneec, Parrot, Syma i wiele innych, a tak\u017ce kursy i licencje na operatora drona.\" \/>\n<meta property=\"og:url\" content=\"https:\/\/ironsky.pl\/sklep\/produkt\/gimbal-insta360-flow-creator-kit-szary\/\" \/>\n<meta property=\"og:site_name\" content=\"IRONSKY.PL Sklep z Dronami\" \/>\n<meta property=\"article:modified_time\" content=\"2026-03-05T14:51:07+00:00\" \/>\n<meta property=\"og:image\" content=\"https:\/\/ironsky.pl\/sklep\/wp-content\/uploads\/2024\/09\/30083_6.jpg\" \/>\n\t<meta property=\"og:image:width\" content=\"800\" \/>\n\t<meta property=\"og:image:height\" content=\"800\" \/>\n\t<meta property=\"og:image:type\" content=\"image\/jpeg\" \/>\n<meta name=\"twitter:card\" content=\"summary_large_image\" \/>\n<meta name=\"twitter:label1\" content=\"Szacowany czas czytania\" \/>\n\t<meta name=\"twitter:data1\" content=\"5 minut\" \/>\n<script type=\"application\/ld+json\" class=\"yoast-schema-graph\">{\"@context\":\"https:\/\/schema.org\",\"@graph\":[{\"@type\":\"WebPage\",\"@id\":\"https:\/\/ironsky.pl\/sklep\/produkt\/gimbal-insta360-flow-creator-kit-szary\/\",\"url\":\"https:\/\/ironsky.pl\/sklep\/produkt\/gimbal-insta360-flow-creator-kit-szary\/\",\"name\":\"Gimbal Insta360 Flow Creator Kit (szary) - IRONSKY.PL Sklep z Dronami\",\"isPartOf\":{\"@id\":\"https:\/\/ironsky.pl\/sklep\/#website\"},\"primaryImageOfPage\":{\"@id\":\"https:\/\/ironsky.pl\/sklep\/produkt\/gimbal-insta360-flow-creator-kit-szary\/#primaryimage\"},\"image\":{\"@id\":\"https:\/\/ironsky.pl\/sklep\/produkt\/gimbal-insta360-flow-creator-kit-szary\/#primaryimage\"},\"thumbnailUrl\":\"https:\/\/ironsky.pl\/sklep\/wp-content\/uploads\/2024\/09\/30083_6.jpg\",\"datePublished\":\"2024-09-16T17:04:18+00:00\",\"dateModified\":\"2026-03-05T14:51:07+00:00\",\"description\":\"Gimbal Insta360 Flow Creator Kit (szary) - \u2705 sklep z dronami i fachowym doradztwem. \u2705 Tutaj kupisz produkty DJI, Yuneec, Parrot, Syma i wiele innych, a tak\u017ce kursy i licencje na operatora drona.\",\"breadcrumb\":{\"@id\":\"https:\/\/ironsky.pl\/sklep\/produkt\/gimbal-insta360-flow-creator-kit-szary\/#breadcrumb\"},\"inLanguage\":\"pl-PL\",\"potentialAction\":[{\"@type\":\"ReadAction\",\"target\":[\"https:\/\/ironsky.pl\/sklep\/produkt\/gimbal-insta360-flow-creator-kit-szary\/\"]}]},{\"@type\":\"ImageObject\",\"inLanguage\":\"pl-PL\",\"@id\":\"https:\/\/ironsky.pl\/sklep\/produkt\/gimbal-insta360-flow-creator-kit-szary\/#primaryimage\",\"url\":\"https:\/\/ironsky.pl\/sklep\/wp-content\/uploads\/2024\/09\/30083_6.jpg\",\"contentUrl\":\"https:\/\/ironsky.pl\/sklep\/wp-content\/uploads\/2024\/09\/30083_6.jpg\",\"width\":800,\"height\":800},{\"@type\":\"BreadcrumbList\",\"@id\":\"https:\/\/ironsky.pl\/sklep\/produkt\/gimbal-insta360-flow-creator-kit-szary\/#breadcrumb\",\"itemListElement\":[{\"@type\":\"ListItem\",\"position\":1,\"name\":\"Strona g\u0142\u00f3wna\",\"item\":\"https:\/\/ironsky.pl\/sklep\/\"},{\"@type\":\"ListItem\",\"position\":2,\"name\":\"Wszystkie produkty\",\"item\":\"https:\/\/ironsky.pl\/sklep\/produkty\/\"},{\"@type\":\"ListItem\",\"position\":3,\"name\":\"Gimbal Insta360 Flow Creator Kit (szary)\"}]},{\"@type\":\"WebSite\",\"@id\":\"https:\/\/ironsky.pl\/sklep\/#website\",\"url\":\"https:\/\/ironsky.pl\/sklep\/\",\"name\":\"IRONSKY.PL Sklep z Dronami\",\"description\":\"IRONSKY.PL Sklep z Dronami\",\"potentialAction\":[{\"@type\":\"SearchAction\",\"target\":{\"@type\":\"EntryPoint\",\"urlTemplate\":\"https:\/\/ironsky.pl\/sklep\/?s={search_term_string}\"},\"query-input\":{\"@type\":\"PropertyValueSpecification\",\"valueRequired\":true,\"valueName\":\"search_term_string\"}}],\"inLanguage\":\"pl-PL\"}]}<\/script>\n<!-- \/ Yoast SEO plugin. -->","yoast_head_json":{"title":"Gimbal Insta360 Flow Creator Kit (szary) - IRONSKY.PL Sklep z Dronami","description":"Gimbal Insta360 Flow Creator Kit (szary) - \u2705 sklep z dronami i fachowym doradztwem. \u2705 Tutaj kupisz produkty DJI, Yuneec, Parrot, Syma i wiele innych, a tak\u017ce kursy i licencje na operatora drona.","robots":{"index":"index","follow":"follow","max-snippet":"max-snippet:-1","max-image-preview":"max-image-preview:large","max-video-preview":"max-video-preview:-1"},"canonical":"https:\/\/ironsky.pl\/sklep\/produkt\/gimbal-insta360-flow-creator-kit-szary\/","og_locale":"pl_PL","og_type":"article","og_title":"Gimbal Insta360 Flow Creator Kit (szary) - IRONSKY.PL Sklep z Dronami","og_description":"Gimbal Insta360 Flow Creator Kit (szary) - \u2705 sklep z dronami i fachowym doradztwem. \u2705 Tutaj kupisz produkty DJI, Yuneec, Parrot, Syma i wiele innych, a tak\u017ce kursy i licencje na operatora drona.","og_url":"https:\/\/ironsky.pl\/sklep\/produkt\/gimbal-insta360-flow-creator-kit-szary\/","og_site_name":"IRONSKY.PL Sklep z Dronami","article_modified_time":"2026-03-05T14:51:07+00:00","og_image":[{"width":800,"height":800,"url":"https:\/\/ironsky.pl\/sklep\/wp-content\/uploads\/2024\/09\/30083_6.jpg","type":"image\/jpeg"}],"twitter_card":"summary_large_image","twitter_misc":{"Szacowany czas czytania":"5 minut"},"schema":{"@context":"https:\/\/schema.org","@graph":[{"@type":"WebPage","@id":"https:\/\/ironsky.pl\/sklep\/produkt\/gimbal-insta360-flow-creator-kit-szary\/","url":"https:\/\/ironsky.pl\/sklep\/produkt\/gimbal-insta360-flow-creator-kit-szary\/","name":"Gimbal Insta360 Flow Creator Kit (szary) - IRONSKY.PL Sklep z Dronami","isPartOf":{"@id":"https:\/\/ironsky.pl\/sklep\/#website"},"primaryImageOfPage":{"@id":"https:\/\/ironsky.pl\/sklep\/produkt\/gimbal-insta360-flow-creator-kit-szary\/#primaryimage"},"image":{"@id":"https:\/\/ironsky.pl\/sklep\/produkt\/gimbal-insta360-flow-creator-kit-szary\/#primaryimage"},"thumbnailUrl":"https:\/\/ironsky.pl\/sklep\/wp-content\/uploads\/2024\/09\/30083_6.jpg","datePublished":"2024-09-16T17:04:18+00:00","dateModified":"2026-03-05T14:51:07+00:00","description":"Gimbal Insta360 Flow Creator Kit (szary) - \u2705 sklep z dronami i fachowym doradztwem. \u2705 Tutaj kupisz produkty DJI, Yuneec, Parrot, Syma i wiele innych, a tak\u017ce kursy i licencje na operatora drona.","breadcrumb":{"@id":"https:\/\/ironsky.pl\/sklep\/produkt\/gimbal-insta360-flow-creator-kit-szary\/#breadcrumb"},"inLanguage":"pl-PL","potentialAction":[{"@type":"ReadAction","target":["https:\/\/ironsky.pl\/sklep\/produkt\/gimbal-insta360-flow-creator-kit-szary\/"]}]},{"@type":"ImageObject","inLanguage":"pl-PL","@id":"https:\/\/ironsky.pl\/sklep\/produkt\/gimbal-insta360-flow-creator-kit-szary\/#primaryimage","url":"https:\/\/ironsky.pl\/sklep\/wp-content\/uploads\/2024\/09\/30083_6.jpg","contentUrl":"https:\/\/ironsky.pl\/sklep\/wp-content\/uploads\/2024\/09\/30083_6.jpg","width":800,"height":800},{"@type":"BreadcrumbList","@id":"https:\/\/ironsky.pl\/sklep\/produkt\/gimbal-insta360-flow-creator-kit-szary\/#breadcrumb","itemListElement":[{"@type":"ListItem","position":1,"name":"Strona g\u0142\u00f3wna","item":"https:\/\/ironsky.pl\/sklep\/"},{"@type":"ListItem","position":2,"name":"Wszystkie produkty","item":"https:\/\/ironsky.pl\/sklep\/produkty\/"},{"@type":"ListItem","position":3,"name":"Gimbal Insta360 Flow Creator Kit (szary)"}]},{"@type":"WebSite","@id":"https:\/\/ironsky.pl\/sklep\/#website","url":"https:\/\/ironsky.pl\/sklep\/","name":"IRONSKY.PL Sklep z Dronami","description":"IRONSKY.PL Sklep z Dronami","potentialAction":[{"@type":"SearchAction","target":{"@type":"EntryPoint","urlTemplate":"https:\/\/ironsky.pl\/sklep\/?s={search_term_string}"},"query-input":{"@type":"PropertyValueSpecification","valueRequired":true,"valueName":"search_term_string"}}],"inLanguage":"pl-PL"}]}},"_links":{"self":[{"href":"https:\/\/ironsky.pl\/sklep\/wp-json\/wp\/v2\/product\/24390","targetHints":{"allow":["GET"]}}],"collection":[{"href":"https:\/\/ironsky.pl\/sklep\/wp-json\/wp\/v2\/product"}],"about":[{"href":"https:\/\/ironsky.pl\/sklep\/wp-json\/wp\/v2\/types\/product"}],"replies":[{"embeddable":true,"href":"https:\/\/ironsky.pl\/sklep\/wp-json\/wp\/v2\/comments?post=24390"}],"wp:featuredmedia":[{"embeddable":true,"href":"https:\/\/ironsky.pl\/sklep\/wp-json\/wp\/v2\/media\/24391"}],"wp:attachment":[{"href":"https:\/\/ironsky.pl\/sklep\/wp-json\/wp\/v2\/media?parent=24390"}],"wp:term":[{"taxonomy":"product_brand","embeddable":true,"href":"https:\/\/ironsky.pl\/sklep\/wp-json\/wp\/v2\/product_brand?post=24390"},{"taxonomy":"product_cat","embeddable":true,"href":"https:\/\/ironsky.pl\/sklep\/wp-json\/wp\/v2\/product_cat?post=24390"},{"taxonomy":"product_tag","embeddable":true,"href":"https:\/\/ironsky.pl\/sklep\/wp-json\/wp\/v2\/product_tag?post=24390"}],"curies":[{"name":"wp","href":"https:\/\/api.w.org\/{rel}","templated":true}]}}