{"id":24337,"date":"2024-09-16T19:02:30","date_gmt":"2024-09-16T17:02:30","guid":{"rendered":"http:\/\/gvshalph.pro-linuxpl.com\/ironskyprodukty\/produkt\/akumulator-fast-charge-telesin-dla-gopro-9-10-11-12-gp-fcb-b11\/"},"modified":"2026-03-05T15:51:05","modified_gmt":"2026-03-05T14:51:05","slug":"akumulator-fast-charge-telesin-dla-gopro-9-10-11-12-gp-fcb-b11","status":"publish","type":"product","link":"https:\/\/ironsky.pl\/sklep\/produkt\/akumulator-fast-charge-telesin-dla-gopro-9-10-11-12-gp-fcb-b11\/","title":{"rendered":"Akumulator (fast charge) Telesin dla GoPro 9\/10\/11\/12 GP-FCB-B11"},"content":{"rendered":"<h3>Akumulator (fast charge) Telesin dla GoPro 9\/10\/11\/12 GP-FCK-B11<\/h3>\n<p>Ciesz si\u0119 d\u0142ugim czasem pracy swojej kamery sportowej. Akumulator Telesin GP-FCK-B11 jest kompatybilny z GoPro 9, 10, 11 i 12, a jego pojemno\u015b\u0107 wynosi 1750 mAh. Produkt obs\u0142uguje szybkie \u0142adowanie i zosta\u0142 skutecznie zabezpieczony przed uszkodzeniem. Zyskaj wi\u0119cej czasu na nagrywanie fantastycznych materia\u0142\u00f3w wideo!<\/p>\n<p>\n<img decoding=\"async\" src=\"https:\/\/assets.innpro.pl\/7711\/8960\/1.jpg\" border=\"0\" \/>\n<\/p>\n<h3>Niezawodne dzia\u0142anie<\/h3>\n<p>Nie obawiaj si\u0119, \u017ce akumulator zbyt szybko odm\u00f3wi Ci pos\u0142usze\u0144stwa. Model GP-FCK-B11 zosta\u0142 zabezpieczony mi\u0119dzy innymi przed prze\u0142adowaniem i nadmiernym roz\u0142adowaniem. Nawet je\u015bli zostawisz go w \u0142adowarce na d\u0142u\u017cej, nie zostanie uszkodzony! Akumulator wyr\u00f3\u017cnia si\u0119 tak\u017ce d\u0142ug\u0105 \u017cywotno\u015bci\u0105.<\/p>\n<p>\n<img decoding=\"async\" src=\"https:\/\/assets.innpro.pl\/7711\/8960\/5.jpg\" border=\"0\" \/>\n<\/p>\n<h3>Szybkie \u0142adowanie \u2013 d\u0142ugi czas pracy<\/h3>\n<p>Nie pozw\u00f3l, aby zbyt szybko roz\u0142adowana kamera uniemo\u017cliwi\u0142a Ci przygotowanie idealnego uj\u0119cia. Akumulator Telesin wyr\u00f3\u017cnia si\u0119 pojemno\u015bci\u0105 1750 mAh, dzi\u0119ki czemu zapewnia d\u0142ugi czas nagrywania. Produkt obs\u0142uguje r\u00f3wnie\u017c szybkie \u0142adowanie \u2013 w mgnieniu oka b\u0119dzie zn\u00f3w gotowy do pracy.<\/p>\n<p>\n<img decoding=\"async\" src=\"https:\/\/assets.innpro.pl\/7711\/8960\/4.jpg\" border=\"0\" \/>\n<\/p>\n<h3>Kompatybilny z Twoj\u0105 kamer\u0105<\/h3>\n<p>Akumulator jest kompatybilny z kamerami GoPro Hero 9, 10, 11 i 12. Bez problemu z nimi wsp\u00f3\u0142pracuje \u2013 zapomnij o b\u0142\u0119dach i wyskakuj\u0105cych okienkach! Ciesz si\u0119 d\u0142ugim czasem pracy i szybkim \u0142adowaniem.<\/p>\n<p>\n<img decoding=\"async\" src=\"https:\/\/assets.innpro.pl\/7711\/8960\/3.jpg\" border=\"0\" \/>\n<\/p>\n<h3>Kompaktowy i lekki design<\/h3>\n<p>Dzi\u0119ki swoim kompaktowym wymiarom 41 x 33.3 x 13.2 mm i lekkiej wadze 33.2 g, jest \u0142atwy w monta\u017cu i nie obci\u0105\u017ca urz\u0105dzenia. Akumulator nie tylko u\u0142atwia nagrywanie d\u0142ugich sesji bez potrzeby cz\u0119stego \u0142adowania, ale r\u00f3wnie\u017c pozwala na szybk\u0105 wymian\u0119 na nowy w razie potrzeby, aby nagrywa\u0107 jeszcze d\u0142u\u017cej!<\/p>\n<p>\n<img decoding=\"async\" src=\"https:\/\/assets.innpro.pl\/7711\/8960\/6.jpg\" border=\"0\" \/>\n<\/p>\n<div class=\"table-wrapper\">\n<p>\u00a0<\/p>\n<h3><\/h3>\n<table>\n<tbody>\n<tr>\n<th>Producent <\/th>\n<td>Telesin<\/td>\n<\/tr>\n<tr>\n<th>Model <\/th>\n<td>GP-FCK-B11<\/td>\n<\/tr>\n<tr>\n<th>Pojemno\u015b\u0107 akumulatora <\/th>\n<td>1750 mAh<\/td>\n<\/tr>\n<tr>\n<th>Pr\u0105d \u0142adowania<\/th>\n<td>4.4V-2A<\/td>\n<\/tr>\n<tr>\n<th>Kompatybilno\u015b\u0107 <\/th>\n<td>GoPro Hero 9 \/ 10 \/ 11 \/ 12<\/td>\n<\/tr>\n<tr>\n<th>Wymiary<\/th>\n<td>41 x 33.3 x 13.2 mm<\/td>\n<\/tr>\n<tr>\n<th>Waga<\/th>\n<td>33.2 g<\/td>\n<\/tr>\n<tr>\n<th>Temperatura \u0142adowania<\/th>\n<td>10\u00b0C~45\u00b0C<\/td>\n<\/tr>\n<tr>\n<th>Temperatura roz\u0142adowania<\/th>\n<td>-10\u00b0C~60\u00b0C<\/td>\n<\/tr>\n<\/tbody>\n<\/table>\n<\/div>\n","protected":false},"excerpt":{"rendered":"<p>Akumulator (fast charge) Telesin dla GoPro 9\/10\/11\/12 GP-FCK-B11 Ciesz si\u0119 d\u0142ugim czasem pracy swojej kamery sportowej. Akumulator Telesin GP-FCK-B11 jest<\/p>\n","protected":false},"featured_media":24338,"comment_status":"closed","ping_status":"open","template":"","meta":{"_acf_changed":false},"product_brand":[],"product_cat":[1130,1137,1128],"product_tag":[],"class_list":{"0":"post-24337","1":"product","2":"type-product","3":"status-publish","4":"has-post-thumbnail","6":"product_cat-akcesoria-foto","7":"product_cat-do-kamer-sportowych","8":"product_cat-foto-wideo","9":"pa_box-height-2415","10":"pa_box-length-2430","11":"pa_box-width-2887","12":"pa_gross-weight-2560","13":"pa_hs-code-1427","14":"pa_kolejna-dostawa-26-09-2024","15":"pa_net-weight-2968","17":"first","18":"outofstock","19":"taxable","20":"shipping-taxable","21":"purchasable","22":"product-type-simple"},"acf":[],"yoast_head":"<!-- This site is optimized with the Yoast SEO plugin v27.2 - https:\/\/yoast.com\/product\/yoast-seo-wordpress\/ -->\n<title>Akumulator (fast charge) Telesin dla GoPro 9\/10\/11\/12 GP-FCB-B11 - IRONSKY.PL Sklep z Dronami<\/title>\n<meta name=\"description\" content=\"Akumulator (fast charge) Telesin dla GoPro 9\/10\/11\/12 GP-FCB-B11 - \u2705 sklep z dronami i fachowym doradztwem. \u2705 Tutaj kupisz produkty DJI, Yuneec, Parrot, Syma i wiele innych, a tak\u017ce kursy i licencje na operatora drona.\" \/>\n<meta name=\"robots\" content=\"index, follow, max-snippet:-1, max-image-preview:large, max-video-preview:-1\" \/>\n<link rel=\"canonical\" href=\"https:\/\/ironsky.pl\/sklep\/produkt\/akumulator-fast-charge-telesin-dla-gopro-9-10-11-12-gp-fcb-b11\/\" \/>\n<meta property=\"og:locale\" content=\"pl_PL\" \/>\n<meta property=\"og:type\" content=\"article\" \/>\n<meta property=\"og:title\" content=\"Akumulator (fast charge) Telesin dla GoPro 9\/10\/11\/12 GP-FCB-B11 - IRONSKY.PL Sklep z Dronami\" \/>\n<meta property=\"og:description\" content=\"Akumulator (fast charge) Telesin dla GoPro 9\/10\/11\/12 GP-FCB-B11 - \u2705 sklep z dronami i fachowym doradztwem. \u2705 Tutaj kupisz produkty DJI, Yuneec, Parrot, Syma i wiele innych, a tak\u017ce kursy i licencje na operatora drona.\" \/>\n<meta property=\"og:url\" content=\"https:\/\/ironsky.pl\/sklep\/produkt\/akumulator-fast-charge-telesin-dla-gopro-9-10-11-12-gp-fcb-b11\/\" \/>\n<meta property=\"og:site_name\" content=\"IRONSKY.PL Sklep z Dronami\" \/>\n<meta property=\"article:modified_time\" content=\"2026-03-05T14:51:05+00:00\" \/>\n<meta property=\"og:image\" content=\"https:\/\/ironsky.pl\/sklep\/wp-content\/uploads\/2024\/09\/28037_1.jpg\" \/>\n\t<meta property=\"og:image:width\" content=\"800\" \/>\n\t<meta property=\"og:image:height\" content=\"800\" \/>\n\t<meta property=\"og:image:type\" content=\"image\/jpeg\" \/>\n<meta name=\"twitter:card\" content=\"summary_large_image\" \/>\n<meta name=\"twitter:label1\" content=\"Szacowany czas czytania\" \/>\n\t<meta name=\"twitter:data1\" content=\"1 minuta\" \/>\n<script type=\"application\/ld+json\" class=\"yoast-schema-graph\">{\"@context\":\"https:\/\/schema.org\",\"@graph\":[{\"@type\":\"WebPage\",\"@id\":\"https:\/\/ironsky.pl\/sklep\/produkt\/akumulator-fast-charge-telesin-dla-gopro-9-10-11-12-gp-fcb-b11\/\",\"url\":\"https:\/\/ironsky.pl\/sklep\/produkt\/akumulator-fast-charge-telesin-dla-gopro-9-10-11-12-gp-fcb-b11\/\",\"name\":\"Akumulator (fast charge) Telesin dla GoPro 9\/10\/11\/12 GP-FCB-B11 - IRONSKY.PL Sklep z Dronami\",\"isPartOf\":{\"@id\":\"https:\/\/ironsky.pl\/sklep\/#website\"},\"primaryImageOfPage\":{\"@id\":\"https:\/\/ironsky.pl\/sklep\/produkt\/akumulator-fast-charge-telesin-dla-gopro-9-10-11-12-gp-fcb-b11\/#primaryimage\"},\"image\":{\"@id\":\"https:\/\/ironsky.pl\/sklep\/produkt\/akumulator-fast-charge-telesin-dla-gopro-9-10-11-12-gp-fcb-b11\/#primaryimage\"},\"thumbnailUrl\":\"https:\/\/ironsky.pl\/sklep\/wp-content\/uploads\/2024\/09\/28037_1.jpg\",\"datePublished\":\"2024-09-16T17:02:30+00:00\",\"dateModified\":\"2026-03-05T14:51:05+00:00\",\"description\":\"Akumulator (fast charge) Telesin dla GoPro 9\/10\/11\/12 GP-FCB-B11 - \u2705 sklep z dronami i fachowym doradztwem. \u2705 Tutaj kupisz produkty DJI, Yuneec, Parrot, Syma i wiele innych, a tak\u017ce kursy i licencje na operatora drona.\",\"breadcrumb\":{\"@id\":\"https:\/\/ironsky.pl\/sklep\/produkt\/akumulator-fast-charge-telesin-dla-gopro-9-10-11-12-gp-fcb-b11\/#breadcrumb\"},\"inLanguage\":\"pl-PL\",\"potentialAction\":[{\"@type\":\"ReadAction\",\"target\":[\"https:\/\/ironsky.pl\/sklep\/produkt\/akumulator-fast-charge-telesin-dla-gopro-9-10-11-12-gp-fcb-b11\/\"]}]},{\"@type\":\"ImageObject\",\"inLanguage\":\"pl-PL\",\"@id\":\"https:\/\/ironsky.pl\/sklep\/produkt\/akumulator-fast-charge-telesin-dla-gopro-9-10-11-12-gp-fcb-b11\/#primaryimage\",\"url\":\"https:\/\/ironsky.pl\/sklep\/wp-content\/uploads\/2024\/09\/28037_1.jpg\",\"contentUrl\":\"https:\/\/ironsky.pl\/sklep\/wp-content\/uploads\/2024\/09\/28037_1.jpg\",\"width\":800,\"height\":800},{\"@type\":\"BreadcrumbList\",\"@id\":\"https:\/\/ironsky.pl\/sklep\/produkt\/akumulator-fast-charge-telesin-dla-gopro-9-10-11-12-gp-fcb-b11\/#breadcrumb\",\"itemListElement\":[{\"@type\":\"ListItem\",\"position\":1,\"name\":\"Strona g\u0142\u00f3wna\",\"item\":\"https:\/\/ironsky.pl\/sklep\/\"},{\"@type\":\"ListItem\",\"position\":2,\"name\":\"Wszystkie produkty\",\"item\":\"https:\/\/ironsky.pl\/sklep\/produkty\/\"},{\"@type\":\"ListItem\",\"position\":3,\"name\":\"Akumulator (fast charge) Telesin dla GoPro 9\/10\/11\/12 GP-FCB-B11\"}]},{\"@type\":\"WebSite\",\"@id\":\"https:\/\/ironsky.pl\/sklep\/#website\",\"url\":\"https:\/\/ironsky.pl\/sklep\/\",\"name\":\"IRONSKY.PL Sklep z Dronami\",\"description\":\"IRONSKY.PL Sklep z Dronami\",\"potentialAction\":[{\"@type\":\"SearchAction\",\"target\":{\"@type\":\"EntryPoint\",\"urlTemplate\":\"https:\/\/ironsky.pl\/sklep\/?s={search_term_string}\"},\"query-input\":{\"@type\":\"PropertyValueSpecification\",\"valueRequired\":true,\"valueName\":\"search_term_string\"}}],\"inLanguage\":\"pl-PL\"}]}<\/script>\n<!-- \/ Yoast SEO plugin. -->","yoast_head_json":{"title":"Akumulator (fast charge) Telesin dla GoPro 9\/10\/11\/12 GP-FCB-B11 - IRONSKY.PL Sklep z Dronami","description":"Akumulator (fast charge) Telesin dla GoPro 9\/10\/11\/12 GP-FCB-B11 - \u2705 sklep z dronami i fachowym doradztwem. \u2705 Tutaj kupisz produkty DJI, Yuneec, Parrot, Syma i wiele innych, a tak\u017ce kursy i licencje na operatora drona.","robots":{"index":"index","follow":"follow","max-snippet":"max-snippet:-1","max-image-preview":"max-image-preview:large","max-video-preview":"max-video-preview:-1"},"canonical":"https:\/\/ironsky.pl\/sklep\/produkt\/akumulator-fast-charge-telesin-dla-gopro-9-10-11-12-gp-fcb-b11\/","og_locale":"pl_PL","og_type":"article","og_title":"Akumulator (fast charge) Telesin dla GoPro 9\/10\/11\/12 GP-FCB-B11 - IRONSKY.PL Sklep z Dronami","og_description":"Akumulator (fast charge) Telesin dla GoPro 9\/10\/11\/12 GP-FCB-B11 - \u2705 sklep z dronami i fachowym doradztwem. \u2705 Tutaj kupisz produkty DJI, Yuneec, Parrot, Syma i wiele innych, a tak\u017ce kursy i licencje na operatora drona.","og_url":"https:\/\/ironsky.pl\/sklep\/produkt\/akumulator-fast-charge-telesin-dla-gopro-9-10-11-12-gp-fcb-b11\/","og_site_name":"IRONSKY.PL Sklep z Dronami","article_modified_time":"2026-03-05T14:51:05+00:00","og_image":[{"width":800,"height":800,"url":"https:\/\/ironsky.pl\/sklep\/wp-content\/uploads\/2024\/09\/28037_1.jpg","type":"image\/jpeg"}],"twitter_card":"summary_large_image","twitter_misc":{"Szacowany czas czytania":"1 minuta"},"schema":{"@context":"https:\/\/schema.org","@graph":[{"@type":"WebPage","@id":"https:\/\/ironsky.pl\/sklep\/produkt\/akumulator-fast-charge-telesin-dla-gopro-9-10-11-12-gp-fcb-b11\/","url":"https:\/\/ironsky.pl\/sklep\/produkt\/akumulator-fast-charge-telesin-dla-gopro-9-10-11-12-gp-fcb-b11\/","name":"Akumulator (fast charge) Telesin dla GoPro 9\/10\/11\/12 GP-FCB-B11 - IRONSKY.PL Sklep z Dronami","isPartOf":{"@id":"https:\/\/ironsky.pl\/sklep\/#website"},"primaryImageOfPage":{"@id":"https:\/\/ironsky.pl\/sklep\/produkt\/akumulator-fast-charge-telesin-dla-gopro-9-10-11-12-gp-fcb-b11\/#primaryimage"},"image":{"@id":"https:\/\/ironsky.pl\/sklep\/produkt\/akumulator-fast-charge-telesin-dla-gopro-9-10-11-12-gp-fcb-b11\/#primaryimage"},"thumbnailUrl":"https:\/\/ironsky.pl\/sklep\/wp-content\/uploads\/2024\/09\/28037_1.jpg","datePublished":"2024-09-16T17:02:30+00:00","dateModified":"2026-03-05T14:51:05+00:00","description":"Akumulator (fast charge) Telesin dla GoPro 9\/10\/11\/12 GP-FCB-B11 - \u2705 sklep z dronami i fachowym doradztwem. \u2705 Tutaj kupisz produkty DJI, Yuneec, Parrot, Syma i wiele innych, a tak\u017ce kursy i licencje na operatora drona.","breadcrumb":{"@id":"https:\/\/ironsky.pl\/sklep\/produkt\/akumulator-fast-charge-telesin-dla-gopro-9-10-11-12-gp-fcb-b11\/#breadcrumb"},"inLanguage":"pl-PL","potentialAction":[{"@type":"ReadAction","target":["https:\/\/ironsky.pl\/sklep\/produkt\/akumulator-fast-charge-telesin-dla-gopro-9-10-11-12-gp-fcb-b11\/"]}]},{"@type":"ImageObject","inLanguage":"pl-PL","@id":"https:\/\/ironsky.pl\/sklep\/produkt\/akumulator-fast-charge-telesin-dla-gopro-9-10-11-12-gp-fcb-b11\/#primaryimage","url":"https:\/\/ironsky.pl\/sklep\/wp-content\/uploads\/2024\/09\/28037_1.jpg","contentUrl":"https:\/\/ironsky.pl\/sklep\/wp-content\/uploads\/2024\/09\/28037_1.jpg","width":800,"height":800},{"@type":"BreadcrumbList","@id":"https:\/\/ironsky.pl\/sklep\/produkt\/akumulator-fast-charge-telesin-dla-gopro-9-10-11-12-gp-fcb-b11\/#breadcrumb","itemListElement":[{"@type":"ListItem","position":1,"name":"Strona g\u0142\u00f3wna","item":"https:\/\/ironsky.pl\/sklep\/"},{"@type":"ListItem","position":2,"name":"Wszystkie produkty","item":"https:\/\/ironsky.pl\/sklep\/produkty\/"},{"@type":"ListItem","position":3,"name":"Akumulator (fast charge) Telesin dla GoPro 9\/10\/11\/12 GP-FCB-B11"}]},{"@type":"WebSite","@id":"https:\/\/ironsky.pl\/sklep\/#website","url":"https:\/\/ironsky.pl\/sklep\/","name":"IRONSKY.PL Sklep z Dronami","description":"IRONSKY.PL Sklep z Dronami","potentialAction":[{"@type":"SearchAction","target":{"@type":"EntryPoint","urlTemplate":"https:\/\/ironsky.pl\/sklep\/?s={search_term_string}"},"query-input":{"@type":"PropertyValueSpecification","valueRequired":true,"valueName":"search_term_string"}}],"inLanguage":"pl-PL"}]}},"_links":{"self":[{"href":"https:\/\/ironsky.pl\/sklep\/wp-json\/wp\/v2\/product\/24337","targetHints":{"allow":["GET"]}}],"collection":[{"href":"https:\/\/ironsky.pl\/sklep\/wp-json\/wp\/v2\/product"}],"about":[{"href":"https:\/\/ironsky.pl\/sklep\/wp-json\/wp\/v2\/types\/product"}],"replies":[{"embeddable":true,"href":"https:\/\/ironsky.pl\/sklep\/wp-json\/wp\/v2\/comments?post=24337"}],"wp:featuredmedia":[{"embeddable":true,"href":"https:\/\/ironsky.pl\/sklep\/wp-json\/wp\/v2\/media\/24338"}],"wp:attachment":[{"href":"https:\/\/ironsky.pl\/sklep\/wp-json\/wp\/v2\/media?parent=24337"}],"wp:term":[{"taxonomy":"product_brand","embeddable":true,"href":"https:\/\/ironsky.pl\/sklep\/wp-json\/wp\/v2\/product_brand?post=24337"},{"taxonomy":"product_cat","embeddable":true,"href":"https:\/\/ironsky.pl\/sklep\/wp-json\/wp\/v2\/product_cat?post=24337"},{"taxonomy":"product_tag","embeddable":true,"href":"https:\/\/ironsky.pl\/sklep\/wp-json\/wp\/v2\/product_tag?post=24337"}],"curies":[{"name":"wp","href":"https:\/\/api.w.org\/{rel}","templated":true}]}}