{"id":24314,"date":"2024-09-16T19:02:30","date_gmt":"2024-09-16T17:02:30","guid":{"rendered":"http:\/\/gvshalph.pro-linuxpl.com\/ironskyprodukty\/produkt\/statyw-z-wysiegnikiem-selfie-stick-telesin-3-way\/"},"modified":"2026-03-05T15:51:04","modified_gmt":"2026-03-05T14:51:04","slug":"statyw-z-wysiegnikiem-selfie-stick-telesin-3-way","status":"publish","type":"product","link":"https:\/\/ironsky.pl\/sklep\/produkt\/statyw-z-wysiegnikiem-selfie-stick-telesin-3-way\/","title":{"rendered":"Statyw z wysi\u0119gnikiem selfie-stick TELESIN 3-Way"},"content":{"rendered":"<h3 style=\"text-align: center;\">Statyw z wysi\u0119gnikiem selfie-stick Telesin 3-Way TE-TRP-009<\/h3>\n<p>Telesin TE-TRP-009 to wielofunkcyjne akcesorium, kt\u00f3re sprawdzi si\u0119 w roli selfie sticka lub statywu z wysi\u0119gnikiem. Mo\u017cesz roz\u0142o\u017cy\u0107 go na d\u0142ugo\u015b\u0107 nawet 55 cm lub wykorzysta\u0107 jako prosty stabilizator. Wbudowany przegub kulowy umo\u017cliwia swobodn\u0105 regulacj\u0119 nachylenia i obrotu umieszczonego na tripodzie urz\u0105dzenia, a ergonomiczna, przeno\u015bna konstrukcja zapewnia komfort u\u017cytkowania i pozwala mie\u0107 produkt zawsze pod r\u0119k\u0105.<\/p>\n<p><img decoding=\"async\" src=\"https:\/\/b2b.innpro.pl\/data\/include\/cms\/Telesin\/TE-TRP-009\/4.jpg\" border=\"0\" alt=\"\" width=\"1100\" height=\"700\" \/><\/p>\n<p>\u00a0<\/p>\n<h3 style=\"text-align: center;\">Szeroka kompatybilno\u015b\u0107<\/h3>\n<p>Bez przeszk\u00f3d korzystaj ze swoich ulubionych urz\u0105dze\u0144 i ciesz si\u0119 fantastycznymi rezultatami nagrywania. Statyw zosta\u0142 wyposa\u017cony w specjalny adapter i wyr\u00f3\u017cnia si\u0119 ud\u017awigiem do 300 g, dzi\u0119ki czemu jest kompatybilny z wieloma popularnymi modelami kamer sportowych i smartfon\u00f3w. Uwaga: w wypadku telefon\u00f3w i niekt\u00f3rych kamer niezb\u0119dny b\u0119dzie dodatkowych uchwyt lub ramka (w sprzeda\u017cy oddzielnie).<\/p>\n<p><img decoding=\"async\" src=\"https:\/\/b2b.innpro.pl\/data\/include\/cms\/Telesin\/TE-TRP-009\/5.jpg\" border=\"0\" alt=\"\" width=\"1100\" height=\"700\" \/><\/p>\n<p>\u00a0<\/p>\n<h3 style=\"text-align: center;\">Praktyczny statyw z wysi\u0119gnikiem<\/h3>\n<p>U\u0142atw sobie nagrywanie oryginalnych film\u00f3w, vlog\u00f3w czy tutoriali. Wystarczy roz\u0142o\u017cy\u0107 n\u00f3\u017cki statywu i umie\u015bci\u0107 go na dowolnej p\u0142askiej powierzchni. Akcesorium zosta\u0142o wyposa\u017cone w antypo\u015blizgowe podk\u0142adki z silikonu, kt\u00f3re zapewniaj\u0105 mu stabilno\u015b\u0107 i zapobiegaj\u0105 jego przesuwaniu si\u0119. Co wi\u0119cej, rozk\u0142adany wysi\u0119gnik z regulowanymi z\u0142\u0105czami daje Ci jeszcze wi\u0119ksz\u0105 swobod\u0119 i pozwala ustawi\u0107 kamer\u0119 w dowolnej pozycji.<\/p>\n<p><img decoding=\"async\" src=\"https:\/\/b2b.innpro.pl\/data\/include\/cms\/Telesin\/TE-TRP-009\/8.jpg\" border=\"0\" alt=\"\" width=\"1100\" height=\"700\" \/><\/p>\n<p>\u00a0<\/p>\n<h3 style=\"text-align: center;\">Zr\u00f3b sobie idealne selfie<\/h3>\n<p>Akcesorium doskonale sprawdzi si\u0119 r\u00f3wnie\u017c w roli selfie sticka \u2013 wystarczy, \u017ce z\u0142o\u017cysz n\u00f3\u017cki statywu. Mo\u017cesz te\u017c regulowa\u0107 jego d\u0142ugo\u015b\u0107 w zakresie 22-55 cm, dzi\u0119ki czemu doskonale sprawdzi si\u0119 w r\u00f3\u017cnych scenariuszach. Teraz bez trudu zrobisz sobie idealne selfie! Dodatkowym atutem akcesorium jest ergonomiczny uchwyt, kt\u00f3ry \u015bwietnie le\u017cy w d\u0142oni i jest bardzo przyjemny w dotyku.<\/p>\n<p><img decoding=\"async\" src=\"https:\/\/b2b.innpro.pl\/data\/include\/cms\/Telesin\/TE-TRP-009\/6.jpg\" border=\"0\" alt=\"\" width=\"1100\" height=\"700\" \/><\/p>\n<p>\u00a0<\/p>\n<h3 style=\"text-align: center;\">Jeszcze wi\u0119cej mo\u017cliwo\u015bci regulacji<\/h3>\n<p>Uzyskaj jeszcze ciekawsz\u0105 perspektyw\u0119 i nagrywaj pod dowolnym k\u0105tem. Akcesorium zosta\u0142o wyposa\u017cone w przegub kulowy, kt\u00f3ry umo\u017cliwia swobodne przechylanie zamontowanej na nim kamery oraz obracanie jej w zakresie 360\u00b0. Eksperymentuj z r\u00f3\u017cnymi ustawieniami i tw\u00f3rz jeszcze lepsze uj\u0119cia!<\/p>\n<p><img decoding=\"async\" src=\"https:\/\/b2b.innpro.pl\/data\/include\/cms\/Telesin\/TE-TRP-009\/3.jpg\" border=\"0\" alt=\"\" width=\"1100\" height=\"700\" \/><\/p>\n<p>\u00a0<\/p>\n<h3 style=\"text-align: center;\">Zawsze pod r\u0119k\u0105<\/h3>\n<p>Wybierasz si\u0119 na wycieczk\u0119 albo na imprez\u0119? Zabierz akcesorium ze sob\u0105 i zr\u00f3b mn\u00f3stwo fantastycznych zdj\u0119\u0107! Po z\u0142o\u017ceniu produkt ma d\u0142ugo\u015b\u0107 zaledwie 22 cm \u2013 bez problemu zmie\u015bci si\u0119 w torbie lub plecaku. W zestawie znajdziesz te\u017c specjaln\u0105 smycz, za pomoc\u0105 kt\u00f3rej mo\u017cesz na przyk\u0142ad zawiesi\u0107 sobie selfie stick na nadgarstku.<\/p>\n<p><img decoding=\"async\" src=\"https:\/\/b2b.innpro.pl\/data\/include\/cms\/Telesin\/TE-TRP-009\/9.jpg\" border=\"0\" alt=\"\" width=\"1100\" height=\"700\" \/><\/p>\n<p>\u00a0<\/p>\n<h3>W zestawie<\/h3>\n<ul>\n<li>Statyw z wysi\u0119gnikiem \/ selfie stick<\/li>\n<li>\u015aruba<\/li>\n<li>Smycz<\/li>\n<li>Instrukcja obs\u0142ugi<\/li>\n<\/ul>\n<div class=\"table-wrapper\">\n<table>\n<tbody>\n<tr>\n<th>Producent<\/th>\n<td>Telesin<\/td>\n<\/tr>\n<tr>\n<th>Model<\/th>\n<td>TE-TRP-009<\/td>\n<\/tr>\n<tr>\n<th>D\u0142ugo\u015b\u0107 selfie sticka<\/th>\n<td>22-55 cm<\/td>\n<\/tr>\n<tr>\n<th>Ud\u017awig<\/th>\n<td>Do 300 g<\/td>\n<\/tr>\n<tr>\n<th>Materia\u0142<\/th>\n<td>ABS, PC, TPU<\/td>\n<\/tr>\n<tr>\n<th>Wymiary<\/th>\n<td>223 x 49 x 44 mm<\/td>\n<\/tr>\n<tr>\n<th>Waga<\/th>\n<td>Ok. 152 g<\/td>\n<\/tr>\n<\/tbody>\n<\/table>\n<\/div>\n<style type=\"text\/css\"><!--\n.table-wrapper{width:100%;overflow-x:auto}.table-wrapper>table{border-spacing:0}.table-wrapper>table>tbody>tr>td,.table-wrapper>table>tbody>tr>th{padding:10px 35px;text-align:left}.table-wrapper>table>tbody>tr>th{vertical-align:top}.table-wrapper>table>tbody>tr:nth-child(even){background-color:#f7f7f7}\n--><\/style>\n","protected":false},"excerpt":{"rendered":"<p>Statyw z wysi\u0119gnikiem selfie-stick Telesin 3-Way TE-TRP-009 Telesin TE-TRP-009 to wielofunkcyjne akcesorium, kt\u00f3re sprawdzi si\u0119 w roli selfie sticka lub<\/p>\n","protected":false},"featured_media":24315,"comment_status":"closed","ping_status":"open","template":"","meta":{"_acf_changed":false},"product_brand":[],"product_cat":[1128,1139,1140,1141,1138],"product_tag":[],"class_list":{"0":"post-24314","1":"product","2":"type-product","3":"status-publish","4":"has-post-thumbnail","6":"product_cat-foto-wideo","7":"product_cat-selfie-stick","8":"product_cat-statywy","9":"product_cat-uchwyty-do-mocowania-kamer-i-aparatow","10":"product_cat-wysiegniki","11":"pa_box-height-2542","12":"pa_box-length-3915","13":"pa_box-width-2339","14":"pa_dlugosc-cm-3924","15":"pa_gross-weight-1442","16":"pa_hs-code-2032","17":"pa_net-weight-2054","18":"pa_przeznaczenie-do-telefonow","20":"first","21":"outofstock","22":"taxable","23":"shipping-taxable","24":"purchasable","25":"product-type-simple"},"acf":[],"yoast_head":"<!-- This site is optimized with the Yoast SEO plugin v27.2 - https:\/\/yoast.com\/product\/yoast-seo-wordpress\/ -->\n<title>Statyw z wysi\u0119gnikiem selfie-stick TELESIN 3-Way - IRONSKY.PL Sklep z Dronami<\/title>\n<meta name=\"description\" content=\"Statyw z wysi\u0119gnikiem selfie-stick TELESIN 3-Way - \u2705 sklep z dronami i fachowym doradztwem. \u2705 Tutaj kupisz produkty DJI, Yuneec, Parrot, Syma i wiele innych, a tak\u017ce kursy i licencje na operatora drona.\" \/>\n<meta name=\"robots\" content=\"index, follow, max-snippet:-1, max-image-preview:large, max-video-preview:-1\" \/>\n<link rel=\"canonical\" href=\"https:\/\/ironsky.pl\/sklep\/produkt\/statyw-z-wysiegnikiem-selfie-stick-telesin-3-way\/\" \/>\n<meta property=\"og:locale\" content=\"pl_PL\" \/>\n<meta property=\"og:type\" content=\"article\" \/>\n<meta property=\"og:title\" content=\"Statyw z wysi\u0119gnikiem selfie-stick TELESIN 3-Way - IRONSKY.PL Sklep z Dronami\" \/>\n<meta property=\"og:description\" content=\"Statyw z wysi\u0119gnikiem selfie-stick TELESIN 3-Way - \u2705 sklep z dronami i fachowym doradztwem. \u2705 Tutaj kupisz produkty DJI, Yuneec, Parrot, Syma i wiele innych, a tak\u017ce kursy i licencje na operatora drona.\" \/>\n<meta property=\"og:url\" content=\"https:\/\/ironsky.pl\/sklep\/produkt\/statyw-z-wysiegnikiem-selfie-stick-telesin-3-way\/\" \/>\n<meta property=\"og:site_name\" content=\"IRONSKY.PL Sklep z Dronami\" \/>\n<meta property=\"article:modified_time\" content=\"2026-03-05T14:51:04+00:00\" \/>\n<meta property=\"og:image\" content=\"https:\/\/ironsky.pl\/sklep\/wp-content\/uploads\/2024\/09\/28024_1.jpg\" \/>\n\t<meta property=\"og:image:width\" content=\"800\" \/>\n\t<meta property=\"og:image:height\" content=\"800\" \/>\n\t<meta property=\"og:image:type\" content=\"image\/jpeg\" \/>\n<meta name=\"twitter:card\" content=\"summary_large_image\" \/>\n<meta name=\"twitter:label1\" content=\"Szacowany czas czytania\" \/>\n\t<meta name=\"twitter:data1\" content=\"2 minuty\" \/>\n<script type=\"application\/ld+json\" class=\"yoast-schema-graph\">{\"@context\":\"https:\/\/schema.org\",\"@graph\":[{\"@type\":\"WebPage\",\"@id\":\"https:\/\/ironsky.pl\/sklep\/produkt\/statyw-z-wysiegnikiem-selfie-stick-telesin-3-way\/\",\"url\":\"https:\/\/ironsky.pl\/sklep\/produkt\/statyw-z-wysiegnikiem-selfie-stick-telesin-3-way\/\",\"name\":\"Statyw z wysi\u0119gnikiem selfie-stick TELESIN 3-Way - IRONSKY.PL Sklep z Dronami\",\"isPartOf\":{\"@id\":\"https:\/\/ironsky.pl\/sklep\/#website\"},\"primaryImageOfPage\":{\"@id\":\"https:\/\/ironsky.pl\/sklep\/produkt\/statyw-z-wysiegnikiem-selfie-stick-telesin-3-way\/#primaryimage\"},\"image\":{\"@id\":\"https:\/\/ironsky.pl\/sklep\/produkt\/statyw-z-wysiegnikiem-selfie-stick-telesin-3-way\/#primaryimage\"},\"thumbnailUrl\":\"https:\/\/ironsky.pl\/sklep\/wp-content\/uploads\/2024\/09\/28024_1.jpg\",\"datePublished\":\"2024-09-16T17:02:30+00:00\",\"dateModified\":\"2026-03-05T14:51:04+00:00\",\"description\":\"Statyw z wysi\u0119gnikiem selfie-stick TELESIN 3-Way - \u2705 sklep z dronami i fachowym doradztwem. \u2705 Tutaj kupisz produkty DJI, Yuneec, Parrot, Syma i wiele innych, a tak\u017ce kursy i licencje na operatora drona.\",\"breadcrumb\":{\"@id\":\"https:\/\/ironsky.pl\/sklep\/produkt\/statyw-z-wysiegnikiem-selfie-stick-telesin-3-way\/#breadcrumb\"},\"inLanguage\":\"pl-PL\",\"potentialAction\":[{\"@type\":\"ReadAction\",\"target\":[\"https:\/\/ironsky.pl\/sklep\/produkt\/statyw-z-wysiegnikiem-selfie-stick-telesin-3-way\/\"]}]},{\"@type\":\"ImageObject\",\"inLanguage\":\"pl-PL\",\"@id\":\"https:\/\/ironsky.pl\/sklep\/produkt\/statyw-z-wysiegnikiem-selfie-stick-telesin-3-way\/#primaryimage\",\"url\":\"https:\/\/ironsky.pl\/sklep\/wp-content\/uploads\/2024\/09\/28024_1.jpg\",\"contentUrl\":\"https:\/\/ironsky.pl\/sklep\/wp-content\/uploads\/2024\/09\/28024_1.jpg\",\"width\":800,\"height\":800},{\"@type\":\"BreadcrumbList\",\"@id\":\"https:\/\/ironsky.pl\/sklep\/produkt\/statyw-z-wysiegnikiem-selfie-stick-telesin-3-way\/#breadcrumb\",\"itemListElement\":[{\"@type\":\"ListItem\",\"position\":1,\"name\":\"Strona g\u0142\u00f3wna\",\"item\":\"https:\/\/ironsky.pl\/sklep\/\"},{\"@type\":\"ListItem\",\"position\":2,\"name\":\"Wszystkie produkty\",\"item\":\"https:\/\/ironsky.pl\/sklep\/produkty\/\"},{\"@type\":\"ListItem\",\"position\":3,\"name\":\"Statyw z wysi\u0119gnikiem selfie-stick TELESIN 3-Way\"}]},{\"@type\":\"WebSite\",\"@id\":\"https:\/\/ironsky.pl\/sklep\/#website\",\"url\":\"https:\/\/ironsky.pl\/sklep\/\",\"name\":\"IRONSKY.PL Sklep z Dronami\",\"description\":\"IRONSKY.PL Sklep z Dronami\",\"potentialAction\":[{\"@type\":\"SearchAction\",\"target\":{\"@type\":\"EntryPoint\",\"urlTemplate\":\"https:\/\/ironsky.pl\/sklep\/?s={search_term_string}\"},\"query-input\":{\"@type\":\"PropertyValueSpecification\",\"valueRequired\":true,\"valueName\":\"search_term_string\"}}],\"inLanguage\":\"pl-PL\"}]}<\/script>\n<!-- \/ Yoast SEO plugin. -->","yoast_head_json":{"title":"Statyw z wysi\u0119gnikiem selfie-stick TELESIN 3-Way - IRONSKY.PL Sklep z Dronami","description":"Statyw z wysi\u0119gnikiem selfie-stick TELESIN 3-Way - \u2705 sklep z dronami i fachowym doradztwem. \u2705 Tutaj kupisz produkty DJI, Yuneec, Parrot, Syma i wiele innych, a tak\u017ce kursy i licencje na operatora drona.","robots":{"index":"index","follow":"follow","max-snippet":"max-snippet:-1","max-image-preview":"max-image-preview:large","max-video-preview":"max-video-preview:-1"},"canonical":"https:\/\/ironsky.pl\/sklep\/produkt\/statyw-z-wysiegnikiem-selfie-stick-telesin-3-way\/","og_locale":"pl_PL","og_type":"article","og_title":"Statyw z wysi\u0119gnikiem selfie-stick TELESIN 3-Way - IRONSKY.PL Sklep z Dronami","og_description":"Statyw z wysi\u0119gnikiem selfie-stick TELESIN 3-Way - \u2705 sklep z dronami i fachowym doradztwem. \u2705 Tutaj kupisz produkty DJI, Yuneec, Parrot, Syma i wiele innych, a tak\u017ce kursy i licencje na operatora drona.","og_url":"https:\/\/ironsky.pl\/sklep\/produkt\/statyw-z-wysiegnikiem-selfie-stick-telesin-3-way\/","og_site_name":"IRONSKY.PL Sklep z Dronami","article_modified_time":"2026-03-05T14:51:04+00:00","og_image":[{"width":800,"height":800,"url":"https:\/\/ironsky.pl\/sklep\/wp-content\/uploads\/2024\/09\/28024_1.jpg","type":"image\/jpeg"}],"twitter_card":"summary_large_image","twitter_misc":{"Szacowany czas czytania":"2 minuty"},"schema":{"@context":"https:\/\/schema.org","@graph":[{"@type":"WebPage","@id":"https:\/\/ironsky.pl\/sklep\/produkt\/statyw-z-wysiegnikiem-selfie-stick-telesin-3-way\/","url":"https:\/\/ironsky.pl\/sklep\/produkt\/statyw-z-wysiegnikiem-selfie-stick-telesin-3-way\/","name":"Statyw z wysi\u0119gnikiem selfie-stick TELESIN 3-Way - IRONSKY.PL Sklep z Dronami","isPartOf":{"@id":"https:\/\/ironsky.pl\/sklep\/#website"},"primaryImageOfPage":{"@id":"https:\/\/ironsky.pl\/sklep\/produkt\/statyw-z-wysiegnikiem-selfie-stick-telesin-3-way\/#primaryimage"},"image":{"@id":"https:\/\/ironsky.pl\/sklep\/produkt\/statyw-z-wysiegnikiem-selfie-stick-telesin-3-way\/#primaryimage"},"thumbnailUrl":"https:\/\/ironsky.pl\/sklep\/wp-content\/uploads\/2024\/09\/28024_1.jpg","datePublished":"2024-09-16T17:02:30+00:00","dateModified":"2026-03-05T14:51:04+00:00","description":"Statyw z wysi\u0119gnikiem selfie-stick TELESIN 3-Way - \u2705 sklep z dronami i fachowym doradztwem. \u2705 Tutaj kupisz produkty DJI, Yuneec, Parrot, Syma i wiele innych, a tak\u017ce kursy i licencje na operatora drona.","breadcrumb":{"@id":"https:\/\/ironsky.pl\/sklep\/produkt\/statyw-z-wysiegnikiem-selfie-stick-telesin-3-way\/#breadcrumb"},"inLanguage":"pl-PL","potentialAction":[{"@type":"ReadAction","target":["https:\/\/ironsky.pl\/sklep\/produkt\/statyw-z-wysiegnikiem-selfie-stick-telesin-3-way\/"]}]},{"@type":"ImageObject","inLanguage":"pl-PL","@id":"https:\/\/ironsky.pl\/sklep\/produkt\/statyw-z-wysiegnikiem-selfie-stick-telesin-3-way\/#primaryimage","url":"https:\/\/ironsky.pl\/sklep\/wp-content\/uploads\/2024\/09\/28024_1.jpg","contentUrl":"https:\/\/ironsky.pl\/sklep\/wp-content\/uploads\/2024\/09\/28024_1.jpg","width":800,"height":800},{"@type":"BreadcrumbList","@id":"https:\/\/ironsky.pl\/sklep\/produkt\/statyw-z-wysiegnikiem-selfie-stick-telesin-3-way\/#breadcrumb","itemListElement":[{"@type":"ListItem","position":1,"name":"Strona g\u0142\u00f3wna","item":"https:\/\/ironsky.pl\/sklep\/"},{"@type":"ListItem","position":2,"name":"Wszystkie produkty","item":"https:\/\/ironsky.pl\/sklep\/produkty\/"},{"@type":"ListItem","position":3,"name":"Statyw z wysi\u0119gnikiem selfie-stick TELESIN 3-Way"}]},{"@type":"WebSite","@id":"https:\/\/ironsky.pl\/sklep\/#website","url":"https:\/\/ironsky.pl\/sklep\/","name":"IRONSKY.PL Sklep z Dronami","description":"IRONSKY.PL Sklep z Dronami","potentialAction":[{"@type":"SearchAction","target":{"@type":"EntryPoint","urlTemplate":"https:\/\/ironsky.pl\/sklep\/?s={search_term_string}"},"query-input":{"@type":"PropertyValueSpecification","valueRequired":true,"valueName":"search_term_string"}}],"inLanguage":"pl-PL"}]}},"_links":{"self":[{"href":"https:\/\/ironsky.pl\/sklep\/wp-json\/wp\/v2\/product\/24314","targetHints":{"allow":["GET"]}}],"collection":[{"href":"https:\/\/ironsky.pl\/sklep\/wp-json\/wp\/v2\/product"}],"about":[{"href":"https:\/\/ironsky.pl\/sklep\/wp-json\/wp\/v2\/types\/product"}],"replies":[{"embeddable":true,"href":"https:\/\/ironsky.pl\/sklep\/wp-json\/wp\/v2\/comments?post=24314"}],"wp:featuredmedia":[{"embeddable":true,"href":"https:\/\/ironsky.pl\/sklep\/wp-json\/wp\/v2\/media\/24315"}],"wp:attachment":[{"href":"https:\/\/ironsky.pl\/sklep\/wp-json\/wp\/v2\/media?parent=24314"}],"wp:term":[{"taxonomy":"product_brand","embeddable":true,"href":"https:\/\/ironsky.pl\/sklep\/wp-json\/wp\/v2\/product_brand?post=24314"},{"taxonomy":"product_cat","embeddable":true,"href":"https:\/\/ironsky.pl\/sklep\/wp-json\/wp\/v2\/product_cat?post=24314"},{"taxonomy":"product_tag","embeddable":true,"href":"https:\/\/ironsky.pl\/sklep\/wp-json\/wp\/v2\/product_tag?post=24314"}],"curies":[{"name":"wp","href":"https:\/\/api.w.org\/{rel}","templated":true}]}}