{"id":24265,"date":"2024-09-16T19:02:30","date_gmt":"2024-09-16T17:02:30","guid":{"rendered":"http:\/\/gvshalph.pro-linuxpl.com\/ironskyprodukty\/produkt\/aluminiowa-obudowa-polarpro-litechaser-do-iphone-14-pro-max\/"},"modified":"2026-03-05T15:51:03","modified_gmt":"2026-03-05T14:51:03","slug":"aluminiowa-obudowa-polarpro-litechaser-do-iphone-14-pro-max","status":"publish","type":"product","link":"https:\/\/ironsky.pl\/sklep\/produkt\/aluminiowa-obudowa-polarpro-litechaser-do-iphone-14-pro-max\/","title":{"rendered":"Aluminiowa obudowa PolarPro LiteChaser do iPhone 14 Pro Max"},"content":{"rendered":"<h3>Aluminiowa obudowa PolarPro LiteChaser do iPhone 14 Pro Max<\/h3>\n<p>U\u0142atw sobie nagrywanie film\u00f3w za pomoc\u0105 iPhone\u2019a 14 Pro Max. Etui LiteChaser Pro marki Polarpro zosta\u0142o wykonane z wysokiej jako\u015bci aluminium i umo\u017cliwia prost\u0105, a zarazem szybk\u0105 instalacj\u0119 dodatkowych akcesori\u00f3w. Oferuje 2 mocowania typu zimna stopka i 8 otwor\u00f3w 1\/4&#8243;-20. Cechuje si\u0119 tak\u017ce kompatybilno\u015bci\u0105 z MagSafe. W zestawie znajdziesz te\u017c dodatkow\u0105 wk\u0142adk\u0119 z silikonu. Klatka jest przy tym bardzo prosta w monta\u017cu \u2013 nie potrzebujesz do tego \u017cadnych narz\u0119dzi.<\/p>\n<p><img decoding=\"async\" src=\"https:\/\/b2b.innpro.pl\/data\/include\/cms\/02PolarPro\/IP14-MAX-CAGE\/6.jpg\"><\/p>\n<h3>Szeroka kompatybilno\u015b\u0107 \u2013 wiele mo\u017cliwo\u015bci monta\u017cu<\/h3>\n<p>Zwi\u0119ksz mo\u017cliwo\u015bci swojego iPhone\u2019a 14 Pro Max i nagrywaj jeszcze lepsze materia\u0142y wideo. Etui zosta\u0142o wyposa\u017cone w 2 mocowania typu zimna stopka i a\u017c 8 otwor\u00f3w 1\/4&#8243;-20. Mo\u017cesz wi\u0119c swobodnie montowa\u0107 dodatkowe akcesoria, na przyk\u0142ad tripody i mocowania. Co wi\u0119cej, produkt jest kompatybilny z filtrami LiteChaser Pro przeznaczonymi dla iPhone\u2019a 13 lub 14, uchwytem LiteChaser Pro iPhone 14 Handle oraz obiektywami Moment M-Series (w sprzeda\u017cy oddzielnie).<\/p>\n<p><img decoding=\"async\" src=\"https:\/\/b2b.innpro.pl\/data\/include\/cms\/02PolarPro\/IP14-MAX-CAGE\/7.jpg\"><\/p>\n<h3>Udoskonalona konstrukcja<\/h3>\n<p>Etui zosta\u0142o stworzone specjalnie z my\u015bl\u0105 o iPhone\u2019ach 14 Pro Max. To oznacza, \u017ce b\u0119dzie idealnie pasowa\u0107 do Twojego smartfona! Produkt jest wyj\u0105tkowo solidny \u2013 do jego wykonania zastosowano trwa\u0142e aluminium. Ponadto dodatkowa silikonowa wk\u0142adka zabezpieczy Tw\u00f3j telefon przed zarysowaniem. Etui jest te\u017c kompatybilne z MagSafe, a dzi\u0119ki przemy\u015blanej konstrukcji umo\u017cliwia stabilny monta\u017c wybranych akcesori\u00f3w w wyj\u0105tkowo kr\u00f3tkim czasie.<\/p>\n<p><img decoding=\"async\" src=\"https:\/\/b2b.innpro.pl\/data\/include\/cms\/02PolarPro\/IP14-MAX-CAGE\/8.jpg\"><\/p>\n<div class=\"table-wrapper\">\n<table>\n<tbody>\n<tr>\n<th>Producent<\/th>\n<td>Polarpro<\/td>\n<\/tr>\n<tr>\n<th>Model<\/th>\n<td>IP14-MAX-CAGE<\/td>\n<\/tr>\n<tr>\n<th>Kolor<\/th>\n<td>Czarny<\/td>\n<\/tr>\n<tr>\n<th>Materia\u0142<\/th>\n<td>Aluminium (klatka) + silikon (wk\u0142adka)<\/td>\n<\/tr>\n<tr>\n<th>Kompatybilno\u015b\u0107<\/th>\n<td>iPhone 14 Pro Max<\/td>\n<\/tr>\n<\/tbody>\n<\/table>\n<\/div>\n","protected":false},"excerpt":{"rendered":"<p>Aluminiowa obudowa PolarPro LiteChaser do iPhone 14 Pro Max U\u0142atw sobie nagrywanie film\u00f3w za pomoc\u0105 iPhone\u2019a 14 Pro Max. Etui<\/p>\n","protected":false},"featured_media":24266,"comment_status":"closed","ping_status":"open","template":"","meta":{"_acf_changed":false},"product_brand":[],"product_cat":[1132,1153,1128],"product_tag":[],"class_list":{"0":"post-24265","1":"product","2":"type-product","3":"status-publish","4":"has-post-thumbnail","6":"product_cat-filtry-foto","7":"product_cat-do-smartfonow","8":"product_cat-foto-wideo","9":"pa_box-height-1691","10":"pa_box-length-3910","11":"pa_box-width-2001","12":"pa_gross-weight-1731","13":"pa_hs-code-1775","14":"pa_kompatybilnosc-iphone-14-pro-max","15":"pa_net-weight-1633","17":"first","18":"outofstock","19":"taxable","20":"shipping-taxable","21":"purchasable","22":"product-type-simple"},"acf":[],"yoast_head":"<!-- This site is optimized with the Yoast SEO plugin v27.2 - https:\/\/yoast.com\/product\/yoast-seo-wordpress\/ -->\n<title>Aluminiowa obudowa PolarPro LiteChaser do iPhone 14 Pro Max - IRONSKY.PL Sklep z Dronami<\/title>\n<meta name=\"description\" content=\"Aluminiowa obudowa PolarPro LiteChaser do iPhone 14 Pro Max - \u2705 sklep z dronami i fachowym doradztwem. \u2705 Tutaj kupisz produkty DJI, Yuneec, Parrot, Syma i wiele innych, a tak\u017ce kursy i licencje na operatora drona.\" \/>\n<meta name=\"robots\" content=\"index, follow, max-snippet:-1, max-image-preview:large, max-video-preview:-1\" \/>\n<link rel=\"canonical\" href=\"https:\/\/ironsky.pl\/sklep\/produkt\/aluminiowa-obudowa-polarpro-litechaser-do-iphone-14-pro-max\/\" \/>\n<meta property=\"og:locale\" content=\"pl_PL\" \/>\n<meta property=\"og:type\" content=\"article\" \/>\n<meta property=\"og:title\" content=\"Aluminiowa obudowa PolarPro LiteChaser do iPhone 14 Pro Max - IRONSKY.PL Sklep z Dronami\" \/>\n<meta property=\"og:description\" content=\"Aluminiowa obudowa PolarPro LiteChaser do iPhone 14 Pro Max - \u2705 sklep z dronami i fachowym doradztwem. \u2705 Tutaj kupisz produkty DJI, Yuneec, Parrot, Syma i wiele innych, a tak\u017ce kursy i licencje na operatora drona.\" \/>\n<meta property=\"og:url\" content=\"https:\/\/ironsky.pl\/sklep\/produkt\/aluminiowa-obudowa-polarpro-litechaser-do-iphone-14-pro-max\/\" \/>\n<meta property=\"og:site_name\" content=\"IRONSKY.PL Sklep z Dronami\" \/>\n<meta property=\"article:modified_time\" content=\"2026-03-05T14:51:03+00:00\" \/>\n<meta property=\"og:image\" content=\"https:\/\/ironsky.pl\/sklep\/wp-content\/uploads\/2024\/09\/27996_1.jpg\" \/>\n\t<meta property=\"og:image:width\" content=\"800\" \/>\n\t<meta property=\"og:image:height\" content=\"800\" \/>\n\t<meta property=\"og:image:type\" content=\"image\/jpeg\" \/>\n<meta name=\"twitter:card\" content=\"summary_large_image\" \/>\n<meta name=\"twitter:label1\" content=\"Szacowany czas czytania\" \/>\n\t<meta name=\"twitter:data1\" content=\"1 minuta\" \/>\n<script type=\"application\/ld+json\" class=\"yoast-schema-graph\">{\"@context\":\"https:\/\/schema.org\",\"@graph\":[{\"@type\":\"WebPage\",\"@id\":\"https:\/\/ironsky.pl\/sklep\/produkt\/aluminiowa-obudowa-polarpro-litechaser-do-iphone-14-pro-max\/\",\"url\":\"https:\/\/ironsky.pl\/sklep\/produkt\/aluminiowa-obudowa-polarpro-litechaser-do-iphone-14-pro-max\/\",\"name\":\"Aluminiowa obudowa PolarPro LiteChaser do iPhone 14 Pro Max - IRONSKY.PL Sklep z Dronami\",\"isPartOf\":{\"@id\":\"https:\/\/ironsky.pl\/sklep\/#website\"},\"primaryImageOfPage\":{\"@id\":\"https:\/\/ironsky.pl\/sklep\/produkt\/aluminiowa-obudowa-polarpro-litechaser-do-iphone-14-pro-max\/#primaryimage\"},\"image\":{\"@id\":\"https:\/\/ironsky.pl\/sklep\/produkt\/aluminiowa-obudowa-polarpro-litechaser-do-iphone-14-pro-max\/#primaryimage\"},\"thumbnailUrl\":\"https:\/\/ironsky.pl\/sklep\/wp-content\/uploads\/2024\/09\/27996_1.jpg\",\"datePublished\":\"2024-09-16T17:02:30+00:00\",\"dateModified\":\"2026-03-05T14:51:03+00:00\",\"description\":\"Aluminiowa obudowa PolarPro LiteChaser do iPhone 14 Pro Max - \u2705 sklep z dronami i fachowym doradztwem. \u2705 Tutaj kupisz produkty DJI, Yuneec, Parrot, Syma i wiele innych, a tak\u017ce kursy i licencje na operatora drona.\",\"breadcrumb\":{\"@id\":\"https:\/\/ironsky.pl\/sklep\/produkt\/aluminiowa-obudowa-polarpro-litechaser-do-iphone-14-pro-max\/#breadcrumb\"},\"inLanguage\":\"pl-PL\",\"potentialAction\":[{\"@type\":\"ReadAction\",\"target\":[\"https:\/\/ironsky.pl\/sklep\/produkt\/aluminiowa-obudowa-polarpro-litechaser-do-iphone-14-pro-max\/\"]}]},{\"@type\":\"ImageObject\",\"inLanguage\":\"pl-PL\",\"@id\":\"https:\/\/ironsky.pl\/sklep\/produkt\/aluminiowa-obudowa-polarpro-litechaser-do-iphone-14-pro-max\/#primaryimage\",\"url\":\"https:\/\/ironsky.pl\/sklep\/wp-content\/uploads\/2024\/09\/27996_1.jpg\",\"contentUrl\":\"https:\/\/ironsky.pl\/sklep\/wp-content\/uploads\/2024\/09\/27996_1.jpg\",\"width\":800,\"height\":800},{\"@type\":\"BreadcrumbList\",\"@id\":\"https:\/\/ironsky.pl\/sklep\/produkt\/aluminiowa-obudowa-polarpro-litechaser-do-iphone-14-pro-max\/#breadcrumb\",\"itemListElement\":[{\"@type\":\"ListItem\",\"position\":1,\"name\":\"Strona g\u0142\u00f3wna\",\"item\":\"https:\/\/ironsky.pl\/sklep\/\"},{\"@type\":\"ListItem\",\"position\":2,\"name\":\"Wszystkie produkty\",\"item\":\"https:\/\/ironsky.pl\/sklep\/produkty\/\"},{\"@type\":\"ListItem\",\"position\":3,\"name\":\"Aluminiowa obudowa PolarPro LiteChaser do iPhone 14 Pro Max\"}]},{\"@type\":\"WebSite\",\"@id\":\"https:\/\/ironsky.pl\/sklep\/#website\",\"url\":\"https:\/\/ironsky.pl\/sklep\/\",\"name\":\"IRONSKY.PL Sklep z Dronami\",\"description\":\"IRONSKY.PL Sklep z Dronami\",\"potentialAction\":[{\"@type\":\"SearchAction\",\"target\":{\"@type\":\"EntryPoint\",\"urlTemplate\":\"https:\/\/ironsky.pl\/sklep\/?s={search_term_string}\"},\"query-input\":{\"@type\":\"PropertyValueSpecification\",\"valueRequired\":true,\"valueName\":\"search_term_string\"}}],\"inLanguage\":\"pl-PL\"}]}<\/script>\n<!-- \/ Yoast SEO plugin. -->","yoast_head_json":{"title":"Aluminiowa obudowa PolarPro LiteChaser do iPhone 14 Pro Max - IRONSKY.PL Sklep z Dronami","description":"Aluminiowa obudowa PolarPro LiteChaser do iPhone 14 Pro Max - \u2705 sklep z dronami i fachowym doradztwem. \u2705 Tutaj kupisz produkty DJI, Yuneec, Parrot, Syma i wiele innych, a tak\u017ce kursy i licencje na operatora drona.","robots":{"index":"index","follow":"follow","max-snippet":"max-snippet:-1","max-image-preview":"max-image-preview:large","max-video-preview":"max-video-preview:-1"},"canonical":"https:\/\/ironsky.pl\/sklep\/produkt\/aluminiowa-obudowa-polarpro-litechaser-do-iphone-14-pro-max\/","og_locale":"pl_PL","og_type":"article","og_title":"Aluminiowa obudowa PolarPro LiteChaser do iPhone 14 Pro Max - IRONSKY.PL Sklep z Dronami","og_description":"Aluminiowa obudowa PolarPro LiteChaser do iPhone 14 Pro Max - \u2705 sklep z dronami i fachowym doradztwem. \u2705 Tutaj kupisz produkty DJI, Yuneec, Parrot, Syma i wiele innych, a tak\u017ce kursy i licencje na operatora drona.","og_url":"https:\/\/ironsky.pl\/sklep\/produkt\/aluminiowa-obudowa-polarpro-litechaser-do-iphone-14-pro-max\/","og_site_name":"IRONSKY.PL Sklep z Dronami","article_modified_time":"2026-03-05T14:51:03+00:00","og_image":[{"width":800,"height":800,"url":"https:\/\/ironsky.pl\/sklep\/wp-content\/uploads\/2024\/09\/27996_1.jpg","type":"image\/jpeg"}],"twitter_card":"summary_large_image","twitter_misc":{"Szacowany czas czytania":"1 minuta"},"schema":{"@context":"https:\/\/schema.org","@graph":[{"@type":"WebPage","@id":"https:\/\/ironsky.pl\/sklep\/produkt\/aluminiowa-obudowa-polarpro-litechaser-do-iphone-14-pro-max\/","url":"https:\/\/ironsky.pl\/sklep\/produkt\/aluminiowa-obudowa-polarpro-litechaser-do-iphone-14-pro-max\/","name":"Aluminiowa obudowa PolarPro LiteChaser do iPhone 14 Pro Max - IRONSKY.PL Sklep z Dronami","isPartOf":{"@id":"https:\/\/ironsky.pl\/sklep\/#website"},"primaryImageOfPage":{"@id":"https:\/\/ironsky.pl\/sklep\/produkt\/aluminiowa-obudowa-polarpro-litechaser-do-iphone-14-pro-max\/#primaryimage"},"image":{"@id":"https:\/\/ironsky.pl\/sklep\/produkt\/aluminiowa-obudowa-polarpro-litechaser-do-iphone-14-pro-max\/#primaryimage"},"thumbnailUrl":"https:\/\/ironsky.pl\/sklep\/wp-content\/uploads\/2024\/09\/27996_1.jpg","datePublished":"2024-09-16T17:02:30+00:00","dateModified":"2026-03-05T14:51:03+00:00","description":"Aluminiowa obudowa PolarPro LiteChaser do iPhone 14 Pro Max - \u2705 sklep z dronami i fachowym doradztwem. \u2705 Tutaj kupisz produkty DJI, Yuneec, Parrot, Syma i wiele innych, a tak\u017ce kursy i licencje na operatora drona.","breadcrumb":{"@id":"https:\/\/ironsky.pl\/sklep\/produkt\/aluminiowa-obudowa-polarpro-litechaser-do-iphone-14-pro-max\/#breadcrumb"},"inLanguage":"pl-PL","potentialAction":[{"@type":"ReadAction","target":["https:\/\/ironsky.pl\/sklep\/produkt\/aluminiowa-obudowa-polarpro-litechaser-do-iphone-14-pro-max\/"]}]},{"@type":"ImageObject","inLanguage":"pl-PL","@id":"https:\/\/ironsky.pl\/sklep\/produkt\/aluminiowa-obudowa-polarpro-litechaser-do-iphone-14-pro-max\/#primaryimage","url":"https:\/\/ironsky.pl\/sklep\/wp-content\/uploads\/2024\/09\/27996_1.jpg","contentUrl":"https:\/\/ironsky.pl\/sklep\/wp-content\/uploads\/2024\/09\/27996_1.jpg","width":800,"height":800},{"@type":"BreadcrumbList","@id":"https:\/\/ironsky.pl\/sklep\/produkt\/aluminiowa-obudowa-polarpro-litechaser-do-iphone-14-pro-max\/#breadcrumb","itemListElement":[{"@type":"ListItem","position":1,"name":"Strona g\u0142\u00f3wna","item":"https:\/\/ironsky.pl\/sklep\/"},{"@type":"ListItem","position":2,"name":"Wszystkie produkty","item":"https:\/\/ironsky.pl\/sklep\/produkty\/"},{"@type":"ListItem","position":3,"name":"Aluminiowa obudowa PolarPro LiteChaser do iPhone 14 Pro Max"}]},{"@type":"WebSite","@id":"https:\/\/ironsky.pl\/sklep\/#website","url":"https:\/\/ironsky.pl\/sklep\/","name":"IRONSKY.PL Sklep z Dronami","description":"IRONSKY.PL Sklep z Dronami","potentialAction":[{"@type":"SearchAction","target":{"@type":"EntryPoint","urlTemplate":"https:\/\/ironsky.pl\/sklep\/?s={search_term_string}"},"query-input":{"@type":"PropertyValueSpecification","valueRequired":true,"valueName":"search_term_string"}}],"inLanguage":"pl-PL"}]}},"_links":{"self":[{"href":"https:\/\/ironsky.pl\/sklep\/wp-json\/wp\/v2\/product\/24265","targetHints":{"allow":["GET"]}}],"collection":[{"href":"https:\/\/ironsky.pl\/sklep\/wp-json\/wp\/v2\/product"}],"about":[{"href":"https:\/\/ironsky.pl\/sklep\/wp-json\/wp\/v2\/types\/product"}],"replies":[{"embeddable":true,"href":"https:\/\/ironsky.pl\/sklep\/wp-json\/wp\/v2\/comments?post=24265"}],"wp:featuredmedia":[{"embeddable":true,"href":"https:\/\/ironsky.pl\/sklep\/wp-json\/wp\/v2\/media\/24266"}],"wp:attachment":[{"href":"https:\/\/ironsky.pl\/sklep\/wp-json\/wp\/v2\/media?parent=24265"}],"wp:term":[{"taxonomy":"product_brand","embeddable":true,"href":"https:\/\/ironsky.pl\/sklep\/wp-json\/wp\/v2\/product_brand?post=24265"},{"taxonomy":"product_cat","embeddable":true,"href":"https:\/\/ironsky.pl\/sklep\/wp-json\/wp\/v2\/product_cat?post=24265"},{"taxonomy":"product_tag","embeddable":true,"href":"https:\/\/ironsky.pl\/sklep\/wp-json\/wp\/v2\/product_tag?post=24265"}],"curies":[{"name":"wp","href":"https:\/\/api.w.org\/{rel}","templated":true}]}}