{"id":24257,"date":"2024-09-16T19:02:30","date_gmt":"2024-09-16T17:02:30","guid":{"rendered":"http:\/\/gvshalph.pro-linuxpl.com\/ironskyprodukty\/produkt\/obudowa-wodoodporna-telesin-do-dji-osmo-action-4-3\/"},"modified":"2026-05-02T20:55:08","modified_gmt":"2026-05-02T18:55:08","slug":"obudowa-wodoodporna-telesin-do-dji-osmo-action-4-3","status":"publish","type":"product","link":"https:\/\/ironsky.pl\/sklep\/produkt\/obudowa-wodoodporna-telesin-do-dji-osmo-action-4-3\/","title":{"rendered":"Obudowa wodoodporna TELESIN do DJI Osmo Action 4\/3"},"content":{"rendered":"<h3 style=\"text-align: center;\">Obudowa wodoodporna TELESIN do DJI Osmo Action 4\/3<\/h3>\n<p>Uchwy\u0107 pi\u0119kno podwodnego \u015bwiata. Stworzona z my\u015bl\u0105 o DJI Osmo Action 4\/3 obudowa wodoodporna Telesin pozwoli Ci bezpiecznie zanurzy\u0107 kamer\u0119 na g\u0142\u0119boko\u015b\u0107 do 45 m i zapewni jej ochron\u0119 przed uszkodzeniem. Akcesorium idealnie pasuje do kszta\u0142tu urz\u0105dzenia, a dzi\u0119ki wchodz\u0105cym w sk\u0142ad zestawu wk\u0142adom przeciwmgielnym pozwala unikn\u0105\u0107 osadzania si\u0119 pary wodnej na obiektywie. Teraz bez trudu uzyskasz doskona\u0142e rezultaty!<\/p>\n<p><img decoding=\"async\" src=\"https:\/\/b2b.innpro.pl\/data\/include\/cms\/Telesin\/OA-WTP-003\/1.jpg\" border=\"0\" alt=\"\" width=\"1100\" height=\"700\" \/><\/p>\n<p>\u00a0<\/p>\n<h3 style=\"text-align: center;\">Niezawodna ochrona<\/h3>\n<p>Obudowa Telesin OA-WTP-003 to niemal niezb\u0119dne akcesorium dla mi\u0142o\u015bnik\u00f3w nurkowania czy surfingu. Pozwala zanurzy\u0107 kamer\u0119 DJI Osmo Action 3 na g\u0142\u0119boko\u015b\u0107 nawet 45 m, mo\u017cesz wi\u0119c swobodnie eksplorowa\u0107 podwodny \u015bwiat i nagrywa\u0107 zachwycaj\u0105ce filmy. Co wi\u0119cej, produkt powsta\u0142 z wysokiej jako\u015bci materia\u0142\u00f3w, dzi\u0119ki czemu jest bardzo wytrzyma\u0142y i mo\u017ce zapewni\u0107 umieszczonemu w nim urz\u0105dzeniu skuteczn\u0105 ochron\u0119 przed uszkodzeniem.<\/p>\n<p><img decoding=\"async\" src=\"https:\/\/b2b.innpro.pl\/data\/include\/cms\/Telesin\/OA-WTP-003\/3.jpg\" border=\"0\" alt=\"\" width=\"1100\" height=\"700\" \/><\/p>\n<p>\u00a0<\/p>\n<h3 style=\"text-align: center;\">Wygodne korzystanie z kamery<\/h3>\n<p>Dzi\u0119ki przemy\u015blanej konstrukcji obudowa idealnie pasuje do kszta\u0142tu kamery i pozwala wygodnie korzysta\u0107 z jej przycisk\u00f3w. Ponadto os\u0142ony ekran\u00f3w wykonano z wysokiej jako\u015bci tworzywa PC, kt\u00f3re wyr\u00f3\u017cnia si\u0119 przepuszczalno\u015bci\u0105 \u015bwiat\u0142a na poziomie 95% i zapewnia wyra\u017any, czysty obraz niemal w ka\u017cdych warunkach. Akcesorium jest te\u017c bardzo proste w monta\u017cu.<\/p>\n<p><img decoding=\"async\" src=\"https:\/\/b2b.innpro.pl\/data\/include\/cms\/Telesin\/OA-WTP-003\/2.jpg\" border=\"0\" alt=\"\" width=\"1100\" height=\"700\" \/><\/p>\n<p>\u00a0<\/p>\n<h3 style=\"text-align: center;\">Tw\u00f3rz zachwycaj\u0105ce uj\u0119cia<\/h3>\n<p>Nie obawiaj si\u0119 pogorszenia jako\u015bci obrazu po umieszczeniu kamery w obudowie. Os\u0142ona obiektywu powsta\u0142a z wysokiej klasy szk\u0142a hartowanego, kt\u00f3re cechuje si\u0119 wysok\u0105 odporno\u015bci\u0105 na zarysowania i pozwala uzyska\u0107 fantastyczne efekty nagrywania. Do zestawu do\u0142\u0105czono tak\u017ce specjalne wk\u0142ady przeciwmgielne, kt\u00f3re zapobiegaj\u0105 osadzaniu si\u0119 pary wodnej. Dzi\u0119ki temu mo\u017cesz uwieczni\u0107 swoje podwodne przygody na fantastycznych uj\u0119ciach!<\/p>\n<p><img decoding=\"async\" src=\"https:\/\/b2b.innpro.pl\/data\/include\/cms\/Telesin\/OA-WTP-003\/5.jpg\" border=\"0\" alt=\"\" width=\"1100\" height=\"700\" \/><\/p>\n<p>\u00a0<\/p>\n<h3>W zestawie<\/h3>\n<ul>\n<li>Obudowa wodoodporna<\/li>\n<li>Wk\u0142ad przeciwmgielny x3<\/li>\n<li>Instrukcja obs\u0142ugi<\/li>\n<li>\u015aruba<\/li>\n<\/ul>\n<div class=\"table-wrapper\">\n<table>\n<tbody>\n<tr>\n<th>Producent<\/th>\n<td>Telesin<\/td>\n<\/tr>\n<tr>\n<th>Model<\/th>\n<td>OA-WTP-003<\/td>\n<\/tr>\n<tr>\n<th>Wymiary<\/th>\n<td>90 x 80 x 42 mm<\/td>\n<\/tr>\n<tr>\n<th>Waga<\/th>\n<td>95,6 g<\/td>\n<\/tr>\n<tr>\n<th>Kompatybilno\u015b\u0107<\/th>\n<td>DJI Osmo Action 4\/3<\/td>\n<\/tr>\n<\/tbody>\n<\/table>\n<\/div>\n<style type=\"text\/css\"><!--\n.table-wrapper{width:100%;overflow-x:auto}.table-wrapper>table{border-spacing:0}.table-wrapper>table>tbody>tr>td,.table-wrapper>table>tbody>tr>th{padding:10px 35px;text-align:left}.table-wrapper>table>tbody>tr>th{vertical-align:top}.table-wrapper>table>tbody>tr:nth-child(even){background-color:#f7f7f7}\n--><\/style>\n","protected":false},"excerpt":{"rendered":"<p>Obudowa wodoodporna TELESIN do DJI Osmo Action 4\/3 Uchwy\u0107 pi\u0119kno podwodnego \u015bwiata. Stworzona z my\u015bl\u0105 o DJI Osmo Action 4\/3<\/p>\n","protected":false},"featured_media":24258,"comment_status":"closed","ping_status":"open","template":"","meta":{"_acf_changed":false},"product_brand":[],"product_cat":[1130,1137,1128],"product_tag":[],"class_list":{"0":"post-24257","1":"product","2":"type-product","3":"status-publish","4":"has-post-thumbnail","6":"product_cat-akcesoria-foto","7":"product_cat-do-kamer-sportowych","8":"product_cat-foto-wideo","9":"pa_box-height-1634","10":"pa_box-length-1627","11":"pa_box-width-1369","12":"pa_gross-weight-1488","13":"pa_hs-code-1775","14":"pa_net-weight-1972","15":"pa_seria-action-dji-osmo-action-4-dji-osmo-action-3","17":"first","18":"instock","19":"taxable","20":"shipping-taxable","21":"purchasable","22":"product-type-simple"},"acf":[],"yoast_head":"<!-- This site is optimized with the Yoast SEO plugin v27.2 - https:\/\/yoast.com\/product\/yoast-seo-wordpress\/ -->\n<title>Obudowa wodoodporna TELESIN do DJI Osmo Action 4\/3 - IRONSKY.PL Sklep z Dronami<\/title>\n<meta name=\"description\" content=\"Obudowa wodoodporna TELESIN do DJI Osmo Action 4\/3 - \u2705 sklep z dronami i fachowym doradztwem. \u2705 Tutaj kupisz produkty DJI, Yuneec, Parrot, Syma i wiele innych, a tak\u017ce kursy i licencje na operatora drona.\" \/>\n<meta name=\"robots\" content=\"index, follow, max-snippet:-1, max-image-preview:large, max-video-preview:-1\" \/>\n<link rel=\"canonical\" href=\"https:\/\/ironsky.pl\/sklep\/produkt\/obudowa-wodoodporna-telesin-do-dji-osmo-action-4-3\/\" \/>\n<meta property=\"og:locale\" content=\"pl_PL\" \/>\n<meta property=\"og:type\" content=\"article\" \/>\n<meta property=\"og:title\" content=\"Obudowa wodoodporna TELESIN do DJI Osmo Action 4\/3 - IRONSKY.PL Sklep z Dronami\" \/>\n<meta property=\"og:description\" content=\"Obudowa wodoodporna TELESIN do DJI Osmo Action 4\/3 - \u2705 sklep z dronami i fachowym doradztwem. \u2705 Tutaj kupisz produkty DJI, Yuneec, Parrot, Syma i wiele innych, a tak\u017ce kursy i licencje na operatora drona.\" \/>\n<meta property=\"og:url\" content=\"https:\/\/ironsky.pl\/sklep\/produkt\/obudowa-wodoodporna-telesin-do-dji-osmo-action-4-3\/\" \/>\n<meta property=\"og:site_name\" content=\"IRONSKY.PL Sklep z Dronami\" \/>\n<meta property=\"article:modified_time\" content=\"2026-05-02T18:55:08+00:00\" \/>\n<meta property=\"og:image\" content=\"https:\/\/ironsky.pl\/sklep\/wp-content\/uploads\/2024\/09\/27992_5.jpg\" \/>\n\t<meta property=\"og:image:width\" content=\"800\" \/>\n\t<meta property=\"og:image:height\" content=\"800\" \/>\n\t<meta property=\"og:image:type\" content=\"image\/jpeg\" \/>\n<meta name=\"twitter:card\" content=\"summary_large_image\" \/>\n<meta name=\"twitter:label1\" content=\"Szacowany czas czytania\" \/>\n\t<meta name=\"twitter:data1\" content=\"2 minuty\" \/>\n<script type=\"application\/ld+json\" class=\"yoast-schema-graph\">{\"@context\":\"https:\/\/schema.org\",\"@graph\":[{\"@type\":\"WebPage\",\"@id\":\"https:\/\/ironsky.pl\/sklep\/produkt\/obudowa-wodoodporna-telesin-do-dji-osmo-action-4-3\/\",\"url\":\"https:\/\/ironsky.pl\/sklep\/produkt\/obudowa-wodoodporna-telesin-do-dji-osmo-action-4-3\/\",\"name\":\"Obudowa wodoodporna TELESIN do DJI Osmo Action 4\/3 - IRONSKY.PL Sklep z Dronami\",\"isPartOf\":{\"@id\":\"https:\/\/ironsky.pl\/sklep\/#website\"},\"primaryImageOfPage\":{\"@id\":\"https:\/\/ironsky.pl\/sklep\/produkt\/obudowa-wodoodporna-telesin-do-dji-osmo-action-4-3\/#primaryimage\"},\"image\":{\"@id\":\"https:\/\/ironsky.pl\/sklep\/produkt\/obudowa-wodoodporna-telesin-do-dji-osmo-action-4-3\/#primaryimage\"},\"thumbnailUrl\":\"https:\/\/ironsky.pl\/sklep\/wp-content\/uploads\/2024\/09\/27992_5.jpg\",\"datePublished\":\"2024-09-16T17:02:30+00:00\",\"dateModified\":\"2026-05-02T18:55:08+00:00\",\"description\":\"Obudowa wodoodporna TELESIN do DJI Osmo Action 4\/3 - \u2705 sklep z dronami i fachowym doradztwem. \u2705 Tutaj kupisz produkty DJI, Yuneec, Parrot, Syma i wiele innych, a tak\u017ce kursy i licencje na operatora drona.\",\"breadcrumb\":{\"@id\":\"https:\/\/ironsky.pl\/sklep\/produkt\/obudowa-wodoodporna-telesin-do-dji-osmo-action-4-3\/#breadcrumb\"},\"inLanguage\":\"pl-PL\",\"potentialAction\":[{\"@type\":\"ReadAction\",\"target\":[\"https:\/\/ironsky.pl\/sklep\/produkt\/obudowa-wodoodporna-telesin-do-dji-osmo-action-4-3\/\"]}]},{\"@type\":\"ImageObject\",\"inLanguage\":\"pl-PL\",\"@id\":\"https:\/\/ironsky.pl\/sklep\/produkt\/obudowa-wodoodporna-telesin-do-dji-osmo-action-4-3\/#primaryimage\",\"url\":\"https:\/\/ironsky.pl\/sklep\/wp-content\/uploads\/2024\/09\/27992_5.jpg\",\"contentUrl\":\"https:\/\/ironsky.pl\/sklep\/wp-content\/uploads\/2024\/09\/27992_5.jpg\",\"width\":800,\"height\":800},{\"@type\":\"BreadcrumbList\",\"@id\":\"https:\/\/ironsky.pl\/sklep\/produkt\/obudowa-wodoodporna-telesin-do-dji-osmo-action-4-3\/#breadcrumb\",\"itemListElement\":[{\"@type\":\"ListItem\",\"position\":1,\"name\":\"Strona g\u0142\u00f3wna\",\"item\":\"https:\/\/ironsky.pl\/sklep\/\"},{\"@type\":\"ListItem\",\"position\":2,\"name\":\"Wszystkie produkty\",\"item\":\"https:\/\/ironsky.pl\/sklep\/produkty\/\"},{\"@type\":\"ListItem\",\"position\":3,\"name\":\"Obudowa wodoodporna TELESIN do DJI Osmo Action 4\/3\"}]},{\"@type\":\"WebSite\",\"@id\":\"https:\/\/ironsky.pl\/sklep\/#website\",\"url\":\"https:\/\/ironsky.pl\/sklep\/\",\"name\":\"IRONSKY.PL Sklep z Dronami\",\"description\":\"IRONSKY.PL Sklep z Dronami\",\"potentialAction\":[{\"@type\":\"SearchAction\",\"target\":{\"@type\":\"EntryPoint\",\"urlTemplate\":\"https:\/\/ironsky.pl\/sklep\/?s={search_term_string}\"},\"query-input\":{\"@type\":\"PropertyValueSpecification\",\"valueRequired\":true,\"valueName\":\"search_term_string\"}}],\"inLanguage\":\"pl-PL\"}]}<\/script>\n<!-- \/ Yoast SEO plugin. -->","yoast_head_json":{"title":"Obudowa wodoodporna TELESIN do DJI Osmo Action 4\/3 - IRONSKY.PL Sklep z Dronami","description":"Obudowa wodoodporna TELESIN do DJI Osmo Action 4\/3 - \u2705 sklep z dronami i fachowym doradztwem. \u2705 Tutaj kupisz produkty DJI, Yuneec, Parrot, Syma i wiele innych, a tak\u017ce kursy i licencje na operatora drona.","robots":{"index":"index","follow":"follow","max-snippet":"max-snippet:-1","max-image-preview":"max-image-preview:large","max-video-preview":"max-video-preview:-1"},"canonical":"https:\/\/ironsky.pl\/sklep\/produkt\/obudowa-wodoodporna-telesin-do-dji-osmo-action-4-3\/","og_locale":"pl_PL","og_type":"article","og_title":"Obudowa wodoodporna TELESIN do DJI Osmo Action 4\/3 - IRONSKY.PL Sklep z Dronami","og_description":"Obudowa wodoodporna TELESIN do DJI Osmo Action 4\/3 - \u2705 sklep z dronami i fachowym doradztwem. \u2705 Tutaj kupisz produkty DJI, Yuneec, Parrot, Syma i wiele innych, a tak\u017ce kursy i licencje na operatora drona.","og_url":"https:\/\/ironsky.pl\/sklep\/produkt\/obudowa-wodoodporna-telesin-do-dji-osmo-action-4-3\/","og_site_name":"IRONSKY.PL Sklep z Dronami","article_modified_time":"2026-05-02T18:55:08+00:00","og_image":[{"width":800,"height":800,"url":"https:\/\/ironsky.pl\/sklep\/wp-content\/uploads\/2024\/09\/27992_5.jpg","type":"image\/jpeg"}],"twitter_card":"summary_large_image","twitter_misc":{"Szacowany czas czytania":"2 minuty"},"schema":{"@context":"https:\/\/schema.org","@graph":[{"@type":"WebPage","@id":"https:\/\/ironsky.pl\/sklep\/produkt\/obudowa-wodoodporna-telesin-do-dji-osmo-action-4-3\/","url":"https:\/\/ironsky.pl\/sklep\/produkt\/obudowa-wodoodporna-telesin-do-dji-osmo-action-4-3\/","name":"Obudowa wodoodporna TELESIN do DJI Osmo Action 4\/3 - IRONSKY.PL Sklep z Dronami","isPartOf":{"@id":"https:\/\/ironsky.pl\/sklep\/#website"},"primaryImageOfPage":{"@id":"https:\/\/ironsky.pl\/sklep\/produkt\/obudowa-wodoodporna-telesin-do-dji-osmo-action-4-3\/#primaryimage"},"image":{"@id":"https:\/\/ironsky.pl\/sklep\/produkt\/obudowa-wodoodporna-telesin-do-dji-osmo-action-4-3\/#primaryimage"},"thumbnailUrl":"https:\/\/ironsky.pl\/sklep\/wp-content\/uploads\/2024\/09\/27992_5.jpg","datePublished":"2024-09-16T17:02:30+00:00","dateModified":"2026-05-02T18:55:08+00:00","description":"Obudowa wodoodporna TELESIN do DJI Osmo Action 4\/3 - \u2705 sklep z dronami i fachowym doradztwem. \u2705 Tutaj kupisz produkty DJI, Yuneec, Parrot, Syma i wiele innych, a tak\u017ce kursy i licencje na operatora drona.","breadcrumb":{"@id":"https:\/\/ironsky.pl\/sklep\/produkt\/obudowa-wodoodporna-telesin-do-dji-osmo-action-4-3\/#breadcrumb"},"inLanguage":"pl-PL","potentialAction":[{"@type":"ReadAction","target":["https:\/\/ironsky.pl\/sklep\/produkt\/obudowa-wodoodporna-telesin-do-dji-osmo-action-4-3\/"]}]},{"@type":"ImageObject","inLanguage":"pl-PL","@id":"https:\/\/ironsky.pl\/sklep\/produkt\/obudowa-wodoodporna-telesin-do-dji-osmo-action-4-3\/#primaryimage","url":"https:\/\/ironsky.pl\/sklep\/wp-content\/uploads\/2024\/09\/27992_5.jpg","contentUrl":"https:\/\/ironsky.pl\/sklep\/wp-content\/uploads\/2024\/09\/27992_5.jpg","width":800,"height":800},{"@type":"BreadcrumbList","@id":"https:\/\/ironsky.pl\/sklep\/produkt\/obudowa-wodoodporna-telesin-do-dji-osmo-action-4-3\/#breadcrumb","itemListElement":[{"@type":"ListItem","position":1,"name":"Strona g\u0142\u00f3wna","item":"https:\/\/ironsky.pl\/sklep\/"},{"@type":"ListItem","position":2,"name":"Wszystkie produkty","item":"https:\/\/ironsky.pl\/sklep\/produkty\/"},{"@type":"ListItem","position":3,"name":"Obudowa wodoodporna TELESIN do DJI Osmo Action 4\/3"}]},{"@type":"WebSite","@id":"https:\/\/ironsky.pl\/sklep\/#website","url":"https:\/\/ironsky.pl\/sklep\/","name":"IRONSKY.PL Sklep z Dronami","description":"IRONSKY.PL Sklep z Dronami","potentialAction":[{"@type":"SearchAction","target":{"@type":"EntryPoint","urlTemplate":"https:\/\/ironsky.pl\/sklep\/?s={search_term_string}"},"query-input":{"@type":"PropertyValueSpecification","valueRequired":true,"valueName":"search_term_string"}}],"inLanguage":"pl-PL"}]}},"_links":{"self":[{"href":"https:\/\/ironsky.pl\/sklep\/wp-json\/wp\/v2\/product\/24257","targetHints":{"allow":["GET"]}}],"collection":[{"href":"https:\/\/ironsky.pl\/sklep\/wp-json\/wp\/v2\/product"}],"about":[{"href":"https:\/\/ironsky.pl\/sklep\/wp-json\/wp\/v2\/types\/product"}],"replies":[{"embeddable":true,"href":"https:\/\/ironsky.pl\/sklep\/wp-json\/wp\/v2\/comments?post=24257"}],"wp:featuredmedia":[{"embeddable":true,"href":"https:\/\/ironsky.pl\/sklep\/wp-json\/wp\/v2\/media\/24258"}],"wp:attachment":[{"href":"https:\/\/ironsky.pl\/sklep\/wp-json\/wp\/v2\/media?parent=24257"}],"wp:term":[{"taxonomy":"product_brand","embeddable":true,"href":"https:\/\/ironsky.pl\/sklep\/wp-json\/wp\/v2\/product_brand?post=24257"},{"taxonomy":"product_cat","embeddable":true,"href":"https:\/\/ironsky.pl\/sklep\/wp-json\/wp\/v2\/product_cat?post=24257"},{"taxonomy":"product_tag","embeddable":true,"href":"https:\/\/ironsky.pl\/sklep\/wp-json\/wp\/v2\/product_tag?post=24257"}],"curies":[{"name":"wp","href":"https:\/\/api.w.org\/{rel}","templated":true}]}}