{"id":24221,"date":"2024-09-16T19:01:29","date_gmt":"2024-09-16T17:01:29","guid":{"rendered":"http:\/\/gvshalph.pro-linuxpl.com\/ironskyprodukty\/produkt\/ochronny-futeral-pokrowiec-pgytech-2\/"},"modified":"2026-03-05T15:51:02","modified_gmt":"2026-03-05T14:51:02","slug":"ochronny-futeral-pokrowiec-pgytech-2","status":"publish","type":"product","link":"https:\/\/ironsky.pl\/sklep\/produkt\/ochronny-futeral-pokrowiec-pgytech-2\/","title":{"rendered":"Ochronny futera\u0142\/ pokrowiec PGYTECH"},"content":{"rendered":"<h3>Ochronny futera\u0142\/ pokrowiec PGYTECH<\/h3>\n<p>Zwi\u0119ksz bezpiecze\u0144stwo Twojego sprz\u0119tu podczas transportu. Szmatka ochronna od PGYTECH dodatkowo chroni urz\u0105dzenia przed zarysowaniem oraz uszkodzeniem. Mo\u017cesz wykorzysta\u0107 j\u0105 do zabezpieczenia swojego aparatu, obiektyw\u00f3w, filtr\u00f3w czy iPada. Doskonale sprawdzi si\u0119 r\u00f3wnie\u017c do czyszczenia wy\u015bwietlacza \u2013 z \u0142atwo\u015bci\u0105 usunie kurz oraz plamy bez pozostawiania smug. Zosta\u0142a wykonana z trwa\u0142ego materia\u0142u polimerowego i przetworzona za pomoc\u0105 nanotechnologii, dzi\u0119ki czemu nie musisz obawia\u0107 si\u0119 jej uszkodzenia podczas prania w pralce. Na uwag\u0119 zas\u0142uguje r\u00f3wnie\u017c unikatowy design, kt\u00f3ry przyci\u0105ga wzrok.<\/p>\n<p><img decoding=\"async\" src=\"https:\/\/b2b.innpro.pl\/data\/include\/cms\/PGYTECH\/P-CB-102\/2.jpg\"><\/p>\n<div class=\"table-wrapper\">\n<table>\n<tbody>\n<tr>\n<th>Producent<\/th>\n<td>PGY<\/td>\n<\/tr>\n<tr>\n<th>Model<\/th>\n<td>P-CB-102<\/td>\n<\/tr>\n<tr>\n<th>Wz\u00f3r<\/th>\n<td>Geometry<\/td>\n<\/tr>\n<tr>\n<th>Wymiary<\/th>\n<td>450 x 450 mm<\/td>\n<\/tr>\n<tr>\n<th>Materia\u0142<\/th>\n<td>Poliester<\/td>\n<\/tr>\n<tr>\n<th>Waga<\/th>\n<td>115 g<\/td>\n<\/tr>\n<\/tbody>\n<\/table>\n<\/div>\n","protected":false},"excerpt":{"rendered":"<p>Ochronny futera\u0142\/ pokrowiec PGYTECH Zwi\u0119ksz bezpiecze\u0144stwo Twojego sprz\u0119tu podczas transportu. Szmatka ochronna od PGYTECH dodatkowo chroni urz\u0105dzenia przed zarysowaniem oraz<\/p>\n","protected":false},"featured_media":24222,"comment_status":"closed","ping_status":"open","template":"","meta":{"_acf_changed":false},"product_brand":[],"product_cat":[1128,5762,5761],"product_tag":[],"class_list":{"0":"post-24221","1":"product","2":"type-product","3":"status-publish","4":"has-post-thumbnail","6":"product_cat-foto-wideo","7":"product_cat-pokrowce-i-futeraly-fotograficzne","8":"product_cat-transport","9":"pa_box-height-3905","10":"pa_box-length-1888","11":"pa_box-width-2759","12":"pa_gross-weight-2874","13":"pa_hs-code-2462","14":"pa_kolor-inny","15":"pa_net-weight-3659","17":"first","18":"outofstock","19":"taxable","20":"shipping-taxable","21":"purchasable","22":"product-type-simple"},"acf":[],"yoast_head":"<!-- This site is optimized with the Yoast SEO plugin v27.2 - https:\/\/yoast.com\/product\/yoast-seo-wordpress\/ -->\n<title>Ochronny futera\u0142\/ pokrowiec PGYTECH - IRONSKY.PL Sklep z Dronami<\/title>\n<meta name=\"description\" content=\"Ochronny futera\u0142\/ pokrowiec PGYTECH - \u2705 sklep z dronami i fachowym doradztwem. \u2705 Tutaj kupisz produkty DJI, Yuneec, Parrot, Syma i wiele innych, a tak\u017ce kursy i licencje na operatora drona.\" \/>\n<meta name=\"robots\" content=\"index, follow, max-snippet:-1, max-image-preview:large, max-video-preview:-1\" \/>\n<link rel=\"canonical\" href=\"https:\/\/ironsky.pl\/sklep\/produkt\/ochronny-futeral-pokrowiec-pgytech-2\/\" \/>\n<meta property=\"og:locale\" content=\"pl_PL\" \/>\n<meta property=\"og:type\" content=\"article\" \/>\n<meta property=\"og:title\" content=\"Ochronny futera\u0142\/ pokrowiec PGYTECH - IRONSKY.PL Sklep z Dronami\" \/>\n<meta property=\"og:description\" content=\"Ochronny futera\u0142\/ pokrowiec PGYTECH - \u2705 sklep z dronami i fachowym doradztwem. \u2705 Tutaj kupisz produkty DJI, Yuneec, Parrot, Syma i wiele innych, a tak\u017ce kursy i licencje na operatora drona.\" \/>\n<meta property=\"og:url\" content=\"https:\/\/ironsky.pl\/sklep\/produkt\/ochronny-futeral-pokrowiec-pgytech-2\/\" \/>\n<meta property=\"og:site_name\" content=\"IRONSKY.PL Sklep z Dronami\" \/>\n<meta property=\"article:modified_time\" content=\"2026-03-05T14:51:02+00:00\" \/>\n<meta property=\"og:image\" content=\"https:\/\/ironsky.pl\/sklep\/wp-content\/uploads\/2024\/09\/27938_1.jpg\" \/>\n\t<meta property=\"og:image:width\" content=\"800\" \/>\n\t<meta property=\"og:image:height\" content=\"800\" \/>\n\t<meta property=\"og:image:type\" content=\"image\/jpeg\" \/>\n<meta name=\"twitter:card\" content=\"summary_large_image\" \/>\n<meta name=\"twitter:label1\" content=\"Szacowany czas czytania\" \/>\n\t<meta name=\"twitter:data1\" content=\"1 minuta\" \/>\n<script type=\"application\/ld+json\" class=\"yoast-schema-graph\">{\"@context\":\"https:\/\/schema.org\",\"@graph\":[{\"@type\":\"WebPage\",\"@id\":\"https:\/\/ironsky.pl\/sklep\/produkt\/ochronny-futeral-pokrowiec-pgytech-2\/\",\"url\":\"https:\/\/ironsky.pl\/sklep\/produkt\/ochronny-futeral-pokrowiec-pgytech-2\/\",\"name\":\"Ochronny futera\u0142\/ pokrowiec PGYTECH - IRONSKY.PL Sklep z Dronami\",\"isPartOf\":{\"@id\":\"https:\/\/ironsky.pl\/sklep\/#website\"},\"primaryImageOfPage\":{\"@id\":\"https:\/\/ironsky.pl\/sklep\/produkt\/ochronny-futeral-pokrowiec-pgytech-2\/#primaryimage\"},\"image\":{\"@id\":\"https:\/\/ironsky.pl\/sklep\/produkt\/ochronny-futeral-pokrowiec-pgytech-2\/#primaryimage\"},\"thumbnailUrl\":\"https:\/\/ironsky.pl\/sklep\/wp-content\/uploads\/2024\/09\/27938_1.jpg\",\"datePublished\":\"2024-09-16T17:01:29+00:00\",\"dateModified\":\"2026-03-05T14:51:02+00:00\",\"description\":\"Ochronny futera\u0142\/ pokrowiec PGYTECH - \u2705 sklep z dronami i fachowym doradztwem. \u2705 Tutaj kupisz produkty DJI, Yuneec, Parrot, Syma i wiele innych, a tak\u017ce kursy i licencje na operatora drona.\",\"breadcrumb\":{\"@id\":\"https:\/\/ironsky.pl\/sklep\/produkt\/ochronny-futeral-pokrowiec-pgytech-2\/#breadcrumb\"},\"inLanguage\":\"pl-PL\",\"potentialAction\":[{\"@type\":\"ReadAction\",\"target\":[\"https:\/\/ironsky.pl\/sklep\/produkt\/ochronny-futeral-pokrowiec-pgytech-2\/\"]}]},{\"@type\":\"ImageObject\",\"inLanguage\":\"pl-PL\",\"@id\":\"https:\/\/ironsky.pl\/sklep\/produkt\/ochronny-futeral-pokrowiec-pgytech-2\/#primaryimage\",\"url\":\"https:\/\/ironsky.pl\/sklep\/wp-content\/uploads\/2024\/09\/27938_1.jpg\",\"contentUrl\":\"https:\/\/ironsky.pl\/sklep\/wp-content\/uploads\/2024\/09\/27938_1.jpg\",\"width\":800,\"height\":800},{\"@type\":\"BreadcrumbList\",\"@id\":\"https:\/\/ironsky.pl\/sklep\/produkt\/ochronny-futeral-pokrowiec-pgytech-2\/#breadcrumb\",\"itemListElement\":[{\"@type\":\"ListItem\",\"position\":1,\"name\":\"Strona g\u0142\u00f3wna\",\"item\":\"https:\/\/ironsky.pl\/sklep\/\"},{\"@type\":\"ListItem\",\"position\":2,\"name\":\"Wszystkie produkty\",\"item\":\"https:\/\/ironsky.pl\/sklep\/produkty\/\"},{\"@type\":\"ListItem\",\"position\":3,\"name\":\"Ochronny futera\u0142\/ pokrowiec PGYTECH\"}]},{\"@type\":\"WebSite\",\"@id\":\"https:\/\/ironsky.pl\/sklep\/#website\",\"url\":\"https:\/\/ironsky.pl\/sklep\/\",\"name\":\"IRONSKY.PL Sklep z Dronami\",\"description\":\"IRONSKY.PL Sklep z Dronami\",\"potentialAction\":[{\"@type\":\"SearchAction\",\"target\":{\"@type\":\"EntryPoint\",\"urlTemplate\":\"https:\/\/ironsky.pl\/sklep\/?s={search_term_string}\"},\"query-input\":{\"@type\":\"PropertyValueSpecification\",\"valueRequired\":true,\"valueName\":\"search_term_string\"}}],\"inLanguage\":\"pl-PL\"}]}<\/script>\n<!-- \/ Yoast SEO plugin. -->","yoast_head_json":{"title":"Ochronny futera\u0142\/ pokrowiec PGYTECH - IRONSKY.PL Sklep z Dronami","description":"Ochronny futera\u0142\/ pokrowiec PGYTECH - \u2705 sklep z dronami i fachowym doradztwem. \u2705 Tutaj kupisz produkty DJI, Yuneec, Parrot, Syma i wiele innych, a tak\u017ce kursy i licencje na operatora drona.","robots":{"index":"index","follow":"follow","max-snippet":"max-snippet:-1","max-image-preview":"max-image-preview:large","max-video-preview":"max-video-preview:-1"},"canonical":"https:\/\/ironsky.pl\/sklep\/produkt\/ochronny-futeral-pokrowiec-pgytech-2\/","og_locale":"pl_PL","og_type":"article","og_title":"Ochronny futera\u0142\/ pokrowiec PGYTECH - IRONSKY.PL Sklep z Dronami","og_description":"Ochronny futera\u0142\/ pokrowiec PGYTECH - \u2705 sklep z dronami i fachowym doradztwem. \u2705 Tutaj kupisz produkty DJI, Yuneec, Parrot, Syma i wiele innych, a tak\u017ce kursy i licencje na operatora drona.","og_url":"https:\/\/ironsky.pl\/sklep\/produkt\/ochronny-futeral-pokrowiec-pgytech-2\/","og_site_name":"IRONSKY.PL Sklep z Dronami","article_modified_time":"2026-03-05T14:51:02+00:00","og_image":[{"width":800,"height":800,"url":"https:\/\/ironsky.pl\/sklep\/wp-content\/uploads\/2024\/09\/27938_1.jpg","type":"image\/jpeg"}],"twitter_card":"summary_large_image","twitter_misc":{"Szacowany czas czytania":"1 minuta"},"schema":{"@context":"https:\/\/schema.org","@graph":[{"@type":"WebPage","@id":"https:\/\/ironsky.pl\/sklep\/produkt\/ochronny-futeral-pokrowiec-pgytech-2\/","url":"https:\/\/ironsky.pl\/sklep\/produkt\/ochronny-futeral-pokrowiec-pgytech-2\/","name":"Ochronny futera\u0142\/ pokrowiec PGYTECH - IRONSKY.PL Sklep z Dronami","isPartOf":{"@id":"https:\/\/ironsky.pl\/sklep\/#website"},"primaryImageOfPage":{"@id":"https:\/\/ironsky.pl\/sklep\/produkt\/ochronny-futeral-pokrowiec-pgytech-2\/#primaryimage"},"image":{"@id":"https:\/\/ironsky.pl\/sklep\/produkt\/ochronny-futeral-pokrowiec-pgytech-2\/#primaryimage"},"thumbnailUrl":"https:\/\/ironsky.pl\/sklep\/wp-content\/uploads\/2024\/09\/27938_1.jpg","datePublished":"2024-09-16T17:01:29+00:00","dateModified":"2026-03-05T14:51:02+00:00","description":"Ochronny futera\u0142\/ pokrowiec PGYTECH - \u2705 sklep z dronami i fachowym doradztwem. \u2705 Tutaj kupisz produkty DJI, Yuneec, Parrot, Syma i wiele innych, a tak\u017ce kursy i licencje na operatora drona.","breadcrumb":{"@id":"https:\/\/ironsky.pl\/sklep\/produkt\/ochronny-futeral-pokrowiec-pgytech-2\/#breadcrumb"},"inLanguage":"pl-PL","potentialAction":[{"@type":"ReadAction","target":["https:\/\/ironsky.pl\/sklep\/produkt\/ochronny-futeral-pokrowiec-pgytech-2\/"]}]},{"@type":"ImageObject","inLanguage":"pl-PL","@id":"https:\/\/ironsky.pl\/sklep\/produkt\/ochronny-futeral-pokrowiec-pgytech-2\/#primaryimage","url":"https:\/\/ironsky.pl\/sklep\/wp-content\/uploads\/2024\/09\/27938_1.jpg","contentUrl":"https:\/\/ironsky.pl\/sklep\/wp-content\/uploads\/2024\/09\/27938_1.jpg","width":800,"height":800},{"@type":"BreadcrumbList","@id":"https:\/\/ironsky.pl\/sklep\/produkt\/ochronny-futeral-pokrowiec-pgytech-2\/#breadcrumb","itemListElement":[{"@type":"ListItem","position":1,"name":"Strona g\u0142\u00f3wna","item":"https:\/\/ironsky.pl\/sklep\/"},{"@type":"ListItem","position":2,"name":"Wszystkie produkty","item":"https:\/\/ironsky.pl\/sklep\/produkty\/"},{"@type":"ListItem","position":3,"name":"Ochronny futera\u0142\/ pokrowiec PGYTECH"}]},{"@type":"WebSite","@id":"https:\/\/ironsky.pl\/sklep\/#website","url":"https:\/\/ironsky.pl\/sklep\/","name":"IRONSKY.PL Sklep z Dronami","description":"IRONSKY.PL Sklep z Dronami","potentialAction":[{"@type":"SearchAction","target":{"@type":"EntryPoint","urlTemplate":"https:\/\/ironsky.pl\/sklep\/?s={search_term_string}"},"query-input":{"@type":"PropertyValueSpecification","valueRequired":true,"valueName":"search_term_string"}}],"inLanguage":"pl-PL"}]}},"_links":{"self":[{"href":"https:\/\/ironsky.pl\/sklep\/wp-json\/wp\/v2\/product\/24221","targetHints":{"allow":["GET"]}}],"collection":[{"href":"https:\/\/ironsky.pl\/sklep\/wp-json\/wp\/v2\/product"}],"about":[{"href":"https:\/\/ironsky.pl\/sklep\/wp-json\/wp\/v2\/types\/product"}],"replies":[{"embeddable":true,"href":"https:\/\/ironsky.pl\/sklep\/wp-json\/wp\/v2\/comments?post=24221"}],"wp:featuredmedia":[{"embeddable":true,"href":"https:\/\/ironsky.pl\/sklep\/wp-json\/wp\/v2\/media\/24222"}],"wp:attachment":[{"href":"https:\/\/ironsky.pl\/sklep\/wp-json\/wp\/v2\/media?parent=24221"}],"wp:term":[{"taxonomy":"product_brand","embeddable":true,"href":"https:\/\/ironsky.pl\/sklep\/wp-json\/wp\/v2\/product_brand?post=24221"},{"taxonomy":"product_cat","embeddable":true,"href":"https:\/\/ironsky.pl\/sklep\/wp-json\/wp\/v2\/product_cat?post=24221"},{"taxonomy":"product_tag","embeddable":true,"href":"https:\/\/ironsky.pl\/sklep\/wp-json\/wp\/v2\/product_tag?post=24221"}],"curies":[{"name":"wp","href":"https:\/\/api.w.org\/{rel}","templated":true}]}}